{"id":2230,"date":"2024-06-17T06:51:18","date_gmt":"2024-06-17T06:51:18","guid":{"rendered":"https:\/\/swoer.com\/?post_type=product&#038;p=2230"},"modified":"2024-06-17T07:19:41","modified_gmt":"2024-06-17T07:19:41","slug":"ccd-vision-system","status":"publish","type":"product","link":"https:\/\/swoer.com\/sk\/manufacturer\/ccd-vision-system\/","title":{"rendered":"CCD Vision System"},"content":{"rendered":"<h2><strong><b>Produkt <\/b><\/strong><strong><b>ja<\/b><\/strong><strong><b>nform\u00e1ci\u00ed<\/b><\/strong><\/h2>\n<table>\n<tbody>\n<tr>\n<td width=\"224\"><strong><b>\u00a0Meno Produktu<\/b><\/strong><\/td>\n<td width=\"377\">CCD Vision System<\/td>\n<\/tr>\n<tr>\n<td width=\"224\"><strong><b>\u00a0M<\/b><\/strong><strong><b>odel<\/b><\/strong><\/td>\n<td width=\"377\">SW-80305<\/td>\n<\/tr>\n<tr>\n<td width=\"224\"><strong><b>\u00a0<\/b><\/strong><strong><b>Zna\u010dka<\/b><\/strong><\/td>\n<td width=\"377\">SVOER<\/td>\n<\/tr>\n<tr>\n<td width=\"224\"><strong><b>\u00a0Nap\u00e4tie<\/b><\/strong><\/td>\n<td width=\"377\">\u00a0220V<\/td>\n<\/tr>\n<tr>\n<td width=\"224\"><strong><b>\u00a0Moc<\/b><\/strong><\/td>\n<td width=\"377\">\u00a065W \/150W \/180W \/ 220W \/ 350W<\/td>\n<\/tr>\n<tr>\n<td width=\"224\"><strong><b>\u00a0Overenie<\/b><\/strong><\/td>\n<td width=\"377\">\u00a0CE, ROHS, ISO9001<\/td>\n<\/tr>\n<tr>\n<td width=\"224\"><strong><b>\u00a0Z\u00e1ruka<\/b><\/strong><\/td>\n<td width=\"377\">\u00a01 ro\u010dn\u00e1 z\u00e1ruka<\/td>\n<\/tr>\n<tr>\n<td width=\"224\"><strong><b>\u00a0MOQ<\/b><\/strong><\/td>\n<td width=\"377\">\u00a01 sada<\/td>\n<\/tr>\n<tr>\n<td width=\"224\"><strong><b>\u00a0Dodacia lehota<\/b><\/strong><\/td>\n<td width=\"377\">\u00a010-14 dn\u00ed<\/td>\n<\/tr>\n<tr>\n<td width=\"224\"><strong><b>\u00a0Lehota splatnosti<\/b><\/strong><\/td>\n<td width=\"377\">\u00a0T\/T 40% Z\u00e1loha a zostatok pred odoslan\u00edm<\/td>\n<\/tr>\n<tr>\n<td width=\"224\"><strong><b>\u00a0Origin\u00e1l miesta<\/b><\/strong><\/td>\n<td width=\"377\">\u00a0\u010c\u00edna<\/td>\n<\/tr>\n<\/tbody>\n<\/table>\n\t<div id=\"gap-1979796333\" class=\"gap-element clearfix\" style=\"display:block; height:auto;\">\n\t\t\n<style>\n#gap-1979796333 {\n  padding-top: 30px;\n}\n<\/style>\n\t<\/div>\n\t\n<h2><strong><b>Zoznamy produktov<\/b><\/strong><\/h2>\n<table>\n<tbody>\n<tr>\n<td width=\"276\"><strong><b>Priemyseln\u00fd po\u010d\u00edta\u010d<\/b><\/strong><\/td>\n<td width=\"276\">1 sada<\/td>\n<\/tr>\n<tr>\n<td width=\"276\"><strong><b>8-palcov\u00fd displej<\/b><\/strong><\/td>\n<td width=\"276\">1 sada<\/td>\n<\/tr>\n<tr>\n<td width=\"276\"><strong><b>C<\/b><\/strong><strong><b>amera<\/b><\/strong><\/td>\n<td width=\"276\">1 sada<\/td>\n<\/tr>\n<tr>\n<td width=\"276\"><strong><b>Objekt\u00edv<\/b><\/strong><\/td>\n<td width=\"276\">1 sada<\/td>\n<\/tr>\n<tr>\n<td width=\"276\"><strong><b>L<\/b><\/strong><strong><b>sveteln\u00fd zdroj<\/b><\/strong><\/td>\n<td width=\"276\">1 sada<\/td>\n<\/tr>\n<tr>\n<td width=\"276\"><strong><b>Dr\u017eiak na upevnenie sveteln\u00e9ho zdroja fotoapar\u00e1tu<\/b><\/strong><\/td>\n<td width=\"276\">1 sada<\/td>\n<\/tr>\n<\/tbody>\n<\/table>\n\t<div id=\"gap-2091537178\" class=\"gap-element clearfix\" style=\"display:block; height:auto;\">\n\t\t\n<style>\n#gap-2091537178 {\n  padding-top: 30px;\n}\n<\/style>\n\t<\/div>\n\t\n<h3 data-sourcepos=\"11:1-11:17\"><strong>K\u013e\u00fa\u010dov\u00e9 vlastnosti:<\/strong><\/h3>\n<ul data-sourcepos=\"13:1-21:53\">\n<li data-sourcepos=\"13:1-14:0\">\n<p data-sourcepos=\"13:3-13:143\"><strong>Vn\u00fatorn\u00fd sp\u00fa\u0161\u0165ac\u00ed mechanizmus:<\/strong> Vyu\u017e\u00edva intern\u00fa sp\u00fa\u0161\u0165 na presn\u00e9 a synchronizovan\u00e9 sn\u00edmanie obrazu, \u010d\u00edm zais\u0165uje optim\u00e1lne na\u010dasovanie kontroly.<\/p>\n<\/li>\n<li data-sourcepos=\"15:1-16:0\">\n<p data-sourcepos=\"15:3-15:165\"><strong>Viacstopov\u00e1 identifik\u00e1cia:<\/strong> S\u00fa\u010dasne identifikuje a sleduje a\u017e 4 objekty, \u010d\u00edm maximalizuje v\u00fdkon kontroly a manipuluje so zlo\u017eit\u00fdmi konfigur\u00e1ciami produktov.<\/p>\n<\/li>\n<li data-sourcepos=\"17:1-18:0\">\n<p data-sourcepos=\"17:3-17:149\"><strong>Ohromuj\u00faca r\u00fdchlos\u0165 rozpozn\u00e1vania:<\/strong> Spracuje p\u00f4sobiv\u00fdch 900-1200 kusov za min\u00fatu, \u010d\u00edm dr\u017e\u00ed krok aj s najn\u00e1ro\u010dnej\u0161\u00edmi v\u00fdrobn\u00fdmi linkami.<\/p>\n<\/li>\n<li data-sourcepos=\"19:1-20:0\">\n<p data-sourcepos=\"19:3-19:152\"><strong>V\u00fdnimo\u010dn\u00e1 presnos\u0165 rozpozn\u00e1vania:<\/strong> Dosahuje pozoruhodn\u00fa mieru rozpozn\u00e1vania 99,99%, \u010d\u00edm sa minimalizuje po\u010det falo\u0161n\u00fdch poplachov a je zaru\u010den\u00e1 integrita produktu.<\/p>\n<\/li>\n<li data-sourcepos=\"21:1-21:53\">\n<p data-sourcepos=\"21:3-21:53\"><strong>Zanedbate\u013en\u00fd pomer sp\u00e4tn\u00e9ho materi\u00e1lu:<\/strong> Udr\u017euje v\u00fdnimo\u010dne n\u00edzky pomer sp\u00e4tn\u00e9ho materi\u00e1lu pod 0,0001%, \u010d\u00edm zni\u017euje mno\u017estvo odpadu a optimalizuje vyu\u017eitie zdrojov.<\/p>\n<\/li>\n<li data-sourcepos=\"23:1-24:0\">\n<p data-sourcepos=\"23:3-23:146\"><strong>Funkcia vzdialenej pomoci:<\/strong> Poskytuje vzdialen\u00fa podporu v re\u00e1lnom \u010dase na rie\u0161enie probl\u00e9mov a \u00fadr\u017ebu, \u010d\u00edm zais\u0165uje r\u00fdchle vyrie\u0161enie ak\u00fdchko\u013evek probl\u00e9mov.<\/p>\n<\/li>\n<li data-sourcepos=\"25:1-26:0\">\n<p data-sourcepos=\"25:3-25:165\"><strong>Zmena produktu jedn\u00fdm kliknut\u00edm:<\/strong> Bez n\u00e1mahy prep\u00ednajte medzi r\u00f4znymi \u00falohami kontroly produktov jedin\u00fdm kliknut\u00edm, \u010d\u00edm minimalizujete prestoje a maximalizujete efektivitu.<\/p>\n<\/li>\n<li data-sourcepos=\"27:1-28:0\">\n<p data-sourcepos=\"27:3-27:135\"><strong>In\u0161tal\u00e1cia Plug-and-Play:<\/strong> Eliminuje potrebu zlo\u017eit\u00e9ho ladenia, zabezpe\u010duje bezprobl\u00e9mov\u00fd proces nastavenia a minimalizuje prestoje.<\/p>\n<\/li>\n<\/ul>\n<p data-sourcepos=\"29:1-29:107\"><strong>N\u00e1\u0161 CCD Vision System sa bezprobl\u00e9movo integruje do va\u0161ich existuj\u00facich v\u00fdrobn\u00fdch liniek, \u010do v\u00e1m umo\u017en\u00ed dosiahnu\u0165:<\/strong><\/p>\n<ul data-sourcepos=\"31:1-36:0\">\n<li data-sourcepos=\"31:1-32:0\">\n<p data-sourcepos=\"31:3-31:150\"><strong>Vylep\u0161en\u00e1 kvalita produktu:<\/strong> Zis\u0165ova\u0165 a odstra\u0148ova\u0165 chyby s v\u00fdnimo\u010dnou presnos\u0165ou, zais\u0165uj\u00fac st\u00e1lu kvalitu produktu a spokojnos\u0165 z\u00e1kazn\u00edkov.<\/p>\n<\/li>\n<li data-sourcepos=\"33:1-34:0\">\n<p data-sourcepos=\"33:3-33:158\"><strong>Zv\u00fd\u0161en\u00e1 efektivita v\u00fdroby:<\/strong> Zefekt\u00edvnite kontroln\u00e9 procesy a minimalizujte prestoje, \u010d\u00edm zv\u00fd\u0161ite celkov\u00fa produkciu a uspokoj\u00edte po\u017eiadavky z\u00e1kazn\u00edkov.<\/p>\n<\/li>\n<li data-sourcepos=\"35:1-36:0\">\n<p data-sourcepos=\"35:3-35:115\"><strong>Zn\u00ed\u017een\u00e9 prev\u00e1dzkov\u00e9 n\u00e1klady:<\/strong> Minimalizujte odpad a prepracovanie, zn\u00ed\u017ete v\u00fdrobn\u00e9 n\u00e1klady a maximalizujte ziskovos\u0165.<\/p>\n<\/li>\n<\/ul>\n<p data-sourcepos=\"37:1-37:245\">Ak sa sna\u017e\u00edte zlep\u0161i\u0165 svoje mo\u017enosti kontroly produktov a revol\u00faciu vo svojich procesoch kontroly kvality, n\u00e1\u0161 syst\u00e9m CCD Vision je rie\u0161en\u00edm, na ktor\u00e9 ste \u010dakali. Kontaktujte n\u00e1s e\u0161te dnes a vysk\u00fa\u0161ajte transforma\u010dn\u00fa silu presnosti a efekt\u00edvnosti.<\/p>","protected":false},"excerpt":{"rendered":"<p>Prineste revol\u00faciu vo svojej v\u00fdrobnej linke pomocou n\u00e1\u0161ho najmodernej\u0161ieho syst\u00e9mu CCD Vision, ktor\u00fd je navrhnut\u00fd tak, aby zefekt\u00edvnil procesy kontroly, zabezpe\u010dil kvalitu produktov a maximalizoval efektivitu. Toto sofistikovan\u00e9 rie\u0161enie sa m\u00f4\u017ee pochv\u00e1li\u0165 komplexn\u00fdm radom funkci\u00ed, ktor\u00e9 v\u00e1m umo\u017enia dosiahnu\u0165 vynikaj\u00face v\u00fdsledky.<\/p>","protected":false},"featured_media":2231,"comment_status":"open","ping_status":"closed","template":"","meta":[],"product_cat":[58],"product_tag":[],"yoast_head":"<!-- This site is optimized with the Yoast SEO plugin v22.2 - https:\/\/yoast.com\/wordpress\/plugins\/seo\/ -->\n<title>CCD Vision System - SWOER<\/title>\n<meta name=\"description\" content=\"Elevate your product inspection and quality control with our cutting-edge CCD Vision System, featuring high-speed recognition, exceptional accuracy, and seamless integration for unparalleled efficiency and product integrity.\" \/>\n<meta name=\"robots\" content=\"index, follow, max-snippet:-1, max-image-preview:large, max-video-preview:-1\" \/>\n<link rel=\"canonical\" href=\"https:\/\/swoer.com\/sk\/manufacturer\/ccd-vision-system\/\" \/>\n<meta property=\"og:locale\" content=\"sk_SK\" \/>\n<meta property=\"og:type\" content=\"article\" \/>\n<meta property=\"og:title\" content=\"CCD Vision System - SWOER\" \/>\n<meta property=\"og:description\" content=\"Elevate your product inspection and quality control with our cutting-edge CCD Vision System, featuring high-speed recognition, exceptional accuracy, and seamless integration for unparalleled efficiency and product integrity.\" \/>\n<meta property=\"og:url\" content=\"https:\/\/swoer.com\/sk\/manufacturer\/ccd-vision-system\/\" \/>\n<meta property=\"og:site_name\" content=\"SWOER\" \/>\n<meta property=\"article:modified_time\" content=\"2024-06-17T07:19:41+00:00\" \/>\n<meta property=\"og:image\" content=\"https:\/\/swoer.com\/wp-content\/uploads\/2024\/06\/CCD-Vision-System-.jpg\" \/>\n\t<meta property=\"og:image:width\" content=\"1000\" \/>\n\t<meta property=\"og:image:height\" content=\"1000\" \/>\n\t<meta property=\"og:image:type\" content=\"image\/jpeg\" \/>\n<meta name=\"twitter:card\" content=\"summary_large_image\" \/>\n<meta name=\"twitter:label1\" content=\"Predpokladan\u00fd \u010das \u010d\u00edtania\" \/>\n\t<meta name=\"twitter:data1\" content=\"2 min\u00faty\" \/>\n<script type=\"application\/ld+json\" class=\"yoast-schema-graph\">{\"@context\":\"https:\/\/schema.org\",\"@graph\":[{\"@type\":\"WebPage\",\"@id\":\"https:\/\/swoer.com\/manufacturer\/ccd-vision-system\/\",\"url\":\"https:\/\/swoer.com\/manufacturer\/ccd-vision-system\/\",\"name\":\"CCD Vision System - SWOER\",\"isPartOf\":{\"@id\":\"https:\/\/swoer.com\/#website\"},\"primaryImageOfPage\":{\"@id\":\"https:\/\/swoer.com\/manufacturer\/ccd-vision-system\/#primaryimage\"},\"image\":{\"@id\":\"https:\/\/swoer.com\/manufacturer\/ccd-vision-system\/#primaryimage\"},\"thumbnailUrl\":\"https:\/\/swoer.com\/wp-content\/uploads\/2024\/06\/CCD-Vision-System-.jpg\",\"datePublished\":\"2024-06-17T06:51:18+00:00\",\"dateModified\":\"2024-06-17T07:19:41+00:00\",\"description\":\"Elevate your product inspection and quality control with our cutting-edge CCD Vision System, featuring high-speed recognition, exceptional accuracy, and seamless integration for unparalleled efficiency and product integrity.\",\"breadcrumb\":{\"@id\":\"https:\/\/swoer.com\/manufacturer\/ccd-vision-system\/#breadcrumb\"},\"inLanguage\":\"sk-SK\",\"potentialAction\":[{\"@type\":\"ReadAction\",\"target\":[\"https:\/\/swoer.com\/manufacturer\/ccd-vision-system\/\"]}]},{\"@type\":\"ImageObject\",\"inLanguage\":\"sk-SK\",\"@id\":\"https:\/\/swoer.com\/manufacturer\/ccd-vision-system\/#primaryimage\",\"url\":\"https:\/\/swoer.com\/wp-content\/uploads\/2024\/06\/CCD-Vision-System-.jpg\",\"contentUrl\":\"https:\/\/swoer.com\/wp-content\/uploads\/2024\/06\/CCD-Vision-System-.jpg\",\"width\":1000,\"height\":1000,\"caption\":\"CCD Vision System\"},{\"@type\":\"BreadcrumbList\",\"@id\":\"https:\/\/swoer.com\/manufacturer\/ccd-vision-system\/#breadcrumb\",\"itemListElement\":[{\"@type\":\"ListItem\",\"position\":1,\"name\":\"Home\",\"item\":\"https:\/\/swoer.com\/\"},{\"@type\":\"ListItem\",\"position\":2,\"name\":\"Shop\",\"item\":\"https:\/\/swoer.com\/shop\/\"},{\"@type\":\"ListItem\",\"position\":3,\"name\":\"CCD Vision System\"}]},{\"@type\":\"WebSite\",\"@id\":\"https:\/\/swoer.com\/#website\",\"url\":\"https:\/\/swoer.com\/\",\"name\":\"SWOER\",\"description\":\"Swoer is the top 3 vibratory bowl feeder manufacturer in China\",\"potentialAction\":[{\"@type\":\"SearchAction\",\"target\":{\"@type\":\"EntryPoint\",\"urlTemplate\":\"https:\/\/swoer.com\/?s={search_term_string}\"},\"query-input\":\"required name=search_term_string\"}],\"inLanguage\":\"sk-SK\"}]}<\/script>\n<!-- \/ Yoast SEO plugin. -->","yoast_head_json":{"title":"CCD Vision System - SWOER","description":"Elevate your product inspection and quality control with our cutting-edge CCD Vision System, featuring high-speed recognition, exceptional accuracy, and seamless integration for unparalleled efficiency and product integrity.","robots":{"index":"index","follow":"follow","max-snippet":"max-snippet:-1","max-image-preview":"max-image-preview:large","max-video-preview":"max-video-preview:-1"},"canonical":"https:\/\/swoer.com\/sk\/manufacturer\/ccd-vision-system\/","og_locale":"sk_SK","og_type":"article","og_title":"CCD Vision System - SWOER","og_description":"Elevate your product inspection and quality control with our cutting-edge CCD Vision System, featuring high-speed recognition, exceptional accuracy, and seamless integration for unparalleled efficiency and product integrity.","og_url":"https:\/\/swoer.com\/sk\/manufacturer\/ccd-vision-system\/","og_site_name":"SWOER","article_modified_time":"2024-06-17T07:19:41+00:00","og_image":[{"width":1000,"height":1000,"url":"https:\/\/swoer.com\/wp-content\/uploads\/2024\/06\/CCD-Vision-System-.jpg","type":"image\/jpeg"}],"twitter_card":"summary_large_image","twitter_misc":{"Predpokladan\u00fd \u010das \u010d\u00edtania":"2 min\u00faty"},"schema":{"@context":"https:\/\/schema.org","@graph":[{"@type":"WebPage","@id":"https:\/\/swoer.com\/manufacturer\/ccd-vision-system\/","url":"https:\/\/swoer.com\/manufacturer\/ccd-vision-system\/","name":"CCD Vision System - SWOER","isPartOf":{"@id":"https:\/\/swoer.com\/#website"},"primaryImageOfPage":{"@id":"https:\/\/swoer.com\/manufacturer\/ccd-vision-system\/#primaryimage"},"image":{"@id":"https:\/\/swoer.com\/manufacturer\/ccd-vision-system\/#primaryimage"},"thumbnailUrl":"https:\/\/swoer.com\/wp-content\/uploads\/2024\/06\/CCD-Vision-System-.jpg","datePublished":"2024-06-17T06:51:18+00:00","dateModified":"2024-06-17T07:19:41+00:00","description":"Elevate your product inspection and quality control with our cutting-edge CCD Vision System, featuring high-speed recognition, exceptional accuracy, and seamless integration for unparalleled efficiency and product integrity.","breadcrumb":{"@id":"https:\/\/swoer.com\/manufacturer\/ccd-vision-system\/#breadcrumb"},"inLanguage":"sk-SK","potentialAction":[{"@type":"ReadAction","target":["https:\/\/swoer.com\/manufacturer\/ccd-vision-system\/"]}]},{"@type":"ImageObject","inLanguage":"sk-SK","@id":"https:\/\/swoer.com\/manufacturer\/ccd-vision-system\/#primaryimage","url":"https:\/\/swoer.com\/wp-content\/uploads\/2024\/06\/CCD-Vision-System-.jpg","contentUrl":"https:\/\/swoer.com\/wp-content\/uploads\/2024\/06\/CCD-Vision-System-.jpg","width":1000,"height":1000,"caption":"CCD Vision System"},{"@type":"BreadcrumbList","@id":"https:\/\/swoer.com\/manufacturer\/ccd-vision-system\/#breadcrumb","itemListElement":[{"@type":"ListItem","position":1,"name":"Home","item":"https:\/\/swoer.com\/"},{"@type":"ListItem","position":2,"name":"Shop","item":"https:\/\/swoer.com\/shop\/"},{"@type":"ListItem","position":3,"name":"CCD Vision System"}]},{"@type":"WebSite","@id":"https:\/\/swoer.com\/#website","url":"https:\/\/swoer.com\/","name":"SWOER","description":"Swoer is the top 3 vibratory bowl feeder manufacturer in China","potentialAction":[{"@type":"SearchAction","target":{"@type":"EntryPoint","urlTemplate":"https:\/\/swoer.com\/?s={search_term_string}"},"query-input":"required name=search_term_string"}],"inLanguage":"sk-SK"}]}},"_links":{"self":[{"href":"https:\/\/swoer.com\/sk\/wp-json\/wp\/v2\/product\/2230"}],"collection":[{"href":"https:\/\/swoer.com\/sk\/wp-json\/wp\/v2\/product"}],"about":[{"href":"https:\/\/swoer.com\/sk\/wp-json\/wp\/v2\/types\/product"}],"replies":[{"embeddable":true,"href":"https:\/\/swoer.com\/sk\/wp-json\/wp\/v2\/comments?post=2230"}],"wp:featuredmedia":[{"embeddable":true,"href":"https:\/\/swoer.com\/sk\/wp-json\/wp\/v2\/media\/2231"}],"wp:attachment":[{"href":"https:\/\/swoer.com\/sk\/wp-json\/wp\/v2\/media?parent=2230"}],"wp:term":[{"taxonomy":"product_cat","embeddable":true,"href":"https:\/\/swoer.com\/sk\/wp-json\/wp\/v2\/product_cat?post=2230"},{"taxonomy":"product_tag","embeddable":true,"href":"https:\/\/swoer.com\/sk\/wp-json\/wp\/v2\/product_tag?post=2230"}],"curies":[{"name":"wp","href":"https:\/\/api.w.org\/{rel}","templated":true}]}}