{"id":2154,"date":"2024-06-04T02:19:44","date_gmt":"2024-06-04T02:19:44","guid":{"rendered":"https:\/\/swoer.com\/?post_type=product&#038;p=2154"},"modified":"2024-06-07T00:48:57","modified_gmt":"2024-06-07T00:48:57","slug":"fluxring-vibratory-bowl-feeder-bowl-feeder-machine-for-fluxring","status":"publish","type":"product","link":"https:\/\/swoer.com\/sk\/manufacturer\/fluxring-vibratory-bowl-feeder-bowl-feeder-machine-for-fluxring\/","title":{"rendered":"Vibra\u010dn\u00fd miskov\u00fd pod\u00e1va\u010d Fluxring | Miskov\u00fd pod\u00e1va\u010d pre Fluxring"},"content":{"rendered":"<p>Objavte inovat\u00edvny Fluxring Vibratory Bowl Feeder, navrhnut\u00fd a vyroben\u00fd spolo\u010dnos\u0165ou SWOER. Tento najmodernej\u0161\u00ed pod\u00e1vac\u00ed syst\u00e9m s robustnou podpornou kon\u0161trukciou a pokro\u010dil\u00fdm zvukotesn\u00fdm krytom zais\u0165uje efekt\u00edvnu a tich\u00fa prev\u00e1dzku \u2013 d\u00f4verujte odbornosti SWOER pri vytv\u00e1ran\u00ed v\u0161estrann\u00fdch vibra\u010dn\u00fdch pod\u00e1va\u010dov pre presn\u00fa manipul\u00e1ciu s materi\u00e1lom v priemyseln\u00fdch aplik\u00e1ci\u00e1ch.<\/p>\n<h2>\u0161pecifik\u00e1cia<\/h2>\n<table width=\"874\">\n<tbody>\n<tr>\n<td width=\"183\">Meno Produktu<\/td>\n<td width=\"691\">Vibra\u010dn\u00fd miskov\u00fd pod\u00e1va\u010d Fluxring s nosnou kon\u0161trukciou a zvukotesn\u00fdm krytom.<\/td>\n<\/tr>\n<tr>\n<td>Materi\u00e1l<\/td>\n<td>\u00a0SUS201\/304<\/td>\n<\/tr>\n<tr>\n<td>\u0160pecialita materi\u00e1lu<\/td>\n<td>Zliatina na kovanie za studena, vysok\u00e1 pevnos\u0165, vysok\u00e1 tvrdos\u0165<\/td>\n<\/tr>\n<tr>\n<td>Nap\u00e4tie<\/td>\n<td>220V<\/td>\n<\/tr>\n<tr>\n<td>Moc<\/td>\n<td>65W \/150W \/180W \/ 220W \/ 350W<\/td>\n<\/tr>\n<tr>\n<td>Overenie<\/td>\n<td>CE, ROHS, ISO9001<\/td>\n<\/tr>\n<tr>\n<td>Z\u00e1ruka<\/td>\n<td>1 ro\u010dn\u00e1 z\u00e1ruka<\/td>\n<\/tr>\n<tr>\n<td>MOQ<\/td>\n<td>1 sada<\/td>\n<\/tr>\n<tr>\n<td>Dodacia lehota<\/td>\n<td>10-14 dn\u00ed<\/td>\n<\/tr>\n<tr>\n<td>Lehota splatnosti<\/td>\n<td>T\/T 40% Z\u00e1loha a zostatok pred odoslan\u00edm<\/td>\n<\/tr>\n<tr>\n<td>Origin\u00e1l miesta<\/td>\n<td>\u010c\u00edna<\/td>\n<\/tr>\n<\/tbody>\n<\/table>","protected":false},"excerpt":{"rendered":"<p>Vibra\u010dn\u00e9 miskov\u00e9 pod\u00e1va\u010de Fluxring s\u00fa vysoko efekt\u00edvne a spo\u013eahliv\u00e9 pod\u00e1va\u010de na rovnomern\u00fa dopravu sypk\u00fdch materi\u00e1lov na v\u00fdrobn\u00e9 linky. Vyzna\u010duj\u00fa sa nasleduj\u00facimi v\u00fdhodami:<\/p>\n<ul>\n<li>Nastavite\u013en\u00e1 frekvencia a amplit\u00fada vibr\u00e1ci\u00ed pre splnenie po\u017eiadaviek na pod\u00e1vanie r\u00f4znych materi\u00e1lov.<\/li>\n<li>Miska z nehrdzavej\u00facej ocele pre odolnos\u0165 proti kor\u00f3zii a jednoduch\u00e9 \u010distenie.<\/li>\n<li>Stabiln\u00e1 a regulovate\u013en\u00e1 r\u00fdchlos\u0165 pod\u00e1vania na zabezpe\u010denie plynul\u00e9ho chodu v\u00fdrobnej linky.<\/li>\n<li>Volite\u013en\u00e1 nosn\u00e1 kon\u0161trukcia a zvukotesn\u00fd kryt na splnenie r\u00f4znych po\u017eiadaviek prostredia aplik\u00e1cie.<\/li>\n<\/ul>","protected":false},"featured_media":2155,"comment_status":"open","ping_status":"closed","template":"","meta":[],"product_cat":[37],"product_tag":[],"yoast_head":"<!-- This site is optimized with the Yoast SEO plugin v22.2 - https:\/\/yoast.com\/wordpress\/plugins\/seo\/ -->\n<title>Fluxring Vibratory Bowl Feeder | Bowl Feeder Machine for Fluxring - SWOER<\/title>\n<meta name=\"description\" content=\"Fluxring Vibratory Bowl Feeders with Support Structures and Soundproof Enclosures are widely used in electronics, food, chemical, pharmaceutical, and other industries, and are an important part of production line automation.\" \/>\n<meta name=\"robots\" content=\"index, follow, max-snippet:-1, max-image-preview:large, max-video-preview:-1\" \/>\n<link rel=\"canonical\" href=\"https:\/\/swoer.com\/sk\/manufacturer\/fluxring-vibratory-bowl-feeder-bowl-feeder-machine-for-fluxring\/\" \/>\n<meta property=\"og:locale\" content=\"sk_SK\" \/>\n<meta property=\"og:type\" content=\"article\" \/>\n<meta property=\"og:title\" content=\"Fluxring Vibratory Bowl Feeder | Bowl Feeder Machine for Fluxring - SWOER\" \/>\n<meta property=\"og:description\" content=\"Fluxring Vibratory Bowl Feeders with Support Structures and Soundproof Enclosures are widely used in electronics, food, chemical, pharmaceutical, and other industries, and are an important part of production line automation.\" \/>\n<meta property=\"og:url\" content=\"https:\/\/swoer.com\/sk\/manufacturer\/fluxring-vibratory-bowl-feeder-bowl-feeder-machine-for-fluxring\/\" \/>\n<meta property=\"og:site_name\" content=\"SWOER\" \/>\n<meta property=\"article:modified_time\" content=\"2024-06-07T00:48:57+00:00\" \/>\n<meta property=\"og:image\" content=\"https:\/\/swoer.com\/wp-content\/uploads\/2024\/06\/3D-design-drawing-for-fluxring-bowl-feeder.webp\" \/>\n\t<meta property=\"og:image:width\" content=\"1000\" \/>\n\t<meta property=\"og:image:height\" content=\"1000\" \/>\n\t<meta property=\"og:image:type\" content=\"image\/webp\" \/>\n<meta name=\"twitter:card\" content=\"summary_large_image\" \/>\n<meta name=\"twitter:label1\" content=\"Predpokladan\u00fd \u010das \u010d\u00edtania\" \/>\n\t<meta name=\"twitter:data1\" content=\"1 min\u00fata\" \/>\n<script type=\"application\/ld+json\" class=\"yoast-schema-graph\">{\"@context\":\"https:\/\/schema.org\",\"@graph\":[{\"@type\":\"WebPage\",\"@id\":\"https:\/\/swoer.com\/manufacturer\/fluxring-vibratory-bowl-feeder-bowl-feeder-machine-for-fluxring\/\",\"url\":\"https:\/\/swoer.com\/manufacturer\/fluxring-vibratory-bowl-feeder-bowl-feeder-machine-for-fluxring\/\",\"name\":\"Fluxring Vibratory Bowl Feeder | Bowl Feeder Machine for Fluxring - SWOER\",\"isPartOf\":{\"@id\":\"https:\/\/swoer.com\/#website\"},\"primaryImageOfPage\":{\"@id\":\"https:\/\/swoer.com\/manufacturer\/fluxring-vibratory-bowl-feeder-bowl-feeder-machine-for-fluxring\/#primaryimage\"},\"image\":{\"@id\":\"https:\/\/swoer.com\/manufacturer\/fluxring-vibratory-bowl-feeder-bowl-feeder-machine-for-fluxring\/#primaryimage\"},\"thumbnailUrl\":\"https:\/\/swoer.com\/wp-content\/uploads\/2024\/06\/3D-design-drawing-for-fluxring-bowl-feeder.webp\",\"datePublished\":\"2024-06-04T02:19:44+00:00\",\"dateModified\":\"2024-06-07T00:48:57+00:00\",\"description\":\"Fluxring Vibratory Bowl Feeders with Support Structures and Soundproof Enclosures are widely used in electronics, food, chemical, pharmaceutical, and other industries, and are an important part of production line automation.\",\"breadcrumb\":{\"@id\":\"https:\/\/swoer.com\/manufacturer\/fluxring-vibratory-bowl-feeder-bowl-feeder-machine-for-fluxring\/#breadcrumb\"},\"inLanguage\":\"sk-SK\",\"potentialAction\":[{\"@type\":\"ReadAction\",\"target\":[\"https:\/\/swoer.com\/manufacturer\/fluxring-vibratory-bowl-feeder-bowl-feeder-machine-for-fluxring\/\"]}]},{\"@type\":\"ImageObject\",\"inLanguage\":\"sk-SK\",\"@id\":\"https:\/\/swoer.com\/manufacturer\/fluxring-vibratory-bowl-feeder-bowl-feeder-machine-for-fluxring\/#primaryimage\",\"url\":\"https:\/\/swoer.com\/wp-content\/uploads\/2024\/06\/3D-design-drawing-for-fluxring-bowl-feeder.webp\",\"contentUrl\":\"https:\/\/swoer.com\/wp-content\/uploads\/2024\/06\/3D-design-drawing-for-fluxring-bowl-feeder.webp\",\"width\":1000,\"height\":1000,\"caption\":\"3D design drawing for fluxring bowl feeder\"},{\"@type\":\"BreadcrumbList\",\"@id\":\"https:\/\/swoer.com\/manufacturer\/fluxring-vibratory-bowl-feeder-bowl-feeder-machine-for-fluxring\/#breadcrumb\",\"itemListElement\":[{\"@type\":\"ListItem\",\"position\":1,\"name\":\"Home\",\"item\":\"https:\/\/swoer.com\/\"},{\"@type\":\"ListItem\",\"position\":2,\"name\":\"Shop\",\"item\":\"https:\/\/swoer.com\/shop\/\"},{\"@type\":\"ListItem\",\"position\":3,\"name\":\"Fluxring Vibratory Bowl Feeder | Bowl Feeder Machine for Fluxring\"}]},{\"@type\":\"WebSite\",\"@id\":\"https:\/\/swoer.com\/#website\",\"url\":\"https:\/\/swoer.com\/\",\"name\":\"SWOER\",\"description\":\"Swoer is the top 3 vibratory bowl feeder manufacturer in China\",\"potentialAction\":[{\"@type\":\"SearchAction\",\"target\":{\"@type\":\"EntryPoint\",\"urlTemplate\":\"https:\/\/swoer.com\/?s={search_term_string}\"},\"query-input\":\"required name=search_term_string\"}],\"inLanguage\":\"sk-SK\"}]}<\/script>\n<!-- \/ Yoast SEO plugin. -->","yoast_head_json":{"title":"Fluxring Vibratory Bowl Feeder | Bowl Feeder Machine for Fluxring - SWOER","description":"Fluxring Vibratory Bowl Feeders with Support Structures and Soundproof Enclosures are widely used in electronics, food, chemical, pharmaceutical, and other industries, and are an important part of production line automation.","robots":{"index":"index","follow":"follow","max-snippet":"max-snippet:-1","max-image-preview":"max-image-preview:large","max-video-preview":"max-video-preview:-1"},"canonical":"https:\/\/swoer.com\/sk\/manufacturer\/fluxring-vibratory-bowl-feeder-bowl-feeder-machine-for-fluxring\/","og_locale":"sk_SK","og_type":"article","og_title":"Fluxring Vibratory Bowl Feeder | Bowl Feeder Machine for Fluxring - SWOER","og_description":"Fluxring Vibratory Bowl Feeders with Support Structures and Soundproof Enclosures are widely used in electronics, food, chemical, pharmaceutical, and other industries, and are an important part of production line automation.","og_url":"https:\/\/swoer.com\/sk\/manufacturer\/fluxring-vibratory-bowl-feeder-bowl-feeder-machine-for-fluxring\/","og_site_name":"SWOER","article_modified_time":"2024-06-07T00:48:57+00:00","og_image":[{"width":1000,"height":1000,"url":"https:\/\/swoer.com\/wp-content\/uploads\/2024\/06\/3D-design-drawing-for-fluxring-bowl-feeder.webp","type":"image\/webp"}],"twitter_card":"summary_large_image","twitter_misc":{"Predpokladan\u00fd \u010das \u010d\u00edtania":"1 min\u00fata"},"schema":{"@context":"https:\/\/schema.org","@graph":[{"@type":"WebPage","@id":"https:\/\/swoer.com\/manufacturer\/fluxring-vibratory-bowl-feeder-bowl-feeder-machine-for-fluxring\/","url":"https:\/\/swoer.com\/manufacturer\/fluxring-vibratory-bowl-feeder-bowl-feeder-machine-for-fluxring\/","name":"Fluxring Vibratory Bowl Feeder | Bowl Feeder Machine for Fluxring - SWOER","isPartOf":{"@id":"https:\/\/swoer.com\/#website"},"primaryImageOfPage":{"@id":"https:\/\/swoer.com\/manufacturer\/fluxring-vibratory-bowl-feeder-bowl-feeder-machine-for-fluxring\/#primaryimage"},"image":{"@id":"https:\/\/swoer.com\/manufacturer\/fluxring-vibratory-bowl-feeder-bowl-feeder-machine-for-fluxring\/#primaryimage"},"thumbnailUrl":"https:\/\/swoer.com\/wp-content\/uploads\/2024\/06\/3D-design-drawing-for-fluxring-bowl-feeder.webp","datePublished":"2024-06-04T02:19:44+00:00","dateModified":"2024-06-07T00:48:57+00:00","description":"Fluxring Vibratory Bowl Feeders with Support Structures and Soundproof Enclosures are widely used in electronics, food, chemical, pharmaceutical, and other industries, and are an important part of production line automation.","breadcrumb":{"@id":"https:\/\/swoer.com\/manufacturer\/fluxring-vibratory-bowl-feeder-bowl-feeder-machine-for-fluxring\/#breadcrumb"},"inLanguage":"sk-SK","potentialAction":[{"@type":"ReadAction","target":["https:\/\/swoer.com\/manufacturer\/fluxring-vibratory-bowl-feeder-bowl-feeder-machine-for-fluxring\/"]}]},{"@type":"ImageObject","inLanguage":"sk-SK","@id":"https:\/\/swoer.com\/manufacturer\/fluxring-vibratory-bowl-feeder-bowl-feeder-machine-for-fluxring\/#primaryimage","url":"https:\/\/swoer.com\/wp-content\/uploads\/2024\/06\/3D-design-drawing-for-fluxring-bowl-feeder.webp","contentUrl":"https:\/\/swoer.com\/wp-content\/uploads\/2024\/06\/3D-design-drawing-for-fluxring-bowl-feeder.webp","width":1000,"height":1000,"caption":"3D design drawing for fluxring bowl feeder"},{"@type":"BreadcrumbList","@id":"https:\/\/swoer.com\/manufacturer\/fluxring-vibratory-bowl-feeder-bowl-feeder-machine-for-fluxring\/#breadcrumb","itemListElement":[{"@type":"ListItem","position":1,"name":"Home","item":"https:\/\/swoer.com\/"},{"@type":"ListItem","position":2,"name":"Shop","item":"https:\/\/swoer.com\/shop\/"},{"@type":"ListItem","position":3,"name":"Fluxring Vibratory Bowl Feeder | Bowl Feeder Machine for Fluxring"}]},{"@type":"WebSite","@id":"https:\/\/swoer.com\/#website","url":"https:\/\/swoer.com\/","name":"SWOER","description":"Swoer is the top 3 vibratory bowl feeder manufacturer in China","potentialAction":[{"@type":"SearchAction","target":{"@type":"EntryPoint","urlTemplate":"https:\/\/swoer.com\/?s={search_term_string}"},"query-input":"required name=search_term_string"}],"inLanguage":"sk-SK"}]}},"_links":{"self":[{"href":"https:\/\/swoer.com\/sk\/wp-json\/wp\/v2\/product\/2154"}],"collection":[{"href":"https:\/\/swoer.com\/sk\/wp-json\/wp\/v2\/product"}],"about":[{"href":"https:\/\/swoer.com\/sk\/wp-json\/wp\/v2\/types\/product"}],"replies":[{"embeddable":true,"href":"https:\/\/swoer.com\/sk\/wp-json\/wp\/v2\/comments?post=2154"}],"wp:featuredmedia":[{"embeddable":true,"href":"https:\/\/swoer.com\/sk\/wp-json\/wp\/v2\/media\/2155"}],"wp:attachment":[{"href":"https:\/\/swoer.com\/sk\/wp-json\/wp\/v2\/media?parent=2154"}],"wp:term":[{"taxonomy":"product_cat","embeddable":true,"href":"https:\/\/swoer.com\/sk\/wp-json\/wp\/v2\/product_cat?post=2154"},{"taxonomy":"product_tag","embeddable":true,"href":"https:\/\/swoer.com\/sk\/wp-json\/wp\/v2\/product_tag?post=2154"}],"curies":[{"name":"wp","href":"https:\/\/api.w.org\/{rel}","templated":true}]}}