{"id":2149,"date":"2024-06-03T03:38:26","date_gmt":"2024-06-03T03:38:26","guid":{"rendered":"https:\/\/swoer.com\/?post_type=product&#038;p=2149"},"modified":"2024-08-01T17:22:01","modified_gmt":"2024-08-01T09:22:01","slug":"two-tracks-vibratory-bowl-feeder-with-support-structure","status":"publish","type":"product","link":"https:\/\/swoer.com\/sk\/manufacturer\/two-tracks-vibratory-bowl-feeder-with-support-structure\/","title":{"rendered":"Dvojstop\u00fd vibra\u010dn\u00fd miskov\u00fd pod\u00e1va\u010d s nosnou kon\u0161trukciou"},"content":{"rendered":"<h2>Hlavn\u00e9 v\u00fdhody krytov\u00fdch vibra\u010dn\u00fdch miskov\u00fdch pod\u00e1va\u010dov s\u00fa:<\/h2>\n<ul>\n<li>Podpora prisp\u00f4sobenia<\/li>\n<li>3D dizajnov\u00e9 v\u00fdkresy<\/li>\n<li>S viacer\u00fdmi stopami<\/li>\n<li>S nosnou kon\u0161trukciou<\/li>\n<\/ul>\n<h2>\u0161pecifik\u00e1cia<\/h2>\n<table width=\"777\">\n<tbody>\n<tr>\n<td width=\"183\">Meno Produktu<\/td>\n<td width=\"594\">Dvojstop\u00fd vibra\u010dn\u00fd miskov\u00fd pod\u00e1va\u010d pre kryt s nosnou kon\u0161trukciou<\/td>\n<\/tr>\n<tr>\n<td>Materi\u00e1l<\/td>\n<td>\u00a0SUS201\/304<\/td>\n<\/tr>\n<tr>\n<td>\u0160pecialita materi\u00e1lu<\/td>\n<td>Zliatina na kovanie za studena, vysok\u00e1 pevnos\u0165, vysok\u00e1 tvrdos\u0165<\/td>\n<\/tr>\n<tr>\n<td>Nap\u00e4tie<\/td>\n<td>220V<\/td>\n<\/tr>\n<tr>\n<td>Moc<\/td>\n<td>65W \/150W \/180W \/ 220W \/ 350W<\/td>\n<\/tr>\n<tr>\n<td>Overenie<\/td>\n<td>CE, ROHS, ISO9001<\/td>\n<\/tr>\n<tr>\n<td>Z\u00e1ruka<\/td>\n<td>1 ro\u010dn\u00e1 z\u00e1ruka<\/td>\n<\/tr>\n<tr>\n<td>MOQ<\/td>\n<td>1 sada<\/td>\n<\/tr>\n<tr>\n<td>Dodacia lehota<\/td>\n<td>10-14 dn\u00ed<\/td>\n<\/tr>\n<tr>\n<td>Lehota splatnosti<\/td>\n<td>T\/T 40% Z\u00e1loha a zostatok pred odoslan\u00edm<\/td>\n<\/tr>\n<tr>\n<td>Origin\u00e1l miesta<\/td>\n<td>\u010c\u00edna<\/td>\n<\/tr>\n<\/tbody>\n<\/table>","protected":false},"excerpt":{"rendered":"<p>Hlavn\u00e9 v\u00fdhody vibra\u010dn\u00e9ho miskov\u00e9ho pod\u00e1va\u010da SWOER:<\/p>\n<p>Podpora prisp\u00f4sobenia<\/p>\n<p>Poskytnite 3D n\u00e1vrhov\u00e9 v\u00fdkresy<\/p>\n<p>S viacer\u00fdmi stopami<\/p>\n<p>S nosnou kon\u0161trukciou<\/p>","protected":false},"featured_media":2150,"comment_status":"open","ping_status":"closed","template":"","meta":[],"product_cat":[37],"product_tag":[],"yoast_head":"<!-- This site is optimized with the Yoast SEO plugin v22.2 - https:\/\/yoast.com\/wordpress\/plugins\/seo\/ -->\n<title>Two Tracks Vibratory Bowl Feeder with Support Structure -<\/title>\n<meta name=\"description\" content=\"The main advantages of the vibratory bowl feeder for Housings are support for customization, 3D design drawings, multiple tracks, and support structure.\" \/>\n<meta name=\"robots\" content=\"index, follow, max-snippet:-1, max-image-preview:large, max-video-preview:-1\" \/>\n<link rel=\"canonical\" href=\"https:\/\/swoer.com\/sk\/manufacturer\/two-tracks-vibratory-bowl-feeder-with-support-structure\/\" \/>\n<meta property=\"og:locale\" content=\"sk_SK\" \/>\n<meta property=\"og:type\" content=\"article\" \/>\n<meta property=\"og:title\" content=\"Two Tracks Vibratory Bowl Feeder with Support Structure -\" \/>\n<meta property=\"og:description\" content=\"The main advantages of the vibratory bowl feeder for Housings are support for customization, 3D design drawings, multiple tracks, and support structure.\" \/>\n<meta property=\"og:url\" content=\"https:\/\/swoer.com\/sk\/manufacturer\/two-tracks-vibratory-bowl-feeder-with-support-structure\/\" \/>\n<meta property=\"og:site_name\" content=\"SWOER\" \/>\n<meta property=\"article:modified_time\" content=\"2024-08-01T09:22:01+00:00\" \/>\n<meta property=\"og:image\" content=\"https:\/\/swoer.com\/wp-content\/uploads\/2024\/06\/Vibratory-bowl-feeder-for-housing.webp\" \/>\n\t<meta property=\"og:image:width\" content=\"1000\" \/>\n\t<meta property=\"og:image:height\" content=\"1000\" \/>\n\t<meta property=\"og:image:type\" content=\"image\/webp\" \/>\n<meta name=\"twitter:card\" content=\"summary_large_image\" \/>\n<meta name=\"twitter:label1\" content=\"Predpokladan\u00fd \u010das \u010d\u00edtania\" \/>\n\t<meta name=\"twitter:data1\" content=\"1 min\u00fata\" \/>\n<script type=\"application\/ld+json\" class=\"yoast-schema-graph\">{\"@context\":\"https:\/\/schema.org\",\"@graph\":[{\"@type\":\"WebPage\",\"@id\":\"https:\/\/swoer.com\/manufacturer\/two-tracks-vibratory-bowl-feeder-with-support-structure\/\",\"url\":\"https:\/\/swoer.com\/manufacturer\/two-tracks-vibratory-bowl-feeder-with-support-structure\/\",\"name\":\"Two Tracks Vibratory Bowl Feeder with Support Structure -\",\"isPartOf\":{\"@id\":\"https:\/\/swoer.com\/#website\"},\"primaryImageOfPage\":{\"@id\":\"https:\/\/swoer.com\/manufacturer\/two-tracks-vibratory-bowl-feeder-with-support-structure\/#primaryimage\"},\"image\":{\"@id\":\"https:\/\/swoer.com\/manufacturer\/two-tracks-vibratory-bowl-feeder-with-support-structure\/#primaryimage\"},\"thumbnailUrl\":\"https:\/\/swoer.com\/wp-content\/uploads\/2024\/06\/Vibratory-bowl-feeder-for-housing.webp\",\"datePublished\":\"2024-06-03T03:38:26+00:00\",\"dateModified\":\"2024-08-01T09:22:01+00:00\",\"description\":\"The main advantages of the vibratory bowl feeder for Housings are support for customization, 3D design drawings, multiple tracks, and support structure.\",\"breadcrumb\":{\"@id\":\"https:\/\/swoer.com\/manufacturer\/two-tracks-vibratory-bowl-feeder-with-support-structure\/#breadcrumb\"},\"inLanguage\":\"sk-SK\",\"potentialAction\":[{\"@type\":\"ReadAction\",\"target\":[\"https:\/\/swoer.com\/manufacturer\/two-tracks-vibratory-bowl-feeder-with-support-structure\/\"]}]},{\"@type\":\"ImageObject\",\"inLanguage\":\"sk-SK\",\"@id\":\"https:\/\/swoer.com\/manufacturer\/two-tracks-vibratory-bowl-feeder-with-support-structure\/#primaryimage\",\"url\":\"https:\/\/swoer.com\/wp-content\/uploads\/2024\/06\/Vibratory-bowl-feeder-for-housing.webp\",\"contentUrl\":\"https:\/\/swoer.com\/wp-content\/uploads\/2024\/06\/Vibratory-bowl-feeder-for-housing.webp\",\"width\":1000,\"height\":1000,\"caption\":\"Vibratory bowl feeder for housing\"},{\"@type\":\"BreadcrumbList\",\"@id\":\"https:\/\/swoer.com\/manufacturer\/two-tracks-vibratory-bowl-feeder-with-support-structure\/#breadcrumb\",\"itemListElement\":[{\"@type\":\"ListItem\",\"position\":1,\"name\":\"Home\",\"item\":\"https:\/\/swoer.com\/\"},{\"@type\":\"ListItem\",\"position\":2,\"name\":\"Shop\",\"item\":\"https:\/\/swoer.com\/shop\/\"},{\"@type\":\"ListItem\",\"position\":3,\"name\":\"Two Tracks Vibratory Bowl Feeder with Support Structure\"}]},{\"@type\":\"WebSite\",\"@id\":\"https:\/\/swoer.com\/#website\",\"url\":\"https:\/\/swoer.com\/\",\"name\":\"SWOER\",\"description\":\"Swoer is the top 3 vibratory bowl feeder manufacturer in China\",\"potentialAction\":[{\"@type\":\"SearchAction\",\"target\":{\"@type\":\"EntryPoint\",\"urlTemplate\":\"https:\/\/swoer.com\/?s={search_term_string}\"},\"query-input\":\"required name=search_term_string\"}],\"inLanguage\":\"sk-SK\"}]}<\/script>\n<!-- \/ Yoast SEO plugin. -->","yoast_head_json":{"title":"Two Tracks Vibratory Bowl Feeder with Support Structure -","description":"The main advantages of the vibratory bowl feeder for Housings are support for customization, 3D design drawings, multiple tracks, and support structure.","robots":{"index":"index","follow":"follow","max-snippet":"max-snippet:-1","max-image-preview":"max-image-preview:large","max-video-preview":"max-video-preview:-1"},"canonical":"https:\/\/swoer.com\/sk\/manufacturer\/two-tracks-vibratory-bowl-feeder-with-support-structure\/","og_locale":"sk_SK","og_type":"article","og_title":"Two Tracks Vibratory Bowl Feeder with Support Structure -","og_description":"The main advantages of the vibratory bowl feeder for Housings are support for customization, 3D design drawings, multiple tracks, and support structure.","og_url":"https:\/\/swoer.com\/sk\/manufacturer\/two-tracks-vibratory-bowl-feeder-with-support-structure\/","og_site_name":"SWOER","article_modified_time":"2024-08-01T09:22:01+00:00","og_image":[{"width":1000,"height":1000,"url":"https:\/\/swoer.com\/wp-content\/uploads\/2024\/06\/Vibratory-bowl-feeder-for-housing.webp","type":"image\/webp"}],"twitter_card":"summary_large_image","twitter_misc":{"Predpokladan\u00fd \u010das \u010d\u00edtania":"1 min\u00fata"},"schema":{"@context":"https:\/\/schema.org","@graph":[{"@type":"WebPage","@id":"https:\/\/swoer.com\/manufacturer\/two-tracks-vibratory-bowl-feeder-with-support-structure\/","url":"https:\/\/swoer.com\/manufacturer\/two-tracks-vibratory-bowl-feeder-with-support-structure\/","name":"Two Tracks Vibratory Bowl Feeder with Support Structure -","isPartOf":{"@id":"https:\/\/swoer.com\/#website"},"primaryImageOfPage":{"@id":"https:\/\/swoer.com\/manufacturer\/two-tracks-vibratory-bowl-feeder-with-support-structure\/#primaryimage"},"image":{"@id":"https:\/\/swoer.com\/manufacturer\/two-tracks-vibratory-bowl-feeder-with-support-structure\/#primaryimage"},"thumbnailUrl":"https:\/\/swoer.com\/wp-content\/uploads\/2024\/06\/Vibratory-bowl-feeder-for-housing.webp","datePublished":"2024-06-03T03:38:26+00:00","dateModified":"2024-08-01T09:22:01+00:00","description":"The main advantages of the vibratory bowl feeder for Housings are support for customization, 3D design drawings, multiple tracks, and support structure.","breadcrumb":{"@id":"https:\/\/swoer.com\/manufacturer\/two-tracks-vibratory-bowl-feeder-with-support-structure\/#breadcrumb"},"inLanguage":"sk-SK","potentialAction":[{"@type":"ReadAction","target":["https:\/\/swoer.com\/manufacturer\/two-tracks-vibratory-bowl-feeder-with-support-structure\/"]}]},{"@type":"ImageObject","inLanguage":"sk-SK","@id":"https:\/\/swoer.com\/manufacturer\/two-tracks-vibratory-bowl-feeder-with-support-structure\/#primaryimage","url":"https:\/\/swoer.com\/wp-content\/uploads\/2024\/06\/Vibratory-bowl-feeder-for-housing.webp","contentUrl":"https:\/\/swoer.com\/wp-content\/uploads\/2024\/06\/Vibratory-bowl-feeder-for-housing.webp","width":1000,"height":1000,"caption":"Vibratory bowl feeder for housing"},{"@type":"BreadcrumbList","@id":"https:\/\/swoer.com\/manufacturer\/two-tracks-vibratory-bowl-feeder-with-support-structure\/#breadcrumb","itemListElement":[{"@type":"ListItem","position":1,"name":"Home","item":"https:\/\/swoer.com\/"},{"@type":"ListItem","position":2,"name":"Shop","item":"https:\/\/swoer.com\/shop\/"},{"@type":"ListItem","position":3,"name":"Two Tracks Vibratory Bowl Feeder with Support Structure"}]},{"@type":"WebSite","@id":"https:\/\/swoer.com\/#website","url":"https:\/\/swoer.com\/","name":"SWOER","description":"Swoer is the top 3 vibratory bowl feeder manufacturer in China","potentialAction":[{"@type":"SearchAction","target":{"@type":"EntryPoint","urlTemplate":"https:\/\/swoer.com\/?s={search_term_string}"},"query-input":"required name=search_term_string"}],"inLanguage":"sk-SK"}]}},"_links":{"self":[{"href":"https:\/\/swoer.com\/sk\/wp-json\/wp\/v2\/product\/2149"}],"collection":[{"href":"https:\/\/swoer.com\/sk\/wp-json\/wp\/v2\/product"}],"about":[{"href":"https:\/\/swoer.com\/sk\/wp-json\/wp\/v2\/types\/product"}],"replies":[{"embeddable":true,"href":"https:\/\/swoer.com\/sk\/wp-json\/wp\/v2\/comments?post=2149"}],"wp:featuredmedia":[{"embeddable":true,"href":"https:\/\/swoer.com\/sk\/wp-json\/wp\/v2\/media\/2150"}],"wp:attachment":[{"href":"https:\/\/swoer.com\/sk\/wp-json\/wp\/v2\/media?parent=2149"}],"wp:term":[{"taxonomy":"product_cat","embeddable":true,"href":"https:\/\/swoer.com\/sk\/wp-json\/wp\/v2\/product_cat?post=2149"},{"taxonomy":"product_tag","embeddable":true,"href":"https:\/\/swoer.com\/sk\/wp-json\/wp\/v2\/product_tag?post=2149"}],"curies":[{"name":"wp","href":"https:\/\/api.w.org\/{rel}","templated":true}]}}