{"id":2136,"date":"2024-05-22T07:09:25","date_gmt":"2024-05-22T07:09:25","guid":{"rendered":"https:\/\/swoer.com\/?post_type=product&#038;p=2136"},"modified":"2024-08-01T17:19:45","modified_gmt":"2024-08-01T09:19:45","slug":"bolts-vibratory-bowl-feeder-with-soundproof-cover","status":"publish","type":"product","link":"https:\/\/swoer.com\/sk\/manufacturer\/bolts-vibratory-bowl-feeder-with-soundproof-cover\/","title":{"rendered":"Vibra\u010dn\u00fd miskov\u00fd pod\u00e1va\u010d skrutiek so zvukotesn\u00fdm krytom"},"content":{"rendered":"<p>Vibra\u010dn\u00fd miskov\u00fd pod\u00e1va\u010d Bolt so zvukotesn\u00fdm krytom poskytuje spo\u013eahliv\u00e9, efekt\u00edvne pod\u00e1vanie dielov so zn\u00ed\u017eenou hladinou hluku. Je navrhnut\u00fd pre presnos\u0165 a odolnos\u0165 a je ide\u00e1lnym rie\u0161en\u00edm na zv\u00fd\u0161enie produktivity v automatizovan\u00fdch v\u00fdrobn\u00fdch prostrediach.<\/p>\n<h2>\u0161pecifik\u00e1cia:<\/h2>\n<table width=\"684\">\n<tbody>\n<tr>\n<td width=\"183\">Meno Produktu<\/td>\n<td width=\"501\">Bolt Vibra\u010dn\u00fd miskov\u00fd pod\u00e1va\u010d so zvukotesn\u00fdm krytom<\/td>\n<\/tr>\n<tr>\n<td>Materi\u00e1l<\/td>\n<td>\u00a0SUS201\/304<\/td>\n<\/tr>\n<tr>\n<td>\u0160pecialita materi\u00e1lu<\/td>\n<td>Zliatina na kovanie za studena, vysok\u00e1 pevnos\u0165, vysok\u00e1 tvrdos\u0165<\/td>\n<\/tr>\n<tr>\n<td>Nap\u00e4tie<\/td>\n<td>220V<\/td>\n<\/tr>\n<tr>\n<td>Moc<\/td>\n<td>65W \/150W \/180W \/ 220W \/ 350W<\/td>\n<\/tr>\n<tr>\n<td>Overenie<\/td>\n<td>CE, ROHS, ISO9001<\/td>\n<\/tr>\n<tr>\n<td>Z\u00e1ruka<\/td>\n<td>1 ro\u010dn\u00e1 z\u00e1ruka<\/td>\n<\/tr>\n<tr>\n<td>MOQ<\/td>\n<td>1 sada<\/td>\n<\/tr>\n<tr>\n<td>Dodacia lehota<\/td>\n<td>10-14 dn\u00ed<\/td>\n<\/tr>\n<tr>\n<td>Lehota splatnosti<\/td>\n<td>T\/T 40% Z\u00e1loha a zostatok pred odoslan\u00edm<\/td>\n<\/tr>\n<tr>\n<td>Origin\u00e1l miesta<\/td>\n<td>\u010c\u00edna<\/td>\n<\/tr>\n<\/tbody>\n<\/table>","protected":false},"excerpt":{"rendered":"<p>Vibra\u010dn\u00fd miskov\u00fd pod\u00e1va\u010d Bolt so zvukotesn\u00fdm krytom zais\u0165uje efekt\u00edvne a tich\u00e9 pod\u00e1vanie dielov, zvy\u0161uje produktivitu a z\u00e1rove\u0148 zni\u017euje hladinu hluku. Ide\u00e1lny pre r\u00f4zne priemyseln\u00e9 aplik\u00e1cie, pon\u00faka presnos\u0165 a odolnos\u0165, \u010do z neho rob\u00ed najlep\u0161iu vo\u013ebu pre automatizovan\u00e9 v\u00fdrobn\u00e9 syst\u00e9my.<\/p>","protected":false},"featured_media":2137,"comment_status":"open","ping_status":"closed","template":"","meta":[],"product_cat":[37],"product_tag":[],"yoast_head":"<!-- This site is optimized with the Yoast SEO plugin v22.2 - https:\/\/yoast.com\/wordpress\/plugins\/seo\/ -->\n<title>Bolts Vibratory Bowl Feeder with Soundproof Cover -<\/title>\n<meta name=\"description\" content=\"Our vibratory bowl feeder is designed with a soundproof cover to reduce noise pollution and improve your workspace environment.\" \/>\n<meta name=\"robots\" content=\"index, follow, max-snippet:-1, max-image-preview:large, max-video-preview:-1\" \/>\n<link rel=\"canonical\" href=\"https:\/\/swoer.com\/sk\/manufacturer\/bolts-vibratory-bowl-feeder-with-soundproof-cover\/\" \/>\n<meta property=\"og:locale\" content=\"sk_SK\" \/>\n<meta property=\"og:type\" content=\"article\" \/>\n<meta property=\"og:title\" content=\"Bolts Vibratory Bowl Feeder with Soundproof Cover -\" \/>\n<meta property=\"og:description\" content=\"Our vibratory bowl feeder is designed with a soundproof cover to reduce noise pollution and improve your workspace environment.\" \/>\n<meta property=\"og:url\" content=\"https:\/\/swoer.com\/sk\/manufacturer\/bolts-vibratory-bowl-feeder-with-soundproof-cover\/\" \/>\n<meta property=\"og:site_name\" content=\"SWOER\" \/>\n<meta property=\"article:modified_time\" content=\"2024-08-01T09:19:45+00:00\" \/>\n<meta property=\"og:image\" content=\"https:\/\/swoer.com\/wp-content\/uploads\/2024\/05\/Bolt-vibratory-bowl-feeder-with-soundproof-cover-.webp\" \/>\n\t<meta property=\"og:image:width\" content=\"1000\" \/>\n\t<meta property=\"og:image:height\" content=\"1000\" \/>\n\t<meta property=\"og:image:type\" content=\"image\/webp\" \/>\n<meta name=\"twitter:card\" content=\"summary_large_image\" \/>\n<meta name=\"twitter:label1\" content=\"Predpokladan\u00fd \u010das \u010d\u00edtania\" \/>\n\t<meta name=\"twitter:data1\" content=\"1 min\u00fata\" \/>\n<script type=\"application\/ld+json\" class=\"yoast-schema-graph\">{\"@context\":\"https:\/\/schema.org\",\"@graph\":[{\"@type\":\"WebPage\",\"@id\":\"https:\/\/swoer.com\/manufacturer\/bolts-vibratory-bowl-feeder-with-soundproof-cover\/\",\"url\":\"https:\/\/swoer.com\/manufacturer\/bolts-vibratory-bowl-feeder-with-soundproof-cover\/\",\"name\":\"Bolts Vibratory Bowl Feeder with Soundproof Cover -\",\"isPartOf\":{\"@id\":\"https:\/\/swoer.com\/#website\"},\"primaryImageOfPage\":{\"@id\":\"https:\/\/swoer.com\/manufacturer\/bolts-vibratory-bowl-feeder-with-soundproof-cover\/#primaryimage\"},\"image\":{\"@id\":\"https:\/\/swoer.com\/manufacturer\/bolts-vibratory-bowl-feeder-with-soundproof-cover\/#primaryimage\"},\"thumbnailUrl\":\"https:\/\/swoer.com\/wp-content\/uploads\/2024\/05\/Bolt-vibratory-bowl-feeder-with-soundproof-cover-.webp\",\"datePublished\":\"2024-05-22T07:09:25+00:00\",\"dateModified\":\"2024-08-01T09:19:45+00:00\",\"description\":\"Our vibratory bowl feeder is designed with a soundproof cover to reduce noise pollution and improve your workspace environment.\",\"breadcrumb\":{\"@id\":\"https:\/\/swoer.com\/manufacturer\/bolts-vibratory-bowl-feeder-with-soundproof-cover\/#breadcrumb\"},\"inLanguage\":\"sk-SK\",\"potentialAction\":[{\"@type\":\"ReadAction\",\"target\":[\"https:\/\/swoer.com\/manufacturer\/bolts-vibratory-bowl-feeder-with-soundproof-cover\/\"]}]},{\"@type\":\"ImageObject\",\"inLanguage\":\"sk-SK\",\"@id\":\"https:\/\/swoer.com\/manufacturer\/bolts-vibratory-bowl-feeder-with-soundproof-cover\/#primaryimage\",\"url\":\"https:\/\/swoer.com\/wp-content\/uploads\/2024\/05\/Bolt-vibratory-bowl-feeder-with-soundproof-cover-.webp\",\"contentUrl\":\"https:\/\/swoer.com\/wp-content\/uploads\/2024\/05\/Bolt-vibratory-bowl-feeder-with-soundproof-cover-.webp\",\"width\":1000,\"height\":1000,\"caption\":\"Bolt vibratory bowl feeder with soundproof cover\"},{\"@type\":\"BreadcrumbList\",\"@id\":\"https:\/\/swoer.com\/manufacturer\/bolts-vibratory-bowl-feeder-with-soundproof-cover\/#breadcrumb\",\"itemListElement\":[{\"@type\":\"ListItem\",\"position\":1,\"name\":\"Home\",\"item\":\"https:\/\/swoer.com\/\"},{\"@type\":\"ListItem\",\"position\":2,\"name\":\"Shop\",\"item\":\"https:\/\/swoer.com\/shop\/\"},{\"@type\":\"ListItem\",\"position\":3,\"name\":\"Bolts Vibratory Bowl Feeder with Soundproof Cover\"}]},{\"@type\":\"WebSite\",\"@id\":\"https:\/\/swoer.com\/#website\",\"url\":\"https:\/\/swoer.com\/\",\"name\":\"SWOER\",\"description\":\"Swoer is the top 3 vibratory bowl feeder manufacturer in China\",\"potentialAction\":[{\"@type\":\"SearchAction\",\"target\":{\"@type\":\"EntryPoint\",\"urlTemplate\":\"https:\/\/swoer.com\/?s={search_term_string}\"},\"query-input\":\"required name=search_term_string\"}],\"inLanguage\":\"sk-SK\"}]}<\/script>\n<!-- \/ Yoast SEO plugin. -->","yoast_head_json":{"title":"Bolts Vibratory Bowl Feeder with Soundproof Cover -","description":"Our vibratory bowl feeder is designed with a soundproof cover to reduce noise pollution and improve your workspace environment.","robots":{"index":"index","follow":"follow","max-snippet":"max-snippet:-1","max-image-preview":"max-image-preview:large","max-video-preview":"max-video-preview:-1"},"canonical":"https:\/\/swoer.com\/sk\/manufacturer\/bolts-vibratory-bowl-feeder-with-soundproof-cover\/","og_locale":"sk_SK","og_type":"article","og_title":"Bolts Vibratory Bowl Feeder with Soundproof Cover -","og_description":"Our vibratory bowl feeder is designed with a soundproof cover to reduce noise pollution and improve your workspace environment.","og_url":"https:\/\/swoer.com\/sk\/manufacturer\/bolts-vibratory-bowl-feeder-with-soundproof-cover\/","og_site_name":"SWOER","article_modified_time":"2024-08-01T09:19:45+00:00","og_image":[{"width":1000,"height":1000,"url":"https:\/\/swoer.com\/wp-content\/uploads\/2024\/05\/Bolt-vibratory-bowl-feeder-with-soundproof-cover-.webp","type":"image\/webp"}],"twitter_card":"summary_large_image","twitter_misc":{"Predpokladan\u00fd \u010das \u010d\u00edtania":"1 min\u00fata"},"schema":{"@context":"https:\/\/schema.org","@graph":[{"@type":"WebPage","@id":"https:\/\/swoer.com\/manufacturer\/bolts-vibratory-bowl-feeder-with-soundproof-cover\/","url":"https:\/\/swoer.com\/manufacturer\/bolts-vibratory-bowl-feeder-with-soundproof-cover\/","name":"Bolts Vibratory Bowl Feeder with Soundproof Cover -","isPartOf":{"@id":"https:\/\/swoer.com\/#website"},"primaryImageOfPage":{"@id":"https:\/\/swoer.com\/manufacturer\/bolts-vibratory-bowl-feeder-with-soundproof-cover\/#primaryimage"},"image":{"@id":"https:\/\/swoer.com\/manufacturer\/bolts-vibratory-bowl-feeder-with-soundproof-cover\/#primaryimage"},"thumbnailUrl":"https:\/\/swoer.com\/wp-content\/uploads\/2024\/05\/Bolt-vibratory-bowl-feeder-with-soundproof-cover-.webp","datePublished":"2024-05-22T07:09:25+00:00","dateModified":"2024-08-01T09:19:45+00:00","description":"Our vibratory bowl feeder is designed with a soundproof cover to reduce noise pollution and improve your workspace environment.","breadcrumb":{"@id":"https:\/\/swoer.com\/manufacturer\/bolts-vibratory-bowl-feeder-with-soundproof-cover\/#breadcrumb"},"inLanguage":"sk-SK","potentialAction":[{"@type":"ReadAction","target":["https:\/\/swoer.com\/manufacturer\/bolts-vibratory-bowl-feeder-with-soundproof-cover\/"]}]},{"@type":"ImageObject","inLanguage":"sk-SK","@id":"https:\/\/swoer.com\/manufacturer\/bolts-vibratory-bowl-feeder-with-soundproof-cover\/#primaryimage","url":"https:\/\/swoer.com\/wp-content\/uploads\/2024\/05\/Bolt-vibratory-bowl-feeder-with-soundproof-cover-.webp","contentUrl":"https:\/\/swoer.com\/wp-content\/uploads\/2024\/05\/Bolt-vibratory-bowl-feeder-with-soundproof-cover-.webp","width":1000,"height":1000,"caption":"Bolt vibratory bowl feeder with soundproof cover"},{"@type":"BreadcrumbList","@id":"https:\/\/swoer.com\/manufacturer\/bolts-vibratory-bowl-feeder-with-soundproof-cover\/#breadcrumb","itemListElement":[{"@type":"ListItem","position":1,"name":"Home","item":"https:\/\/swoer.com\/"},{"@type":"ListItem","position":2,"name":"Shop","item":"https:\/\/swoer.com\/shop\/"},{"@type":"ListItem","position":3,"name":"Bolts Vibratory Bowl Feeder with Soundproof Cover"}]},{"@type":"WebSite","@id":"https:\/\/swoer.com\/#website","url":"https:\/\/swoer.com\/","name":"SWOER","description":"Swoer is the top 3 vibratory bowl feeder manufacturer in China","potentialAction":[{"@type":"SearchAction","target":{"@type":"EntryPoint","urlTemplate":"https:\/\/swoer.com\/?s={search_term_string}"},"query-input":"required name=search_term_string"}],"inLanguage":"sk-SK"}]}},"_links":{"self":[{"href":"https:\/\/swoer.com\/sk\/wp-json\/wp\/v2\/product\/2136"}],"collection":[{"href":"https:\/\/swoer.com\/sk\/wp-json\/wp\/v2\/product"}],"about":[{"href":"https:\/\/swoer.com\/sk\/wp-json\/wp\/v2\/types\/product"}],"replies":[{"embeddable":true,"href":"https:\/\/swoer.com\/sk\/wp-json\/wp\/v2\/comments?post=2136"}],"wp:featuredmedia":[{"embeddable":true,"href":"https:\/\/swoer.com\/sk\/wp-json\/wp\/v2\/media\/2137"}],"wp:attachment":[{"href":"https:\/\/swoer.com\/sk\/wp-json\/wp\/v2\/media?parent=2136"}],"wp:term":[{"taxonomy":"product_cat","embeddable":true,"href":"https:\/\/swoer.com\/sk\/wp-json\/wp\/v2\/product_cat?post=2136"},{"taxonomy":"product_tag","embeddable":true,"href":"https:\/\/swoer.com\/sk\/wp-json\/wp\/v2\/product_tag?post=2136"}],"curies":[{"name":"wp","href":"https:\/\/api.w.org\/{rel}","templated":true}]}}