{"id":1991,"date":"2024-04-17T08:17:36","date_gmt":"2024-04-17T08:17:36","guid":{"rendered":"https:\/\/swoer.com\/?post_type=product&#038;p=1991"},"modified":"2024-04-17T08:24:59","modified_gmt":"2024-04-17T08:24:59","slug":"variable-voltage-digital-controller-for-vibratory-feeder-sw-30","status":"publish","type":"product","link":"https:\/\/swoer.com\/sk\/manufacturer\/variable-voltage-digital-controller-for-vibratory-feeder-sw-30\/","title":{"rendered":"Digit\u00e1lny regul\u00e1tor s premenliv\u00fdm nap\u00e4t\u00edm pre vibra\u010dn\u00fd pod\u00e1va\u010d SW-30"},"content":{"rendered":"<h2>Vlastnosti<\/h2>\n<p>Rozmery: d150mm*\u016169mm*v70mm90mm<br \/>Ve\u013ekos\u0165 in\u0161tala\u010dn\u00e9ho otvoru: 130 mm * 62 mm Z\u00e1ruka 3 roky<\/p>\n<p><strong>1.<\/strong> Vysok\u00fd \u00fa\u010dinn\u00edk, v\u00fdrazne \u0161etr\u00ed n\u00e1klady na elektrinu. V porovnan\u00ed s be\u017en\u00fdm ovl\u00e1da\u010dom ako pri najbe\u017enej\u0161ie pou\u017e\u00edvanom 1,5 A pohonnom pr\u00fade, predpokladajme 1,0 RMB na kilowatt, pou\u017e\u00edvanie tohto ovl\u00e1da\u010da osem hod\u00edn denne m\u00f4\u017ee u\u0161etri\u0165 asi 1,6 RMB elektriny. <\/p>\n<p><strong>2.<\/strong> Vysokov\u00fdkonn\u00e9 inteligentn\u00e9 fotoelektrick\u00e9 rozhranie na pripojenie extern\u00e9ho fotoelektrick\u00e9ho senzora (k dispoz\u00edcii je \u017eiarenie a odraz), v stroji zabudovan\u00e1 technol\u00f3gia digit\u00e1lneho fuzzy rozpozn\u00e1vania, okrem adapt\u00edvneho okolit\u00e9ho svetla je mo\u017en\u00e9 nastavi\u0165 citlivos\u0165 na 99 fotoelektrick\u00fdch, bez n\u00e1kladn\u00e9ho vl\u00e1kna optick\u00fd sn\u00edma\u010d, presn\u00e1 identifik\u00e1cia mal\u00e9ho alebo priesvitn\u00e9ho pod\u00e1vania obrobku. <\/p>\n<p><strong>3.<\/strong> R\u00fdchlostn\u00e1 kyvadlov\u00e1 doprava, patentovan\u00fd dizajn, r\u00fdchla a presn\u00e1, spo\u013eahliv\u00e1 a odoln\u00e1. <\/p>\n<p><strong>4.<\/strong> Optimaliz\u00e1cia extern\u00e9ho ovl\u00e1dacieho konektora, flexibiln\u00e1 a pohodln\u00e1 in\u0161tal\u00e1cia. <\/p>\n<p><strong>5.<\/strong> Zabudovan\u00fd inteligentn\u00fd program pomal\u00e9ho \u0161tartu a pomal\u00e9ho zastavenia zais\u0165uje plynul\u00e9 pod\u00e1vanie momentu \u0161tartu a zastavenia. <\/p>\n<p><strong>6.<\/strong> V\u00fdstup 24V 200mA DC nap\u00e1janie. <\/p>\n<p><strong>7.<\/strong> Prij\u00edma vysokov\u00fdkonn\u00e9 nap\u00e1jacie zariadenia, zni\u017euje tepeln\u00e9 straty, optimalizuje tepeln\u00fd dizajn, zni\u017euje n\u00e1rast teploty a pracuje stabilnej\u0161ie a spo\u013eahlivej\u0161ie. <\/p>\n<p><strong>8.<\/strong> Vysoko presn\u00fd regul\u00e1tor, v pr\u00edpade kol\u00edsania nap\u00e4tia v elektrickej sieti udr\u017euje v\u00fdstupn\u00e9 nap\u00e4tie stabiln\u00e9 a m\u00f4\u017ee \u00fa\u010dinne inhibova\u0165 efekt rytmu sp\u00f4soben\u00fd nap\u00e1jacou frekvenciou. <\/p>\n<p><strong>9.<\/strong> Prisp\u00f4sobite\u013en\u00e9 nastavenie horn\u00e9ho limitu v\u00fdstupn\u00e9ho nap\u00e4tia tak, aby vyhovovalo r\u00f4znym aplik\u00e1ci\u00e1m a po\u017eadovan\u00fdm strojn\u00fdm zariadeniam. <br \/>10. Vysoko integrovan\u00fd syst\u00e9m, optimalizovan\u00e9 rozmery, n\u00edzka hmotnos\u0165, mal\u00e9 rozmery, jednoduch\u00e1 in\u0161tal\u00e1cia. <\/p>\n<p><strong>11.<\/strong> Plne uzavret\u00e9 b\u00fdvanie, prisp\u00f4soben\u00e9 nepriate\u013esk\u00e9mu pracovn\u00e9mu prostrediu. <\/p>\n<p><strong>12.<\/strong> S ochranou proti prehriatiu, pre\u0165a\u017eeniu, v\u00fdstupn\u00e9mu skratu.<\/p>\n<h2><strong>Technick\u00e1 \u0161pecifik\u00e1cia<\/strong><\/h2>\n<table style=\"border-collapse: collapse; width: 540.77pt;\" border=\"0\" width=\"721\" cellspacing=\"0\" cellpadding=\"0\">\n<tbody>\n<tr style=\"height: 17.25pt;\">\n<td class=\"et2\" style=\"height: 33.75pt; width: 135.75pt;\" rowspan=\"2\" width=\"181\" height=\"45\">Polo\u017eka<\/td>\n<td class=\"et3\" style=\"width: 181.50pt;\" colspan=\"2\" width=\"242\">Hodnota rozsahu<\/td>\n<td class=\"et4\" style=\"width: 84.00pt; border-bottom: 1.0pt solid #DDDDDD;\" rowspan=\"2\" width=\"112\">Jednotka<\/td>\n<td class=\"et5\" style=\"width: 139.50pt;\" rowspan=\"2\" width=\"186\">Pozn\u00e1mka<\/td>\n<\/tr>\n<tr style=\"height: 16.50pt;\">\n<td class=\"et7\" style=\"width: 87.75pt;\" width=\"117\">Min.<\/td>\n<td class=\"et7\" style=\"width: 93.75pt;\" width=\"125\">Max.<\/td>\n<\/tr>\n<tr style=\"height: 45.75pt;\">\n<td class=\"et6\" style=\"height: 45.75pt; width: 135.75pt;\" width=\"181\" height=\"61\">Vstupn\u00e9 nap\u00e4tie<\/td>\n<td class=\"et10\" style=\"width: 87.75pt;\" width=\"117\">85<\/td>\n<td class=\"et10\" style=\"width: 93.75pt;\" width=\"125\">265<\/td>\n<td class=\"et10\" style=\"width: 84.00pt;\" width=\"112\">V<\/td>\n<td class=\"et11\" style=\"width: 139.50pt;\" width=\"186\">S\u00ednusov\u00e1 vlna 50\/60 Hz<\/td>\n<\/tr>\n<tr style=\"height: 75.75pt;\">\n<td class=\"et6\" style=\"height: 75.75pt; width: 135.75pt;\" width=\"181\" height=\"101\">V\u00fdstupn\u00e9 nap\u00e4tie<\/td>\n<td class=\"et10\" style=\"width: 87.75pt;\" width=\"117\">0<\/td>\n<td class=\"et10\" style=\"width: 93.75pt;\" width=\"125\">250<\/td>\n<td class=\"et10\" style=\"width: 84.00pt;\" width=\"112\">V<\/td>\n<td class=\"et11\" style=\"width: 139.50pt;\" width=\"186\">Presnos\u0165 regul\u00e1cie nap\u00e4tia: 1v<\/td>\n<\/tr>\n<tr style=\"height: 60.75pt;\">\n<td class=\"et6\" style=\"height: 60.75pt; width: 135.75pt;\" width=\"181\" height=\"81\">V\u00fdstupn\u00fd pr\u00fad<\/td>\n<td class=\"et10\" style=\"width: 87.75pt;\" width=\"117\">0<\/td>\n<td class=\"et10\" style=\"width: 93.75pt;\" width=\"125\">4.5<\/td>\n<td class=\"et10\" style=\"width: 84.00pt;\" width=\"112\">A<\/td>\n<td class=\"et11\" style=\"width: 139.50pt;\" width=\"186\">Menovit\u00fd v\u00fdkon: 1,5A\/3a\/4,5A<\/td>\n<\/tr>\n<tr style=\"height: 60.75pt;\">\n<td class=\"et6\" style=\"height: 60.75pt; width: 135.75pt;\" width=\"181\" height=\"81\">V\u00fdstupn\u00e1 frekvencia<\/td>\n<td class=\"et10\" style=\"width: 87.75pt;\" width=\"117\">40<\/td>\n<td class=\"et10\" style=\"width: 93.75pt;\" width=\"125\">400<\/td>\n<td class=\"et10\" style=\"width: 84.00pt;\" width=\"112\">Hz<\/td>\n<td class=\"et11\" style=\"width: 139.50pt;\" width=\"186\">Presnos\u0165 frekven\u010dn\u00e9ho rozsahu: 0,1 Hz<\/td>\n<\/tr>\n<tr style=\"height: 33.00pt;\">\n<td class=\"et6\" style=\"height: 33.00pt; width: 135.75pt;\" width=\"181\" height=\"44\">V\u00fdstupn\u00e1 vlna<\/td>\n<td class=\"et10\" style=\"width: 405.00pt;\" colspan=\"4\" width=\"540\">S\u00ednusoida<\/td>\n<\/tr>\n<tr style=\"height: 63.75pt;\">\n<td class=\"et6\" style=\"height: 63.75pt; width: 135.75pt;\" width=\"181\" height=\"85\">\u010casov\u00fd rozsah oneskorenia spustenia<\/td>\n<td class=\"et10\" style=\"width: 87.75pt;\" width=\"117\">0<\/td>\n<td class=\"et10\" style=\"width: 93.75pt;\" width=\"125\">30<\/td>\n<td class=\"et10\" style=\"width: 84.00pt;\" width=\"112\">S<\/td>\n<td class=\"et11\" style=\"width: 139.50pt;\" width=\"186\">Presnos\u0165 \u010dasu oneskorenia: 15<\/td>\n<\/tr>\n<tr style=\"height: 60.75pt;\">\n<td class=\"et6\" style=\"height: 60.75pt; width: 135.75pt;\" width=\"181\" height=\"81\">\u010casov\u00fd rozsah oneskorenia vypnutia<\/td>\n<td class=\"et10\" style=\"width: 87.75pt;\" width=\"117\">0<\/td>\n<td class=\"et10\" style=\"width: 93.75pt;\" width=\"125\">30<\/td>\n<td class=\"et10\" style=\"width: 84.00pt;\" width=\"112\">S<\/td>\n<td class=\"et11\" style=\"width: 139.50pt;\" width=\"186\">Presnos\u0165 \u010dasu oneskorenia: 15<\/td>\n<\/tr>\n<tr style=\"height: 60.75pt;\">\n<td class=\"et6\" style=\"height: 60.75pt; width: 135.75pt;\" width=\"181\" height=\"81\">Pomal\u00fd \u010das \u0161tartu<\/td>\n<td class=\"et10\" style=\"width: 87.75pt;\" width=\"117\">0.1<\/td>\n<td class=\"et10\" style=\"width: 93.75pt;\" width=\"125\">9.9<\/td>\n<td class=\"et10\" style=\"width: 84.00pt;\" width=\"112\">S<\/td>\n<td class=\"et11\" style=\"width: 139.50pt;\" width=\"186\">\u010cas pomal\u00e9ho \u0161tartu: 0,15<\/td>\n<\/tr>\n<tr style=\"height: 48.00pt;\">\n<td class=\"et6\" style=\"height: 48.00pt; width: 135.75pt;\" width=\"181\" height=\"64\">Pomal\u00fd \u010das zastavenia<\/td>\n<td class=\"et10\" style=\"width: 87.75pt;\" width=\"117\">0.1<\/td>\n<td class=\"et10\" style=\"width: 93.75pt;\" width=\"125\">0.3<\/td>\n<td class=\"et10\" style=\"width: 84.00pt;\" width=\"112\">S<\/td>\n<td class=\"et11\" style=\"width: 139.50pt;\" width=\"186\">Programov\u00e9 automatick\u00e9 ovl\u00e1danie<\/td>\n<\/tr>\n<tr style=\"height: 120.75pt;\">\n<td class=\"et6\" style=\"height: 120.75pt; width: 135.75pt;\" width=\"181\" height=\"161\">Fotoelektrick\u00e1 citlivos\u0165<\/td>\n<td class=\"et10\" style=\"width: 87.75pt;\" width=\"117\">0<\/td>\n<td class=\"et10\" style=\"width: 93.75pt;\" width=\"125\">99<\/td>\n<td class=\"et12\" style=\"width: 84.00pt;\" width=\"112\">\u00a0<\/td>\n<td class=\"et11\" style=\"width: 139.50pt;\" width=\"186\">\u010c\u00edm vy\u0161\u0161ia je hodnota. \u010c\u00edm v\u00e4\u010d\u0161ia je citlivos\u0165<\/td>\n<\/tr>\n<tr style=\"height: 136.50pt;\">\n<td class=\"et6\" style=\"height: 136.50pt; width: 135.75pt;\" width=\"181\" height=\"182\">DC riadiaci v\u00fdstup<\/td>\n<td class=\"et10\" style=\"width: 181.50pt;\" colspan=\"2\" width=\"242\">24V 200mA<\/td>\n<td class=\"et12\" style=\"width: 84.00pt;\" width=\"112\">\u00a0<\/td>\n<td class=\"et11\" style=\"width: 139.50pt;\" width=\"186\">Poh\u00e1\u0148a extern\u00e9 sn\u00edma\u010de a n\u00edzkoenergetick\u00e9 solenoidov\u00e9 ventily pre nap\u00e1janie<\/td>\n<\/tr>\n<tr style=\"height: 64.50pt;\">\n<td class=\"et6\" style=\"height: 64.50pt; width: 135.75pt;\" width=\"181\" height=\"86\">Spotreba energie bez za\u0165a\u017eenia<\/td>\n<td class=\"et10\" style=\"width: 181.50pt;\" colspan=\"2\" width=\"242\">\uff1c3W<\/td>\n<td class=\"et10\" style=\"width: 84.00pt;\" width=\"112\">W<\/td>\n<td class=\"et11\" style=\"width: 139.50pt;\" width=\"186\">Vstupn\u00e9 nap\u00e4tie: 220V 50Hz<\/td>\n<\/tr>\n<tr style=\"height: 33.00pt;\">\n<td class=\"et6\" style=\"height: 33.00pt; width: 135.75pt;\" width=\"181\" height=\"44\">Re\u017eim zobrazenia<\/td>\n<td class=\"et10\" style=\"width: 181.50pt;\" colspan=\"2\" width=\"242\">LED + kontrolka 5<\/td>\n<td class=\"et12\" style=\"width: 84.00pt;\" width=\"112\">\u00a0<\/td>\n<td class=\"et13\" style=\"width: 139.50pt;\" width=\"186\">\u00a0<\/td>\n<\/tr>\n<tr style=\"height: 91.50pt;\">\n<td class=\"et6\" style=\"height: 91.50pt; width: 135.75pt;\" width=\"181\" height=\"122\">Opera\u010dn\u00fd m\u00f3d<\/td>\n<td class=\"et10\" style=\"width: 181.50pt;\" colspan=\"2\" width=\"242\">K\u013e\u00fa\u010de + k\u00f3dovac\u00ed sp\u00edna\u010d<\/td>\n<td class=\"et12\" style=\"width: 84.00pt;\" width=\"112\">\u00a0<\/td>\n<td class=\"et11\" style=\"width: 139.50pt;\" width=\"186\">R\u00fdchlostn\u00e1 kyvadlov\u00e1 prev\u00e1dzka, patentovan\u00fd dizajn<\/td>\n<\/tr>\n<tr style=\"height: 76.50pt;\">\n<td class=\"et6\" style=\"height: 182.25pt; width: 135.75pt;\" rowspan=\"2\" width=\"181\" height=\"243\">Re\u017eim ovl\u00e1dania<\/td>\n<td class=\"et10\" style=\"width: 87.75pt;\" width=\"117\">S infra\u010derven\u00fdm fotoelektrick\u00fdm sn\u00edma\u010dom<\/td>\n<td class=\"et12\" style=\"width: 93.75pt;\" width=\"125\">\u00a0<\/td>\n<td class=\"et12\" style=\"width: 84.00pt;\" width=\"112\">\u00a0<\/td>\n<td class=\"et11\" style=\"width: 139.50pt;\" rowspan=\"2\" width=\"186\">Riadenie vypnutia materi\u00e1lu pln\u00e9ho\/pr\u00e1zdneho materi\u00e1lu<\/td>\n<\/tr>\n<tr style=\"height: 105.75pt;\">\n<td class=\"et10\" style=\"width: 87.75pt;\" width=\"117\">N\u00edzko\u00farov\u0148ov\u00fd sign\u00e1l (NPN univerz\u00e1lny sn\u00edma\u010d alebo PLC)<\/td>\n<td class=\"et12\" style=\"width: 93.75pt;\" width=\"125\">\u00a0<\/td>\n<td class=\"et12\" style=\"width: 84.00pt;\" width=\"112\">\u00a0<\/td>\n<\/tr>\n<tr style=\"height: 60.75pt;\">\n<td class=\"et6\" style=\"height: 60.75pt; width: 135.75pt;\" width=\"181\" height=\"81\">Pracovn\u00e1 teplota<\/td>\n<td class=\"et10\" style=\"width: 87.75pt;\" width=\"117\">-20<\/td>\n<td class=\"et10\" style=\"width: 93.75pt;\" width=\"125\">40<\/td>\n<td class=\"et10\" style=\"width: 84.00pt;\" width=\"112\">\u2103<\/td>\n<td class=\"et11\" style=\"width: 139.50pt;\" width=\"186\">Ochrana proti prehriatiu: 58 \u2103<\/td>\n<\/tr>\n<tr style=\"height: 48.00pt;\">\n<td class=\"et6\" style=\"height: 48.00pt; width: 135.75pt;\" width=\"181\" height=\"64\">Pracovn\u00e1 relat\u00edvna vlhkos\u0165<\/td>\n<td class=\"et10\" style=\"width: 87.75pt;\" width=\"117\">0<\/td>\n<td class=\"et10\" style=\"width: 93.75pt;\" width=\"125\">90<\/td>\n<td class=\"et10\" style=\"width: 84.00pt;\" width=\"112\">%<\/td>\n<td class=\"et11\" style=\"width: 139.50pt;\" width=\"186\">Bez kondenz\u00e1tu<\/td>\n<\/tr>\n<tr style=\"height: 64.50pt;\">\n<td class=\"et6\" style=\"height: 64.50pt; width: 135.75pt;\" width=\"181\" height=\"86\">Ochrann\u00e9 opatrenia<\/td>\n<td class=\"et10\" style=\"width: 405.00pt;\" colspan=\"4\" width=\"540\">Ochrana proti prehriatiu, nadmern\u00e9mu pr\u00fadu, ochrana proti skratu na v\u00fdstupe<\/td>\n<\/tr>\n<tr style=\"height: 31.50pt;\">\n<td class=\"et14\" style=\"height: 31.50pt; width: 135.75pt;\" width=\"181\" height=\"42\">Aplik\u00e1cia<\/td>\n<td class=\"et15\" style=\"width: 405.00pt;\" colspan=\"4\" width=\"540\">Elektromagnetick\u00e9<\/td>\n<\/tr>\n<\/tbody>\n<\/table>","protected":false},"excerpt":{"rendered":"<p>Kompaktn\u00fd ovl\u00e1da\u010d L150mmW69mmH70mm90mm, in\u0161tal\u00e1cia 130mm*62mm. Vysok\u00e1 \u00faspora \u00fa\u010dinn\u00edka, inteligentn\u00e9 optick\u00e9 rozhranie, patentovan\u00e1 r\u00fdchlos\u0165 prev\u00e1dzky, v\u00fdstup 24V 200mA, z\u00e1ruka 3 roky.<\/p>","protected":false},"featured_media":1992,"comment_status":"open","ping_status":"closed","template":"","meta":[],"product_cat":[45],"product_tag":[],"yoast_head":"<!-- This site is optimized with the Yoast SEO plugin v22.2 - https:\/\/yoast.com\/wordpress\/plugins\/seo\/ -->\n<title>Variable Voltage Digital Controller for Vibratory Feeder SW-30 - SWOER<\/title>\n<meta name=\"robots\" content=\"index, follow, max-snippet:-1, max-image-preview:large, max-video-preview:-1\" \/>\n<link rel=\"canonical\" href=\"https:\/\/swoer.com\/sk\/manufacturer\/variable-voltage-digital-controller-for-vibratory-feeder-sw-30\/\" \/>\n<meta property=\"og:locale\" content=\"sk_SK\" \/>\n<meta property=\"og:type\" content=\"article\" \/>\n<meta property=\"og:title\" content=\"Variable Voltage Digital Controller for Vibratory Feeder SW-30 - SWOER\" \/>\n<meta property=\"og:description\" content=\"Compact controller L150mmW69mmH70mm90mm, 130mm*62mm installation. High power factor saving, smart optical interface, patented speed operation, 24V 200mA output, 3-year warranty.\" \/>\n<meta property=\"og:url\" content=\"https:\/\/swoer.com\/sk\/manufacturer\/variable-voltage-digital-controller-for-vibratory-feeder-sw-30\/\" \/>\n<meta property=\"og:site_name\" content=\"SWOER\" \/>\n<meta property=\"article:modified_time\" content=\"2024-04-17T08:24:59+00:00\" \/>\n<meta property=\"og:image\" content=\"https:\/\/swoer.com\/wp-content\/uploads\/2024\/04\/variable-voltage-digital-controller-for-vibratory-feeder-SW-30.webp\" \/>\n\t<meta property=\"og:image:width\" content=\"1000\" \/>\n\t<meta property=\"og:image:height\" content=\"1000\" \/>\n\t<meta property=\"og:image:type\" content=\"image\/webp\" \/>\n<meta name=\"twitter:card\" content=\"summary_large_image\" \/>\n<meta name=\"twitter:label1\" content=\"Predpokladan\u00fd \u010das \u010d\u00edtania\" \/>\n\t<meta name=\"twitter:data1\" content=\"1 min\u00fata\" \/>\n<script type=\"application\/ld+json\" class=\"yoast-schema-graph\">{\"@context\":\"https:\/\/schema.org\",\"@graph\":[{\"@type\":\"WebPage\",\"@id\":\"https:\/\/swoer.com\/manufacturer\/variable-voltage-digital-controller-for-vibratory-feeder-sw-30\/\",\"url\":\"https:\/\/swoer.com\/manufacturer\/variable-voltage-digital-controller-for-vibratory-feeder-sw-30\/\",\"name\":\"Variable Voltage Digital Controller for Vibratory Feeder SW-30 - SWOER\",\"isPartOf\":{\"@id\":\"https:\/\/swoer.com\/#website\"},\"primaryImageOfPage\":{\"@id\":\"https:\/\/swoer.com\/manufacturer\/variable-voltage-digital-controller-for-vibratory-feeder-sw-30\/#primaryimage\"},\"image\":{\"@id\":\"https:\/\/swoer.com\/manufacturer\/variable-voltage-digital-controller-for-vibratory-feeder-sw-30\/#primaryimage\"},\"thumbnailUrl\":\"https:\/\/swoer.com\/wp-content\/uploads\/2024\/04\/variable-voltage-digital-controller-for-vibratory-feeder-SW-30.webp\",\"datePublished\":\"2024-04-17T08:17:36+00:00\",\"dateModified\":\"2024-04-17T08:24:59+00:00\",\"breadcrumb\":{\"@id\":\"https:\/\/swoer.com\/manufacturer\/variable-voltage-digital-controller-for-vibratory-feeder-sw-30\/#breadcrumb\"},\"inLanguage\":\"sk-SK\",\"potentialAction\":[{\"@type\":\"ReadAction\",\"target\":[\"https:\/\/swoer.com\/manufacturer\/variable-voltage-digital-controller-for-vibratory-feeder-sw-30\/\"]}]},{\"@type\":\"ImageObject\",\"inLanguage\":\"sk-SK\",\"@id\":\"https:\/\/swoer.com\/manufacturer\/variable-voltage-digital-controller-for-vibratory-feeder-sw-30\/#primaryimage\",\"url\":\"https:\/\/swoer.com\/wp-content\/uploads\/2024\/04\/variable-voltage-digital-controller-for-vibratory-feeder-SW-30.webp\",\"contentUrl\":\"https:\/\/swoer.com\/wp-content\/uploads\/2024\/04\/variable-voltage-digital-controller-for-vibratory-feeder-SW-30.webp\",\"width\":1000,\"height\":1000,\"caption\":\"variable voltage digital controller for vibratory feeder SW-30\"},{\"@type\":\"BreadcrumbList\",\"@id\":\"https:\/\/swoer.com\/manufacturer\/variable-voltage-digital-controller-for-vibratory-feeder-sw-30\/#breadcrumb\",\"itemListElement\":[{\"@type\":\"ListItem\",\"position\":1,\"name\":\"Home\",\"item\":\"https:\/\/swoer.com\/\"},{\"@type\":\"ListItem\",\"position\":2,\"name\":\"Shop\",\"item\":\"https:\/\/swoer.com\/shop\/\"},{\"@type\":\"ListItem\",\"position\":3,\"name\":\"Variable Voltage Digital Controller for Vibratory Feeder SW-30\"}]},{\"@type\":\"WebSite\",\"@id\":\"https:\/\/swoer.com\/#website\",\"url\":\"https:\/\/swoer.com\/\",\"name\":\"SWOER\",\"description\":\"Swoer is the top 3 vibratory bowl feeder manufacturer in China\",\"potentialAction\":[{\"@type\":\"SearchAction\",\"target\":{\"@type\":\"EntryPoint\",\"urlTemplate\":\"https:\/\/swoer.com\/?s={search_term_string}\"},\"query-input\":\"required name=search_term_string\"}],\"inLanguage\":\"sk-SK\"}]}<\/script>\n<!-- \/ Yoast SEO plugin. -->","yoast_head_json":{"title":"Variable Voltage Digital Controller for Vibratory Feeder SW-30 - SWOER","robots":{"index":"index","follow":"follow","max-snippet":"max-snippet:-1","max-image-preview":"max-image-preview:large","max-video-preview":"max-video-preview:-1"},"canonical":"https:\/\/swoer.com\/sk\/manufacturer\/variable-voltage-digital-controller-for-vibratory-feeder-sw-30\/","og_locale":"sk_SK","og_type":"article","og_title":"Variable Voltage Digital Controller for Vibratory Feeder SW-30 - SWOER","og_description":"Compact controller L150mmW69mmH70mm90mm, 130mm*62mm installation. High power factor saving, smart optical interface, patented speed operation, 24V 200mA output, 3-year warranty.","og_url":"https:\/\/swoer.com\/sk\/manufacturer\/variable-voltage-digital-controller-for-vibratory-feeder-sw-30\/","og_site_name":"SWOER","article_modified_time":"2024-04-17T08:24:59+00:00","og_image":[{"width":1000,"height":1000,"url":"https:\/\/swoer.com\/wp-content\/uploads\/2024\/04\/variable-voltage-digital-controller-for-vibratory-feeder-SW-30.webp","type":"image\/webp"}],"twitter_card":"summary_large_image","twitter_misc":{"Predpokladan\u00fd \u010das \u010d\u00edtania":"1 min\u00fata"},"schema":{"@context":"https:\/\/schema.org","@graph":[{"@type":"WebPage","@id":"https:\/\/swoer.com\/manufacturer\/variable-voltage-digital-controller-for-vibratory-feeder-sw-30\/","url":"https:\/\/swoer.com\/manufacturer\/variable-voltage-digital-controller-for-vibratory-feeder-sw-30\/","name":"Variable Voltage Digital Controller for Vibratory Feeder SW-30 - SWOER","isPartOf":{"@id":"https:\/\/swoer.com\/#website"},"primaryImageOfPage":{"@id":"https:\/\/swoer.com\/manufacturer\/variable-voltage-digital-controller-for-vibratory-feeder-sw-30\/#primaryimage"},"image":{"@id":"https:\/\/swoer.com\/manufacturer\/variable-voltage-digital-controller-for-vibratory-feeder-sw-30\/#primaryimage"},"thumbnailUrl":"https:\/\/swoer.com\/wp-content\/uploads\/2024\/04\/variable-voltage-digital-controller-for-vibratory-feeder-SW-30.webp","datePublished":"2024-04-17T08:17:36+00:00","dateModified":"2024-04-17T08:24:59+00:00","breadcrumb":{"@id":"https:\/\/swoer.com\/manufacturer\/variable-voltage-digital-controller-for-vibratory-feeder-sw-30\/#breadcrumb"},"inLanguage":"sk-SK","potentialAction":[{"@type":"ReadAction","target":["https:\/\/swoer.com\/manufacturer\/variable-voltage-digital-controller-for-vibratory-feeder-sw-30\/"]}]},{"@type":"ImageObject","inLanguage":"sk-SK","@id":"https:\/\/swoer.com\/manufacturer\/variable-voltage-digital-controller-for-vibratory-feeder-sw-30\/#primaryimage","url":"https:\/\/swoer.com\/wp-content\/uploads\/2024\/04\/variable-voltage-digital-controller-for-vibratory-feeder-SW-30.webp","contentUrl":"https:\/\/swoer.com\/wp-content\/uploads\/2024\/04\/variable-voltage-digital-controller-for-vibratory-feeder-SW-30.webp","width":1000,"height":1000,"caption":"variable voltage digital controller for vibratory feeder SW-30"},{"@type":"BreadcrumbList","@id":"https:\/\/swoer.com\/manufacturer\/variable-voltage-digital-controller-for-vibratory-feeder-sw-30\/#breadcrumb","itemListElement":[{"@type":"ListItem","position":1,"name":"Home","item":"https:\/\/swoer.com\/"},{"@type":"ListItem","position":2,"name":"Shop","item":"https:\/\/swoer.com\/shop\/"},{"@type":"ListItem","position":3,"name":"Variable Voltage Digital Controller for Vibratory Feeder SW-30"}]},{"@type":"WebSite","@id":"https:\/\/swoer.com\/#website","url":"https:\/\/swoer.com\/","name":"SWOER","description":"Swoer is the top 3 vibratory bowl feeder manufacturer in China","potentialAction":[{"@type":"SearchAction","target":{"@type":"EntryPoint","urlTemplate":"https:\/\/swoer.com\/?s={search_term_string}"},"query-input":"required name=search_term_string"}],"inLanguage":"sk-SK"}]}},"_links":{"self":[{"href":"https:\/\/swoer.com\/sk\/wp-json\/wp\/v2\/product\/1991"}],"collection":[{"href":"https:\/\/swoer.com\/sk\/wp-json\/wp\/v2\/product"}],"about":[{"href":"https:\/\/swoer.com\/sk\/wp-json\/wp\/v2\/types\/product"}],"replies":[{"embeddable":true,"href":"https:\/\/swoer.com\/sk\/wp-json\/wp\/v2\/comments?post=1991"}],"wp:featuredmedia":[{"embeddable":true,"href":"https:\/\/swoer.com\/sk\/wp-json\/wp\/v2\/media\/1992"}],"wp:attachment":[{"href":"https:\/\/swoer.com\/sk\/wp-json\/wp\/v2\/media?parent=1991"}],"wp:term":[{"taxonomy":"product_cat","embeddable":true,"href":"https:\/\/swoer.com\/sk\/wp-json\/wp\/v2\/product_cat?post=1991"},{"taxonomy":"product_tag","embeddable":true,"href":"https:\/\/swoer.com\/sk\/wp-json\/wp\/v2\/product_tag?post=1991"}],"curies":[{"name":"wp","href":"https:\/\/api.w.org\/{rel}","templated":true}]}}