{"id":1979,"date":"2024-04-13T07:33:22","date_gmt":"2024-04-13T07:33:22","guid":{"rendered":"https:\/\/swoer.com\/?post_type=product&#038;p=1979"},"modified":"2024-04-13T09:01:56","modified_gmt":"2024-04-13T09:01:56","slug":"vibratory-bowl-feeder-controller-sdvc31-xlr","status":"publish","type":"product","link":"https:\/\/swoer.com\/sk\/manufacturer\/vibratory-bowl-feeder-controller-sdvc31-xlr\/","title":{"rendered":"Vibra\u010dn\u00fd ovl\u00e1da\u010d pod\u00e1va\u010da misy SDVC31-XLR"},"content":{"rendered":"<h2><strong><b>Vlastnosti:<\/b><\/strong><\/h2>\n<p><strong><b>CE certifikovan\u00e9<\/b><\/strong><strong><b>, <\/b><\/strong><strong><b>V s\u00falade s RoHS.<\/b><\/strong><\/p>\n<p><strong><b>\u00daprava frekvencie:\u00a0<\/b><\/strong>V\u00fdstupn\u00fa frekvenciu ovl\u00e1da\u010da je mo\u017en\u00e9 manu\u00e1lne nastavi\u0165 na rezonan\u010dn\u00fa frekvenciu vibra\u010dn\u00e9ho pod\u00e1va\u010da, aby sa dosiahol hladk\u00fd, tich\u00fd a energeticky \u00fasporn\u00fd efekt pod\u00e1vania.<\/p>\n<p><strong><b>Automatick\u00e1 presn\u00e1 regul\u00e1cia nap\u00e4tia:<\/b><\/strong>\u00a0Vn\u00fatorn\u00fd digit\u00e1lny obvod regul\u00e1cie nap\u00e4tia m\u00f4\u017ee eliminova\u0165 kol\u00edsanie r\u00fdchlosti pod\u00e1vania sp\u00f4soben\u00e9 kol\u00edsan\u00edm sie\u0165ov\u00e9ho nap\u00e4tia.<\/p>\n<p><strong><b>\u010casovo nastavite\u013en\u00fd m\u00e4kk\u00fd \u0161tart:<\/b><\/strong>\u00a0Po zapnut\u00ed ovl\u00e1da\u010d jemne zv\u00fd\u0161i v\u00fdstupn\u00e9 nap\u00e4tie z 0 na prednastaven\u00fa hodnotu, aby sa predi\u0161lo n\u00e1hlym otrasom. \u010cas jemn\u00e9ho \u0161tartu je mo\u017en\u00e9 digit\u00e1lne prednastavi\u0165.<\/p>\n<p><strong><b>Ovl\u00e1danie sp\u00edna\u010da ZAP\/VYP:\u00a0<\/b><\/strong>Na zapnutie\/vypnutie ovl\u00e1da\u010da je mo\u017en\u00e9 pripoji\u0165 1 sn\u00edma\u010d sp\u00edna\u010da NPN alebo PLC.<\/p>\n<p><strong><b>Ovl\u00e1danie ZAP\/VYP fotoelektrick\u00e9ho sn\u00edma\u010da:<\/b><\/strong>\u00a0Na zapnutie\/vypnutie ovl\u00e1da\u010da je mo\u017en\u00e9 pripoji\u0165 inteligentn\u00fd fotoelektrick\u00fd senzor CUH.<\/p>\n<p><strong><b>Dia\u013ekov\u00e9 ovl\u00e1danie r\u00fdchlosti:<\/b><\/strong>\u00a0V\u00fdstupn\u00e9 nap\u00e4tie regul\u00e1tora je mo\u017en\u00e9 nastavi\u0165 dia\u013ekovo extern\u00fdm potenciometrom, PLC alebo sign\u00e1lom 1-5V DC.<\/p>\n<p><strong><b>DC riadiaci v\u00fdstup:<\/b><\/strong>\u00a0Ovl\u00e1da\u010d m\u00f4\u017ee vyd\u00e1va\u0165 n\u00edzkonap\u00e4\u0165ov\u00e9 jednosmern\u00e9 nap\u00e1janie spojen\u00e9 s ovl\u00e1dan\u00edm ON\/OFF ovl\u00e1da\u010da na ovl\u00e1danie solenoidu alebo in\u00fdch extern\u00fdch zariaden\u00ed.<\/p>\n<p><strong><b>Z\u00e1mok kl\u00e1vesnice:<\/b><\/strong>\u00a0Zamknite v\u0161etky tla\u010didl\u00e1 na kl\u00e1vesnici, aby ste predi\u0161li nespr\u00e1vnej \u010dinnosti stla\u010den\u00edm tla\u010didla ON\/OFF a jeho podr\u017ean\u00edm na 2 sekundy.<\/p>\n<p><strong><b>Ochrana proti prehriatiu:\u00a0<\/b><\/strong>Ak sa vn\u00fatorn\u00e1 teplota regul\u00e1tora pr\u00edli\u0161 zv\u00fd\u0161i, regul\u00e1tor zastav\u00ed svoj v\u00fdstup, aby sa ochr\u00e1nil.<\/p>\n<p><strong><b>Nadpr\u00fadov\u00e1 ochrana:<\/b><\/strong>\u00a0Ak v\u00fdstupn\u00fd pr\u00fad prekro\u010d\u00ed svoju menovit\u00fa hodnotu, regul\u00e1tor zastav\u00ed svoj v\u00fdstup, aby ochr\u00e1nil seba a z\u00e1\u0165a\u017e.<\/p>\n<p><strong><b>Obnovite\u013en\u00e1 ochrana proti skratu:<\/b><\/strong>\u00a0Ak je v\u00fdstup regul\u00e1tora skratovan\u00fd, regul\u00e1tor vypne svoj v\u00fdstup, aby ochr\u00e1nil seba a z\u00e1\u0165a\u017e. Ale poistka vo vn\u00fatri nebude sp\u00e1len\u00e1. Tak\u017ee ke\u010f ned\u00f4jde ku skratu na v\u00fdstupnej strane, regul\u00e1tor bude po zapnut\u00ed op\u00e4\u0165 fungova\u0165.<\/p>\n<p><strong><b>Maxim\u00e1lne nastavite\u013en\u00e9 v\u00fdstupn\u00e9 nap\u00e4tie:<\/b><\/strong>\u00a0Maxim\u00e1lne nastavite\u013en\u00e9 v\u00fdstupn\u00e9 nap\u00e4tie je mo\u017en\u00e9 prednastavi\u0165, aby bola z\u00e1\u0165a\u017e chr\u00e1nen\u00e1 pred po\u0161koden\u00edm sp\u00f4soben\u00fdm pr\u00edli\u0161 vysok\u00fdm nap\u00e4t\u00edm.<\/p>\n<h2><strong><b>\u0160tandardn\u00e9 pr\u00edslu\u0161enstvo:<\/b><\/strong><\/h2>\n<p>Vstupn\u00fd nap\u00e1jac\u00ed k\u00e1bel (1,5 m) *1<\/p>\n<p>V\u00fdstupn\u00fd nap\u00e1jac\u00ed k\u00e1bel (1,5 m) *1<\/p>\n<p>Pozn\u00e1mka: Vstupn\u00fd nap\u00e1jac\u00ed k\u00e1bel je mo\u017en\u00e9 prisp\u00f4sobi\u0165 tak, aby vyhovoval z\u00e1suvke vo va\u0161ej krajine.<\/p>\n<h2><strong><b>Volite\u013en\u00e9 pr\u00edslu\u0161enstvo:<\/b><\/strong><\/h2>\n<p>Inteligentn\u00fd fotoelektrick\u00fd senzor (1,5 m)<\/p>\n<h2 class=\"p\"><strong><span class=\"15\">Rozmery a hmotnos\u0165:<\/span><\/strong><\/h2>\n<p class=\"p\">Rozmery: 190*53,6*94,5(D*\u0160*V, mm)<\/p>\n<p class=\"p\">Hmotnos\u0165: SDVC31-S: 610 g (bez pr\u00edslu\u0161enstva)<\/p>\n<h2><strong><b>Technick\u00e1 \u0161pecifik\u00e1cia<\/b><\/strong><\/h2>\n<table width=\"710\">\n<tbody>\n<tr>\n<td rowspan=\"2\" width=\"242\">Polo\u017eka<\/td>\n<td colspan=\"3\" width=\"216\">Rozsah<\/td>\n<td rowspan=\"2\" width=\"72\">Jednotka<\/td>\n<td rowspan=\"2\" width=\"180\">Popis<\/td>\n<\/tr>\n<tr>\n<td width=\"72\">Min<\/td>\n<td width=\"72\">Typick\u00e9<\/td>\n<td width=\"72\">Max<\/td>\n<\/tr>\n<tr>\n<td width=\"242\">Vstupn\u00e9 nap\u00e4tie<\/td>\n<td width=\"72\">85<\/td>\n<td width=\"72\">220<\/td>\n<td width=\"72\">260<\/td>\n<td width=\"72\">V<\/td>\n<td width=\"180\">AV RMS<\/td>\n<\/tr>\n<tr>\n<td width=\"242\">Nastavite\u013en\u00fd rozsah v\u00fdstupn\u00e9ho nap\u00e4tia<\/td>\n<td width=\"72\">0<\/td>\n<td width=\"72\">&#8212;<\/td>\n<td width=\"72\">260<\/td>\n<td width=\"72\">V<\/td>\n<td width=\"180\">Vstupn\u00e9 nap\u00e4tie ni\u017e\u0161ie ako 150%<\/td>\n<\/tr>\n<tr>\n<td width=\"242\">Presnos\u0165 nastavenia nap\u00e4tia<\/td>\n<td colspan=\"3\" width=\"216\">1<\/td>\n<td width=\"72\">V<\/td>\n<td width=\"180\"><\/td>\n<\/tr>\n<tr>\n<td width=\"242\">Presnos\u0165 regul\u00e1cie nap\u00e4tia<\/td>\n<td width=\"72\">0<\/td>\n<td width=\"72\">&#8212;<\/td>\n<td width=\"72\">10<\/td>\n<td width=\"72\">%<\/td>\n<td width=\"180\">\u25b3Vout\/\u25b3Vin<\/td>\n<\/tr>\n<tr>\n<td width=\"242\">Doba odozvy regul\u00e1cie nap\u00e4tia<\/td>\n<td width=\"72\">0.0025<\/td>\n<td width=\"72\">&#8212;<\/td>\n<td width=\"72\">0.025<\/td>\n<td width=\"72\">s<\/td>\n<td width=\"180\">peri\u00f3da v\u00fdstupn\u00e9ho nap\u00e4tia<\/td>\n<\/tr>\n<tr>\n<td rowspan=\"2\" width=\"242\">Nastavite\u013en\u00fd rozsah v\u00fdstupn\u00e9ho pr\u00fadu<\/td>\n<td width=\"72\">0<\/td>\n<td width=\"72\">&#8212;<\/td>\n<td width=\"72\">1.5<\/td>\n<td width=\"72\">A<\/td>\n<td width=\"180\">Slaby prud<\/td>\n<\/tr>\n<tr>\n<td width=\"72\">0<\/td>\n<td width=\"72\">&#8212;<\/td>\n<td width=\"72\">3<\/td>\n<td width=\"72\">A<\/td>\n<td width=\"180\">Stredn\u00fd v\u00fdkon<\/td>\n<\/tr>\n<tr>\n<td rowspan=\"2\" width=\"242\">V\u00fdstupn\u00fd v\u00fdkon<\/td>\n<td width=\"72\">0<\/td>\n<td width=\"72\">&#8212;<\/td>\n<td width=\"72\">330<\/td>\n<td width=\"72\">VA<\/td>\n<td width=\"180\">Slaby prud<\/td>\n<\/tr>\n<tr>\n<td width=\"72\">0<\/td>\n<td width=\"72\">&#8212;<\/td>\n<td width=\"72\">660<\/td>\n<td width=\"72\">VA<\/td>\n<td width=\"180\">Stredn\u00fd v\u00fdkon<\/td>\n<\/tr>\n<tr>\n<td width=\"242\">V\u00fdstupn\u00e1 frekvencia<\/td>\n<td width=\"72\">40<\/td>\n<td width=\"72\">&#8212;<\/td>\n<td width=\"72\">400<\/td>\n<td width=\"72\">Hz<\/td>\n<td width=\"180\"><\/td>\n<\/tr>\n<tr>\n<td width=\"242\">Presnos\u0165 nastavenia frekvencie<\/td>\n<td colspan=\"3\" width=\"216\">0.1<\/td>\n<td width=\"72\">Hz<\/td>\n<td width=\"180\"><\/td>\n<\/tr>\n<tr>\n<td width=\"242\">OutputWaveform<\/td>\n<td colspan=\"3\" width=\"216\">s\u00ednus<\/td>\n<td width=\"72\"><\/td>\n<td width=\"180\"><\/td>\n<\/tr>\n<tr>\n<td width=\"242\">\u010cas m\u00e4kk\u00e9ho spustenia<\/td>\n<td width=\"72\">0<\/td>\n<td width=\"72\">&#8212;<\/td>\n<td width=\"72\">10<\/td>\n<td width=\"72\">s<\/td>\n<td width=\"180\">Predvolen\u00e1 hodnota z v\u00fdroby: 0,5<\/td>\n<\/tr>\n<tr>\n<td width=\"242\">\u010casov\u00fd rozsah oneskorenia zapnutia\/vypnutia<\/td>\n<td width=\"72\">0<\/td>\n<td width=\"72\">&#8212;<\/td>\n<td width=\"72\">20<\/td>\n<td width=\"72\">s<\/td>\n<td width=\"180\">Predvolen\u00e1 hodnota z v\u00fdroby: 0,2<\/td>\n<\/tr>\n<tr>\n<td width=\"242\">Presnos\u0165 oneskorenia zapnutia\/vypnutia<\/td>\n<td colspan=\"3\" width=\"216\">0.1<\/td>\n<td width=\"72\">s<\/td>\n<td width=\"180\"><\/td>\n<\/tr>\n<tr>\n<td width=\"242\">Teplota spustenia ochrany proti prehriatiu<\/td>\n<td width=\"72\">58<\/td>\n<td width=\"72\">60<\/td>\n<td width=\"72\">66<\/td>\n<td width=\"72\">\u2103<\/td>\n<td width=\"180\"><\/td>\n<\/tr>\n<tr>\n<td width=\"242\">V\u00fdstupn\u00fd pr\u00fad riadenia DC<\/td>\n<td width=\"72\">0<\/td>\n<td width=\"72\">&#8212;<\/td>\n<td width=\"72\">200<\/td>\n<td width=\"72\">mA<\/td>\n<td width=\"180\"><\/td>\n<\/tr>\n<tr>\n<td width=\"242\">Anal\u00f3gov\u00fd riadiaci sign\u00e1l<\/td>\n<td colspan=\"3\" width=\"216\">1-5<\/td>\n<td width=\"72\">V<\/td>\n<td width=\"180\">Riadiace nap\u00e4tie Renctespeed<\/td>\n<\/tr>\n<tr>\n<td width=\"242\">Digit\u00e1lny riadiaci sign\u00e1l<\/td>\n<td colspan=\"3\" width=\"216\">24<\/td>\n<td width=\"72\">V<\/td>\n<td width=\"180\">Prep\u00ednac\u00ed sign\u00e1l<\/td>\n<\/tr>\n<tr>\n<td width=\"242\">Met\u00f3da \u00fapravy<\/td>\n<td colspan=\"3\" width=\"216\">6<\/td>\n<td width=\"72\">Tla\u010didlo<\/td>\n<td width=\"180\"><\/td>\n<\/tr>\n<tr>\n<td width=\"242\">Spotreba energie v pohotovostnom re\u017eime<\/td>\n<td width=\"72\">&#8212;<\/td>\n<td width=\"72\">3<\/td>\n<td width=\"72\"><\/td>\n<td width=\"72\">W<\/td>\n<td width=\"180\"><\/td>\n<\/tr>\n<tr>\n<td width=\"242\">Sp\u00f4sob zobrazenia<\/td>\n<td colspan=\"3\" width=\"216\">5<\/td>\n<td width=\"72\">\u010c\u00edslica<\/td>\n<td width=\"180\">LED digit\u00e1lne trubice<\/td>\n<\/tr>\n<tr>\n<td width=\"242\">Teplota okolia<\/td>\n<td width=\"72\">0<\/td>\n<td width=\"72\">25<\/td>\n<td width=\"72\">40<\/td>\n<td width=\"72\">\u2103<\/td>\n<td rowspan=\"2\" width=\"180\">\u017diadna kondenz\u00e1cia<\/td>\n<\/tr>\n<tr>\n<td width=\"242\">Okolit\u00e1 vlhkos\u0165<\/td>\n<td width=\"72\">10<\/td>\n<td width=\"72\">60<\/td>\n<td width=\"72\">85<\/td>\n<td width=\"72\">%<\/td>\n<\/tr>\n<\/tbody>\n<\/table>","protected":false},"excerpt":{"rendered":"<p>Vibra\u010dn\u00fd ovl\u00e1da\u010d pod\u00e1va\u010da misy SDVC31-XLR: CE-certifikovan\u00fd, pon\u00faka manu\u00e1lne nastavenie frekvencie pre plynul\u00e9 pod\u00e1vanie a automatick\u00fa regul\u00e1ciu nap\u00e4tia pre stabilitu.<\/p>\n<p>Obsahuje m\u00e4kk\u00fd \u0161tart, senzorov\u00e9 ovl\u00e1dacie prvky a bezpe\u010dnostn\u00e9 ochrany. Obsahuje \u0161tandardn\u00e9 k\u00e1ble.<\/p>\n<p>Rozmery: 190<em>53.6<\/em>94,5 mm; Hmotnos\u0165: 610 g (bez pr\u00edslu\u0161enstva).<\/p>","protected":false},"featured_media":1980,"comment_status":"open","ping_status":"closed","template":"","meta":[],"product_cat":[45],"product_tag":[],"yoast_head":"<!-- This site is optimized with the Yoast SEO plugin v22.2 - https:\/\/yoast.com\/wordpress\/plugins\/seo\/ -->\n<title>Vibratory Bowl Feeder Controller SDVC31-XLR - SWOER<\/title>\n<meta name=\"robots\" content=\"index, follow, max-snippet:-1, max-image-preview:large, max-video-preview:-1\" \/>\n<link rel=\"canonical\" href=\"https:\/\/swoer.com\/sk\/manufacturer\/vibratory-bowl-feeder-controller-sdvc31-xlr\/\" \/>\n<meta property=\"og:locale\" content=\"sk_SK\" \/>\n<meta property=\"og:type\" content=\"article\" \/>\n<meta property=\"og:title\" content=\"Vibratory Bowl Feeder Controller SDVC31-XLR - SWOER\" \/>\n<meta property=\"og:description\" content=\"The vibratory bowl feeder controller SDVC31-XLR: CE-certified, it offers manual frequency adjustment for smooth feeding and automatic voltage regulation for stability.  Features soft start, sensor controls, and safety protections. Includes standard cables.  Dimensions: 19053.694.5mm; Weight: 610g (without accessories).\" \/>\n<meta property=\"og:url\" content=\"https:\/\/swoer.com\/sk\/manufacturer\/vibratory-bowl-feeder-controller-sdvc31-xlr\/\" \/>\n<meta property=\"og:site_name\" content=\"SWOER\" \/>\n<meta property=\"article:modified_time\" content=\"2024-04-13T09:01:56+00:00\" \/>\n<meta property=\"og:image\" content=\"https:\/\/swoer.com\/wp-content\/uploads\/2024\/04\/vibratory-bowl-feeder-controller-SDVC31-XLR.webp\" \/>\n\t<meta property=\"og:image:width\" content=\"1000\" \/>\n\t<meta property=\"og:image:height\" content=\"1000\" \/>\n\t<meta property=\"og:image:type\" content=\"image\/webp\" \/>\n<meta name=\"twitter:card\" content=\"summary_large_image\" \/>\n<meta name=\"twitter:label1\" content=\"Predpokladan\u00fd \u010das \u010d\u00edtania\" \/>\n\t<meta name=\"twitter:data1\" content=\"3 min\u00faty\" \/>\n<script type=\"application\/ld+json\" class=\"yoast-schema-graph\">{\"@context\":\"https:\/\/schema.org\",\"@graph\":[{\"@type\":\"WebPage\",\"@id\":\"https:\/\/swoer.com\/manufacturer\/vibratory-bowl-feeder-controller-sdvc31-xlr\/\",\"url\":\"https:\/\/swoer.com\/manufacturer\/vibratory-bowl-feeder-controller-sdvc31-xlr\/\",\"name\":\"Vibratory Bowl Feeder Controller SDVC31-XLR - SWOER\",\"isPartOf\":{\"@id\":\"https:\/\/swoer.com\/#website\"},\"primaryImageOfPage\":{\"@id\":\"https:\/\/swoer.com\/manufacturer\/vibratory-bowl-feeder-controller-sdvc31-xlr\/#primaryimage\"},\"image\":{\"@id\":\"https:\/\/swoer.com\/manufacturer\/vibratory-bowl-feeder-controller-sdvc31-xlr\/#primaryimage\"},\"thumbnailUrl\":\"https:\/\/swoer.com\/wp-content\/uploads\/2024\/04\/vibratory-bowl-feeder-controller-SDVC31-XLR.webp\",\"datePublished\":\"2024-04-13T07:33:22+00:00\",\"dateModified\":\"2024-04-13T09:01:56+00:00\",\"breadcrumb\":{\"@id\":\"https:\/\/swoer.com\/manufacturer\/vibratory-bowl-feeder-controller-sdvc31-xlr\/#breadcrumb\"},\"inLanguage\":\"sk-SK\",\"potentialAction\":[{\"@type\":\"ReadAction\",\"target\":[\"https:\/\/swoer.com\/manufacturer\/vibratory-bowl-feeder-controller-sdvc31-xlr\/\"]}]},{\"@type\":\"ImageObject\",\"inLanguage\":\"sk-SK\",\"@id\":\"https:\/\/swoer.com\/manufacturer\/vibratory-bowl-feeder-controller-sdvc31-xlr\/#primaryimage\",\"url\":\"https:\/\/swoer.com\/wp-content\/uploads\/2024\/04\/vibratory-bowl-feeder-controller-SDVC31-XLR.webp\",\"contentUrl\":\"https:\/\/swoer.com\/wp-content\/uploads\/2024\/04\/vibratory-bowl-feeder-controller-SDVC31-XLR.webp\",\"width\":1000,\"height\":1000,\"caption\":\"vibratory bowl feeder controller SDVC31-XLR\"},{\"@type\":\"BreadcrumbList\",\"@id\":\"https:\/\/swoer.com\/manufacturer\/vibratory-bowl-feeder-controller-sdvc31-xlr\/#breadcrumb\",\"itemListElement\":[{\"@type\":\"ListItem\",\"position\":1,\"name\":\"Home\",\"item\":\"https:\/\/swoer.com\/\"},{\"@type\":\"ListItem\",\"position\":2,\"name\":\"Shop\",\"item\":\"https:\/\/swoer.com\/shop\/\"},{\"@type\":\"ListItem\",\"position\":3,\"name\":\"Vibratory Bowl Feeder Controller SDVC31-XLR\"}]},{\"@type\":\"WebSite\",\"@id\":\"https:\/\/swoer.com\/#website\",\"url\":\"https:\/\/swoer.com\/\",\"name\":\"SWOER\",\"description\":\"Swoer is the top 3 vibratory bowl feeder manufacturer in China\",\"potentialAction\":[{\"@type\":\"SearchAction\",\"target\":{\"@type\":\"EntryPoint\",\"urlTemplate\":\"https:\/\/swoer.com\/?s={search_term_string}\"},\"query-input\":\"required name=search_term_string\"}],\"inLanguage\":\"sk-SK\"}]}<\/script>\n<!-- \/ Yoast SEO plugin. -->","yoast_head_json":{"title":"Vibratory Bowl Feeder Controller SDVC31-XLR - SWOER","robots":{"index":"index","follow":"follow","max-snippet":"max-snippet:-1","max-image-preview":"max-image-preview:large","max-video-preview":"max-video-preview:-1"},"canonical":"https:\/\/swoer.com\/sk\/manufacturer\/vibratory-bowl-feeder-controller-sdvc31-xlr\/","og_locale":"sk_SK","og_type":"article","og_title":"Vibratory Bowl Feeder Controller SDVC31-XLR - SWOER","og_description":"The vibratory bowl feeder controller SDVC31-XLR: CE-certified, it offers manual frequency adjustment for smooth feeding and automatic voltage regulation for stability.  Features soft start, sensor controls, and safety protections. Includes standard cables.  Dimensions: 19053.694.5mm; Weight: 610g (without accessories).","og_url":"https:\/\/swoer.com\/sk\/manufacturer\/vibratory-bowl-feeder-controller-sdvc31-xlr\/","og_site_name":"SWOER","article_modified_time":"2024-04-13T09:01:56+00:00","og_image":[{"width":1000,"height":1000,"url":"https:\/\/swoer.com\/wp-content\/uploads\/2024\/04\/vibratory-bowl-feeder-controller-SDVC31-XLR.webp","type":"image\/webp"}],"twitter_card":"summary_large_image","twitter_misc":{"Predpokladan\u00fd \u010das \u010d\u00edtania":"3 min\u00faty"},"schema":{"@context":"https:\/\/schema.org","@graph":[{"@type":"WebPage","@id":"https:\/\/swoer.com\/manufacturer\/vibratory-bowl-feeder-controller-sdvc31-xlr\/","url":"https:\/\/swoer.com\/manufacturer\/vibratory-bowl-feeder-controller-sdvc31-xlr\/","name":"Vibratory Bowl Feeder Controller SDVC31-XLR - SWOER","isPartOf":{"@id":"https:\/\/swoer.com\/#website"},"primaryImageOfPage":{"@id":"https:\/\/swoer.com\/manufacturer\/vibratory-bowl-feeder-controller-sdvc31-xlr\/#primaryimage"},"image":{"@id":"https:\/\/swoer.com\/manufacturer\/vibratory-bowl-feeder-controller-sdvc31-xlr\/#primaryimage"},"thumbnailUrl":"https:\/\/swoer.com\/wp-content\/uploads\/2024\/04\/vibratory-bowl-feeder-controller-SDVC31-XLR.webp","datePublished":"2024-04-13T07:33:22+00:00","dateModified":"2024-04-13T09:01:56+00:00","breadcrumb":{"@id":"https:\/\/swoer.com\/manufacturer\/vibratory-bowl-feeder-controller-sdvc31-xlr\/#breadcrumb"},"inLanguage":"sk-SK","potentialAction":[{"@type":"ReadAction","target":["https:\/\/swoer.com\/manufacturer\/vibratory-bowl-feeder-controller-sdvc31-xlr\/"]}]},{"@type":"ImageObject","inLanguage":"sk-SK","@id":"https:\/\/swoer.com\/manufacturer\/vibratory-bowl-feeder-controller-sdvc31-xlr\/#primaryimage","url":"https:\/\/swoer.com\/wp-content\/uploads\/2024\/04\/vibratory-bowl-feeder-controller-SDVC31-XLR.webp","contentUrl":"https:\/\/swoer.com\/wp-content\/uploads\/2024\/04\/vibratory-bowl-feeder-controller-SDVC31-XLR.webp","width":1000,"height":1000,"caption":"vibratory bowl feeder controller SDVC31-XLR"},{"@type":"BreadcrumbList","@id":"https:\/\/swoer.com\/manufacturer\/vibratory-bowl-feeder-controller-sdvc31-xlr\/#breadcrumb","itemListElement":[{"@type":"ListItem","position":1,"name":"Home","item":"https:\/\/swoer.com\/"},{"@type":"ListItem","position":2,"name":"Shop","item":"https:\/\/swoer.com\/shop\/"},{"@type":"ListItem","position":3,"name":"Vibratory Bowl Feeder Controller SDVC31-XLR"}]},{"@type":"WebSite","@id":"https:\/\/swoer.com\/#website","url":"https:\/\/swoer.com\/","name":"SWOER","description":"Swoer is the top 3 vibratory bowl feeder manufacturer in China","potentialAction":[{"@type":"SearchAction","target":{"@type":"EntryPoint","urlTemplate":"https:\/\/swoer.com\/?s={search_term_string}"},"query-input":"required name=search_term_string"}],"inLanguage":"sk-SK"}]}},"_links":{"self":[{"href":"https:\/\/swoer.com\/sk\/wp-json\/wp\/v2\/product\/1979"}],"collection":[{"href":"https:\/\/swoer.com\/sk\/wp-json\/wp\/v2\/product"}],"about":[{"href":"https:\/\/swoer.com\/sk\/wp-json\/wp\/v2\/types\/product"}],"replies":[{"embeddable":true,"href":"https:\/\/swoer.com\/sk\/wp-json\/wp\/v2\/comments?post=1979"}],"wp:featuredmedia":[{"embeddable":true,"href":"https:\/\/swoer.com\/sk\/wp-json\/wp\/v2\/media\/1980"}],"wp:attachment":[{"href":"https:\/\/swoer.com\/sk\/wp-json\/wp\/v2\/media?parent=1979"}],"wp:term":[{"taxonomy":"product_cat","embeddable":true,"href":"https:\/\/swoer.com\/sk\/wp-json\/wp\/v2\/product_cat?post=1979"},{"taxonomy":"product_tag","embeddable":true,"href":"https:\/\/swoer.com\/sk\/wp-json\/wp\/v2\/product_tag?post=1979"}],"curies":[{"name":"wp","href":"https:\/\/api.w.org\/{rel}","templated":true}]}}