{"id":1839,"date":"2024-04-02T08:27:07","date_gmt":"2024-04-02T08:27:07","guid":{"rendered":"https:\/\/lightgrey-porpoise-816575.hostingersite.com\/?post_type=product&#038;p=1839"},"modified":"2024-07-31T09:05:56","modified_gmt":"2024-07-31T01:05:56","slug":"automatic-riveting-machine","status":"publish","type":"product","link":"https:\/\/swoer.com\/sk\/manufacturer\/automatic-riveting-machine\/","title":{"rendered":"Automatick\u00fd nitovac\u00ed stroj"},"content":{"rendered":"<p data-sourcepos=\"3:1-3:9\">Automatick\u00fd nitovac\u00ed stroj SWOER je pokro\u010dil\u00fd syst\u00e9m, ktor\u00fd automaticky pren\u00e1\u0161a nity do tlamy na \u0165ahanie klincov. Tento stroj sme navrhli tak, aby zaplnil kritick\u00e9 medzery v \u010d\u00ednskom priemysle a z\u00edskal mno\u017estvo patentov. Pou\u017e\u00edvanie tohto stroja m\u00f4\u017ee v\u00e1\u0161mu podniku u\u0161etri\u0165 viac ako 301 TP3T n\u00e1kladov na pr\u00e1cu.<\/p>\n<p data-sourcepos=\"5:1-5:135\">Na rozdiel od in\u00fdch automatick\u00fdch nitovac\u00edch strojov, model SWOER funguje odli\u0161n\u00fdm sp\u00f4sobom. Zatia\u013e \u010do konven\u010dn\u00e9 stroje vy\u017eaduj\u00fa ru\u010dn\u00e9 umiestnenie nitov a ovl\u00e1danie \u00fastia nitov, ktor\u00e9 sa spoliehaj\u00fa na podtlak na nas\u00e1vanie nitov, automatick\u00fd nitovac\u00ed stroj SWOER naopak poskytuje automatizovan\u00fd pr\u00edstup. N\u00e1\u0161 stroj pou\u017e\u00edva stla\u010den\u00fd vzduch na prepravu nitov priamo do \u00fastia pi\u0161tole prostredn\u00edctvom automatizovan\u00e9ho nitu. usporiadanie a oddelenie. Prijat\u00edm automatick\u00e9ho nitovacieho stroja SWOER m\u00f4\u017eete transformova\u0165 n\u00e1ro\u010dn\u00e9 manu\u00e1lne oper\u00e1cie s klincami na automatizovan\u00e9 alebo bezobslu\u017en\u00e9 procesy, \u010do predstavuje v\u00fdznamn\u00fd technologick\u00fd pokrok v nechtovom priemysle.<\/p>\n\t<div id=\"gap-1508071957\" class=\"gap-element clearfix\" style=\"display:block; height:auto;\">\n\t\t\n<style>\n#gap-1508071957 {\n  padding-top: 30px;\n}\n<\/style>\n\t<\/div>\n\t\n<h2><strong>\u0161pecifik\u00e1cia:<\/strong><\/h2>\n\t<div id=\"text-445474457\" class=\"text\">\n\t\t\n<table style=\"border-collapse: collapse; width: 432.77pt;\" border=\"0\" width=\"577\" cellspacing=\"0\" cellpadding=\"0\">\n<tbody>\n<tr style=\"height: 15.00pt;\">\n<td class=\"et2\" style=\"height: 15.00pt; width: 206.25pt;\" width=\"275\" height=\"20\">Polo\u017eka<\/td>\n<td class=\"et2\" style=\"width: 226.50pt;\" width=\"302\">Hodnota<\/td>\n<\/tr>\n<tr style=\"height: 15.00pt;\">\n<td class=\"et2\" style=\"height: 15.00pt; width: 206.25pt;\" width=\"275\" height=\"20\">\u010c\u00edslo modelu<\/td>\n<td class=\"et2\" style=\"width: 226.50pt;\" width=\"302\">SW-1000A<\/td>\n<\/tr>\n<tr style=\"height: 15.00pt;\">\n<td class=\"et2\" style=\"height: 15.00pt; width: 206.25pt;\" width=\"275\" height=\"20\">Z\u00e1ruka<\/td>\n<td class=\"et2\" style=\"width: 226.50pt;\" width=\"302\">1 rok<\/td>\n<\/tr>\n<tr style=\"height: 15.00pt;\">\n<td class=\"et2\" style=\"height: 15.00pt; width: 206.25pt;\" width=\"275\" height=\"20\">R\u00fdchlos\u0165 bez za\u0165a\u017eenia<\/td>\n<td class=\"et3\" style=\"width: 226.50pt;\" width=\"302\">0<\/td>\n<\/tr>\n<tr style=\"height: 15.00pt;\">\n<td class=\"et2\" style=\"height: 15.00pt; width: 206.25pt;\" width=\"275\" height=\"20\">Prisp\u00f4soben\u00e1 podpora<\/td>\n<td class=\"et2\" style=\"width: 226.50pt;\" width=\"302\">OEM<\/td>\n<\/tr>\n<tr style=\"height: 15.00pt;\">\n<td class=\"et2\" style=\"height: 15.00pt; width: 206.25pt;\" width=\"275\" height=\"20\">Miesto p\u00f4vodu<\/td>\n<td class=\"et2\" style=\"width: 226.50pt;\" width=\"302\">\u010c\u00edna<\/td>\n<\/tr>\n<tr style=\"height: 15.00pt;\">\n<td class=\"et2\" style=\"height: 15.00pt; width: 206.25pt;\" width=\"275\" height=\"20\">n\u00e1zov<\/td>\n<td class=\"et2\" style=\"width: 226.50pt;\" width=\"302\">Automatick\u00fd nitovac\u00ed stroj<\/td>\n<\/tr>\n<tr style=\"height: 15.00pt;\">\n<td class=\"et2\" style=\"height: 15.00pt; width: 206.25pt;\" width=\"275\" height=\"20\">Farba<\/td>\n<td class=\"et2\" style=\"width: 226.50pt;\" width=\"302\">Bled\u00fd<\/td>\n<\/tr>\n<tr style=\"height: 15.00pt;\">\n<td class=\"et2\" style=\"height: 15.00pt; width: 206.25pt;\" width=\"275\" height=\"20\">Hmotnos\u0165<\/td>\n<td class=\"et2\" style=\"width: 226.50pt;\" width=\"302\">50 kg<\/td>\n<\/tr>\n<tr style=\"height: 15.00pt;\">\n<td class=\"et2\" style=\"height: 15.00pt; width: 206.25pt;\" width=\"275\" height=\"20\">R\u00fdchlos\u0165 pod\u00e1vania nechtov<\/td>\n<td class=\"et2\" style=\"width: 226.50pt;\" width=\"302\">60~120ks\/min<\/td>\n<\/tr>\n<tr style=\"height: 15.00pt;\">\n<td class=\"et2\" style=\"height: 15.00pt; width: 206.25pt;\" width=\"275\" height=\"20\">Tlak<\/td>\n<td class=\"et2\" style=\"width: 226.50pt;\" width=\"302\">5,5 a\u017e 6,5 barov<\/td>\n<\/tr>\n<tr style=\"height: 15.00pt;\">\n<td class=\"et2\" style=\"height: 15.00pt; width: 206.25pt;\" width=\"275\" height=\"20\">Ve\u013ekos\u0165 podvozku<\/td>\n<td class=\"et2\" style=\"width: 226.50pt;\" width=\"302\">530*360*380mm<\/td>\n<\/tr>\n<\/tbody>\n<\/table>\n\t\t\n<style>\n#text-445474457 {\n  font-size: 1.15rem;\n  line-height: 3;\n}\n<\/style>\n\t<\/div>\n\t\n\t<div id=\"gap-779524774\" class=\"gap-element clearfix\" style=\"display:block; height:auto;\">\n\t\t\n<style>\n#gap-779524774 {\n  padding-top: 30px;\n}\n<\/style>\n\t<\/div>\n\t\n<h3><strong>Automatick\u00fd nitovac\u00ed stroj SWOER pozost\u00e1va z dvoch hlavn\u00fdch komponentov: hlavn\u00e9ho motora a komponentov nastre\u013eovacej pi\u0161tole.<\/strong><\/h3>\n<ol>\n<li>Hlavn\u00fd motor zah\u0155\u0148a pohybov\u00fd syst\u00e9m stroja, riadiaci syst\u00e9m stroja a detek\u010dn\u00fd syst\u00e9m. \u00dalohou pohybov\u00e9ho syst\u00e9mu stroja je usporiadane oddeli\u0165 nity a dopravi\u0165 ich do trysky pi\u0161tole v ur\u010ditom smere. Riadiaci syst\u00e9m stroja medzit\u00fdm riadi \u010dinnos\u0165 r\u00f4znych \u010dast\u00ed pod\u013ea vopred nastaven\u00fdch pokynov. Detek\u010dn\u00fd syst\u00e9m z\u00e1rove\u0148 zabezpe\u010duje stabiln\u00fa prev\u00e1dzku stroja pod\u013ea naprogramovan\u00fdch parametrov.<\/li>\n<\/ol>\n<p>2. Komponent nastre\u013eovacej pi\u0161tole zah\u0155\u0148a nastre\u013eovaciu pi\u0161to\u013e, mechanizmus prij\u00edmania nitov a mechanizmus zberu a v\u00fdstupu sign\u00e1lu. Okrem toho nastre\u013eovacia pi\u0161to\u013e, \u0161tandardn\u00e1 automatick\u00e1 nastre\u013eovacia pi\u0161to\u013e dostupn\u00e1 na trhu, sl\u00fa\u017ei ako prim\u00e1rny n\u00e1stroj na opracovanie nechtov, \u010di u\u017e manu\u00e1lne alebo automatick\u00e9. Mechanizmus prij\u00edmania nitov zachyt\u00e1va a naklad\u00e1 nity prepravovan\u00e9 hlavn\u00fdm motorom potrub\u00edm do komponentu nitovacej trysky, \u010do predstavuje z\u00e1kladn\u00fa technol\u00f3giu automatick\u00e9ho nitovacieho stroja. Nakoniec mechanizmus zberu a v\u00fdstupu sign\u00e1lov, ako nazna\u010duje jeho n\u00e1zov, zhroma\u017e\u010fuje a odosiela sign\u00e1ly na spustenie prev\u00e1dzky stroja a dokon\u010denie \u00faloh.<\/p>\n<h3><strong>Pokyny na \u010distenie a \u00fadr\u017ebu automatick\u00e9ho nitovacieho stroja:<\/strong><\/h3>\n<p><strong>1.<\/strong> Pravidelne \u010distite z\u00e1sobn\u00edk na nechty, aby ste udr\u017eali \u010distotu, pomocou vysokotlakov\u00e9ho plynu vyf\u00faknite v\u0161etky zvy\u0161ky nahromaden\u00e9 vo vn\u00fatri.<\/p>\n<p><strong>2.<\/strong> Pravidelne \u010distite p\u00e1sy v\u00e1\u0161ho nitovacieho stroja, aby ste zabezpe\u010dili hladk\u00fd chod.<\/p>\n<p><strong>3.<\/strong> Pravidelne \u010distite syst\u00e9m pod\u00e1vania nechtov, aby ste zachovali jeho funk\u010dnos\u0165, a pre optim\u00e1lny v\u00fdkon zv\u00e1\u017ete pou\u017eitie maziva na mazanie pohybliv\u00fdch \u010dast\u00ed.<\/p>\n<p><strong>4.<\/strong> Udr\u017eiavajte \u010distotu vonkaj\u0161ieho povrchu skrine stroja pravideln\u00fdmi \u010distiacimi postupmi.<\/p>\n<p><strong>5.<\/strong> Nepou\u017e\u00edvajte \u00fastie pi\u0161tole na zasiahnutie obrobkov alebo in\u00fdch predmetov. Okrem toho nezabudnite stroj vypn\u00fa\u0165, ke\u010f sa nepou\u017e\u00edva, aby ste predi\u0161li nehod\u00e1m.<\/p>","protected":false},"excerpt":{"rendered":"<p>V\u00fdrobca a dod\u00e1vate\u013e vlastn\u00fdch automatick\u00fdch nitovac\u00edch strojov SWOER v \u010c\u00edne.<\/p>\n<p>- MOQ: 1 ks<\/p>\n<p>-Pon\u00fakan\u00e1 slu\u017eba OEM \/ ODM<\/p>\n<p>- Prijmite prisp\u00f4sobenie<\/p>\n<p>Ak chcete z\u00edska\u0165 ceny automatick\u00e9ho nitovacieho zariadenia, kontaktujte n\u00e1s.<\/p>","protected":false},"featured_media":1840,"comment_status":"open","ping_status":"closed","template":"","meta":[],"product_cat":[42],"product_tag":[],"yoast_head":"<!-- This site is optimized with the Yoast SEO plugin v22.2 - https:\/\/yoast.com\/wordpress\/plugins\/seo\/ -->\n<title>Automatic Riveting Machine - SWOER<\/title>\n<meta name=\"description\" content=\"Experience advanced automation with SOWER&#039;s riveting machine. Automate rivet transfer, saving over 30% in labor and boosting efficiency.\" \/>\n<meta name=\"robots\" content=\"index, follow, max-snippet:-1, max-image-preview:large, max-video-preview:-1\" \/>\n<link rel=\"canonical\" href=\"https:\/\/swoer.com\/sk\/manufacturer\/automatic-riveting-machine\/\" \/>\n<meta property=\"og:locale\" content=\"sk_SK\" \/>\n<meta property=\"og:type\" content=\"article\" \/>\n<meta property=\"og:title\" content=\"Automatic Riveting Machine - SWOER\" \/>\n<meta property=\"og:description\" content=\"Experience advanced automation with SOWER&#039;s riveting machine. Automate rivet transfer, saving over 30% in labor and boosting efficiency.\" \/>\n<meta property=\"og:url\" content=\"https:\/\/swoer.com\/sk\/manufacturer\/automatic-riveting-machine\/\" \/>\n<meta property=\"og:site_name\" content=\"SWOER\" \/>\n<meta property=\"article:modified_time\" content=\"2024-07-31T01:05:56+00:00\" \/>\n<meta property=\"og:image\" content=\"https:\/\/swoer.com\/wp-content\/uploads\/2024\/04\/auto-rivet-tools.webp\" \/>\n\t<meta property=\"og:image:width\" content=\"1000\" \/>\n\t<meta property=\"og:image:height\" content=\"1000\" \/>\n\t<meta property=\"og:image:type\" content=\"image\/webp\" \/>\n<meta name=\"twitter:card\" content=\"summary_large_image\" \/>\n<meta name=\"twitter:label1\" content=\"Predpokladan\u00fd \u010das \u010d\u00edtania\" \/>\n\t<meta name=\"twitter:data1\" content=\"3 min\u00faty\" \/>\n<script type=\"application\/ld+json\" class=\"yoast-schema-graph\">{\"@context\":\"https:\/\/schema.org\",\"@graph\":[{\"@type\":\"WebPage\",\"@id\":\"https:\/\/swoer.com\/manufacturer\/automatic-riveting-machine\/\",\"url\":\"https:\/\/swoer.com\/manufacturer\/automatic-riveting-machine\/\",\"name\":\"Automatic Riveting Machine - SWOER\",\"isPartOf\":{\"@id\":\"https:\/\/swoer.com\/#website\"},\"primaryImageOfPage\":{\"@id\":\"https:\/\/swoer.com\/manufacturer\/automatic-riveting-machine\/#primaryimage\"},\"image\":{\"@id\":\"https:\/\/swoer.com\/manufacturer\/automatic-riveting-machine\/#primaryimage\"},\"thumbnailUrl\":\"https:\/\/swoer.com\/wp-content\/uploads\/2024\/04\/auto-rivet-tools.webp\",\"datePublished\":\"2024-04-02T08:27:07+00:00\",\"dateModified\":\"2024-07-31T01:05:56+00:00\",\"description\":\"Experience advanced automation with SOWER's riveting machine. Automate rivet transfer, saving over 30% in labor and boosting efficiency.\",\"breadcrumb\":{\"@id\":\"https:\/\/swoer.com\/manufacturer\/automatic-riveting-machine\/#breadcrumb\"},\"inLanguage\":\"sk-SK\",\"potentialAction\":[{\"@type\":\"ReadAction\",\"target\":[\"https:\/\/swoer.com\/manufacturer\/automatic-riveting-machine\/\"]}]},{\"@type\":\"ImageObject\",\"inLanguage\":\"sk-SK\",\"@id\":\"https:\/\/swoer.com\/manufacturer\/automatic-riveting-machine\/#primaryimage\",\"url\":\"https:\/\/swoer.com\/wp-content\/uploads\/2024\/04\/auto-rivet-tools.webp\",\"contentUrl\":\"https:\/\/swoer.com\/wp-content\/uploads\/2024\/04\/auto-rivet-tools.webp\",\"width\":1000,\"height\":1000,\"caption\":\"auto rivet tools\"},{\"@type\":\"BreadcrumbList\",\"@id\":\"https:\/\/swoer.com\/manufacturer\/automatic-riveting-machine\/#breadcrumb\",\"itemListElement\":[{\"@type\":\"ListItem\",\"position\":1,\"name\":\"Home\",\"item\":\"https:\/\/swoer.com\/\"},{\"@type\":\"ListItem\",\"position\":2,\"name\":\"Shop\",\"item\":\"https:\/\/swoer.com\/shop\/\"},{\"@type\":\"ListItem\",\"position\":3,\"name\":\"Automatic Riveting Machine\"}]},{\"@type\":\"WebSite\",\"@id\":\"https:\/\/swoer.com\/#website\",\"url\":\"https:\/\/swoer.com\/\",\"name\":\"SWOER\",\"description\":\"Swoer is the top 3 vibratory bowl feeder manufacturer in China\",\"potentialAction\":[{\"@type\":\"SearchAction\",\"target\":{\"@type\":\"EntryPoint\",\"urlTemplate\":\"https:\/\/swoer.com\/?s={search_term_string}\"},\"query-input\":\"required name=search_term_string\"}],\"inLanguage\":\"sk-SK\"}]}<\/script>\n<!-- \/ Yoast SEO plugin. -->","yoast_head_json":{"title":"Automatic Riveting Machine - SWOER","description":"Experience advanced automation with SOWER's riveting machine. Automate rivet transfer, saving over 30% in labor and boosting efficiency.","robots":{"index":"index","follow":"follow","max-snippet":"max-snippet:-1","max-image-preview":"max-image-preview:large","max-video-preview":"max-video-preview:-1"},"canonical":"https:\/\/swoer.com\/sk\/manufacturer\/automatic-riveting-machine\/","og_locale":"sk_SK","og_type":"article","og_title":"Automatic Riveting Machine - SWOER","og_description":"Experience advanced automation with SOWER's riveting machine. Automate rivet transfer, saving over 30% in labor and boosting efficiency.","og_url":"https:\/\/swoer.com\/sk\/manufacturer\/automatic-riveting-machine\/","og_site_name":"SWOER","article_modified_time":"2024-07-31T01:05:56+00:00","og_image":[{"width":1000,"height":1000,"url":"https:\/\/swoer.com\/wp-content\/uploads\/2024\/04\/auto-rivet-tools.webp","type":"image\/webp"}],"twitter_card":"summary_large_image","twitter_misc":{"Predpokladan\u00fd \u010das \u010d\u00edtania":"3 min\u00faty"},"schema":{"@context":"https:\/\/schema.org","@graph":[{"@type":"WebPage","@id":"https:\/\/swoer.com\/manufacturer\/automatic-riveting-machine\/","url":"https:\/\/swoer.com\/manufacturer\/automatic-riveting-machine\/","name":"Automatic Riveting Machine - SWOER","isPartOf":{"@id":"https:\/\/swoer.com\/#website"},"primaryImageOfPage":{"@id":"https:\/\/swoer.com\/manufacturer\/automatic-riveting-machine\/#primaryimage"},"image":{"@id":"https:\/\/swoer.com\/manufacturer\/automatic-riveting-machine\/#primaryimage"},"thumbnailUrl":"https:\/\/swoer.com\/wp-content\/uploads\/2024\/04\/auto-rivet-tools.webp","datePublished":"2024-04-02T08:27:07+00:00","dateModified":"2024-07-31T01:05:56+00:00","description":"Experience advanced automation with SOWER's riveting machine. Automate rivet transfer, saving over 30% in labor and boosting efficiency.","breadcrumb":{"@id":"https:\/\/swoer.com\/manufacturer\/automatic-riveting-machine\/#breadcrumb"},"inLanguage":"sk-SK","potentialAction":[{"@type":"ReadAction","target":["https:\/\/swoer.com\/manufacturer\/automatic-riveting-machine\/"]}]},{"@type":"ImageObject","inLanguage":"sk-SK","@id":"https:\/\/swoer.com\/manufacturer\/automatic-riveting-machine\/#primaryimage","url":"https:\/\/swoer.com\/wp-content\/uploads\/2024\/04\/auto-rivet-tools.webp","contentUrl":"https:\/\/swoer.com\/wp-content\/uploads\/2024\/04\/auto-rivet-tools.webp","width":1000,"height":1000,"caption":"auto rivet tools"},{"@type":"BreadcrumbList","@id":"https:\/\/swoer.com\/manufacturer\/automatic-riveting-machine\/#breadcrumb","itemListElement":[{"@type":"ListItem","position":1,"name":"Home","item":"https:\/\/swoer.com\/"},{"@type":"ListItem","position":2,"name":"Shop","item":"https:\/\/swoer.com\/shop\/"},{"@type":"ListItem","position":3,"name":"Automatic Riveting Machine"}]},{"@type":"WebSite","@id":"https:\/\/swoer.com\/#website","url":"https:\/\/swoer.com\/","name":"SWOER","description":"Swoer is the top 3 vibratory bowl feeder manufacturer in China","potentialAction":[{"@type":"SearchAction","target":{"@type":"EntryPoint","urlTemplate":"https:\/\/swoer.com\/?s={search_term_string}"},"query-input":"required name=search_term_string"}],"inLanguage":"sk-SK"}]}},"_links":{"self":[{"href":"https:\/\/swoer.com\/sk\/wp-json\/wp\/v2\/product\/1839"}],"collection":[{"href":"https:\/\/swoer.com\/sk\/wp-json\/wp\/v2\/product"}],"about":[{"href":"https:\/\/swoer.com\/sk\/wp-json\/wp\/v2\/types\/product"}],"replies":[{"embeddable":true,"href":"https:\/\/swoer.com\/sk\/wp-json\/wp\/v2\/comments?post=1839"}],"wp:featuredmedia":[{"embeddable":true,"href":"https:\/\/swoer.com\/sk\/wp-json\/wp\/v2\/media\/1840"}],"wp:attachment":[{"href":"https:\/\/swoer.com\/sk\/wp-json\/wp\/v2\/media?parent=1839"}],"wp:term":[{"taxonomy":"product_cat","embeddable":true,"href":"https:\/\/swoer.com\/sk\/wp-json\/wp\/v2\/product_cat?post=1839"},{"taxonomy":"product_tag","embeddable":true,"href":"https:\/\/swoer.com\/sk\/wp-json\/wp\/v2\/product_tag?post=1839"}],"curies":[{"name":"wp","href":"https:\/\/api.w.org\/{rel}","templated":true}]}}