{"id":1820,"date":"2024-04-02T03:12:36","date_gmt":"2024-04-02T03:12:36","guid":{"rendered":"https:\/\/lightgrey-porpoise-816575.hostingersite.com\/?post_type=product&#038;p=1820"},"modified":"2024-04-02T03:18:29","modified_gmt":"2024-04-02T03:18:29","slug":"plastic-connector-pneumatic-stepped-feeding-device","status":"publish","type":"product","link":"https:\/\/swoer.com\/sk\/manufacturer\/plastic-connector-pneumatic-stepped-feeding-device\/","title":{"rendered":"Plastov\u00fd konektor Pneumatick\u00e9 stup\u0148ovit\u00e9 pod\u00e1vacie zariadenie"},"content":{"rendered":"<p><strong>1.<\/strong> Zv\u00fd\u0161te efektivitu svojej mont\u00e1\u017enej linky pomocou n\u00e1\u0161ho pneumatick\u00e9ho stup\u0148ovit\u00e9ho pod\u00e1vacieho zariadenia s plastov\u00fdm konektorom. Je navrhnut\u00fd pre presnos\u0165 a zais\u0165uje bezprobl\u00e9mov\u00fa manipul\u00e1ciu s materi\u00e1lom pre optimalizovan\u00e9 v\u00fdrobn\u00e9 pracovn\u00e9 postupy<\/p>\n<p><strong>2.<\/strong> Zefekt\u00edvnite svoje v\u00fdrobn\u00e9 procesy pomocou n\u00e1\u0161ho pneumatick\u00e9ho stup\u0148ovit\u00e9ho pod\u00e1vacieho zariadenia s plastov\u00fdm konektorom. Spo\u013eahliv\u00fd a efekt\u00edvny, poskytuje konzistentn\u00e9 pod\u00e1vanie a maximalizuje produktivitu.<\/p>\n\t<div id=\"gap-1154566495\" class=\"gap-element clearfix\" style=\"display:block; height:auto;\">\n\t\t\n<style>\n#gap-1154566495 {\n  padding-top: 30px;\n}\n<\/style>\n\t<\/div>\n\t\n<h2>Popis:<\/h2>\n<table width=\"727\">\n<tbody>\n<tr>\n<td width=\"205\">Meno Produktu<\/td>\n<td width=\"522\">Plastov\u00fd konektor Pneumatick\u00e9 stup\u0148ovit\u00e9 pod\u00e1vacie zariadenie\u00a0<\/td>\n<\/tr>\n<tr>\n<td>Materi\u00e1l<\/td>\n<td>AL7075 \/ SUS304<\/td>\n<\/tr>\n<tr>\n<td>\u0160pecialita materi\u00e1lu<\/td>\n<td>Zliatina na kovanie za studena, vysok\u00e1 pevnos\u0165, vysok\u00e1 tvrdos\u0165<\/td>\n<\/tr>\n<tr>\n<td>Nap\u00e4tie<\/td>\n<td>220V<\/td>\n<\/tr>\n<tr>\n<td>Moc<\/td>\n<td>65W \/150W \/180W \/ 220W \/ 350W<\/td>\n<\/tr>\n<tr>\n<td>Overenie<\/td>\n<td>CE, ROHS, ISO 9001<\/td>\n<\/tr>\n<tr>\n<td>Z\u00e1ruka<\/td>\n<td>1 ro\u010dn\u00e1 z\u00e1ruka<\/td>\n<\/tr>\n<tr>\n<td>MOQ<\/td>\n<td>1 sada<\/td>\n<\/tr>\n<tr>\n<td>Dodacia lehota<\/td>\n<td>28 dn\u00ed<\/td>\n<\/tr>\n<tr>\n<td>Lehota splatnosti<\/td>\n<td>T\/T 30% Z\u00e1loha a zostatok pred odoslan\u00edm<\/td>\n<\/tr>\n<tr>\n<td>Origin\u00e1l miesta<\/td>\n<td>\u010c\u00edna<\/td>\n<\/tr>\n<\/tbody>\n<\/table>\n\t<div id=\"gap-1229207617\" class=\"gap-element clearfix\" style=\"display:block; height:auto;\">\n\t\t\n<style>\n#gap-1229207617 {\n  padding-top: 30px;\n}\n<\/style>\n\t<\/div>\n\t\n<h2>FAQ:<\/h2>\n<p><strong>1. Ako zv\u00fd\u0161i pneumatick\u00e9 stup\u0148ovit\u00e9 pod\u00e1vacie zariadenie s plastov\u00fdm konektorom efektivitu mojej mont\u00e1\u017enej linky?<\/strong><\/p>\n<p>Na\u0161e pneumatick\u00e9 stup\u0148ovit\u00e9 pod\u00e1vacie zariadenie s plastov\u00fdm konektorom je navrhnut\u00e9 tak, aby optimalizovalo manipul\u00e1ciu s materi\u00e1lom a zaistilo bezprobl\u00e9mov\u00e9 a efekt\u00edvne pod\u00e1vanie plastov\u00fdch konektorov. Automatiz\u00e1ciou tohto procesu zni\u017euje manu\u00e1lnu pr\u00e1cu a minimalizuje prestoje vo v\u00fdrobe, \u010do v kone\u010dnom d\u00f4sledku zvy\u0161uje celkov\u00fa efektivitu mont\u00e1\u017enej linky.<\/p>\n<p><strong>2. Zvl\u00e1dne toto pod\u00e1vacie zariadenie r\u00f4zne ve\u013ekosti a tvary plastov\u00fdch konektorov?<\/strong><\/p>\n<p>Absol\u00fatne. Na\u0161e zariadenie je v\u0161estrann\u00e9 a nastavite\u013en\u00e9 a je schopn\u00e9 prisp\u00f4sobi\u0165 sa \u0161irokej \u0161k\u00e1le ve\u013ekost\u00ed a tvarov plastov\u00fdch konektorov. \u010ci u\u017e pracujete s mal\u00fdmi alebo ve\u013ek\u00fdmi konektormi, na\u0161e pod\u00e1vacie zariadenie poskytuje konzistentn\u00fd a spo\u013eahliv\u00fd v\u00fdkon a zabezpe\u010duje bezprobl\u00e9mov\u00fa integr\u00e1ciu do va\u0161ej mont\u00e1\u017enej linky.<\/p>\n<p><strong>3. Ak\u00e9 \u013eahk\u00e9 je nain\u0161talova\u0165 a integrova\u0165 toto pod\u00e1vacie zariadenie do m\u00f4jho existuj\u00faceho v\u00fdrobn\u00e9ho nastavenia?<\/strong><\/p>\n<p>In\u0161tal\u00e1cia a integr\u00e1cia s\u00fa jednoduch\u00e9 procesy. N\u00e1\u0161 t\u00edm poskytuje komplexn\u00fa podporu na zabezpe\u010denie hladk\u00e9ho nastavenia a integr\u00e1cie pneumatick\u00e9ho stup\u0148ovit\u00e9ho pod\u00e1vacieho zariadenia s plastov\u00fdm konektorom do v\u00e1\u0161ho existuj\u00faceho v\u00fdrobn\u00e9ho nastavenia. Uprednost\u0148ujeme minim\u00e1lne naru\u0161enie va\u0161ich oper\u00e1ci\u00ed, \u010do v\u00e1m umo\u017en\u00ed r\u00fdchlo \u0165a\u017ei\u0165 zo zlep\u0161enej efektivity.<\/p>\n<p><strong>4. Ako toto k\u0155mne zariadenie prispieva ku kvalite a konzistencii produktu?<\/strong><\/p>\n<p>V\u010faka presn\u00e9mu a kontrolovan\u00e9mu pod\u00e1vaniu plastov\u00fdch konektorov na\u0161e zariadenie pom\u00e1ha udr\u017eiava\u0165 kvalitu a konzistenciu produktu po\u010das cel\u00e9ho procesu mont\u00e1\u017ee. Jeho pneumatick\u00e1 prev\u00e1dzka zais\u0165uje presn\u00e9 umiestnenie a zarovnanie, minimalizuje chyby a defekty a zabezpe\u010duje vysokokvalitn\u00fd v\u00fdstup.<\/p>\n<p><strong>5. Ak\u00fd druh podpory pon\u00fakate pri \u00fadr\u017ebe a odstra\u0148ovan\u00ed por\u00fach tohto k\u0155mneho zariadenia?<\/strong><\/p>\n<p>Poskytujeme nepretr\u017eit\u00fa podporu pre potreby \u00fadr\u017eby a rie\u0161enia probl\u00e9mov. N\u00e1\u0161 t\u00edm pon\u00faka komplexn\u00e9 \u0161kolenia, pl\u00e1ny \u00fadr\u017eby a technick\u00fa pomoc na zabezpe\u010denie trvalej spo\u013eahlivosti a v\u00fdkonu pneumatick\u00e9ho stup\u0148ovit\u00e9ho pod\u00e1vacieho zariadenia s plastov\u00fdm konektorom. Zaviazali sme sa, \u017ee v\u00e1m pom\u00f4\u017eeme maximalizova\u0165 efektivitu a efektivitu oper\u00e1ci\u00ed va\u0161ej mont\u00e1\u017enej linky.<\/p>","protected":false},"excerpt":{"rendered":"<p>Optimalizujte svoju mont\u00e1\u017enu linku pomocou n\u00e1\u0161ho pneumatick\u00e9ho stup\u0148ovit\u00e9ho pod\u00e1vacieho zariadenia s plastov\u00fdm konektorom. Prec\u00edzne skon\u0161truovan\u00e9 pre bezprobl\u00e9mov\u00fa manipul\u00e1ciu s materi\u00e1lom, zais\u0165uje efekt\u00edvne a spo\u013eahliv\u00e9 pod\u00e1vanie, \u010d\u00edm zlep\u0161uje va\u0161e v\u00fdrobn\u00e9 procesy.<\/p>","protected":false},"featured_media":1821,"comment_status":"open","ping_status":"closed","template":"","meta":[],"product_cat":[39],"product_tag":[],"yoast_head":"<!-- This site is optimized with the Yoast SEO plugin v22.2 - https:\/\/yoast.com\/wordpress\/plugins\/seo\/ -->\n<title>Plastic Connector Pneumatic Stepped Feeding Device - SWOER<\/title>\n<meta name=\"robots\" content=\"index, follow, max-snippet:-1, max-image-preview:large, max-video-preview:-1\" \/>\n<link rel=\"canonical\" href=\"https:\/\/swoer.com\/sk\/manufacturer\/plastic-connector-pneumatic-stepped-feeding-device\/\" \/>\n<meta property=\"og:locale\" content=\"sk_SK\" \/>\n<meta property=\"og:type\" content=\"article\" \/>\n<meta property=\"og:title\" content=\"Plastic Connector Pneumatic Stepped Feeding Device - SWOER\" \/>\n<meta property=\"og:description\" content=\"Optimize your assembly line with our Plastic Connector Pneumatic Stepped Feeding Device. Precision-engineered for seamless material handling, it ensures efficient and reliable feeding, enhancing your production processes.\" \/>\n<meta property=\"og:url\" content=\"https:\/\/swoer.com\/sk\/manufacturer\/plastic-connector-pneumatic-stepped-feeding-device\/\" \/>\n<meta property=\"og:site_name\" content=\"SWOER\" \/>\n<meta property=\"article:modified_time\" content=\"2024-04-02T03:18:29+00:00\" \/>\n<meta property=\"og:image\" content=\"https:\/\/swoer.com\/wp-content\/uploads\/2024\/04\/Plastic-Connector-Pneumatic-Stepped-Feeding-Device-.jpg\" \/>\n\t<meta property=\"og:image:width\" content=\"1000\" \/>\n\t<meta property=\"og:image:height\" content=\"1000\" \/>\n\t<meta property=\"og:image:type\" content=\"image\/jpeg\" \/>\n<meta name=\"twitter:card\" content=\"summary_large_image\" \/>\n<meta name=\"twitter:label1\" content=\"Predpokladan\u00fd \u010das \u010d\u00edtania\" \/>\n\t<meta name=\"twitter:data1\" content=\"1 min\u00fata\" \/>\n<script type=\"application\/ld+json\" class=\"yoast-schema-graph\">{\"@context\":\"https:\/\/schema.org\",\"@graph\":[{\"@type\":\"WebPage\",\"@id\":\"https:\/\/swoer.com\/manufacturer\/plastic-connector-pneumatic-stepped-feeding-device\/\",\"url\":\"https:\/\/swoer.com\/manufacturer\/plastic-connector-pneumatic-stepped-feeding-device\/\",\"name\":\"Plastic Connector Pneumatic Stepped Feeding Device - SWOER\",\"isPartOf\":{\"@id\":\"https:\/\/swoer.com\/#website\"},\"primaryImageOfPage\":{\"@id\":\"https:\/\/swoer.com\/manufacturer\/plastic-connector-pneumatic-stepped-feeding-device\/#primaryimage\"},\"image\":{\"@id\":\"https:\/\/swoer.com\/manufacturer\/plastic-connector-pneumatic-stepped-feeding-device\/#primaryimage\"},\"thumbnailUrl\":\"https:\/\/swoer.com\/wp-content\/uploads\/2024\/04\/Plastic-Connector-Pneumatic-Stepped-Feeding-Device-.jpg\",\"datePublished\":\"2024-04-02T03:12:36+00:00\",\"dateModified\":\"2024-04-02T03:18:29+00:00\",\"breadcrumb\":{\"@id\":\"https:\/\/swoer.com\/manufacturer\/plastic-connector-pneumatic-stepped-feeding-device\/#breadcrumb\"},\"inLanguage\":\"sk-SK\",\"potentialAction\":[{\"@type\":\"ReadAction\",\"target\":[\"https:\/\/swoer.com\/manufacturer\/plastic-connector-pneumatic-stepped-feeding-device\/\"]}]},{\"@type\":\"ImageObject\",\"inLanguage\":\"sk-SK\",\"@id\":\"https:\/\/swoer.com\/manufacturer\/plastic-connector-pneumatic-stepped-feeding-device\/#primaryimage\",\"url\":\"https:\/\/swoer.com\/wp-content\/uploads\/2024\/04\/Plastic-Connector-Pneumatic-Stepped-Feeding-Device-.jpg\",\"contentUrl\":\"https:\/\/swoer.com\/wp-content\/uploads\/2024\/04\/Plastic-Connector-Pneumatic-Stepped-Feeding-Device-.jpg\",\"width\":1000,\"height\":1000,\"caption\":\"Plastic Connector Pneumatic Stepped Feeding Device\"},{\"@type\":\"BreadcrumbList\",\"@id\":\"https:\/\/swoer.com\/manufacturer\/plastic-connector-pneumatic-stepped-feeding-device\/#breadcrumb\",\"itemListElement\":[{\"@type\":\"ListItem\",\"position\":1,\"name\":\"Home\",\"item\":\"https:\/\/swoer.com\/\"},{\"@type\":\"ListItem\",\"position\":2,\"name\":\"Shop\",\"item\":\"https:\/\/swoer.com\/shop\/\"},{\"@type\":\"ListItem\",\"position\":3,\"name\":\"Plastic Connector Pneumatic Stepped Feeding Device\"}]},{\"@type\":\"WebSite\",\"@id\":\"https:\/\/swoer.com\/#website\",\"url\":\"https:\/\/swoer.com\/\",\"name\":\"SWOER\",\"description\":\"Swoer is the top 3 vibratory bowl feeder manufacturer in China\",\"potentialAction\":[{\"@type\":\"SearchAction\",\"target\":{\"@type\":\"EntryPoint\",\"urlTemplate\":\"https:\/\/swoer.com\/?s={search_term_string}\"},\"query-input\":\"required name=search_term_string\"}],\"inLanguage\":\"sk-SK\"}]}<\/script>\n<!-- \/ Yoast SEO plugin. -->","yoast_head_json":{"title":"Plastic Connector Pneumatic Stepped Feeding Device - SWOER","robots":{"index":"index","follow":"follow","max-snippet":"max-snippet:-1","max-image-preview":"max-image-preview:large","max-video-preview":"max-video-preview:-1"},"canonical":"https:\/\/swoer.com\/sk\/manufacturer\/plastic-connector-pneumatic-stepped-feeding-device\/","og_locale":"sk_SK","og_type":"article","og_title":"Plastic Connector Pneumatic Stepped Feeding Device - SWOER","og_description":"Optimize your assembly line with our Plastic Connector Pneumatic Stepped Feeding Device. Precision-engineered for seamless material handling, it ensures efficient and reliable feeding, enhancing your production processes.","og_url":"https:\/\/swoer.com\/sk\/manufacturer\/plastic-connector-pneumatic-stepped-feeding-device\/","og_site_name":"SWOER","article_modified_time":"2024-04-02T03:18:29+00:00","og_image":[{"width":1000,"height":1000,"url":"https:\/\/swoer.com\/wp-content\/uploads\/2024\/04\/Plastic-Connector-Pneumatic-Stepped-Feeding-Device-.jpg","type":"image\/jpeg"}],"twitter_card":"summary_large_image","twitter_misc":{"Predpokladan\u00fd \u010das \u010d\u00edtania":"1 min\u00fata"},"schema":{"@context":"https:\/\/schema.org","@graph":[{"@type":"WebPage","@id":"https:\/\/swoer.com\/manufacturer\/plastic-connector-pneumatic-stepped-feeding-device\/","url":"https:\/\/swoer.com\/manufacturer\/plastic-connector-pneumatic-stepped-feeding-device\/","name":"Plastic Connector Pneumatic Stepped Feeding Device - SWOER","isPartOf":{"@id":"https:\/\/swoer.com\/#website"},"primaryImageOfPage":{"@id":"https:\/\/swoer.com\/manufacturer\/plastic-connector-pneumatic-stepped-feeding-device\/#primaryimage"},"image":{"@id":"https:\/\/swoer.com\/manufacturer\/plastic-connector-pneumatic-stepped-feeding-device\/#primaryimage"},"thumbnailUrl":"https:\/\/swoer.com\/wp-content\/uploads\/2024\/04\/Plastic-Connector-Pneumatic-Stepped-Feeding-Device-.jpg","datePublished":"2024-04-02T03:12:36+00:00","dateModified":"2024-04-02T03:18:29+00:00","breadcrumb":{"@id":"https:\/\/swoer.com\/manufacturer\/plastic-connector-pneumatic-stepped-feeding-device\/#breadcrumb"},"inLanguage":"sk-SK","potentialAction":[{"@type":"ReadAction","target":["https:\/\/swoer.com\/manufacturer\/plastic-connector-pneumatic-stepped-feeding-device\/"]}]},{"@type":"ImageObject","inLanguage":"sk-SK","@id":"https:\/\/swoer.com\/manufacturer\/plastic-connector-pneumatic-stepped-feeding-device\/#primaryimage","url":"https:\/\/swoer.com\/wp-content\/uploads\/2024\/04\/Plastic-Connector-Pneumatic-Stepped-Feeding-Device-.jpg","contentUrl":"https:\/\/swoer.com\/wp-content\/uploads\/2024\/04\/Plastic-Connector-Pneumatic-Stepped-Feeding-Device-.jpg","width":1000,"height":1000,"caption":"Plastic Connector Pneumatic Stepped Feeding Device"},{"@type":"BreadcrumbList","@id":"https:\/\/swoer.com\/manufacturer\/plastic-connector-pneumatic-stepped-feeding-device\/#breadcrumb","itemListElement":[{"@type":"ListItem","position":1,"name":"Home","item":"https:\/\/swoer.com\/"},{"@type":"ListItem","position":2,"name":"Shop","item":"https:\/\/swoer.com\/shop\/"},{"@type":"ListItem","position":3,"name":"Plastic Connector Pneumatic Stepped Feeding Device"}]},{"@type":"WebSite","@id":"https:\/\/swoer.com\/#website","url":"https:\/\/swoer.com\/","name":"SWOER","description":"Swoer is the top 3 vibratory bowl feeder manufacturer in China","potentialAction":[{"@type":"SearchAction","target":{"@type":"EntryPoint","urlTemplate":"https:\/\/swoer.com\/?s={search_term_string}"},"query-input":"required name=search_term_string"}],"inLanguage":"sk-SK"}]}},"_links":{"self":[{"href":"https:\/\/swoer.com\/sk\/wp-json\/wp\/v2\/product\/1820"}],"collection":[{"href":"https:\/\/swoer.com\/sk\/wp-json\/wp\/v2\/product"}],"about":[{"href":"https:\/\/swoer.com\/sk\/wp-json\/wp\/v2\/types\/product"}],"replies":[{"embeddable":true,"href":"https:\/\/swoer.com\/sk\/wp-json\/wp\/v2\/comments?post=1820"}],"wp:featuredmedia":[{"embeddable":true,"href":"https:\/\/swoer.com\/sk\/wp-json\/wp\/v2\/media\/1821"}],"wp:attachment":[{"href":"https:\/\/swoer.com\/sk\/wp-json\/wp\/v2\/media?parent=1820"}],"wp:term":[{"taxonomy":"product_cat","embeddable":true,"href":"https:\/\/swoer.com\/sk\/wp-json\/wp\/v2\/product_cat?post=1820"},{"taxonomy":"product_tag","embeddable":true,"href":"https:\/\/swoer.com\/sk\/wp-json\/wp\/v2\/product_tag?post=1820"}],"curies":[{"name":"wp","href":"https:\/\/api.w.org\/{rel}","templated":true}]}}