{"id":1817,"date":"2024-04-02T03:02:08","date_gmt":"2024-04-02T03:02:08","guid":{"rendered":"https:\/\/lightgrey-porpoise-816575.hostingersite.com\/?post_type=product&#038;p=1817"},"modified":"2024-04-02T03:10:00","modified_gmt":"2024-04-02T03:10:00","slug":"screw-pneumatic-step-feeder-system","status":"publish","type":"product","link":"https:\/\/swoer.com\/sk\/manufacturer\/screw-pneumatic-step-feeder-system\/","title":{"rendered":"Syst\u00e9m skrutkov\u00e9ho pneumatick\u00e9ho krokov\u00e9ho pod\u00e1va\u010da"},"content":{"rendered":"<ol>\n<li>\n<p>Maximalizujte produktivitu s na\u0161\u00edm syst\u00e9mom skrutkov\u00e9ho pneumatick\u00e9ho krokov\u00e9ho pod\u00e1va\u010da. Navrhnut\u00e9 pre presnos\u0165, zefekt\u00edv\u0148uje manipul\u00e1ciu s materi\u00e1lom pre bezprobl\u00e9mov\u00e9 v\u00fdrobn\u00e9 pracovn\u00e9 postupy.<\/p>\n<\/li>\n<li>\n<p>Manipulujte s materi\u00e1lmi bez n\u00e1mahy pomocou n\u00e1\u0161ho syst\u00e9mu skrutkov\u00e9ho pneumatick\u00e9ho krokov\u00e9ho pod\u00e1va\u010da. Spo\u013eahliv\u00fd a efekt\u00edvny zabezpe\u010duje konzistentn\u00e9 pod\u00e1vanie a optimalizuje va\u0161e v\u00fdrobn\u00e9 procesy.<\/p>\n<\/li>\n<\/ol>\n\t<div id=\"gap-256223242\" class=\"gap-element clearfix\" style=\"display:block; height:auto;\">\n\t\t\n<style>\n#gap-256223242 {\n  padding-top: 30px;\n}\n<\/style>\n\t<\/div>\n\t\n<h2>Popis:<\/h2>\n<table style=\"border-collapse: collapse; width: 545.27pt;\" border=\"0\" width=\"727\" cellspacing=\"0\" cellpadding=\"0\">\n<tbody>\n<tr style=\"height: 29.00pt;\">\n<td class=\"et2\" style=\"height: 29.00pt; width: 153.75pt;\" width=\"205\" height=\"38\">Meno Produktu<\/td>\n<td class=\"et2\" style=\"width: 391.50pt;\" width=\"522\">Syst\u00e9m skrutkov\u00e9ho pneumatick\u00e9ho krokov\u00e9ho pod\u00e1va\u010da<\/td>\n<\/tr>\n<tr style=\"height: 29.00pt;\">\n<td class=\"et2\" style=\"height: 29.00pt;\" height=\"38\">Materi\u00e1l<\/td>\n<td class=\"et2\">AL7075 \/ SUS304<\/td>\n<\/tr>\n<tr style=\"height: 29.00pt;\">\n<td class=\"et2\" style=\"height: 29.00pt;\" height=\"38\">\u0160pecialita materi\u00e1lu<\/td>\n<td class=\"et2\">Zliatina na kovanie za studena, vysok\u00e1 pevnos\u0165, vysok\u00e1 tvrdos\u0165<\/td>\n<\/tr>\n<tr style=\"height: 29.00pt;\">\n<td class=\"et2\" style=\"height: 29.00pt;\" height=\"38\">Nap\u00e4tie<\/td>\n<td class=\"et2\">220V<\/td>\n<\/tr>\n<tr style=\"height: 29.00pt;\">\n<td class=\"et2\" style=\"height: 29.00pt;\" height=\"38\">Moc<\/td>\n<td class=\"et2\">65W \/150W \/180W \/ 220W \/ 350W<\/td>\n<\/tr>\n<tr style=\"height: 29.00pt;\">\n<td class=\"et2\" style=\"height: 29.00pt;\" height=\"38\">Overenie<\/td>\n<td class=\"et2\">CE, ROHS, ISO 9001<\/td>\n<\/tr>\n<tr style=\"height: 29.00pt;\">\n<td class=\"et2\" style=\"height: 29.00pt;\" height=\"38\">Z\u00e1ruka<\/td>\n<td class=\"et2\">1 ro\u010dn\u00e1 z\u00e1ruka<\/td>\n<\/tr>\n<tr style=\"height: 29.00pt;\">\n<td class=\"et2\" style=\"height: 29.00pt;\" height=\"38\">MOQ<\/td>\n<td class=\"et2\">1 sada<\/td>\n<\/tr>\n<tr style=\"height: 29.00pt;\">\n<td class=\"et2\" style=\"height: 29.00pt;\" height=\"38\">Dodacia lehota<\/td>\n<td class=\"et2\">28 dn\u00ed<\/td>\n<\/tr>\n<tr style=\"height: 29.00pt;\">\n<td class=\"et2\" style=\"height: 29.00pt;\" height=\"38\">Lehota splatnosti<\/td>\n<td class=\"et2\">T\/T 30% Z\u00e1loha a zostatok pred odoslan\u00edm<\/td>\n<\/tr>\n<tr style=\"height: 29.00pt;\">\n<td class=\"et2\" style=\"height: 29.00pt;\" height=\"38\">Origin\u00e1l miesta<\/td>\n<td class=\"et2\">\u010c\u00edna<\/td>\n<\/tr>\n<\/tbody>\n<\/table>\n\t<div id=\"gap-130954216\" class=\"gap-element clearfix\" style=\"display:block; height:auto;\">\n\t\t\n<style>\n#gap-130954216 {\n  padding-top: 30px;\n}\n<\/style>\n\t<\/div>\n\t\n<h2>FAQ:<\/h2>\n<p><strong>1. Ako zlep\u0161uje syst\u00e9m skrutkov\u00e9ho pneumatick\u00e9ho krokov\u00e9ho pod\u00e1va\u010da m\u00f4j v\u00fdrobn\u00fd proces?<\/strong><\/p>\n<p>N\u00e1\u0161 syst\u00e9m skrutkov\u00e9ho pneumatick\u00e9ho krokov\u00e9ho pod\u00e1va\u010da zais\u0165uje presn\u00e9 a spo\u013eahliv\u00e9 pod\u00e1vanie materi\u00e1lu, minimalizuje prestoje a optimalizuje efektivitu pracovn\u00e9ho toku. Jeho pokro\u010dil\u00fd dizajn zjednodu\u0161uje manipul\u00e1ciu s materi\u00e1lom, \u010do vedie k plynulej\u0161\u00edm v\u00fdrobn\u00fdm procesom a zv\u00fd\u0161eniu produktivity.<\/p>\n<p><strong>2. Dok\u00e1\u017ee tento pod\u00e1vac\u00ed syst\u00e9m efekt\u00edvne zvl\u00e1dnu\u0165 r\u00f4zne druhy materi\u00e1lov?<\/strong><\/p>\n<p>Absol\u00fatne. N\u00e1\u0161 syst\u00e9m je v\u0161estrann\u00fd a je schopn\u00fd manipulova\u0165 so \u0161irok\u00fdm spektrom materi\u00e1lov, od jemn\u00fdch pr\u00e1\u0161kov po granule a mal\u00e9 komponenty. \u010ci u\u017e pracujete s lie\u010divami, potravin\u00e1rskymi v\u00fdrobkami alebo priemyseln\u00fdmi materi\u00e1lmi, n\u00e1\u0161 pod\u00e1vac\u00ed syst\u00e9m poskytuje konzistentn\u00fd v\u00fdkon v r\u00f4znych aplik\u00e1ci\u00e1ch.<\/p>\n<p><strong>3. Je proces in\u0161tal\u00e1cie zlo\u017eit\u00fd?<\/strong><\/p>\n<p>V\u00f4bec nie. Poskytujeme komplexn\u00fa podporu na zabezpe\u010denie jednoduchej in\u0161tal\u00e1cie a integr\u00e1cie syst\u00e9mu skrutkov\u00e9ho pneumatick\u00e9ho krokov\u00e9ho pod\u00e1va\u010da do va\u0161ej existuj\u00facej v\u00fdrobnej linky. N\u00e1\u0161 t\u00edm v\u00e1s prevedie cel\u00fdm procesom, minimalizuje naru\u0161enie va\u0161ich oper\u00e1ci\u00ed a zabezpe\u010d\u00ed hladk\u00fd prechod na vylep\u0161en\u00fa manipul\u00e1ciu s materi\u00e1lom.<\/p>\n<p><strong>4. Ako tento pod\u00e1vac\u00ed syst\u00e9m prispieva k efekt\u00edvnosti prev\u00e1dzky?<\/strong><\/p>\n<p>Automatiz\u00e1ciou \u00faloh pod\u00e1vania materi\u00e1lu n\u00e1\u0161 syst\u00e9m skrutkov\u00e9ho pneumatick\u00e9ho krokov\u00e9ho pod\u00e1va\u010da zni\u017euje ru\u010dn\u00fa pr\u00e1cu a zefekt\u00edv\u0148uje v\u00fdrobn\u00e9 procesy. Jeho prec\u00edzna pneumatick\u00e1 prev\u00e1dzka zais\u0165uje presn\u00e9 pod\u00e1vanie, minimalizuje odpad a optimalizuje vyu\u017eitie zdrojov pre lep\u0161iu prev\u00e1dzkov\u00fa efektivitu.<\/p>\n<p><strong>5. Ak\u00fd druh podpory pon\u00fakate pri \u00fadr\u017ebe a rie\u0161en\u00ed probl\u00e9mov?<\/strong><\/p>\n<p>Uprednost\u0148ujeme spokojnos\u0165 z\u00e1kazn\u00edka a pon\u00fakame nepretr\u017eit\u00fa podporu pre potreby \u00fadr\u017eby a rie\u0161enia probl\u00e9mov. N\u00e1\u0161 t\u00edm poskytuje komplexn\u00e9 \u0161kolenia, pl\u00e1ny \u00fadr\u017eby a technick\u00fa pomoc, aby sa zabezpe\u010dila nepretr\u017eit\u00e1 spo\u013eahlivos\u0165 a v\u00fdkon v\u00e1\u0161ho syst\u00e9mu skrutkov\u00e9ho pneumatick\u00e9ho krokov\u00e9ho pod\u00e1va\u010da.<\/p>","protected":false},"excerpt":{"rendered":"<p>Zv\u00fd\u0161te efektivitu svojej v\u00fdrobnej linky s na\u0161\u00edm syst\u00e9mom skrutkov\u00e9ho pneumatick\u00e9ho krokov\u00e9ho pod\u00e1va\u010da. Prec\u00edzne navrhnut\u00e9 pre bezprobl\u00e9mov\u00fa manipul\u00e1ciu s materi\u00e1lom zais\u0165uj\u00fa konzistentn\u00e9 a spo\u013eahliv\u00e9 pod\u00e1vanie pre optim\u00e1lny pracovn\u00fd tok.<\/p>","protected":false},"featured_media":1818,"comment_status":"open","ping_status":"closed","template":"","meta":[],"product_cat":[39],"product_tag":[],"yoast_head":"<!-- This site is optimized with the Yoast SEO plugin v22.2 - https:\/\/yoast.com\/wordpress\/plugins\/seo\/ -->\n<title>Screw Pneumatic Step Feeder System - SWOER<\/title>\n<meta name=\"robots\" content=\"index, follow, max-snippet:-1, max-image-preview:large, max-video-preview:-1\" \/>\n<link rel=\"canonical\" href=\"https:\/\/swoer.com\/sk\/manufacturer\/screw-pneumatic-step-feeder-system\/\" \/>\n<meta property=\"og:locale\" content=\"sk_SK\" \/>\n<meta property=\"og:type\" content=\"article\" \/>\n<meta property=\"og:title\" content=\"Screw Pneumatic Step Feeder System - SWOER\" \/>\n<meta property=\"og:description\" content=\"Enhance your production line efficiency with our Screw Pneumatic Step Feeder System. Precisely engineered for seamless material handling, it ensures consistent and reliable feeding for optimal workflow.\" \/>\n<meta property=\"og:url\" content=\"https:\/\/swoer.com\/sk\/manufacturer\/screw-pneumatic-step-feeder-system\/\" \/>\n<meta property=\"og:site_name\" content=\"SWOER\" \/>\n<meta property=\"article:modified_time\" content=\"2024-04-02T03:10:00+00:00\" \/>\n<meta property=\"og:image\" content=\"https:\/\/swoer.com\/wp-content\/uploads\/2024\/04\/Screw-Pneumatic-Step-Feeder-System.jpg\" \/>\n\t<meta property=\"og:image:width\" content=\"1000\" \/>\n\t<meta property=\"og:image:height\" content=\"1000\" \/>\n\t<meta property=\"og:image:type\" content=\"image\/jpeg\" \/>\n<meta name=\"twitter:card\" content=\"summary_large_image\" \/>\n<meta name=\"twitter:label1\" content=\"Predpokladan\u00fd \u010das \u010d\u00edtania\" \/>\n\t<meta name=\"twitter:data1\" content=\"1 min\u00fata\" \/>\n<script type=\"application\/ld+json\" class=\"yoast-schema-graph\">{\"@context\":\"https:\/\/schema.org\",\"@graph\":[{\"@type\":\"WebPage\",\"@id\":\"https:\/\/swoer.com\/manufacturer\/screw-pneumatic-step-feeder-system\/\",\"url\":\"https:\/\/swoer.com\/manufacturer\/screw-pneumatic-step-feeder-system\/\",\"name\":\"Screw Pneumatic Step Feeder System - SWOER\",\"isPartOf\":{\"@id\":\"https:\/\/swoer.com\/#website\"},\"primaryImageOfPage\":{\"@id\":\"https:\/\/swoer.com\/manufacturer\/screw-pneumatic-step-feeder-system\/#primaryimage\"},\"image\":{\"@id\":\"https:\/\/swoer.com\/manufacturer\/screw-pneumatic-step-feeder-system\/#primaryimage\"},\"thumbnailUrl\":\"https:\/\/swoer.com\/wp-content\/uploads\/2024\/04\/Screw-Pneumatic-Step-Feeder-System.jpg\",\"datePublished\":\"2024-04-02T03:02:08+00:00\",\"dateModified\":\"2024-04-02T03:10:00+00:00\",\"breadcrumb\":{\"@id\":\"https:\/\/swoer.com\/manufacturer\/screw-pneumatic-step-feeder-system\/#breadcrumb\"},\"inLanguage\":\"sk-SK\",\"potentialAction\":[{\"@type\":\"ReadAction\",\"target\":[\"https:\/\/swoer.com\/manufacturer\/screw-pneumatic-step-feeder-system\/\"]}]},{\"@type\":\"ImageObject\",\"inLanguage\":\"sk-SK\",\"@id\":\"https:\/\/swoer.com\/manufacturer\/screw-pneumatic-step-feeder-system\/#primaryimage\",\"url\":\"https:\/\/swoer.com\/wp-content\/uploads\/2024\/04\/Screw-Pneumatic-Step-Feeder-System.jpg\",\"contentUrl\":\"https:\/\/swoer.com\/wp-content\/uploads\/2024\/04\/Screw-Pneumatic-Step-Feeder-System.jpg\",\"width\":1000,\"height\":1000,\"caption\":\"Screw Pneumatic Step Feeder System\"},{\"@type\":\"BreadcrumbList\",\"@id\":\"https:\/\/swoer.com\/manufacturer\/screw-pneumatic-step-feeder-system\/#breadcrumb\",\"itemListElement\":[{\"@type\":\"ListItem\",\"position\":1,\"name\":\"Home\",\"item\":\"https:\/\/swoer.com\/\"},{\"@type\":\"ListItem\",\"position\":2,\"name\":\"Shop\",\"item\":\"https:\/\/swoer.com\/shop\/\"},{\"@type\":\"ListItem\",\"position\":3,\"name\":\"Screw Pneumatic Step Feeder System\"}]},{\"@type\":\"WebSite\",\"@id\":\"https:\/\/swoer.com\/#website\",\"url\":\"https:\/\/swoer.com\/\",\"name\":\"SWOER\",\"description\":\"Swoer is the top 3 vibratory bowl feeder manufacturer in China\",\"potentialAction\":[{\"@type\":\"SearchAction\",\"target\":{\"@type\":\"EntryPoint\",\"urlTemplate\":\"https:\/\/swoer.com\/?s={search_term_string}\"},\"query-input\":\"required name=search_term_string\"}],\"inLanguage\":\"sk-SK\"}]}<\/script>\n<!-- \/ Yoast SEO plugin. -->","yoast_head_json":{"title":"Screw Pneumatic Step Feeder System - SWOER","robots":{"index":"index","follow":"follow","max-snippet":"max-snippet:-1","max-image-preview":"max-image-preview:large","max-video-preview":"max-video-preview:-1"},"canonical":"https:\/\/swoer.com\/sk\/manufacturer\/screw-pneumatic-step-feeder-system\/","og_locale":"sk_SK","og_type":"article","og_title":"Screw Pneumatic Step Feeder System - SWOER","og_description":"Enhance your production line efficiency with our Screw Pneumatic Step Feeder System. Precisely engineered for seamless material handling, it ensures consistent and reliable feeding for optimal workflow.","og_url":"https:\/\/swoer.com\/sk\/manufacturer\/screw-pneumatic-step-feeder-system\/","og_site_name":"SWOER","article_modified_time":"2024-04-02T03:10:00+00:00","og_image":[{"width":1000,"height":1000,"url":"https:\/\/swoer.com\/wp-content\/uploads\/2024\/04\/Screw-Pneumatic-Step-Feeder-System.jpg","type":"image\/jpeg"}],"twitter_card":"summary_large_image","twitter_misc":{"Predpokladan\u00fd \u010das \u010d\u00edtania":"1 min\u00fata"},"schema":{"@context":"https:\/\/schema.org","@graph":[{"@type":"WebPage","@id":"https:\/\/swoer.com\/manufacturer\/screw-pneumatic-step-feeder-system\/","url":"https:\/\/swoer.com\/manufacturer\/screw-pneumatic-step-feeder-system\/","name":"Screw Pneumatic Step Feeder System - SWOER","isPartOf":{"@id":"https:\/\/swoer.com\/#website"},"primaryImageOfPage":{"@id":"https:\/\/swoer.com\/manufacturer\/screw-pneumatic-step-feeder-system\/#primaryimage"},"image":{"@id":"https:\/\/swoer.com\/manufacturer\/screw-pneumatic-step-feeder-system\/#primaryimage"},"thumbnailUrl":"https:\/\/swoer.com\/wp-content\/uploads\/2024\/04\/Screw-Pneumatic-Step-Feeder-System.jpg","datePublished":"2024-04-02T03:02:08+00:00","dateModified":"2024-04-02T03:10:00+00:00","breadcrumb":{"@id":"https:\/\/swoer.com\/manufacturer\/screw-pneumatic-step-feeder-system\/#breadcrumb"},"inLanguage":"sk-SK","potentialAction":[{"@type":"ReadAction","target":["https:\/\/swoer.com\/manufacturer\/screw-pneumatic-step-feeder-system\/"]}]},{"@type":"ImageObject","inLanguage":"sk-SK","@id":"https:\/\/swoer.com\/manufacturer\/screw-pneumatic-step-feeder-system\/#primaryimage","url":"https:\/\/swoer.com\/wp-content\/uploads\/2024\/04\/Screw-Pneumatic-Step-Feeder-System.jpg","contentUrl":"https:\/\/swoer.com\/wp-content\/uploads\/2024\/04\/Screw-Pneumatic-Step-Feeder-System.jpg","width":1000,"height":1000,"caption":"Screw Pneumatic Step Feeder System"},{"@type":"BreadcrumbList","@id":"https:\/\/swoer.com\/manufacturer\/screw-pneumatic-step-feeder-system\/#breadcrumb","itemListElement":[{"@type":"ListItem","position":1,"name":"Home","item":"https:\/\/swoer.com\/"},{"@type":"ListItem","position":2,"name":"Shop","item":"https:\/\/swoer.com\/shop\/"},{"@type":"ListItem","position":3,"name":"Screw Pneumatic Step Feeder System"}]},{"@type":"WebSite","@id":"https:\/\/swoer.com\/#website","url":"https:\/\/swoer.com\/","name":"SWOER","description":"Swoer is the top 3 vibratory bowl feeder manufacturer in China","potentialAction":[{"@type":"SearchAction","target":{"@type":"EntryPoint","urlTemplate":"https:\/\/swoer.com\/?s={search_term_string}"},"query-input":"required name=search_term_string"}],"inLanguage":"sk-SK"}]}},"_links":{"self":[{"href":"https:\/\/swoer.com\/sk\/wp-json\/wp\/v2\/product\/1817"}],"collection":[{"href":"https:\/\/swoer.com\/sk\/wp-json\/wp\/v2\/product"}],"about":[{"href":"https:\/\/swoer.com\/sk\/wp-json\/wp\/v2\/types\/product"}],"replies":[{"embeddable":true,"href":"https:\/\/swoer.com\/sk\/wp-json\/wp\/v2\/comments?post=1817"}],"wp:featuredmedia":[{"embeddable":true,"href":"https:\/\/swoer.com\/sk\/wp-json\/wp\/v2\/media\/1818"}],"wp:attachment":[{"href":"https:\/\/swoer.com\/sk\/wp-json\/wp\/v2\/media?parent=1817"}],"wp:term":[{"taxonomy":"product_cat","embeddable":true,"href":"https:\/\/swoer.com\/sk\/wp-json\/wp\/v2\/product_cat?post=1817"},{"taxonomy":"product_tag","embeddable":true,"href":"https:\/\/swoer.com\/sk\/wp-json\/wp\/v2\/product_tag?post=1817"}],"curies":[{"name":"wp","href":"https:\/\/api.w.org\/{rel}","templated":true}]}}