{"id":1815,"date":"2024-04-02T02:41:23","date_gmt":"2024-04-02T02:41:23","guid":{"rendered":"https:\/\/lightgrey-porpoise-816575.hostingersite.com\/?post_type=product&#038;p=1815"},"modified":"2024-04-02T02:57:02","modified_gmt":"2024-04-02T02:57:02","slug":"electromagnetic-vibrating-magnetic-feeder","status":"publish","type":"product","link":"https:\/\/swoer.com\/sk\/manufacturer\/electromagnetic-vibrating-magnetic-feeder\/","title":{"rendered":"Elektromagnetick\u00fd vibra\u010dn\u00fd magnetick\u00fd pod\u00e1va\u010d"},"content":{"rendered":"<p>Vysk\u00fa\u0161ajte presn\u00fa manipul\u00e1ciu s materi\u00e1lom s na\u0161\u00edm elektromagnetick\u00fdm vibra\u010dn\u00fdm magnetick\u00fdm pod\u00e1va\u010dom. Je navrhnut\u00fd pre spo\u013eahlivos\u0165 a zais\u0165uje riaden\u00fd tok materi\u00e1lu pre bezprobl\u00e9mov\u00e9 v\u00fdrobn\u00e9 procesy.<\/p>\n<p>Zv\u00fd\u0161te efektivitu s na\u0161\u00edm elektromagnetick\u00fdm vibra\u010dn\u00fdm magnetick\u00fdm pod\u00e1va\u010dom. Navrhnut\u00fd pre bezprobl\u00e9mov\u00fa prev\u00e1dzku, optimalizuje manipul\u00e1ciu s materi\u00e1lom v r\u00f4znych priemyseln\u00fdch aplik\u00e1ci\u00e1ch.<\/p>\n\t<div id=\"gap-22164505\" class=\"gap-element clearfix\" style=\"display:block; height:auto;\">\n\t\t\n<style>\n#gap-22164505 {\n  padding-top: 30px;\n}\n<\/style>\n\t<\/div>\n\t\n<h2>Popis:<\/h2>\n<table style=\"border-collapse: collapse; width: 585.77pt;\" border=\"0\" width=\"781\" cellspacing=\"0\" cellpadding=\"0\">\n<tbody>\n<tr style=\"height: 32.00pt;\">\n<td class=\"et3\" style=\"height: 32.00pt; width: 145.50pt;\" width=\"194\" height=\"42\">Meno Produktu<\/td>\n<td class=\"et4\" style=\"width: 440.25pt;\" width=\"587\">Elektromagnetick\u00fd vibra\u010dn\u00fd magnetick\u00fd pod\u00e1va\u010d<\/td>\n<\/tr>\n<tr style=\"height: 32.00pt;\">\n<td class=\"et3\" style=\"height: 32.00pt;\" height=\"42\">N\u00e1zov zna\u010dky<\/td>\n<td class=\"et4\">SVOER<\/td>\n<\/tr>\n<tr style=\"height: 32.00pt;\">\n<td class=\"et3\" style=\"height: 32.00pt;\" height=\"42\">Rozmer (D*\u0160*V)<\/td>\n<td class=\"et4\">Na zak\u00e1zku<\/td>\n<\/tr>\n<tr style=\"height: 32.00pt;\">\n<td class=\"et3\" style=\"height: 32.00pt;\" height=\"42\">Hmotnos\u0165<\/td>\n<td class=\"et4\">Na zak\u00e1zku<\/td>\n<\/tr>\n<tr style=\"height: 32.00pt;\">\n<td class=\"et3\" style=\"height: 32.00pt;\" height=\"42\">Farba<\/td>\n<td class=\"et4\">Po\u017eiadavky z\u00e1kazn\u00edkov<\/td>\n<\/tr>\n<tr style=\"height: 32.00pt;\">\n<td class=\"et3\" style=\"height: 32.00pt;\" height=\"42\">Kapacita (t\/h)<\/td>\n<td class=\"et4\">0,1-6 t\/h<\/td>\n<\/tr>\n<tr style=\"height: 32.00pt;\">\n<td class=\"et3\" style=\"height: 32.00pt;\" height=\"42\">Nap\u00e4tie<\/td>\n<td class=\"et4\">85-260V<\/td>\n<\/tr>\n<tr style=\"height: 32.00pt;\">\n<td class=\"et3\" style=\"height: 32.00pt;\" height=\"42\">Frekvencia<\/td>\n<td class=\"et4\">40-400 Hz<\/td>\n<\/tr>\n<tr style=\"height: 32.00pt;\">\n<td class=\"et3\" style=\"height: 32.00pt;\" height=\"42\">Z\u00e1ruka<\/td>\n<td class=\"et4\">1 rok<\/td>\n<\/tr>\n<tr style=\"height: 32.00pt;\">\n<td class=\"et3\" style=\"height: 32.00pt;\" height=\"42\">MOQ<\/td>\n<td class=\"et4\">1 sada<\/td>\n<\/tr>\n<tr style=\"height: 32.00pt;\">\n<td class=\"et3\" style=\"height: 32.00pt;\" height=\"42\">Dodacia lehota<\/td>\n<td class=\"et4\">7-10 dn\u00ed<\/td>\n<\/tr>\n<tr style=\"height: 32.00pt;\">\n<td class=\"et3\" style=\"height: 32.00pt;\" height=\"42\">7-10 dn\u00ed<\/td>\n<td class=\"et4\">Preglejkov\u00e1 krabica<\/td>\n<\/tr>\n<tr style=\"height: 32.00pt;\">\n<td class=\"et3\" style=\"height: 32.00pt;\" height=\"42\">Lehota splatnosti<\/td>\n<td class=\"et4\">T\/T 40% Z\u00e1loha a zostatok pred odoslan\u00edm<\/td>\n<\/tr>\n<tr style=\"height: 32.00pt;\">\n<td class=\"et3\" style=\"height: 32.00pt;\" height=\"42\">Miesto p\u00f4vodu<\/td>\n<td class=\"et4\">Guangdong, \u010c\u00edna<\/td>\n<\/tr>\n<\/tbody>\n<\/table>\n\t<div id=\"gap-1057339353\" class=\"gap-element clearfix\" style=\"display:block; height:auto;\">\n\t\t\n<style>\n#gap-1057339353 {\n  padding-top: 30px;\n}\n<\/style>\n\t<\/div>\n\t\n<h2>FAQ:<\/h2>\n<p><strong>1. Ako zlep\u0161uje elektromagnetick\u00fd vibra\u010dn\u00fd magnetick\u00fd pod\u00e1va\u010d manipul\u00e1ciu s materi\u00e1lom?<\/strong><\/p>\n<p>N\u00e1\u0161 elektromagnetick\u00fd vibra\u010dn\u00fd magnetick\u00fd pod\u00e1va\u010d zais\u0165uje plynul\u00e9 a presn\u00e9 pod\u00e1vanie materi\u00e1lu, \u010d\u00edm sa zni\u017euje riziko upchatia a upchatia. Jeho kontrolovan\u00e9 vibr\u00e1cie zais\u0165uj\u00fa konzistentn\u00fd tok a zvy\u0161uj\u00fa celkov\u00fa efektivitu v procesoch manipul\u00e1cie s materi\u00e1lom.<\/p>\n<p><strong>2. Dok\u00e1\u017ee tento pod\u00e1va\u010d poja\u0165 r\u00f4zne druhy materi\u00e1lov?<\/strong><\/p>\n<p>\u00c1no, n\u00e1\u0161 pod\u00e1va\u010d je v\u0161estrann\u00fd a dok\u00e1\u017ee spracova\u0165 \u0161irok\u00fa \u0161k\u00e1lu materi\u00e1lov, od jemn\u00fdch pr\u00e1\u0161kov a\u017e po hrub\u00e9 granule. \u010ci u\u017e spracov\u00e1vate miner\u00e1ly, chemik\u00e1lie alebo potravin\u00e1rske produkty, n\u00e1\u0161 pod\u00e1va\u010d poskytuje spo\u013eahliv\u00fd v\u00fdkon v r\u00f4znych priemyseln\u00fdch odvetviach.<\/p>\n<p><strong>3. Je proces in\u0161tal\u00e1cie zlo\u017eit\u00fd?<\/strong><\/p>\n<p>V\u00f4bec nie. N\u00e1\u0161 elektromagnetick\u00fd vibra\u010dn\u00fd magnetick\u00fd pod\u00e1va\u010d je navrhnut\u00fd pre jednoduch\u00fa in\u0161tal\u00e1ciu a integr\u00e1ciu do va\u0161ej existuj\u00facej v\u00fdrobnej linky. N\u00e1\u0161 t\u00edm poskytuje komplexn\u00fa podporu na zabezpe\u010denie hladk\u00e9ho procesu nastavenia, \u010d\u00edm sa minimalizuj\u00fa prestoje a naru\u0161enie va\u0161ich oper\u00e1ci\u00ed.<\/p>\n<p><strong>4. Ako tento pod\u00e1va\u010d prispieva k efektivite v\u00fdroby?<\/strong><\/p>\n<p>Zabezpe\u010den\u00edm presn\u00e9ho a kontrolovan\u00e9ho pod\u00e1vania materi\u00e1lu n\u00e1\u0161 pod\u00e1va\u010d minimalizuje odpad a zlep\u0161uje celkov\u00fa efektivitu v\u00fdroby. Jeho elektromagnetick\u00e1 technol\u00f3gia umo\u017e\u0148uje prisp\u00f4sobi\u0165 r\u00fdchlos\u0165 pod\u00e1vania, \u010do v\u00e1m umo\u017en\u00ed optimalizova\u0165 v\u00fdkon pod\u013ea va\u0161ich \u0161pecifick\u00fdch v\u00fdrobn\u00fdch po\u017eiadaviek.<\/p>\n<p><strong>5. Ak\u00fd druh \u00fadr\u017eby si vy\u017eaduje tento pod\u00e1va\u010d?<\/strong><\/p>\n<p>N\u00e1\u0161 elektromagnetick\u00fd vibra\u010dn\u00fd magnetick\u00fd pod\u00e1va\u010d je navrhnut\u00fd pre prev\u00e1dzku s n\u00edzkymi n\u00e1rokmi na \u00fadr\u017ebu. Na zabezpe\u010denie optim\u00e1lneho v\u00fdkonu sa odpor\u00fa\u010daj\u00fa pravideln\u00e9 kontroly a \u010distenie. N\u00e1\u0161 t\u00edm poskytuje usmernenia t\u00fdkaj\u00face sa osved\u010den\u00fdch postupov \u00fadr\u017eby, ktor\u00e9 v\u00e1m pom\u00f4\u017eu maximalizova\u0165 \u017eivotnos\u0165 v\u00e1\u0161ho pod\u00e1va\u010da.<\/p>","protected":false},"excerpt":{"rendered":"<p>Zv\u00fd\u0161te efektivitu manipul\u00e1cie s materi\u00e1lom pomocou n\u00e1\u0161ho elektromagnetick\u00e9ho vibra\u010dn\u00e9ho magnetick\u00e9ho pod\u00e1va\u010da. Prec\u00edzne skon\u0161truovan\u00e9 pre bezprobl\u00e9mov\u00fa prev\u00e1dzku, zais\u0165uje konzistentn\u00fd a kontrolovan\u00fd tok materi\u00e1lu a bez n\u00e1mahy optimalizuje va\u0161e v\u00fdrobn\u00e9 procesy.<\/p>","protected":false},"featured_media":1816,"comment_status":"open","ping_status":"closed","template":"","meta":[],"product_cat":[38],"product_tag":[],"yoast_head":"<!-- This site is optimized with the Yoast SEO plugin v22.2 - https:\/\/yoast.com\/wordpress\/plugins\/seo\/ -->\n<title>Electromagnetic Vibrating Magnetic Feeder - SWOER<\/title>\n<meta name=\"robots\" content=\"index, follow, max-snippet:-1, max-image-preview:large, max-video-preview:-1\" \/>\n<link rel=\"canonical\" href=\"https:\/\/swoer.com\/sk\/manufacturer\/electromagnetic-vibrating-magnetic-feeder\/\" \/>\n<meta property=\"og:locale\" content=\"sk_SK\" \/>\n<meta property=\"og:type\" content=\"article\" \/>\n<meta property=\"og:title\" content=\"Electromagnetic Vibrating Magnetic Feeder - SWOER\" \/>\n<meta property=\"og:description\" content=\"Elevate your material handling efficiency with our Electromagnetic Vibrating Magnetic Feeder. Precisely engineered for seamless operation, it ensures consistent and controlled material flow, optimizing your production processes effortlessly.\" \/>\n<meta property=\"og:url\" content=\"https:\/\/swoer.com\/sk\/manufacturer\/electromagnetic-vibrating-magnetic-feeder\/\" \/>\n<meta property=\"og:site_name\" content=\"SWOER\" \/>\n<meta property=\"article:modified_time\" content=\"2024-04-02T02:57:02+00:00\" \/>\n<meta property=\"og:image\" content=\"https:\/\/swoer.com\/wp-content\/uploads\/2024\/04\/Electromagnetic-Vibrating-Magnetic-Feeder.webp\" \/>\n\t<meta property=\"og:image:width\" content=\"1000\" \/>\n\t<meta property=\"og:image:height\" content=\"1000\" \/>\n\t<meta property=\"og:image:type\" content=\"image\/webp\" \/>\n<meta name=\"twitter:card\" content=\"summary_large_image\" \/>\n<script type=\"application\/ld+json\" class=\"yoast-schema-graph\">{\"@context\":\"https:\/\/schema.org\",\"@graph\":[{\"@type\":\"WebPage\",\"@id\":\"https:\/\/swoer.com\/manufacturer\/electromagnetic-vibrating-magnetic-feeder\/\",\"url\":\"https:\/\/swoer.com\/manufacturer\/electromagnetic-vibrating-magnetic-feeder\/\",\"name\":\"Electromagnetic Vibrating Magnetic Feeder - SWOER\",\"isPartOf\":{\"@id\":\"https:\/\/swoer.com\/#website\"},\"primaryImageOfPage\":{\"@id\":\"https:\/\/swoer.com\/manufacturer\/electromagnetic-vibrating-magnetic-feeder\/#primaryimage\"},\"image\":{\"@id\":\"https:\/\/swoer.com\/manufacturer\/electromagnetic-vibrating-magnetic-feeder\/#primaryimage\"},\"thumbnailUrl\":\"https:\/\/swoer.com\/wp-content\/uploads\/2024\/04\/Electromagnetic-Vibrating-Magnetic-Feeder.webp\",\"datePublished\":\"2024-04-02T02:41:23+00:00\",\"dateModified\":\"2024-04-02T02:57:02+00:00\",\"breadcrumb\":{\"@id\":\"https:\/\/swoer.com\/manufacturer\/electromagnetic-vibrating-magnetic-feeder\/#breadcrumb\"},\"inLanguage\":\"sk-SK\",\"potentialAction\":[{\"@type\":\"ReadAction\",\"target\":[\"https:\/\/swoer.com\/manufacturer\/electromagnetic-vibrating-magnetic-feeder\/\"]}]},{\"@type\":\"ImageObject\",\"inLanguage\":\"sk-SK\",\"@id\":\"https:\/\/swoer.com\/manufacturer\/electromagnetic-vibrating-magnetic-feeder\/#primaryimage\",\"url\":\"https:\/\/swoer.com\/wp-content\/uploads\/2024\/04\/Electromagnetic-Vibrating-Magnetic-Feeder.webp\",\"contentUrl\":\"https:\/\/swoer.com\/wp-content\/uploads\/2024\/04\/Electromagnetic-Vibrating-Magnetic-Feeder.webp\",\"width\":1000,\"height\":1000,\"caption\":\"Electromagnetic Vibrating Magnetic Feeder\"},{\"@type\":\"BreadcrumbList\",\"@id\":\"https:\/\/swoer.com\/manufacturer\/electromagnetic-vibrating-magnetic-feeder\/#breadcrumb\",\"itemListElement\":[{\"@type\":\"ListItem\",\"position\":1,\"name\":\"Home\",\"item\":\"https:\/\/swoer.com\/\"},{\"@type\":\"ListItem\",\"position\":2,\"name\":\"Shop\",\"item\":\"https:\/\/swoer.com\/shop\/\"},{\"@type\":\"ListItem\",\"position\":3,\"name\":\"Electromagnetic Vibrating Magnetic Feeder\"}]},{\"@type\":\"WebSite\",\"@id\":\"https:\/\/swoer.com\/#website\",\"url\":\"https:\/\/swoer.com\/\",\"name\":\"SWOER\",\"description\":\"Swoer is the top 3 vibratory bowl feeder manufacturer in China\",\"potentialAction\":[{\"@type\":\"SearchAction\",\"target\":{\"@type\":\"EntryPoint\",\"urlTemplate\":\"https:\/\/swoer.com\/?s={search_term_string}\"},\"query-input\":\"required name=search_term_string\"}],\"inLanguage\":\"sk-SK\"}]}<\/script>\n<!-- \/ Yoast SEO plugin. -->","yoast_head_json":{"title":"Electromagnetic Vibrating Magnetic Feeder - SWOER","robots":{"index":"index","follow":"follow","max-snippet":"max-snippet:-1","max-image-preview":"max-image-preview:large","max-video-preview":"max-video-preview:-1"},"canonical":"https:\/\/swoer.com\/sk\/manufacturer\/electromagnetic-vibrating-magnetic-feeder\/","og_locale":"sk_SK","og_type":"article","og_title":"Electromagnetic Vibrating Magnetic Feeder - SWOER","og_description":"Elevate your material handling efficiency with our Electromagnetic Vibrating Magnetic Feeder. Precisely engineered for seamless operation, it ensures consistent and controlled material flow, optimizing your production processes effortlessly.","og_url":"https:\/\/swoer.com\/sk\/manufacturer\/electromagnetic-vibrating-magnetic-feeder\/","og_site_name":"SWOER","article_modified_time":"2024-04-02T02:57:02+00:00","og_image":[{"width":1000,"height":1000,"url":"https:\/\/swoer.com\/wp-content\/uploads\/2024\/04\/Electromagnetic-Vibrating-Magnetic-Feeder.webp","type":"image\/webp"}],"twitter_card":"summary_large_image","schema":{"@context":"https:\/\/schema.org","@graph":[{"@type":"WebPage","@id":"https:\/\/swoer.com\/manufacturer\/electromagnetic-vibrating-magnetic-feeder\/","url":"https:\/\/swoer.com\/manufacturer\/electromagnetic-vibrating-magnetic-feeder\/","name":"Electromagnetic Vibrating Magnetic Feeder - SWOER","isPartOf":{"@id":"https:\/\/swoer.com\/#website"},"primaryImageOfPage":{"@id":"https:\/\/swoer.com\/manufacturer\/electromagnetic-vibrating-magnetic-feeder\/#primaryimage"},"image":{"@id":"https:\/\/swoer.com\/manufacturer\/electromagnetic-vibrating-magnetic-feeder\/#primaryimage"},"thumbnailUrl":"https:\/\/swoer.com\/wp-content\/uploads\/2024\/04\/Electromagnetic-Vibrating-Magnetic-Feeder.webp","datePublished":"2024-04-02T02:41:23+00:00","dateModified":"2024-04-02T02:57:02+00:00","breadcrumb":{"@id":"https:\/\/swoer.com\/manufacturer\/electromagnetic-vibrating-magnetic-feeder\/#breadcrumb"},"inLanguage":"sk-SK","potentialAction":[{"@type":"ReadAction","target":["https:\/\/swoer.com\/manufacturer\/electromagnetic-vibrating-magnetic-feeder\/"]}]},{"@type":"ImageObject","inLanguage":"sk-SK","@id":"https:\/\/swoer.com\/manufacturer\/electromagnetic-vibrating-magnetic-feeder\/#primaryimage","url":"https:\/\/swoer.com\/wp-content\/uploads\/2024\/04\/Electromagnetic-Vibrating-Magnetic-Feeder.webp","contentUrl":"https:\/\/swoer.com\/wp-content\/uploads\/2024\/04\/Electromagnetic-Vibrating-Magnetic-Feeder.webp","width":1000,"height":1000,"caption":"Electromagnetic Vibrating Magnetic Feeder"},{"@type":"BreadcrumbList","@id":"https:\/\/swoer.com\/manufacturer\/electromagnetic-vibrating-magnetic-feeder\/#breadcrumb","itemListElement":[{"@type":"ListItem","position":1,"name":"Home","item":"https:\/\/swoer.com\/"},{"@type":"ListItem","position":2,"name":"Shop","item":"https:\/\/swoer.com\/shop\/"},{"@type":"ListItem","position":3,"name":"Electromagnetic Vibrating Magnetic Feeder"}]},{"@type":"WebSite","@id":"https:\/\/swoer.com\/#website","url":"https:\/\/swoer.com\/","name":"SWOER","description":"Swoer is the top 3 vibratory bowl feeder manufacturer in China","potentialAction":[{"@type":"SearchAction","target":{"@type":"EntryPoint","urlTemplate":"https:\/\/swoer.com\/?s={search_term_string}"},"query-input":"required name=search_term_string"}],"inLanguage":"sk-SK"}]}},"_links":{"self":[{"href":"https:\/\/swoer.com\/sk\/wp-json\/wp\/v2\/product\/1815"}],"collection":[{"href":"https:\/\/swoer.com\/sk\/wp-json\/wp\/v2\/product"}],"about":[{"href":"https:\/\/swoer.com\/sk\/wp-json\/wp\/v2\/types\/product"}],"replies":[{"embeddable":true,"href":"https:\/\/swoer.com\/sk\/wp-json\/wp\/v2\/comments?post=1815"}],"wp:featuredmedia":[{"embeddable":true,"href":"https:\/\/swoer.com\/sk\/wp-json\/wp\/v2\/media\/1816"}],"wp:attachment":[{"href":"https:\/\/swoer.com\/sk\/wp-json\/wp\/v2\/media?parent=1815"}],"wp:term":[{"taxonomy":"product_cat","embeddable":true,"href":"https:\/\/swoer.com\/sk\/wp-json\/wp\/v2\/product_cat?post=1815"},{"taxonomy":"product_tag","embeddable":true,"href":"https:\/\/swoer.com\/sk\/wp-json\/wp\/v2\/product_tag?post=1815"}],"curies":[{"name":"wp","href":"https:\/\/api.w.org\/{rel}","templated":true}]}}