{"id":1813,"date":"2024-04-02T02:28:40","date_gmt":"2024-04-02T02:28:40","guid":{"rendered":"https:\/\/lightgrey-porpoise-816575.hostingersite.com\/?post_type=product&#038;p=1813"},"modified":"2024-04-02T02:34:38","modified_gmt":"2024-04-02T02:34:38","slug":"powder-elevator-hopper-conveyor","status":"publish","type":"product","link":"https:\/\/swoer.com\/sk\/manufacturer\/powder-elevator-hopper-conveyor\/","title":{"rendered":"Pr\u00e1\u0161kov\u00fd v\u00fd\u0165ahov\u00fd n\u00e1sypn\u00fd dopravn\u00edk"},"content":{"rendered":"<p>Za\u017eite bezprobl\u00e9mov\u00fa manipul\u00e1ciu s materi\u00e1lom s na\u0161\u00edm pr\u00e1\u0161kov\u00fdm elev\u00e1torov\u00fdm n\u00e1sypkov\u00fdm dopravn\u00edkom. N\u00e1\u0161 syst\u00e9m je navrhnut\u00fd pre efekt\u00edvnos\u0165 a spo\u013eahlivos\u0165, zefekt\u00edv\u0148uje prenos pr\u00e1\u0161kov\u00fdch materi\u00e1lov, zabezpe\u010duje hladk\u00fd pracovn\u00fd tok a optimalizovan\u00e9 v\u00fdrobn\u00e9 procesy. Pozdvihnite svoje prev\u00e1dzky pomocou n\u00e1\u0161ho \u0161pi\u010dkov\u00e9ho rie\u0161enia.<\/p>\n\t<div id=\"gap-985232818\" class=\"gap-element clearfix\" style=\"display:block; height:auto;\">\n\t\t\n<style>\n#gap-985232818 {\n  padding-top: 30px;\n}\n<\/style>\n\t<\/div>\n\t\n<h2>Popis:<\/h2>\n<table style=\"border-collapse: collapse; width: 585.77pt;\" border=\"0\" width=\"781\" cellspacing=\"0\" cellpadding=\"0\">\n<tbody>\n<tr style=\"height: 32.00pt;\">\n<td class=\"et3\" style=\"height: 32.00pt; width: 145.50pt;\" width=\"194\" height=\"42\">Meno Produktu<\/td>\n<td class=\"et4\" style=\"width: 440.25pt;\" width=\"587\">Pr\u00e1\u0161kov\u00fd v\u00fd\u0165ahov\u00fd n\u00e1sypn\u00fd dopravn\u00edk<\/td>\n<\/tr>\n<tr style=\"height: 32.00pt;\">\n<td class=\"et3\" style=\"height: 32.00pt;\" height=\"42\">N\u00e1zov zna\u010dky<\/td>\n<td class=\"et4\">SVOER<\/td>\n<\/tr>\n<tr style=\"height: 32.00pt;\">\n<td class=\"et3\" style=\"height: 32.00pt;\" height=\"42\">Rozmer (D*\u0160*V)<\/td>\n<td class=\"et4\">Na zak\u00e1zku<\/td>\n<\/tr>\n<tr style=\"height: 32.00pt;\">\n<td class=\"et3\" style=\"height: 32.00pt;\" height=\"42\">Hmotnos\u0165<\/td>\n<td class=\"et4\">Na zak\u00e1zku<\/td>\n<\/tr>\n<tr style=\"height: 32.00pt;\">\n<td class=\"et3\" style=\"height: 32.00pt;\" height=\"42\">Farba<\/td>\n<td class=\"et4\">Po\u017eiadavky z\u00e1kazn\u00edkov<\/td>\n<\/tr>\n<tr style=\"height: 32.00pt;\">\n<td class=\"et3\" style=\"height: 32.00pt;\" height=\"42\">Kapacita (t\/h)<\/td>\n<td class=\"et4\">0,1-6 t\/h<\/td>\n<\/tr>\n<tr style=\"height: 32.00pt;\">\n<td class=\"et3\" style=\"height: 32.00pt;\" height=\"42\">Nap\u00e4tie<\/td>\n<td class=\"et4\">85-260V<\/td>\n<\/tr>\n<tr style=\"height: 32.00pt;\">\n<td class=\"et3\" style=\"height: 32.00pt;\" height=\"42\">Frekvencia<\/td>\n<td class=\"et4\">40-400 Hz<\/td>\n<\/tr>\n<tr style=\"height: 32.00pt;\">\n<td class=\"et3\" style=\"height: 32.00pt;\" height=\"42\">Z\u00e1ruka<\/td>\n<td class=\"et4\">1 rok<\/td>\n<\/tr>\n<tr style=\"height: 32.00pt;\">\n<td class=\"et3\" style=\"height: 32.00pt;\" height=\"42\">MOQ<\/td>\n<td class=\"et4\">1 sada<\/td>\n<\/tr>\n<tr style=\"height: 32.00pt;\">\n<td class=\"et3\" style=\"height: 32.00pt;\" height=\"42\">Dodacia lehota<\/td>\n<td class=\"et4\">7-10 dn\u00ed<\/td>\n<\/tr>\n<tr style=\"height: 32.00pt;\">\n<td class=\"et3\" style=\"height: 32.00pt;\" height=\"42\">7-10 dn\u00ed<\/td>\n<td class=\"et4\">Preglejkov\u00e1 krabica<\/td>\n<\/tr>\n<tr style=\"height: 32.00pt;\">\n<td class=\"et3\" style=\"height: 32.00pt;\" height=\"42\">Lehota splatnosti<\/td>\n<td class=\"et4\">T\/T 40% Z\u00e1loha a zostatok pred odoslan\u00edm<\/td>\n<\/tr>\n<tr style=\"height: 32.00pt;\">\n<td class=\"et3\" style=\"height: 32.00pt;\" height=\"42\">Miesto p\u00f4vodu<\/td>\n<td class=\"et4\">Guangdong, \u010c\u00edna<\/td>\n<\/tr>\n<\/tbody>\n<\/table>\n\t<div id=\"gap-114858271\" class=\"gap-element clearfix\" style=\"display:block; height:auto;\">\n\t\t\n<style>\n#gap-114858271 {\n  padding-top: 30px;\n}\n<\/style>\n\t<\/div>\n\t\n<h2>FAQ:<\/h2>\n<p><strong>1. Ako zlep\u0161uje n\u00e1sypn\u00fd dopravn\u00edk s pr\u00e1\u0161kov\u00fdm v\u00fd\u0165ahom m\u00f4j proces manipul\u00e1cie s materi\u00e1lom?<\/strong><\/p>\n<p>N\u00e1\u0161 pr\u00e1\u0161kov\u00fd v\u00fd\u0165ahov\u00fd z\u00e1sobn\u00edkov\u00fd dopravn\u00edk u\u013eah\u010duje bezprobl\u00e9mov\u00fd a efekt\u00edvny prenos pr\u00e1\u0161kov\u00fdch materi\u00e1lov, minimalizuje ru\u010dn\u00fa manipul\u00e1ciu a optimalizuje pracovn\u00fd tok. Zabezpe\u010duje konzistentn\u00fa a spo\u013eahliv\u00fa prepravu, zni\u017euje prestoje a zvy\u0161uje celkov\u00fa produktivitu vo va\u0161ich prev\u00e1dzkach.<\/p>\n<p><strong>2. Dok\u00e1\u017ee tento dopravn\u00edkov\u00fd syst\u00e9m prija\u0165 r\u00f4zne druhy pr\u00e1\u0161kov\u00fdch materi\u00e1lov?<\/strong><\/p>\n<p>Absol\u00fatne. N\u00e1\u0161 pr\u00e1\u0161kov\u00fd elev\u00e1torov\u00fd z\u00e1sobn\u00edkov\u00fd dopravn\u00edk je v\u0161estrann\u00fd a navrhnut\u00fd na manipul\u00e1ciu so \u0161irok\u00fdm spektrom pr\u00e1\u0161kov\u00fdch materi\u00e1lov, vr\u00e1tane, ale nie v\u00fdlu\u010dne, m\u00faky, cukru, korenia a farmaceutick\u00fdch pr\u00e1\u0161kov. Jeho prisp\u00f4sobiv\u00fd dizajn zais\u0165uje optim\u00e1lny v\u00fdkon v r\u00f4znych odvetviach a aplik\u00e1ci\u00e1ch.<\/p>\n<p><strong>3. D\u00e1 sa dopravn\u00edkov\u00fd syst\u00e9m jednoducho nain\u0161talova\u0165 a integrova\u0165 do m\u00f4jho existuj\u00faceho nastavenia?<\/strong><\/p>\n<p>\u00c1no, in\u0161tal\u00e1cia a integr\u00e1cia s\u00fa jednoduch\u00e9 procesy. N\u00e1\u0161 t\u00edm poskytuje komplexn\u00fa podporu na zabezpe\u010denie bezprobl\u00e9movej in\u0161tal\u00e1cie a integr\u00e1cie pr\u00e1\u0161kov\u00e9ho v\u00fd\u0165ahov\u00e9ho z\u00e1sobn\u00edkov\u00e9ho dopravn\u00edka do va\u0161ej existuj\u00facej v\u00fdrobnej linky. Uprednost\u0148ujeme minim\u00e1lne naru\u0161enie va\u0161ich oper\u00e1ci\u00ed, \u010do v\u00e1m umo\u017en\u00ed r\u00fdchlo vyu\u017ei\u0165 v\u00fdhody zv\u00fd\u0161enej efekt\u00edvnosti manipul\u00e1cie s materi\u00e1lom.<\/p>\n<p><strong>4. Ako tento dopravn\u00edkov\u00fd syst\u00e9m prispieva k bezpe\u010dnosti na pracovisku?<\/strong><\/p>\n<p>Powder Elevator Hopper Conveyor minimalizuje ru\u010dn\u00fa manipul\u00e1ciu s pr\u00e1\u0161kov\u00fdmi materi\u00e1lmi, \u010d\u00edm zni\u017euje riziko neh\u00f4d na pracovisku a zranen\u00ed spojen\u00fdch so zdv\u00edhan\u00edm a prepravou \u0165a\u017ek\u00fdch bremien. Jeho automatizovan\u00e1 prev\u00e1dzka zais\u0165uje kontrolovan\u00fd a bezpe\u010dn\u00fd presun materi\u00e1lu a podporuje bezpe\u010dnej\u0161ie pracovn\u00e9 prostredie pre va\u0161ich zamestnancov.<\/p>\n<p><strong>5. Ak\u00fd druh \u00fadr\u017eby je potrebn\u00fd pre tento dopravn\u00edkov\u00fd syst\u00e9m?<\/strong><\/p>\n<p>N\u00e1\u0161 pr\u00e1\u0161kov\u00fd v\u00fd\u0165ahov\u00fd z\u00e1sobn\u00edkov\u00fd dopravn\u00edk je navrhnut\u00fd pre spo\u013eahlivos\u0165 a minim\u00e1lne po\u017eiadavky na \u00fadr\u017ebu. Na zabezpe\u010denie optim\u00e1lneho v\u00fdkonu a dlhej \u017eivotnosti sa odpor\u00fa\u010daj\u00fa pravideln\u00e9 kontroly a prevent\u00edvna \u00fadr\u017eba. N\u00e1\u0161 t\u00edm poskytuje nepretr\u017eit\u00fa podporu a pomoc, aby v\u00e1m pomohol udr\u017eiava\u0165 v\u00e1\u0161 dopravn\u00edkov\u00fd syst\u00e9m v \u0161pi\u010dkovom stave.<\/p>","protected":false},"excerpt":{"rendered":"<p>Optimalizujte manipul\u00e1ciu s materi\u00e1lom pomocou n\u00e1\u0161ho pr\u00e1\u0161kov\u00e9ho zdv\u00edhacieho n\u00e1sypkov\u00e9ho dopravn\u00edka. Zjednodu\u0161en\u00e9 a spo\u013eahliv\u00e9 pre efekt\u00edvnu v\u00fdrobu.<\/p>","protected":false},"featured_media":1814,"comment_status":"open","ping_status":"closed","template":"","meta":[],"product_cat":[38],"product_tag":[],"yoast_head":"<!-- This site is optimized with the Yoast SEO plugin v22.2 - https:\/\/yoast.com\/wordpress\/plugins\/seo\/ -->\n<title>Powder Elevator Hopper Conveyor - SWOER<\/title>\n<meta name=\"robots\" content=\"index, follow, max-snippet:-1, max-image-preview:large, max-video-preview:-1\" \/>\n<link rel=\"canonical\" href=\"https:\/\/swoer.com\/sk\/manufacturer\/powder-elevator-hopper-conveyor\/\" \/>\n<meta property=\"og:locale\" content=\"sk_SK\" \/>\n<meta property=\"og:type\" content=\"article\" \/>\n<meta property=\"og:title\" content=\"Powder Elevator Hopper Conveyor - SWOER\" \/>\n<meta property=\"og:description\" content=\"Optimize material handling with our Powder Elevator Hopper Conveyor. Streamlined and reliable for efficient production.\" \/>\n<meta property=\"og:url\" content=\"https:\/\/swoer.com\/sk\/manufacturer\/powder-elevator-hopper-conveyor\/\" \/>\n<meta property=\"og:site_name\" content=\"SWOER\" \/>\n<meta property=\"article:modified_time\" content=\"2024-04-02T02:34:38+00:00\" \/>\n<meta property=\"og:image\" content=\"https:\/\/swoer.com\/wp-content\/uploads\/2024\/04\/Powder-elevator-hopper-conveyor-Flour-screw-conveyor.webp\" \/>\n\t<meta property=\"og:image:width\" content=\"1000\" \/>\n\t<meta property=\"og:image:height\" content=\"1000\" \/>\n\t<meta property=\"og:image:type\" content=\"image\/webp\" \/>\n<meta name=\"twitter:card\" content=\"summary_large_image\" \/>\n<meta name=\"twitter:label1\" content=\"Predpokladan\u00fd \u010das \u010d\u00edtania\" \/>\n\t<meta name=\"twitter:data1\" content=\"1 min\u00fata\" \/>\n<script type=\"application\/ld+json\" class=\"yoast-schema-graph\">{\"@context\":\"https:\/\/schema.org\",\"@graph\":[{\"@type\":\"WebPage\",\"@id\":\"https:\/\/swoer.com\/manufacturer\/powder-elevator-hopper-conveyor\/\",\"url\":\"https:\/\/swoer.com\/manufacturer\/powder-elevator-hopper-conveyor\/\",\"name\":\"Powder Elevator Hopper Conveyor - SWOER\",\"isPartOf\":{\"@id\":\"https:\/\/swoer.com\/#website\"},\"primaryImageOfPage\":{\"@id\":\"https:\/\/swoer.com\/manufacturer\/powder-elevator-hopper-conveyor\/#primaryimage\"},\"image\":{\"@id\":\"https:\/\/swoer.com\/manufacturer\/powder-elevator-hopper-conveyor\/#primaryimage\"},\"thumbnailUrl\":\"https:\/\/swoer.com\/wp-content\/uploads\/2024\/04\/Powder-elevator-hopper-conveyor-Flour-screw-conveyor.webp\",\"datePublished\":\"2024-04-02T02:28:40+00:00\",\"dateModified\":\"2024-04-02T02:34:38+00:00\",\"breadcrumb\":{\"@id\":\"https:\/\/swoer.com\/manufacturer\/powder-elevator-hopper-conveyor\/#breadcrumb\"},\"inLanguage\":\"sk-SK\",\"potentialAction\":[{\"@type\":\"ReadAction\",\"target\":[\"https:\/\/swoer.com\/manufacturer\/powder-elevator-hopper-conveyor\/\"]}]},{\"@type\":\"ImageObject\",\"inLanguage\":\"sk-SK\",\"@id\":\"https:\/\/swoer.com\/manufacturer\/powder-elevator-hopper-conveyor\/#primaryimage\",\"url\":\"https:\/\/swoer.com\/wp-content\/uploads\/2024\/04\/Powder-elevator-hopper-conveyor-Flour-screw-conveyor.webp\",\"contentUrl\":\"https:\/\/swoer.com\/wp-content\/uploads\/2024\/04\/Powder-elevator-hopper-conveyor-Flour-screw-conveyor.webp\",\"width\":1000,\"height\":1000,\"caption\":\"Powder elevator hopper conveyor - Flour screw conveyor\"},{\"@type\":\"BreadcrumbList\",\"@id\":\"https:\/\/swoer.com\/manufacturer\/powder-elevator-hopper-conveyor\/#breadcrumb\",\"itemListElement\":[{\"@type\":\"ListItem\",\"position\":1,\"name\":\"Home\",\"item\":\"https:\/\/swoer.com\/\"},{\"@type\":\"ListItem\",\"position\":2,\"name\":\"Shop\",\"item\":\"https:\/\/swoer.com\/shop\/\"},{\"@type\":\"ListItem\",\"position\":3,\"name\":\"Powder Elevator Hopper Conveyor\"}]},{\"@type\":\"WebSite\",\"@id\":\"https:\/\/swoer.com\/#website\",\"url\":\"https:\/\/swoer.com\/\",\"name\":\"SWOER\",\"description\":\"Swoer is the top 3 vibratory bowl feeder manufacturer in China\",\"potentialAction\":[{\"@type\":\"SearchAction\",\"target\":{\"@type\":\"EntryPoint\",\"urlTemplate\":\"https:\/\/swoer.com\/?s={search_term_string}\"},\"query-input\":\"required name=search_term_string\"}],\"inLanguage\":\"sk-SK\"}]}<\/script>\n<!-- \/ Yoast SEO plugin. -->","yoast_head_json":{"title":"Powder Elevator Hopper Conveyor - SWOER","robots":{"index":"index","follow":"follow","max-snippet":"max-snippet:-1","max-image-preview":"max-image-preview:large","max-video-preview":"max-video-preview:-1"},"canonical":"https:\/\/swoer.com\/sk\/manufacturer\/powder-elevator-hopper-conveyor\/","og_locale":"sk_SK","og_type":"article","og_title":"Powder Elevator Hopper Conveyor - SWOER","og_description":"Optimize material handling with our Powder Elevator Hopper Conveyor. Streamlined and reliable for efficient production.","og_url":"https:\/\/swoer.com\/sk\/manufacturer\/powder-elevator-hopper-conveyor\/","og_site_name":"SWOER","article_modified_time":"2024-04-02T02:34:38+00:00","og_image":[{"width":1000,"height":1000,"url":"https:\/\/swoer.com\/wp-content\/uploads\/2024\/04\/Powder-elevator-hopper-conveyor-Flour-screw-conveyor.webp","type":"image\/webp"}],"twitter_card":"summary_large_image","twitter_misc":{"Predpokladan\u00fd \u010das \u010d\u00edtania":"1 min\u00fata"},"schema":{"@context":"https:\/\/schema.org","@graph":[{"@type":"WebPage","@id":"https:\/\/swoer.com\/manufacturer\/powder-elevator-hopper-conveyor\/","url":"https:\/\/swoer.com\/manufacturer\/powder-elevator-hopper-conveyor\/","name":"Powder Elevator Hopper Conveyor - SWOER","isPartOf":{"@id":"https:\/\/swoer.com\/#website"},"primaryImageOfPage":{"@id":"https:\/\/swoer.com\/manufacturer\/powder-elevator-hopper-conveyor\/#primaryimage"},"image":{"@id":"https:\/\/swoer.com\/manufacturer\/powder-elevator-hopper-conveyor\/#primaryimage"},"thumbnailUrl":"https:\/\/swoer.com\/wp-content\/uploads\/2024\/04\/Powder-elevator-hopper-conveyor-Flour-screw-conveyor.webp","datePublished":"2024-04-02T02:28:40+00:00","dateModified":"2024-04-02T02:34:38+00:00","breadcrumb":{"@id":"https:\/\/swoer.com\/manufacturer\/powder-elevator-hopper-conveyor\/#breadcrumb"},"inLanguage":"sk-SK","potentialAction":[{"@type":"ReadAction","target":["https:\/\/swoer.com\/manufacturer\/powder-elevator-hopper-conveyor\/"]}]},{"@type":"ImageObject","inLanguage":"sk-SK","@id":"https:\/\/swoer.com\/manufacturer\/powder-elevator-hopper-conveyor\/#primaryimage","url":"https:\/\/swoer.com\/wp-content\/uploads\/2024\/04\/Powder-elevator-hopper-conveyor-Flour-screw-conveyor.webp","contentUrl":"https:\/\/swoer.com\/wp-content\/uploads\/2024\/04\/Powder-elevator-hopper-conveyor-Flour-screw-conveyor.webp","width":1000,"height":1000,"caption":"Powder elevator hopper conveyor - Flour screw conveyor"},{"@type":"BreadcrumbList","@id":"https:\/\/swoer.com\/manufacturer\/powder-elevator-hopper-conveyor\/#breadcrumb","itemListElement":[{"@type":"ListItem","position":1,"name":"Home","item":"https:\/\/swoer.com\/"},{"@type":"ListItem","position":2,"name":"Shop","item":"https:\/\/swoer.com\/shop\/"},{"@type":"ListItem","position":3,"name":"Powder Elevator Hopper Conveyor"}]},{"@type":"WebSite","@id":"https:\/\/swoer.com\/#website","url":"https:\/\/swoer.com\/","name":"SWOER","description":"Swoer is the top 3 vibratory bowl feeder manufacturer in China","potentialAction":[{"@type":"SearchAction","target":{"@type":"EntryPoint","urlTemplate":"https:\/\/swoer.com\/?s={search_term_string}"},"query-input":"required name=search_term_string"}],"inLanguage":"sk-SK"}]}},"_links":{"self":[{"href":"https:\/\/swoer.com\/sk\/wp-json\/wp\/v2\/product\/1813"}],"collection":[{"href":"https:\/\/swoer.com\/sk\/wp-json\/wp\/v2\/product"}],"about":[{"href":"https:\/\/swoer.com\/sk\/wp-json\/wp\/v2\/types\/product"}],"replies":[{"embeddable":true,"href":"https:\/\/swoer.com\/sk\/wp-json\/wp\/v2\/comments?post=1813"}],"wp:featuredmedia":[{"embeddable":true,"href":"https:\/\/swoer.com\/sk\/wp-json\/wp\/v2\/media\/1814"}],"wp:attachment":[{"href":"https:\/\/swoer.com\/sk\/wp-json\/wp\/v2\/media?parent=1813"}],"wp:term":[{"taxonomy":"product_cat","embeddable":true,"href":"https:\/\/swoer.com\/sk\/wp-json\/wp\/v2\/product_cat?post=1813"},{"taxonomy":"product_tag","embeddable":true,"href":"https:\/\/swoer.com\/sk\/wp-json\/wp\/v2\/product_tag?post=1813"}],"curies":[{"name":"wp","href":"https:\/\/api.w.org\/{rel}","templated":true}]}}