{"id":1811,"date":"2024-04-02T02:11:28","date_gmt":"2024-04-02T02:11:28","guid":{"rendered":"https:\/\/lightgrey-porpoise-816575.hostingersite.com\/?post_type=product&#038;p=1811"},"modified":"2024-04-02T02:24:04","modified_gmt":"2024-04-02T02:24:04","slug":"bucket-hopper-elevator-fully-automatic-lifting-hopper-feeder","status":"publish","type":"product","link":"https:\/\/swoer.com\/sk\/manufacturer\/bucket-hopper-elevator-fully-automatic-lifting-hopper-feeder\/","title":{"rendered":"Plne automatick\u00fd zdv\u00edhac\u00ed pod\u00e1va\u010d n\u00e1sypky"},"content":{"rendered":"<h2>Popis:<\/h2>\n<table style=\"border-collapse: collapse; width: 585.77pt;\" border=\"0\" width=\"781\" cellspacing=\"0\" cellpadding=\"0\">\n<tbody>\n<tr style=\"height: 32.00pt;\">\n<td class=\"et3\" style=\"height: 32.00pt; width: 145.50pt;\" width=\"194\" height=\"42\">Meno Produktu<\/td>\n<td class=\"et4\" style=\"width: 440.25pt;\" width=\"587\">Plne automatick\u00fd zdv\u00edhac\u00ed pod\u00e1va\u010d n\u00e1sypky<\/td>\n<\/tr>\n<tr style=\"height: 32.00pt;\">\n<td class=\"et3\" style=\"height: 32.00pt;\" height=\"42\">N\u00e1zov zna\u010dky<\/td>\n<td class=\"et4\">SVOER<\/td>\n<\/tr>\n<tr style=\"height: 32.00pt;\">\n<td class=\"et3\" style=\"height: 32.00pt;\" height=\"42\">Rozmer (D*\u0160*V)<\/td>\n<td class=\"et4\">Na zak\u00e1zku<\/td>\n<\/tr>\n<tr style=\"height: 32.00pt;\">\n<td class=\"et3\" style=\"height: 32.00pt;\" height=\"42\">Hmotnos\u0165<\/td>\n<td class=\"et4\">Na zak\u00e1zku<\/td>\n<\/tr>\n<tr style=\"height: 32.00pt;\">\n<td class=\"et3\" style=\"height: 32.00pt;\" height=\"42\">Farba<\/td>\n<td class=\"et4\">Po\u017eiadavky z\u00e1kazn\u00edkov<\/td>\n<\/tr>\n<tr style=\"height: 32.00pt;\">\n<td class=\"et3\" style=\"height: 32.00pt;\" height=\"42\">Kapacita (t\/h)<\/td>\n<td class=\"et4\">0,1-6 t\/h<\/td>\n<\/tr>\n<tr style=\"height: 32.00pt;\">\n<td class=\"et3\" style=\"height: 32.00pt;\" height=\"42\">Nap\u00e4tie<\/td>\n<td class=\"et4\">85-260V<\/td>\n<\/tr>\n<tr style=\"height: 32.00pt;\">\n<td class=\"et3\" style=\"height: 32.00pt;\" height=\"42\">Frekvencia<\/td>\n<td class=\"et4\">40-400 Hz<\/td>\n<\/tr>\n<tr style=\"height: 32.00pt;\">\n<td class=\"et3\" style=\"height: 32.00pt;\" height=\"42\">Z\u00e1ruka<\/td>\n<td class=\"et4\">1 rok<\/td>\n<\/tr>\n<tr style=\"height: 32.00pt;\">\n<td class=\"et3\" style=\"height: 32.00pt;\" height=\"42\">MOQ<\/td>\n<td class=\"et4\">1 sada<\/td>\n<\/tr>\n<tr style=\"height: 32.00pt;\">\n<td class=\"et3\" style=\"height: 32.00pt;\" height=\"42\">Dodacia lehota<\/td>\n<td class=\"et4\">7-10 dn\u00ed<\/td>\n<\/tr>\n<tr style=\"height: 32.00pt;\">\n<td class=\"et3\" style=\"height: 32.00pt;\" height=\"42\">7-10 dn\u00ed<\/td>\n<td class=\"et4\">Preglejkov\u00e1 krabica<\/td>\n<\/tr>\n<tr style=\"height: 32.00pt;\">\n<td class=\"et3\" style=\"height: 32.00pt;\" height=\"42\">Lehota splatnosti<\/td>\n<td class=\"et4\">T\/T 40% Z\u00e1loha a zostatok pred odoslan\u00edm<\/td>\n<\/tr>\n<tr style=\"height: 32.00pt;\">\n<td class=\"et3\" style=\"height: 32.00pt;\" height=\"42\">Miesto p\u00f4vodu<\/td>\n<td class=\"et4\">Guangdong, \u010c\u00edna<\/td>\n<\/tr>\n<\/tbody>\n<\/table>\n\t<div id=\"gap-141316293\" class=\"gap-element clearfix\" style=\"display:block; height:auto;\">\n\t\t\n<style>\n#gap-141316293 {\n  padding-top: 30px;\n}\n<\/style>\n\t<\/div>\n\t\n<h2>FAQ:<\/h2>\n<p><strong>1. Ako plne automatick\u00e1 funkcia prospieva m\u00f4jmu v\u00fdrobn\u00e9mu procesu?<\/strong><\/p>\n<p>N\u00e1\u0161 plne automatick\u00fd zdv\u00edhac\u00ed pod\u00e1va\u010d n\u00e1sypky eliminuje potrebu manu\u00e1lneho z\u00e1sahu a zais\u0165uje nepretr\u017eit\u00e9 pod\u00e1vanie materi\u00e1lu bez preru\u0161enia. T\u00e1to funkcia optimalizuje efektivitu v\u00fdroby zn\u00ed\u017een\u00edm prestojov a n\u00e1kladov na pracovn\u00fa silu a z\u00e1rove\u0148 zlep\u0161uje celkov\u00fa konzistenciu pracovn\u00e9ho toku.<\/p>\n<p><strong>2. Dok\u00e1\u017ee tento syst\u00e9m efekt\u00edvne zvl\u00e1dnu\u0165 r\u00f4zne druhy materi\u00e1lov?<\/strong><\/p>\n<p>Absol\u00fatne. N\u00e1\u0161 syst\u00e9m je navrhnut\u00fd tak, aby vyhovoval \u0161irokej \u0161k\u00e1le materi\u00e1lov, od gran\u00fal po pr\u00e1\u0161ky, s presnos\u0165ou a spo\u013eahlivos\u0165ou. \u010ci u\u017e pracujete s jemn\u00fdmi alebo abraz\u00edvnymi l\u00e1tkami, n\u00e1\u0161 kor\u010dekov\u00fd n\u00e1sypka Elevator Feeder poskytuje konzistentn\u00fd v\u00fdkon, minimalizuje plytvanie materi\u00e1lom a maximalizuje produkciu.<\/p>\n<p><strong>3. Ako zvy\u0161uje zdv\u00edhac\u00ed z\u00e1sobn\u00edkov\u00fd pod\u00e1va\u010d prev\u00e1dzkov\u00fa flexibilitu?<\/strong><\/p>\n<p>Komponent zdv\u00edhacieho z\u00e1sobn\u00edka n\u00e1\u0161ho syst\u00e9mu umo\u017e\u0148uje bezprobl\u00e9mov\u00fa integr\u00e1ciu do r\u00f4znych v\u00fdrobn\u00fdch nastaven\u00ed. Jeho v\u0161estrannos\u0165 umo\u017e\u0148uje jednoduch\u00e9 nastavenie pre r\u00f4zne r\u00fdchlosti toku materi\u00e1lu, \u010d\u00edm sa zais\u0165uj\u00fa optim\u00e1lne podmienky pod\u00e1vania pre r\u00f4zne v\u00fdrobn\u00e9 po\u017eiadavky. T\u00e1to flexibilita v\u00e1m umo\u017e\u0148uje r\u00fdchlo sa prisp\u00f4sobi\u0165 meniacim sa po\u017eiadavk\u00e1m v\u00fdroby, maximalizova\u0165 vyu\u017eitie zdrojov a efektivitu.<\/p>\n<p><strong>4. Ak\u00fd druh \u00fadr\u017eby si vy\u017eaduje tento syst\u00e9m?<\/strong><\/p>\n<p>N\u00e1\u0161 plne automatick\u00fd zdv\u00edhac\u00ed pod\u00e1va\u010d kor\u010dekov\u00e9ho n\u00e1sypky je navrhnut\u00fd pre spo\u013eahlivos\u0165 a minim\u00e1lne po\u017eiadavky na \u00fadr\u017ebu. Na zabezpe\u010denie konzistentn\u00e9ho v\u00fdkonu a dlhej \u017eivotnosti sa odpor\u00fa\u010daj\u00fa pravideln\u00e9 kontroly a prevent\u00edvna \u00fadr\u017eba. N\u00e1\u0161 t\u00edm poskytuje komplexn\u00fa podporu vr\u00e1tane pl\u00e1nov \u00fadr\u017eby a technickej pomoci, aby v\u00e1\u0161 syst\u00e9m fungoval pri maxim\u00e1lnej efektivite.<\/p>\n<p><strong>5. Ako tento syst\u00e9m prispieva k bezpe\u010dnosti na pracovisku?<\/strong><\/p>\n<p>Automatiz\u00e1ciou procesov manipul\u00e1cie s materi\u00e1lom n\u00e1\u0161 syst\u00e9m zni\u017euje potrebu manu\u00e1lnej pr\u00e1ce, \u010d\u00edm sa minimalizuje riziko neh\u00f4d a zranen\u00ed na pracovisku. Jeho plne automatick\u00e1 prev\u00e1dzka navy\u0161e zais\u0165uje plynul\u00e9 a kontrolovan\u00e9 pod\u00e1vanie materi\u00e1lu, zvy\u0161uje bezpe\u010dnos\u0165 oper\u00e1tora a podporuje bezpe\u010dn\u00e9 pracovn\u00e9 prostredie.<\/p>","protected":false},"excerpt":{"rendered":"<p>Zv\u00fd\u0161te efektivitu s na\u0161\u00edm plne automatick\u00fdm kor\u010dekov\u00fdm n\u00e1sypn\u00fdm v\u00fd\u0165ahov\u00fdm pod\u00e1va\u010dom. Zjednodu\u0161te manipul\u00e1ciu s materi\u00e1lom pre bezprobl\u00e9mov\u00e9 v\u00fdrobn\u00e9 pracovn\u00e9 postupy. Maximalizujte produktivitu bez n\u00e1mahy.<\/p>","protected":false},"featured_media":1812,"comment_status":"open","ping_status":"closed","template":"","meta":[],"product_cat":[38],"product_tag":[],"yoast_head":"<!-- This site is optimized with the Yoast SEO plugin v22.2 - https:\/\/yoast.com\/wordpress\/plugins\/seo\/ -->\n<title>Bucket Hopper Elevator Fully Automatic Lifting Hopper Feeder - SWOER<\/title>\n<meta name=\"robots\" content=\"index, follow, max-snippet:-1, max-image-preview:large, max-video-preview:-1\" \/>\n<link rel=\"canonical\" href=\"https:\/\/swoer.com\/sk\/manufacturer\/bucket-hopper-elevator-fully-automatic-lifting-hopper-feeder\/\" \/>\n<meta property=\"og:locale\" content=\"sk_SK\" \/>\n<meta property=\"og:type\" content=\"article\" \/>\n<meta property=\"og:title\" content=\"Bucket Hopper Elevator Fully Automatic Lifting Hopper Feeder - SWOER\" \/>\n<meta property=\"og:description\" content=\"Bolster efficiency with our fully automatic Bucket Hopper Elevator Feeder. Streamline material handling for seamless production workflows. Maximize productivity effortlessly.\" \/>\n<meta property=\"og:url\" content=\"https:\/\/swoer.com\/sk\/manufacturer\/bucket-hopper-elevator-fully-automatic-lifting-hopper-feeder\/\" \/>\n<meta property=\"og:site_name\" content=\"SWOER\" \/>\n<meta property=\"article:modified_time\" content=\"2024-04-02T02:24:04+00:00\" \/>\n<meta property=\"og:image\" content=\"https:\/\/swoer.com\/wp-content\/uploads\/2024\/04\/Bucket-Hopper-Elevator-Fully-Automatic-Lifting-Hopper-Feeder.webp\" \/>\n\t<meta property=\"og:image:width\" content=\"1000\" \/>\n\t<meta property=\"og:image:height\" content=\"1000\" \/>\n\t<meta property=\"og:image:type\" content=\"image\/webp\" \/>\n<meta name=\"twitter:card\" content=\"summary_large_image\" \/>\n<meta name=\"twitter:label1\" content=\"Predpokladan\u00fd \u010das \u010d\u00edtania\" \/>\n\t<meta name=\"twitter:data1\" content=\"1 min\u00fata\" \/>\n<script type=\"application\/ld+json\" class=\"yoast-schema-graph\">{\"@context\":\"https:\/\/schema.org\",\"@graph\":[{\"@type\":\"WebPage\",\"@id\":\"https:\/\/swoer.com\/manufacturer\/bucket-hopper-elevator-fully-automatic-lifting-hopper-feeder\/\",\"url\":\"https:\/\/swoer.com\/manufacturer\/bucket-hopper-elevator-fully-automatic-lifting-hopper-feeder\/\",\"name\":\"Bucket Hopper Elevator Fully Automatic Lifting Hopper Feeder - SWOER\",\"isPartOf\":{\"@id\":\"https:\/\/swoer.com\/#website\"},\"primaryImageOfPage\":{\"@id\":\"https:\/\/swoer.com\/manufacturer\/bucket-hopper-elevator-fully-automatic-lifting-hopper-feeder\/#primaryimage\"},\"image\":{\"@id\":\"https:\/\/swoer.com\/manufacturer\/bucket-hopper-elevator-fully-automatic-lifting-hopper-feeder\/#primaryimage\"},\"thumbnailUrl\":\"https:\/\/swoer.com\/wp-content\/uploads\/2024\/04\/Bucket-Hopper-Elevator-Fully-Automatic-Lifting-Hopper-Feeder.webp\",\"datePublished\":\"2024-04-02T02:11:28+00:00\",\"dateModified\":\"2024-04-02T02:24:04+00:00\",\"breadcrumb\":{\"@id\":\"https:\/\/swoer.com\/manufacturer\/bucket-hopper-elevator-fully-automatic-lifting-hopper-feeder\/#breadcrumb\"},\"inLanguage\":\"sk-SK\",\"potentialAction\":[{\"@type\":\"ReadAction\",\"target\":[\"https:\/\/swoer.com\/manufacturer\/bucket-hopper-elevator-fully-automatic-lifting-hopper-feeder\/\"]}]},{\"@type\":\"ImageObject\",\"inLanguage\":\"sk-SK\",\"@id\":\"https:\/\/swoer.com\/manufacturer\/bucket-hopper-elevator-fully-automatic-lifting-hopper-feeder\/#primaryimage\",\"url\":\"https:\/\/swoer.com\/wp-content\/uploads\/2024\/04\/Bucket-Hopper-Elevator-Fully-Automatic-Lifting-Hopper-Feeder.webp\",\"contentUrl\":\"https:\/\/swoer.com\/wp-content\/uploads\/2024\/04\/Bucket-Hopper-Elevator-Fully-Automatic-Lifting-Hopper-Feeder.webp\",\"width\":1000,\"height\":1000,\"caption\":\"Bucket Hopper Elevator Fully Automatic Lifting Hopper Feeder\"},{\"@type\":\"BreadcrumbList\",\"@id\":\"https:\/\/swoer.com\/manufacturer\/bucket-hopper-elevator-fully-automatic-lifting-hopper-feeder\/#breadcrumb\",\"itemListElement\":[{\"@type\":\"ListItem\",\"position\":1,\"name\":\"Home\",\"item\":\"https:\/\/swoer.com\/\"},{\"@type\":\"ListItem\",\"position\":2,\"name\":\"Shop\",\"item\":\"https:\/\/swoer.com\/shop\/\"},{\"@type\":\"ListItem\",\"position\":3,\"name\":\"Bucket Hopper Elevator Fully Automatic Lifting Hopper Feeder\"}]},{\"@type\":\"WebSite\",\"@id\":\"https:\/\/swoer.com\/#website\",\"url\":\"https:\/\/swoer.com\/\",\"name\":\"SWOER\",\"description\":\"Swoer is the top 3 vibratory bowl feeder manufacturer in China\",\"potentialAction\":[{\"@type\":\"SearchAction\",\"target\":{\"@type\":\"EntryPoint\",\"urlTemplate\":\"https:\/\/swoer.com\/?s={search_term_string}\"},\"query-input\":\"required name=search_term_string\"}],\"inLanguage\":\"sk-SK\"}]}<\/script>\n<!-- \/ Yoast SEO plugin. -->","yoast_head_json":{"title":"Bucket Hopper Elevator Fully Automatic Lifting Hopper Feeder - SWOER","robots":{"index":"index","follow":"follow","max-snippet":"max-snippet:-1","max-image-preview":"max-image-preview:large","max-video-preview":"max-video-preview:-1"},"canonical":"https:\/\/swoer.com\/sk\/manufacturer\/bucket-hopper-elevator-fully-automatic-lifting-hopper-feeder\/","og_locale":"sk_SK","og_type":"article","og_title":"Bucket Hopper Elevator Fully Automatic Lifting Hopper Feeder - SWOER","og_description":"Bolster efficiency with our fully automatic Bucket Hopper Elevator Feeder. Streamline material handling for seamless production workflows. Maximize productivity effortlessly.","og_url":"https:\/\/swoer.com\/sk\/manufacturer\/bucket-hopper-elevator-fully-automatic-lifting-hopper-feeder\/","og_site_name":"SWOER","article_modified_time":"2024-04-02T02:24:04+00:00","og_image":[{"width":1000,"height":1000,"url":"https:\/\/swoer.com\/wp-content\/uploads\/2024\/04\/Bucket-Hopper-Elevator-Fully-Automatic-Lifting-Hopper-Feeder.webp","type":"image\/webp"}],"twitter_card":"summary_large_image","twitter_misc":{"Predpokladan\u00fd \u010das \u010d\u00edtania":"1 min\u00fata"},"schema":{"@context":"https:\/\/schema.org","@graph":[{"@type":"WebPage","@id":"https:\/\/swoer.com\/manufacturer\/bucket-hopper-elevator-fully-automatic-lifting-hopper-feeder\/","url":"https:\/\/swoer.com\/manufacturer\/bucket-hopper-elevator-fully-automatic-lifting-hopper-feeder\/","name":"Bucket Hopper Elevator Fully Automatic Lifting Hopper Feeder - SWOER","isPartOf":{"@id":"https:\/\/swoer.com\/#website"},"primaryImageOfPage":{"@id":"https:\/\/swoer.com\/manufacturer\/bucket-hopper-elevator-fully-automatic-lifting-hopper-feeder\/#primaryimage"},"image":{"@id":"https:\/\/swoer.com\/manufacturer\/bucket-hopper-elevator-fully-automatic-lifting-hopper-feeder\/#primaryimage"},"thumbnailUrl":"https:\/\/swoer.com\/wp-content\/uploads\/2024\/04\/Bucket-Hopper-Elevator-Fully-Automatic-Lifting-Hopper-Feeder.webp","datePublished":"2024-04-02T02:11:28+00:00","dateModified":"2024-04-02T02:24:04+00:00","breadcrumb":{"@id":"https:\/\/swoer.com\/manufacturer\/bucket-hopper-elevator-fully-automatic-lifting-hopper-feeder\/#breadcrumb"},"inLanguage":"sk-SK","potentialAction":[{"@type":"ReadAction","target":["https:\/\/swoer.com\/manufacturer\/bucket-hopper-elevator-fully-automatic-lifting-hopper-feeder\/"]}]},{"@type":"ImageObject","inLanguage":"sk-SK","@id":"https:\/\/swoer.com\/manufacturer\/bucket-hopper-elevator-fully-automatic-lifting-hopper-feeder\/#primaryimage","url":"https:\/\/swoer.com\/wp-content\/uploads\/2024\/04\/Bucket-Hopper-Elevator-Fully-Automatic-Lifting-Hopper-Feeder.webp","contentUrl":"https:\/\/swoer.com\/wp-content\/uploads\/2024\/04\/Bucket-Hopper-Elevator-Fully-Automatic-Lifting-Hopper-Feeder.webp","width":1000,"height":1000,"caption":"Bucket Hopper Elevator Fully Automatic Lifting Hopper Feeder"},{"@type":"BreadcrumbList","@id":"https:\/\/swoer.com\/manufacturer\/bucket-hopper-elevator-fully-automatic-lifting-hopper-feeder\/#breadcrumb","itemListElement":[{"@type":"ListItem","position":1,"name":"Home","item":"https:\/\/swoer.com\/"},{"@type":"ListItem","position":2,"name":"Shop","item":"https:\/\/swoer.com\/shop\/"},{"@type":"ListItem","position":3,"name":"Bucket Hopper Elevator Fully Automatic Lifting Hopper Feeder"}]},{"@type":"WebSite","@id":"https:\/\/swoer.com\/#website","url":"https:\/\/swoer.com\/","name":"SWOER","description":"Swoer is the top 3 vibratory bowl feeder manufacturer in China","potentialAction":[{"@type":"SearchAction","target":{"@type":"EntryPoint","urlTemplate":"https:\/\/swoer.com\/?s={search_term_string}"},"query-input":"required name=search_term_string"}],"inLanguage":"sk-SK"}]}},"_links":{"self":[{"href":"https:\/\/swoer.com\/sk\/wp-json\/wp\/v2\/product\/1811"}],"collection":[{"href":"https:\/\/swoer.com\/sk\/wp-json\/wp\/v2\/product"}],"about":[{"href":"https:\/\/swoer.com\/sk\/wp-json\/wp\/v2\/types\/product"}],"replies":[{"embeddable":true,"href":"https:\/\/swoer.com\/sk\/wp-json\/wp\/v2\/comments?post=1811"}],"wp:featuredmedia":[{"embeddable":true,"href":"https:\/\/swoer.com\/sk\/wp-json\/wp\/v2\/media\/1812"}],"wp:attachment":[{"href":"https:\/\/swoer.com\/sk\/wp-json\/wp\/v2\/media?parent=1811"}],"wp:term":[{"taxonomy":"product_cat","embeddable":true,"href":"https:\/\/swoer.com\/sk\/wp-json\/wp\/v2\/product_cat?post=1811"},{"taxonomy":"product_tag","embeddable":true,"href":"https:\/\/swoer.com\/sk\/wp-json\/wp\/v2\/product_tag?post=1811"}],"curies":[{"name":"wp","href":"https:\/\/api.w.org\/{rel}","templated":true}]}}