{"id":1806,"date":"2024-04-02T01:56:57","date_gmt":"2024-04-02T01:56:57","guid":{"rendered":"https:\/\/lightgrey-porpoise-816575.hostingersite.com\/?post_type=product&#038;p=1806"},"modified":"2024-04-02T02:06:28","modified_gmt":"2024-04-02T02:06:28","slug":"hopper-elevator-conveyor-automation","status":"publish","type":"product","link":"https:\/\/swoer.com\/sk\/manufacturer\/hopper-elevator-conveyor-automation\/","title":{"rendered":"Automatiz\u00e1cia dopravn\u00edka n\u00e1sypn\u00e9ho v\u00fd\u0165ahu"},"content":{"rendered":"<p>Za\u017eite bezprobl\u00e9mov\u00fa efekt\u00edvnos\u0165 manipul\u00e1cie s materi\u00e1lom s na\u0161\u00edm \u0161pi\u010dkov\u00fdm rie\u0161en\u00edm automatiz\u00e1cie n\u00e1sypn\u00fdch v\u00fd\u0165ahov\u00fdch dopravn\u00edkov. N\u00e1\u0161 syst\u00e9m, navrhnut\u00fd pre spo\u013eahlivos\u0165 a presnos\u0165, optimalizuje pracovn\u00fd tok bezprobl\u00e9mov\u00fdm prenosom materi\u00e1lov medzi r\u00f4znymi f\u00e1zami v\u00fdroby. Navrhnut\u00e9 s pokro\u010dilou pneumatickou technol\u00f3giou, zais\u0165uje hladk\u00fd a efekt\u00edvny vertik\u00e1lny pohyb, zvy\u0161uje produktivitu a z\u00e1rove\u0148 minimalizuje prestoje. D\u00f4verujte na\u0161ej odbornosti pri zefekt\u00edv\u0148ovan\u00ed va\u0161ich oper\u00e1ci\u00ed a zvy\u0161ovan\u00ed v\u00fdrobn\u00fdch mo\u017enost\u00ed.<\/p>\n<h2>Popis:<\/h2>\n<table style=\"border-collapse: collapse; width: 464.27pt;\" border=\"0\" width=\"619\" cellspacing=\"0\" cellpadding=\"0\">\n<tbody>\n<tr style=\"height: 32.00pt;\">\n<td class=\"et3\" style=\"height: 32.00pt; width: 145.50pt;\" width=\"194\" height=\"42\">Meno Produktu<\/td>\n<td class=\"et4\" style=\"width: 318.75pt;\" width=\"425\">Automatiz\u00e1cia dopravn\u00edka n\u00e1sypn\u00e9ho v\u00fd\u0165ahu<\/td>\n<\/tr>\n<tr style=\"height: 32.00pt;\">\n<td class=\"et3\" style=\"height: 32.00pt;\" height=\"42\">N\u00e1zov zna\u010dky<\/td>\n<td class=\"et4\">SVOER<\/td>\n<\/tr>\n<tr style=\"height: 32.00pt;\">\n<td class=\"et3\" style=\"height: 32.00pt;\" height=\"42\">Rozmer (D*\u0160*V)<\/td>\n<td class=\"et4\">2200*1000*1500 mm<\/td>\n<\/tr>\n<tr style=\"height: 32.00pt;\">\n<td class=\"et3\" style=\"height: 32.00pt;\" height=\"42\">Hmotnos\u0165<\/td>\n<td class=\"et4\">120 kg<\/td>\n<\/tr>\n<tr style=\"height: 32.00pt;\">\n<td class=\"et3\" style=\"height: 32.00pt;\" height=\"42\">Farba<\/td>\n<td class=\"et4\">Po\u017eiadavky z\u00e1kazn\u00edkov<\/td>\n<\/tr>\n<tr style=\"height: 32.00pt;\">\n<td class=\"et3\" style=\"height: 32.00pt;\" height=\"42\">Kapacita (t\/h)<\/td>\n<td class=\"et4\">0,1-6 t\/h<\/td>\n<\/tr>\n<tr style=\"height: 32.00pt;\">\n<td class=\"et3\" style=\"height: 32.00pt;\" height=\"42\">Nap\u00e4tie<\/td>\n<td class=\"et4\">85-260V<\/td>\n<\/tr>\n<tr style=\"height: 32.00pt;\">\n<td class=\"et3\" style=\"height: 32.00pt;\" height=\"42\">Frekvencia<\/td>\n<td class=\"et4\">40-400 Hz<\/td>\n<\/tr>\n<tr style=\"height: 32.00pt;\">\n<td class=\"et3\" style=\"height: 32.00pt;\" height=\"42\">Z\u00e1ruka<\/td>\n<td class=\"et4\">1 rok<\/td>\n<\/tr>\n<tr style=\"height: 32.00pt;\">\n<td class=\"et3\" style=\"height: 32.00pt;\" height=\"42\">MOQ<\/td>\n<td class=\"et4\">1 sada<\/td>\n<\/tr>\n<tr style=\"height: 32.00pt;\">\n<td class=\"et3\" style=\"height: 32.00pt;\" height=\"42\">Dodacia lehota<\/td>\n<td class=\"et4\">7-10 dn\u00ed<\/td>\n<\/tr>\n<tr style=\"height: 32.00pt;\">\n<td class=\"et3\" style=\"height: 32.00pt;\" height=\"42\">7-10 dn\u00ed<\/td>\n<td class=\"et4\">Preglejkov\u00e1 krabica<\/td>\n<\/tr>\n<tr style=\"height: 32.00pt;\">\n<td class=\"et3\" style=\"height: 32.00pt;\" height=\"42\">Lehota splatnosti<\/td>\n<td class=\"et4\">T\/T 40% Z\u00e1loha a zostatok pred odoslan\u00edm<\/td>\n<\/tr>\n<tr style=\"height: 32.00pt;\">\n<td class=\"et3\" style=\"height: 32.00pt;\" height=\"42\">Miesto p\u00f4vodu<\/td>\n<td class=\"et4\">Guangdong, \u010c\u00edna<\/td>\n<\/tr>\n<\/tbody>\n<\/table>\n<h2>FAQ:<\/h2>\n\t<div id=\"gap-325757507\" class=\"gap-element clearfix\" style=\"display:block; height:auto;\">\n\t\t\n<style>\n#gap-325757507 {\n  padding-top: 30px;\n}\n<\/style>\n\t<\/div>\n\t\n<p><strong>1. Ako zvy\u0161uje automatiz\u00e1cia dopravn\u00edka n\u00e1sypn\u00e9ho v\u00fd\u0165ahu produktivitu?<\/strong><\/p>\n<p>Na\u0161a automatiz\u00e1cia dopravn\u00edkov n\u00e1sypn\u00fdch v\u00fd\u0165ahov zefekt\u00edv\u0148uje procesy manipul\u00e1cie s materi\u00e1lom a zabezpe\u010duje bezprobl\u00e9mov\u00fd presun medzi v\u00fdrobn\u00fdmi f\u00e1zami. Automatiz\u00e1ciou t\u00fdchto \u00faloh odstra\u0148uje \u00fazke miesta, zni\u017euje manu\u00e1lnu pr\u00e1cu a optimalizuje efektivitu pracovn\u00e9ho toku, \u010do v kone\u010dnom d\u00f4sledku zvy\u0161uje celkov\u00fa produktivitu.<\/p>\n<p><strong>2. Je syst\u00e9m spo\u013eahliv\u00fd a odoln\u00fd pre nepretr\u017eit\u00fa prev\u00e1dzku?<\/strong><\/p>\n<p>Absol\u00fatne. N\u00e1\u0161 syst\u00e9m n\u00e1sypky Elevator Conveyor, skon\u0161truovan\u00fd pomocou robustn\u00fdch komponentov a pokro\u010dilej automatiza\u010dnej technol\u00f3gie, je skon\u0161truovan\u00fd tak, aby odolal n\u00e1ro\u010dn\u00fdm priemyseln\u00fdm prostrediam. Od ve\u013ekoobjemovej v\u00fdroby a\u017e po 24\/7 prev\u00e1dzku, spo\u013eahlivos\u0165 je jadrom n\u00e1\u0161ho dizajnu, ktor\u00fd zabezpe\u010duje nepretr\u017eit\u00fd v\u00fdkon.<\/p>\n<p><strong>3. M\u00f4\u017ee by\u0165 syst\u00e9m prisp\u00f4soben\u00fd \u0161pecifick\u00fdm po\u017eiadavk\u00e1m v\u00fdroby?<\/strong><\/p>\n<p>\u00c1no, flexibilita je k\u013e\u00fa\u010dov\u00e1. Ch\u00e1peme, \u017ee ka\u017ed\u00e9 v\u00fdrobn\u00e9 zariadenie m\u00e1 jedine\u010dn\u00e9 potreby. Na\u0161a automatiz\u00e1cia dopravn\u00edkov n\u00e1sypn\u00fdch v\u00fd\u0165ahov m\u00f4\u017ee by\u0165 prisp\u00f4soben\u00e1 r\u00f4znym typom materi\u00e1lov, rozlo\u017eeniam v\u00fdroby a po\u017eiadavk\u00e1m na priepustnos\u0165. \u010ci u\u017e po\u017eadujete \u0161pecifick\u00e9 rozmery, nastavenie r\u00fdchlosti alebo integr\u00e1ciu s existuj\u00facimi syst\u00e9mami, pon\u00fakame prisp\u00f4sobite\u013en\u00e9 rie\u0161enia presne pod\u013ea va\u0161ich po\u017eiadaviek.<\/p>\n<p><strong>4. Ako automatiza\u010dn\u00fd syst\u00e9m prispieva k bezpe\u010dnosti pracovn\u00edkov?<\/strong><\/p>\n<p>Bezpe\u010dnos\u0165 je prvorad\u00e1 v akomko\u013evek v\u00fdrobnom prostred\u00ed. Na\u0161a automatiz\u00e1cia dopravn\u00edkov n\u00e1sypn\u00e9ho v\u00fd\u0165ahu zni\u017euje potrebu ru\u010dnej manipul\u00e1cie s materi\u00e1lom, \u010d\u00edm sa minimalizuje riziko neh\u00f4d na pracovisku a \u00farazov z opakovan\u00e9ho nam\u00e1hania. Automatiz\u00e1ciou t\u00fdchto procesov vytv\u00e1ra pre v\u00e1\u0161 t\u00edm bezpe\u010dnej\u0161ie pracovn\u00e9 prostredie, ktor\u00e9 mu umo\u017e\u0148uje s\u00fastredi\u0165 sa na kvalifikovanej\u0161ie \u00falohy s pridanou hodnotou.<\/p>\n<p><strong>5. Ak\u00fd druh slu\u017eieb technickej podpory a \u00fadr\u017eby poskytujete?<\/strong><\/p>\n<p>Uprednost\u0148ujeme spokojnos\u0165 z\u00e1kazn\u00edka a dlhodob\u00fd \u00faspech. N\u00e1\u0161 t\u00edm odborn\u00edkov pon\u00faka komplexn\u00fa technick\u00fa podporu a slu\u017eby \u00fadr\u017eby na zabezpe\u010denie hladkej prev\u00e1dzky v\u00e1\u0161ho syst\u00e9mu n\u00e1sypn\u00e9ho v\u00fd\u0165ahov\u00e9ho dopravn\u00edka. Od po\u010diato\u010dnej in\u0161tal\u00e1cie a \u0161kolenia a\u017e po priebe\u017en\u00fa \u00fadr\u017ebu a rie\u0161enie probl\u00e9mov sme odhodlan\u00ed poskytova\u0165 r\u00fdchlu pomoc a maximalizova\u0165 dobu prev\u00e1dzkyschopnosti v\u00e1\u0161ho zariadenia.<\/p>","protected":false},"excerpt":{"rendered":"<p>Optimalizujte v\u00fdrobu s na\u0161ou automatiz\u00e1ciou dopravn\u00edkov n\u00e1sypn\u00edka. Efekt\u00edvna manipul\u00e1cia s materi\u00e1lom a bezprobl\u00e9mov\u00fd pracovn\u00fd tok. D\u00f4verujte na\u0161im odborn\u00fdm znalostiam na zv\u00fd\u0161enie produktivity.<\/p>","protected":false},"featured_media":1807,"comment_status":"open","ping_status":"closed","template":"","meta":[],"product_cat":[38],"product_tag":[],"yoast_head":"<!-- This site is optimized with the Yoast SEO plugin v22.2 - https:\/\/yoast.com\/wordpress\/plugins\/seo\/ -->\n<title>Hopper Elevator Conveyor Automation - SWOER<\/title>\n<meta name=\"robots\" content=\"index, follow, max-snippet:-1, max-image-preview:large, max-video-preview:-1\" \/>\n<link rel=\"canonical\" href=\"https:\/\/swoer.com\/sk\/manufacturer\/hopper-elevator-conveyor-automation\/\" \/>\n<meta property=\"og:locale\" content=\"sk_SK\" \/>\n<meta property=\"og:type\" content=\"article\" \/>\n<meta property=\"og:title\" content=\"Hopper Elevator Conveyor Automation - SWOER\" \/>\n<meta property=\"og:description\" content=\"Optimize production with our Hopper Elevator Conveyor Automation. Efficient material handling, and seamless workflow. Trust our expertise to boost productivity.\" \/>\n<meta property=\"og:url\" content=\"https:\/\/swoer.com\/sk\/manufacturer\/hopper-elevator-conveyor-automation\/\" \/>\n<meta property=\"og:site_name\" content=\"SWOER\" \/>\n<meta property=\"article:modified_time\" content=\"2024-04-02T02:06:28+00:00\" \/>\n<meta property=\"og:image\" content=\"https:\/\/swoer.com\/wp-content\/uploads\/2024\/04\/Hopper-Elevator-Conveyor-Automation.webp\" \/>\n\t<meta property=\"og:image:width\" content=\"1000\" \/>\n\t<meta property=\"og:image:height\" content=\"1000\" \/>\n\t<meta property=\"og:image:type\" content=\"image\/webp\" \/>\n<meta name=\"twitter:card\" content=\"summary_large_image\" \/>\n<meta name=\"twitter:label1\" content=\"Predpokladan\u00fd \u010das \u010d\u00edtania\" \/>\n\t<meta name=\"twitter:data1\" content=\"1 min\u00fata\" \/>\n<script type=\"application\/ld+json\" class=\"yoast-schema-graph\">{\"@context\":\"https:\/\/schema.org\",\"@graph\":[{\"@type\":\"WebPage\",\"@id\":\"https:\/\/swoer.com\/manufacturer\/hopper-elevator-conveyor-automation\/\",\"url\":\"https:\/\/swoer.com\/manufacturer\/hopper-elevator-conveyor-automation\/\",\"name\":\"Hopper Elevator Conveyor Automation - SWOER\",\"isPartOf\":{\"@id\":\"https:\/\/swoer.com\/#website\"},\"primaryImageOfPage\":{\"@id\":\"https:\/\/swoer.com\/manufacturer\/hopper-elevator-conveyor-automation\/#primaryimage\"},\"image\":{\"@id\":\"https:\/\/swoer.com\/manufacturer\/hopper-elevator-conveyor-automation\/#primaryimage\"},\"thumbnailUrl\":\"https:\/\/swoer.com\/wp-content\/uploads\/2024\/04\/Hopper-Elevator-Conveyor-Automation.webp\",\"datePublished\":\"2024-04-02T01:56:57+00:00\",\"dateModified\":\"2024-04-02T02:06:28+00:00\",\"breadcrumb\":{\"@id\":\"https:\/\/swoer.com\/manufacturer\/hopper-elevator-conveyor-automation\/#breadcrumb\"},\"inLanguage\":\"sk-SK\",\"potentialAction\":[{\"@type\":\"ReadAction\",\"target\":[\"https:\/\/swoer.com\/manufacturer\/hopper-elevator-conveyor-automation\/\"]}]},{\"@type\":\"ImageObject\",\"inLanguage\":\"sk-SK\",\"@id\":\"https:\/\/swoer.com\/manufacturer\/hopper-elevator-conveyor-automation\/#primaryimage\",\"url\":\"https:\/\/swoer.com\/wp-content\/uploads\/2024\/04\/Hopper-Elevator-Conveyor-Automation.webp\",\"contentUrl\":\"https:\/\/swoer.com\/wp-content\/uploads\/2024\/04\/Hopper-Elevator-Conveyor-Automation.webp\",\"width\":1000,\"height\":1000,\"caption\":\"Hopper Elevator Conveyor Automation\"},{\"@type\":\"BreadcrumbList\",\"@id\":\"https:\/\/swoer.com\/manufacturer\/hopper-elevator-conveyor-automation\/#breadcrumb\",\"itemListElement\":[{\"@type\":\"ListItem\",\"position\":1,\"name\":\"Home\",\"item\":\"https:\/\/swoer.com\/\"},{\"@type\":\"ListItem\",\"position\":2,\"name\":\"Shop\",\"item\":\"https:\/\/swoer.com\/shop\/\"},{\"@type\":\"ListItem\",\"position\":3,\"name\":\"Hopper Elevator Conveyor Automation\"}]},{\"@type\":\"WebSite\",\"@id\":\"https:\/\/swoer.com\/#website\",\"url\":\"https:\/\/swoer.com\/\",\"name\":\"SWOER\",\"description\":\"Swoer is the top 3 vibratory bowl feeder manufacturer in China\",\"potentialAction\":[{\"@type\":\"SearchAction\",\"target\":{\"@type\":\"EntryPoint\",\"urlTemplate\":\"https:\/\/swoer.com\/?s={search_term_string}\"},\"query-input\":\"required name=search_term_string\"}],\"inLanguage\":\"sk-SK\"}]}<\/script>\n<!-- \/ Yoast SEO plugin. -->","yoast_head_json":{"title":"Hopper Elevator Conveyor Automation - SWOER","robots":{"index":"index","follow":"follow","max-snippet":"max-snippet:-1","max-image-preview":"max-image-preview:large","max-video-preview":"max-video-preview:-1"},"canonical":"https:\/\/swoer.com\/sk\/manufacturer\/hopper-elevator-conveyor-automation\/","og_locale":"sk_SK","og_type":"article","og_title":"Hopper Elevator Conveyor Automation - SWOER","og_description":"Optimize production with our Hopper Elevator Conveyor Automation. Efficient material handling, and seamless workflow. Trust our expertise to boost productivity.","og_url":"https:\/\/swoer.com\/sk\/manufacturer\/hopper-elevator-conveyor-automation\/","og_site_name":"SWOER","article_modified_time":"2024-04-02T02:06:28+00:00","og_image":[{"width":1000,"height":1000,"url":"https:\/\/swoer.com\/wp-content\/uploads\/2024\/04\/Hopper-Elevator-Conveyor-Automation.webp","type":"image\/webp"}],"twitter_card":"summary_large_image","twitter_misc":{"Predpokladan\u00fd \u010das \u010d\u00edtania":"1 min\u00fata"},"schema":{"@context":"https:\/\/schema.org","@graph":[{"@type":"WebPage","@id":"https:\/\/swoer.com\/manufacturer\/hopper-elevator-conveyor-automation\/","url":"https:\/\/swoer.com\/manufacturer\/hopper-elevator-conveyor-automation\/","name":"Hopper Elevator Conveyor Automation - SWOER","isPartOf":{"@id":"https:\/\/swoer.com\/#website"},"primaryImageOfPage":{"@id":"https:\/\/swoer.com\/manufacturer\/hopper-elevator-conveyor-automation\/#primaryimage"},"image":{"@id":"https:\/\/swoer.com\/manufacturer\/hopper-elevator-conveyor-automation\/#primaryimage"},"thumbnailUrl":"https:\/\/swoer.com\/wp-content\/uploads\/2024\/04\/Hopper-Elevator-Conveyor-Automation.webp","datePublished":"2024-04-02T01:56:57+00:00","dateModified":"2024-04-02T02:06:28+00:00","breadcrumb":{"@id":"https:\/\/swoer.com\/manufacturer\/hopper-elevator-conveyor-automation\/#breadcrumb"},"inLanguage":"sk-SK","potentialAction":[{"@type":"ReadAction","target":["https:\/\/swoer.com\/manufacturer\/hopper-elevator-conveyor-automation\/"]}]},{"@type":"ImageObject","inLanguage":"sk-SK","@id":"https:\/\/swoer.com\/manufacturer\/hopper-elevator-conveyor-automation\/#primaryimage","url":"https:\/\/swoer.com\/wp-content\/uploads\/2024\/04\/Hopper-Elevator-Conveyor-Automation.webp","contentUrl":"https:\/\/swoer.com\/wp-content\/uploads\/2024\/04\/Hopper-Elevator-Conveyor-Automation.webp","width":1000,"height":1000,"caption":"Hopper Elevator Conveyor Automation"},{"@type":"BreadcrumbList","@id":"https:\/\/swoer.com\/manufacturer\/hopper-elevator-conveyor-automation\/#breadcrumb","itemListElement":[{"@type":"ListItem","position":1,"name":"Home","item":"https:\/\/swoer.com\/"},{"@type":"ListItem","position":2,"name":"Shop","item":"https:\/\/swoer.com\/shop\/"},{"@type":"ListItem","position":3,"name":"Hopper Elevator Conveyor Automation"}]},{"@type":"WebSite","@id":"https:\/\/swoer.com\/#website","url":"https:\/\/swoer.com\/","name":"SWOER","description":"Swoer is the top 3 vibratory bowl feeder manufacturer in China","potentialAction":[{"@type":"SearchAction","target":{"@type":"EntryPoint","urlTemplate":"https:\/\/swoer.com\/?s={search_term_string}"},"query-input":"required name=search_term_string"}],"inLanguage":"sk-SK"}]}},"_links":{"self":[{"href":"https:\/\/swoer.com\/sk\/wp-json\/wp\/v2\/product\/1806"}],"collection":[{"href":"https:\/\/swoer.com\/sk\/wp-json\/wp\/v2\/product"}],"about":[{"href":"https:\/\/swoer.com\/sk\/wp-json\/wp\/v2\/types\/product"}],"replies":[{"embeddable":true,"href":"https:\/\/swoer.com\/sk\/wp-json\/wp\/v2\/comments?post=1806"}],"wp:featuredmedia":[{"embeddable":true,"href":"https:\/\/swoer.com\/sk\/wp-json\/wp\/v2\/media\/1807"}],"wp:attachment":[{"href":"https:\/\/swoer.com\/sk\/wp-json\/wp\/v2\/media?parent=1806"}],"wp:term":[{"taxonomy":"product_cat","embeddable":true,"href":"https:\/\/swoer.com\/sk\/wp-json\/wp\/v2\/product_cat?post=1806"},{"taxonomy":"product_tag","embeddable":true,"href":"https:\/\/swoer.com\/sk\/wp-json\/wp\/v2\/product_tag?post=1806"}],"curies":[{"name":"wp","href":"https:\/\/api.w.org\/{rel}","templated":true}]}}