{"id":1793,"date":"2024-04-01T03:57:20","date_gmt":"2024-04-01T03:57:20","guid":{"rendered":"https:\/\/lightgrey-porpoise-816575.hostingersite.com\/?post_type=product&#038;p=1793"},"modified":"2024-06-13T00:44:49","modified_gmt":"2024-06-13T00:44:49","slug":"white-caps-centrifugal-feeder","status":"publish","type":"product","link":"https:\/\/swoer.com\/sk\/manufacturer\/white-caps-centrifugal-feeder\/","title":{"rendered":"Odstrediv\u00fd pod\u00e1va\u010d s bielym uz\u00e1verom | Odstrediv\u00fd pod\u00e1va\u010d uz\u00e1verov"},"content":{"rendered":"<p>Pozdvihnite svoje priemyseln\u00e9 prev\u00e1dzky pomocou na\u0161ich \u0161pi\u010dkov\u00fdch odstrediv\u00fdch pod\u00e1va\u010dov uz\u00e1verov, ktor\u00e9 s\u00fa navrhnut\u00e9 tak, aby zefekt\u00edvnili manipul\u00e1ciu s materi\u00e1lom a zabezpe\u010dili konzistentn\u00fa kvalitu produktov. Na\u0161e inovat\u00edvne pod\u00e1va\u010de vyu\u017e\u00edvaj\u00fa odstrediv\u00fa silu na presn\u00fa distrib\u00faciu a rozpt\u00fdlenie sypk\u00fdch materi\u00e1lov, maximalizuj\u00fa efektivitu a minimalizuj\u00fa odpad. \u010ci u\u017e m\u00e1te do \u010dinenia s pr\u00e1\u0161kami, granulami alebo mal\u00fdmi pevn\u00fdmi l\u00e1tkami, na\u0161e odstrediv\u00e9 d\u00e1vkova\u010de uz\u00e1verov pon\u00fakaj\u00fa bezkonkuren\u010dn\u00fd v\u00fdkon a spo\u013eahlivos\u0165.<\/p>\n<h2>Popis:<\/h2>\n<table style=\"border-collapse: collapse; width: 488.27pt;\" border=\"0\" width=\"651\" cellspacing=\"0\" cellpadding=\"0\">\n<tbody>\n<tr style=\"height: 30.00pt;\">\n<td class=\"et3\" style=\"height: 30.00pt; width: 210.75pt;\" width=\"281\" height=\"40\">n\u00e1zov<\/td>\n<td class=\"et3\" style=\"width: 277.50pt;\" width=\"370\">Odstrediv\u00fd pod\u00e1va\u010d s bielymi uz\u00e1vermi<\/td>\n<\/tr>\n<tr style=\"height: 29.00pt;\">\n<td class=\"et3\" style=\"height: 29.00pt;\" height=\"38\">Zna\u010dka<\/td>\n<td class=\"et3\">SVOER<\/td>\n<\/tr>\n<tr style=\"height: 25.00pt;\">\n<td class=\"et3\" style=\"height: 25.00pt;\" height=\"33\">Materi\u00e1l<\/td>\n<td class=\"et3\">SUS304, Plast<\/td>\n<\/tr>\n<tr style=\"height: 30.00pt;\">\n<td class=\"et3\" style=\"height: 30.00pt;\" height=\"40\">Ve\u013ekos\u0165<\/td>\n<td class=\"et3\">Vlastn\u00e9<\/td>\n<\/tr>\n<tr style=\"height: 30.00pt;\">\n<td class=\"et3\" style=\"height: 30.00pt;\" height=\"40\">Funkcia<\/td>\n<td class=\"et3\">Prepravn\u00fd materi\u00e1l<\/td>\n<\/tr>\n<tr style=\"height: 30.00pt;\">\n<td class=\"et3\" style=\"height: 30.00pt;\" height=\"40\">Pou\u017eitie<\/td>\n<td class=\"et3\">Triedi\u0165, po\u010d\u00edta\u0165<\/td>\n<\/tr>\n<tr style=\"height: 28.00pt;\">\n<td class=\"et3\" style=\"height: 28.00pt;\" height=\"37\">V\u00fdhoda<\/td>\n<td class=\"et3\">\u0160etrite \u013eudsk\u00e9 zdroje<\/td>\n<\/tr>\n<tr style=\"height: 32.00pt;\">\n<td class=\"et3\" style=\"height: 32.00pt;\" height=\"42\">Typ stroja<\/td>\n<td class=\"et3\">Cel\u00e1 sada<\/td>\n<\/tr>\n<tr style=\"height: 29.00pt;\">\n<td class=\"et3\" style=\"height: 29.00pt;\" height=\"38\">Polo\u017eka<\/td>\n<td class=\"et3\">Automatick\u00e9 zariadenie<\/td>\n<\/tr>\n<tr style=\"height: 33.00pt;\">\n<td class=\"et3\" style=\"height: 33.00pt;\" height=\"44\">Aplikovate\u013en\u00e9 odvetvia<\/td>\n<td class=\"et3\">V\u00fdrobn\u00fd z\u00e1vod, farmy, priemysel<\/td>\n<\/tr>\n<tr style=\"height: 31.00pt;\">\n<td class=\"et3\" style=\"height: 31.00pt;\" height=\"41\">Poskytovan\u00fd popredajn\u00fd servis<\/td>\n<td class=\"et3\">Video technick\u00e1 podpora, online podpora<\/td>\n<\/tr>\n<\/tbody>\n<\/table>\n\t<div id=\"gap-905515078\" class=\"gap-element clearfix\" style=\"display:block; height:auto;\">\n\t\t\n<style>\n#gap-905515078 {\n  padding-top: 30px;\n}\n<\/style>\n\t<\/div>\n\t\n<h2>K\u013e\u00fa\u010dov\u00e9 vlastnosti:<\/h2>\n<ul>\n<li>Presn\u00e9 a rovnomern\u00e9 pod\u00e1vanie: Na\u0161e odstrediv\u00e9 d\u00e1vkova\u010de uz\u00e1verov zais\u0165uj\u00fa konzistentn\u00fd a rovnomern\u00fd tok materi\u00e1lu, \u010d\u00edm zabra\u0148uj\u00fa upch\u00e1vaniu a nekonzistentnosti produktov.<\/li>\n<li>Vylep\u0161en\u00e1 efektivita: Zn\u00ed\u017ete plytvanie materi\u00e1lom a prestoje v\u010faka schopnosti na\u0161ich pod\u00e1va\u010dov presne kontrolova\u0165 distrib\u00faciu materi\u00e1lu.<\/li>\n<li>Jemn\u00e1 manipul\u00e1cia s produktom: Zachovajte integritu svojich jemn\u00fdch produktov pomocou mechanizmov \u0161etrnej manipul\u00e1cie na\u0161ich pod\u00e1va\u010dov.<\/li>\n<li>V\u0161estrann\u00e9 aplik\u00e1cie: Na\u0161e odstrediv\u00e9 d\u00e1vkova\u010de uz\u00e1verov s\u00fa vhodn\u00e9 pre \u0161irok\u00fa \u0161k\u00e1lu priemyseln\u00fdch odvetv\u00ed vr\u00e1tane spracovania potrav\u00edn, lie\u010div, chemik\u00e1li\u00ed a \u010fal\u0161\u00edch.<\/li>\n<\/ul>\n<h2><\/h2>\n<h2>V\u00fdhody:<\/h2>\n<ul>\n<li>Vylep\u0161en\u00e1 produktivita: Zv\u00fd\u0161te svoju produkciu v\u010faka schopnosti na\u0161ich pod\u00e1va\u010dov udr\u017eiava\u0165 konzistentn\u00fd tok materi\u00e1lu.<\/li>\n<li>Zn\u00ed\u017een\u00e9 plytvanie materi\u00e1lom: Minimalizujte straty materi\u00e1lu a u\u0161etrite peniaze s presnou distrib\u00faciou na\u0161ich pod\u00e1va\u010dov.<\/li>\n<li>Vylep\u0161en\u00e1 kvalita produktu: Zabezpe\u010dte konzistentn\u00fa kvalitu produktu v\u010faka schopnosti na\u0161ich pod\u00e1va\u010dov zaobch\u00e1dza\u0165 s materi\u00e1lmi \u0161etrne.<\/li>\n<li>Zjednodu\u0161en\u00e9 oper\u00e1cie: Zjednodu\u0161te si procesy manipul\u00e1cie s materi\u00e1lom v\u010faka u\u017e\u00edvate\u013esky pr\u00edvetiv\u00e9mu dizajnu a spo\u013eahliv\u00e9mu v\u00fdkonu na\u0161ich pod\u00e1va\u010dov.<\/li>\n<li>Investujte do odstrediv\u00fdch vie\u010dkov\u00fdch pod\u00e1va\u010dov pre vynikaj\u00facu manipul\u00e1ciu s materi\u00e1lom<\/li>\n<\/ul>\n<p>Na\u0161e odstrediv\u00e9 d\u00e1vkova\u010de uz\u00e1verov predstavuj\u00fa vyvrcholenie \u0161pi\u010dkovej technol\u00f3gie a in\u017einierskej odbornosti a poskytuj\u00fa v\u00fdnimo\u010dn\u00fd v\u00fdkon a hodnotu. Kontaktujte n\u00e1s e\u0161te dnes a dozviete sa viac o tom, ako m\u00f4\u017eu na\u0161e odstrediv\u00e9 d\u00e1vkova\u010de uz\u00e1verov sp\u00f4sobi\u0165 revol\u00faciu vo va\u0161ich priemyseln\u00fdch procesoch.<\/p>","protected":false},"excerpt":{"rendered":"<p>N\u00e1\u0161 odstrediv\u00fd pod\u00e1va\u010d s bielymi uz\u00e1vermi pon\u00faka profesion\u00e1lne a spo\u013eahliv\u00e9 rie\u0161enia. Prisp\u00f4soben\u00e9 r\u00fdchlosti, aby zodpovedali \u0161pecifik\u00e1ci\u00e1m klienta, s podrobn\u00fdm 3D CAD modelom pre bezprobl\u00e9mov\u00fa integr\u00e1ciu. D\u00f4verujte na\u0161ej odbornosti pre spo\u013eahliv\u00fd v\u00fdkon.<\/p>","protected":false},"featured_media":1794,"comment_status":"open","ping_status":"closed","template":"","meta":[],"product_cat":[36],"product_tag":[],"yoast_head":"<!-- This site is optimized with the Yoast SEO plugin v22.2 - https:\/\/yoast.com\/wordpress\/plugins\/seo\/ -->\n<title>White Caps Centrifugal Feeder | Centrifugal Cap Feeder<\/title>\n<meta name=\"description\" content=\"Discover high-efficiency centrifugal cap feeders designed for precision and speed in automated production lines. Enhance your manufacturing process with reliable and customizable cap feeding solutions.\" \/>\n<meta name=\"robots\" content=\"index, follow, max-snippet:-1, max-image-preview:large, max-video-preview:-1\" \/>\n<link rel=\"canonical\" href=\"https:\/\/swoer.com\/sk\/manufacturer\/white-caps-centrifugal-feeder\/\" \/>\n<meta property=\"og:locale\" content=\"sk_SK\" \/>\n<meta property=\"og:type\" content=\"article\" \/>\n<meta property=\"og:title\" content=\"White Caps Centrifugal Feeder | Centrifugal Cap Feeder\" \/>\n<meta property=\"og:description\" content=\"Discover high-efficiency centrifugal cap feeders designed for precision and speed in automated production lines. Enhance your manufacturing process with reliable and customizable cap feeding solutions.\" \/>\n<meta property=\"og:url\" content=\"https:\/\/swoer.com\/sk\/manufacturer\/white-caps-centrifugal-feeder\/\" \/>\n<meta property=\"og:site_name\" content=\"SWOER\" \/>\n<meta property=\"article:modified_time\" content=\"2024-06-13T00:44:49+00:00\" \/>\n<meta property=\"og:image\" content=\"https:\/\/swoer.com\/wp-content\/uploads\/2024\/04\/white-caps-centrifugal-feeder.webp\" \/>\n\t<meta property=\"og:image:width\" content=\"1000\" \/>\n\t<meta property=\"og:image:height\" content=\"1000\" \/>\n\t<meta property=\"og:image:type\" content=\"image\/webp\" \/>\n<meta name=\"twitter:card\" content=\"summary_large_image\" \/>\n<meta name=\"twitter:label1\" content=\"Predpokladan\u00fd \u010das \u010d\u00edtania\" \/>\n\t<meta name=\"twitter:data1\" content=\"2 min\u00faty\" \/>\n<script type=\"application\/ld+json\" class=\"yoast-schema-graph\">{\"@context\":\"https:\/\/schema.org\",\"@graph\":[{\"@type\":\"WebPage\",\"@id\":\"https:\/\/swoer.com\/manufacturer\/white-caps-centrifugal-feeder\/\",\"url\":\"https:\/\/swoer.com\/manufacturer\/white-caps-centrifugal-feeder\/\",\"name\":\"White Caps Centrifugal Feeder | Centrifugal Cap Feeder\",\"isPartOf\":{\"@id\":\"https:\/\/swoer.com\/#website\"},\"primaryImageOfPage\":{\"@id\":\"https:\/\/swoer.com\/manufacturer\/white-caps-centrifugal-feeder\/#primaryimage\"},\"image\":{\"@id\":\"https:\/\/swoer.com\/manufacturer\/white-caps-centrifugal-feeder\/#primaryimage\"},\"thumbnailUrl\":\"https:\/\/swoer.com\/wp-content\/uploads\/2024\/04\/white-caps-centrifugal-feeder.webp\",\"datePublished\":\"2024-04-01T03:57:20+00:00\",\"dateModified\":\"2024-06-13T00:44:49+00:00\",\"description\":\"Discover high-efficiency centrifugal cap feeders designed for precision and speed in automated production lines. Enhance your manufacturing process with reliable and customizable cap feeding solutions.\",\"breadcrumb\":{\"@id\":\"https:\/\/swoer.com\/manufacturer\/white-caps-centrifugal-feeder\/#breadcrumb\"},\"inLanguage\":\"sk-SK\",\"potentialAction\":[{\"@type\":\"ReadAction\",\"target\":[\"https:\/\/swoer.com\/manufacturer\/white-caps-centrifugal-feeder\/\"]}]},{\"@type\":\"ImageObject\",\"inLanguage\":\"sk-SK\",\"@id\":\"https:\/\/swoer.com\/manufacturer\/white-caps-centrifugal-feeder\/#primaryimage\",\"url\":\"https:\/\/swoer.com\/wp-content\/uploads\/2024\/04\/white-caps-centrifugal-feeder.webp\",\"contentUrl\":\"https:\/\/swoer.com\/wp-content\/uploads\/2024\/04\/white-caps-centrifugal-feeder.webp\",\"width\":1000,\"height\":1000,\"caption\":\"white caps centrifugal feeder\"},{\"@type\":\"BreadcrumbList\",\"@id\":\"https:\/\/swoer.com\/manufacturer\/white-caps-centrifugal-feeder\/#breadcrumb\",\"itemListElement\":[{\"@type\":\"ListItem\",\"position\":1,\"name\":\"Home\",\"item\":\"https:\/\/swoer.com\/\"},{\"@type\":\"ListItem\",\"position\":2,\"name\":\"Shop\",\"item\":\"https:\/\/swoer.com\/shop\/\"},{\"@type\":\"ListItem\",\"position\":3,\"name\":\"White Caps Centrifugal Feeder | Centrifugal Cap Feeder\"}]},{\"@type\":\"WebSite\",\"@id\":\"https:\/\/swoer.com\/#website\",\"url\":\"https:\/\/swoer.com\/\",\"name\":\"SWOER\",\"description\":\"Swoer is the top 3 vibratory bowl feeder manufacturer in China\",\"potentialAction\":[{\"@type\":\"SearchAction\",\"target\":{\"@type\":\"EntryPoint\",\"urlTemplate\":\"https:\/\/swoer.com\/?s={search_term_string}\"},\"query-input\":\"required name=search_term_string\"}],\"inLanguage\":\"sk-SK\"}]}<\/script>\n<!-- \/ Yoast SEO plugin. -->","yoast_head_json":{"title":"White Caps Centrifugal Feeder | Centrifugal Cap Feeder","description":"Discover high-efficiency centrifugal cap feeders designed for precision and speed in automated production lines. Enhance your manufacturing process with reliable and customizable cap feeding solutions.","robots":{"index":"index","follow":"follow","max-snippet":"max-snippet:-1","max-image-preview":"max-image-preview:large","max-video-preview":"max-video-preview:-1"},"canonical":"https:\/\/swoer.com\/sk\/manufacturer\/white-caps-centrifugal-feeder\/","og_locale":"sk_SK","og_type":"article","og_title":"White Caps Centrifugal Feeder | Centrifugal Cap Feeder","og_description":"Discover high-efficiency centrifugal cap feeders designed for precision and speed in automated production lines. Enhance your manufacturing process with reliable and customizable cap feeding solutions.","og_url":"https:\/\/swoer.com\/sk\/manufacturer\/white-caps-centrifugal-feeder\/","og_site_name":"SWOER","article_modified_time":"2024-06-13T00:44:49+00:00","og_image":[{"width":1000,"height":1000,"url":"https:\/\/swoer.com\/wp-content\/uploads\/2024\/04\/white-caps-centrifugal-feeder.webp","type":"image\/webp"}],"twitter_card":"summary_large_image","twitter_misc":{"Predpokladan\u00fd \u010das \u010d\u00edtania":"2 min\u00faty"},"schema":{"@context":"https:\/\/schema.org","@graph":[{"@type":"WebPage","@id":"https:\/\/swoer.com\/manufacturer\/white-caps-centrifugal-feeder\/","url":"https:\/\/swoer.com\/manufacturer\/white-caps-centrifugal-feeder\/","name":"White Caps Centrifugal Feeder | Centrifugal Cap Feeder","isPartOf":{"@id":"https:\/\/swoer.com\/#website"},"primaryImageOfPage":{"@id":"https:\/\/swoer.com\/manufacturer\/white-caps-centrifugal-feeder\/#primaryimage"},"image":{"@id":"https:\/\/swoer.com\/manufacturer\/white-caps-centrifugal-feeder\/#primaryimage"},"thumbnailUrl":"https:\/\/swoer.com\/wp-content\/uploads\/2024\/04\/white-caps-centrifugal-feeder.webp","datePublished":"2024-04-01T03:57:20+00:00","dateModified":"2024-06-13T00:44:49+00:00","description":"Discover high-efficiency centrifugal cap feeders designed for precision and speed in automated production lines. Enhance your manufacturing process with reliable and customizable cap feeding solutions.","breadcrumb":{"@id":"https:\/\/swoer.com\/manufacturer\/white-caps-centrifugal-feeder\/#breadcrumb"},"inLanguage":"sk-SK","potentialAction":[{"@type":"ReadAction","target":["https:\/\/swoer.com\/manufacturer\/white-caps-centrifugal-feeder\/"]}]},{"@type":"ImageObject","inLanguage":"sk-SK","@id":"https:\/\/swoer.com\/manufacturer\/white-caps-centrifugal-feeder\/#primaryimage","url":"https:\/\/swoer.com\/wp-content\/uploads\/2024\/04\/white-caps-centrifugal-feeder.webp","contentUrl":"https:\/\/swoer.com\/wp-content\/uploads\/2024\/04\/white-caps-centrifugal-feeder.webp","width":1000,"height":1000,"caption":"white caps centrifugal feeder"},{"@type":"BreadcrumbList","@id":"https:\/\/swoer.com\/manufacturer\/white-caps-centrifugal-feeder\/#breadcrumb","itemListElement":[{"@type":"ListItem","position":1,"name":"Home","item":"https:\/\/swoer.com\/"},{"@type":"ListItem","position":2,"name":"Shop","item":"https:\/\/swoer.com\/shop\/"},{"@type":"ListItem","position":3,"name":"White Caps Centrifugal Feeder | Centrifugal Cap Feeder"}]},{"@type":"WebSite","@id":"https:\/\/swoer.com\/#website","url":"https:\/\/swoer.com\/","name":"SWOER","description":"Swoer is the top 3 vibratory bowl feeder manufacturer in China","potentialAction":[{"@type":"SearchAction","target":{"@type":"EntryPoint","urlTemplate":"https:\/\/swoer.com\/?s={search_term_string}"},"query-input":"required name=search_term_string"}],"inLanguage":"sk-SK"}]}},"_links":{"self":[{"href":"https:\/\/swoer.com\/sk\/wp-json\/wp\/v2\/product\/1793"}],"collection":[{"href":"https:\/\/swoer.com\/sk\/wp-json\/wp\/v2\/product"}],"about":[{"href":"https:\/\/swoer.com\/sk\/wp-json\/wp\/v2\/types\/product"}],"replies":[{"embeddable":true,"href":"https:\/\/swoer.com\/sk\/wp-json\/wp\/v2\/comments?post=1793"}],"wp:featuredmedia":[{"embeddable":true,"href":"https:\/\/swoer.com\/sk\/wp-json\/wp\/v2\/media\/1794"}],"wp:attachment":[{"href":"https:\/\/swoer.com\/sk\/wp-json\/wp\/v2\/media?parent=1793"}],"wp:term":[{"taxonomy":"product_cat","embeddable":true,"href":"https:\/\/swoer.com\/sk\/wp-json\/wp\/v2\/product_cat?post=1793"},{"taxonomy":"product_tag","embeddable":true,"href":"https:\/\/swoer.com\/sk\/wp-json\/wp\/v2\/product_tag?post=1793"}],"curies":[{"name":"wp","href":"https:\/\/api.w.org\/{rel}","templated":true}]}}