{"id":1790,"date":"2024-04-01T03:46:11","date_gmt":"2024-04-01T03:46:11","guid":{"rendered":"https:\/\/lightgrey-porpoise-816575.hostingersite.com\/?post_type=product&#038;p=1790"},"modified":"2024-06-13T00:52:50","modified_gmt":"2024-06-13T00:52:50","slug":"cap-centrifugal-feeder-price","status":"publish","type":"product","link":"https:\/\/swoer.com\/sk\/manufacturer\/cap-centrifugal-feeder-price\/","title":{"rendered":"Odstrediv\u00fd pod\u00e1va\u010d s uz\u00e1verom vody | Cena odstrediv\u00e9ho pod\u00e1va\u010da uz\u00e1veru"},"content":{"rendered":"<p>Urobte revol\u00faciu vo svojom procese uzatv\u00e1rania flia\u0161 s vodou s na\u0161imi \u0161pi\u010dkov\u00fdmi odstrediv\u00fdmi pod\u00e1va\u010dmi uz\u00e1verov na vodu. Na\u0161e inovat\u00edvne pod\u00e1va\u010de sa bezprobl\u00e9movo integruj\u00fa do va\u0161ej v\u00fdrobnej linky a zaistia presn\u00fa a efekt\u00edvnu orient\u00e1ciu uz\u00e1veru a dod\u00e1vku. Vysk\u00fa\u0161ajte v\u00fdhody zv\u00fd\u0161enej produktivity, zn\u00ed\u017eenia prestojov a zlep\u0161enej kvality produktu.<\/p>\n\t<div id=\"gap-564723024\" class=\"gap-element clearfix\" style=\"display:block; height:auto;\">\n\t\t\n<style>\n#gap-564723024 {\n  padding-top: 30px;\n}\n<\/style>\n\t<\/div>\n\t\n<h2>Popis:<\/h2>\n<table style=\"border-collapse: collapse; width: 488.27pt;\" border=\"0\" width=\"651\" cellspacing=\"0\" cellpadding=\"0\">\n<tbody>\n<tr style=\"height: 30.00pt;\">\n<td class=\"et3\" style=\"height: 30.00pt; width: 210.75pt;\" width=\"281\" height=\"40\">n\u00e1zov<\/td>\n<td class=\"et3\" style=\"width: 277.50pt;\" width=\"370\">Cena odstrediv\u00e9ho pod\u00e1va\u010da uz\u00e1veru<\/td>\n<\/tr>\n<tr style=\"height: 29.00pt;\">\n<td class=\"et3\" style=\"height: 29.00pt;\" height=\"38\">Zna\u010dka<\/td>\n<td class=\"et3\">SVOER<\/td>\n<\/tr>\n<tr style=\"height: 25.00pt;\">\n<td class=\"et3\" style=\"height: 25.00pt;\" height=\"33\">Materi\u00e1l<\/td>\n<td class=\"et3\">SUS304, Plast<\/td>\n<\/tr>\n<tr style=\"height: 30.00pt;\">\n<td class=\"et3\" style=\"height: 30.00pt;\" height=\"40\">Ve\u013ekos\u0165<\/td>\n<td class=\"et3\">Vlastn\u00e9<\/td>\n<\/tr>\n<tr style=\"height: 30.00pt;\">\n<td class=\"et3\" style=\"height: 30.00pt;\" height=\"40\">Funkcia<\/td>\n<td class=\"et3\">Prepravn\u00fd materi\u00e1l<\/td>\n<\/tr>\n<tr style=\"height: 30.00pt;\">\n<td class=\"et3\" style=\"height: 30.00pt;\" height=\"40\">Pou\u017eitie<\/td>\n<td class=\"et3\">Triedi\u0165, po\u010d\u00edta\u0165<\/td>\n<\/tr>\n<tr style=\"height: 28.00pt;\">\n<td class=\"et3\" style=\"height: 28.00pt;\" height=\"37\">V\u00fdhoda<\/td>\n<td class=\"et3\">\u0160etrite \u013eudsk\u00e9 zdroje<\/td>\n<\/tr>\n<tr style=\"height: 32.00pt;\">\n<td class=\"et3\" style=\"height: 32.00pt;\" height=\"42\">Typ stroja<\/td>\n<td class=\"et3\">Cel\u00e1 sada<\/td>\n<\/tr>\n<tr style=\"height: 29.00pt;\">\n<td class=\"et3\" style=\"height: 29.00pt;\" height=\"38\">Polo\u017eka<\/td>\n<td class=\"et3\">Automatick\u00e9 zariadenie<\/td>\n<\/tr>\n<tr style=\"height: 33.00pt;\">\n<td class=\"et3\" style=\"height: 33.00pt;\" height=\"44\">Aplikovate\u013en\u00e9 odvetvia<\/td>\n<td class=\"et3\">V\u00fdrobn\u00fd z\u00e1vod, farmy, priemysel<\/td>\n<\/tr>\n<tr style=\"height: 31.00pt;\">\n<td class=\"et3\" style=\"height: 31.00pt;\" height=\"41\">Poskytovan\u00fd popredajn\u00fd servis<\/td>\n<td class=\"et3\">Video technick\u00e1 podpora, online podpora<\/td>\n<\/tr>\n<\/tbody>\n<\/table>\n\t<div id=\"gap-1490262638\" class=\"gap-element clearfix\" style=\"display:block; height:auto;\">\n\t\t\n<style>\n#gap-1490262638 {\n  padding-top: 30px;\n}\n<\/style>\n\t<\/div>\n\t\n<h2>K\u013e\u00fa\u010dov\u00e9 vlastnosti:<\/h2>\n<ul>\n<li><strong>Presn\u00e1 orient\u00e1cia uz\u00e1veru:<\/strong> Eliminujte nespr\u00e1vne zarovnan\u00e9 uz\u00e1very pomocou presnej orient\u00e1cie na\u0161ich pod\u00e1va\u010dov.<\/li>\n<li><strong>Vysokor\u00fdchlostn\u00e9 k\u0155menie:<\/strong> Dosiahnite maxim\u00e1lny produk\u010dn\u00fd v\u00fdkon s r\u00fdchlymi r\u00fdchlos\u0165ami dod\u00e1vky na\u0161ich pod\u00e1va\u010dov.<\/li>\n<li><strong>Jemn\u00e1 manipul\u00e1cia s uz\u00e1verom:<\/strong> Zachovajte integritu svojich uz\u00e1verov pomocou mechanizmov \u0161etrnej manipul\u00e1cie na\u0161ich pod\u00e1va\u010dov.<\/li>\n<li><strong>Jednoduch\u00e1 integr\u00e1cia:<\/strong> Bezprobl\u00e9movo integrujte na\u0161e pod\u00e1va\u010de do svojich existuj\u00facich uzatv\u00e1rac\u00edch syst\u00e9mov.<\/li>\n<\/ul>\n<h2>\u00a0<\/h2>\n<h2>V\u00fdhody:<\/h2>\n<ol>\n<li><strong>Zv\u00fd\u0161en\u00e1 produktivita:<\/strong> Zv\u00fd\u0161te v\u00fdkon uz\u00e1veru f\u013ea\u0161e s vodou pomocou efekt\u00edvneho v\u00fdkonu na\u0161ich pod\u00e1va\u010dov.<\/li>\n<li><strong>Zn\u00ed\u017een\u00e9 prestoje:<\/strong> Minimalizujte preru\u0161enie v\u00fdroby sp\u00f4soben\u00e9 nespr\u00e1vnym nastaven\u00edm alebo po\u0161koden\u00edm uz\u00e1veru.<\/li>\n<li><strong>Vylep\u0161en\u00e1 kvalita produktu:<\/strong> Zabezpe\u010dte, aby boli f\u013ea\u0161e na vodu d\u00f4sledne utesnen\u00e9 a chr\u00e1nen\u00e9 proti neopr\u00e1vnenej manipul\u00e1cii.<\/li>\n<li><strong>Zjednodu\u0161en\u00e9 oper\u00e1cie:<\/strong> Zjednodu\u0161te si proces uzatv\u00e1rania pomocou u\u017e\u00edvate\u013esky pr\u00edvetiv\u00e9ho dizajnu na\u0161ich pod\u00e1va\u010dov.<\/li>\n<\/ol>\n<p>\u00a0<\/p>\n<h3>Za\u017eite nadradenos\u0165 odstrediv\u00fdch pod\u00e1va\u010dov s uz\u00e1verom vody<\/h3>\n<p>Na\u0161e odstrediv\u00e9 d\u00e1vkova\u010de s uz\u00e1verom vody s\u00fa starostlivo navrhnut\u00e9 tak, aby poskytovali v\u00fdnimo\u010dn\u00fd v\u00fdkon a spo\u013eahlivos\u0165 v n\u00e1ro\u010dn\u00fdch v\u00fdrobn\u00fdch prostrediach. Kontaktujte n\u00e1s e\u0161te dnes a zistite, ako m\u00f4\u017eu na\u0161e pod\u00e1va\u010de pozdvihn\u00fa\u0165 va\u0161e oper\u00e1cie uzatv\u00e1rania flia\u0161 s vodou.<\/p>","protected":false},"excerpt":{"rendered":"<p>Objavte na\u0161e profesion\u00e1lne a spo\u013eahliv\u00e9 rie\u0161enia odstrediv\u00e9ho pod\u00e1va\u010da s uz\u00e1verom \u2013 prisp\u00f4sobite\u013en\u00e9 r\u00fdchlosti prisp\u00f4soben\u00e9 va\u0161im potreb\u00e1m s podrobn\u00fdmi 3D modelmi CAD, ktor\u00e9 umo\u017e\u0148uj\u00fa bezprobl\u00e9mov\u00fa integr\u00e1ciu. Z\u00edskajte optim\u00e1lnu \u00fa\u010dinnos\u0165 za konkurencieschopn\u00fa cenu.<\/p>","protected":false},"featured_media":1791,"comment_status":"open","ping_status":"closed","template":"","meta":[],"product_cat":[36],"product_tag":[],"yoast_head":"<!-- This site is optimized with the Yoast SEO plugin v22.2 - https:\/\/yoast.com\/wordpress\/plugins\/seo\/ -->\n<title>Centrifugal Water Cap Feeder | Cap Centrifugal Feeder Price - SWOER<\/title>\n<meta name=\"description\" content=\"Optimize your bottling line with our centrifugal water cap feeder. Experience fast, precise, and reliable cap feeding for enhanced productivity and efficiency in your automated operations.\" \/>\n<meta name=\"robots\" content=\"index, follow, max-snippet:-1, max-image-preview:large, max-video-preview:-1\" \/>\n<link rel=\"canonical\" href=\"https:\/\/swoer.com\/sk\/manufacturer\/cap-centrifugal-feeder-price\/\" \/>\n<meta property=\"og:locale\" content=\"sk_SK\" \/>\n<meta property=\"og:type\" content=\"article\" \/>\n<meta property=\"og:title\" content=\"Centrifugal Water Cap Feeder | Cap Centrifugal Feeder Price - SWOER\" \/>\n<meta property=\"og:description\" content=\"Optimize your bottling line with our centrifugal water cap feeder. Experience fast, precise, and reliable cap feeding for enhanced productivity and efficiency in your automated operations.\" \/>\n<meta property=\"og:url\" content=\"https:\/\/swoer.com\/sk\/manufacturer\/cap-centrifugal-feeder-price\/\" \/>\n<meta property=\"og:site_name\" content=\"SWOER\" \/>\n<meta property=\"article:modified_time\" content=\"2024-06-13T00:52:50+00:00\" \/>\n<meta property=\"og:image\" content=\"https:\/\/swoer.com\/wp-content\/uploads\/2024\/04\/cap-centrifugal-feeder-price.webp\" \/>\n\t<meta property=\"og:image:width\" content=\"1000\" \/>\n\t<meta property=\"og:image:height\" content=\"1000\" \/>\n\t<meta property=\"og:image:type\" content=\"image\/webp\" \/>\n<meta name=\"twitter:card\" content=\"summary_large_image\" \/>\n<meta name=\"twitter:label1\" content=\"Predpokladan\u00fd \u010das \u010d\u00edtania\" \/>\n\t<meta name=\"twitter:data1\" content=\"1 min\u00fata\" \/>\n<script type=\"application\/ld+json\" class=\"yoast-schema-graph\">{\"@context\":\"https:\/\/schema.org\",\"@graph\":[{\"@type\":\"WebPage\",\"@id\":\"https:\/\/swoer.com\/manufacturer\/cap-centrifugal-feeder-price\/\",\"url\":\"https:\/\/swoer.com\/manufacturer\/cap-centrifugal-feeder-price\/\",\"name\":\"Centrifugal Water Cap Feeder | Cap Centrifugal Feeder Price - SWOER\",\"isPartOf\":{\"@id\":\"https:\/\/swoer.com\/#website\"},\"primaryImageOfPage\":{\"@id\":\"https:\/\/swoer.com\/manufacturer\/cap-centrifugal-feeder-price\/#primaryimage\"},\"image\":{\"@id\":\"https:\/\/swoer.com\/manufacturer\/cap-centrifugal-feeder-price\/#primaryimage\"},\"thumbnailUrl\":\"https:\/\/swoer.com\/wp-content\/uploads\/2024\/04\/cap-centrifugal-feeder-price.webp\",\"datePublished\":\"2024-04-01T03:46:11+00:00\",\"dateModified\":\"2024-06-13T00:52:50+00:00\",\"description\":\"Optimize your bottling line with our centrifugal water cap feeder. Experience fast, precise, and reliable cap feeding for enhanced productivity and efficiency in your automated operations.\",\"breadcrumb\":{\"@id\":\"https:\/\/swoer.com\/manufacturer\/cap-centrifugal-feeder-price\/#breadcrumb\"},\"inLanguage\":\"sk-SK\",\"potentialAction\":[{\"@type\":\"ReadAction\",\"target\":[\"https:\/\/swoer.com\/manufacturer\/cap-centrifugal-feeder-price\/\"]}]},{\"@type\":\"ImageObject\",\"inLanguage\":\"sk-SK\",\"@id\":\"https:\/\/swoer.com\/manufacturer\/cap-centrifugal-feeder-price\/#primaryimage\",\"url\":\"https:\/\/swoer.com\/wp-content\/uploads\/2024\/04\/cap-centrifugal-feeder-price.webp\",\"contentUrl\":\"https:\/\/swoer.com\/wp-content\/uploads\/2024\/04\/cap-centrifugal-feeder-price.webp\",\"width\":1000,\"height\":1000,\"caption\":\"cap centrifugal feeder price\"},{\"@type\":\"BreadcrumbList\",\"@id\":\"https:\/\/swoer.com\/manufacturer\/cap-centrifugal-feeder-price\/#breadcrumb\",\"itemListElement\":[{\"@type\":\"ListItem\",\"position\":1,\"name\":\"Home\",\"item\":\"https:\/\/swoer.com\/\"},{\"@type\":\"ListItem\",\"position\":2,\"name\":\"Shop\",\"item\":\"https:\/\/swoer.com\/shop\/\"},{\"@type\":\"ListItem\",\"position\":3,\"name\":\"Centrifugal Water Cap Feeder | Cap Centrifugal Feeder Price\"}]},{\"@type\":\"WebSite\",\"@id\":\"https:\/\/swoer.com\/#website\",\"url\":\"https:\/\/swoer.com\/\",\"name\":\"SWOER\",\"description\":\"Swoer is the top 3 vibratory bowl feeder manufacturer in China\",\"potentialAction\":[{\"@type\":\"SearchAction\",\"target\":{\"@type\":\"EntryPoint\",\"urlTemplate\":\"https:\/\/swoer.com\/?s={search_term_string}\"},\"query-input\":\"required name=search_term_string\"}],\"inLanguage\":\"sk-SK\"}]}<\/script>\n<!-- \/ Yoast SEO plugin. -->","yoast_head_json":{"title":"Centrifugal Water Cap Feeder | Cap Centrifugal Feeder Price - SWOER","description":"Optimize your bottling line with our centrifugal water cap feeder. Experience fast, precise, and reliable cap feeding for enhanced productivity and efficiency in your automated operations.","robots":{"index":"index","follow":"follow","max-snippet":"max-snippet:-1","max-image-preview":"max-image-preview:large","max-video-preview":"max-video-preview:-1"},"canonical":"https:\/\/swoer.com\/sk\/manufacturer\/cap-centrifugal-feeder-price\/","og_locale":"sk_SK","og_type":"article","og_title":"Centrifugal Water Cap Feeder | Cap Centrifugal Feeder Price - SWOER","og_description":"Optimize your bottling line with our centrifugal water cap feeder. Experience fast, precise, and reliable cap feeding for enhanced productivity and efficiency in your automated operations.","og_url":"https:\/\/swoer.com\/sk\/manufacturer\/cap-centrifugal-feeder-price\/","og_site_name":"SWOER","article_modified_time":"2024-06-13T00:52:50+00:00","og_image":[{"width":1000,"height":1000,"url":"https:\/\/swoer.com\/wp-content\/uploads\/2024\/04\/cap-centrifugal-feeder-price.webp","type":"image\/webp"}],"twitter_card":"summary_large_image","twitter_misc":{"Predpokladan\u00fd \u010das \u010d\u00edtania":"1 min\u00fata"},"schema":{"@context":"https:\/\/schema.org","@graph":[{"@type":"WebPage","@id":"https:\/\/swoer.com\/manufacturer\/cap-centrifugal-feeder-price\/","url":"https:\/\/swoer.com\/manufacturer\/cap-centrifugal-feeder-price\/","name":"Centrifugal Water Cap Feeder | Cap Centrifugal Feeder Price - SWOER","isPartOf":{"@id":"https:\/\/swoer.com\/#website"},"primaryImageOfPage":{"@id":"https:\/\/swoer.com\/manufacturer\/cap-centrifugal-feeder-price\/#primaryimage"},"image":{"@id":"https:\/\/swoer.com\/manufacturer\/cap-centrifugal-feeder-price\/#primaryimage"},"thumbnailUrl":"https:\/\/swoer.com\/wp-content\/uploads\/2024\/04\/cap-centrifugal-feeder-price.webp","datePublished":"2024-04-01T03:46:11+00:00","dateModified":"2024-06-13T00:52:50+00:00","description":"Optimize your bottling line with our centrifugal water cap feeder. Experience fast, precise, and reliable cap feeding for enhanced productivity and efficiency in your automated operations.","breadcrumb":{"@id":"https:\/\/swoer.com\/manufacturer\/cap-centrifugal-feeder-price\/#breadcrumb"},"inLanguage":"sk-SK","potentialAction":[{"@type":"ReadAction","target":["https:\/\/swoer.com\/manufacturer\/cap-centrifugal-feeder-price\/"]}]},{"@type":"ImageObject","inLanguage":"sk-SK","@id":"https:\/\/swoer.com\/manufacturer\/cap-centrifugal-feeder-price\/#primaryimage","url":"https:\/\/swoer.com\/wp-content\/uploads\/2024\/04\/cap-centrifugal-feeder-price.webp","contentUrl":"https:\/\/swoer.com\/wp-content\/uploads\/2024\/04\/cap-centrifugal-feeder-price.webp","width":1000,"height":1000,"caption":"cap centrifugal feeder price"},{"@type":"BreadcrumbList","@id":"https:\/\/swoer.com\/manufacturer\/cap-centrifugal-feeder-price\/#breadcrumb","itemListElement":[{"@type":"ListItem","position":1,"name":"Home","item":"https:\/\/swoer.com\/"},{"@type":"ListItem","position":2,"name":"Shop","item":"https:\/\/swoer.com\/shop\/"},{"@type":"ListItem","position":3,"name":"Centrifugal Water Cap Feeder | Cap Centrifugal Feeder Price"}]},{"@type":"WebSite","@id":"https:\/\/swoer.com\/#website","url":"https:\/\/swoer.com\/","name":"SWOER","description":"Swoer is the top 3 vibratory bowl feeder manufacturer in China","potentialAction":[{"@type":"SearchAction","target":{"@type":"EntryPoint","urlTemplate":"https:\/\/swoer.com\/?s={search_term_string}"},"query-input":"required name=search_term_string"}],"inLanguage":"sk-SK"}]}},"_links":{"self":[{"href":"https:\/\/swoer.com\/sk\/wp-json\/wp\/v2\/product\/1790"}],"collection":[{"href":"https:\/\/swoer.com\/sk\/wp-json\/wp\/v2\/product"}],"about":[{"href":"https:\/\/swoer.com\/sk\/wp-json\/wp\/v2\/types\/product"}],"replies":[{"embeddable":true,"href":"https:\/\/swoer.com\/sk\/wp-json\/wp\/v2\/comments?post=1790"}],"wp:featuredmedia":[{"embeddable":true,"href":"https:\/\/swoer.com\/sk\/wp-json\/wp\/v2\/media\/1791"}],"wp:attachment":[{"href":"https:\/\/swoer.com\/sk\/wp-json\/wp\/v2\/media?parent=1790"}],"wp:term":[{"taxonomy":"product_cat","embeddable":true,"href":"https:\/\/swoer.com\/sk\/wp-json\/wp\/v2\/product_cat?post=1790"},{"taxonomy":"product_tag","embeddable":true,"href":"https:\/\/swoer.com\/sk\/wp-json\/wp\/v2\/product_tag?post=1790"}],"curies":[{"name":"wp","href":"https:\/\/api.w.org\/{rel}","templated":true}]}}