{"id":1788,"date":"2024-04-01T03:37:02","date_gmt":"2024-04-01T03:37:02","guid":{"rendered":"https:\/\/lightgrey-porpoise-816575.hostingersite.com\/?post_type=product&#038;p=1788"},"modified":"2024-04-01T03:40:52","modified_gmt":"2024-04-01T03:40:52","slug":"bottle-centrifugal-feeder","status":"publish","type":"product","link":"https:\/\/swoer.com\/sk\/manufacturer\/bottle-centrifugal-feeder\/","title":{"rendered":"Odstrediv\u00fd pod\u00e1va\u010d na f\u013ea\u0161e"},"content":{"rendered":"<p>Vylep\u0161ite svoje oper\u00e1cie pri manipul\u00e1cii s f\u013ea\u0161ami s na\u0161imi profesion\u00e1lnymi rie\u0161eniami odstrediv\u00fdch pod\u00e1va\u010dov. Vyu\u017eite prisp\u00f4sobite\u013en\u00e9 nastavenia r\u00fdchlosti prisp\u00f4soben\u00e9 va\u0161im \u0161pecifick\u00fdm po\u017eiadavk\u00e1m. Poskytujeme podrobn\u00e9 3D CAD modely pre bezprobl\u00e9mov\u00fa integr\u00e1ciu do v\u00e1\u0161ho pracovn\u00e9ho toku a zais\u0165ujeme spo\u013eahlivos\u0165 na ka\u017edom kroku. D\u00f4verujte na\u0161ej odbornosti pri poskytovan\u00ed efekt\u00edvnych a spo\u013eahliv\u00fdch rie\u0161en\u00ed na k\u0155menie z f\u013ea\u0161e.<\/p>\n<h2>Popis:<\/h2>\n<table style=\"border-collapse: collapse; width: 488.27pt;\" border=\"0\" width=\"651\" cellspacing=\"0\" cellpadding=\"0\">\n<tbody>\n<tr style=\"height: 30.00pt;\">\n<td class=\"et3\" style=\"height: 30.00pt; width: 210.75pt;\" width=\"281\" height=\"40\">n\u00e1zov<\/td>\n<td class=\"et3\" style=\"width: 277.50pt;\" width=\"370\">Odstrediv\u00fd pod\u00e1va\u010d na f\u013ea\u0161e<\/td>\n<\/tr>\n<tr style=\"height: 29.00pt;\">\n<td class=\"et3\" style=\"height: 29.00pt;\" height=\"38\">Zna\u010dka<\/td>\n<td class=\"et3\">SVOER<\/td>\n<\/tr>\n<tr style=\"height: 25.00pt;\">\n<td class=\"et3\" style=\"height: 25.00pt;\" height=\"33\">Materi\u00e1l<\/td>\n<td class=\"et3\">SUS304, Plast<\/td>\n<\/tr>\n<tr style=\"height: 30.00pt;\">\n<td class=\"et3\" style=\"height: 30.00pt;\" height=\"40\">Ve\u013ekos\u0165<\/td>\n<td class=\"et3\">Vlastn\u00e9<\/td>\n<\/tr>\n<tr style=\"height: 30.00pt;\">\n<td class=\"et3\" style=\"height: 30.00pt;\" height=\"40\">Funkcia<\/td>\n<td class=\"et3\">Prepravn\u00fd materi\u00e1l<\/td>\n<\/tr>\n<tr style=\"height: 30.00pt;\">\n<td class=\"et3\" style=\"height: 30.00pt;\" height=\"40\">Pou\u017eitie<\/td>\n<td class=\"et3\">Triedi\u0165, po\u010d\u00edta\u0165<\/td>\n<\/tr>\n<tr style=\"height: 28.00pt;\">\n<td class=\"et3\" style=\"height: 28.00pt;\" height=\"37\">V\u00fdhoda<\/td>\n<td class=\"et3\">\u0160etrite \u013eudsk\u00e9 zdroje<\/td>\n<\/tr>\n<tr style=\"height: 32.00pt;\">\n<td class=\"et3\" style=\"height: 32.00pt;\" height=\"42\">Typ stroja<\/td>\n<td class=\"et3\">Cel\u00e1 sada<\/td>\n<\/tr>\n<tr style=\"height: 29.00pt;\">\n<td class=\"et3\" style=\"height: 29.00pt;\" height=\"38\">Polo\u017eka<\/td>\n<td class=\"et3\">Automatick\u00e9 zariadenie<\/td>\n<\/tr>\n<tr style=\"height: 33.00pt;\">\n<td class=\"et3\" style=\"height: 33.00pt;\" height=\"44\">Aplikovate\u013en\u00e9 odvetvia<\/td>\n<td class=\"et3\">V\u00fdrobn\u00fd z\u00e1vod, farmy, priemysel<\/td>\n<\/tr>\n<tr style=\"height: 31.00pt;\">\n<td class=\"et3\" style=\"height: 31.00pt;\" height=\"41\">Poskytovan\u00fd popredajn\u00fd servis<\/td>\n<td class=\"et3\">Video technick\u00e1 podpora, online podpora<\/td>\n<\/tr>\n<\/tbody>\n<\/table>","protected":false},"excerpt":{"rendered":"<p>N\u00e1\u0161 odstrediv\u00fd pod\u00e1va\u010d zais\u0165uje spo\u013eahliv\u00fa manipul\u00e1ciu s f\u013ea\u0161ou. Prisp\u00f4sobite\u013en\u00e9 r\u00fdchlosti vyhovuj\u00fa va\u0161im potreb\u00e1m s podrobn\u00fdm 3D CAD modelom pre bezprobl\u00e9mov\u00fa integr\u00e1ciu. D\u00f4verujte na\u0161im odborn\u00fdm znalostiam pre efekt\u00edvne rie\u0161enia.<\/p>","protected":false},"featured_media":1789,"comment_status":"open","ping_status":"closed","template":"","meta":[],"product_cat":[36],"product_tag":[],"yoast_head":"<!-- This site is optimized with the Yoast SEO plugin v22.2 - https:\/\/yoast.com\/wordpress\/plugins\/seo\/ -->\n<title>Bottle Centrifugal Feeder - SWOER<\/title>\n<meta name=\"robots\" content=\"index, follow, max-snippet:-1, max-image-preview:large, max-video-preview:-1\" \/>\n<link rel=\"canonical\" href=\"https:\/\/swoer.com\/sk\/manufacturer\/bottle-centrifugal-feeder\/\" \/>\n<meta property=\"og:locale\" content=\"sk_SK\" \/>\n<meta property=\"og:type\" content=\"article\" \/>\n<meta property=\"og:title\" content=\"Bottle Centrifugal Feeder - SWOER\" \/>\n<meta property=\"og:description\" content=\"Our centrifugal feeder ensures reliable bottle handling. Customizable speeds meet your needs, with detailed 3D CAD model for seamless integration. Trust our expertise for efficient solutions.\" \/>\n<meta property=\"og:url\" content=\"https:\/\/swoer.com\/sk\/manufacturer\/bottle-centrifugal-feeder\/\" \/>\n<meta property=\"og:site_name\" content=\"SWOER\" \/>\n<meta property=\"article:modified_time\" content=\"2024-04-01T03:40:52+00:00\" \/>\n<meta property=\"og:image\" content=\"https:\/\/swoer.com\/wp-content\/uploads\/2024\/04\/bottle-centrifugal-feeder.webp\" \/>\n\t<meta property=\"og:image:width\" content=\"1000\" \/>\n\t<meta property=\"og:image:height\" content=\"1000\" \/>\n\t<meta property=\"og:image:type\" content=\"image\/webp\" \/>\n<meta name=\"twitter:card\" content=\"summary_large_image\" \/>\n<meta name=\"twitter:label1\" content=\"Predpokladan\u00fd \u010das \u010d\u00edtania\" \/>\n\t<meta name=\"twitter:data1\" content=\"1 min\u00fata\" \/>\n<script type=\"application\/ld+json\" class=\"yoast-schema-graph\">{\"@context\":\"https:\/\/schema.org\",\"@graph\":[{\"@type\":\"WebPage\",\"@id\":\"https:\/\/swoer.com\/manufacturer\/bottle-centrifugal-feeder\/\",\"url\":\"https:\/\/swoer.com\/manufacturer\/bottle-centrifugal-feeder\/\",\"name\":\"Bottle Centrifugal Feeder - SWOER\",\"isPartOf\":{\"@id\":\"https:\/\/swoer.com\/#website\"},\"primaryImageOfPage\":{\"@id\":\"https:\/\/swoer.com\/manufacturer\/bottle-centrifugal-feeder\/#primaryimage\"},\"image\":{\"@id\":\"https:\/\/swoer.com\/manufacturer\/bottle-centrifugal-feeder\/#primaryimage\"},\"thumbnailUrl\":\"https:\/\/swoer.com\/wp-content\/uploads\/2024\/04\/bottle-centrifugal-feeder.webp\",\"datePublished\":\"2024-04-01T03:37:02+00:00\",\"dateModified\":\"2024-04-01T03:40:52+00:00\",\"breadcrumb\":{\"@id\":\"https:\/\/swoer.com\/manufacturer\/bottle-centrifugal-feeder\/#breadcrumb\"},\"inLanguage\":\"sk-SK\",\"potentialAction\":[{\"@type\":\"ReadAction\",\"target\":[\"https:\/\/swoer.com\/manufacturer\/bottle-centrifugal-feeder\/\"]}]},{\"@type\":\"ImageObject\",\"inLanguage\":\"sk-SK\",\"@id\":\"https:\/\/swoer.com\/manufacturer\/bottle-centrifugal-feeder\/#primaryimage\",\"url\":\"https:\/\/swoer.com\/wp-content\/uploads\/2024\/04\/bottle-centrifugal-feeder.webp\",\"contentUrl\":\"https:\/\/swoer.com\/wp-content\/uploads\/2024\/04\/bottle-centrifugal-feeder.webp\",\"width\":1000,\"height\":1000,\"caption\":\"bottle centrifugal feeder\"},{\"@type\":\"BreadcrumbList\",\"@id\":\"https:\/\/swoer.com\/manufacturer\/bottle-centrifugal-feeder\/#breadcrumb\",\"itemListElement\":[{\"@type\":\"ListItem\",\"position\":1,\"name\":\"Home\",\"item\":\"https:\/\/swoer.com\/\"},{\"@type\":\"ListItem\",\"position\":2,\"name\":\"Shop\",\"item\":\"https:\/\/swoer.com\/shop\/\"},{\"@type\":\"ListItem\",\"position\":3,\"name\":\"Bottle Centrifugal Feeder\"}]},{\"@type\":\"WebSite\",\"@id\":\"https:\/\/swoer.com\/#website\",\"url\":\"https:\/\/swoer.com\/\",\"name\":\"SWOER\",\"description\":\"Swoer is the top 3 vibratory bowl feeder manufacturer in China\",\"potentialAction\":[{\"@type\":\"SearchAction\",\"target\":{\"@type\":\"EntryPoint\",\"urlTemplate\":\"https:\/\/swoer.com\/?s={search_term_string}\"},\"query-input\":\"required name=search_term_string\"}],\"inLanguage\":\"sk-SK\"}]}<\/script>\n<!-- \/ Yoast SEO plugin. -->","yoast_head_json":{"title":"Bottle Centrifugal Feeder - SWOER","robots":{"index":"index","follow":"follow","max-snippet":"max-snippet:-1","max-image-preview":"max-image-preview:large","max-video-preview":"max-video-preview:-1"},"canonical":"https:\/\/swoer.com\/sk\/manufacturer\/bottle-centrifugal-feeder\/","og_locale":"sk_SK","og_type":"article","og_title":"Bottle Centrifugal Feeder - SWOER","og_description":"Our centrifugal feeder ensures reliable bottle handling. Customizable speeds meet your needs, with detailed 3D CAD model for seamless integration. Trust our expertise for efficient solutions.","og_url":"https:\/\/swoer.com\/sk\/manufacturer\/bottle-centrifugal-feeder\/","og_site_name":"SWOER","article_modified_time":"2024-04-01T03:40:52+00:00","og_image":[{"width":1000,"height":1000,"url":"https:\/\/swoer.com\/wp-content\/uploads\/2024\/04\/bottle-centrifugal-feeder.webp","type":"image\/webp"}],"twitter_card":"summary_large_image","twitter_misc":{"Predpokladan\u00fd \u010das \u010d\u00edtania":"1 min\u00fata"},"schema":{"@context":"https:\/\/schema.org","@graph":[{"@type":"WebPage","@id":"https:\/\/swoer.com\/manufacturer\/bottle-centrifugal-feeder\/","url":"https:\/\/swoer.com\/manufacturer\/bottle-centrifugal-feeder\/","name":"Bottle Centrifugal Feeder - SWOER","isPartOf":{"@id":"https:\/\/swoer.com\/#website"},"primaryImageOfPage":{"@id":"https:\/\/swoer.com\/manufacturer\/bottle-centrifugal-feeder\/#primaryimage"},"image":{"@id":"https:\/\/swoer.com\/manufacturer\/bottle-centrifugal-feeder\/#primaryimage"},"thumbnailUrl":"https:\/\/swoer.com\/wp-content\/uploads\/2024\/04\/bottle-centrifugal-feeder.webp","datePublished":"2024-04-01T03:37:02+00:00","dateModified":"2024-04-01T03:40:52+00:00","breadcrumb":{"@id":"https:\/\/swoer.com\/manufacturer\/bottle-centrifugal-feeder\/#breadcrumb"},"inLanguage":"sk-SK","potentialAction":[{"@type":"ReadAction","target":["https:\/\/swoer.com\/manufacturer\/bottle-centrifugal-feeder\/"]}]},{"@type":"ImageObject","inLanguage":"sk-SK","@id":"https:\/\/swoer.com\/manufacturer\/bottle-centrifugal-feeder\/#primaryimage","url":"https:\/\/swoer.com\/wp-content\/uploads\/2024\/04\/bottle-centrifugal-feeder.webp","contentUrl":"https:\/\/swoer.com\/wp-content\/uploads\/2024\/04\/bottle-centrifugal-feeder.webp","width":1000,"height":1000,"caption":"bottle centrifugal feeder"},{"@type":"BreadcrumbList","@id":"https:\/\/swoer.com\/manufacturer\/bottle-centrifugal-feeder\/#breadcrumb","itemListElement":[{"@type":"ListItem","position":1,"name":"Home","item":"https:\/\/swoer.com\/"},{"@type":"ListItem","position":2,"name":"Shop","item":"https:\/\/swoer.com\/shop\/"},{"@type":"ListItem","position":3,"name":"Bottle Centrifugal Feeder"}]},{"@type":"WebSite","@id":"https:\/\/swoer.com\/#website","url":"https:\/\/swoer.com\/","name":"SWOER","description":"Swoer is the top 3 vibratory bowl feeder manufacturer in China","potentialAction":[{"@type":"SearchAction","target":{"@type":"EntryPoint","urlTemplate":"https:\/\/swoer.com\/?s={search_term_string}"},"query-input":"required name=search_term_string"}],"inLanguage":"sk-SK"}]}},"_links":{"self":[{"href":"https:\/\/swoer.com\/sk\/wp-json\/wp\/v2\/product\/1788"}],"collection":[{"href":"https:\/\/swoer.com\/sk\/wp-json\/wp\/v2\/product"}],"about":[{"href":"https:\/\/swoer.com\/sk\/wp-json\/wp\/v2\/types\/product"}],"replies":[{"embeddable":true,"href":"https:\/\/swoer.com\/sk\/wp-json\/wp\/v2\/comments?post=1788"}],"wp:featuredmedia":[{"embeddable":true,"href":"https:\/\/swoer.com\/sk\/wp-json\/wp\/v2\/media\/1789"}],"wp:attachment":[{"href":"https:\/\/swoer.com\/sk\/wp-json\/wp\/v2\/media?parent=1788"}],"wp:term":[{"taxonomy":"product_cat","embeddable":true,"href":"https:\/\/swoer.com\/sk\/wp-json\/wp\/v2\/product_cat?post=1788"},{"taxonomy":"product_tag","embeddable":true,"href":"https:\/\/swoer.com\/sk\/wp-json\/wp\/v2\/product_tag?post=1788"}],"curies":[{"name":"wp","href":"https:\/\/api.w.org\/{rel}","templated":true}]}}