{"id":1758,"date":"2024-03-30T06:54:42","date_gmt":"2024-03-30T06:54:42","guid":{"rendered":"https:\/\/lightgrey-porpoise-816575.hostingersite.com\/?post_type=product&#038;p=1758"},"modified":"2025-02-07T16:48:14","modified_gmt":"2025-02-07T08:48:14","slug":"flexible-feeders-sw-420","status":"publish","type":"product","link":"https:\/\/swoer.com\/sk\/manufacturer\/flexible-feeders-sw-420\/","title":{"rendered":"Flexibiln\u00e9 pod\u00e1va\u010de SW-420"},"content":{"rendered":"<p>V SWOER vynik\u00e1me vo v\u00fdrobe flexibiln\u00fdch pod\u00e1va\u010dov s rie\u0161eniami na mieru, ktor\u00e9 zodpovedaj\u00fa charakteristik\u00e1m dielov a po\u017eiadavk\u00e1m klienta. Na\u0161e syst\u00e9my za konkurencieschopn\u00e9 ceny sa integruj\u00fa s robotmi a CCD v\u00edziou, \u010d\u00edm zais\u0165uj\u00fa optim\u00e1lnu efektivitu a presnos\u0165 v\u00fdroby. D\u00f4verujte SWOER, \u017ee prisp\u00f4sob\u00ed spo\u013eahliv\u00e9 rie\u0161enia, ktor\u00e9 vyhovuj\u00fa va\u0161im potreb\u00e1m a rozpo\u010dtu, s profesionalitou a spo\u013eahlivos\u0165ou.<\/p>\n<p>SW-42 vhodn\u00fd na preosievanie ve\u013ek\u00fdch nepravideln\u00fdch materi\u00e1lov, ako s\u00fa hra\u010dky, lek\u00e1rske vybavenie, automobilov\u00e9 diely, \u0161peci\u00e1lne tvarovan\u00e9 kovov\u00e9 diely at\u010f.<\/p>\n<p>Pod\u00e1va\u010d SW-420 Flex kombinovan\u00fd s robotom Spider Gripper, pre viac inform\u00e1ci\u00ed kliknite:<\/p>\n<ul>\n<li><a href=\"https:\/\/swoer.com\/sk\/manufacturer\/flex-feeding-and-conveying-machines-with-spider-robot\/\">Automatick\u00e9 stroje na pod\u00e1vanie a dopravu s\u00fa\u010diastok Flex s robotom Spider<\/a><\/li>\n<\/ul>\n\t<div id=\"gap-754209607\" class=\"gap-element clearfix\" style=\"display:block; height:auto;\">\n\t\t\n<style>\n#gap-754209607 {\n  padding-top: 30px;\n}\n<\/style>\n\t<\/div>\n\t\n<h2>Technick\u00e9 \u00fadaje:<\/h2>\n<table style=\"border-collapse: collapse; width: 596.27pt;\" border=\"0\" width=\"795\" cellspacing=\"0\" cellpadding=\"0\">\n<tbody>\n<tr style=\"height: 27.00pt;\">\n<td class=\"et3\" style=\"height: 27.00pt; width: 237.00pt;\" width=\"316\" height=\"36\">Model<\/td>\n<td class=\"et4\" style=\"width: 359.25pt;\" width=\"479\">SW-420<\/td>\n<\/tr>\n<tr style=\"height: 27.00pt;\">\n<td class=\"et3\" style=\"height: 27.00pt;\" height=\"36\">Rozmer (mm)<\/td>\n<td class=\"et4\">600*393*211<\/td>\n<\/tr>\n<tr style=\"height: 27.00pt;\">\n<td class=\"et3\" style=\"height: 27.00pt;\" height=\"36\">Rozmer pod\u00e1va\u010da (mm)<\/td>\n<td class=\"et4\">440*390*60<\/td>\n<\/tr>\n<tr style=\"height: 27.00pt;\">\n<td class=\"et3\" style=\"height: 27.00pt;\" height=\"36\">Hmotnos\u0165<\/td>\n<td class=\"et4\">Pribli\u017ene 44,0 kg<\/td>\n<\/tr>\n<tr style=\"height: 27.00pt;\">\n<td class=\"et3\" style=\"height: 27.00pt;\" height=\"36\">Nap\u00e4tie<\/td>\n<td class=\"et4\">DC20-30V (odpor\u00fa\u010dan\u00e9 24V)<\/td>\n<\/tr>\n<tr style=\"height: 27.00pt;\">\n<td class=\"et3\" style=\"height: 27.00pt;\" height=\"36\">Maxim\u00e1lny pr\u00fad<\/td>\n<td class=\"et4\">6A<\/td>\n<\/tr>\n<tr style=\"height: 81.00pt;\">\n<td class=\"et3\" style=\"height: 81.00pt;\" height=\"108\">Opera\u010dn\u00fd formul\u00e1r<\/td>\n<td class=\"et5\" style=\"width: 359.25pt;\" width=\"479\">Pos\u00favajte sa nahor, nadol, do\u013eava, doprava, v\u013eavo hore, v\u013eavo dole, vpravo hore a vpravo dole, centrujte nahor a nadol, v\u013eavo a vpravo, traste a ot\u00e1\u010dajte a priamo vibrujte, aby ste mohli pod\u00e1va\u0165<\/td>\n<\/tr>\n<tr style=\"height: 27.00pt;\">\n<td class=\"et3\" style=\"height: 27.00pt;\" height=\"36\">Frekvencia<\/td>\n<td class=\"et4\">10-62Hz<\/td>\n<\/tr>\n<tr style=\"height: 27.00pt;\">\n<td class=\"et3\" style=\"height: 27.00pt;\" height=\"36\">Prev\u00e1dzkov\u00fd hluk<\/td>\n<td class=\"et6\"><span class=\"font4\">\uff1c<\/span><span class=\"font3\">50 dB<\/span><\/td>\n<\/tr>\n<tr style=\"height: 27.00pt;\">\n<td class=\"et3\" style=\"height: 27.00pt;\" height=\"36\">Maxim\u00e1lne za\u0165a\u017eenie<\/td>\n<td class=\"et4\">1,5 kg<\/td>\n<\/tr>\n<tr style=\"height: 27.00pt;\">\n<td class=\"et3\" style=\"height: 27.00pt;\" height=\"36\">Hmotnos\u0165 jedn\u00e9ho prevr\u00e1ten\u00e9ho materi\u00e1lu<\/td>\n<td class=\"et6\">\uff1c<span class=\"font3\">150 g<\/span><\/td>\n<\/tr>\n<tr style=\"height: 27.00pt;\">\n<td class=\"et3\" style=\"height: 54.00pt;\" rowspan=\"2\" height=\"72\">Interakcia sign\u00e1lu<\/td>\n<td class=\"et4\">TCP\/IP komunik\u00e1cia<\/td>\n<\/tr>\n<tr style=\"height: 27.00pt;\">\n<td class=\"et4\">I\/O rozhranie<\/td>\n<\/tr>\n<\/tbody>\n<\/table>\n\t<div id=\"gap-1285661433\" class=\"gap-element clearfix\" style=\"display:block; height:auto;\">\n\t\t\n<style>\n#gap-1285661433 {\n  padding-top: 30px;\n}\n<\/style>\n\t<\/div>\n\t\n<h2>Rozmerov\u00fd v\u00fdkres:<\/h2>\n\t<div class=\"img has-hover x md-x lg-x y md-y lg-y\" id=\"image_643206809\">\n\t\t\t\t\t\t\t\t<div class=\"img-inner dark\" >\n\t\t\t<img loading=\"lazy\" decoding=\"async\" width=\"681\" height=\"600\" src=\"https:\/\/swoer.com\/wp-content\/uploads\/2024\/03\/flex-feeder-system-SW-420-dimension-drawing.webp\" class=\"attachment-original size-original\" alt=\"flex feeder system SW-420 rozmerov\u00fd v\u00fdkres\" srcset=\"https:\/\/swoer.com\/wp-content\/uploads\/2024\/03\/flex-feeder-system-SW-420-dimension-drawing.webp 681w, https:\/\/swoer.com\/wp-content\/uploads\/2024\/03\/flex-feeder-system-SW-420-dimension-drawing-300x264.webp 300w, https:\/\/swoer.com\/wp-content\/uploads\/2024\/03\/flex-feeder-system-SW-420-dimension-drawing-600x529.webp 600w\" sizes=\"(max-width: 681px) 100vw, 681px\" \/>\t\t\t\t\t\t\n\t\t\t\t\t<\/div>\n\t\t\t\t\t\t\t\t\n<style>\n#image_643206809 {\n  width: 70%;\n}\n<\/style>\n\t<\/div>\n\t\n\t<div id=\"gap-833242307\" class=\"gap-element clearfix\" style=\"display:block; height:auto;\">\n\t\t\n<style>\n#gap-833242307 {\n  padding-top: 30px;\n}\n<\/style>\n\t<\/div>\n\t\n<h2>Flex pod\u00e1va\u010de, flexibiln\u00e9 pod\u00e1va\u010de, flexibiln\u00e9 z\u00e1sobn\u00edky a stroje integrovan\u00e9 do robota<\/h2>\n\n  \n    <div class=\"row large-columns-4 medium-columns-3 small-columns-2 row-small slider row-slider slider-nav-reveal slider-nav-push\"  data-flickity-options='{\"imagesLoaded\": true, \"groupCells\": \"100%\", \"dragThreshold\" : 5, \"cellAlign\": \"left\",\"wrapAround\": true,\"prevNextButtons\": true,\"percentPosition\": true,\"pageDots\": false, \"rightToLeft\": false, \"autoPlay\" : false}'>\n\n  \t\n\t     <div class=\"product-small col has-hover product type-product post-3882 status-publish first instock product_cat-delta-robots has-post-thumbnail shipping-taxable product-type-simple\">\n\t<div class=\"col-inner\">\n\t\n<div class=\"badge-container absolute left top z-1\">\n\n<\/div>\n\t<div class=\"product-small box\">\n\t\t<div class=\"box-image\">\n\t\t\t<div class=\"image-zoom_in\">\n\t\t\t\t<a href=\"https:\/\/swoer.com\/sk\/manufacturer\/custom-delta-robot-pick-and-place-sw-hrd5s-sd-f\/\" aria-label=\"Custom Delta Robot Pick and Place SW-HRD5S-SD-F\">\n\t\t\t\t\t<img loading=\"lazy\" decoding=\"async\" width=\"300\" height=\"300\" src=\"https:\/\/swoer.com\/wp-content\/uploads\/2026\/04\/Custom-Delta-Robot-Pick-and-Place-SW-HRD5S-SD-F-300x300.webp\" class=\"attachment-woocommerce_thumbnail size-woocommerce_thumbnail\" alt=\"Custom Delta Robot Pick and Place SW-HRD5S-SD-F\" srcset=\"https:\/\/swoer.com\/wp-content\/uploads\/2026\/04\/Custom-Delta-Robot-Pick-and-Place-SW-HRD5S-SD-F-300x300.webp 300w, https:\/\/swoer.com\/wp-content\/uploads\/2026\/04\/Custom-Delta-Robot-Pick-and-Place-SW-HRD5S-SD-F-150x150.webp 150w, https:\/\/swoer.com\/wp-content\/uploads\/2026\/04\/Custom-Delta-Robot-Pick-and-Place-SW-HRD5S-SD-F-768x768.webp 768w, https:\/\/swoer.com\/wp-content\/uploads\/2026\/04\/Custom-Delta-Robot-Pick-and-Place-SW-HRD5S-SD-F-12x12.webp 12w, https:\/\/swoer.com\/wp-content\/uploads\/2026\/04\/Custom-Delta-Robot-Pick-and-Place-SW-HRD5S-SD-F-600x600.webp 600w, https:\/\/swoer.com\/wp-content\/uploads\/2026\/04\/Custom-Delta-Robot-Pick-and-Place-SW-HRD5S-SD-F-100x100.webp 100w, https:\/\/swoer.com\/wp-content\/uploads\/2026\/04\/Custom-Delta-Robot-Pick-and-Place-SW-HRD5S-SD-F.webp 800w\" sizes=\"(max-width: 300px) 100vw, 300px\" \/><img loading=\"lazy\" decoding=\"async\" width=\"300\" height=\"300\" src=\"https:\/\/swoer.com\/wp-content\/uploads\/2026\/04\/Custom-Delta-Robot-Pick-and-Place-SW-HRD5S-SD-F-300x300.webp\" class=\"show-on-hover absolute fill hide-for-small back-imageshow-on-hover absolute fill hide-for-small back-image hover-zoom\" alt=\"Custom Delta Robot Pick and Place SW-HRD5S-SD-F\" srcset=\"https:\/\/swoer.com\/wp-content\/uploads\/2026\/04\/Custom-Delta-Robot-Pick-and-Place-SW-HRD5S-SD-F-300x300.webp 300w, https:\/\/swoer.com\/wp-content\/uploads\/2026\/04\/Custom-Delta-Robot-Pick-and-Place-SW-HRD5S-SD-F-150x150.webp 150w, https:\/\/swoer.com\/wp-content\/uploads\/2026\/04\/Custom-Delta-Robot-Pick-and-Place-SW-HRD5S-SD-F-768x768.webp 768w, https:\/\/swoer.com\/wp-content\/uploads\/2026\/04\/Custom-Delta-Robot-Pick-and-Place-SW-HRD5S-SD-F-12x12.webp 12w, https:\/\/swoer.com\/wp-content\/uploads\/2026\/04\/Custom-Delta-Robot-Pick-and-Place-SW-HRD5S-SD-F-600x600.webp 600w, https:\/\/swoer.com\/wp-content\/uploads\/2026\/04\/Custom-Delta-Robot-Pick-and-Place-SW-HRD5S-SD-F-100x100.webp 100w, https:\/\/swoer.com\/wp-content\/uploads\/2026\/04\/Custom-Delta-Robot-Pick-and-Place-SW-HRD5S-SD-F.webp 800w\" sizes=\"(max-width: 300px) 100vw, 300px\" \/>\t\t\t\t<\/a>\n\t\t\t<\/div>\n\t\t\t<div class=\"image-tools is-small top right show-on-hover\">\n\t\t\t\t\t\t\t<\/div>\n\t\t\t<div class=\"image-tools is-small hide-for-small bottom left show-on-hover\">\n\t\t\t\t\t\t\t<\/div>\n\t\t\t<div class=\"image-tools grid-tools text-center hide-for-small bottom hover-slide-in show-on-hover\">\n\t\t\t\t  <a class=\"quick-view\" data-prod=\"3882\" href=\"#quick-view\">R\u00fdchle zobrazenie<\/a>\t\t\t<\/div>\n\t\t\t\t\t<\/div>\n\n\t\t<div class=\"box-text box-text-products\">\n\t\t\t<div class=\"title-wrapper\"><p class=\"name product-title woocommerce-loop-product__title\"><a href=\"https:\/\/swoer.com\/sk\/manufacturer\/custom-delta-robot-pick-and-place-sw-hrd5s-sd-f\/\" class=\"woocommerce-LoopProduct-link woocommerce-loop-product__link\">Custom Delta Robot Pick and Place SW-HRD5S-SD-F<\/a><\/p><\/div><div class=\"price-wrapper\">\n<\/div>\t\t<\/div>\n\t<\/div>\n\t\t<\/div>\n<\/div><div class=\"product-small col has-hover product type-product post-3872 status-publish instock product_cat-delta-robots has-post-thumbnail shipping-taxable product-type-simple\">\n\t<div class=\"col-inner\">\n\t\n<div class=\"badge-container absolute left top z-1\">\n\n<\/div>\n\t<div class=\"product-small box\">\n\t\t<div class=\"box-image\">\n\t\t\t<div class=\"image-zoom_in\">\n\t\t\t\t<a href=\"https:\/\/swoer.com\/sk\/manufacturer\/delta-style-robot-manufacturer-sw-hrd5t-ds-f\/\" aria-label=\"Delta Style Robot Manufacturer SW-HRD5T-DS-F\">\n\t\t\t\t\t<img loading=\"lazy\" decoding=\"async\" width=\"300\" height=\"300\" src=\"https:\/\/swoer.com\/wp-content\/uploads\/2026\/04\/Delta-Style-Robot-manufacturer-SW-HRD5T-DS-F-300x300.webp\" class=\"attachment-woocommerce_thumbnail size-woocommerce_thumbnail\" alt=\"Delta Style Robot manufacturer SW-HRD5T-DS-F\" srcset=\"https:\/\/swoer.com\/wp-content\/uploads\/2026\/04\/Delta-Style-Robot-manufacturer-SW-HRD5T-DS-F-300x300.webp 300w, https:\/\/swoer.com\/wp-content\/uploads\/2026\/04\/Delta-Style-Robot-manufacturer-SW-HRD5T-DS-F-150x150.webp 150w, https:\/\/swoer.com\/wp-content\/uploads\/2026\/04\/Delta-Style-Robot-manufacturer-SW-HRD5T-DS-F-768x768.webp 768w, https:\/\/swoer.com\/wp-content\/uploads\/2026\/04\/Delta-Style-Robot-manufacturer-SW-HRD5T-DS-F-12x12.webp 12w, https:\/\/swoer.com\/wp-content\/uploads\/2026\/04\/Delta-Style-Robot-manufacturer-SW-HRD5T-DS-F-600x600.webp 600w, https:\/\/swoer.com\/wp-content\/uploads\/2026\/04\/Delta-Style-Robot-manufacturer-SW-HRD5T-DS-F-100x100.webp 100w, https:\/\/swoer.com\/wp-content\/uploads\/2026\/04\/Delta-Style-Robot-manufacturer-SW-HRD5T-DS-F.webp 800w\" sizes=\"(max-width: 300px) 100vw, 300px\" \/><img loading=\"lazy\" decoding=\"async\" width=\"300\" height=\"300\" src=\"https:\/\/swoer.com\/wp-content\/uploads\/2026\/04\/Delta-Style-Robot-manufacturer-SW-HRD5T-DS-F-300x300.webp\" class=\"show-on-hover absolute fill hide-for-small back-imageshow-on-hover absolute fill hide-for-small back-image hover-zoom\" alt=\"Delta Style Robot manufacturer SW-HRD5T-DS-F\" srcset=\"https:\/\/swoer.com\/wp-content\/uploads\/2026\/04\/Delta-Style-Robot-manufacturer-SW-HRD5T-DS-F-300x300.webp 300w, https:\/\/swoer.com\/wp-content\/uploads\/2026\/04\/Delta-Style-Robot-manufacturer-SW-HRD5T-DS-F-150x150.webp 150w, https:\/\/swoer.com\/wp-content\/uploads\/2026\/04\/Delta-Style-Robot-manufacturer-SW-HRD5T-DS-F-768x768.webp 768w, https:\/\/swoer.com\/wp-content\/uploads\/2026\/04\/Delta-Style-Robot-manufacturer-SW-HRD5T-DS-F-12x12.webp 12w, https:\/\/swoer.com\/wp-content\/uploads\/2026\/04\/Delta-Style-Robot-manufacturer-SW-HRD5T-DS-F-600x600.webp 600w, https:\/\/swoer.com\/wp-content\/uploads\/2026\/04\/Delta-Style-Robot-manufacturer-SW-HRD5T-DS-F-100x100.webp 100w, https:\/\/swoer.com\/wp-content\/uploads\/2026\/04\/Delta-Style-Robot-manufacturer-SW-HRD5T-DS-F.webp 800w\" sizes=\"(max-width: 300px) 100vw, 300px\" \/>\t\t\t\t<\/a>\n\t\t\t<\/div>\n\t\t\t<div class=\"image-tools is-small top right show-on-hover\">\n\t\t\t\t\t\t\t<\/div>\n\t\t\t<div class=\"image-tools is-small hide-for-small bottom left show-on-hover\">\n\t\t\t\t\t\t\t<\/div>\n\t\t\t<div class=\"image-tools grid-tools text-center hide-for-small bottom hover-slide-in show-on-hover\">\n\t\t\t\t  <a class=\"quick-view\" data-prod=\"3872\" href=\"#quick-view\">R\u00fdchle zobrazenie<\/a>\t\t\t<\/div>\n\t\t\t\t\t<\/div>\n\n\t\t<div class=\"box-text box-text-products\">\n\t\t\t<div class=\"title-wrapper\"><p class=\"name product-title woocommerce-loop-product__title\"><a href=\"https:\/\/swoer.com\/sk\/manufacturer\/delta-style-robot-manufacturer-sw-hrd5t-ds-f\/\" class=\"woocommerce-LoopProduct-link woocommerce-loop-product__link\">Delta Style Robot Manufacturer SW-HRD5T-DS-F<\/a><\/p><\/div><div class=\"price-wrapper\">\n<\/div>\t\t<\/div>\n\t<\/div>\n\t\t<\/div>\n<\/div><\/div>","protected":false},"excerpt":{"rendered":"<p>SWOER vyr\u00e1ba flexibiln\u00e9 pod\u00e1va\u010de tak, aby zodpovedali \u0161pecifik\u00e1m dielov a potreb\u00e1m klienta. V\u010faka konkuren\u010dn\u00fdm cen\u00e1m sa na\u0161e syst\u00e9my hladko integruj\u00fa s robotmi a CCD v\u00edziou pre vy\u0161\u0161iu efektivitu. D\u00f4verujte SWOER pre rie\u0161enia, ktor\u00e9 vyhovuj\u00fa va\u0161im po\u017eiadavk\u00e1m a rozpo\u010dtu.<\/p>\n<p>Ak chcete z\u00edska\u0165 ceny flexibiln\u00e9ho k\u0155mneho syst\u00e9mu, kontaktujte n\u00e1s.<\/p>","protected":false},"featured_media":1759,"comment_status":"open","ping_status":"closed","template":"","meta":[],"product_cat":[15],"product_tag":[],"yoast_head":"<!-- This site is optimized with the Yoast SEO plugin v22.2 - https:\/\/yoast.com\/wordpress\/plugins\/seo\/ -->\n<title>Flexible Feeders SW-420 - SWOER<\/title>\n<meta name=\"description\" content=\"SW-420 Flexible Feeder, for sorting large, irregular materials like toy blocks, medical equipment, automotive parts, and special-shaped metal components.\" \/>\n<meta name=\"robots\" content=\"index, follow, max-snippet:-1, max-image-preview:large, max-video-preview:-1\" \/>\n<link rel=\"canonical\" href=\"https:\/\/swoer.com\/sk\/manufacturer\/flexible-feeders-sw-420\/\" \/>\n<meta property=\"og:locale\" content=\"sk_SK\" \/>\n<meta property=\"og:type\" content=\"article\" \/>\n<meta property=\"og:title\" content=\"Flexible Feeders SW-420 - SWOER\" \/>\n<meta property=\"og:description\" content=\"SW-420 Flexible Feeder, for sorting large, irregular materials like toy blocks, medical equipment, automotive parts, and special-shaped metal components.\" \/>\n<meta property=\"og:url\" content=\"https:\/\/swoer.com\/sk\/manufacturer\/flexible-feeders-sw-420\/\" \/>\n<meta property=\"og:site_name\" content=\"SWOER\" \/>\n<meta property=\"article:modified_time\" content=\"2025-02-07T08:48:14+00:00\" \/>\n<meta property=\"og:image\" content=\"https:\/\/swoer.com\/wp-content\/uploads\/2024\/03\/flexible-feeders-SW-420.webp\" \/>\n\t<meta property=\"og:image:width\" content=\"1000\" \/>\n\t<meta property=\"og:image:height\" content=\"1000\" \/>\n\t<meta property=\"og:image:type\" content=\"image\/webp\" \/>\n<meta name=\"twitter:card\" content=\"summary_large_image\" \/>\n<meta name=\"twitter:label1\" content=\"Predpokladan\u00fd \u010das \u010d\u00edtania\" \/>\n\t<meta name=\"twitter:data1\" content=\"1 min\u00fata\" \/>\n<script type=\"application\/ld+json\" class=\"yoast-schema-graph\">{\"@context\":\"https:\/\/schema.org\",\"@graph\":[{\"@type\":\"WebPage\",\"@id\":\"https:\/\/swoer.com\/manufacturer\/flexible-feeders-sw-420\/\",\"url\":\"https:\/\/swoer.com\/manufacturer\/flexible-feeders-sw-420\/\",\"name\":\"Flexible Feeders SW-420 - SWOER\",\"isPartOf\":{\"@id\":\"https:\/\/swoer.com\/#website\"},\"primaryImageOfPage\":{\"@id\":\"https:\/\/swoer.com\/manufacturer\/flexible-feeders-sw-420\/#primaryimage\"},\"image\":{\"@id\":\"https:\/\/swoer.com\/manufacturer\/flexible-feeders-sw-420\/#primaryimage\"},\"thumbnailUrl\":\"https:\/\/swoer.com\/wp-content\/uploads\/2024\/03\/flexible-feeders-SW-420.webp\",\"datePublished\":\"2024-03-30T06:54:42+00:00\",\"dateModified\":\"2025-02-07T08:48:14+00:00\",\"description\":\"SW-420 Flexible Feeder, for sorting large, irregular materials like toy blocks, medical equipment, automotive parts, and special-shaped metal components.\",\"breadcrumb\":{\"@id\":\"https:\/\/swoer.com\/manufacturer\/flexible-feeders-sw-420\/#breadcrumb\"},\"inLanguage\":\"sk-SK\",\"potentialAction\":[{\"@type\":\"ReadAction\",\"target\":[\"https:\/\/swoer.com\/manufacturer\/flexible-feeders-sw-420\/\"]}]},{\"@type\":\"ImageObject\",\"inLanguage\":\"sk-SK\",\"@id\":\"https:\/\/swoer.com\/manufacturer\/flexible-feeders-sw-420\/#primaryimage\",\"url\":\"https:\/\/swoer.com\/wp-content\/uploads\/2024\/03\/flexible-feeders-SW-420.webp\",\"contentUrl\":\"https:\/\/swoer.com\/wp-content\/uploads\/2024\/03\/flexible-feeders-SW-420.webp\",\"width\":1000,\"height\":1000,\"caption\":\"flexible feeders SW-420\"},{\"@type\":\"BreadcrumbList\",\"@id\":\"https:\/\/swoer.com\/manufacturer\/flexible-feeders-sw-420\/#breadcrumb\",\"itemListElement\":[{\"@type\":\"ListItem\",\"position\":1,\"name\":\"Home\",\"item\":\"https:\/\/swoer.com\/\"},{\"@type\":\"ListItem\",\"position\":2,\"name\":\"Shop\",\"item\":\"https:\/\/swoer.com\/shop\/\"},{\"@type\":\"ListItem\",\"position\":3,\"name\":\"Flexible Feeders SW-420\"}]},{\"@type\":\"WebSite\",\"@id\":\"https:\/\/swoer.com\/#website\",\"url\":\"https:\/\/swoer.com\/\",\"name\":\"SWOER\",\"description\":\"Swoer is the top 3 vibratory bowl feeder manufacturer in China\",\"potentialAction\":[{\"@type\":\"SearchAction\",\"target\":{\"@type\":\"EntryPoint\",\"urlTemplate\":\"https:\/\/swoer.com\/?s={search_term_string}\"},\"query-input\":\"required name=search_term_string\"}],\"inLanguage\":\"sk-SK\"}]}<\/script>\n<!-- \/ Yoast SEO plugin. -->","yoast_head_json":{"title":"Flexible Feeders SW-420 - SWOER","description":"SW-420 Flexible Feeder, for sorting large, irregular materials like toy blocks, medical equipment, automotive parts, and special-shaped metal components.","robots":{"index":"index","follow":"follow","max-snippet":"max-snippet:-1","max-image-preview":"max-image-preview:large","max-video-preview":"max-video-preview:-1"},"canonical":"https:\/\/swoer.com\/sk\/manufacturer\/flexible-feeders-sw-420\/","og_locale":"sk_SK","og_type":"article","og_title":"Flexible Feeders SW-420 - SWOER","og_description":"SW-420 Flexible Feeder, for sorting large, irregular materials like toy blocks, medical equipment, automotive parts, and special-shaped metal components.","og_url":"https:\/\/swoer.com\/sk\/manufacturer\/flexible-feeders-sw-420\/","og_site_name":"SWOER","article_modified_time":"2025-02-07T08:48:14+00:00","og_image":[{"width":1000,"height":1000,"url":"https:\/\/swoer.com\/wp-content\/uploads\/2024\/03\/flexible-feeders-SW-420.webp","type":"image\/webp"}],"twitter_card":"summary_large_image","twitter_misc":{"Predpokladan\u00fd \u010das \u010d\u00edtania":"1 min\u00fata"},"schema":{"@context":"https:\/\/schema.org","@graph":[{"@type":"WebPage","@id":"https:\/\/swoer.com\/manufacturer\/flexible-feeders-sw-420\/","url":"https:\/\/swoer.com\/manufacturer\/flexible-feeders-sw-420\/","name":"Flexible Feeders SW-420 - SWOER","isPartOf":{"@id":"https:\/\/swoer.com\/#website"},"primaryImageOfPage":{"@id":"https:\/\/swoer.com\/manufacturer\/flexible-feeders-sw-420\/#primaryimage"},"image":{"@id":"https:\/\/swoer.com\/manufacturer\/flexible-feeders-sw-420\/#primaryimage"},"thumbnailUrl":"https:\/\/swoer.com\/wp-content\/uploads\/2024\/03\/flexible-feeders-SW-420.webp","datePublished":"2024-03-30T06:54:42+00:00","dateModified":"2025-02-07T08:48:14+00:00","description":"SW-420 Flexible Feeder, for sorting large, irregular materials like toy blocks, medical equipment, automotive parts, and special-shaped metal components.","breadcrumb":{"@id":"https:\/\/swoer.com\/manufacturer\/flexible-feeders-sw-420\/#breadcrumb"},"inLanguage":"sk-SK","potentialAction":[{"@type":"ReadAction","target":["https:\/\/swoer.com\/manufacturer\/flexible-feeders-sw-420\/"]}]},{"@type":"ImageObject","inLanguage":"sk-SK","@id":"https:\/\/swoer.com\/manufacturer\/flexible-feeders-sw-420\/#primaryimage","url":"https:\/\/swoer.com\/wp-content\/uploads\/2024\/03\/flexible-feeders-SW-420.webp","contentUrl":"https:\/\/swoer.com\/wp-content\/uploads\/2024\/03\/flexible-feeders-SW-420.webp","width":1000,"height":1000,"caption":"flexible feeders SW-420"},{"@type":"BreadcrumbList","@id":"https:\/\/swoer.com\/manufacturer\/flexible-feeders-sw-420\/#breadcrumb","itemListElement":[{"@type":"ListItem","position":1,"name":"Home","item":"https:\/\/swoer.com\/"},{"@type":"ListItem","position":2,"name":"Shop","item":"https:\/\/swoer.com\/shop\/"},{"@type":"ListItem","position":3,"name":"Flexible Feeders SW-420"}]},{"@type":"WebSite","@id":"https:\/\/swoer.com\/#website","url":"https:\/\/swoer.com\/","name":"SWOER","description":"Swoer is the top 3 vibratory bowl feeder manufacturer in China","potentialAction":[{"@type":"SearchAction","target":{"@type":"EntryPoint","urlTemplate":"https:\/\/swoer.com\/?s={search_term_string}"},"query-input":"required name=search_term_string"}],"inLanguage":"sk-SK"}]}},"_links":{"self":[{"href":"https:\/\/swoer.com\/sk\/wp-json\/wp\/v2\/product\/1758"}],"collection":[{"href":"https:\/\/swoer.com\/sk\/wp-json\/wp\/v2\/product"}],"about":[{"href":"https:\/\/swoer.com\/sk\/wp-json\/wp\/v2\/types\/product"}],"replies":[{"embeddable":true,"href":"https:\/\/swoer.com\/sk\/wp-json\/wp\/v2\/comments?post=1758"}],"wp:featuredmedia":[{"embeddable":true,"href":"https:\/\/swoer.com\/sk\/wp-json\/wp\/v2\/media\/1759"}],"wp:attachment":[{"href":"https:\/\/swoer.com\/sk\/wp-json\/wp\/v2\/media?parent=1758"}],"wp:term":[{"taxonomy":"product_cat","embeddable":true,"href":"https:\/\/swoer.com\/sk\/wp-json\/wp\/v2\/product_cat?post=1758"},{"taxonomy":"product_tag","embeddable":true,"href":"https:\/\/swoer.com\/sk\/wp-json\/wp\/v2\/product_tag?post=1758"}],"curies":[{"name":"wp","href":"https:\/\/api.w.org\/{rel}","templated":true}]}}