{"id":1738,"date":"2024-03-30T03:53:19","date_gmt":"2024-03-30T03:53:19","guid":{"rendered":"https:\/\/lightgrey-porpoise-816575.hostingersite.com\/?post_type=product&#038;p=1738"},"modified":"2024-08-01T14:20:13","modified_gmt":"2024-08-01T06:20:13","slug":"three-tracks-vibratory-parts-feeder-for-white-caps","status":"publish","type":"product","link":"https:\/\/swoer.com\/sk\/manufacturer\/three-tracks-vibratory-parts-feeder-for-white-caps\/","title":{"rendered":"Trojstop\u00fd vibra\u010dn\u00fd pod\u00e1va\u010d dielov pre biele \u010diapky"},"content":{"rendered":"<p>V SWOER sa \u0161pecializujeme na prisp\u00f4sobenie trojstop\u00fdch vibra\u010dn\u00fdch pod\u00e1va\u010dov dielov tak, aby zodpovedali presn\u00fdm charakteristik\u00e1m dielov a \u0161pecifick\u00fdm po\u017eiadavk\u00e1m na\u0161ich klientov. Na\u0161e prisp\u00f4soben\u00e9 rie\u0161enia zais\u0165uj\u00fa optim\u00e1lny v\u00fdkon a presnos\u0165 pri manipul\u00e1cii s bielymi uz\u00e1vermi a podobn\u00fdmi komponentmi.<\/p>\n<p>Okrem toho poskytujeme konkuren\u010dn\u00e9 v\u00fdrobn\u00e9 ceny, ktor\u00e9 zaru\u010duj\u00fa cenov\u00fa dostupnos\u0165 pri zachovan\u00ed \u0161tandardov vysokej kvality. D\u00f4verujte SWOER pre prisp\u00f4soben\u00e9 vibra\u010dn\u00e9 pod\u00e1va\u010de dielov, ktor\u00e9 dokonale zodpovedaj\u00fa va\u0161im potreb\u00e1m a rozpo\u010dtov\u00fdm obmedzeniam.<\/p>\n\t<div id=\"gap-618377405\" class=\"gap-element clearfix\" style=\"display:block; height:auto;\">\n\t\t\n<style>\n#gap-618377405 {\n  padding-top: 30px;\n}\n<\/style>\n\t<\/div>\n\t\n<h2>Parameter pod\u00e1va\u010da misky:<\/h2>\n<table width=\"684\">\n<tbody>\n<tr>\n<td width=\"183\">Meno Produktu<\/td>\n<td width=\"501\">Trojstop\u00fd vibra\u010dn\u00fd pod\u00e1va\u010d dielov pre biele \u010diapky<\/td>\n<\/tr>\n<tr>\n<td>Materi\u00e1l<\/td>\n<td>\u00a0SUS201\/304<\/td>\n<\/tr>\n<tr>\n<td>\u0160pecialita materi\u00e1lu<\/td>\n<td>Zliatina na kovanie za studena, vysok\u00e1 pevnos\u0165, vysok\u00e1 tvrdos\u0165<\/td>\n<\/tr>\n<tr>\n<td>Nap\u00e4tie<\/td>\n<td>220V<\/td>\n<\/tr>\n<tr>\n<td>Moc<\/td>\n<td>65W \/150W \/180W \/ 220W \/ 350W<\/td>\n<\/tr>\n<tr>\n<td>Overenie<\/td>\n<td>CE, ROHS, ISO9001<\/td>\n<\/tr>\n<tr>\n<td>Z\u00e1ruka<\/td>\n<td>1 ro\u010dn\u00e1 z\u00e1ruka<\/td>\n<\/tr>\n<tr>\n<td>MOQ<\/td>\n<td>1 sada<\/td>\n<\/tr>\n<tr>\n<td>Dodacia lehota<\/td>\n<td>10-14 dn\u00ed<\/td>\n<\/tr>\n<tr>\n<td>Lehota splatnosti<\/td>\n<td>T\/T 40% Z\u00e1loha a zostatok pred odoslan\u00edm<\/td>\n<\/tr>\n<tr>\n<td>Origin\u00e1l miesta<\/td>\n<td>\u010c\u00edna<\/td>\n<\/tr>\n<\/tbody>\n<\/table>\n\t<div id=\"gap-1692272495\" class=\"gap-element clearfix\" style=\"display:block; height:auto;\">\n\t\t\n<style>\n#gap-1692272495 {\n  padding-top: 30px;\n}\n<\/style>\n\t<\/div>\n\t\n<h2>Podrobnosti o bielej \u010diapo\u010dke:<\/h2>\n\t<div class=\"img has-hover x md-x lg-x y md-y lg-y\" id=\"image_1089132130\">\n\t\t\t\t\t\t\t\t<div class=\"img-inner dark\" >\n\t\t\t<img loading=\"lazy\" decoding=\"async\" width=\"104\" height=\"150\" src=\"https:\/\/swoer.com\/wp-content\/uploads\/2024\/03\/white-cap-detail-104x150.webp\" class=\"attachment-thumbnail size-thumbnail\" alt=\"detail bielej \u010diapky\" \/>\t\t\t\t\t\t\n\t\t\t\t\t<\/div>\n\t\t\t\t\t\t\t\t\n<style>\n#image_1089132130 {\n  width: 25%;\n}\n<\/style>\n\t<\/div>\n\t\n\t<div id=\"gap-430378390\" class=\"gap-element clearfix\" style=\"display:block; height:auto;\">\n\t\t\n<style>\n#gap-430378390 {\n  padding-top: 30px;\n}\n<\/style>\n\t<\/div>\n\t\n<h3><strong>Poskytnite n\u00e1m nasleduj\u00face podrobnosti pre va\u0161e po\u017eiadavky:<\/strong><\/h3>\n<ul>\n<li><strong>Podrobnosti komponentu<\/strong>: Obr\u00e1zky, rozmery a, ak s\u00fa k dispoz\u00edcii, 3D v\u00fdkresy komponentov.<\/li>\n<li><strong>Po\u017eadovan\u00e1 r\u00fdchlos\u0165<\/strong>: Po\u010det kusov za min\u00fatu (napr. 30 ks\/min).<\/li>\n<li><strong>Oto\u010dn\u00e1 orient\u00e1cia<\/strong>: Mal by sa pod\u00e1va\u010d ot\u00e1\u010da\u0165 v smere alebo proti smeru hodinov\u00fdch ru\u010di\u010diek?<\/li>\n<li><strong>Orient\u00e1cia k\u0155menia<\/strong>: Po\u017eadovan\u00e1 orient\u00e1cia komponentov po\u010das pod\u00e1vania.<\/li>\n<li><strong>Dodato\u010dn\u00e9 vybavenie<\/strong>: Potrebujete line\u00e1rny pod\u00e1va\u010d, z\u00e1kladov\u00fa dosku alebo n\u00e1sypku?<\/li>\n<\/ul>\n<p>Na z\u00e1klade t\u00fdchto inform\u00e1ci\u00ed okam\u017eite pos\u00fadime va\u0161e potreby a vypracujeme cenov\u00fa ponuku na mieru.<\/p>\n\t<div id=\"gap-1381161662\" class=\"gap-element clearfix\" style=\"display:block; height:auto;\">\n\t\t\n<style>\n#gap-1381161662 {\n  padding-top: 30px;\n}\n<\/style>\n\t<\/div>\n\t\n<h2 style=\"text-align: center;\">Kontaktuj n\u00e1s<\/h2>\n\n<div class=\"wpcf7 no-js\" id=\"wpcf7-f5-o1\" lang=\"en-US\" dir=\"ltr\">\n<div class=\"screen-reader-response\"><p role=\"status\" aria-live=\"polite\" aria-atomic=\"true\"><\/p> <ul><\/ul><\/div>\n<form action=\"\/sk\/wp-json\/wp\/v2\/product\/1738#wpcf7-f5-o1\" method=\"post\" class=\"wpcf7-form init\" aria-label=\"Kontaktn\u00fd formul\u00e1r\" novalidate=\"novalidate\" data-status=\"init\" data-trp-original-action=\"\/sk\/wp-json\/wp\/v2\/product\/1738#wpcf7-f5-o1\">\n<div style=\"display: none;\">\n<input type=\"hidden\" name=\"_wpcf7\" value=\"5\" \/>\n<input type=\"hidden\" name=\"_wpcf7_version\" value=\"5.9.2\" \/>\n<input type=\"hidden\" name=\"_wpcf7_locale\" value=\"en_US\" \/>\n<input type=\"hidden\" name=\"_wpcf7_unit_tag\" value=\"wpcf7-f5-o1\" \/>\n<input type=\"hidden\" name=\"_wpcf7_container_post\" value=\"0\" \/>\n<input type=\"hidden\" name=\"_wpcf7_posted_data_hash\" value=\"\" \/>\n<\/div>\n<div class='custom_contact_style'>\n\t<p><label> Tvoje meno<br \/>\n<span class=\"wpcf7-form-control-wrap\" data-name=\"your-name\"><input size=\"40\" class=\"wpcf7-form-control wpcf7-text wpcf7-validates-as-required\" autocomplete=\"name\" aria-required=\"true\" aria-invalid=\"false\" value=\"\" type=\"text\" name=\"your-name\" \/><\/span> <\/label>\n\t<\/p>\n\t<p><label> Tvoj email<br \/>\n<span class=\"wpcf7-form-control-wrap\" data-name=\"your-email\"><input size=\"40\" class=\"wpcf7-form-control wpcf7-email wpcf7-validates-as-required wpcf7-text wpcf7-validates-as-email\" autocomplete=\"email\" aria-required=\"true\" aria-invalid=\"false\" value=\"\" type=\"email\" name=\"your-email\" \/><\/span> <\/label>\n\t<\/p>\n\t<p><label> Va\u0161a spr\u00e1va (volite\u013en\u00e9)<br \/>\n<span class=\"wpcf7-form-control-wrap\" data-name=\"your-message\"><textarea cols=\"40\" rows=\"10\" class=\"wpcf7-form-control wpcf7-textarea\" aria-invalid=\"false\" name=\"your-message\"><\/textarea><\/span> <\/label>\n\t<\/p>\n\t<div style=\"margin-bottom:10px;\">\n\t\t<p><span class=\"wpcf7-form-control-wrap kc_captcha cf7ic-toggle\" data-name=\"kc_captcha\"><span class=\"wpcf7-form-control wpcf7-radio\"><span class=\"captcha-image\" style=\"display: none;\"><span class=\"cf7ic_instructions\">Dok\u00e1\u017ete, \u017ee ste \u010dlovek, v\u00fdberom polo\u017eky<span> flag<\/span>.<\/span><label><input aria-label=\"1\" type=\"radio\" name=\"kc_captcha\" value=\"bot\" \/><svg aria-hidden=\"true\" role=\"img\" xmlns=\"http:\/\/www.w3.org\/2000\/svg\" viewbox=\"0 0 512 512\"><path fill=\"currentColor\" d=\"M500 168h-55l-8-21a127 127 0 00-120-83H195a127 127 0 00-120 83l-8 21H12c-8 0-14 8-11 16l8 24a12 12 0 0011 8h29a64 64 0 00-33 56v48c0 16 6 31 16 42v62c0 13 11 24 24 24h48c13 0 24-11 24-24v-40h256v40c0 13 11 24 24 24h48c13 0 24-11 24-24v-62c10-11 16-26 16-42v-48c0-24-13-45-33-56h29a12 12 0 0011-8l8-24c3-8-3-16-11-16zm-365 2c9-25 33-42 60-42h122c27 0 51 17 60 42l15 38H120l15-38zM88 328a32 32 0 010-64c18 0 48 30 48 48s-30 16-48 16zm336 0c-18 0-48 2-48-16s30-48 48-48 32 14 32 32-14 32-32 32z\"\/><\/svg><\/label><label><input aria-label=\"2\" type=\"radio\" name=\"kc_captcha\" value=\"kc_human\" \/><svg aria-hidden=\"true\" role=\"img\" xmlns=\"http:\/\/www.w3.org\/2000\/svg\" viewbox=\"0 0 512 512\"><path fill=\"currentColor\" d=\"M350 99c-54 0-98-35-166-35-25 0-47 4-68 12a56 56 0 004-24C118 24 95 1 66 0a56 56 0 00-34 102v386c0 13 11 24 24 24h16c13 0 24-11 24-24v-94c28-12 64-23 114-23 54 0 98 35 166 35 48 0 86-16 122-41 9-6 14-15 14-26V96c0-23-24-39-45-29-35 16-77 32-117 32z\"\/><\/svg><\/label><label><input aria-label=\"3\" type=\"radio\" name=\"kc_captcha\" value=\"bot\" \/><svg aria-hidden=\"true\" role=\"img\" xmlns=\"http:\/\/www.w3.org\/2000\/svg\" viewbox=\"0 0 576 512\"><path fill=\"currentColor\" d=\"M472 200H360L256 6a12 12 0 00-10-6h-58c-8 0-14 7-12 15l34 185H100l-35-58a12 12 0 00-10-6H12c-8 0-13 7-12 14l21 106L0 362c-1 7 4 14 12 14h43c4 0 8-2 10-6l35-58h110l-34 185c-2 8 4 15 12 15h58a12 12 0 0010-6l104-194h112c57 0 104-25 104-56s-47-56-104-56z\"\/><\/svg><\/label>\r\n    <\/span>\r\n    <span style=\"display:none\">\r\n        <input type=\"text\" name=\"kc_honeypot\">\r\n    <\/span><\/span><\/span>\n\t\t<\/p>\n\t<\/div>\n\t<p><input class=\"wpcf7-form-control wpcf7-submit has-spinner\" type=\"submit\" value=\"Predlo\u017ei\u0165\" \/>\n\t<\/p>\n<\/div><div class=\"wpcf7-response-output\" aria-hidden=\"true\"><\/div>\n<input type=\"hidden\" name=\"trp-form-language\" value=\"sk\"\/><\/form>\n<\/div>","protected":false},"excerpt":{"rendered":"<p>SWOER sa \u0161pecializuje na prisp\u00f4sobenie trojstop\u00fdch vibra\u010dn\u00fdch pod\u00e1va\u010dov dielov tak, aby zodpovedali charakteristik\u00e1m dielov a po\u017eiadavk\u00e1m klienta, to v\u0161etko za konkuren\u010dn\u00e9 v\u00fdrobn\u00e9 ceny.<\/p>\n<p>Ak chcete z\u00edska\u0165 ceny miskov\u00fdch pod\u00e1va\u010dov, kontaktujte n\u00e1s.<\/p>","protected":false},"featured_media":1739,"comment_status":"open","ping_status":"closed","template":"","meta":[],"product_cat":[37],"product_tag":[],"yoast_head":"<!-- This site is optimized with the Yoast SEO plugin v22.2 - https:\/\/yoast.com\/wordpress\/plugins\/seo\/ -->\n<title>Three Tracks Vibratory Parts Feeder for White Caps - SWOER<\/title>\n<meta name=\"description\" content=\"Three Tracks Vibratory Parts Feeder for white caps. Custom solutions, fast delivery, and CE\/UL-certified quality. Optimize your production with SWOER today.\" \/>\n<meta name=\"robots\" content=\"index, follow, max-snippet:-1, max-image-preview:large, max-video-preview:-1\" \/>\n<link rel=\"canonical\" href=\"https:\/\/swoer.com\/sk\/manufacturer\/three-tracks-vibratory-parts-feeder-for-white-caps\/\" \/>\n<meta property=\"og:locale\" content=\"sk_SK\" \/>\n<meta property=\"og:type\" content=\"article\" \/>\n<meta property=\"og:title\" content=\"Three Tracks Vibratory Parts Feeder for White Caps - SWOER\" \/>\n<meta property=\"og:description\" content=\"Three Tracks Vibratory Parts Feeder for white caps. Custom solutions, fast delivery, and CE\/UL-certified quality. Optimize your production with SWOER today.\" \/>\n<meta property=\"og:url\" content=\"https:\/\/swoer.com\/sk\/manufacturer\/three-tracks-vibratory-parts-feeder-for-white-caps\/\" \/>\n<meta property=\"og:site_name\" content=\"SWOER\" \/>\n<meta property=\"article:modified_time\" content=\"2024-08-01T06:20:13+00:00\" \/>\n<meta property=\"og:image\" content=\"https:\/\/swoer.com\/wp-content\/uploads\/2024\/03\/three-tracks-vibratory-parts-feeder-for-white-caps.webp\" \/>\n\t<meta property=\"og:image:width\" content=\"1000\" \/>\n\t<meta property=\"og:image:height\" content=\"1000\" \/>\n\t<meta property=\"og:image:type\" content=\"image\/webp\" \/>\n<meta name=\"twitter:card\" content=\"summary_large_image\" \/>\n<meta name=\"twitter:label1\" content=\"Predpokladan\u00fd \u010das \u010d\u00edtania\" \/>\n\t<meta name=\"twitter:data1\" content=\"2 min\u00faty\" \/>\n<script type=\"application\/ld+json\" class=\"yoast-schema-graph\">{\"@context\":\"https:\/\/schema.org\",\"@graph\":[{\"@type\":\"WebPage\",\"@id\":\"https:\/\/swoer.com\/manufacturer\/three-tracks-vibratory-parts-feeder-for-white-caps\/\",\"url\":\"https:\/\/swoer.com\/manufacturer\/three-tracks-vibratory-parts-feeder-for-white-caps\/\",\"name\":\"Three Tracks Vibratory Parts Feeder for White Caps - SWOER\",\"isPartOf\":{\"@id\":\"https:\/\/swoer.com\/#website\"},\"primaryImageOfPage\":{\"@id\":\"https:\/\/swoer.com\/manufacturer\/three-tracks-vibratory-parts-feeder-for-white-caps\/#primaryimage\"},\"image\":{\"@id\":\"https:\/\/swoer.com\/manufacturer\/three-tracks-vibratory-parts-feeder-for-white-caps\/#primaryimage\"},\"thumbnailUrl\":\"https:\/\/swoer.com\/wp-content\/uploads\/2024\/03\/three-tracks-vibratory-parts-feeder-for-white-caps.webp\",\"datePublished\":\"2024-03-30T03:53:19+00:00\",\"dateModified\":\"2024-08-01T06:20:13+00:00\",\"description\":\"Three Tracks Vibratory Parts Feeder for white caps. Custom solutions, fast delivery, and CE\/UL-certified quality. Optimize your production with SWOER today.\",\"breadcrumb\":{\"@id\":\"https:\/\/swoer.com\/manufacturer\/three-tracks-vibratory-parts-feeder-for-white-caps\/#breadcrumb\"},\"inLanguage\":\"sk-SK\",\"potentialAction\":[{\"@type\":\"ReadAction\",\"target\":[\"https:\/\/swoer.com\/manufacturer\/three-tracks-vibratory-parts-feeder-for-white-caps\/\"]}]},{\"@type\":\"ImageObject\",\"inLanguage\":\"sk-SK\",\"@id\":\"https:\/\/swoer.com\/manufacturer\/three-tracks-vibratory-parts-feeder-for-white-caps\/#primaryimage\",\"url\":\"https:\/\/swoer.com\/wp-content\/uploads\/2024\/03\/three-tracks-vibratory-parts-feeder-for-white-caps.webp\",\"contentUrl\":\"https:\/\/swoer.com\/wp-content\/uploads\/2024\/03\/three-tracks-vibratory-parts-feeder-for-white-caps.webp\",\"width\":1000,\"height\":1000,\"caption\":\"three tracks vibratory parts feeder for white caps\"},{\"@type\":\"BreadcrumbList\",\"@id\":\"https:\/\/swoer.com\/manufacturer\/three-tracks-vibratory-parts-feeder-for-white-caps\/#breadcrumb\",\"itemListElement\":[{\"@type\":\"ListItem\",\"position\":1,\"name\":\"Home\",\"item\":\"https:\/\/swoer.com\/\"},{\"@type\":\"ListItem\",\"position\":2,\"name\":\"Shop\",\"item\":\"https:\/\/swoer.com\/shop\/\"},{\"@type\":\"ListItem\",\"position\":3,\"name\":\"Three Tracks Vibratory Parts Feeder for White Caps\"}]},{\"@type\":\"WebSite\",\"@id\":\"https:\/\/swoer.com\/#website\",\"url\":\"https:\/\/swoer.com\/\",\"name\":\"SWOER\",\"description\":\"Swoer is the top 3 vibratory bowl feeder manufacturer in China\",\"potentialAction\":[{\"@type\":\"SearchAction\",\"target\":{\"@type\":\"EntryPoint\",\"urlTemplate\":\"https:\/\/swoer.com\/?s={search_term_string}\"},\"query-input\":\"required name=search_term_string\"}],\"inLanguage\":\"sk-SK\"}]}<\/script>\n<!-- \/ Yoast SEO plugin. -->","yoast_head_json":{"title":"Three Tracks Vibratory Parts Feeder for White Caps - SWOER","description":"Three Tracks Vibratory Parts Feeder for white caps. Custom solutions, fast delivery, and CE\/UL-certified quality. Optimize your production with SWOER today.","robots":{"index":"index","follow":"follow","max-snippet":"max-snippet:-1","max-image-preview":"max-image-preview:large","max-video-preview":"max-video-preview:-1"},"canonical":"https:\/\/swoer.com\/sk\/manufacturer\/three-tracks-vibratory-parts-feeder-for-white-caps\/","og_locale":"sk_SK","og_type":"article","og_title":"Three Tracks Vibratory Parts Feeder for White Caps - SWOER","og_description":"Three Tracks Vibratory Parts Feeder for white caps. Custom solutions, fast delivery, and CE\/UL-certified quality. Optimize your production with SWOER today.","og_url":"https:\/\/swoer.com\/sk\/manufacturer\/three-tracks-vibratory-parts-feeder-for-white-caps\/","og_site_name":"SWOER","article_modified_time":"2024-08-01T06:20:13+00:00","og_image":[{"width":1000,"height":1000,"url":"https:\/\/swoer.com\/wp-content\/uploads\/2024\/03\/three-tracks-vibratory-parts-feeder-for-white-caps.webp","type":"image\/webp"}],"twitter_card":"summary_large_image","twitter_misc":{"Predpokladan\u00fd \u010das \u010d\u00edtania":"2 min\u00faty"},"schema":{"@context":"https:\/\/schema.org","@graph":[{"@type":"WebPage","@id":"https:\/\/swoer.com\/manufacturer\/three-tracks-vibratory-parts-feeder-for-white-caps\/","url":"https:\/\/swoer.com\/manufacturer\/three-tracks-vibratory-parts-feeder-for-white-caps\/","name":"Three Tracks Vibratory Parts Feeder for White Caps - SWOER","isPartOf":{"@id":"https:\/\/swoer.com\/#website"},"primaryImageOfPage":{"@id":"https:\/\/swoer.com\/manufacturer\/three-tracks-vibratory-parts-feeder-for-white-caps\/#primaryimage"},"image":{"@id":"https:\/\/swoer.com\/manufacturer\/three-tracks-vibratory-parts-feeder-for-white-caps\/#primaryimage"},"thumbnailUrl":"https:\/\/swoer.com\/wp-content\/uploads\/2024\/03\/three-tracks-vibratory-parts-feeder-for-white-caps.webp","datePublished":"2024-03-30T03:53:19+00:00","dateModified":"2024-08-01T06:20:13+00:00","description":"Three Tracks Vibratory Parts Feeder for white caps. Custom solutions, fast delivery, and CE\/UL-certified quality. Optimize your production with SWOER today.","breadcrumb":{"@id":"https:\/\/swoer.com\/manufacturer\/three-tracks-vibratory-parts-feeder-for-white-caps\/#breadcrumb"},"inLanguage":"sk-SK","potentialAction":[{"@type":"ReadAction","target":["https:\/\/swoer.com\/manufacturer\/three-tracks-vibratory-parts-feeder-for-white-caps\/"]}]},{"@type":"ImageObject","inLanguage":"sk-SK","@id":"https:\/\/swoer.com\/manufacturer\/three-tracks-vibratory-parts-feeder-for-white-caps\/#primaryimage","url":"https:\/\/swoer.com\/wp-content\/uploads\/2024\/03\/three-tracks-vibratory-parts-feeder-for-white-caps.webp","contentUrl":"https:\/\/swoer.com\/wp-content\/uploads\/2024\/03\/three-tracks-vibratory-parts-feeder-for-white-caps.webp","width":1000,"height":1000,"caption":"three tracks vibratory parts feeder for white caps"},{"@type":"BreadcrumbList","@id":"https:\/\/swoer.com\/manufacturer\/three-tracks-vibratory-parts-feeder-for-white-caps\/#breadcrumb","itemListElement":[{"@type":"ListItem","position":1,"name":"Home","item":"https:\/\/swoer.com\/"},{"@type":"ListItem","position":2,"name":"Shop","item":"https:\/\/swoer.com\/shop\/"},{"@type":"ListItem","position":3,"name":"Three Tracks Vibratory Parts Feeder for White Caps"}]},{"@type":"WebSite","@id":"https:\/\/swoer.com\/#website","url":"https:\/\/swoer.com\/","name":"SWOER","description":"Swoer is the top 3 vibratory bowl feeder manufacturer in China","potentialAction":[{"@type":"SearchAction","target":{"@type":"EntryPoint","urlTemplate":"https:\/\/swoer.com\/?s={search_term_string}"},"query-input":"required name=search_term_string"}],"inLanguage":"sk-SK"}]}},"_links":{"self":[{"href":"https:\/\/swoer.com\/sk\/wp-json\/wp\/v2\/product\/1738"}],"collection":[{"href":"https:\/\/swoer.com\/sk\/wp-json\/wp\/v2\/product"}],"about":[{"href":"https:\/\/swoer.com\/sk\/wp-json\/wp\/v2\/types\/product"}],"replies":[{"embeddable":true,"href":"https:\/\/swoer.com\/sk\/wp-json\/wp\/v2\/comments?post=1738"}],"wp:featuredmedia":[{"embeddable":true,"href":"https:\/\/swoer.com\/sk\/wp-json\/wp\/v2\/media\/1739"}],"wp:attachment":[{"href":"https:\/\/swoer.com\/sk\/wp-json\/wp\/v2\/media?parent=1738"}],"wp:term":[{"taxonomy":"product_cat","embeddable":true,"href":"https:\/\/swoer.com\/sk\/wp-json\/wp\/v2\/product_cat?post=1738"},{"taxonomy":"product_tag","embeddable":true,"href":"https:\/\/swoer.com\/sk\/wp-json\/wp\/v2\/product_tag?post=1738"}],"curies":[{"name":"wp","href":"https:\/\/api.w.org\/{rel}","templated":true}]}}