{"id":1664,"date":"2024-03-28T00:26:35","date_gmt":"2024-03-28T00:26:35","guid":{"rendered":"https:\/\/lightgrey-porpoise-816575.hostingersite.com\/?post_type=product&#038;p=1664"},"modified":"2024-08-01T10:13:43","modified_gmt":"2024-08-01T02:13:43","slug":"metal-part-vibratory-bowl-feeder","status":"publish","type":"product","link":"https:\/\/swoer.com\/sk\/manufacturer\/metal-part-vibratory-bowl-feeder\/","title":{"rendered":"Dvojstop\u00fd vibra\u010dn\u00fd miskov\u00fd pod\u00e1va\u010d pre kovov\u00e9 \u010dasti"},"content":{"rendered":"<p>Vibra\u010dn\u00fd miskov\u00fd pod\u00e1va\u010d kovov\u00fdch dielov je prec\u00edzne skon\u0161truovan\u00e9 zariadenie pou\u017e\u00edvan\u00e9 v priemyselnej automatiz\u00e1cii na triedenie, orient\u00e1ciu a pod\u00e1vanie kovov\u00fdch komponentov. Vyu\u017e\u00edva vibr\u00e1cie na pohyb a orient\u00e1ciu dielov v kruhovej miske, \u010do u\u013eah\u010duje hladk\u00fd a efekt\u00edvny proces pod\u00e1vania pre mont\u00e1\u017ene alebo v\u00fdrobn\u00e9 linky. Tieto pod\u00e1va\u010de s\u00fa navrhnut\u00e9 pre vysok\u00fa spo\u013eahlivos\u0165, presnos\u0165 a prisp\u00f4sobivos\u0165, \u010do z nich rob\u00ed nevyhnutn\u00e9 vybavenie v r\u00f4znych v\u00fdrobn\u00fdch odvetviach, ako je automobilov\u00fd priemysel, elektronika a v\u00fdroba strojov.<\/p>\n<h2>K\u013e\u00fa\u010dov\u00e9 vlastnosti:<\/h2>\n<ul>\n<li>Dve dr\u00e1hy pre zv\u00fd\u0161enie kapacity a manipula\u010dnej r\u00fdchlosti<\/li>\n<li>Hladk\u00fd chod, aby sa zabr\u00e1nilo po\u0161kodeniu dielov<\/li>\n<li>Odoln\u00e1 kon\u0161trukcia pre dlhotrvaj\u00faci v\u00fdkon<\/li>\n<li>Nastavite\u013en\u00e1 r\u00fdchlos\u0165 posuvu pod\u013ea \u0161pecifick\u00fdch v\u00fdrobn\u00fdch potrieb<\/li>\n<li>Jednoduch\u00e1 \u00fadr\u017eba a \u010distenie<\/li>\n<\/ul>\n<h2>\u0160pecifik\u00e1cie vibra\u010dn\u00e9ho pod\u00e1va\u010da Matal Part:<\/h2>\n<table width=\"684\">\n<tbody>\n<tr>\n<td width=\"183\">Meno Produktu<\/td>\n<td width=\"501\">Kovov\u00e9 diely Vibra\u010dn\u00fd miskov\u00fd pod\u00e1va\u010d<\/td>\n<\/tr>\n<tr>\n<td>Materi\u00e1l<\/td>\n<td>\u00a0SUS201\/304<\/td>\n<\/tr>\n<tr>\n<td>\u0160pecialita materi\u00e1lu<\/td>\n<td>Zliatina na kovanie za studena, vysok\u00e1 pevnos\u0165, vysok\u00e1 tvrdos\u0165<\/td>\n<\/tr>\n<tr>\n<td>Nap\u00e4tie<\/td>\n<td>220V<\/td>\n<\/tr>\n<tr>\n<td>Moc<\/td>\n<td>65W \/150W \/180W \/ 220W \/ 350W<\/td>\n<\/tr>\n<tr>\n<td>Overenie<\/td>\n<td>CE, ROHS, ISO9001<\/td>\n<\/tr>\n<tr>\n<td>Z\u00e1ruka<\/td>\n<td>1 ro\u010dn\u00e1 z\u00e1ruka<\/td>\n<\/tr>\n<tr>\n<td>MOQ<\/td>\n<td>1 sada<\/td>\n<\/tr>\n<tr>\n<td>Dodacia lehota<\/td>\n<td>10-14 dn\u00ed<\/td>\n<\/tr>\n<tr>\n<td>Lehota splatnosti<\/td>\n<td>T\/T 40% Z\u00e1loha a zostatok pred odoslan\u00edm<\/td>\n<\/tr>\n<tr>\n<td>Origin\u00e1l miesta<\/td>\n<td>\u010c\u00edna<\/td>\n<\/tr>\n<\/tbody>\n<\/table>\n<h3>Kovov\u00e9 detaily:<\/h3>\n\t<div class=\"img has-hover x md-x lg-x y md-y lg-y\" id=\"image_755598206\">\n\t\t\t\t\t\t\t\t<div class=\"img-inner dark\" >\n\t\t\t<img loading=\"lazy\" decoding=\"async\" width=\"727\" height=\"500\" src=\"https:\/\/swoer.com\/wp-content\/uploads\/2024\/03\/Metal-Detail.webp\" class=\"attachment-original size-original\" alt=\"Kovov\u00fd detail\" srcset=\"https:\/\/swoer.com\/wp-content\/uploads\/2024\/03\/Metal-Detail.webp 727w, https:\/\/swoer.com\/wp-content\/uploads\/2024\/03\/Metal-Detail-300x206.webp 300w, https:\/\/swoer.com\/wp-content\/uploads\/2024\/03\/Metal-Detail-600x413.webp 600w\" sizes=\"(max-width: 727px) 100vw, 727px\" \/>\t\t\t\t\t\t\n\t\t\t\t\t<\/div>\n\t\t\t\t\t\t\t\t\n<style>\n#image_755598206 {\n  width: 55%;\n}\n<\/style>\n\t<\/div>\n\t\n\t<div id=\"gap-1681260069\" class=\"gap-element clearfix\" style=\"display:block; height:auto;\">\n\t\t\n<style>\n#gap-1681260069 {\n  padding-top: 30px;\n}\n<\/style>\n\t<\/div>\n\t\n<h3>H\u013ead\u00e1te spo\u013eahliv\u00e9 rie\u0161enie na pod\u00e1vanie kovov\u00fdch dielov vo va\u0161ej v\u00fdrobnej linke?<\/h3>\n<p>Odpove\u010fou je dvojstopov\u00fd vibra\u010dn\u00fd miskov\u00fd pod\u00e1va\u010d SWOER. N\u00e1\u0161 pod\u00e1va\u010d, navrhnut\u00fd pre presnos\u0165 a r\u00fdchlos\u0165, si \u013eahko porad\u00ed so \u0161irokou \u0161k\u00e1lou kovov\u00fdch komponentov.<\/p>\n<h3>Potrebujete rie\u0161enie na mieru?<\/h3>\n<p>N\u00e1\u0161 odborn\u00fd t\u00edm v\u00e1m m\u00f4\u017ee navrhn\u00fa\u0165 pod\u00e1va\u010d presne pod\u013ea va\u0161ich \u0161pecifick\u00fdch po\u017eiadaviek. Pode\u013ete sa o podrobnosti o svojej \u010dasti, po\u017eadovan\u00fa r\u00fdchlos\u0165 a preferencie orient\u00e1cie a my v\u00e1m poskytneme cenov\u00fa ponuku na mieru.<\/p>\n<p>Neuspokojte sa s menej. Vysk\u00fa\u0161ajte efektivitu a spo\u013eahlivos\u0165 dvojstop\u00e9ho vibra\u010dn\u00e9ho miskov\u00e9ho pod\u00e1va\u010da SWOER. Kontaktujte n\u00e1s e\u0161te dnes a prediskutujte svoj projekt!<\/p>\n\t<div id=\"gap-1477348812\" class=\"gap-element clearfix\" style=\"display:block; height:auto;\">\n\t\t\n<style>\n#gap-1477348812 {\n  padding-top: 30px;\n}\n<\/style>\n\t<\/div>\n\t\n<h2 style=\"text-align: center;\">Vy\u017eiadajte si cenov\u00fa ponuku<\/h2>\n\n<div class=\"wpcf7 no-js\" id=\"wpcf7-f288-o1\" lang=\"en-US\" dir=\"ltr\">\n<div class=\"screen-reader-response\"><p role=\"status\" aria-live=\"polite\" aria-atomic=\"true\"><\/p> <ul><\/ul><\/div>\n<form action=\"\/sk\/wp-json\/wp\/v2\/product\/1664#wpcf7-f288-o1\" method=\"post\" class=\"wpcf7-form init\" aria-label=\"Kontaktn\u00fd formul\u00e1r\" novalidate=\"novalidate\" data-status=\"init\" data-trp-original-action=\"\/sk\/wp-json\/wp\/v2\/product\/1664#wpcf7-f288-o1\">\n<div style=\"display: none;\">\n<input type=\"hidden\" name=\"_wpcf7\" value=\"288\" \/>\n<input type=\"hidden\" name=\"_wpcf7_version\" value=\"5.9.2\" \/>\n<input type=\"hidden\" name=\"_wpcf7_locale\" value=\"en_US\" \/>\n<input type=\"hidden\" name=\"_wpcf7_unit_tag\" value=\"wpcf7-f288-o1\" \/>\n<input type=\"hidden\" name=\"_wpcf7_container_post\" value=\"0\" \/>\n<input type=\"hidden\" name=\"_wpcf7_posted_data_hash\" value=\"\" \/>\n<\/div>\n<p><label> Tvoje meno<br \/>\n<span class=\"wpcf7-form-control-wrap\" data-name=\"your-name\"><input size=\"40\" class=\"wpcf7-form-control wpcf7-text wpcf7-validates-as-required\" autocomplete=\"name\" aria-required=\"true\" aria-invalid=\"false\" value=\"\" type=\"text\" name=\"your-name\" \/><\/span> <\/label>\n<\/p>\n<p><label> Tvoj email<br \/>\n<span class=\"wpcf7-form-control-wrap\" data-name=\"your-email\"><input size=\"40\" class=\"wpcf7-form-control wpcf7-email wpcf7-validates-as-required wpcf7-text wpcf7-validates-as-email\" autocomplete=\"email\" aria-required=\"true\" aria-invalid=\"false\" value=\"\" type=\"email\" name=\"your-email\" \/><\/span> <\/label>\n<\/p>\n<p><label> Va\u0161a spr\u00e1va (volite\u013en\u00e9)<br \/>\n<span class=\"wpcf7-form-control-wrap\" data-name=\"your-message\"><textarea cols=\"40\" rows=\"10\" class=\"wpcf7-form-control wpcf7-textarea\" aria-invalid=\"false\" name=\"your-message\"><\/textarea><\/span> <\/label>\n<\/p>\n<div style=\"margin-bottom:10px;\">\n\t<p><span class=\"wpcf7-form-control-wrap kc_captcha cf7ic-toggle\" data-name=\"kc_captcha\"><span class=\"wpcf7-form-control wpcf7-radio\"><span class=\"captcha-image\" style=\"display: none;\"><span class=\"cf7ic_instructions\">Dok\u00e1\u017ete, \u017ee ste \u010dlovek, v\u00fdberom polo\u017eky<span> cup<\/span>.<\/span><label><input aria-label=\"1\" type=\"radio\" name=\"kc_captcha\" value=\"bot\" \/><svg aria-hidden=\"true\" role=\"img\" xmlns=\"http:\/\/www.w3.org\/2000\/svg\" viewbox=\"0 0 512 512\"><path fill=\"currentColor\" d=\"M500 168h-55l-8-21a127 127 0 00-120-83H195a127 127 0 00-120 83l-8 21H12c-8 0-14 8-11 16l8 24a12 12 0 0011 8h29a64 64 0 00-33 56v48c0 16 6 31 16 42v62c0 13 11 24 24 24h48c13 0 24-11 24-24v-40h256v40c0 13 11 24 24 24h48c13 0 24-11 24-24v-62c10-11 16-26 16-42v-48c0-24-13-45-33-56h29a12 12 0 0011-8l8-24c3-8-3-16-11-16zm-365 2c9-25 33-42 60-42h122c27 0 51 17 60 42l15 38H120l15-38zM88 328a32 32 0 010-64c18 0 48 30 48 48s-30 16-48 16zm336 0c-18 0-48 2-48-16s30-48 48-48 32 14 32 32-14 32-32 32z\"\/><\/svg><\/label><label><input aria-label=\"2\" type=\"radio\" name=\"kc_captcha\" value=\"kc_human\" \/><svg aria-hidden=\"true\" role=\"img\" xmlns=\"http:\/\/www.w3.org\/2000\/svg\" viewbox=\"0 0 640 512\"><path fill=\"currentColor\" d=\"M192 384h192c53 0 96-43 96-96h32a128 128 0 000-256H120c-13 0-24 11-24 24v232c0 53 43 96 96 96zM512 96a64 64 0 010 128h-32V96h32zm48 384H48c-47 0-61-64-36-64h584c25 0 11 64-36 64z\"\/><\/svg><\/label><label><input aria-label=\"3\" type=\"radio\" name=\"kc_captcha\" value=\"bot\" \/><svg aria-hidden=\"true\" role=\"img\" xmlns=\"http:\/\/www.w3.org\/2000\/svg\" viewbox=\"0 0 640 512\"><path fill=\"currentColor\" d=\"M624 352h-16V244c0-13-5-25-14-34L494 110c-9-9-21-14-34-14h-44V48c0-26-21-48-48-48H48C22 0 0 22 0 48v320c0 27 22 48 48 48h16a96 96 0 00192 0h128a96 96 0 00192 0h48c9 0 16-7 16-16v-32c0-9-7-16-16-16zM160 464a48 48 0 110-96 48 48 0 010 96zm320 0a48 48 0 110-96 48 48 0 010 96zm80-208H416V144h44l100 100v12z\"\/><\/svg><\/label>\r\n    <\/span>\r\n    <span style=\"display:none\">\r\n        <input type=\"text\" name=\"kc_honeypot\">\r\n    <\/span><\/span><\/span>\n\t<\/p>\n<\/div>\n<p><input class=\"wpcf7-form-control wpcf7-submit has-spinner\" type=\"submit\" value=\"Predlo\u017ei\u0165\" \/>\n<\/p><div class=\"wpcf7-response-output\" aria-hidden=\"true\"><\/div>\n<input type=\"hidden\" name=\"trp-form-language\" value=\"sk\"\/><\/form>\n<\/div>","protected":false},"excerpt":{"rendered":"<p>Efekt\u00edvne dopravujte kovov\u00e9 diely pomocou n\u00e1\u0161ho dvojstop\u00e9ho vibra\u010dn\u00e9ho pod\u00e1va\u010da.<\/p>\n<p>- MOQ: 1 ks<\/p>\n<p>-Pon\u00fakan\u00e1 slu\u017eba OEM \/ ODM<\/p>\n<p>- Prijmite prisp\u00f4sobenie<\/p>\n<p>Ak chcete z\u00edska\u0165 ceny vibra\u010dn\u00fdch misiek, kontaktujte n\u00e1s.<\/p>","protected":false},"featured_media":1665,"comment_status":"open","ping_status":"closed","template":"","meta":[],"product_cat":[37],"product_tag":[],"yoast_head":"<!-- This site is optimized with the Yoast SEO plugin v22.2 - https:\/\/yoast.com\/wordpress\/plugins\/seo\/ -->\n<title>Two Tracks Vibratory Bowl Feeder for Metal Part - SWOER<\/title>\n<meta name=\"description\" content=\"Optimize metal part feeding with our Two Tracks Vibratory Bowl Feeder. Increase production efficiency and reduce labor costs. Custom solutions are available.\" \/>\n<meta name=\"robots\" content=\"index, follow, max-snippet:-1, max-image-preview:large, max-video-preview:-1\" \/>\n<link rel=\"canonical\" href=\"https:\/\/swoer.com\/sk\/manufacturer\/metal-part-vibratory-bowl-feeder\/\" \/>\n<meta property=\"og:locale\" content=\"sk_SK\" \/>\n<meta property=\"og:type\" content=\"article\" \/>\n<meta property=\"og:title\" content=\"Two Tracks Vibratory Bowl Feeder for Metal Part - SWOER\" \/>\n<meta property=\"og:description\" content=\"Optimize metal part feeding with our Two Tracks Vibratory Bowl Feeder. Increase production efficiency and reduce labor costs. Custom solutions are available.\" \/>\n<meta property=\"og:url\" content=\"https:\/\/swoer.com\/sk\/manufacturer\/metal-part-vibratory-bowl-feeder\/\" \/>\n<meta property=\"og:site_name\" content=\"SWOER\" \/>\n<meta property=\"article:modified_time\" content=\"2024-08-01T02:13:43+00:00\" \/>\n<meta property=\"og:image\" content=\"https:\/\/swoer.com\/wp-content\/uploads\/2024\/03\/Metal-vibratory-bowl-feeder-3D-model.webp\" \/>\n\t<meta property=\"og:image:width\" content=\"1000\" \/>\n\t<meta property=\"og:image:height\" content=\"1000\" \/>\n\t<meta property=\"og:image:type\" content=\"image\/webp\" \/>\n<meta name=\"twitter:card\" content=\"summary_large_image\" \/>\n<meta name=\"twitter:label1\" content=\"Predpokladan\u00fd \u010das \u010d\u00edtania\" \/>\n\t<meta name=\"twitter:data1\" content=\"2 min\u00faty\" \/>\n<script type=\"application\/ld+json\" class=\"yoast-schema-graph\">{\"@context\":\"https:\/\/schema.org\",\"@graph\":[{\"@type\":\"WebPage\",\"@id\":\"https:\/\/swoer.com\/manufacturer\/metal-part-vibratory-bowl-feeder\/\",\"url\":\"https:\/\/swoer.com\/manufacturer\/metal-part-vibratory-bowl-feeder\/\",\"name\":\"Two Tracks Vibratory Bowl Feeder for Metal Part - SWOER\",\"isPartOf\":{\"@id\":\"https:\/\/swoer.com\/#website\"},\"primaryImageOfPage\":{\"@id\":\"https:\/\/swoer.com\/manufacturer\/metal-part-vibratory-bowl-feeder\/#primaryimage\"},\"image\":{\"@id\":\"https:\/\/swoer.com\/manufacturer\/metal-part-vibratory-bowl-feeder\/#primaryimage\"},\"thumbnailUrl\":\"https:\/\/swoer.com\/wp-content\/uploads\/2024\/03\/Metal-vibratory-bowl-feeder-3D-model.webp\",\"datePublished\":\"2024-03-28T00:26:35+00:00\",\"dateModified\":\"2024-08-01T02:13:43+00:00\",\"description\":\"Optimize metal part feeding with our Two Tracks Vibratory Bowl Feeder. Increase production efficiency and reduce labor costs. Custom solutions are available.\",\"breadcrumb\":{\"@id\":\"https:\/\/swoer.com\/manufacturer\/metal-part-vibratory-bowl-feeder\/#breadcrumb\"},\"inLanguage\":\"sk-SK\",\"potentialAction\":[{\"@type\":\"ReadAction\",\"target\":[\"https:\/\/swoer.com\/manufacturer\/metal-part-vibratory-bowl-feeder\/\"]}]},{\"@type\":\"ImageObject\",\"inLanguage\":\"sk-SK\",\"@id\":\"https:\/\/swoer.com\/manufacturer\/metal-part-vibratory-bowl-feeder\/#primaryimage\",\"url\":\"https:\/\/swoer.com\/wp-content\/uploads\/2024\/03\/Metal-vibratory-bowl-feeder-3D-model.webp\",\"contentUrl\":\"https:\/\/swoer.com\/wp-content\/uploads\/2024\/03\/Metal-vibratory-bowl-feeder-3D-model.webp\",\"width\":1000,\"height\":1000,\"caption\":\"Metal vibratory bowl feeder 3D model\"},{\"@type\":\"BreadcrumbList\",\"@id\":\"https:\/\/swoer.com\/manufacturer\/metal-part-vibratory-bowl-feeder\/#breadcrumb\",\"itemListElement\":[{\"@type\":\"ListItem\",\"position\":1,\"name\":\"Home\",\"item\":\"https:\/\/swoer.com\/\"},{\"@type\":\"ListItem\",\"position\":2,\"name\":\"Shop\",\"item\":\"https:\/\/swoer.com\/shop\/\"},{\"@type\":\"ListItem\",\"position\":3,\"name\":\"Two Tracks Vibratory Bowl Feeder for Metal Part\"}]},{\"@type\":\"WebSite\",\"@id\":\"https:\/\/swoer.com\/#website\",\"url\":\"https:\/\/swoer.com\/\",\"name\":\"SWOER\",\"description\":\"Swoer is the top 3 vibratory bowl feeder manufacturer in China\",\"potentialAction\":[{\"@type\":\"SearchAction\",\"target\":{\"@type\":\"EntryPoint\",\"urlTemplate\":\"https:\/\/swoer.com\/?s={search_term_string}\"},\"query-input\":\"required name=search_term_string\"}],\"inLanguage\":\"sk-SK\"}]}<\/script>\n<!-- \/ Yoast SEO plugin. -->","yoast_head_json":{"title":"Two Tracks Vibratory Bowl Feeder for Metal Part - SWOER","description":"Optimize metal part feeding with our Two Tracks Vibratory Bowl Feeder. Increase production efficiency and reduce labor costs. Custom solutions are available.","robots":{"index":"index","follow":"follow","max-snippet":"max-snippet:-1","max-image-preview":"max-image-preview:large","max-video-preview":"max-video-preview:-1"},"canonical":"https:\/\/swoer.com\/sk\/manufacturer\/metal-part-vibratory-bowl-feeder\/","og_locale":"sk_SK","og_type":"article","og_title":"Two Tracks Vibratory Bowl Feeder for Metal Part - SWOER","og_description":"Optimize metal part feeding with our Two Tracks Vibratory Bowl Feeder. Increase production efficiency and reduce labor costs. Custom solutions are available.","og_url":"https:\/\/swoer.com\/sk\/manufacturer\/metal-part-vibratory-bowl-feeder\/","og_site_name":"SWOER","article_modified_time":"2024-08-01T02:13:43+00:00","og_image":[{"width":1000,"height":1000,"url":"https:\/\/swoer.com\/wp-content\/uploads\/2024\/03\/Metal-vibratory-bowl-feeder-3D-model.webp","type":"image\/webp"}],"twitter_card":"summary_large_image","twitter_misc":{"Predpokladan\u00fd \u010das \u010d\u00edtania":"2 min\u00faty"},"schema":{"@context":"https:\/\/schema.org","@graph":[{"@type":"WebPage","@id":"https:\/\/swoer.com\/manufacturer\/metal-part-vibratory-bowl-feeder\/","url":"https:\/\/swoer.com\/manufacturer\/metal-part-vibratory-bowl-feeder\/","name":"Two Tracks Vibratory Bowl Feeder for Metal Part - SWOER","isPartOf":{"@id":"https:\/\/swoer.com\/#website"},"primaryImageOfPage":{"@id":"https:\/\/swoer.com\/manufacturer\/metal-part-vibratory-bowl-feeder\/#primaryimage"},"image":{"@id":"https:\/\/swoer.com\/manufacturer\/metal-part-vibratory-bowl-feeder\/#primaryimage"},"thumbnailUrl":"https:\/\/swoer.com\/wp-content\/uploads\/2024\/03\/Metal-vibratory-bowl-feeder-3D-model.webp","datePublished":"2024-03-28T00:26:35+00:00","dateModified":"2024-08-01T02:13:43+00:00","description":"Optimize metal part feeding with our Two Tracks Vibratory Bowl Feeder. Increase production efficiency and reduce labor costs. Custom solutions are available.","breadcrumb":{"@id":"https:\/\/swoer.com\/manufacturer\/metal-part-vibratory-bowl-feeder\/#breadcrumb"},"inLanguage":"sk-SK","potentialAction":[{"@type":"ReadAction","target":["https:\/\/swoer.com\/manufacturer\/metal-part-vibratory-bowl-feeder\/"]}]},{"@type":"ImageObject","inLanguage":"sk-SK","@id":"https:\/\/swoer.com\/manufacturer\/metal-part-vibratory-bowl-feeder\/#primaryimage","url":"https:\/\/swoer.com\/wp-content\/uploads\/2024\/03\/Metal-vibratory-bowl-feeder-3D-model.webp","contentUrl":"https:\/\/swoer.com\/wp-content\/uploads\/2024\/03\/Metal-vibratory-bowl-feeder-3D-model.webp","width":1000,"height":1000,"caption":"Metal vibratory bowl feeder 3D model"},{"@type":"BreadcrumbList","@id":"https:\/\/swoer.com\/manufacturer\/metal-part-vibratory-bowl-feeder\/#breadcrumb","itemListElement":[{"@type":"ListItem","position":1,"name":"Home","item":"https:\/\/swoer.com\/"},{"@type":"ListItem","position":2,"name":"Shop","item":"https:\/\/swoer.com\/shop\/"},{"@type":"ListItem","position":3,"name":"Two Tracks Vibratory Bowl Feeder for Metal Part"}]},{"@type":"WebSite","@id":"https:\/\/swoer.com\/#website","url":"https:\/\/swoer.com\/","name":"SWOER","description":"Swoer is the top 3 vibratory bowl feeder manufacturer in China","potentialAction":[{"@type":"SearchAction","target":{"@type":"EntryPoint","urlTemplate":"https:\/\/swoer.com\/?s={search_term_string}"},"query-input":"required name=search_term_string"}],"inLanguage":"sk-SK"}]}},"_links":{"self":[{"href":"https:\/\/swoer.com\/sk\/wp-json\/wp\/v2\/product\/1664"}],"collection":[{"href":"https:\/\/swoer.com\/sk\/wp-json\/wp\/v2\/product"}],"about":[{"href":"https:\/\/swoer.com\/sk\/wp-json\/wp\/v2\/types\/product"}],"replies":[{"embeddable":true,"href":"https:\/\/swoer.com\/sk\/wp-json\/wp\/v2\/comments?post=1664"}],"wp:featuredmedia":[{"embeddable":true,"href":"https:\/\/swoer.com\/sk\/wp-json\/wp\/v2\/media\/1665"}],"wp:attachment":[{"href":"https:\/\/swoer.com\/sk\/wp-json\/wp\/v2\/media?parent=1664"}],"wp:term":[{"taxonomy":"product_cat","embeddable":true,"href":"https:\/\/swoer.com\/sk\/wp-json\/wp\/v2\/product_cat?post=1664"},{"taxonomy":"product_tag","embeddable":true,"href":"https:\/\/swoer.com\/sk\/wp-json\/wp\/v2\/product_tag?post=1664"}],"curies":[{"name":"wp","href":"https:\/\/api.w.org\/{rel}","templated":true}]}}