{"id":32,"date":"2023-03-05T10:42:28","date_gmt":"2023-03-05T10:42:28","guid":{"rendered":"https:\/\/lightgrey-porpoise-816575.hostingersite.com\/?page_id=32"},"modified":"2026-03-21T11:21:24","modified_gmt":"2026-03-21T03:21:24","slug":"contact","status":"publish","type":"page","link":"https:\/\/swoer.com\/sk\/contact\/","title":{"rendered":"Kontakt\u00a0"},"content":{"rendered":"<section class=\"section\" id=\"section_558668816\">\n\t\t<div class=\"bg section-bg fill bg-fill  bg-loaded\" >\n\n\t\t\t\n\t\t\t\n\t\t\t\n\n\t\t<\/div>\n\n\t\t\n\n\t\t<div class=\"section-content relative\">\n\t\t\t\n<div class=\"row align-equal\"  id=\"row-264851818\">\n\n\t<div id=\"col-1748221454\" class=\"col small-12 large-12\"  >\n\t\t\t\t<div class=\"col-inner\"  >\n\t\t\t\n\t\t\t\n<div class=\"container section-title-container\" ><h2 class=\"section-title section-title-center\"><b><\/b><span class=\"section-title-main\" style=\"color:rgb(235, 114, 5);\">Kontaktujte n\u00e1s a z\u00edskajte rie\u0161enia vibra\u010dn\u00fdch pod\u00e1va\u010dov<\/span><b><\/b><\/h2><\/div>\n<p>Know more about <strong><a href=\"https:\/\/swoer.com\/sk\/Wholesale\/vibratory-bowl-feeder\/\">vibra\u010dn\u00fd pod\u00e1va\u010d<\/a> <\/strong>manufacturers, <strong><a href=\"https:\/\/swoer.com\/sk\/Wholesale\/centrifugal-feeders\/\">odstrediv\u00fd pod\u00e1va\u010d<\/a><\/strong> suppliers, <a href=\"https:\/\/swoer.com\/sk\/Wholesale\/flex-feeder\/\"><strong>flexible feeders,<\/strong><\/a> <a href=\"https:\/\/swoer.com\/sk\/Wholesale\/step-feeder-systems\/\"><strong>step feeder conveyors<\/strong><\/a>, <a href=\"https:\/\/swoer.com\/sk\/Wholesale\/flex-feeders-and-robot-integrated-machine\/\"><strong>spider robots<\/strong><\/a>a <a href=\"https:\/\/swoer.com\/sk\/Wholesale\/automatic-rivet-feeder\/\"><strong>automatic riveters<\/strong><\/a> in China, and find the solution for part feeding systems online with fast delivery, competitive price, and reliable quality.<\/p>\n<div class=\"text-center\"><div class=\"is-divider divider clearfix\" style=\"background-color:rgb(235, 112, 8);\"><\/div><\/div>\n\t\t<\/div>\n\t\t\t\t\t<\/div>\n\n\t\n<\/div>\n<div class=\"row row-small align-equal\"  id=\"row-924080267\">\n\n\t<div id=\"col-420363706\" class=\"col medium-4 small-12 large-4\"  >\n\t\t\t\t<div class=\"col-inner\"  >\n\t\t\t\n\t\t\t\n\t<div id=\"gap-351461082\" class=\"gap-element clearfix\" style=\"display:block; height:auto;\">\n\t\t\n<style>\n#gap-351461082 {\n  padding-top: 30px;\n}\n<\/style>\n\t<\/div>\n\t\n\n\t\t<div class=\"icon-box featured-box icon-box-center text-center\"  >\n\t\t\t\t\t<div class=\"icon-box-img\" style=\"width: 57px\">\n\t\t\t\t<div class=\"icon\">\n\t\t\t\t\t<div class=\"icon-inner\" >\n\t\t\t\t\t\t<img loading=\"lazy\" decoding=\"async\" width=\"300\" height=\"300\" src=\"https:\/\/swoer.com\/wp-content\/uploads\/2023\/04\/contact-us-2.webp\" class=\"attachment-medium size-medium\" alt=\"\" srcset=\"https:\/\/swoer.com\/wp-content\/uploads\/2023\/04\/contact-us-2.webp 300w, https:\/\/swoer.com\/wp-content\/uploads\/2023\/04\/contact-us-2-150x150.webp 150w, https:\/\/swoer.com\/wp-content\/uploads\/2023\/04\/contact-us-2-100x100.webp 100w\" sizes=\"(max-width: 300px) 100vw, 300px\" \/>\t\t\t\t\t<\/div>\n\t\t\t\t<\/div>\n\t\t\t<\/div>\n\t\t\t\t<div class=\"icon-box-text last-reset\">\n\t\t\t\t\t\t\t\t\t\n<p><strong>Adresa<\/strong><\/p>\n<p>No. 7 Yuxian Road, Liangjiacun, Shijie, Dongguan, Guangdong, China<\/p>\n\t\t<\/div>\n\t<\/div>\n\t\n\t\n\t<div id=\"gap-1796484632\" class=\"gap-element clearfix\" style=\"display:block; height:auto;\">\n\t\t\n<style>\n#gap-1796484632 {\n  padding-top: 30px;\n}\n<\/style>\n\t<\/div>\n\t\n\t\t<\/div>\n\t\t\t\t\t<\/div>\n\n\t\n\n\t<div id=\"col-905648686\" class=\"col medium-4 small-12 large-4\"  >\n\t\t\t\t<div class=\"col-inner\"  >\n\t\t\t\n\t\t\t\n\t<div id=\"gap-1745036157\" class=\"gap-element clearfix\" style=\"display:block; height:auto;\">\n\t\t\n<style>\n#gap-1745036157 {\n  padding-top: 30px;\n}\n<\/style>\n\t<\/div>\n\t\n\n\t\t<div class=\"icon-box featured-box icon-box-center text-center\"  >\n\t\t\t\t\t<div class=\"icon-box-img\" style=\"width: 57px\">\n\t\t\t\t<div class=\"icon\">\n\t\t\t\t\t<div class=\"icon-inner\" >\n\t\t\t\t\t\t<img loading=\"lazy\" decoding=\"async\" width=\"300\" height=\"300\" src=\"https:\/\/swoer.com\/wp-content\/uploads\/2023\/04\/contact-us-3.webp\" class=\"attachment-medium size-medium\" alt=\"\" srcset=\"https:\/\/swoer.com\/wp-content\/uploads\/2023\/04\/contact-us-3.webp 300w, https:\/\/swoer.com\/wp-content\/uploads\/2023\/04\/contact-us-3-150x150.webp 150w, https:\/\/swoer.com\/wp-content\/uploads\/2023\/04\/contact-us-3-100x100.webp 100w\" sizes=\"(max-width: 300px) 100vw, 300px\" \/>\t\t\t\t\t<\/div>\n\t\t\t\t<\/div>\n\t\t\t<\/div>\n\t\t\t\t<div class=\"icon-box-text last-reset\">\n\t\t\t\t\t\t\t\t\t\n<p><strong>Zavolajte n\u00e1m<\/strong><\/p>\n<p>+86 134 2309 7545<\/p>\n\t\t<\/div>\n\t<\/div>\n\t\n\t\n\t<div id=\"gap-434771381\" class=\"gap-element clearfix\" style=\"display:block; height:auto;\">\n\t\t\n<style>\n#gap-434771381 {\n  padding-top: 30px;\n}\n<\/style>\n\t<\/div>\n\t\n\t\t<\/div>\n\t\t\t\t\t<\/div>\n\n\t\n\n\t<div id=\"col-1083552409\" class=\"col medium-4 small-12 large-4\"  >\n\t\t\t\t<div class=\"col-inner\"  >\n\t\t\t\n\t\t\t\n\t<div id=\"gap-145483423\" class=\"gap-element clearfix\" style=\"display:block; height:auto;\">\n\t\t\n<style>\n#gap-145483423 {\n  padding-top: 30px;\n}\n<\/style>\n\t<\/div>\n\t\n\n\t\t<div class=\"icon-box featured-box icon-box-center text-center\"  >\n\t\t\t\t\t<div class=\"icon-box-img\" style=\"width: 57px\">\n\t\t\t\t<div class=\"icon\">\n\t\t\t\t\t<div class=\"icon-inner\" >\n\t\t\t\t\t\t<img loading=\"lazy\" decoding=\"async\" width=\"300\" height=\"300\" src=\"https:\/\/swoer.com\/wp-content\/uploads\/2023\/04\/contact-us-1.webp\" class=\"attachment-medium size-medium\" alt=\"\" srcset=\"https:\/\/swoer.com\/wp-content\/uploads\/2023\/04\/contact-us-1.webp 300w, https:\/\/swoer.com\/wp-content\/uploads\/2023\/04\/contact-us-1-150x150.webp 150w, https:\/\/swoer.com\/wp-content\/uploads\/2023\/04\/contact-us-1-100x100.webp 100w\" sizes=\"(max-width: 300px) 100vw, 300px\" \/>\t\t\t\t\t<\/div>\n\t\t\t\t<\/div>\n\t\t\t<\/div>\n\t\t\t\t<div class=\"icon-box-text last-reset\">\n\t\t\t\t\t\t\t\t\t\n<p><strong>Nap\u00ed\u0161te n\u00e1m<\/strong><\/p>\n<p>sales@swoer.com<\/p>\n\t\t<\/div>\n\t<\/div>\n\t\n\t\n\t<div id=\"gap-2119094161\" class=\"gap-element clearfix\" style=\"display:block; height:auto;\">\n\t\t\n<style>\n#gap-2119094161 {\n  padding-top: 30px;\n}\n<\/style>\n\t<\/div>\n\t\n\t\t<\/div>\n\t\t\t\t\t<\/div>\n\n\t\n<\/div>\n<div class=\"row\"  id=\"row-1388628786\">\n\n\t<div id=\"col-82599697\" class=\"col medium-6 small-12 large-6\"  >\n\t\t\t\t<div class=\"col-inner\"  >\n\t\t\t\n\t\t\t\n\t<div class=\"img has-hover x md-x lg-x y md-y lg-y\" id=\"image_2124497775\">\n\t\t\t\t\t\t\t\t<div class=\"img-inner dark\" >\n\t\t\t<img loading=\"lazy\" decoding=\"async\" width=\"442\" height=\"414\" src=\"https:\/\/swoer.com\/wp-content\/uploads\/2024\/08\/WhatsApp-Us.webp\" class=\"attachment-original size-original\" alt=\"WhatsApp Us\" srcset=\"https:\/\/swoer.com\/wp-content\/uploads\/2024\/08\/WhatsApp-Us.webp 442w, https:\/\/swoer.com\/wp-content\/uploads\/2024\/08\/WhatsApp-Us-300x281.webp 300w, https:\/\/swoer.com\/wp-content\/uploads\/2024\/08\/WhatsApp-Us-13x12.webp 13w\" sizes=\"(max-width: 442px) 100vw, 442px\" \/>\t\t\t\t\t\t\n\t\t\t\t\t<\/div>\n\t\t\t\t\t\t\t\t\n<style>\n#image_2124497775 {\n  width: 100%;\n}\n<\/style>\n\t<\/div>\n\t\n<h2 style=\"text-align: center;\">WhatsApp Us<\/h2>\n\t\t<\/div>\n\t\t\t\t\t<\/div>\n\n\t\n\n\t<div id=\"col-1411699519\" class=\"col medium-6 small-12 large-6\"  >\n\t\t\t\t<div class=\"col-inner\"  >\n\t\t\t\n\t\t\t\n\t<div class=\"img has-hover x md-x lg-x y md-y lg-y\" id=\"image_783523254\">\n\t\t\t\t\t\t\t\t<div class=\"img-inner dark\" >\n\t\t\t<img loading=\"lazy\" decoding=\"async\" width=\"442\" height=\"414\" src=\"https:\/\/swoer.com\/wp-content\/uploads\/2024\/05\/Wechat-Us.webp\" class=\"attachment-original size-original\" alt=\"Wechat Us\" srcset=\"https:\/\/swoer.com\/wp-content\/uploads\/2024\/05\/Wechat-Us.webp 442w, https:\/\/swoer.com\/wp-content\/uploads\/2024\/05\/Wechat-Us-300x281.webp 300w, https:\/\/swoer.com\/wp-content\/uploads\/2024\/05\/Wechat-Us-13x12.webp 13w\" sizes=\"(max-width: 442px) 100vw, 442px\" \/>\t\t\t\t\t\t\n\t\t\t\t\t<\/div>\n\t\t\t\t\t\t\t\t\n<style>\n#image_783523254 {\n  width: 100%;\n}\n<\/style>\n\t<\/div>\n\t\n<h2 style=\"text-align: center;\">Wechat Us<\/h2>\n\t\t<\/div>\n\t\t\t\t\t<\/div>\n\n\t\n<\/div>\n\t\t<\/div>\n\n\t\t\n<style>\n#section_558668816 {\n  padding-top: 30px;\n  padding-bottom: 30px;\n}\n#section_558668816 .ux-shape-divider--top svg {\n  height: 150px;\n  --divider-top-width: 100%;\n}\n#section_558668816 .ux-shape-divider--bottom svg {\n  height: 150px;\n  --divider-width: 100%;\n}\n<\/style>\n\t<\/section>\n\t\n\t<section class=\"section\" id=\"section_1098110189\">\n\t\t<div class=\"bg section-bg fill bg-fill  bg-loaded\" >\n\n\t\t\t\n\t\t\t<div class=\"section-bg-overlay absolute fill\"><\/div>\n\t\t\t\n\n\t\t<\/div>\n\n\t\t\n\n\t\t<div class=\"section-content relative\">\n\t\t\t\n<div class=\"row\"  id=\"row-544143010\">\n\n\t<div id=\"col-758272293\" class=\"col small-12 large-12\"  >\n\t\t\t\t<div class=\"col-inner\"  >\n\t\t\t\n\t\t\t\n<div class=\"container section-title-container\" ><h2 class=\"section-title section-title-center\"><b><\/b><span class=\"section-title-main\" style=\"color:rgb(235, 114, 5);\">Kontaktujte Swoer Team<\/span><b><\/b><\/h2><\/div>\n\n<div class=\"wpcf7 no-js\" id=\"wpcf7-f280-o1\" lang=\"en-US\" dir=\"ltr\">\n<div class=\"screen-reader-response\"><p role=\"status\" aria-live=\"polite\" aria-atomic=\"true\"><\/p> <ul><\/ul><\/div>\n<form action=\"\/sk\/wp-json\/wp\/v2\/pages\/32#wpcf7-f280-o1\" method=\"post\" class=\"wpcf7-form init\" aria-label=\"Kontaktn\u00fd formul\u00e1r\" novalidate=\"novalidate\" data-status=\"init\" data-trp-original-action=\"\/sk\/wp-json\/wp\/v2\/pages\/32#wpcf7-f280-o1\">\n<div style=\"display: none;\">\n<input type=\"hidden\" name=\"_wpcf7\" value=\"280\" \/>\n<input type=\"hidden\" name=\"_wpcf7_version\" value=\"5.9.2\" \/>\n<input type=\"hidden\" name=\"_wpcf7_locale\" value=\"en_US\" \/>\n<input type=\"hidden\" name=\"_wpcf7_unit_tag\" value=\"wpcf7-f280-o1\" \/>\n<input type=\"hidden\" name=\"_wpcf7_container_post\" value=\"0\" \/>\n<input type=\"hidden\" name=\"_wpcf7_posted_data_hash\" value=\"\" \/>\n<\/div>\n<div class='custom_contact_style'>\n\t<div class=\"row row-small\">\n\t\t<div class=\"col medium-6 small-12 large-6\">\n\t\t\t<div class=\"col-inner\">\n\t\t\t\t<p><span class=\"wpcf7-form-control-wrap\" data-name=\"your-name\"><input size=\"40\" class=\"wpcf7-form-control wpcf7-text wpcf7-validates-as-required\" aria-required=\"true\" aria-invalid=\"false\" placeholder=\"N\u00e1zov*\" value=\"\" type=\"text\" name=\"your-name\" \/><\/span>\n\t\t\t\t<\/p>\n\t\t\t<\/div>\n\t\t<\/div>\n\t\t<div class=\"col medium-6 small-12 large-6\">\n\t\t\t<div class=\"col-inner\">\n\t\t\t\t<p><span class=\"wpcf7-form-control-wrap\" data-name=\"your-email\"><input size=\"40\" class=\"wpcf7-form-control wpcf7-email wpcf7-validates-as-required wpcf7-text wpcf7-validates-as-email\" aria-required=\"true\" aria-invalid=\"false\" placeholder=\"E-mail*\" value=\"\" type=\"email\" name=\"your-email\" \/><\/span>\n\t\t\t\t<\/p>\n\t\t\t<\/div>\n\t\t<\/div>\n\t<\/div>\n\t<div class='cus_contact_form_bottom'>\n\t\t<p><span class=\"wpcf7-form-control-wrap\" data-name=\"your-phone\"><input size=\"40\" class=\"wpcf7-form-control wpcf7-text\" aria-invalid=\"false\" placeholder=\"Telef\u00f3n\" value=\"\" type=\"text\" name=\"your-phone\" \/><\/span>\n\t\t<\/p>\n\t<\/div>\n\t<div class='cus_contact_form_bottom'>\n\t\t<p><span class=\"wpcf7-form-control-wrap\" data-name=\"your-country\"><input size=\"40\" class=\"wpcf7-form-control wpcf7-text\" aria-invalid=\"false\" placeholder=\"Krajina\" value=\"\" type=\"text\" name=\"your-country\" \/><\/span>\n\t\t<\/p>\n\t<\/div>\n\t<p><span class=\"wpcf7-form-control-wrap\" data-name=\"your-message\"><textarea cols=\"40\" rows=\"10\" class=\"wpcf7-form-control wpcf7-textarea wpcf7-validates-as-required\" aria-required=\"true\" aria-invalid=\"false\" placeholder=\"Tvoja spr\u00e1va *\" name=\"your-message\"><\/textarea><\/span>\n\t<\/p>\n\t<div style=\"margin-bottom:10px;\">\n\t\t<p><span class=\"wpcf7-form-control-wrap kc_captcha cf7ic-toggle\" data-name=\"kc_captcha\"><span class=\"wpcf7-form-control wpcf7-radio\"><span class=\"captcha-image\" style=\"display: none;\"><span class=\"cf7ic_instructions\">Dok\u00e1\u017ete, \u017ee ste \u010dlovek, v\u00fdberom polo\u017eky<span> cup<\/span>.<\/span><label><input aria-label=\"1\" type=\"radio\" name=\"kc_captcha\" value=\"kc_human\" \/><svg aria-hidden=\"true\" role=\"img\" xmlns=\"http:\/\/www.w3.org\/2000\/svg\" viewbox=\"0 0 640 512\"><path fill=\"currentColor\" d=\"M192 384h192c53 0 96-43 96-96h32a128 128 0 000-256H120c-13 0-24 11-24 24v232c0 53 43 96 96 96zM512 96a64 64 0 010 128h-32V96h32zm48 384H48c-47 0-61-64-36-64h584c25 0 11 64-36 64z\"\/><\/svg><\/label><label><input aria-label=\"2\" type=\"radio\" name=\"kc_captcha\" value=\"bot\" \/><svg aria-hidden=\"true\" role=\"img\" xmlns=\"http:\/\/www.w3.org\/2000\/svg\" viewbox=\"0 0 512 512\"><path fill=\"currentColor\" d=\"M350 99c-54 0-98-35-166-35-25 0-47 4-68 12a56 56 0 004-24C118 24 95 1 66 0a56 56 0 00-34 102v386c0 13 11 24 24 24h16c13 0 24-11 24-24v-94c28-12 64-23 114-23 54 0 98 35 166 35 48 0 86-16 122-41 9-6 14-15 14-26V96c0-23-24-39-45-29-35 16-77 32-117 32z\"\/><\/svg><\/label><label><input aria-label=\"3\" type=\"radio\" name=\"kc_captcha\" value=\"bot\" \/><svg aria-hidden=\"true\" role=\"img\" xmlns=\"http:\/\/www.w3.org\/2000\/svg\" viewbox=\"0 0 640 512\"><path fill=\"currentColor\" d=\"M624 352h-16V244c0-13-5-25-14-34L494 110c-9-9-21-14-34-14h-44V48c0-26-21-48-48-48H48C22 0 0 22 0 48v320c0 27 22 48 48 48h16a96 96 0 00192 0h128a96 96 0 00192 0h48c9 0 16-7 16-16v-32c0-9-7-16-16-16zM160 464a48 48 0 110-96 48 48 0 010 96zm320 0a48 48 0 110-96 48 48 0 010 96zm80-208H416V144h44l100 100v12z\"\/><\/svg><\/label>\r\n    <\/span>\r\n    <span style=\"display:none\">\r\n        <input type=\"text\" name=\"kc_honeypot\">\r\n    <\/span><\/span><\/span>\n\t\t<\/p>\n\t<\/div>\n\t<p><input class=\"wpcf7-form-control wpcf7-submit has-spinner\" type=\"submit\" value=\"Posla\u0165 spr\u00e1vu\" \/>\n\t<\/p>\n<\/div><div class=\"wpcf7-response-output\" aria-hidden=\"true\"><\/div>\n<input type=\"hidden\" name=\"trp-form-language\" value=\"sk\"\/><\/form>\n<\/div>\n\n\t\t<\/div>\n\t\t\t\t\t<\/div>\n\n\t\n<\/div>\n\t\t<\/div>\n\n\t\t\n<style>\n#section_1098110189 {\n  padding-top: 30px;\n  padding-bottom: 30px;\n}\n#section_1098110189 .section-bg-overlay {\n  background-color: rgb(242, 242, 242);\n}\n#section_1098110189 .ux-shape-divider--top svg {\n  height: 150px;\n  --divider-top-width: 100%;\n}\n#section_1098110189 .ux-shape-divider--bottom svg {\n  height: 150px;\n  --divider-width: 100%;\n}\n<\/style>\n\t<\/section>\n\t\n\t<section class=\"section\" id=\"section_2077459332\">\n\t\t<div class=\"bg section-bg fill bg-fill  bg-loaded\" >\n\n\t\t\t\n\t\t\t\n\t\t\t\n\n\t\t<\/div>\n\n\t\t\n\n\t\t<div class=\"section-content relative\">\n\t\t\t\n<div class=\"row row-full-width align-center\"  id=\"row-40375015\">\n\n\t<div id=\"col-220570832\" class=\"col small-12 large-12\"  >\n\t\t\t\t<div class=\"col-inner text-center\"  >\n\t\t\t\n\t\t\t\n<div class=\"container section-title-container\" ><h2 class=\"section-title section-title-center\"><b><\/b><span class=\"section-title-main\" style=\"color:rgb(235, 114, 5);\">ADRESA<\/span><b><\/b><\/h2><\/div>\n\n<p><iframe src=\"https:\/\/www.google.com\/maps\/embed?pb=!1m18!1m12!1m3!1d3669.44033204077!2d113.79588507595153!3d23.117574912775023!2m3!1f0!2f0!3f0!3m2!1i1024!2i768!4f13.1!3m3!1m2!1s0x3403811773d50f83%3A0x586730658c9472cd!2sYu%20Xian%20Lu%2C%20Guang%20Dong%20Sheng%2C%20China!5e0!3m2!1sen!2s!4v1774062736725!5m2!1sen!2s\" width=\"1100\" height=\"450\" style=\"border:0;\" allowfullscreen=\"\" loading=\"lazy\" referrerpolicy=\"no-referrer-when-downgrade\"><\/iframe><br \/>\n\n\t\t<\/div>\n\t\t\t\t\t<\/div>\n\n\t\n<\/div>\n\t\t<\/div>\n\n\t\t\n<style>\n#section_2077459332 {\n  padding-top: 30px;\n  padding-bottom: 30px;\n}\n#section_2077459332 .ux-shape-divider--top svg {\n  height: 150px;\n  --divider-top-width: 100%;\n}\n#section_2077459332 .ux-shape-divider--bottom svg {\n  height: 150px;\n  --divider-width: 100%;\n}\n<\/style>\n\t<\/section>","protected":false},"excerpt":{"rendered":"","protected":false},"author":1,"featured_media":0,"parent":0,"menu_order":0,"comment_status":"closed","ping_status":"closed","template":"page-blank.php","meta":{"footnotes":""},"yoast_head":"<!-- This site is optimized with the Yoast SEO plugin v22.2 - https:\/\/yoast.com\/wordpress\/plugins\/seo\/ -->\n<title>Contact SWOER | Custom Part Feeding Systems | Global Service<\/title>\n<meta name=\"description\" content=\"Get in touch with SWOER for expert vibratory feeder solutions and support. Our team can assist you if you have questions or need a quote.\" \/>\n<meta name=\"robots\" content=\"index, follow, max-snippet:-1, max-image-preview:large, max-video-preview:-1\" \/>\n<link rel=\"canonical\" href=\"https:\/\/swoer.com\/sk\/contact\/\" \/>\n<meta property=\"og:locale\" content=\"sk_SK\" \/>\n<meta property=\"og:type\" content=\"article\" \/>\n<meta property=\"og:title\" content=\"Contact SWOER | Custom Part Feeding Systems | Global Service\" \/>\n<meta property=\"og:description\" content=\"Get in touch with SWOER for expert vibratory feeder solutions and support. Our team can assist you if you have questions or need a quote.\" \/>\n<meta property=\"og:url\" content=\"https:\/\/swoer.com\/sk\/contact\/\" \/>\n<meta property=\"og:site_name\" content=\"SWOER\" \/>\n<meta property=\"article:modified_time\" content=\"2026-03-21T03:21:24+00:00\" \/>\n<meta name=\"twitter:card\" content=\"summary_large_image\" \/>\n<meta name=\"twitter:label1\" content=\"Predpokladan\u00fd \u010das \u010d\u00edtania\" \/>\n\t<meta name=\"twitter:data1\" content=\"1 min\u00fata\" \/>\n<script type=\"application\/ld+json\" class=\"yoast-schema-graph\">{\"@context\":\"https:\/\/schema.org\",\"@graph\":[{\"@type\":\"WebPage\",\"@id\":\"https:\/\/swoer.com\/contact\/\",\"url\":\"https:\/\/swoer.com\/contact\/\",\"name\":\"Contact SWOER | Custom Part Feeding Systems | Global Service\",\"isPartOf\":{\"@id\":\"https:\/\/swoer.com\/#website\"},\"datePublished\":\"2023-03-05T10:42:28+00:00\",\"dateModified\":\"2026-03-21T03:21:24+00:00\",\"description\":\"Get in touch with SWOER for expert vibratory feeder solutions and support. Our team can assist you if you have questions or need a quote.\",\"breadcrumb\":{\"@id\":\"https:\/\/swoer.com\/contact\/#breadcrumb\"},\"inLanguage\":\"sk-SK\",\"potentialAction\":[{\"@type\":\"ReadAction\",\"target\":[\"https:\/\/swoer.com\/contact\/\"]}]},{\"@type\":\"BreadcrumbList\",\"@id\":\"https:\/\/swoer.com\/contact\/#breadcrumb\",\"itemListElement\":[{\"@type\":\"ListItem\",\"position\":1,\"name\":\"Home\",\"item\":\"https:\/\/swoer.com\/\"},{\"@type\":\"ListItem\",\"position\":2,\"name\":\"Contact\u00a0\"}]},{\"@type\":\"WebSite\",\"@id\":\"https:\/\/swoer.com\/#website\",\"url\":\"https:\/\/swoer.com\/\",\"name\":\"SWOER\",\"description\":\"Swoer is the top 3 vibratory bowl feeder manufacturer in China\",\"potentialAction\":[{\"@type\":\"SearchAction\",\"target\":{\"@type\":\"EntryPoint\",\"urlTemplate\":\"https:\/\/swoer.com\/?s={search_term_string}\"},\"query-input\":\"required name=search_term_string\"}],\"inLanguage\":\"sk-SK\"}]}<\/script>\n<!-- \/ Yoast SEO plugin. -->","yoast_head_json":{"title":"Contact SWOER | Custom Part Feeding Systems | Global Service","description":"Get in touch with SWOER for expert vibratory feeder solutions and support. Our team can assist you if you have questions or need a quote.","robots":{"index":"index","follow":"follow","max-snippet":"max-snippet:-1","max-image-preview":"max-image-preview:large","max-video-preview":"max-video-preview:-1"},"canonical":"https:\/\/swoer.com\/sk\/contact\/","og_locale":"sk_SK","og_type":"article","og_title":"Contact SWOER | Custom Part Feeding Systems | Global Service","og_description":"Get in touch with SWOER for expert vibratory feeder solutions and support. Our team can assist you if you have questions or need a quote.","og_url":"https:\/\/swoer.com\/sk\/contact\/","og_site_name":"SWOER","article_modified_time":"2026-03-21T03:21:24+00:00","twitter_card":"summary_large_image","twitter_misc":{"Predpokladan\u00fd \u010das \u010d\u00edtania":"1 min\u00fata"},"schema":{"@context":"https:\/\/schema.org","@graph":[{"@type":"WebPage","@id":"https:\/\/swoer.com\/contact\/","url":"https:\/\/swoer.com\/contact\/","name":"Contact SWOER | Custom Part Feeding Systems | Global Service","isPartOf":{"@id":"https:\/\/swoer.com\/#website"},"datePublished":"2023-03-05T10:42:28+00:00","dateModified":"2026-03-21T03:21:24+00:00","description":"Get in touch with SWOER for expert vibratory feeder solutions and support. Our team can assist you if you have questions or need a quote.","breadcrumb":{"@id":"https:\/\/swoer.com\/contact\/#breadcrumb"},"inLanguage":"sk-SK","potentialAction":[{"@type":"ReadAction","target":["https:\/\/swoer.com\/contact\/"]}]},{"@type":"BreadcrumbList","@id":"https:\/\/swoer.com\/contact\/#breadcrumb","itemListElement":[{"@type":"ListItem","position":1,"name":"Home","item":"https:\/\/swoer.com\/"},{"@type":"ListItem","position":2,"name":"Contact\u00a0"}]},{"@type":"WebSite","@id":"https:\/\/swoer.com\/#website","url":"https:\/\/swoer.com\/","name":"SWOER","description":"Swoer is the top 3 vibratory bowl feeder manufacturer in China","potentialAction":[{"@type":"SearchAction","target":{"@type":"EntryPoint","urlTemplate":"https:\/\/swoer.com\/?s={search_term_string}"},"query-input":"required name=search_term_string"}],"inLanguage":"sk-SK"}]}},"_links":{"self":[{"href":"https:\/\/swoer.com\/sk\/wp-json\/wp\/v2\/pages\/32"}],"collection":[{"href":"https:\/\/swoer.com\/sk\/wp-json\/wp\/v2\/pages"}],"about":[{"href":"https:\/\/swoer.com\/sk\/wp-json\/wp\/v2\/types\/page"}],"author":[{"embeddable":true,"href":"https:\/\/swoer.com\/sk\/wp-json\/wp\/v2\/users\/1"}],"replies":[{"embeddable":true,"href":"https:\/\/swoer.com\/sk\/wp-json\/wp\/v2\/comments?post=32"}],"version-history":[{"count":27,"href":"https:\/\/swoer.com\/sk\/wp-json\/wp\/v2\/pages\/32\/revisions"}],"predecessor-version":[{"id":3722,"href":"https:\/\/swoer.com\/sk\/wp-json\/wp\/v2\/pages\/32\/revisions\/3722"}],"wp:attachment":[{"href":"https:\/\/swoer.com\/sk\/wp-json\/wp\/v2\/media?parent=32"}],"curies":[{"name":"wp","href":"https:\/\/api.w.org\/{rel}","templated":true}]}}