{"id":1823,"date":"2024-04-02T07:05:58","date_gmt":"2024-04-02T07:05:58","guid":{"rendered":"https:\/\/lightgrey-porpoise-816575.hostingersite.com\/?page_id=1823"},"modified":"2024-12-02T17:21:30","modified_gmt":"2024-12-02T09:21:30","slug":"automatic-rivet-machine","status":"publish","type":"page","link":"https:\/\/swoer.com\/sk\/automatic-rivet-machine\/","title":{"rendered":"Automatick\u00fd z\u00e1vitovkov\u00fd pod\u00e1va\u010d"},"content":{"rendered":"<section class=\"section\" id=\"section_164551038\">\n\t\t<div class=\"bg section-bg fill bg-fill  bg-loaded\" >\n\n\t\t\t\n\t\t\t\n\t\t\t\n\t<div class=\"is-border\"\n\t\tstyle=\"border-color:rgb(235, 235, 235);border-width:1px 0px 0px 0px;\">\n\t<\/div>\n\n\t\t<\/div>\n\n\t\t\n\n\t\t<div class=\"section-content relative\">\n\t\t\t\n<div class=\"row row-large align-middle align-center\"  id=\"row-1473933065\">\n\n\t<div id=\"col-1801569078\" class=\"col medium-6 small-12 large-6\"  >\n\t\t\t\t<div class=\"col-inner text-center\"  >\n\t\t\t\n\t\t\t\n<h2><strong><b>V\u00fdrobca automatick\u00fdch z\u00e1vitovkov\u00fdch pod\u00e1va\u010dov<\/b><\/strong><\/h2>\n<p style=\"text-align: left;\">Spolo\u010dnos\u0165 SWOER, ktor\u00e1 sa \u0161pecializuje na nitovacie a spojovacie odvetvie u\u017e viac ako desa\u0165 rokov, je d\u00f4veryhodn\u00fdm menom v oblasti automatizovan\u00fdch upev\u0148ovac\u00edch rie\u0161en\u00ed.<\/p>\n<p style=\"text-align: left;\">Automatick\u00e9 skrutkovacie pod\u00e1va\u010de SWOER, navrhnut\u00e9 spolo\u010dnos\u0165ou CN SWOER CO., LTD, sp\u00f4sobili revol\u00faciu v procese nitovania automatickou manipul\u00e1ciou s nitmi. Vyu\u017eit\u00edm tejto technol\u00f3gie m\u00f4\u017eete u\u0161etri\u0165 mzdov\u00e9 n\u00e1klady va\u0161ej spolo\u010dnosti o viac ako 301 TP3T.<\/p>\n<p style=\"text-align: left;\">Stroj SWOER, ktor\u00fd sa odli\u0161uje od \u0161tandardn\u00fdch automatick\u00fdch nitovac\u00edch pi\u0161tol\u00ed, pon\u00faka plne automatizovan\u00e9 rie\u0161enie. \u010casy manu\u00e1lneho nakladania nitov alebo ovl\u00e1dania polohy trysky s\u00fa pre\u010d; n\u00e1\u0161 stroj to v\u0161etko zvl\u00e1dne. Pomocou stla\u010den\u00e9ho vzduchu bez n\u00e1mahy doprav\u00ed nity k tryske cez potrubie. S automatick\u00fdm nitovac\u00edm strojom SWOER sa ru\u010dn\u00e9 \u0165ahanie nitov st\u00e1va minulos\u0165ou a otv\u00e1ra nov\u00fa \u00e9ru automatiz\u00e1cie v spojovacom priemysle.<\/p>\n\t\t<\/div>\n\t\t\t\t\t<\/div>\n\n\t\n\n\t<div id=\"col-1425267548\" class=\"col medium-6 small-12 large-6\"  >\n\t\t\t\t<div class=\"col-inner box-shadow-2 box-shadow-5-hover\" style=\"background-color:rgb(255, 255, 255);\" >\n\t\t\t\n\t\t\t\n\t<div class=\"img has-hover x md-x lg-x y md-y lg-y\" id=\"image_328502209\">\n\t\t\t\t\t\t\t\t<div class=\"img-inner image-cover dark\" style=\"padding-top:75%;\">\n\t\t\t<img loading=\"lazy\" decoding=\"async\" width=\"554\" height=\"412\" src=\"https:\/\/swoer.com\/wp-content\/uploads\/2024\/04\/automatic-rivet-guns.webp\" class=\"attachment-original size-original\" alt=\"automatick\u00e9 nitovacie pi\u0161tole\" srcset=\"https:\/\/swoer.com\/wp-content\/uploads\/2024\/04\/automatic-rivet-guns.webp 554w, https:\/\/swoer.com\/wp-content\/uploads\/2024\/04\/automatic-rivet-guns-300x223.webp 300w\" sizes=\"(max-width: 554px) 100vw, 554px\" \/>\t\t\t\t\t\t\n\t\t\t\t\t<\/div>\n\t\t\t\t\t\t\t\t\n<style>\n#image_328502209 {\n  width: 100%;\n}\n<\/style>\n\t<\/div>\n\t\n<a href=\"https:\/\/swoer.com\/sk\/contact\/\" target=\"_self\" class=\"button primary\"  style=\"border-radius:99px;\">\n    <span>Kontaktuj n\u00e1s<\/span>\n  <\/a>\n\n\t\t<\/div>\n\t\t\t\t\n<style>\n#col-1425267548 > .col-inner {\n  padding: 15px 15px 15px 15px;\n}\n<\/style>\n\t<\/div>\n\n\t\n<\/div>\n\t\t<\/div>\n\n\t\t\n<style>\n#section_164551038 {\n  padding-top: 59px;\n  padding-bottom: 59px;\n  min-height: 300px;\n  background-color: rgb(228, 228, 228);\n}\n#section_164551038 .ux-shape-divider--top svg {\n  height: 150px;\n  --divider-top-width: 100%;\n}\n#section_164551038 .ux-shape-divider--bottom svg {\n  height: 150px;\n  --divider-width: 100%;\n}\n<\/style>\n\t<\/section>\n\t\n\t<section class=\"section\" id=\"section_1046585369\">\n\t\t<div class=\"bg section-bg fill bg-fill  bg-loaded\" >\n\n\t\t\t\n\t\t\t\n\t\t\t\n\n\t\t<\/div>\n\n\t\t\n\n\t\t<div class=\"section-content relative\">\n\t\t\t\n<h2 style=\"text-align: center;\"><strong><b>Automatick\u00fd z\u00e1vitovkov\u00fd pod\u00e1va\u010d <\/b><\/strong><strong><b>P<\/b><\/strong><strong><b>v\u00fdrobok <\/b><\/strong><strong><b>C<\/b><\/strong><strong><b>ompoz\u00edcia<\/b><\/strong><\/h2>\n<p style=\"text-align: center;\">Automatick\u00fd pod\u00e1va\u010d skrutiek SWOER sa sklad\u00e1 z hlavn\u00e9ho stroja a zostavy nitovacieho gu\u013eometu.<\/p>\n<div class=\"row\"  id=\"row-1324970987\">\n\n\t<div id=\"col-1297011686\" class=\"col medium-6 small-12 large-6\"  >\n\t\t\t\t<div class=\"col-inner\"  >\n\t\t\t\n\t\t\t\n\t<div class=\"img has-hover x md-x lg-x y md-y lg-y\" id=\"image_1394565892\">\n\t\t\t\t\t\t\t\t<div class=\"img-inner dark\" >\n\t\t\t<img loading=\"lazy\" decoding=\"async\" width=\"554\" height=\"275\" src=\"https:\/\/swoer.com\/wp-content\/uploads\/2024\/04\/automatic-rivet-machine.webp\" class=\"attachment-original size-original\" alt=\"automatick\u00fd nitovac\u00ed stroj\" srcset=\"https:\/\/swoer.com\/wp-content\/uploads\/2024\/04\/automatic-rivet-machine.webp 554w, https:\/\/swoer.com\/wp-content\/uploads\/2024\/04\/automatic-rivet-machine-300x149.webp 300w\" sizes=\"(max-width: 554px) 100vw, 554px\" \/>\t\t\t\t\t\t\n\t\t\t\t\t<\/div>\n\t\t\t\t\t\t\t\t\n<style>\n#image_1394565892 {\n  width: 98%;\n}\n<\/style>\n\t<\/div>\n\t\n<p><strong>Hostite\u013esk\u00fd po\u010d\u00edta\u010d zah\u0155\u0148a pohybov\u00fd syst\u00e9m stroja, riadiaci syst\u00e9m stroja a detek\u010dn\u00fd syst\u00e9m.<\/strong><\/p>\n<p>Funkciou pohybov\u00e9ho syst\u00e9mu stroja je organizova\u0165 nity od neusporiadan\u00e9ho usporiadania a\u017e po ich postupn\u00e9 odde\u013eovanie a priv\u00e1dza\u0165 nity do trysky nitovacej pi\u0161tole jeden po druhom v ur\u010ditom smere; riadiaci syst\u00e9m stroja m\u00e1 riadi\u0165 nastaven\u00e9 \u010dinnosti ka\u017ed\u00e9ho komponentu stroja. Prev\u00e1dzka; detek\u010dn\u00fd syst\u00e9m m\u00e1 zisti\u0165, \u010di stroj be\u017e\u00ed stabilne pod\u013ea nastaven\u00e9ho programu.<\/p>\n\t\t<\/div>\n\t\t\t\t\t<\/div>\n\n\t\n\n\t<div id=\"col-978653938\" class=\"col medium-6 small-12 large-6\"  >\n\t\t\t\t<div class=\"col-inner\"  >\n\t\t\t\n\t\t\t\n\t<div class=\"img has-hover x md-x lg-x y md-y lg-y\" id=\"image_2045391367\">\n\t\t\t\t\t\t\t\t<div class=\"img-inner dark\" >\n\t\t\t<img loading=\"lazy\" decoding=\"async\" width=\"554\" height=\"275\" src=\"https:\/\/swoer.com\/wp-content\/uploads\/2024\/04\/Automatic-nail-pulling-machine-factory-line.webp\" class=\"attachment-original size-original\" alt=\"V\u00fdrobn\u00e1 linka automatick\u00e9ho stroja na \u0165ahanie klincov\" srcset=\"https:\/\/swoer.com\/wp-content\/uploads\/2024\/04\/Automatic-nail-pulling-machine-factory-line.webp 554w, https:\/\/swoer.com\/wp-content\/uploads\/2024\/04\/Automatic-nail-pulling-machine-factory-line-300x149.webp 300w\" sizes=\"(max-width: 554px) 100vw, 554px\" \/>\t\t\t\t\t\t\n\t\t\t\t\t<\/div>\n\t\t\t\t\t\t\t\t\n<style>\n#image_2045391367 {\n  width: 100%;\n}\n<\/style>\n\t<\/div>\n\t\n<p><strong>Zostava nitovacej pi\u0161tole sa sklad\u00e1 z nitovacej pi\u0161tole, mechanizmu na pr\u00edjem nitov a mechanizmu na zber a v\u00fdstup sign\u00e1lu.<\/strong><\/p>\n<p>Nitovacia pi\u0161to\u013e je rozhoduj\u00faca pre nitovanie, \u010di u\u017e manu\u00e1lne alebo automatick\u00e9. Mechanizmus prij\u00edmania nitov riaden\u00fd hostite\u013esk\u00fdm po\u010d\u00edta\u010dom vklad\u00e1 nity z potrubia do nitovacej trysky, \u010do je z\u00e1kladn\u00e1 technol\u00f3gia automatick\u00e9ho nitovacieho stroja. Okrem toho mechanizmus zberu a v\u00fdstupu sign\u00e1lu sp\u00fa\u0161\u0165a \u010dinnos\u0165 stroja zhroma\u017e\u010fovan\u00edm a v\u00fdstupom sign\u00e1lov.<\/p>\n\t\t<\/div>\n\t\t\t\t\t<\/div>\n\n\t\n<\/div>\n\t\t<\/div>\n\n\t\t\n<style>\n#section_1046585369 {\n  padding-top: 30px;\n  padding-bottom: 30px;\n}\n#section_1046585369 .ux-shape-divider--top svg {\n  height: 150px;\n  --divider-top-width: 100%;\n}\n#section_1046585369 .ux-shape-divider--bottom svg {\n  height: 150px;\n  --divider-width: 100%;\n}\n<\/style>\n\t<\/section>\n\t\n\t<section class=\"section\" id=\"section_1535119238\">\n\t\t<div class=\"bg section-bg fill bg-fill  bg-loaded\" >\n\n\t\t\t\n\t\t\t\n\t\t\t\n\n\t\t<\/div>\n\n\t\t\n\n\t\t<div class=\"section-content relative\">\n\t\t\t\n<h2 style=\"text-align: center;\"><strong><b>Auto <\/b><\/strong><strong><b>Nitovanie <\/b><\/strong><strong><b>M<\/b><\/strong><strong><b>achine<\/b><\/strong><strong><b>\u00a0S<\/b><\/strong><strong><b>\u0161pecifik\u00e1cie<\/b><\/strong><\/h2>\n<table>\n<tbody>\n<tr>\n<td width=\"85\">\u0160pecifik\u00e1cia<\/td>\n<td width=\"89\">Rozmer<\/p>\n<p>(mm)<\/td>\n<td width=\"67\">Nap\u00e4tie<\/td>\n<td width=\"62\">Pracovn\u00fd tlak vzduchu<\/td>\n<td width=\"54\">Hmotnos\u0165<\/td>\n<td width=\"77\">R\u00fdchlos\u0165 dod\u00e1vania nechtov (zrno\/min)<\/td>\n<td width=\"85\">Maxim\u00e1lna \u0161pecifik\u00e1cia nechtov<\/td>\n<td width=\"45\">Hlu\u010dnos\u0165 (dB)<\/td>\n<\/tr>\n<tr>\n<td width=\"85\">SW-MDJ-240<\/td>\n<td width=\"89\">440*350*420<\/td>\n<td width=\"67\">220<\/td>\n<td width=\"62\">3.2<\/td>\n<td width=\"54\">40<\/td>\n<td width=\"77\">40-60<\/td>\n<td width=\"85\">3,4\u2264d\uff1c3<\/td>\n<td width=\"45\">40<\/td>\n<\/tr>\n<tr>\n<td width=\"85\">SW-MDJ-300<\/td>\n<td width=\"89\">440*350*420<\/td>\n<td width=\"67\">220<\/td>\n<td width=\"62\">3.4<\/td>\n<td width=\"54\">46<\/td>\n<td width=\"77\">40-55<\/td>\n<td width=\"85\">3\u2264d\u22643,2<\/td>\n<td width=\"45\">40<\/td>\n<\/tr>\n<tr>\n<td width=\"85\">SW-MDJ-320<\/td>\n<td width=\"89\">440*350*420<\/td>\n<td width=\"67\">220<\/td>\n<td width=\"62\">3.6<\/td>\n<td width=\"54\">50<\/td>\n<td width=\"77\">40-50<\/td>\n<td width=\"85\">3.2\u2264d\uff1c3.7<\/td>\n<td width=\"45\">40<\/td>\n<\/tr>\n<tr>\n<td width=\"85\">SW-MDJ-400<\/td>\n<td width=\"89\">440*350*420<\/td>\n<td width=\"67\">220<\/td>\n<td width=\"62\">3.8<\/td>\n<td width=\"54\">56<\/td>\n<td width=\"77\">40<\/td>\n<td width=\"85\">3,7 \u2264 d \u2264 4,4<\/td>\n<td width=\"45\">40<\/td>\n<\/tr>\n<tr>\n<td width=\"85\">SW-MDJ-480<\/td>\n<td width=\"89\">440*350*420<\/td>\n<td width=\"67\">220<\/td>\n<td width=\"62\">4<\/td>\n<td width=\"54\">58<\/td>\n<td width=\"77\">35-40<\/td>\n<td width=\"85\">4,5 \u2264 d \u2264 5,0<\/td>\n<td width=\"45\">40<\/td>\n<\/tr>\n<\/tbody>\n<\/table>\n<p><strong><b>Pozn\u00e1mka:<\/b><\/strong>\u00a0Konkr\u00e9tny model by sa mal ur\u010di\u0165 pod\u013ea skuto\u010dn\u00fdch \u0161pecifik\u00e1ci\u00ed nitu. T\u00e1to tabu\u013eka je len orienta\u010dn\u00e1.<\/p>\n\t\t<\/div>\n\n\t\t\n<style>\n#section_1535119238 {\n  padding-top: 30px;\n  padding-bottom: 30px;\n}\n#section_1535119238 .ux-shape-divider--top svg {\n  height: 150px;\n  --divider-top-width: 100%;\n}\n#section_1535119238 .ux-shape-divider--bottom svg {\n  height: 150px;\n  --divider-width: 100%;\n}\n<\/style>\n\t<\/section>\n\t\n\t<section class=\"section\" id=\"section_646457083\">\n\t\t<div class=\"bg section-bg fill bg-fill  bg-loaded\" >\n\n\t\t\t\n\t\t\t\n\t\t\t\n\n\t\t<\/div>\n\n\t\t\n\n\t\t<div class=\"section-content relative\">\n\t\t\t\n<h2 style=\"text-align: center;\"><strong><b>SVOER <\/b><\/strong><strong><b>R<\/b><\/strong><strong><b>ivet<\/b><\/strong><strong><b>ing<\/b><\/strong><strong><b>\u00a0<\/b><\/strong><strong><b>M<\/b><\/strong><strong><b>achine <\/b><\/strong><strong><b>W<\/b><\/strong><strong><b>orking <\/b><\/strong><strong><b>P<\/b><\/strong><strong><b>z\u00e1sada a <\/b><\/strong><strong><b>F<\/b><\/strong><strong><b>pomazanie<\/b><\/strong><\/h2>\n<h3><strong><b>Princ\u00edp:<\/b><\/strong><\/h3>\n<p>Nity s\u00fa nas\u00e1van\u00e9 do trysky nitovacej pi\u0161tole spoliehan\u00edm sa na podtlak v tryske nitovacej pi\u0161tole; automatick\u00fd nitovac\u00ed stroj SWOER je automatizovan\u00e1 verzia automatickej nitovacej pi\u0161tole.<\/p>\n<p>Spolieha sa na stroj, ktor\u00fd automaticky usporiada a oddel\u00ed nity a pou\u017e\u00edva stla\u010den\u00fd vzduch ako energiu na automatick\u00fa prepravu nitov do trysky nitovacej pi\u0161tole potrub\u00edm.<\/p>\n<h3><strong><b>Funkcia:<\/b><\/strong><\/h3>\n<p>S automatick\u00fdm strojom na \u0165ahanie klincov SWOER mo\u017eno vykon\u00e1va\u0165 n\u00e1ro\u010dn\u00e9 \u00falohy, ktor\u00e9 sa vo ve\u013ekej miere spoliehaj\u00fa na ruky sk\u00fasen\u00fdch pracovn\u00edkov<\/p>\n<p>Oper\u00e1cie ru\u010dn\u00e9ho \u0165ahania klincov mo\u017eno pov\u00fd\u0161i\u0165 na automatizovan\u00e9 alebo bezobslu\u017en\u00e9 oper\u00e1cie.<\/p>\n<h3><strong><b>\u00da\u010dinok:<\/b><\/strong><\/h3>\n<ol>\n<li><strong><b> U\u0161etrite pracovn\u00edkov a zjednodu\u0161te si spr\u00e1vu<\/b><\/strong><\/li>\n<\/ol>\n<p>R\u00fdchlos\u0165 \u0165ahania klincov je vysok\u00e1, jedna osoba m\u00f4\u017ee vykon\u00e1va\u0165 pr\u00e1cu dvoch \u013eud\u00ed a je tu menej pracovn\u00edkov, \u010do zni\u017euje n\u00e1klady na riadenie alebo mzdy.<\/p>\n<ol start=\"2\">\n<li><strong><b> Vysok\u00e1 \u00fa\u010dinnos\u0165 a \u00faspora n\u00e1kladov<\/b><\/strong><\/li>\n<\/ol>\n<p>Nie je potrebn\u00e9 vybera\u0165 nity ru\u010dne, \u010do \u0161etr\u00ed \u010das pri prib\u00edjan\u00ed. V\u00fdkon je zv\u00fd\u0161en\u00fd oproti origin\u00e1lu, denn\u00fd v\u00fdkon je dokon\u010den\u00fd v predstihu a objem v\u00fdroby je zn\u00ed\u017een\u00fd. U\u017e \u017eiadne nad\u010dasy po\u010das kr\u00e1tkodob\u00fdch pracovn\u00fdch hod\u00edn.<\/p>\n<ol start=\"3\">\n<li><strong><b> Super \u010dist\u00e9 a kvalitn\u00e9<\/b><\/strong><\/li>\n<\/ol>\n<p>Nit je automaticky odoslan\u00fd do trysky pi\u0161tole, nie je potrebn\u00e9 ho bra\u0165 ru\u010dne, \u010d\u00edm sa zni\u017euje sekund\u00e1rne zne\u010distenie; dr\u017ete v\u00fdrobok \u013eavou rukou, nemus\u00edte sa ob\u00e1va\u0165. Polohy otvorov s\u00fa nerovnomern\u00e9, \u010do vedie k zn\u00ed\u017een\u00e9mu v\u00fdkonu alebo sekund\u00e1rnemu prepracovaniu.<\/p>\n<ol start=\"4\">\n<li><strong><b> Netreba to bra\u0165 ru\u010dne, jednoduch\u0161ie<\/b><\/strong><\/li>\n<\/ol>\n<p>\u013dav\u00e1 ruka nemus\u00ed pracova\u0165 a m\u00f4\u017ee dr\u017ea\u0165 v\u00fdrobok, \u010do v\u00fdrazne zni\u017euje pracovn\u00fa n\u00e1ro\u010dnos\u0165 pracovn\u00edkov.<\/p>\n<ol start=\"5\">\n<li><strong><b> Netreba ma\u0165 sk\u00fasenosti, \u013eahko sa nau\u010d\u00edte<\/b><\/strong><\/li>\n<\/ol>\n<p>Ovl\u00e1da\u0165 ho m\u00f4\u017eu sk\u00fasen\u00e9 aj sk\u00fasen\u00e9 ruky a nie je potrebn\u00e9 \u017eiadne \u0161kolenie. M\u00f4\u017eu okam\u017eite za\u010da\u0165 pracova\u0165; nie je potrebn\u00e9 sa ob\u00e1va\u0165 straty produkcie sk\u00fasen\u00fdmi rukami.<\/p>\n\t\t<\/div>\n\n\t\t\n<style>\n#section_646457083 {\n  padding-top: 30px;\n  padding-bottom: 30px;\n}\n#section_646457083 .ux-shape-divider--top svg {\n  height: 150px;\n  --divider-top-width: 100%;\n}\n#section_646457083 .ux-shape-divider--bottom svg {\n  height: 150px;\n  --divider-width: 100%;\n}\n<\/style>\n\t<\/section>\n\t\n\t<section class=\"section\" id=\"section_685210075\">\n\t\t<div class=\"bg section-bg fill bg-fill  bg-loaded\" >\n\n\t\t\t\n\t\t\t\n\t\t\t\n\n\t\t<\/div>\n\n\t\t\n\n\t\t<div class=\"section-content relative\">\n\t\t\t\n<h2 style=\"text-align: center;\"><strong><b>Rozsah <\/b><\/strong><strong><b>A<\/b><\/strong><strong><b>aplik\u00e1cia <\/b><\/strong><strong><b>The Nail<\/b><\/strong><\/h2>\n\t<div class=\"img has-hover x md-x lg-x y md-y lg-y\" id=\"image_654645226\">\n\t\t\t\t\t\t\t\t<div class=\"img-inner dark\" >\n\t\t\t<img loading=\"lazy\" decoding=\"async\" width=\"553\" height=\"156\" src=\"https:\/\/swoer.com\/wp-content\/uploads\/2024\/04\/Scope-of-Application-of-The-Nail.webp\" class=\"attachment-original size-original\" alt=\"Rozsah pou\u017eitia nechtov\" srcset=\"https:\/\/swoer.com\/wp-content\/uploads\/2024\/04\/Scope-of-Application-of-The-Nail.webp 553w, https:\/\/swoer.com\/wp-content\/uploads\/2024\/04\/Scope-of-Application-of-The-Nail-300x85.webp 300w\" sizes=\"(max-width: 553px) 100vw, 553px\" \/>\t\t\t\t\t\t\n\t\t\t\t\t<\/div>\n\t\t\t\t\t\t\t\t\n<style>\n#image_654645226 {\n  width: 100%;\n}\n<\/style>\n\t<\/div>\n\t\n<table>\n<tbody>\n<tr>\n<td colspan=\"3\" width=\"568\">\n<h4 style=\"text-align: center;\"><strong>Rozsah pou\u017eitia nitov (jednotka: mm)<\/strong><\/h4>\n<\/td>\n<\/tr>\n<tr>\n<td width=\"189\">K\u00f3d mena<\/td>\n<td width=\"189\">Min. ve\u013ekos\u0165<\/td>\n<td width=\"189\">Maxim\u00e1lna ve\u013ekos\u0165<\/td>\n<\/tr>\n<tr>\n<td width=\"189\">Priemer nitovacej r\u00farky A<\/td>\n<td width=\"189\">2.4<\/td>\n<td width=\"189\">4.8<\/td>\n<\/tr>\n<tr>\n<td width=\"189\">D\u013a\u017eka nitovacej r\u00farky B<\/td>\n<td width=\"189\">2<\/td>\n<td width=\"189\">15<\/td>\n<\/tr>\n<tr>\n<td width=\"189\">Priemer okraja klob\u00faka C<\/td>\n<td width=\"189\">4<\/td>\n<td width=\"189\">9.5<\/td>\n<\/tr>\n<tr>\n<td width=\"189\">Priemer vy\u0165ahovacieho jadra D<\/td>\n<td width=\"189\">1.4<\/td>\n<td width=\"189\">3<\/td>\n<\/tr>\n<tr>\n<td width=\"189\">D\u013a\u017eka vy\u0165ahovacieho jadra E<\/td>\n<td width=\"189\">24<\/td>\n<td width=\"189\">36<\/td>\n<\/tr>\n<tr>\n<td width=\"189\">Celkov\u00e1 d\u013a\u017eka nitu F<\/td>\n<td width=\"189\">28<\/td>\n<td width=\"189\">48<\/td>\n<\/tr>\n<\/tbody>\n<\/table>\n<p><strong><b>Pozn\u00e1mka:<\/b><\/strong><\/p>\n<ol>\n<li>Vonkaj\u0161ie rozmery nitov musia sp\u013a\u0148a\u0165 tento rozsah.<\/li>\n<li>Niektor\u00e9 \u0161peci\u00e1lne nity: ak je d\u013a\u017eka nitovacej r\u00farky v\u00e4\u010d\u0161ia ako 13 mm, d\u013a\u017eka jadra mus\u00ed by\u0165 v\u00e4\u010d\u0161ia ako 28 mm; ke\u010f je d\u013a\u017eka nitovacej r\u00farky rovn\u00e1 17 mm, d\u013a\u017eka jadra nesmie by\u0165 men\u0161ia ako 26 mm.<\/li>\n<li>Po\u017eiadavky na typ nitov: Nity z nehrdzavej\u00facej ocele vy\u017eaduj\u00fa n\u00edzku \u010distotu, zatia\u013e \u010do in\u00e9 nity, ako s\u00fa \u017eelezn\u00e9 klince a oce\u013eov\u00e9 klince, nemaj\u00fa \u017eiadne po\u017eiadavky.<\/li>\n<\/ol>\n\t\t<\/div>\n\n\t\t\n<style>\n#section_685210075 {\n  padding-top: 30px;\n  padding-bottom: 30px;\n}\n#section_685210075 .ux-shape-divider--top svg {\n  height: 150px;\n  --divider-top-width: 100%;\n}\n#section_685210075 .ux-shape-divider--bottom svg {\n  height: 150px;\n  --divider-width: 100%;\n}\n<\/style>\n\t<\/section>\n\t\n\t<section class=\"section\" id=\"section_1919927027\">\n\t\t<div class=\"bg section-bg fill bg-fill  bg-loaded\" >\n\n\t\t\t\n\t\t\t\n\t\t\t\n\n\t\t<\/div>\n\n\t\t\n\n\t\t<div class=\"section-content relative\">\n\t\t\t\n<h2 style=\"text-align: center;\"><strong><b>Pole aplik\u00e1cie<\/b><\/strong><\/h2>\n<p>Automatick\u00e1 nitova\u010dka SWOER je vhodn\u00e1 na nitovacie oper\u00e1cie sp\u00e1jania dvoch alebo viacer\u00fdch vrstiev panelov r\u00f4znych materi\u00e1lov a hr\u00fabok cez nity. Je \u0161iroko pou\u017e\u00edvan\u00fd v podvozkoch, skriniach, osvetlen\u00ed, automobiloch, lodiach, lietadl\u00e1ch, mal\u00fdch dom\u00e1cich spotrebi\u010doch, oper\u00e1ci\u00e1ch na \u0165ahanie klincov v serveroch, elektrick\u00fdch r\u00farach, mikrovlnn\u00fdch r\u00farach, balen\u00ed lik\u00e9rov a in\u00fdch priemyseln\u00fdch odvetviach.<\/p>\n\t<div class=\"img has-hover x md-x lg-x y md-y lg-y\" id=\"image_1245762217\">\n\t\t\t\t\t\t\t\t<div class=\"img-inner dark\" >\n\t\t\t<img loading=\"lazy\" decoding=\"async\" width=\"553\" height=\"212\" src=\"https:\/\/swoer.com\/wp-content\/uploads\/2024\/04\/automatic-riveting-machine-application-field.webp\" class=\"attachment-original size-original\" alt=\"oblas\u0165 pou\u017eitia automatick\u00fdch nitovac\u00edch strojov\" srcset=\"https:\/\/swoer.com\/wp-content\/uploads\/2024\/04\/automatic-riveting-machine-application-field.webp 553w, https:\/\/swoer.com\/wp-content\/uploads\/2024\/04\/automatic-riveting-machine-application-field-300x115.webp 300w\" sizes=\"(max-width: 553px) 100vw, 553px\" \/>\t\t\t\t\t\t\n\t\t\t\t\t<\/div>\n\t\t\t\t\t\t\t\t\n<style>\n#image_1245762217 {\n  width: 100%;\n}\n<\/style>\n\t<\/div>\n\t\n\t\t<\/div>\n\n\t\t\n<style>\n#section_1919927027 {\n  padding-top: 30px;\n  padding-bottom: 30px;\n}\n#section_1919927027 .ux-shape-divider--top svg {\n  height: 150px;\n  --divider-top-width: 100%;\n}\n#section_1919927027 .ux-shape-divider--bottom svg {\n  height: 150px;\n  --divider-width: 100%;\n}\n<\/style>\n\t<\/section>","protected":false},"excerpt":{"rendered":"","protected":false},"author":1,"featured_media":0,"parent":0,"menu_order":0,"comment_status":"closed","ping_status":"closed","template":"","meta":{"footnotes":""},"yoast_head":"<!-- This site is optimized with the Yoast SEO plugin v22.2 - https:\/\/yoast.com\/wordpress\/plugins\/seo\/ -->\n<title>Auto Screw Feeder Machine - SWOER<\/title>\n<meta name=\"description\" content=\"Swoer is a professional manufacturer of auto screw feeder machine.\" \/>\n<meta name=\"robots\" content=\"index, follow, max-snippet:-1, max-image-preview:large, max-video-preview:-1\" \/>\n<link rel=\"canonical\" href=\"https:\/\/swoer.com\/sk\/automatic-rivet-machine\/\" \/>\n<meta property=\"og:locale\" content=\"sk_SK\" \/>\n<meta property=\"og:type\" content=\"article\" \/>\n<meta property=\"og:title\" content=\"Auto Screw Feeder Machine - SWOER\" \/>\n<meta property=\"og:description\" content=\"Swoer is a professional manufacturer of auto screw feeder machine.\" \/>\n<meta property=\"og:url\" content=\"https:\/\/swoer.com\/sk\/automatic-rivet-machine\/\" \/>\n<meta property=\"og:site_name\" content=\"SWOER\" \/>\n<meta property=\"article:modified_time\" content=\"2024-12-02T09:21:30+00:00\" \/>\n<meta name=\"twitter:card\" content=\"summary_large_image\" \/>\n<meta name=\"twitter:label1\" content=\"Predpokladan\u00fd \u010das \u010d\u00edtania\" \/>\n\t<meta name=\"twitter:data1\" content=\"5 min\u00fat\" \/>\n<script type=\"application\/ld+json\" class=\"yoast-schema-graph\">{\"@context\":\"https:\/\/schema.org\",\"@graph\":[{\"@type\":\"WebPage\",\"@id\":\"https:\/\/swoer.com\/automatic-rivet-machine\/\",\"url\":\"https:\/\/swoer.com\/automatic-rivet-machine\/\",\"name\":\"Auto Screw Feeder Machine - SWOER\",\"isPartOf\":{\"@id\":\"https:\/\/swoer.com\/#website\"},\"datePublished\":\"2024-04-02T07:05:58+00:00\",\"dateModified\":\"2024-12-02T09:21:30+00:00\",\"description\":\"Swoer is a professional manufacturer of auto screw feeder machine.\",\"breadcrumb\":{\"@id\":\"https:\/\/swoer.com\/automatic-rivet-machine\/#breadcrumb\"},\"inLanguage\":\"sk-SK\",\"potentialAction\":[{\"@type\":\"ReadAction\",\"target\":[\"https:\/\/swoer.com\/automatic-rivet-machine\/\"]}]},{\"@type\":\"BreadcrumbList\",\"@id\":\"https:\/\/swoer.com\/automatic-rivet-machine\/#breadcrumb\",\"itemListElement\":[{\"@type\":\"ListItem\",\"position\":1,\"name\":\"Home\",\"item\":\"https:\/\/swoer.com\/\"},{\"@type\":\"ListItem\",\"position\":2,\"name\":\"Auto Screw Feeder Machine\"}]},{\"@type\":\"WebSite\",\"@id\":\"https:\/\/swoer.com\/#website\",\"url\":\"https:\/\/swoer.com\/\",\"name\":\"SWOER\",\"description\":\"Swoer is the top 3 vibratory bowl feeder manufacturer in China\",\"potentialAction\":[{\"@type\":\"SearchAction\",\"target\":{\"@type\":\"EntryPoint\",\"urlTemplate\":\"https:\/\/swoer.com\/?s={search_term_string}\"},\"query-input\":\"required name=search_term_string\"}],\"inLanguage\":\"sk-SK\"}]}<\/script>\n<!-- \/ Yoast SEO plugin. -->","yoast_head_json":{"title":"Auto Screw Feeder Machine - SWOER","description":"Swoer is a professional manufacturer of auto screw feeder machine.","robots":{"index":"index","follow":"follow","max-snippet":"max-snippet:-1","max-image-preview":"max-image-preview:large","max-video-preview":"max-video-preview:-1"},"canonical":"https:\/\/swoer.com\/sk\/automatic-rivet-machine\/","og_locale":"sk_SK","og_type":"article","og_title":"Auto Screw Feeder Machine - SWOER","og_description":"Swoer is a professional manufacturer of auto screw feeder machine.","og_url":"https:\/\/swoer.com\/sk\/automatic-rivet-machine\/","og_site_name":"SWOER","article_modified_time":"2024-12-02T09:21:30+00:00","twitter_card":"summary_large_image","twitter_misc":{"Predpokladan\u00fd \u010das \u010d\u00edtania":"5 min\u00fat"},"schema":{"@context":"https:\/\/schema.org","@graph":[{"@type":"WebPage","@id":"https:\/\/swoer.com\/automatic-rivet-machine\/","url":"https:\/\/swoer.com\/automatic-rivet-machine\/","name":"Auto Screw Feeder Machine - SWOER","isPartOf":{"@id":"https:\/\/swoer.com\/#website"},"datePublished":"2024-04-02T07:05:58+00:00","dateModified":"2024-12-02T09:21:30+00:00","description":"Swoer is a professional manufacturer of auto screw feeder machine.","breadcrumb":{"@id":"https:\/\/swoer.com\/automatic-rivet-machine\/#breadcrumb"},"inLanguage":"sk-SK","potentialAction":[{"@type":"ReadAction","target":["https:\/\/swoer.com\/automatic-rivet-machine\/"]}]},{"@type":"BreadcrumbList","@id":"https:\/\/swoer.com\/automatic-rivet-machine\/#breadcrumb","itemListElement":[{"@type":"ListItem","position":1,"name":"Home","item":"https:\/\/swoer.com\/"},{"@type":"ListItem","position":2,"name":"Auto Screw Feeder Machine"}]},{"@type":"WebSite","@id":"https:\/\/swoer.com\/#website","url":"https:\/\/swoer.com\/","name":"SWOER","description":"Swoer is the top 3 vibratory bowl feeder manufacturer in China","potentialAction":[{"@type":"SearchAction","target":{"@type":"EntryPoint","urlTemplate":"https:\/\/swoer.com\/?s={search_term_string}"},"query-input":"required name=search_term_string"}],"inLanguage":"sk-SK"}]}},"_links":{"self":[{"href":"https:\/\/swoer.com\/sk\/wp-json\/wp\/v2\/pages\/1823"}],"collection":[{"href":"https:\/\/swoer.com\/sk\/wp-json\/wp\/v2\/pages"}],"about":[{"href":"https:\/\/swoer.com\/sk\/wp-json\/wp\/v2\/types\/page"}],"author":[{"embeddable":true,"href":"https:\/\/swoer.com\/sk\/wp-json\/wp\/v2\/users\/1"}],"replies":[{"embeddable":true,"href":"https:\/\/swoer.com\/sk\/wp-json\/wp\/v2\/comments?post=1823"}],"version-history":[{"count":15,"href":"https:\/\/swoer.com\/sk\/wp-json\/wp\/v2\/pages\/1823\/revisions"}],"predecessor-version":[{"id":2952,"href":"https:\/\/swoer.com\/sk\/wp-json\/wp\/v2\/pages\/1823\/revisions\/2952"}],"wp:attachment":[{"href":"https:\/\/swoer.com\/sk\/wp-json\/wp\/v2\/media?parent=1823"}],"curies":[{"name":"wp","href":"https:\/\/api.w.org\/{rel}","templated":true}]}}