{"id":3343,"date":"2025-04-25T10:07:57","date_gmt":"2025-04-25T02:07:57","guid":{"rendered":"https:\/\/swoer.com\/?post_type=product&#038;p=3343"},"modified":"2025-04-25T14:13:46","modified_gmt":"2025-04-25T06:13:46","slug":"vibrating-bowl-feeder-%ef%bc%8dvibration-bowl-feeder-%ef%bc%8dbowl-feeder","status":"publish","type":"product","link":"https:\/\/swoer.com\/ro\/manufacturer\/vibrating-bowl-feeder-%ef%bc%8dvibration-bowl-feeder-%ef%bc%8dbowl-feeder\/","title":{"rendered":"Alimentator cu vibra\u021bii \uff0dAlimentator cu vibra\u021bii \uff0dAlimentator pentru bol"},"content":{"rendered":"<h2 data-start=\"60\" data-end=\"115\">De ce s\u0103 alege\u021bi SWOER pentru alimentatoarele cu bol vibrante personalizate?<\/h2>\n<ul data-start=\"117\" data-end=\"772\">\n<li class=\"\" data-start=\"117\" data-end=\"212\">\n<p class=\"\" data-start=\"119\" data-end=\"212\"><strong data-start=\"119\" data-end=\"135\">La comanda:<\/strong> Fiecare alimentator cu bol este conceput pentru a se potrivi cu dimensiunea, forma \u0219i nevoile dvs. de alimentare.<\/p>\n<\/li>\n<li class=\"\" data-start=\"213\" data-end=\"325\">\n<p class=\"\" data-start=\"215\" data-end=\"325\"><strong data-start=\"215\" data-end=\"245\">Hr\u0103nire precis\u0103 \u0219i rapid\u0103:<\/strong> Alimentatoarele SWOER men\u021bin piesele \u00een mi\u0219care lin\u0103 \u0219i rapid\u0103 \u00een linia dumneavoastr\u0103 de automatizare.<\/p>\n<\/li>\n<li class=\"\" data-start=\"326\" data-end=\"449\">\n<p class=\"\" data-start=\"328\" data-end=\"449\"><strong data-start=\"328\" data-end=\"357\">Experien\u021b\u0103 bogat\u0103 \u00een industrie:<\/strong> Peste 10 ani de lucru cu produc\u0103tori de ma\u0219ini, electronice, dispozitive medicale \u0219i companii de ambalare.<\/p>\n<\/li>\n<li class=\"\" data-start=\"450\" data-end=\"555\">\n<p class=\"\" data-start=\"452\" data-end=\"555\"><strong data-start=\"452\" data-end=\"479\">Mic \u0219i economise\u0219te spa\u021biu:<\/strong> Manevreaza piese mici de pana la 2 mm; excelent pentru a economisi spa\u021biu pe ma\u0219inile dvs.<\/p>\n<\/li>\n<li class=\"\" data-start=\"556\" data-end=\"654\">\n<p class=\"\" data-start=\"558\" data-end=\"654\"><strong data-start=\"558\" data-end=\"577\">Calitate stabil\u0103:<\/strong> Toate hr\u0103nitoarele sunt testate cu aten\u021bie pentru a v\u0103 asigura c\u0103 func\u021bioneaz\u0103 bine \u0219i dureaz\u0103 mult.<\/p>\n<\/li>\n<li class=\"\" data-start=\"655\" data-end=\"772\">\n<p class=\"\" data-start=\"657\" data-end=\"772\"><strong data-start=\"657\" data-end=\"681\">Serviciu global rapid:<\/strong> Cu o filial\u0103 \u00een Vietnam \u0219i asisten\u021b\u0103 rapid\u0103 \u00een Asia \u0219i Europa, este u\u0219or s\u0103 lucr\u0103m cu noi.<\/p>\n<\/li>\n<\/ul>\n\t<div id=\"gap-890530545\" class=\"gap-element clearfix\" style=\"display:block; height:auto;\">\n\t\t\n<style>\n#gap-890530545 {\n  padding-top: 30px;\n}\n<\/style>\n\t<\/div>\n\t\n<h2 data-start=\"57\" data-end=\"120\">Informa\u021bii necesare pentru a v\u0103 personaliza alimentatorul cu bol vibrant:<\/h2>\n<ol data-start=\"122\" data-end=\"1419\">\n<li class=\"\" data-start=\"122\" data-end=\"285\">\n<p class=\"\" data-start=\"125\" data-end=\"155\"><strong data-start=\"125\" data-end=\"153\">Mostre de piese sau desene<\/strong><\/p>\n<ul data-start=\"159\" data-end=\"285\">\n<li class=\"\" data-start=\"159\" data-end=\"212\">\n<p class=\"\" data-start=\"161\" data-end=\"212\">Trimite\u021bi-ne mostre de piese reale sau desene 3D clare<\/p>\n<\/li>\n<li class=\"\" data-start=\"216\" data-end=\"285\">\n<p class=\"\" data-start=\"218\" data-end=\"285\">Verific\u0103m dimensiunea, forma, materialul, suprafa\u021ba \u0219i modul \u00een care trebuie s\u0103 se confrunte piesele<\/p>\n<\/li>\n<\/ul>\n<\/li>\n<li class=\"\" data-start=\"287\" data-end=\"418\">\n<p class=\"\" data-start=\"290\" data-end=\"313\"><strong data-start=\"290\" data-end=\"311\">Direc\u021bia de alimentare<\/strong><\/p>\n<ul data-start=\"317\" data-end=\"418\">\n<li class=\"\" data-start=\"317\" data-end=\"369\">\n<p class=\"\" data-start=\"319\" data-end=\"369\">Ar trebui piesele s\u0103 se mi\u0219te \u00een sensul acelor de ceasornic sau \u00een sens invers acelor de ceasornic?<\/p>\n<\/li>\n<li class=\"\" data-start=\"373\" data-end=\"418\">\n<p class=\"\" data-start=\"375\" data-end=\"418\">Au nevoie s\u0103 fie cu fa\u021ba \u00een sus, \u00een jos sau \u00een lateral?<\/p>\n<\/li>\n<\/ul>\n<\/li>\n<li class=\"\" data-start=\"420\" data-end=\"518\">\n<p class=\"\" data-start=\"423\" data-end=\"442\"><strong data-start=\"423\" data-end=\"440\">Viteza de alimentare<\/strong><\/p>\n<ul data-start=\"446\" data-end=\"518\">\n<li class=\"\" data-start=\"446\" data-end=\"488\">\n<p class=\"\" data-start=\"448\" data-end=\"488\">De c\u00e2te p\u0103r\u021bi pe minut ave\u021bi nevoie?<\/p>\n<\/li>\n<li class=\"\" data-start=\"492\" data-end=\"518\">\n<p class=\"\" data-start=\"494\" data-end=\"518\">Orice cerin\u021be de sincronizare?<\/p>\n<\/li>\n<\/ul>\n<\/li>\n<li class=\"\" data-start=\"520\" data-end=\"654\">\n<p class=\"\" data-start=\"523\" data-end=\"538\"><strong data-start=\"523\" data-end=\"536\">Dimensiunea piesei<\/strong><\/p>\n<ul data-start=\"542\" data-end=\"654\">\n<li class=\"\" data-start=\"542\" data-end=\"609\">\n<p class=\"\" data-start=\"544\" data-end=\"609\">Care este cea mai mic\u0103 \u0219i cea mai mare dimensiune a pieselor dvs. (L x l x H)?<\/p>\n<\/li>\n<li class=\"\" data-start=\"613\" data-end=\"654\">\n<p class=\"\" data-start=\"615\" data-end=\"654\">P\u0103r\u021bile sunt foarte mici sau au o form\u0103 ciudat\u0103?<\/p>\n<\/li>\n<\/ul>\n<\/li>\n<li class=\"\" data-start=\"656\" data-end=\"807\">\n<p class=\"\" data-start=\"659\" data-end=\"678\"><strong data-start=\"659\" data-end=\"676\">Partea Material<\/strong><\/p>\n<ul data-start=\"682\" data-end=\"807\">\n<li class=\"\" data-start=\"682\" data-end=\"742\">\n<p class=\"\" data-start=\"684\" data-end=\"742\">Piesele sunt din plastic, metal, cauciuc sau altceva?<\/p>\n<\/li>\n<li class=\"\" data-start=\"746\" data-end=\"807\">\n<p class=\"\" data-start=\"748\" data-end=\"807\">Acest lucru ne ajut\u0103 s\u0103 alegem stratul potrivit sau tratamentul de suprafa\u021b\u0103<\/p>\n<\/li>\n<\/ul>\n<\/li>\n<li class=\"\" data-start=\"809\" data-end=\"946\">\n<p class=\"\" data-start=\"812\" data-end=\"837\"><strong data-start=\"812\" data-end=\"835\">Mediul de lucru<\/strong><\/p>\n<ul data-start=\"841\" data-end=\"946\">\n<li class=\"\" data-start=\"841\" data-end=\"891\">\n<p class=\"\" data-start=\"843\" data-end=\"891\">Este o camer\u0103 curat\u0103, un loc fierbinte, umed sau pr\u0103fuit?<\/p>\n<\/li>\n<li class=\"\" data-start=\"895\" data-end=\"946\">\n<p class=\"\" data-start=\"897\" data-end=\"946\">Ce sursa de alimentare folosesti? (de ex. 220V sau 110V)<\/p>\n<\/li>\n<\/ul>\n<\/li>\n<li class=\"\" data-start=\"948\" data-end=\"1113\">\n<p class=\"\" data-start=\"951\" data-end=\"976\"><strong data-start=\"951\" data-end=\"974\">Echipamente conectate<\/strong><\/p>\n<ul data-start=\"980\" data-end=\"1113\">\n<li class=\"\" data-start=\"980\" data-end=\"1045\">\n<p class=\"\" data-start=\"982\" data-end=\"1045\">\u00cel vei folosi cu un sistem de camer\u0103, un bra\u021b robot sau un transportor?<\/p>\n<\/li>\n<li class=\"\" data-start=\"1049\" data-end=\"1113\">\n<p class=\"\" data-start=\"1051\" data-end=\"1113\">Cum dori\u021bi s\u0103 ias\u0103 piesele - glisare, \u0219in\u0103 sau \u0219in\u0103?<\/p>\n<\/li>\n<\/ul>\n<\/li>\n<li class=\"\" data-start=\"1115\" data-end=\"1283\">\n<p class=\"\" data-start=\"1118\" data-end=\"1155\"><strong data-start=\"1118\" data-end=\"1153\">Materialul bolului \u0219i nevoile de suprafa\u021b\u0103<\/strong><\/p>\n<ul data-start=\"1159\" data-end=\"1283\">\n<li class=\"\" data-start=\"1159\" data-end=\"1221\">\n<p class=\"\" data-start=\"1161\" data-end=\"1221\">Vrei un bol din o\u021bel inoxidabil, aluminiu sau plastic?<\/p>\n<\/li>\n<li class=\"\" data-start=\"1225\" data-end=\"1283\">\n<p class=\"\" data-start=\"1227\" data-end=\"1283\">Ave\u021bi nevoie de un strat suplimentar pentru a reduce zgomotul sau pentru a proteja piesele?<\/p>\n<\/li>\n<\/ul>\n<\/li>\n<li class=\"\" data-start=\"1285\" data-end=\"1419\">\n<p class=\"\" data-start=\"1288\" data-end=\"1316\"><strong data-start=\"1288\" data-end=\"1314\">Spatiu pentru instalare<\/strong><\/p>\n<ul data-start=\"1320\" data-end=\"1419\">\n<li class=\"\" data-start=\"1320\" data-end=\"1366\">\n<p class=\"\" data-start=\"1322\" data-end=\"1366\">C\u00e2t spa\u021biu ai pentru alimentator?<\/p>\n<\/li>\n<li class=\"\" data-start=\"1370\" data-end=\"1419\">\n<p class=\"\" data-start=\"1372\" data-end=\"1419\">Ai nevoie de un design mai mic sau special pentru a se potrivi?<\/p>\n<\/li>\n<\/ul>\n<\/li>\n<\/ol>\n\t<div id=\"gap-1018895121\" class=\"gap-element clearfix\" style=\"display:block; height:auto;\">\n\t\t\n<style>\n#gap-1018895121 {\n  padding-top: 30px;\n}\n<\/style>\n\t<\/div>\n\t\n<h2>Contacta\u021bi SWOER acum<\/h2>\n\n<div class=\"wpcf7 no-js\" id=\"wpcf7-f280-o1\" lang=\"en-US\" dir=\"ltr\">\n<div class=\"screen-reader-response\"><p role=\"status\" aria-live=\"polite\" aria-atomic=\"true\"><\/p> <ul><\/ul><\/div>\n<form action=\"\/ro\/wp-json\/wp\/v2\/product\/3343#wpcf7-f280-o1\" method=\"post\" class=\"wpcf7-form init\" aria-label=\"Formular de contact\" novalidate=\"novalidate\" data-status=\"init\" data-trp-original-action=\"\/ro\/wp-json\/wp\/v2\/product\/3343#wpcf7-f280-o1\">\n<div style=\"display: none;\">\n<input type=\"hidden\" name=\"_wpcf7\" value=\"280\" \/>\n<input type=\"hidden\" name=\"_wpcf7_version\" value=\"5.9.2\" \/>\n<input type=\"hidden\" name=\"_wpcf7_locale\" value=\"en_US\" \/>\n<input type=\"hidden\" name=\"_wpcf7_unit_tag\" value=\"wpcf7-f280-o1\" \/>\n<input type=\"hidden\" name=\"_wpcf7_container_post\" value=\"0\" \/>\n<input type=\"hidden\" name=\"_wpcf7_posted_data_hash\" value=\"\" \/>\n<\/div>\n<div class='custom_contact_style'>\n\t<div class=\"row row-small\">\n\t\t<div class=\"col medium-6 small-12 large-6\">\n\t\t\t<div class=\"col-inner\">\n\t\t\t\t<p><span class=\"wpcf7-form-control-wrap\" data-name=\"your-name\"><input size=\"40\" class=\"wpcf7-form-control wpcf7-text wpcf7-validates-as-required\" aria-required=\"true\" aria-invalid=\"false\" placeholder=\"Nume*\" value=\"\" type=\"text\" name=\"your-name\" \/><\/span>\n\t\t\t\t<\/p>\n\t\t\t<\/div>\n\t\t<\/div>\n\t\t<div class=\"col medium-6 small-12 large-6\">\n\t\t\t<div class=\"col-inner\">\n\t\t\t\t<p><span class=\"wpcf7-form-control-wrap\" data-name=\"your-email\"><input size=\"40\" class=\"wpcf7-form-control wpcf7-email wpcf7-validates-as-required wpcf7-text wpcf7-validates-as-email\" aria-required=\"true\" aria-invalid=\"false\" placeholder=\"E-mail*\" value=\"\" type=\"email\" name=\"your-email\" \/><\/span>\n\t\t\t\t<\/p>\n\t\t\t<\/div>\n\t\t<\/div>\n\t<\/div>\n\t<div class='cus_contact_form_bottom'>\n\t\t<p><span class=\"wpcf7-form-control-wrap\" data-name=\"your-phone\"><input size=\"40\" class=\"wpcf7-form-control wpcf7-text\" aria-invalid=\"false\" placeholder=\"Telefon\" value=\"\" type=\"text\" name=\"your-phone\" \/><\/span>\n\t\t<\/p>\n\t<\/div>\n\t<div class='cus_contact_form_bottom'>\n\t\t<p><span class=\"wpcf7-form-control-wrap\" data-name=\"your-country\"><input size=\"40\" class=\"wpcf7-form-control wpcf7-text\" aria-invalid=\"false\" placeholder=\"\u021aar\u0103\" value=\"\" type=\"text\" name=\"your-country\" \/><\/span>\n\t\t<\/p>\n\t<\/div>\n\t<p><span class=\"wpcf7-form-control-wrap\" data-name=\"your-message\"><textarea cols=\"40\" rows=\"10\" class=\"wpcf7-form-control wpcf7-textarea wpcf7-validates-as-required\" aria-required=\"true\" aria-invalid=\"false\" placeholder=\"Mesajul dvs *\" name=\"your-message\"><\/textarea><\/span>\n\t<\/p>\n\t<div style=\"margin-bottom:10px;\">\n\t\t<p><span class=\"wpcf7-form-control-wrap kc_captcha cf7ic-toggle\" data-name=\"kc_captcha\"><span class=\"wpcf7-form-control wpcf7-radio\"><span class=\"captcha-image\" style=\"display: none;\"><span class=\"cf7ic_instructions\">V\u0103 rug\u0103m s\u0103 dovedi\u021bi c\u0103 sunte\u021bi uman select\u00e2nd<span> tree<\/span>.<\/span><label><input aria-label=\"1\" type=\"radio\" name=\"kc_captcha\" value=\"bot\" \/><svg aria-hidden=\"true\" role=\"img\" xmlns=\"http:\/\/www.w3.org\/2000\/svg\" viewbox=\"0 0 640 512\"><path fill=\"currentColor\" d=\"M192 384h192c53 0 96-43 96-96h32a128 128 0 000-256H120c-13 0-24 11-24 24v232c0 53 43 96 96 96zM512 96a64 64 0 010 128h-32V96h32zm48 384H48c-47 0-61-64-36-64h584c25 0 11 64-36 64z\"\/><\/svg><\/label><label><input aria-label=\"2\" type=\"radio\" name=\"kc_captcha\" value=\"bot\" \/><svg aria-hidden=\"true\" role=\"img\" xmlns=\"http:\/\/www.w3.org\/2000\/svg\" viewbox=\"0 0 512 512\"><path fill=\"currentColor\" d=\"M350 99c-54 0-98-35-166-35-25 0-47 4-68 12a56 56 0 004-24C118 24 95 1 66 0a56 56 0 00-34 102v386c0 13 11 24 24 24h16c13 0 24-11 24-24v-94c28-12 64-23 114-23 54 0 98 35 166 35 48 0 86-16 122-41 9-6 14-15 14-26V96c0-23-24-39-45-29-35 16-77 32-117 32z\"\/><\/svg><\/label><label><input aria-label=\"3\" type=\"radio\" name=\"kc_captcha\" value=\"kc_human\" \/><svg aria-hidden=\"true\" role=\"img\" xmlns=\"http:\/\/www.w3.org\/2000\/svg\" viewbox=\"0 0 384 512\"><path fill=\"currentColor\" d=\"M377 375l-83-87h34c21 0 32-25 17-40l-82-88h33c21 0 32-25 18-40L210 8c-10-11-26-11-36 0L70 120c-14 15-3 40 18 40h33l-82 88c-15 15-4 40 17 40h34L7 375c-15 16-4 41 17 41h120c0 33-11 49-34 68-12 9-5 28 10 28h144c15 0 22-19 10-28-20-16-34-32-34-68h120c21 0 32-25 17-41z\"\/><\/svg><\/label>\r\n    <\/span>\r\n    <span style=\"display:none\">\r\n        <input type=\"text\" name=\"kc_honeypot\">\r\n    <\/span><\/span><\/span>\n\t\t<\/p>\n\t<\/div>\n\t<p><input class=\"wpcf7-form-control wpcf7-submit has-spinner\" type=\"submit\" value=\"Trimite mesaj\" \/>\n\t<\/p>\n<\/div><div class=\"wpcf7-response-output\" aria-hidden=\"true\"><\/div>\n<input type=\"hidden\" name=\"trp-form-language\" value=\"ro\"\/><\/form>\n<\/div>","protected":false},"excerpt":{"rendered":"<p>SWOER este specializat\u0103 \u00een alimentatoare cu bol vibrante personalizate, adaptate pieselor dumneavoastr\u0103. Cu peste 10 ani de experien\u021b\u0103, oferim solu\u021bii de alimentare stabile, de mare vitez\u0103 pentru automatizare \u00een domeniul auto, electronic\u0103, medical \u0219i multe altele. Compact, fiabil \u0219i construit pentru precizie.<\/p>","protected":false},"featured_media":3344,"comment_status":"open","ping_status":"closed","template":"","meta":[],"product_cat":[37],"product_tag":[],"yoast_head":"<!-- This site is optimized with the Yoast SEO plugin v22.2 - https:\/\/yoast.com\/wordpress\/plugins\/seo\/ -->\n<title>Vibrating Bowl Feeder \uff0dVibration Bowl Feeder \uff0dBowl Feeder - SWOER<\/title>\n<meta name=\"description\" content=\"SWOER is a professional manufacturer of vibrating bowl feeders, offering custom vibration bowl feeder solutions for precise part feeding and automation.\" \/>\n<meta name=\"robots\" content=\"index, follow, max-snippet:-1, max-image-preview:large, max-video-preview:-1\" \/>\n<link rel=\"canonical\" href=\"https:\/\/swoer.com\/ro\/manufacturer\/vibrating-bowl-feeder-\uff0dvibration-bowl-feeder-\uff0dbowl-feeder\/\" \/>\n<meta property=\"og:locale\" content=\"ro_RO\" \/>\n<meta property=\"og:type\" content=\"article\" \/>\n<meta property=\"og:title\" content=\"Vibrating Bowl Feeder \uff0dVibration Bowl Feeder \uff0dBowl Feeder - SWOER\" \/>\n<meta property=\"og:description\" content=\"SWOER is a professional manufacturer of vibrating bowl feeders, offering custom vibration bowl feeder solutions for precise part feeding and automation.\" \/>\n<meta property=\"og:url\" content=\"https:\/\/swoer.com\/ro\/manufacturer\/vibrating-bowl-feeder-\uff0dvibration-bowl-feeder-\uff0dbowl-feeder\/\" \/>\n<meta property=\"og:site_name\" content=\"SWOER\" \/>\n<meta property=\"article:modified_time\" content=\"2025-04-25T06:13:46+00:00\" \/>\n<meta property=\"og:image\" content=\"https:\/\/swoer.com\/wp-content\/uploads\/2025\/04\/Vibrating-Bowl-Feeder.webp\" \/>\n\t<meta property=\"og:image:width\" content=\"800\" \/>\n\t<meta property=\"og:image:height\" content=\"800\" \/>\n\t<meta property=\"og:image:type\" content=\"image\/webp\" \/>\n<meta name=\"twitter:card\" content=\"summary_large_image\" \/>\n<meta name=\"twitter:label1\" content=\"Timp estimat pentru citire\" \/>\n\t<meta name=\"twitter:data1\" content=\"2 minute\" \/>\n<script type=\"application\/ld+json\" class=\"yoast-schema-graph\">{\"@context\":\"https:\/\/schema.org\",\"@graph\":[{\"@type\":\"WebPage\",\"@id\":\"https:\/\/swoer.com\/manufacturer\/vibrating-bowl-feeder-%ef%bc%8dvibration-bowl-feeder-%ef%bc%8dbowl-feeder\/\",\"url\":\"https:\/\/swoer.com\/manufacturer\/vibrating-bowl-feeder-%ef%bc%8dvibration-bowl-feeder-%ef%bc%8dbowl-feeder\/\",\"name\":\"Vibrating Bowl Feeder \uff0dVibration Bowl Feeder \uff0dBowl Feeder - SWOER\",\"isPartOf\":{\"@id\":\"https:\/\/swoer.com\/#website\"},\"primaryImageOfPage\":{\"@id\":\"https:\/\/swoer.com\/manufacturer\/vibrating-bowl-feeder-%ef%bc%8dvibration-bowl-feeder-%ef%bc%8dbowl-feeder\/#primaryimage\"},\"image\":{\"@id\":\"https:\/\/swoer.com\/manufacturer\/vibrating-bowl-feeder-%ef%bc%8dvibration-bowl-feeder-%ef%bc%8dbowl-feeder\/#primaryimage\"},\"thumbnailUrl\":\"https:\/\/swoer.com\/wp-content\/uploads\/2025\/04\/Vibrating-Bowl-Feeder.webp\",\"datePublished\":\"2025-04-25T02:07:57+00:00\",\"dateModified\":\"2025-04-25T06:13:46+00:00\",\"description\":\"SWOER is a professional manufacturer of vibrating bowl feeders, offering custom vibration bowl feeder solutions for precise part feeding and automation.\",\"breadcrumb\":{\"@id\":\"https:\/\/swoer.com\/manufacturer\/vibrating-bowl-feeder-%ef%bc%8dvibration-bowl-feeder-%ef%bc%8dbowl-feeder\/#breadcrumb\"},\"inLanguage\":\"ro-RO\",\"potentialAction\":[{\"@type\":\"ReadAction\",\"target\":[\"https:\/\/swoer.com\/manufacturer\/vibrating-bowl-feeder-%ef%bc%8dvibration-bowl-feeder-%ef%bc%8dbowl-feeder\/\"]}]},{\"@type\":\"ImageObject\",\"inLanguage\":\"ro-RO\",\"@id\":\"https:\/\/swoer.com\/manufacturer\/vibrating-bowl-feeder-%ef%bc%8dvibration-bowl-feeder-%ef%bc%8dbowl-feeder\/#primaryimage\",\"url\":\"https:\/\/swoer.com\/wp-content\/uploads\/2025\/04\/Vibrating-Bowl-Feeder.webp\",\"contentUrl\":\"https:\/\/swoer.com\/wp-content\/uploads\/2025\/04\/Vibrating-Bowl-Feeder.webp\",\"width\":800,\"height\":800,\"caption\":\"Vibrating Bowl Feeder\"},{\"@type\":\"BreadcrumbList\",\"@id\":\"https:\/\/swoer.com\/manufacturer\/vibrating-bowl-feeder-%ef%bc%8dvibration-bowl-feeder-%ef%bc%8dbowl-feeder\/#breadcrumb\",\"itemListElement\":[{\"@type\":\"ListItem\",\"position\":1,\"name\":\"Home\",\"item\":\"https:\/\/swoer.com\/\"},{\"@type\":\"ListItem\",\"position\":2,\"name\":\"Shop\",\"item\":\"https:\/\/swoer.com\/shop\/\"},{\"@type\":\"ListItem\",\"position\":3,\"name\":\"Vibrating Bowl Feeder \uff0dVibration Bowl Feeder \uff0dBowl Feeder\"}]},{\"@type\":\"WebSite\",\"@id\":\"https:\/\/swoer.com\/#website\",\"url\":\"https:\/\/swoer.com\/\",\"name\":\"SWOER\",\"description\":\"Swoer is the top 3 vibratory bowl feeder manufacturer in China\",\"potentialAction\":[{\"@type\":\"SearchAction\",\"target\":{\"@type\":\"EntryPoint\",\"urlTemplate\":\"https:\/\/swoer.com\/?s={search_term_string}\"},\"query-input\":\"required name=search_term_string\"}],\"inLanguage\":\"ro-RO\"}]}<\/script>\n<!-- \/ Yoast SEO plugin. -->","yoast_head_json":{"title":"Vibrating Bowl Feeder \uff0dVibration Bowl Feeder \uff0dBowl Feeder - SWOER","description":"SWOER is a professional manufacturer of vibrating bowl feeders, offering custom vibration bowl feeder solutions for precise part feeding and automation.","robots":{"index":"index","follow":"follow","max-snippet":"max-snippet:-1","max-image-preview":"max-image-preview:large","max-video-preview":"max-video-preview:-1"},"canonical":"https:\/\/swoer.com\/ro\/manufacturer\/vibrating-bowl-feeder-\uff0dvibration-bowl-feeder-\uff0dbowl-feeder\/","og_locale":"ro_RO","og_type":"article","og_title":"Vibrating Bowl Feeder \uff0dVibration Bowl Feeder \uff0dBowl Feeder - SWOER","og_description":"SWOER is a professional manufacturer of vibrating bowl feeders, offering custom vibration bowl feeder solutions for precise part feeding and automation.","og_url":"https:\/\/swoer.com\/ro\/manufacturer\/vibrating-bowl-feeder-\uff0dvibration-bowl-feeder-\uff0dbowl-feeder\/","og_site_name":"SWOER","article_modified_time":"2025-04-25T06:13:46+00:00","og_image":[{"width":800,"height":800,"url":"https:\/\/swoer.com\/wp-content\/uploads\/2025\/04\/Vibrating-Bowl-Feeder.webp","type":"image\/webp"}],"twitter_card":"summary_large_image","twitter_misc":{"Timp estimat pentru citire":"2 minute"},"schema":{"@context":"https:\/\/schema.org","@graph":[{"@type":"WebPage","@id":"https:\/\/swoer.com\/manufacturer\/vibrating-bowl-feeder-%ef%bc%8dvibration-bowl-feeder-%ef%bc%8dbowl-feeder\/","url":"https:\/\/swoer.com\/manufacturer\/vibrating-bowl-feeder-%ef%bc%8dvibration-bowl-feeder-%ef%bc%8dbowl-feeder\/","name":"Vibrating Bowl Feeder \uff0dVibration Bowl Feeder \uff0dBowl Feeder - SWOER","isPartOf":{"@id":"https:\/\/swoer.com\/#website"},"primaryImageOfPage":{"@id":"https:\/\/swoer.com\/manufacturer\/vibrating-bowl-feeder-%ef%bc%8dvibration-bowl-feeder-%ef%bc%8dbowl-feeder\/#primaryimage"},"image":{"@id":"https:\/\/swoer.com\/manufacturer\/vibrating-bowl-feeder-%ef%bc%8dvibration-bowl-feeder-%ef%bc%8dbowl-feeder\/#primaryimage"},"thumbnailUrl":"https:\/\/swoer.com\/wp-content\/uploads\/2025\/04\/Vibrating-Bowl-Feeder.webp","datePublished":"2025-04-25T02:07:57+00:00","dateModified":"2025-04-25T06:13:46+00:00","description":"SWOER is a professional manufacturer of vibrating bowl feeders, offering custom vibration bowl feeder solutions for precise part feeding and automation.","breadcrumb":{"@id":"https:\/\/swoer.com\/manufacturer\/vibrating-bowl-feeder-%ef%bc%8dvibration-bowl-feeder-%ef%bc%8dbowl-feeder\/#breadcrumb"},"inLanguage":"ro-RO","potentialAction":[{"@type":"ReadAction","target":["https:\/\/swoer.com\/manufacturer\/vibrating-bowl-feeder-%ef%bc%8dvibration-bowl-feeder-%ef%bc%8dbowl-feeder\/"]}]},{"@type":"ImageObject","inLanguage":"ro-RO","@id":"https:\/\/swoer.com\/manufacturer\/vibrating-bowl-feeder-%ef%bc%8dvibration-bowl-feeder-%ef%bc%8dbowl-feeder\/#primaryimage","url":"https:\/\/swoer.com\/wp-content\/uploads\/2025\/04\/Vibrating-Bowl-Feeder.webp","contentUrl":"https:\/\/swoer.com\/wp-content\/uploads\/2025\/04\/Vibrating-Bowl-Feeder.webp","width":800,"height":800,"caption":"Vibrating Bowl Feeder"},{"@type":"BreadcrumbList","@id":"https:\/\/swoer.com\/manufacturer\/vibrating-bowl-feeder-%ef%bc%8dvibration-bowl-feeder-%ef%bc%8dbowl-feeder\/#breadcrumb","itemListElement":[{"@type":"ListItem","position":1,"name":"Home","item":"https:\/\/swoer.com\/"},{"@type":"ListItem","position":2,"name":"Shop","item":"https:\/\/swoer.com\/shop\/"},{"@type":"ListItem","position":3,"name":"Vibrating Bowl Feeder \uff0dVibration Bowl Feeder \uff0dBowl Feeder"}]},{"@type":"WebSite","@id":"https:\/\/swoer.com\/#website","url":"https:\/\/swoer.com\/","name":"SWOER","description":"Swoer is the top 3 vibratory bowl feeder manufacturer in China","potentialAction":[{"@type":"SearchAction","target":{"@type":"EntryPoint","urlTemplate":"https:\/\/swoer.com\/?s={search_term_string}"},"query-input":"required name=search_term_string"}],"inLanguage":"ro-RO"}]}},"_links":{"self":[{"href":"https:\/\/swoer.com\/ro\/wp-json\/wp\/v2\/product\/3343"}],"collection":[{"href":"https:\/\/swoer.com\/ro\/wp-json\/wp\/v2\/product"}],"about":[{"href":"https:\/\/swoer.com\/ro\/wp-json\/wp\/v2\/types\/product"}],"replies":[{"embeddable":true,"href":"https:\/\/swoer.com\/ro\/wp-json\/wp\/v2\/comments?post=3343"}],"wp:featuredmedia":[{"embeddable":true,"href":"https:\/\/swoer.com\/ro\/wp-json\/wp\/v2\/media\/3344"}],"wp:attachment":[{"href":"https:\/\/swoer.com\/ro\/wp-json\/wp\/v2\/media?parent=3343"}],"wp:term":[{"taxonomy":"product_cat","embeddable":true,"href":"https:\/\/swoer.com\/ro\/wp-json\/wp\/v2\/product_cat?post=3343"},{"taxonomy":"product_tag","embeddable":true,"href":"https:\/\/swoer.com\/ro\/wp-json\/wp\/v2\/product_tag?post=3343"}],"curies":[{"name":"wp","href":"https:\/\/api.w.org\/{rel}","templated":true}]}}