{"id":3268,"date":"2025-04-02T10:32:36","date_gmt":"2025-04-02T02:32:36","guid":{"rendered":"https:\/\/swoer.com\/?post_type=product&#038;p=3268"},"modified":"2025-04-11T15:22:03","modified_gmt":"2025-04-11T07:22:03","slug":"vibratory-bowl-feeder-for-dust-seal-bowl-feeder-automation","status":"publish","type":"product","link":"https:\/\/swoer.com\/ro\/manufacturer\/vibratory-bowl-feeder-for-dust-seal-bowl-feeder-automation\/","title":{"rendered":"Alimentator vibrator cu bol pentru etan\u0219are \u00eempotriva prafului | Automatizare alimentator bol"},"content":{"rendered":"<h2 data-start=\"0\" data-end=\"59\"><strong data-start=\"0\" data-end=\"57\">Alimentator cu bol vibrant personalizat pentru automatizarea etan\u0219\u0103rii prafului<\/strong><\/h2>\n<p class=\"\" data-start=\"61\" data-end=\"332\">Alimentatorul nostru vibrator cu bol pentru etan\u0219\u0103ri de praf este proiectat pentru alimentarea precis\u0103, stabil\u0103 \u0219i eficient\u0103 a pieselor \u00een liniile de produc\u021bie automate. Acest alimentator este complet personalizabil \u00een func\u021bie de dimensiunea, forma \u0219i materialul dvs. de etan\u0219are \u00eempotriva prafului, asigur\u00e2nd o pozi\u021bionare lin\u0103 \u0219i consecvent\u0103.<\/p>\n<h2 data-start=\"334\" data-end=\"378\"><strong data-start=\"338\" data-end=\"376\">Proiectat pentru nevoile dvs. de produc\u021bie<\/strong><\/h2>\n<p class=\"\" data-start=\"379\" data-end=\"695\">La SWOER, \u0219tim c\u0103 fiecare proces de produc\u021bie este diferit. De aceea, oferim modele personalizate pentru a se potrivi exact cerin\u021belor dumneavoastr\u0103, de la dimensiunea bolului \u0219i aspectul \u0219inei p\u00e2n\u0103 la alegerea materialului. Indiferent dac\u0103 garniturile dvs. de praf sunt fragile, au o form\u0103 neuniform\u0103 sau necesit\u0103 o manipulare atent\u0103, asigur\u0103m o func\u021bionare lin\u0103 cu uzur\u0103 minim\u0103 a pieselor.<\/p>\n<h2 data-start=\"697\" data-end=\"730\"><strong data-start=\"701\" data-end=\"728\">Hr\u0103nire rapid\u0103 \u0219i fiabil\u0103<\/strong><\/h2>\n<p class=\"\" data-start=\"731\" data-end=\"1005\">Fabricate din o\u021bel inoxidabil de \u00eenalt\u0103 calitate, cu acoperiri durabile, alimentatoarele noastre vibratoare cu bol ofer\u0103 performan\u021be de lung\u0103 durat\u0103. Sistemul optimizat de control al vibra\u021biilor men\u021bine piesele s\u0103 curg\u0103 constant la viteze mari, sporind eficien\u021ba produc\u021biei \u0219i reduc\u00e2nd timpul de nefunc\u021bionare.<\/p>\n<h2 data-start=\"1007\" data-end=\"1057\"><strong data-start=\"1011\" data-end=\"1055\">Integrare u\u0219oar\u0103 cu sistemele de automatizare<\/strong><\/h2>\n<p class=\"\" data-start=\"1058\" data-end=\"1339\">Alimentatoarele noastre func\u021bioneaz\u0103 perfect cu sisteme robotizate de preluare \u0219i plasare, inspec\u021bie vizual\u0103 \u0219i alte configura\u021bii de automatizare, f\u0103c\u00e2ndu-le ideale pentru industria auto<strong data-start=\"1197\" data-end=\"1248\">, <\/strong>industria electronic\u0103 \u0219i de etan\u0219are. Oferim<strong data-start=\"1259\" data-end=\"1285\"> personalizare complet\u0103<\/strong> pentru a se potrivi f\u0103r\u0103 probleme \u00een linia dvs. de produc\u021bie existent\u0103.<\/p>\n<p class=\"\" data-start=\"1341\" data-end=\"1448\">Ave\u021bi nevoie de un alimentator cu bol vibrator personalizat pentru etan\u0219\u0103ri de praf? Contacta\u021bi SWOER ast\u0103zi pentru a discuta despre nevoile dvs. specifice!<\/p>\n\n<div class=\"wpcf7 no-js\" id=\"wpcf7-f280-o1\" lang=\"en-US\" dir=\"ltr\">\n<div class=\"screen-reader-response\"><p role=\"status\" aria-live=\"polite\" aria-atomic=\"true\"><\/p> <ul><\/ul><\/div>\n<form action=\"\/ro\/wp-json\/wp\/v2\/product\/3268#wpcf7-f280-o1\" method=\"post\" class=\"wpcf7-form init\" aria-label=\"Formular de contact\" novalidate=\"novalidate\" data-status=\"init\" data-trp-original-action=\"\/ro\/wp-json\/wp\/v2\/product\/3268#wpcf7-f280-o1\">\n<div style=\"display: none;\">\n<input type=\"hidden\" name=\"_wpcf7\" value=\"280\" \/>\n<input type=\"hidden\" name=\"_wpcf7_version\" value=\"5.9.2\" \/>\n<input type=\"hidden\" name=\"_wpcf7_locale\" value=\"en_US\" \/>\n<input type=\"hidden\" name=\"_wpcf7_unit_tag\" value=\"wpcf7-f280-o1\" \/>\n<input type=\"hidden\" name=\"_wpcf7_container_post\" value=\"0\" \/>\n<input type=\"hidden\" name=\"_wpcf7_posted_data_hash\" value=\"\" \/>\n<\/div>\n<div class='custom_contact_style'>\n\t<div class=\"row row-small\">\n\t\t<div class=\"col medium-6 small-12 large-6\">\n\t\t\t<div class=\"col-inner\">\n\t\t\t\t<p><span class=\"wpcf7-form-control-wrap\" data-name=\"your-name\"><input size=\"40\" class=\"wpcf7-form-control wpcf7-text wpcf7-validates-as-required\" aria-required=\"true\" aria-invalid=\"false\" placeholder=\"Nume*\" value=\"\" type=\"text\" name=\"your-name\" \/><\/span>\n\t\t\t\t<\/p>\n\t\t\t<\/div>\n\t\t<\/div>\n\t\t<div class=\"col medium-6 small-12 large-6\">\n\t\t\t<div class=\"col-inner\">\n\t\t\t\t<p><span class=\"wpcf7-form-control-wrap\" data-name=\"your-email\"><input size=\"40\" class=\"wpcf7-form-control wpcf7-email wpcf7-validates-as-required wpcf7-text wpcf7-validates-as-email\" aria-required=\"true\" aria-invalid=\"false\" placeholder=\"E-mail*\" value=\"\" type=\"email\" name=\"your-email\" \/><\/span>\n\t\t\t\t<\/p>\n\t\t\t<\/div>\n\t\t<\/div>\n\t<\/div>\n\t<div class='cus_contact_form_bottom'>\n\t\t<p><span class=\"wpcf7-form-control-wrap\" data-name=\"your-phone\"><input size=\"40\" class=\"wpcf7-form-control wpcf7-text\" aria-invalid=\"false\" placeholder=\"Telefon\" value=\"\" type=\"text\" name=\"your-phone\" \/><\/span>\n\t\t<\/p>\n\t<\/div>\n\t<div class='cus_contact_form_bottom'>\n\t\t<p><span class=\"wpcf7-form-control-wrap\" data-name=\"your-country\"><input size=\"40\" class=\"wpcf7-form-control wpcf7-text\" aria-invalid=\"false\" placeholder=\"\u021aar\u0103\" value=\"\" type=\"text\" name=\"your-country\" \/><\/span>\n\t\t<\/p>\n\t<\/div>\n\t<p><span class=\"wpcf7-form-control-wrap\" data-name=\"your-message\"><textarea cols=\"40\" rows=\"10\" class=\"wpcf7-form-control wpcf7-textarea wpcf7-validates-as-required\" aria-required=\"true\" aria-invalid=\"false\" placeholder=\"Mesajul dvs *\" name=\"your-message\"><\/textarea><\/span>\n\t<\/p>\n\t<div style=\"margin-bottom:10px;\">\n\t\t<p><span class=\"wpcf7-form-control-wrap kc_captcha cf7ic-toggle\" data-name=\"kc_captcha\"><span class=\"wpcf7-form-control wpcf7-radio\"><span class=\"captcha-image\" style=\"display: none;\"><span class=\"cf7ic_instructions\">V\u0103 rug\u0103m s\u0103 dovedi\u021bi c\u0103 sunte\u021bi uman select\u00e2nd<span> house<\/span>.<\/span><label><input aria-label=\"1\" type=\"radio\" name=\"kc_captcha\" value=\"kc_human\" \/><svg aria-hidden=\"true\" role=\"img\" xmlns=\"http:\/\/www.w3.org\/2000\/svg\" viewbox=\"0 0 576 512\"><path fill=\"currentColor\" d=\"M488 313v143c0 13-11 24-24 24H348c-7 0-12-5-12-12V356c0-7-5-12-12-12h-72c-7 0-12 5-12 12v112c0 7-5 12-12 12H112c-13 0-24-11-24-24V313c0-4 2-7 4-10l188-154c5-4 11-4 16 0l188 154c2 3 4 6 4 10zm84-61l-84-69V44c0-6-5-12-12-12h-56c-7 0-12 6-12 12v73l-89-74a48 48 0 00-61 0L4 252c-5 4-5 12-1 17l25 31c5 5 12 5 17 1l235-193c5-4 11-4 16 0l235 193c5 5 13 4 17-1l25-31c4-6 4-13-1-17z\"\/><\/svg><\/label><label><input aria-label=\"2\" type=\"radio\" name=\"kc_captcha\" value=\"bot\" \/><svg aria-hidden=\"true\" role=\"img\" xmlns=\"http:\/\/www.w3.org\/2000\/svg\" viewbox=\"0 0 512 512\"><path fill=\"currentColor\" d=\"M350 99c-54 0-98-35-166-35-25 0-47 4-68 12a56 56 0 004-24C118 24 95 1 66 0a56 56 0 00-34 102v386c0 13 11 24 24 24h16c13 0 24-11 24-24v-94c28-12 64-23 114-23 54 0 98 35 166 35 48 0 86-16 122-41 9-6 14-15 14-26V96c0-23-24-39-45-29-35 16-77 32-117 32z\"\/><\/svg><\/label><label><input aria-label=\"3\" type=\"radio\" name=\"kc_captcha\" value=\"bot\" \/><svg aria-hidden=\"true\" role=\"img\" xmlns=\"http:\/\/www.w3.org\/2000\/svg\" viewbox=\"0 0 576 512\"><path fill=\"currentColor\" d=\"M472 200H360L256 6a12 12 0 00-10-6h-58c-8 0-14 7-12 15l34 185H100l-35-58a12 12 0 00-10-6H12c-8 0-13 7-12 14l21 106L0 362c-1 7 4 14 12 14h43c4 0 8-2 10-6l35-58h110l-34 185c-2 8 4 15 12 15h58a12 12 0 0010-6l104-194h112c57 0 104-25 104-56s-47-56-104-56z\"\/><\/svg><\/label>\r\n    <\/span>\r\n    <span style=\"display:none\">\r\n        <input type=\"text\" name=\"kc_honeypot\">\r\n    <\/span><\/span><\/span>\n\t\t<\/p>\n\t<\/div>\n\t<p><input class=\"wpcf7-form-control wpcf7-submit has-spinner\" type=\"submit\" value=\"Trimite mesaj\" \/>\n\t<\/p>\n<\/div><div class=\"wpcf7-response-output\" aria-hidden=\"true\"><\/div>\n<input type=\"hidden\" name=\"trp-form-language\" value=\"ro\"\/><\/form>\n<\/div>","protected":false},"excerpt":{"rendered":"<p>Alimentator automat pentru bol pentru manipularea sigiliilor de praf.<\/p>\n<p>Alimentator vibrator de \u00eenalt\u0103 eficien\u021b\u0103 pentru etan\u0219\u0103ri \u00eempotriva prafului.<\/p>","protected":false},"featured_media":3269,"comment_status":"open","ping_status":"closed","template":"","meta":[],"product_cat":[37],"product_tag":[],"yoast_head":"<!-- This site is optimized with the Yoast SEO plugin v22.2 - https:\/\/yoast.com\/wordpress\/plugins\/seo\/ -->\n<title>Vibratory Bowl Feeder for Dust Seal | Bowl Feeder Automation - SWOER<\/title>\n<meta name=\"description\" content=\"Precision-engineered vibratory bowl feeder for dust seals. Reliable automation ensures smooth part feeding, enhancing manufacturing process efficiency.\" \/>\n<meta name=\"robots\" content=\"index, follow, max-snippet:-1, max-image-preview:large, max-video-preview:-1\" \/>\n<link rel=\"canonical\" href=\"https:\/\/swoer.com\/ro\/manufacturer\/vibratory-bowl-feeder-for-dust-seal-bowl-feeder-automation\/\" \/>\n<meta property=\"og:locale\" content=\"ro_RO\" \/>\n<meta property=\"og:type\" content=\"article\" \/>\n<meta property=\"og:title\" content=\"Vibratory Bowl Feeder for Dust Seal | Bowl Feeder Automation - SWOER\" \/>\n<meta property=\"og:description\" content=\"Precision-engineered vibratory bowl feeder for dust seals. Reliable automation ensures smooth part feeding, enhancing manufacturing process efficiency.\" \/>\n<meta property=\"og:url\" content=\"https:\/\/swoer.com\/ro\/manufacturer\/vibratory-bowl-feeder-for-dust-seal-bowl-feeder-automation\/\" \/>\n<meta property=\"og:site_name\" content=\"SWOER\" \/>\n<meta property=\"article:modified_time\" content=\"2025-04-11T07:22:03+00:00\" \/>\n<meta property=\"og:image\" content=\"https:\/\/swoer.com\/wp-content\/uploads\/2025\/04\/vibratory-bowl-feeder-for-dust-seal.webp\" \/>\n\t<meta property=\"og:image:width\" content=\"1000\" \/>\n\t<meta property=\"og:image:height\" content=\"1000\" \/>\n\t<meta property=\"og:image:type\" content=\"image\/webp\" \/>\n<meta name=\"twitter:card\" content=\"summary_large_image\" \/>\n<meta name=\"twitter:label1\" content=\"Timp estimat pentru citire\" \/>\n\t<meta name=\"twitter:data1\" content=\"2 minute\" \/>\n<script type=\"application\/ld+json\" class=\"yoast-schema-graph\">{\"@context\":\"https:\/\/schema.org\",\"@graph\":[{\"@type\":\"WebPage\",\"@id\":\"https:\/\/swoer.com\/manufacturer\/vibratory-bowl-feeder-for-dust-seal-bowl-feeder-automation\/\",\"url\":\"https:\/\/swoer.com\/manufacturer\/vibratory-bowl-feeder-for-dust-seal-bowl-feeder-automation\/\",\"name\":\"Vibratory Bowl Feeder for Dust Seal | Bowl Feeder Automation - SWOER\",\"isPartOf\":{\"@id\":\"https:\/\/swoer.com\/#website\"},\"primaryImageOfPage\":{\"@id\":\"https:\/\/swoer.com\/manufacturer\/vibratory-bowl-feeder-for-dust-seal-bowl-feeder-automation\/#primaryimage\"},\"image\":{\"@id\":\"https:\/\/swoer.com\/manufacturer\/vibratory-bowl-feeder-for-dust-seal-bowl-feeder-automation\/#primaryimage\"},\"thumbnailUrl\":\"https:\/\/swoer.com\/wp-content\/uploads\/2025\/04\/vibratory-bowl-feeder-for-dust-seal.webp\",\"datePublished\":\"2025-04-02T02:32:36+00:00\",\"dateModified\":\"2025-04-11T07:22:03+00:00\",\"description\":\"Precision-engineered vibratory bowl feeder for dust seals. Reliable automation ensures smooth part feeding, enhancing manufacturing process efficiency.\",\"breadcrumb\":{\"@id\":\"https:\/\/swoer.com\/manufacturer\/vibratory-bowl-feeder-for-dust-seal-bowl-feeder-automation\/#breadcrumb\"},\"inLanguage\":\"ro-RO\",\"potentialAction\":[{\"@type\":\"ReadAction\",\"target\":[\"https:\/\/swoer.com\/manufacturer\/vibratory-bowl-feeder-for-dust-seal-bowl-feeder-automation\/\"]}]},{\"@type\":\"ImageObject\",\"inLanguage\":\"ro-RO\",\"@id\":\"https:\/\/swoer.com\/manufacturer\/vibratory-bowl-feeder-for-dust-seal-bowl-feeder-automation\/#primaryimage\",\"url\":\"https:\/\/swoer.com\/wp-content\/uploads\/2025\/04\/vibratory-bowl-feeder-for-dust-seal.webp\",\"contentUrl\":\"https:\/\/swoer.com\/wp-content\/uploads\/2025\/04\/vibratory-bowl-feeder-for-dust-seal.webp\",\"width\":1000,\"height\":1000,\"caption\":\"vibratory bowl feeder for dust seal\"},{\"@type\":\"BreadcrumbList\",\"@id\":\"https:\/\/swoer.com\/manufacturer\/vibratory-bowl-feeder-for-dust-seal-bowl-feeder-automation\/#breadcrumb\",\"itemListElement\":[{\"@type\":\"ListItem\",\"position\":1,\"name\":\"Home\",\"item\":\"https:\/\/swoer.com\/\"},{\"@type\":\"ListItem\",\"position\":2,\"name\":\"Shop\",\"item\":\"https:\/\/swoer.com\/shop\/\"},{\"@type\":\"ListItem\",\"position\":3,\"name\":\"Vibratory Bowl Feeder for Dust Seal | Bowl Feeder Automation\"}]},{\"@type\":\"WebSite\",\"@id\":\"https:\/\/swoer.com\/#website\",\"url\":\"https:\/\/swoer.com\/\",\"name\":\"SWOER\",\"description\":\"Swoer is the top 3 vibratory bowl feeder manufacturer in China\",\"potentialAction\":[{\"@type\":\"SearchAction\",\"target\":{\"@type\":\"EntryPoint\",\"urlTemplate\":\"https:\/\/swoer.com\/?s={search_term_string}\"},\"query-input\":\"required name=search_term_string\"}],\"inLanguage\":\"ro-RO\"}]}<\/script>\n<!-- \/ Yoast SEO plugin. -->","yoast_head_json":{"title":"Vibratory Bowl Feeder for Dust Seal | Bowl Feeder Automation - SWOER","description":"Precision-engineered vibratory bowl feeder for dust seals. Reliable automation ensures smooth part feeding, enhancing manufacturing process efficiency.","robots":{"index":"index","follow":"follow","max-snippet":"max-snippet:-1","max-image-preview":"max-image-preview:large","max-video-preview":"max-video-preview:-1"},"canonical":"https:\/\/swoer.com\/ro\/manufacturer\/vibratory-bowl-feeder-for-dust-seal-bowl-feeder-automation\/","og_locale":"ro_RO","og_type":"article","og_title":"Vibratory Bowl Feeder for Dust Seal | Bowl Feeder Automation - SWOER","og_description":"Precision-engineered vibratory bowl feeder for dust seals. Reliable automation ensures smooth part feeding, enhancing manufacturing process efficiency.","og_url":"https:\/\/swoer.com\/ro\/manufacturer\/vibratory-bowl-feeder-for-dust-seal-bowl-feeder-automation\/","og_site_name":"SWOER","article_modified_time":"2025-04-11T07:22:03+00:00","og_image":[{"width":1000,"height":1000,"url":"https:\/\/swoer.com\/wp-content\/uploads\/2025\/04\/vibratory-bowl-feeder-for-dust-seal.webp","type":"image\/webp"}],"twitter_card":"summary_large_image","twitter_misc":{"Timp estimat pentru citire":"2 minute"},"schema":{"@context":"https:\/\/schema.org","@graph":[{"@type":"WebPage","@id":"https:\/\/swoer.com\/manufacturer\/vibratory-bowl-feeder-for-dust-seal-bowl-feeder-automation\/","url":"https:\/\/swoer.com\/manufacturer\/vibratory-bowl-feeder-for-dust-seal-bowl-feeder-automation\/","name":"Vibratory Bowl Feeder for Dust Seal | Bowl Feeder Automation - SWOER","isPartOf":{"@id":"https:\/\/swoer.com\/#website"},"primaryImageOfPage":{"@id":"https:\/\/swoer.com\/manufacturer\/vibratory-bowl-feeder-for-dust-seal-bowl-feeder-automation\/#primaryimage"},"image":{"@id":"https:\/\/swoer.com\/manufacturer\/vibratory-bowl-feeder-for-dust-seal-bowl-feeder-automation\/#primaryimage"},"thumbnailUrl":"https:\/\/swoer.com\/wp-content\/uploads\/2025\/04\/vibratory-bowl-feeder-for-dust-seal.webp","datePublished":"2025-04-02T02:32:36+00:00","dateModified":"2025-04-11T07:22:03+00:00","description":"Precision-engineered vibratory bowl feeder for dust seals. Reliable automation ensures smooth part feeding, enhancing manufacturing process efficiency.","breadcrumb":{"@id":"https:\/\/swoer.com\/manufacturer\/vibratory-bowl-feeder-for-dust-seal-bowl-feeder-automation\/#breadcrumb"},"inLanguage":"ro-RO","potentialAction":[{"@type":"ReadAction","target":["https:\/\/swoer.com\/manufacturer\/vibratory-bowl-feeder-for-dust-seal-bowl-feeder-automation\/"]}]},{"@type":"ImageObject","inLanguage":"ro-RO","@id":"https:\/\/swoer.com\/manufacturer\/vibratory-bowl-feeder-for-dust-seal-bowl-feeder-automation\/#primaryimage","url":"https:\/\/swoer.com\/wp-content\/uploads\/2025\/04\/vibratory-bowl-feeder-for-dust-seal.webp","contentUrl":"https:\/\/swoer.com\/wp-content\/uploads\/2025\/04\/vibratory-bowl-feeder-for-dust-seal.webp","width":1000,"height":1000,"caption":"vibratory bowl feeder for dust seal"},{"@type":"BreadcrumbList","@id":"https:\/\/swoer.com\/manufacturer\/vibratory-bowl-feeder-for-dust-seal-bowl-feeder-automation\/#breadcrumb","itemListElement":[{"@type":"ListItem","position":1,"name":"Home","item":"https:\/\/swoer.com\/"},{"@type":"ListItem","position":2,"name":"Shop","item":"https:\/\/swoer.com\/shop\/"},{"@type":"ListItem","position":3,"name":"Vibratory Bowl Feeder for Dust Seal | Bowl Feeder Automation"}]},{"@type":"WebSite","@id":"https:\/\/swoer.com\/#website","url":"https:\/\/swoer.com\/","name":"SWOER","description":"Swoer is the top 3 vibratory bowl feeder manufacturer in China","potentialAction":[{"@type":"SearchAction","target":{"@type":"EntryPoint","urlTemplate":"https:\/\/swoer.com\/?s={search_term_string}"},"query-input":"required name=search_term_string"}],"inLanguage":"ro-RO"}]}},"_links":{"self":[{"href":"https:\/\/swoer.com\/ro\/wp-json\/wp\/v2\/product\/3268"}],"collection":[{"href":"https:\/\/swoer.com\/ro\/wp-json\/wp\/v2\/product"}],"about":[{"href":"https:\/\/swoer.com\/ro\/wp-json\/wp\/v2\/types\/product"}],"replies":[{"embeddable":true,"href":"https:\/\/swoer.com\/ro\/wp-json\/wp\/v2\/comments?post=3268"}],"wp:featuredmedia":[{"embeddable":true,"href":"https:\/\/swoer.com\/ro\/wp-json\/wp\/v2\/media\/3269"}],"wp:attachment":[{"href":"https:\/\/swoer.com\/ro\/wp-json\/wp\/v2\/media?parent=3268"}],"wp:term":[{"taxonomy":"product_cat","embeddable":true,"href":"https:\/\/swoer.com\/ro\/wp-json\/wp\/v2\/product_cat?post=3268"},{"taxonomy":"product_tag","embeddable":true,"href":"https:\/\/swoer.com\/ro\/wp-json\/wp\/v2\/product_tag?post=3268"}],"curies":[{"name":"wp","href":"https:\/\/api.w.org\/{rel}","templated":true}]}}