{"id":3090,"date":"2025-03-05T15:55:13","date_gmt":"2025-03-05T07:55:13","guid":{"rendered":"https:\/\/swoer.com\/?post_type=product&#038;p=3090"},"modified":"2025-03-06T10:55:06","modified_gmt":"2025-03-06T02:55:06","slug":"pneumatic-feeder-with-an-escapement","status":"publish","type":"product","link":"https:\/\/swoer.com\/ro\/manufacturer\/pneumatic-feeder-with-an-escapement\/","title":{"rendered":"Alimentator pneumatic cu evacuare | Alimentator vibrator"},"content":{"rendered":"<section class=\"section\" id=\"section_1471369695\">\n\t\t<div class=\"bg section-bg fill bg-fill  bg-loaded\" >\n\n\t\t\t\n\t\t\t\n\t\t\t\n\n\t\t<\/div>\n\n\t\t\n\n\t\t<div class=\"section-content relative\">\n\t\t\t\n<h2>Specifica\u021bie<\/h2>\n<table width=\"874\">\n<tbody>\n<tr>\n<td width=\"183\">numele produsului<\/td>\n<td width=\"691\">Alimentator pneumatic cu evacuare | Alimentator vibrator<\/td>\n<\/tr>\n<tr>\n<td>Material<\/td>\n<td>\u00a0SUS201\/304<\/td>\n<\/tr>\n<tr>\n<td>Specialitatea materialelor<\/td>\n<td>Aliaj de forjare cu tratament la rece, rezisten\u021b\u0103 ridicat\u0103, duritate ridicat\u0103<\/td>\n<\/tr>\n<tr>\n<td>Voltaj<\/td>\n<td>220V<\/td>\n<\/tr>\n<tr>\n<td>Putere<\/td>\n<td>65 W \/ 150 W \/ 180 W \/ 220 W \/ 350 W<\/td>\n<\/tr>\n<tr>\n<td>Autentificare<\/td>\n<td>CE, ROHS, ISO9001<\/td>\n<\/tr>\n<tr>\n<td>garan\u021bie<\/td>\n<td>1 an garantie<\/td>\n<\/tr>\n<tr>\n<td>MOQ<\/td>\n<td>1 set<\/td>\n<\/tr>\n<tr>\n<td>Perioada de gra\u0163ie<\/td>\n<td>10-14 zile<\/td>\n<\/tr>\n<tr>\n<td>Termen de plata<\/td>\n<td>T\/T 40% Depozit \u0219i sold \u00eenainte de expediere<\/td>\n<\/tr>\n<tr>\n<td>Original de Place<\/td>\n<td>China<\/td>\n<\/tr>\n<\/tbody>\n<\/table>\n\t\t<\/div>\n\n\t\t\n<style>\n#section_1471369695 {\n  padding-top: 30px;\n  padding-bottom: 30px;\n}\n#section_1471369695 .ux-shape-divider--top svg {\n  height: 150px;\n  --divider-top-width: 100%;\n}\n#section_1471369695 .ux-shape-divider--bottom svg {\n  height: 150px;\n  --divider-width: 100%;\n}\n<\/style>\n\t<\/section>\n\t\n\t<section class=\"section\" id=\"section_950814331\">\n\t\t<div class=\"bg section-bg fill bg-fill  bg-loaded\" >\n\n\t\t\t\n\t\t\t\n\t\t\t\n\n\t\t<\/div>\n\n\t\t\n\n\t\t<div class=\"section-content relative\">\n\t\t\t\n<h2>Avantajele personalizate ale lui SWOER<\/h2>\n<ol>\n<li><strong>Inginerie precis\u0103 pentru o performan\u021b\u0103 mai bun\u0103<\/strong><br \/>\nSWOER proiecteaz\u0103 boluri de alimentare vibratoare cu escape pentru livrare lin\u0103 \u0219i precis\u0103 a pieselor. Solu\u021biile noastre personalizate maximizeaz\u0103 eficien\u021ba liniei dumneavoastr\u0103 de produc\u021bie.<\/li>\n<li><strong>Solu\u021bii personalizate pentru toate tipurile de piese<\/strong><br \/>\nIndiferent dac\u0103 manipula\u021bi piese fragile din plastic, componente metalice mici sau produse farmaceutice, SWOER personalizeaz\u0103 fiecare bol de alimentare pentru a se potrivi nevoilor dumneavoastr\u0103 de produc\u021bie.<\/li>\n<li><strong>Construit pentru durabilitate \u0219i utilizare de lung\u0103 durat\u0103<\/strong><br \/>\nBolurile de alimentare SWOER sunt fabricate din materiale \u0219i finisaje de \u00eenalt\u0103 calitate, cum ar fi c\u0103ptu\u0219eala de cauciuc \u0219i aluminiul anodizat, pentru a rezista mai mult \u0219i a face fa\u021b\u0103 uzurii \u00een produc\u021bia de volum mare.<\/li>\n<li><strong>Mecanism de evacuare pentru alimentare precis\u0103<\/strong><br \/>\nEvacuarea noastr\u0103 proiecteaz\u0103 piese separate cu precizie, reduc\u00e2nd timpul de nefunc\u021bionare \u0219i \u00eembun\u0103t\u0103\u021bind prezentarea pieselor. Acest lucru v\u0103 cre\u0219te viteza de produc\u021bie \u0219i reduce \u0219ansele de gre\u0219eli.<\/li>\n<li><strong>Ajust\u0103ri rapide pentru configurare u\u0219oar\u0103<\/strong><br \/>\nSWOER ofer\u0103 piese personalizate care v\u0103 permit s\u0103 regla\u021bi rapid alimentatorul pentru diferite piese sau set\u0103ri ale liniilor de produc\u021bie, f\u0103c\u00e2ndu-l mai u\u0219or de adaptat atunci c\u00e2nd este necesar.<\/li>\n<li><strong>Integrare u\u0219oar\u0103 cu sistemele existente<\/strong><br \/>\nAlimentatoarele noastre vibratoare cu scap\u0103 sunt construite pentru a func\u021biona cu echipamentele dvs. actuale, astfel \u00eenc\u00e2t s\u0103 v\u0103 pute\u021bi actualiza sistemul f\u0103r\u0103 probleme \u0219i s\u0103 v\u0103 asigura\u021bi c\u0103 totul func\u021bioneaz\u0103 f\u0103r\u0103 probleme.<\/li>\n<li><strong>Cost-eficient pentru o mai bun\u0103 rentabilitate a investi\u021biei<\/strong><br \/>\nBolurile de alimentare vibratoare personalizate de la SWOER \u00eembun\u0103t\u0103\u021besc manipularea pieselor, reduc de\u0219eurile \u0219i reduc \u00eentreruperile, oferindu-v\u0103 o rentabilitate mai bun\u0103 a investi\u021biei.<\/li>\n<li><strong>Ajutor expert \u0219i asisten\u021b\u0103 continu\u0103<\/strong><br \/>\nEchipa noastr\u0103 de exper\u021bi lucreaz\u0103 \u00eendeaproape cu dvs. pentru a v\u0103 \u00een\u021belege nevoile \u0219i pentru a v\u0103 sugera cele mai bune solu\u021bii de alimentare. De asemenea, oferim asisten\u021b\u0103 continu\u0103 pentru a v\u0103 men\u021bine sistemul s\u0103 func\u021bioneze f\u0103r\u0103 probleme.<\/li>\n<\/ol>\n\t\t<\/div>\n\n\t\t\n<style>\n#section_950814331 {\n  padding-top: 30px;\n  padding-bottom: 30px;\n}\n#section_950814331 .ux-shape-divider--top svg {\n  height: 150px;\n  --divider-top-width: 100%;\n}\n#section_950814331 .ux-shape-divider--bottom svg {\n  height: 150px;\n  --divider-width: 100%;\n}\n<\/style>\n\t<\/section>\n\t\n\t<section class=\"section\" id=\"section_1967809420\">\n\t\t<div class=\"bg section-bg fill bg-fill  bg-loaded\" >\n\n\t\t\t\n\t\t\t\n\t\t\t\n\n\t\t<\/div>\n\n\t\t\n\n\t\t<div class=\"section-content relative\">\n\t\t\t\n<h2 style=\"text-align: center;\">Contacta\u0163i-ne<\/h2>\n\t<div id=\"gap-202785214\" class=\"gap-element clearfix\" style=\"display:block; height:auto;\">\n\t\t\n<style>\n#gap-202785214 {\n  padding-top: 30px;\n}\n<\/style>\n\t<\/div>\n\t\n\n<div class=\"wpcf7 no-js\" id=\"wpcf7-f280-o1\" lang=\"en-US\" dir=\"ltr\">\n<div class=\"screen-reader-response\"><p role=\"status\" aria-live=\"polite\" aria-atomic=\"true\"><\/p> <ul><\/ul><\/div>\n<form action=\"\/ro\/wp-json\/wp\/v2\/product\/3090#wpcf7-f280-o1\" method=\"post\" class=\"wpcf7-form init\" aria-label=\"Formular de contact\" novalidate=\"novalidate\" data-status=\"init\" data-trp-original-action=\"\/ro\/wp-json\/wp\/v2\/product\/3090#wpcf7-f280-o1\">\n<div style=\"display: none;\">\n<input type=\"hidden\" name=\"_wpcf7\" value=\"280\" \/>\n<input type=\"hidden\" name=\"_wpcf7_version\" value=\"5.9.2\" \/>\n<input type=\"hidden\" name=\"_wpcf7_locale\" value=\"en_US\" \/>\n<input type=\"hidden\" name=\"_wpcf7_unit_tag\" value=\"wpcf7-f280-o1\" \/>\n<input type=\"hidden\" name=\"_wpcf7_container_post\" value=\"0\" \/>\n<input type=\"hidden\" name=\"_wpcf7_posted_data_hash\" value=\"\" \/>\n<\/div>\n<div class='custom_contact_style'>\n\t<div class=\"row row-small\">\n\t\t<div class=\"col medium-6 small-12 large-6\">\n\t\t\t<div class=\"col-inner\">\n\t\t\t\t<p><span class=\"wpcf7-form-control-wrap\" data-name=\"your-name\"><input size=\"40\" class=\"wpcf7-form-control wpcf7-text wpcf7-validates-as-required\" aria-required=\"true\" aria-invalid=\"false\" placeholder=\"Nume*\" value=\"\" type=\"text\" name=\"your-name\" \/><\/span>\n\t\t\t\t<\/p>\n\t\t\t<\/div>\n\t\t<\/div>\n\t\t<div class=\"col medium-6 small-12 large-6\">\n\t\t\t<div class=\"col-inner\">\n\t\t\t\t<p><span class=\"wpcf7-form-control-wrap\" data-name=\"your-email\"><input size=\"40\" class=\"wpcf7-form-control wpcf7-email wpcf7-validates-as-required wpcf7-text wpcf7-validates-as-email\" aria-required=\"true\" aria-invalid=\"false\" placeholder=\"E-mail*\" value=\"\" type=\"email\" name=\"your-email\" \/><\/span>\n\t\t\t\t<\/p>\n\t\t\t<\/div>\n\t\t<\/div>\n\t<\/div>\n\t<div class='cus_contact_form_bottom'>\n\t\t<p><span class=\"wpcf7-form-control-wrap\" data-name=\"your-phone\"><input size=\"40\" class=\"wpcf7-form-control wpcf7-text\" aria-invalid=\"false\" placeholder=\"Telefon\" value=\"\" type=\"text\" name=\"your-phone\" \/><\/span>\n\t\t<\/p>\n\t<\/div>\n\t<div class='cus_contact_form_bottom'>\n\t\t<p><span class=\"wpcf7-form-control-wrap\" data-name=\"your-country\"><input size=\"40\" class=\"wpcf7-form-control wpcf7-text\" aria-invalid=\"false\" placeholder=\"\u021aar\u0103\" value=\"\" type=\"text\" name=\"your-country\" \/><\/span>\n\t\t<\/p>\n\t<\/div>\n\t<p><span class=\"wpcf7-form-control-wrap\" data-name=\"your-message\"><textarea cols=\"40\" rows=\"10\" class=\"wpcf7-form-control wpcf7-textarea wpcf7-validates-as-required\" aria-required=\"true\" aria-invalid=\"false\" placeholder=\"Mesajul dvs *\" name=\"your-message\"><\/textarea><\/span>\n\t<\/p>\n\t<div style=\"margin-bottom:10px;\">\n\t\t<p><span class=\"wpcf7-form-control-wrap kc_captcha cf7ic-toggle\" data-name=\"kc_captcha\"><span class=\"wpcf7-form-control wpcf7-radio\"><span class=\"captcha-image\" style=\"display: none;\"><span class=\"cf7ic_instructions\">V\u0103 rug\u0103m s\u0103 dovedi\u021bi c\u0103 sunte\u021bi uman select\u00e2nd<span> plane<\/span>.<\/span><label><input aria-label=\"1\" type=\"radio\" name=\"kc_captcha\" value=\"bot\" \/><svg aria-hidden=\"true\" role=\"img\" xmlns=\"http:\/\/www.w3.org\/2000\/svg\" viewbox=\"0 0 576 512\"><path fill=\"currentColor\" d=\"M415 24c-53 0-103 42-127 65-24-23-74-65-127-65C70 24 16 77 16 166c0 72 67 133 69 135l187 181c9 8 23 8 32 0l187-180c2-3 69-64 69-136 0-89-54-142-145-142z\"\/><\/svg><\/label><label><input aria-label=\"2\" type=\"radio\" name=\"kc_captcha\" value=\"bot\" \/><svg aria-hidden=\"true\" role=\"img\" xmlns=\"http:\/\/www.w3.org\/2000\/svg\" viewbox=\"0 0 512 512\"><path fill=\"currentColor\" d=\"M500 168h-55l-8-21a127 127 0 00-120-83H195a127 127 0 00-120 83l-8 21H12c-8 0-14 8-11 16l8 24a12 12 0 0011 8h29a64 64 0 00-33 56v48c0 16 6 31 16 42v62c0 13 11 24 24 24h48c13 0 24-11 24-24v-40h256v40c0 13 11 24 24 24h48c13 0 24-11 24-24v-62c10-11 16-26 16-42v-48c0-24-13-45-33-56h29a12 12 0 0011-8l8-24c3-8-3-16-11-16zm-365 2c9-25 33-42 60-42h122c27 0 51 17 60 42l15 38H120l15-38zM88 328a32 32 0 010-64c18 0 48 30 48 48s-30 16-48 16zm336 0c-18 0-48 2-48-16s30-48 48-48 32 14 32 32-14 32-32 32z\"\/><\/svg><\/label><label><input aria-label=\"3\" type=\"radio\" name=\"kc_captcha\" value=\"kc_human\" \/><svg aria-hidden=\"true\" role=\"img\" xmlns=\"http:\/\/www.w3.org\/2000\/svg\" viewbox=\"0 0 576 512\"><path fill=\"currentColor\" d=\"M472 200H360L256 6a12 12 0 00-10-6h-58c-8 0-14 7-12 15l34 185H100l-35-58a12 12 0 00-10-6H12c-8 0-13 7-12 14l21 106L0 362c-1 7 4 14 12 14h43c4 0 8-2 10-6l35-58h110l-34 185c-2 8 4 15 12 15h58a12 12 0 0010-6l104-194h112c57 0 104-25 104-56s-47-56-104-56z\"\/><\/svg><\/label>\r\n    <\/span>\r\n    <span style=\"display:none\">\r\n        <input type=\"text\" name=\"kc_honeypot\">\r\n    <\/span><\/span><\/span>\n\t\t<\/p>\n\t<\/div>\n\t<p><input class=\"wpcf7-form-control wpcf7-submit has-spinner\" type=\"submit\" value=\"Trimite mesaj\" \/>\n\t<\/p>\n<\/div><div class=\"wpcf7-response-output\" aria-hidden=\"true\"><\/div>\n<input type=\"hidden\" name=\"trp-form-language\" value=\"ro\"\/><\/form>\n<\/div>\n\n\t\t<\/div>\n\n\t\t\n<style>\n#section_1967809420 {\n  padding-top: 30px;\n  padding-bottom: 30px;\n}\n#section_1967809420 .ux-shape-divider--top svg {\n  height: 150px;\n  --divider-top-width: 100%;\n}\n#section_1967809420 .ux-shape-divider--bottom svg {\n  height: 150px;\n  --divider-width: 100%;\n}\n<\/style>\n\t<\/section>","protected":false},"excerpt":{"rendered":"<p>Alimentatorul pneumatic cu evacuare de la SWOER este proiectat pentru o alimentare lin\u0103 \u0219i precis\u0103 a pieselor. \u00cen calitate de produc\u0103tor de \u00eencredere de alimentatoare vibratoare, oferim solu\u021bii personalizate pentru a se potrivi nevoilor dumneavoastr\u0103 de automatizare. Alimentatoarele noastre asigur\u0103 performan\u021b\u0103 stabil\u0103 \u0219i eficient\u0103 pentru industrii precum auto, electronice \u0219i dispozitive medicale. Contacta\u021bi SWOER ast\u0103zi pentru solu\u021bii de hr\u0103nire personalizate pentru a v\u0103 \u00eembun\u0103t\u0103\u021bi produc\u021bia!<\/p>","protected":false},"featured_media":3091,"comment_status":"open","ping_status":"closed","template":"","meta":[],"product_cat":[37],"product_tag":[],"yoast_head":"<!-- This site is optimized with the Yoast SEO plugin v22.2 - https:\/\/yoast.com\/wordpress\/plugins\/seo\/ -->\n<title>Pneumatic Feeder with an Escapement | Vibratory Feeder - SWOER<\/title>\n<meta name=\"description\" content=\"Swoer is a Chinese manufacturer with rich experience in producing custom vibratory feeder bowls with escapement, reliable quality, and favorable factory prices.\" \/>\n<meta name=\"robots\" content=\"index, follow, max-snippet:-1, max-image-preview:large, max-video-preview:-1\" \/>\n<link rel=\"canonical\" href=\"https:\/\/swoer.com\/ro\/manufacturer\/pneumatic-feeder-with-an-escapement\/\" \/>\n<meta property=\"og:locale\" content=\"ro_RO\" \/>\n<meta property=\"og:type\" content=\"article\" \/>\n<meta property=\"og:title\" content=\"Pneumatic Feeder with an Escapement | Vibratory Feeder - SWOER\" \/>\n<meta property=\"og:description\" content=\"Swoer is a Chinese manufacturer with rich experience in producing custom vibratory feeder bowls with escapement, reliable quality, and favorable factory prices.\" \/>\n<meta property=\"og:url\" content=\"https:\/\/swoer.com\/ro\/manufacturer\/pneumatic-feeder-with-an-escapement\/\" \/>\n<meta property=\"og:site_name\" content=\"SWOER\" \/>\n<meta property=\"article:modified_time\" content=\"2025-03-06T02:55:06+00:00\" \/>\n<meta property=\"og:image\" content=\"https:\/\/swoer.com\/wp-content\/uploads\/2024\/12\/Vibratory-Feeder-Bowl-with-an-Escapement.webp\" \/>\n\t<meta property=\"og:image:width\" content=\"1000\" \/>\n\t<meta property=\"og:image:height\" content=\"1000\" \/>\n\t<meta property=\"og:image:type\" content=\"image\/webp\" \/>\n<meta name=\"twitter:card\" content=\"summary_large_image\" \/>\n<meta name=\"twitter:label1\" content=\"Timp estimat pentru citire\" \/>\n\t<meta name=\"twitter:data1\" content=\"2 minute\" \/>\n<script type=\"application\/ld+json\" class=\"yoast-schema-graph\">{\"@context\":\"https:\/\/schema.org\",\"@graph\":[{\"@type\":\"WebPage\",\"@id\":\"https:\/\/swoer.com\/manufacturer\/pneumatic-feeder-with-an-escapement\/\",\"url\":\"https:\/\/swoer.com\/manufacturer\/pneumatic-feeder-with-an-escapement\/\",\"name\":\"Pneumatic Feeder with an Escapement | Vibratory Feeder - SWOER\",\"isPartOf\":{\"@id\":\"https:\/\/swoer.com\/#website\"},\"primaryImageOfPage\":{\"@id\":\"https:\/\/swoer.com\/manufacturer\/pneumatic-feeder-with-an-escapement\/#primaryimage\"},\"image\":{\"@id\":\"https:\/\/swoer.com\/manufacturer\/pneumatic-feeder-with-an-escapement\/#primaryimage\"},\"thumbnailUrl\":\"https:\/\/swoer.com\/wp-content\/uploads\/2024\/12\/Vibratory-Feeder-Bowl-with-an-Escapement.webp\",\"datePublished\":\"2025-03-05T07:55:13+00:00\",\"dateModified\":\"2025-03-06T02:55:06+00:00\",\"description\":\"Swoer is a Chinese manufacturer with rich experience in producing custom vibratory feeder bowls with escapement, reliable quality, and favorable factory prices.\",\"breadcrumb\":{\"@id\":\"https:\/\/swoer.com\/manufacturer\/pneumatic-feeder-with-an-escapement\/#breadcrumb\"},\"inLanguage\":\"ro-RO\",\"potentialAction\":[{\"@type\":\"ReadAction\",\"target\":[\"https:\/\/swoer.com\/manufacturer\/pneumatic-feeder-with-an-escapement\/\"]}]},{\"@type\":\"ImageObject\",\"inLanguage\":\"ro-RO\",\"@id\":\"https:\/\/swoer.com\/manufacturer\/pneumatic-feeder-with-an-escapement\/#primaryimage\",\"url\":\"https:\/\/swoer.com\/wp-content\/uploads\/2024\/12\/Vibratory-Feeder-Bowl-with-an-Escapement.webp\",\"contentUrl\":\"https:\/\/swoer.com\/wp-content\/uploads\/2024\/12\/Vibratory-Feeder-Bowl-with-an-Escapement.webp\",\"width\":1000,\"height\":1000,\"caption\":\"Vibratory Feeder Bowl with an Escapement\"},{\"@type\":\"BreadcrumbList\",\"@id\":\"https:\/\/swoer.com\/manufacturer\/pneumatic-feeder-with-an-escapement\/#breadcrumb\",\"itemListElement\":[{\"@type\":\"ListItem\",\"position\":1,\"name\":\"Home\",\"item\":\"https:\/\/swoer.com\/\"},{\"@type\":\"ListItem\",\"position\":2,\"name\":\"Shop\",\"item\":\"https:\/\/swoer.com\/shop\/\"},{\"@type\":\"ListItem\",\"position\":3,\"name\":\"Pneumatic Feeder with an Escapement | Vibratory Feeder\"}]},{\"@type\":\"WebSite\",\"@id\":\"https:\/\/swoer.com\/#website\",\"url\":\"https:\/\/swoer.com\/\",\"name\":\"SWOER\",\"description\":\"Swoer is the top 3 vibratory bowl feeder manufacturer in China\",\"potentialAction\":[{\"@type\":\"SearchAction\",\"target\":{\"@type\":\"EntryPoint\",\"urlTemplate\":\"https:\/\/swoer.com\/?s={search_term_string}\"},\"query-input\":\"required name=search_term_string\"}],\"inLanguage\":\"ro-RO\"}]}<\/script>\n<!-- \/ Yoast SEO plugin. -->","yoast_head_json":{"title":"Pneumatic Feeder with an Escapement | Vibratory Feeder - SWOER","description":"Swoer is a Chinese manufacturer with rich experience in producing custom vibratory feeder bowls with escapement, reliable quality, and favorable factory prices.","robots":{"index":"index","follow":"follow","max-snippet":"max-snippet:-1","max-image-preview":"max-image-preview:large","max-video-preview":"max-video-preview:-1"},"canonical":"https:\/\/swoer.com\/ro\/manufacturer\/pneumatic-feeder-with-an-escapement\/","og_locale":"ro_RO","og_type":"article","og_title":"Pneumatic Feeder with an Escapement | Vibratory Feeder - SWOER","og_description":"Swoer is a Chinese manufacturer with rich experience in producing custom vibratory feeder bowls with escapement, reliable quality, and favorable factory prices.","og_url":"https:\/\/swoer.com\/ro\/manufacturer\/pneumatic-feeder-with-an-escapement\/","og_site_name":"SWOER","article_modified_time":"2025-03-06T02:55:06+00:00","og_image":[{"width":1000,"height":1000,"url":"https:\/\/swoer.com\/wp-content\/uploads\/2024\/12\/Vibratory-Feeder-Bowl-with-an-Escapement.webp","type":"image\/webp"}],"twitter_card":"summary_large_image","twitter_misc":{"Timp estimat pentru citire":"2 minute"},"schema":{"@context":"https:\/\/schema.org","@graph":[{"@type":"WebPage","@id":"https:\/\/swoer.com\/manufacturer\/pneumatic-feeder-with-an-escapement\/","url":"https:\/\/swoer.com\/manufacturer\/pneumatic-feeder-with-an-escapement\/","name":"Pneumatic Feeder with an Escapement | Vibratory Feeder - SWOER","isPartOf":{"@id":"https:\/\/swoer.com\/#website"},"primaryImageOfPage":{"@id":"https:\/\/swoer.com\/manufacturer\/pneumatic-feeder-with-an-escapement\/#primaryimage"},"image":{"@id":"https:\/\/swoer.com\/manufacturer\/pneumatic-feeder-with-an-escapement\/#primaryimage"},"thumbnailUrl":"https:\/\/swoer.com\/wp-content\/uploads\/2024\/12\/Vibratory-Feeder-Bowl-with-an-Escapement.webp","datePublished":"2025-03-05T07:55:13+00:00","dateModified":"2025-03-06T02:55:06+00:00","description":"Swoer is a Chinese manufacturer with rich experience in producing custom vibratory feeder bowls with escapement, reliable quality, and favorable factory prices.","breadcrumb":{"@id":"https:\/\/swoer.com\/manufacturer\/pneumatic-feeder-with-an-escapement\/#breadcrumb"},"inLanguage":"ro-RO","potentialAction":[{"@type":"ReadAction","target":["https:\/\/swoer.com\/manufacturer\/pneumatic-feeder-with-an-escapement\/"]}]},{"@type":"ImageObject","inLanguage":"ro-RO","@id":"https:\/\/swoer.com\/manufacturer\/pneumatic-feeder-with-an-escapement\/#primaryimage","url":"https:\/\/swoer.com\/wp-content\/uploads\/2024\/12\/Vibratory-Feeder-Bowl-with-an-Escapement.webp","contentUrl":"https:\/\/swoer.com\/wp-content\/uploads\/2024\/12\/Vibratory-Feeder-Bowl-with-an-Escapement.webp","width":1000,"height":1000,"caption":"Vibratory Feeder Bowl with an Escapement"},{"@type":"BreadcrumbList","@id":"https:\/\/swoer.com\/manufacturer\/pneumatic-feeder-with-an-escapement\/#breadcrumb","itemListElement":[{"@type":"ListItem","position":1,"name":"Home","item":"https:\/\/swoer.com\/"},{"@type":"ListItem","position":2,"name":"Shop","item":"https:\/\/swoer.com\/shop\/"},{"@type":"ListItem","position":3,"name":"Pneumatic Feeder with an Escapement | Vibratory Feeder"}]},{"@type":"WebSite","@id":"https:\/\/swoer.com\/#website","url":"https:\/\/swoer.com\/","name":"SWOER","description":"Swoer is the top 3 vibratory bowl feeder manufacturer in China","potentialAction":[{"@type":"SearchAction","target":{"@type":"EntryPoint","urlTemplate":"https:\/\/swoer.com\/?s={search_term_string}"},"query-input":"required name=search_term_string"}],"inLanguage":"ro-RO"}]}},"_links":{"self":[{"href":"https:\/\/swoer.com\/ro\/wp-json\/wp\/v2\/product\/3090"}],"collection":[{"href":"https:\/\/swoer.com\/ro\/wp-json\/wp\/v2\/product"}],"about":[{"href":"https:\/\/swoer.com\/ro\/wp-json\/wp\/v2\/types\/product"}],"replies":[{"embeddable":true,"href":"https:\/\/swoer.com\/ro\/wp-json\/wp\/v2\/comments?post=3090"}],"wp:featuredmedia":[{"embeddable":true,"href":"https:\/\/swoer.com\/ro\/wp-json\/wp\/v2\/media\/3091"}],"wp:attachment":[{"href":"https:\/\/swoer.com\/ro\/wp-json\/wp\/v2\/media?parent=3090"}],"wp:term":[{"taxonomy":"product_cat","embeddable":true,"href":"https:\/\/swoer.com\/ro\/wp-json\/wp\/v2\/product_cat?post=3090"},{"taxonomy":"product_tag","embeddable":true,"href":"https:\/\/swoer.com\/ro\/wp-json\/wp\/v2\/product_tag?post=3090"}],"curies":[{"name":"wp","href":"https:\/\/api.w.org\/{rel}","templated":true}]}}