{"id":2944,"date":"2024-12-02T22:55:27","date_gmt":"2024-12-02T14:55:27","guid":{"rendered":"https:\/\/swoer.com\/?post_type=product&#038;p=2944"},"modified":"2025-03-21T09:08:32","modified_gmt":"2025-03-21T01:08:32","slug":"step-feeders-step-feeder-systems-with-vibratory-feeder","status":"publish","type":"product","link":"https:\/\/swoer.com\/ro\/manufacturer\/step-feeders-step-feeder-systems-with-vibratory-feeder\/","title":{"rendered":"Alimentatoare cu pas \u2013 Sisteme de alimentare cu pas cu alimentator vibrator"},"content":{"rendered":"<section class=\"section\" id=\"section_830902994\">\n\t\t<div class=\"bg section-bg fill bg-fill  bg-loaded\" >\n\n\t\t\t\n\t\t\t\n\t\t\t\n\n\t\t<\/div>\n\n\t\t\n\n\t\t<div class=\"section-content relative\">\n\t\t\t\n<h2>Sisteme de alimentare \u00een trepte cu avantaje de alimentare cu vibra\u021bie:<\/h2>\n<h3>1. Design eficient \u0219i de \u00eencredere<\/h3>\n<p>Alimentatoarele cu pas se remarc\u0103 prin designul lor simplu, dar eficient, capabil s\u0103 ridice \u0219i s\u0103 livreze cu precizie piesele \u00een pozi\u021bia dorit\u0103. Acest lucru asigur\u0103 mai pu\u021bine erori \u0219i \u00eembun\u0103t\u0103\u021be\u0219te productivitatea general\u0103.<\/p>\n<h3>2. Compatibilitate perfect\u0103 cu alimentatoarele vibratoare<\/h3>\n<p>Aceste alimentatoare sunt proiectate s\u0103 func\u021bioneze perfect cu alimentatoarele vibratoare, garant\u00e2nd opera\u021biuni u\u0219oare \u0219i integrare u\u0219oar\u0103 \u00een diferite medii de produc\u021bie.<\/p>\n<h3>3. Versatilitate pentru diverse aplica\u021bii<\/h3>\n<p>Indiferent dac\u0103 manipuleaz\u0103 piese mici, complicate sau componente mai mari, Step Feeders pot fi personalizate pentru a satisface cerin\u021bele specifice ale diferitelor industrii.<\/p>\n<h3>4. Zgomot redus \u0219i consum de energie<\/h3>\n<p>\u00cen compara\u021bie cu sistemele tradi\u021bionale de alimentare, Step Feeders func\u021bioneaz\u0103 mai silen\u021bios \u0219i sunt eficiente din punct de vedere energetic, f\u0103c\u00e2ndu-le ideale pentru medii cu standarde stricte de zgomot \u0219i energie.<\/p>\n<h3>5. Durabil \u0219i u\u0219or de \u00eentre\u021binut<\/h3>\n<p>Construite cu materiale de \u00eenalt\u0103 calitate, Step Feeders sunt extrem de durabile \u0219i au un design simplu, asigur\u00e2nd \u00eentre\u021binere u\u0219oar\u0103 \u0219i costuri opera\u021bionale mai mici pe termen lung.<\/p>\n\t<div class=\"img has-hover x md-x lg-x y md-y lg-y\" id=\"image_739509110\">\n\t\t\t\t\t\t\t\t<div class=\"img-inner image-cover dark\" style=\"padding-top:56.25%;\">\n\t\t\t<img loading=\"lazy\" decoding=\"async\" width=\"960\" height=\"540\" src=\"https:\/\/swoer.com\/wp-content\/uploads\/2024\/12\/Step-Feeder-with-Vibratory-Feeder.webp\" class=\"attachment-original size-original\" alt=\"Alimentator cu pas cu alimentator vibrator\" srcset=\"https:\/\/swoer.com\/wp-content\/uploads\/2024\/12\/Step-Feeder-with-Vibratory-Feeder.webp 960w, https:\/\/swoer.com\/wp-content\/uploads\/2024\/12\/Step-Feeder-with-Vibratory-Feeder-300x169.webp 300w, https:\/\/swoer.com\/wp-content\/uploads\/2024\/12\/Step-Feeder-with-Vibratory-Feeder-768x432.webp 768w, https:\/\/swoer.com\/wp-content\/uploads\/2024\/12\/Step-Feeder-with-Vibratory-Feeder-18x10.webp 18w, https:\/\/swoer.com\/wp-content\/uploads\/2024\/12\/Step-Feeder-with-Vibratory-Feeder-600x338.webp 600w\" sizes=\"(max-width: 960px) 100vw, 960px\" \/>\t\t\t\t\t\t\n\t\t\t\t\t<\/div>\n\t\t\t\t\t\t\t\t\n<style>\n#image_739509110 {\n  width: 100%;\n}\n<\/style>\n\t<\/div>\n\t\n\t\t<\/div>\n\n\t\t\n<style>\n#section_830902994 {\n  padding-top: 30px;\n  padding-bottom: 30px;\n}\n#section_830902994 .ux-shape-divider--top svg {\n  height: 150px;\n  --divider-top-width: 100%;\n}\n#section_830902994 .ux-shape-divider--bottom svg {\n  height: 150px;\n  --divider-width: 100%;\n}\n<\/style>\n\t<\/section>\n\t\n\t<section class=\"section\" id=\"section_1651111755\">\n\t\t<div class=\"bg section-bg fill bg-fill  bg-loaded\" >\n\n\t\t\t\n\t\t\t\n\t\t\t\n\n\t\t<\/div>\n\n\t\t\n\n\t\t<div class=\"section-content relative\">\n\t\t\t\n<h2>Informa\u021bii necesare pentru personalizarea alimentatoarelor de pas<\/h2>\n<p>Pentru a v\u0103 asigura c\u0103 Step Feeder este adaptat nevoilor dvs., v\u0103 rug\u0103m s\u0103 furniza\u021bi urm\u0103toarele detalii:<\/p>\n<h3>1. Specifica\u021bii componente<\/h3>\n<ul>\n<li>Dimensiunea, forma \u0219i materialul pieselor care trebuie manipulate.<\/li>\n<li>Caracteristici speciale sau considera\u021bii de fragilitate.<\/li>\n<\/ul>\n<h3>2. Cerin\u021be de hr\u0103nire<\/h3>\n<ul>\n<li>Viteza de alimentare \u0219i orientarea dorite.<\/li>\n<li>Sunt necesare rate de ie\u0219ire \u0219i niveluri de precizie.<\/li>\n<\/ul>\n<h3>3. Detalii de integrare<\/h3>\n<ul>\n<li>Compatibilitate cu utilajele existente (de exemplu, alimentatoare vibratoare, transportoare).<\/li>\n<li>Dimensiunile \u0219i structura liniei de produc\u021bie.<\/li>\n<\/ul>\n<h3>4. Mediul de operare<\/h3>\n<ul>\n<li>Factori de mediu (de exemplu, praf, umiditate, temperatur\u0103).<\/li>\n<li>Cerin\u021be de zgomot \u0219i eficien\u021b\u0103 energetic\u0103.<\/li>\n<\/ul>\n<h3>5. Caracteristici personalizate<\/h3>\n<ul>\n<li>Orice caracteristici suplimentare, cum ar fi senzori, bunc\u0103re sau capace.<\/li>\n<li>Materiale sau acoperiri preferate pentru durabilitate sau igiena.<\/li>\n<\/ul>\n<h3>6. Nevoi specifice industriei<\/h3>\n<ul>\n<li>Standarde sau certific\u0103ri necesare pentru industria dvs.<\/li>\n<li>Detalii specifice aplica\u021biei, cum ar fi asamblarea medical\u0103 sau auto.<\/li>\n<\/ul>\n<p>Furnizarea acestor detalii ne va ajuta s\u0103 proiect\u0103m un Step Feeder care se potrive\u0219te perfect cu obiectivele dumneavoastr\u0103 opera\u021bionale \u0219i standardele din industrie.<\/p>\n\t<div class=\"img has-hover x md-x lg-x y md-y lg-y\" id=\"image_253054539\">\n\t\t\t\t\t\t\t\t<div class=\"img-inner image-cover dark\" style=\"padding-top:56.25%;\">\n\t\t\t<img loading=\"lazy\" decoding=\"async\" width=\"960\" height=\"540\" src=\"https:\/\/swoer.com\/wp-content\/uploads\/2024\/12\/step-feeder.webp\" class=\"attachment-original size-original\" alt=\"alimentator pas\" srcset=\"https:\/\/swoer.com\/wp-content\/uploads\/2024\/12\/step-feeder.webp 960w, https:\/\/swoer.com\/wp-content\/uploads\/2024\/12\/step-feeder-300x169.webp 300w, https:\/\/swoer.com\/wp-content\/uploads\/2024\/12\/step-feeder-768x432.webp 768w, https:\/\/swoer.com\/wp-content\/uploads\/2024\/12\/step-feeder-18x10.webp 18w, https:\/\/swoer.com\/wp-content\/uploads\/2024\/12\/step-feeder-600x338.webp 600w\" sizes=\"(max-width: 960px) 100vw, 960px\" \/>\t\t\t\t\t\t\n\t\t\t\t\t<\/div>\n\t\t\t\t\t\t\t\t\n<style>\n#image_253054539 {\n  width: 100%;\n}\n<\/style>\n\t<\/div>\n\t\n\t\t<\/div>\n\n\t\t\n<style>\n#section_1651111755 {\n  padding-top: 30px;\n  padding-bottom: 30px;\n}\n#section_1651111755 .ux-shape-divider--top svg {\n  height: 150px;\n  --divider-top-width: 100%;\n}\n#section_1651111755 .ux-shape-divider--bottom svg {\n  height: 150px;\n  --divider-width: 100%;\n}\n<\/style>\n\t<\/section>\n\t\n\t<section class=\"section\" id=\"section_1780656862\">\n\t\t<div class=\"bg section-bg fill bg-fill  bg-loaded\" >\n\n\t\t\t\n\t\t\t\n\t\t\t\n\n\t\t<\/div>\n\n\t\t\n\n\t\t<div class=\"section-content relative\">\n\t\t\t\n<h2>Contacta\u0163i-ne<\/h2>\n\n<div class=\"wpcf7 no-js\" id=\"wpcf7-f280-o1\" lang=\"en-US\" dir=\"ltr\">\n<div class=\"screen-reader-response\"><p role=\"status\" aria-live=\"polite\" aria-atomic=\"true\"><\/p> <ul><\/ul><\/div>\n<form action=\"\/ro\/wp-json\/wp\/v2\/product\/2944#wpcf7-f280-o1\" method=\"post\" class=\"wpcf7-form init\" aria-label=\"Formular de contact\" novalidate=\"novalidate\" data-status=\"init\" data-trp-original-action=\"\/ro\/wp-json\/wp\/v2\/product\/2944#wpcf7-f280-o1\">\n<div style=\"display: none;\">\n<input type=\"hidden\" name=\"_wpcf7\" value=\"280\" \/>\n<input type=\"hidden\" name=\"_wpcf7_version\" value=\"5.9.2\" \/>\n<input type=\"hidden\" name=\"_wpcf7_locale\" value=\"en_US\" \/>\n<input type=\"hidden\" name=\"_wpcf7_unit_tag\" value=\"wpcf7-f280-o1\" \/>\n<input type=\"hidden\" name=\"_wpcf7_container_post\" value=\"0\" \/>\n<input type=\"hidden\" name=\"_wpcf7_posted_data_hash\" value=\"\" \/>\n<\/div>\n<div class='custom_contact_style'>\n\t<div class=\"row row-small\">\n\t\t<div class=\"col medium-6 small-12 large-6\">\n\t\t\t<div class=\"col-inner\">\n\t\t\t\t<p><span class=\"wpcf7-form-control-wrap\" data-name=\"your-name\"><input size=\"40\" class=\"wpcf7-form-control wpcf7-text wpcf7-validates-as-required\" aria-required=\"true\" aria-invalid=\"false\" placeholder=\"Nume*\" value=\"\" type=\"text\" name=\"your-name\" \/><\/span>\n\t\t\t\t<\/p>\n\t\t\t<\/div>\n\t\t<\/div>\n\t\t<div class=\"col medium-6 small-12 large-6\">\n\t\t\t<div class=\"col-inner\">\n\t\t\t\t<p><span class=\"wpcf7-form-control-wrap\" data-name=\"your-email\"><input size=\"40\" class=\"wpcf7-form-control wpcf7-email wpcf7-validates-as-required wpcf7-text wpcf7-validates-as-email\" aria-required=\"true\" aria-invalid=\"false\" placeholder=\"E-mail*\" value=\"\" type=\"email\" name=\"your-email\" \/><\/span>\n\t\t\t\t<\/p>\n\t\t\t<\/div>\n\t\t<\/div>\n\t<\/div>\n\t<div class='cus_contact_form_bottom'>\n\t\t<p><span class=\"wpcf7-form-control-wrap\" data-name=\"your-phone\"><input size=\"40\" class=\"wpcf7-form-control wpcf7-text\" aria-invalid=\"false\" placeholder=\"Telefon\" value=\"\" type=\"text\" name=\"your-phone\" \/><\/span>\n\t\t<\/p>\n\t<\/div>\n\t<div class='cus_contact_form_bottom'>\n\t\t<p><span class=\"wpcf7-form-control-wrap\" data-name=\"your-country\"><input size=\"40\" class=\"wpcf7-form-control wpcf7-text\" aria-invalid=\"false\" placeholder=\"\u021aar\u0103\" value=\"\" type=\"text\" name=\"your-country\" \/><\/span>\n\t\t<\/p>\n\t<\/div>\n\t<p><span class=\"wpcf7-form-control-wrap\" data-name=\"your-message\"><textarea cols=\"40\" rows=\"10\" class=\"wpcf7-form-control wpcf7-textarea wpcf7-validates-as-required\" aria-required=\"true\" aria-invalid=\"false\" placeholder=\"Mesajul dvs *\" name=\"your-message\"><\/textarea><\/span>\n\t<\/p>\n\t<div style=\"margin-bottom:10px;\">\n\t\t<p><span class=\"wpcf7-form-control-wrap kc_captcha cf7ic-toggle\" data-name=\"kc_captcha\"><span class=\"wpcf7-form-control wpcf7-radio\"><span class=\"captcha-image\" style=\"display: none;\"><span class=\"cf7ic_instructions\">V\u0103 rug\u0103m s\u0103 dovedi\u021bi c\u0103 sunte\u021bi uman select\u00e2nd<span> tree<\/span>.<\/span><label><input aria-label=\"1\" type=\"radio\" name=\"kc_captcha\" value=\"bot\" \/><svg aria-hidden=\"true\" role=\"img\" xmlns=\"http:\/\/www.w3.org\/2000\/svg\" viewbox=\"0 0 576 512\"><path fill=\"currentColor\" d=\"M488 313v143c0 13-11 24-24 24H348c-7 0-12-5-12-12V356c0-7-5-12-12-12h-72c-7 0-12 5-12 12v112c0 7-5 12-12 12H112c-13 0-24-11-24-24V313c0-4 2-7 4-10l188-154c5-4 11-4 16 0l188 154c2 3 4 6 4 10zm84-61l-84-69V44c0-6-5-12-12-12h-56c-7 0-12 6-12 12v73l-89-74a48 48 0 00-61 0L4 252c-5 4-5 12-1 17l25 31c5 5 12 5 17 1l235-193c5-4 11-4 16 0l235 193c5 5 13 4 17-1l25-31c4-6 4-13-1-17z\"\/><\/svg><\/label><label><input aria-label=\"2\" type=\"radio\" name=\"kc_captcha\" value=\"bot\" \/><svg aria-hidden=\"true\" role=\"img\" xmlns=\"http:\/\/www.w3.org\/2000\/svg\" viewbox=\"0 0 640 512\"><path fill=\"currentColor\" d=\"M624 352h-16V244c0-13-5-25-14-34L494 110c-9-9-21-14-34-14h-44V48c0-26-21-48-48-48H48C22 0 0 22 0 48v320c0 27 22 48 48 48h16a96 96 0 00192 0h128a96 96 0 00192 0h48c9 0 16-7 16-16v-32c0-9-7-16-16-16zM160 464a48 48 0 110-96 48 48 0 010 96zm320 0a48 48 0 110-96 48 48 0 010 96zm80-208H416V144h44l100 100v12z\"\/><\/svg><\/label><label><input aria-label=\"3\" type=\"radio\" name=\"kc_captcha\" value=\"kc_human\" \/><svg aria-hidden=\"true\" role=\"img\" xmlns=\"http:\/\/www.w3.org\/2000\/svg\" viewbox=\"0 0 384 512\"><path fill=\"currentColor\" d=\"M377 375l-83-87h34c21 0 32-25 17-40l-82-88h33c21 0 32-25 18-40L210 8c-10-11-26-11-36 0L70 120c-14 15-3 40 18 40h33l-82 88c-15 15-4 40 17 40h34L7 375c-15 16-4 41 17 41h120c0 33-11 49-34 68-12 9-5 28 10 28h144c15 0 22-19 10-28-20-16-34-32-34-68h120c21 0 32-25 17-41z\"\/><\/svg><\/label>\r\n    <\/span>\r\n    <span style=\"display:none\">\r\n        <input type=\"text\" name=\"kc_honeypot\">\r\n    <\/span><\/span><\/span>\n\t\t<\/p>\n\t<\/div>\n\t<p><input class=\"wpcf7-form-control wpcf7-submit has-spinner\" type=\"submit\" value=\"Trimite mesaj\" \/>\n\t<\/p>\n<\/div><div class=\"wpcf7-response-output\" aria-hidden=\"true\"><\/div>\n<input type=\"hidden\" name=\"trp-form-language\" value=\"ro\"\/><\/form>\n<\/div>\n\n\t\t<\/div>\n\n\t\t\n<style>\n#section_1780656862 {\n  padding-top: 30px;\n  padding-bottom: 30px;\n}\n#section_1780656862 .ux-shape-divider--top svg {\n  height: 150px;\n  --divider-top-width: 100%;\n}\n#section_1780656862 .ux-shape-divider--bottom svg {\n  height: 150px;\n  --divider-width: 100%;\n}\n<\/style>\n\t<\/section>\n\t\n\t<section class=\"section\" id=\"section_128785148\">\n\t\t<div class=\"bg section-bg fill bg-fill  bg-loaded\" >\n\n\t\t\t\n\t\t\t\n\t\t\t\n\n\t\t<\/div>\n\n\t\t\n\n\t\t<div class=\"section-content relative\">\n\t\t\t\n<h2>Sisteme de alimentare cu pas cu alimentator vibrator video<\/h2>\n<div class=\"video video-fit mb\" style=\"padding-top:50%;\"><p><iframe loading=\"lazy\" title=\"Alimentator \u00een trepte cu alimentator cu bol vibrant - Alimentator vibrator cu transportor cu alimentator \u00een trepte\" width=\"1020\" height=\"574\" src=\"https:\/\/www.youtube.com\/embed\/fK9paG0UEhE?feature=oembed\" frameborder=\"0\" allow=\"accelerometer; autoplay; clipboard-write; encrypted-media; gyroscope; picture-in-picture; web-share\" referrerpolicy=\"strict-origin-when-cross-origin\" allowfullscreen><\/iframe><\/p>\n<\/div>\n\t\t<\/div>\n\n\t\t\n<style>\n#section_128785148 {\n  padding-top: 30px;\n  padding-bottom: 30px;\n}\n#section_128785148 .ux-shape-divider--top svg {\n  height: 150px;\n  --divider-top-width: 100%;\n}\n#section_128785148 .ux-shape-divider--bottom svg {\n  height: 150px;\n  --divider-width: 100%;\n}\n<\/style>\n\t<\/section>","protected":false},"excerpt":{"rendered":"<p>Alimentatoarele Step Feeders combin\u0103 eficien\u021ba \u0219i precizia pentru alimentarea automat\u0103 a pieselor.<\/p>\n<p>Proiectate pentru a func\u021biona perfect cu alimentatoarele vibratoare, acestea asigur\u0103 o func\u021bionare lin\u0103 \u0219i adaptabilitate pentru diverse aplica\u021bii.<\/p>","protected":false},"featured_media":2945,"comment_status":"open","ping_status":"closed","template":"","meta":[],"product_cat":[39],"product_tag":[],"yoast_head":"<!-- This site is optimized with the Yoast SEO plugin v22.2 - https:\/\/yoast.com\/wordpress\/plugins\/seo\/ -->\n<title>Step Feeders - Step Feeder Systems with Vibratory Feeder - SWOER<\/title>\n<meta name=\"description\" content=\"Reliable Step Feeders and advanced Step Feeder Systems integrated with vibratory feeders. Perfect for precise, automated part feeding in various industries.\" \/>\n<meta name=\"robots\" content=\"index, follow, max-snippet:-1, max-image-preview:large, max-video-preview:-1\" \/>\n<link rel=\"canonical\" href=\"https:\/\/swoer.com\/ro\/manufacturer\/step-feeders-step-feeder-systems-with-vibratory-feeder\/\" \/>\n<meta property=\"og:locale\" content=\"ro_RO\" \/>\n<meta property=\"og:type\" content=\"article\" \/>\n<meta property=\"og:title\" content=\"Step Feeders - Step Feeder Systems with Vibratory Feeder - SWOER\" \/>\n<meta property=\"og:description\" content=\"Reliable Step Feeders and advanced Step Feeder Systems integrated with vibratory feeders. Perfect for precise, automated part feeding in various industries.\" \/>\n<meta property=\"og:url\" content=\"https:\/\/swoer.com\/ro\/manufacturer\/step-feeders-step-feeder-systems-with-vibratory-feeder\/\" \/>\n<meta property=\"og:site_name\" content=\"SWOER\" \/>\n<meta property=\"article:modified_time\" content=\"2025-03-21T01:08:32+00:00\" \/>\n<meta property=\"og:image\" content=\"https:\/\/swoer.com\/wp-content\/uploads\/2024\/12\/Step-Feeder-Systems-with-Vibratory-Feeder.webp\" \/>\n\t<meta property=\"og:image:width\" content=\"1000\" \/>\n\t<meta property=\"og:image:height\" content=\"1000\" \/>\n\t<meta property=\"og:image:type\" content=\"image\/webp\" \/>\n<meta name=\"twitter:card\" content=\"summary_large_image\" \/>\n<meta name=\"twitter:label1\" content=\"Timp estimat pentru citire\" \/>\n\t<meta name=\"twitter:data1\" content=\"2 minute\" \/>\n<script type=\"application\/ld+json\" class=\"yoast-schema-graph\">{\"@context\":\"https:\/\/schema.org\",\"@graph\":[{\"@type\":\"WebPage\",\"@id\":\"https:\/\/swoer.com\/manufacturer\/step-feeders-step-feeder-systems-with-vibratory-feeder\/\",\"url\":\"https:\/\/swoer.com\/manufacturer\/step-feeders-step-feeder-systems-with-vibratory-feeder\/\",\"name\":\"Step Feeders - Step Feeder Systems with Vibratory Feeder - SWOER\",\"isPartOf\":{\"@id\":\"https:\/\/swoer.com\/#website\"},\"primaryImageOfPage\":{\"@id\":\"https:\/\/swoer.com\/manufacturer\/step-feeders-step-feeder-systems-with-vibratory-feeder\/#primaryimage\"},\"image\":{\"@id\":\"https:\/\/swoer.com\/manufacturer\/step-feeders-step-feeder-systems-with-vibratory-feeder\/#primaryimage\"},\"thumbnailUrl\":\"https:\/\/swoer.com\/wp-content\/uploads\/2024\/12\/Step-Feeder-Systems-with-Vibratory-Feeder.webp\",\"datePublished\":\"2024-12-02T14:55:27+00:00\",\"dateModified\":\"2025-03-21T01:08:32+00:00\",\"description\":\"Reliable Step Feeders and advanced Step Feeder Systems integrated with vibratory feeders. Perfect for precise, automated part feeding in various industries.\",\"breadcrumb\":{\"@id\":\"https:\/\/swoer.com\/manufacturer\/step-feeders-step-feeder-systems-with-vibratory-feeder\/#breadcrumb\"},\"inLanguage\":\"ro-RO\",\"potentialAction\":[{\"@type\":\"ReadAction\",\"target\":[\"https:\/\/swoer.com\/manufacturer\/step-feeders-step-feeder-systems-with-vibratory-feeder\/\"]}]},{\"@type\":\"ImageObject\",\"inLanguage\":\"ro-RO\",\"@id\":\"https:\/\/swoer.com\/manufacturer\/step-feeders-step-feeder-systems-with-vibratory-feeder\/#primaryimage\",\"url\":\"https:\/\/swoer.com\/wp-content\/uploads\/2024\/12\/Step-Feeder-Systems-with-Vibratory-Feeder.webp\",\"contentUrl\":\"https:\/\/swoer.com\/wp-content\/uploads\/2024\/12\/Step-Feeder-Systems-with-Vibratory-Feeder.webp\",\"width\":1000,\"height\":1000,\"caption\":\"Step Feeder Systems with Vibratory Feeder\"},{\"@type\":\"BreadcrumbList\",\"@id\":\"https:\/\/swoer.com\/manufacturer\/step-feeders-step-feeder-systems-with-vibratory-feeder\/#breadcrumb\",\"itemListElement\":[{\"@type\":\"ListItem\",\"position\":1,\"name\":\"Home\",\"item\":\"https:\/\/swoer.com\/\"},{\"@type\":\"ListItem\",\"position\":2,\"name\":\"Shop\",\"item\":\"https:\/\/swoer.com\/shop\/\"},{\"@type\":\"ListItem\",\"position\":3,\"name\":\"Step Feeders &#8211; Step Feeder Systems with Vibratory Feeder\"}]},{\"@type\":\"WebSite\",\"@id\":\"https:\/\/swoer.com\/#website\",\"url\":\"https:\/\/swoer.com\/\",\"name\":\"SWOER\",\"description\":\"Swoer is the top 3 vibratory bowl feeder manufacturer in China\",\"potentialAction\":[{\"@type\":\"SearchAction\",\"target\":{\"@type\":\"EntryPoint\",\"urlTemplate\":\"https:\/\/swoer.com\/?s={search_term_string}\"},\"query-input\":\"required name=search_term_string\"}],\"inLanguage\":\"ro-RO\"}]}<\/script>\n<!-- \/ Yoast SEO plugin. -->","yoast_head_json":{"title":"Step Feeders - Step Feeder Systems with Vibratory Feeder - SWOER","description":"Reliable Step Feeders and advanced Step Feeder Systems integrated with vibratory feeders. Perfect for precise, automated part feeding in various industries.","robots":{"index":"index","follow":"follow","max-snippet":"max-snippet:-1","max-image-preview":"max-image-preview:large","max-video-preview":"max-video-preview:-1"},"canonical":"https:\/\/swoer.com\/ro\/manufacturer\/step-feeders-step-feeder-systems-with-vibratory-feeder\/","og_locale":"ro_RO","og_type":"article","og_title":"Step Feeders - Step Feeder Systems with Vibratory Feeder - SWOER","og_description":"Reliable Step Feeders and advanced Step Feeder Systems integrated with vibratory feeders. Perfect for precise, automated part feeding in various industries.","og_url":"https:\/\/swoer.com\/ro\/manufacturer\/step-feeders-step-feeder-systems-with-vibratory-feeder\/","og_site_name":"SWOER","article_modified_time":"2025-03-21T01:08:32+00:00","og_image":[{"width":1000,"height":1000,"url":"https:\/\/swoer.com\/wp-content\/uploads\/2024\/12\/Step-Feeder-Systems-with-Vibratory-Feeder.webp","type":"image\/webp"}],"twitter_card":"summary_large_image","twitter_misc":{"Timp estimat pentru citire":"2 minute"},"schema":{"@context":"https:\/\/schema.org","@graph":[{"@type":"WebPage","@id":"https:\/\/swoer.com\/manufacturer\/step-feeders-step-feeder-systems-with-vibratory-feeder\/","url":"https:\/\/swoer.com\/manufacturer\/step-feeders-step-feeder-systems-with-vibratory-feeder\/","name":"Step Feeders - Step Feeder Systems with Vibratory Feeder - SWOER","isPartOf":{"@id":"https:\/\/swoer.com\/#website"},"primaryImageOfPage":{"@id":"https:\/\/swoer.com\/manufacturer\/step-feeders-step-feeder-systems-with-vibratory-feeder\/#primaryimage"},"image":{"@id":"https:\/\/swoer.com\/manufacturer\/step-feeders-step-feeder-systems-with-vibratory-feeder\/#primaryimage"},"thumbnailUrl":"https:\/\/swoer.com\/wp-content\/uploads\/2024\/12\/Step-Feeder-Systems-with-Vibratory-Feeder.webp","datePublished":"2024-12-02T14:55:27+00:00","dateModified":"2025-03-21T01:08:32+00:00","description":"Reliable Step Feeders and advanced Step Feeder Systems integrated with vibratory feeders. Perfect for precise, automated part feeding in various industries.","breadcrumb":{"@id":"https:\/\/swoer.com\/manufacturer\/step-feeders-step-feeder-systems-with-vibratory-feeder\/#breadcrumb"},"inLanguage":"ro-RO","potentialAction":[{"@type":"ReadAction","target":["https:\/\/swoer.com\/manufacturer\/step-feeders-step-feeder-systems-with-vibratory-feeder\/"]}]},{"@type":"ImageObject","inLanguage":"ro-RO","@id":"https:\/\/swoer.com\/manufacturer\/step-feeders-step-feeder-systems-with-vibratory-feeder\/#primaryimage","url":"https:\/\/swoer.com\/wp-content\/uploads\/2024\/12\/Step-Feeder-Systems-with-Vibratory-Feeder.webp","contentUrl":"https:\/\/swoer.com\/wp-content\/uploads\/2024\/12\/Step-Feeder-Systems-with-Vibratory-Feeder.webp","width":1000,"height":1000,"caption":"Step Feeder Systems with Vibratory Feeder"},{"@type":"BreadcrumbList","@id":"https:\/\/swoer.com\/manufacturer\/step-feeders-step-feeder-systems-with-vibratory-feeder\/#breadcrumb","itemListElement":[{"@type":"ListItem","position":1,"name":"Home","item":"https:\/\/swoer.com\/"},{"@type":"ListItem","position":2,"name":"Shop","item":"https:\/\/swoer.com\/shop\/"},{"@type":"ListItem","position":3,"name":"Step Feeders &#8211; Step Feeder Systems with Vibratory Feeder"}]},{"@type":"WebSite","@id":"https:\/\/swoer.com\/#website","url":"https:\/\/swoer.com\/","name":"SWOER","description":"Swoer is the top 3 vibratory bowl feeder manufacturer in China","potentialAction":[{"@type":"SearchAction","target":{"@type":"EntryPoint","urlTemplate":"https:\/\/swoer.com\/?s={search_term_string}"},"query-input":"required name=search_term_string"}],"inLanguage":"ro-RO"}]}},"_links":{"self":[{"href":"https:\/\/swoer.com\/ro\/wp-json\/wp\/v2\/product\/2944"}],"collection":[{"href":"https:\/\/swoer.com\/ro\/wp-json\/wp\/v2\/product"}],"about":[{"href":"https:\/\/swoer.com\/ro\/wp-json\/wp\/v2\/types\/product"}],"replies":[{"embeddable":true,"href":"https:\/\/swoer.com\/ro\/wp-json\/wp\/v2\/comments?post=2944"}],"wp:featuredmedia":[{"embeddable":true,"href":"https:\/\/swoer.com\/ro\/wp-json\/wp\/v2\/media\/2945"}],"wp:attachment":[{"href":"https:\/\/swoer.com\/ro\/wp-json\/wp\/v2\/media?parent=2944"}],"wp:term":[{"taxonomy":"product_cat","embeddable":true,"href":"https:\/\/swoer.com\/ro\/wp-json\/wp\/v2\/product_cat?post=2944"},{"taxonomy":"product_tag","embeddable":true,"href":"https:\/\/swoer.com\/ro\/wp-json\/wp\/v2\/product_tag?post=2944"}],"curies":[{"name":"wp","href":"https:\/\/api.w.org\/{rel}","templated":true}]}}