{"id":2700,"date":"2024-10-02T23:00:49","date_gmt":"2024-10-02T15:00:49","guid":{"rendered":"https:\/\/swoer.com\/?post_type=product&#038;p=2700"},"modified":"2025-03-21T09:07:53","modified_gmt":"2025-03-21T01:07:53","slug":"hopper-vibratory-feeder-for-plastic-spoons","status":"publish","type":"product","link":"https:\/\/swoer.com\/ro\/manufacturer\/hopper-vibratory-feeder-for-plastic-spoons\/","title":{"rendered":"Alimentator vibrator Hopper pentru linguri de plastic"},"content":{"rendered":"<h2><strong>Alimentator vibrator Hopper pentru linguri de plastic: Caracteristici cheie<\/strong><\/h2>\n<ul>\n<li><strong>Bol din o\u021bel inoxidabil 304 de calitate alimentar\u0103:<\/strong> Asigur\u0103 performan\u021be igienice \u0219i durabile, ideal pentru manipularea lingurilor de plastic \u00een medii legate de alimenta\u021bie sau curate.<\/li>\n<li><strong>Bunc\u0103r integrat:<\/strong> Permite un proces de hr\u0103nire consistent \u0219i eficient, minimiz\u00e2nd \u00eentreruperile \u00een timpul func\u021bion\u0103rii.<\/li>\n<li><strong>Performan\u021b\u0103 de \u00eencredere:<\/strong> Conceput pentru a manipula cantit\u0103\u021bi mari de linguri de plastic, asigur\u00e2nd o func\u021bionare lin\u0103 \u00een liniile de produc\u021bie cu cerere mare.<\/li>\n<li><strong>Set\u0103ri personalizabile:<\/strong> Viteza de alimentare \u0219i intensitatea vibra\u021biilor reglabile pentru a satisface nevoile specifice de produc\u021bie.<\/li>\n<li><strong>\u00centre\u021binere u\u0219oar\u0103:<\/strong> Simplu de cur\u0103\u021bat \u0219i \u00eentre\u021binut, asigur\u00e2nd o utilizare de lung\u0103 durat\u0103 cu timp de nefunc\u021bionare minim.<\/li>\n<\/ul>\n<p>Acest alimentator vibrator cu bunc\u0103r este conceput special pentru linguri de plastic \u0219i poate fi personalizat pentru a se potrivi formei \u0219i dimensiunii lor precise, asigur\u00e2nd performan\u021be optime \u00een aplica\u021biile industriale dedicate.<\/p>\n\t<div id=\"gap-1595819896\" class=\"gap-element clearfix\" style=\"display:block; height:auto;\">\n\t\t\n<style>\n#gap-1595819896 {\n  padding-top: 30px;\n}\n<\/style>\n\t<\/div>\n\t\n<h2>Model 3D de proiectare a alimentatorului cu bol vibratoare pentru linguri de plastic<\/h2>\n\t<div class=\"img has-hover x md-x lg-x y md-y lg-y\" id=\"image_1438230221\">\n\t\t\t\t\t\t\t\t<div class=\"img-inner dark\" >\n\t\t\t<img loading=\"lazy\" decoding=\"async\" width=\"1200\" height=\"475\" src=\"https:\/\/swoer.com\/wp-content\/uploads\/2024\/09\/Vibratory-Bowl-Feeder-Design-3D-Model-for-Plastic-Spoons.webp\" class=\"attachment-original size-original\" alt=\"Model 3D de proiectare a alimentatorului cu bol vibratoare pentru linguri de plastic\" srcset=\"https:\/\/swoer.com\/wp-content\/uploads\/2024\/09\/Vibratory-Bowl-Feeder-Design-3D-Model-for-Plastic-Spoons.webp 1200w, https:\/\/swoer.com\/wp-content\/uploads\/2024\/09\/Vibratory-Bowl-Feeder-Design-3D-Model-for-Plastic-Spoons-300x119.webp 300w, https:\/\/swoer.com\/wp-content\/uploads\/2024\/09\/Vibratory-Bowl-Feeder-Design-3D-Model-for-Plastic-Spoons-1024x405.webp 1024w, https:\/\/swoer.com\/wp-content\/uploads\/2024\/09\/Vibratory-Bowl-Feeder-Design-3D-Model-for-Plastic-Spoons-768x304.webp 768w, https:\/\/swoer.com\/wp-content\/uploads\/2024\/09\/Vibratory-Bowl-Feeder-Design-3D-Model-for-Plastic-Spoons-18x7.webp 18w, https:\/\/swoer.com\/wp-content\/uploads\/2024\/09\/Vibratory-Bowl-Feeder-Design-3D-Model-for-Plastic-Spoons-600x238.webp 600w\" sizes=\"(max-width: 1200px) 100vw, 1200px\" \/>\t\t\t\t\t\t\n\t\t\t\t\t<\/div>\n\t\t\t\t\t\t\t\t\n<style>\n#image_1438230221 {\n  width: 100%;\n}\n<\/style>\n\t<\/div>\n\t\n\t<div id=\"gap-1839693179\" class=\"gap-element clearfix\" style=\"display:block; height:auto;\">\n\t\t\n<style>\n#gap-1839693179 {\n  padding-top: 30px;\n}\n<\/style>\n\t<\/div>\n\t\n<h2>Specifica\u021bie<\/h2>\n<table width=\"691\">\n<tbody>\n<tr>\n<td width=\"183\"><strong>numele produsului<\/strong><\/td>\n<td width=\"508\">Alimentator vibrator Hopper pentru linguri de plastic<\/td>\n<\/tr>\n<tr>\n<td><strong>Material<\/strong><\/td>\n<td>\u00a0SUS 304<\/td>\n<\/tr>\n<tr>\n<td><strong>Specialitatea materialelor<\/strong><\/td>\n<td>Aliaj de forjare cu tratament la rece, rezisten\u021b\u0103 ridicat\u0103, duritate ridicat\u0103<\/td>\n<\/tr>\n<tr>\n<td><strong>Voltaj<\/strong><\/td>\n<td>220V<\/td>\n<\/tr>\n<tr>\n<td><strong>Putere<\/strong><\/td>\n<td>65 W \/ 150 W \/ 180 W \/ 220 W \/ 350 W<\/td>\n<\/tr>\n<tr>\n<td><strong>Autentificare<\/strong><\/td>\n<td>CE, ROHS, ISO9001<\/td>\n<\/tr>\n<tr>\n<td><strong>garan\u021bie<\/strong><\/td>\n<td>1 an garantie<\/td>\n<\/tr>\n<tr>\n<td><strong>MOQ<\/strong><\/td>\n<td>1 set<\/td>\n<\/tr>\n<tr>\n<td><strong>Perioada de gra\u0163ie<\/strong><\/td>\n<td>10-14 zile<\/td>\n<\/tr>\n<tr>\n<td><strong>Termen de plata<\/strong><\/td>\n<td>T\/T 40% Depozit \u0219i sold \u00eenainte de expediere<\/td>\n<\/tr>\n<tr>\n<td><strong>Original de Place<\/strong><\/td>\n<td>China<\/td>\n<\/tr>\n<\/tbody>\n<\/table>\n\t<div id=\"gap-611052315\" class=\"gap-element clearfix\" style=\"display:block; height:auto;\">\n\t\t\n<style>\n#gap-611052315 {\n  padding-top: 30px;\n}\n<\/style>\n\t<\/div>\n\t\n<h3>Video cu linguri de plastic alimentator vibrator<\/h3>\n<div class=\"video video-fit mb\" style=\"padding-top:50%;\"><p><iframe loading=\"lazy\" title=\"Alimentator vibrator pentru linguri de plastic cu bunc\u0103r | Sisteme de alimentare cu piese | SWOER Produc\u0103tori\" width=\"1020\" height=\"574\" src=\"https:\/\/www.youtube.com\/embed\/WrekQVkEvDI?feature=oembed\" frameborder=\"0\" allow=\"accelerometer; autoplay; clipboard-write; encrypted-media; gyroscope; picture-in-picture; web-share\" referrerpolicy=\"strict-origin-when-cross-origin\" allowfullscreen><\/iframe><\/p>\n<\/div>","protected":false},"excerpt":{"rendered":"<p>Afla\u021bi mai multe despre alimentatorul nostru vibrator cu bol, conceput pentru linguri de plastic. Construit cu o\u021bel inoxidabil 304 alimentar, asigur\u0103 eficien\u021ba \u0219i fiabilitatea opera\u021biunilor dumneavoastr\u0103.<\/p>","protected":false},"featured_media":2701,"comment_status":"open","ping_status":"closed","template":"","meta":[],"product_cat":[37],"product_tag":[],"yoast_head":"<!-- This site is optimized with the Yoast SEO plugin v22.2 - https:\/\/yoast.com\/wordpress\/plugins\/seo\/ -->\n<title>Hopper Vibratory Feeder for Plastic Spoons - SWOER<\/title>\n<meta name=\"description\" content=\"Increase your production with our hopper vibratory feeder for plastic spoons, made from durable food-grade 304 stainless steel for long-lasting performance.\" \/>\n<meta name=\"robots\" content=\"index, follow, max-snippet:-1, max-image-preview:large, max-video-preview:-1\" \/>\n<link rel=\"canonical\" href=\"https:\/\/swoer.com\/ro\/manufacturer\/hopper-vibratory-feeder-for-plastic-spoons\/\" \/>\n<meta property=\"og:locale\" content=\"ro_RO\" \/>\n<meta property=\"og:type\" content=\"article\" \/>\n<meta property=\"og:title\" content=\"Hopper Vibratory Feeder for Plastic Spoons - SWOER\" \/>\n<meta property=\"og:description\" content=\"Increase your production with our hopper vibratory feeder for plastic spoons, made from durable food-grade 304 stainless steel for long-lasting performance.\" \/>\n<meta property=\"og:url\" content=\"https:\/\/swoer.com\/ro\/manufacturer\/hopper-vibratory-feeder-for-plastic-spoons\/\" \/>\n<meta property=\"og:site_name\" content=\"SWOER\" \/>\n<meta property=\"article:modified_time\" content=\"2025-03-21T01:07:53+00:00\" \/>\n<meta property=\"og:image\" content=\"https:\/\/swoer.com\/wp-content\/uploads\/2024\/10\/hopper-vibratory-feeder-for-plastic-spoons.webp\" \/>\n\t<meta property=\"og:image:width\" content=\"1000\" \/>\n\t<meta property=\"og:image:height\" content=\"1000\" \/>\n\t<meta property=\"og:image:type\" content=\"image\/webp\" \/>\n<meta name=\"twitter:card\" content=\"summary_large_image\" \/>\n<meta name=\"twitter:label1\" content=\"Timp estimat pentru citire\" \/>\n\t<meta name=\"twitter:data1\" content=\"2 minute\" \/>\n<script type=\"application\/ld+json\" class=\"yoast-schema-graph\">{\"@context\":\"https:\/\/schema.org\",\"@graph\":[{\"@type\":\"WebPage\",\"@id\":\"https:\/\/swoer.com\/manufacturer\/hopper-vibratory-feeder-for-plastic-spoons\/\",\"url\":\"https:\/\/swoer.com\/manufacturer\/hopper-vibratory-feeder-for-plastic-spoons\/\",\"name\":\"Hopper Vibratory Feeder for Plastic Spoons - SWOER\",\"isPartOf\":{\"@id\":\"https:\/\/swoer.com\/#website\"},\"primaryImageOfPage\":{\"@id\":\"https:\/\/swoer.com\/manufacturer\/hopper-vibratory-feeder-for-plastic-spoons\/#primaryimage\"},\"image\":{\"@id\":\"https:\/\/swoer.com\/manufacturer\/hopper-vibratory-feeder-for-plastic-spoons\/#primaryimage\"},\"thumbnailUrl\":\"https:\/\/swoer.com\/wp-content\/uploads\/2024\/10\/hopper-vibratory-feeder-for-plastic-spoons.webp\",\"datePublished\":\"2024-10-02T15:00:49+00:00\",\"dateModified\":\"2025-03-21T01:07:53+00:00\",\"description\":\"Increase your production with our hopper vibratory feeder for plastic spoons, made from durable food-grade 304 stainless steel for long-lasting performance.\",\"breadcrumb\":{\"@id\":\"https:\/\/swoer.com\/manufacturer\/hopper-vibratory-feeder-for-plastic-spoons\/#breadcrumb\"},\"inLanguage\":\"ro-RO\",\"potentialAction\":[{\"@type\":\"ReadAction\",\"target\":[\"https:\/\/swoer.com\/manufacturer\/hopper-vibratory-feeder-for-plastic-spoons\/\"]}]},{\"@type\":\"ImageObject\",\"inLanguage\":\"ro-RO\",\"@id\":\"https:\/\/swoer.com\/manufacturer\/hopper-vibratory-feeder-for-plastic-spoons\/#primaryimage\",\"url\":\"https:\/\/swoer.com\/wp-content\/uploads\/2024\/10\/hopper-vibratory-feeder-for-plastic-spoons.webp\",\"contentUrl\":\"https:\/\/swoer.com\/wp-content\/uploads\/2024\/10\/hopper-vibratory-feeder-for-plastic-spoons.webp\",\"width\":1000,\"height\":1000,\"caption\":\"hopper vibratory feeder for plastic spoons\"},{\"@type\":\"BreadcrumbList\",\"@id\":\"https:\/\/swoer.com\/manufacturer\/hopper-vibratory-feeder-for-plastic-spoons\/#breadcrumb\",\"itemListElement\":[{\"@type\":\"ListItem\",\"position\":1,\"name\":\"Home\",\"item\":\"https:\/\/swoer.com\/\"},{\"@type\":\"ListItem\",\"position\":2,\"name\":\"Shop\",\"item\":\"https:\/\/swoer.com\/shop\/\"},{\"@type\":\"ListItem\",\"position\":3,\"name\":\"Hopper Vibratory Feeder for Plastic Spoons\"}]},{\"@type\":\"WebSite\",\"@id\":\"https:\/\/swoer.com\/#website\",\"url\":\"https:\/\/swoer.com\/\",\"name\":\"SWOER\",\"description\":\"Swoer is the top 3 vibratory bowl feeder manufacturer in China\",\"potentialAction\":[{\"@type\":\"SearchAction\",\"target\":{\"@type\":\"EntryPoint\",\"urlTemplate\":\"https:\/\/swoer.com\/?s={search_term_string}\"},\"query-input\":\"required name=search_term_string\"}],\"inLanguage\":\"ro-RO\"}]}<\/script>\n<!-- \/ Yoast SEO plugin. -->","yoast_head_json":{"title":"Hopper Vibratory Feeder for Plastic Spoons - SWOER","description":"Increase your production with our hopper vibratory feeder for plastic spoons, made from durable food-grade 304 stainless steel for long-lasting performance.","robots":{"index":"index","follow":"follow","max-snippet":"max-snippet:-1","max-image-preview":"max-image-preview:large","max-video-preview":"max-video-preview:-1"},"canonical":"https:\/\/swoer.com\/ro\/manufacturer\/hopper-vibratory-feeder-for-plastic-spoons\/","og_locale":"ro_RO","og_type":"article","og_title":"Hopper Vibratory Feeder for Plastic Spoons - SWOER","og_description":"Increase your production with our hopper vibratory feeder for plastic spoons, made from durable food-grade 304 stainless steel for long-lasting performance.","og_url":"https:\/\/swoer.com\/ro\/manufacturer\/hopper-vibratory-feeder-for-plastic-spoons\/","og_site_name":"SWOER","article_modified_time":"2025-03-21T01:07:53+00:00","og_image":[{"width":1000,"height":1000,"url":"https:\/\/swoer.com\/wp-content\/uploads\/2024\/10\/hopper-vibratory-feeder-for-plastic-spoons.webp","type":"image\/webp"}],"twitter_card":"summary_large_image","twitter_misc":{"Timp estimat pentru citire":"2 minute"},"schema":{"@context":"https:\/\/schema.org","@graph":[{"@type":"WebPage","@id":"https:\/\/swoer.com\/manufacturer\/hopper-vibratory-feeder-for-plastic-spoons\/","url":"https:\/\/swoer.com\/manufacturer\/hopper-vibratory-feeder-for-plastic-spoons\/","name":"Hopper Vibratory Feeder for Plastic Spoons - SWOER","isPartOf":{"@id":"https:\/\/swoer.com\/#website"},"primaryImageOfPage":{"@id":"https:\/\/swoer.com\/manufacturer\/hopper-vibratory-feeder-for-plastic-spoons\/#primaryimage"},"image":{"@id":"https:\/\/swoer.com\/manufacturer\/hopper-vibratory-feeder-for-plastic-spoons\/#primaryimage"},"thumbnailUrl":"https:\/\/swoer.com\/wp-content\/uploads\/2024\/10\/hopper-vibratory-feeder-for-plastic-spoons.webp","datePublished":"2024-10-02T15:00:49+00:00","dateModified":"2025-03-21T01:07:53+00:00","description":"Increase your production with our hopper vibratory feeder for plastic spoons, made from durable food-grade 304 stainless steel for long-lasting performance.","breadcrumb":{"@id":"https:\/\/swoer.com\/manufacturer\/hopper-vibratory-feeder-for-plastic-spoons\/#breadcrumb"},"inLanguage":"ro-RO","potentialAction":[{"@type":"ReadAction","target":["https:\/\/swoer.com\/manufacturer\/hopper-vibratory-feeder-for-plastic-spoons\/"]}]},{"@type":"ImageObject","inLanguage":"ro-RO","@id":"https:\/\/swoer.com\/manufacturer\/hopper-vibratory-feeder-for-plastic-spoons\/#primaryimage","url":"https:\/\/swoer.com\/wp-content\/uploads\/2024\/10\/hopper-vibratory-feeder-for-plastic-spoons.webp","contentUrl":"https:\/\/swoer.com\/wp-content\/uploads\/2024\/10\/hopper-vibratory-feeder-for-plastic-spoons.webp","width":1000,"height":1000,"caption":"hopper vibratory feeder for plastic spoons"},{"@type":"BreadcrumbList","@id":"https:\/\/swoer.com\/manufacturer\/hopper-vibratory-feeder-for-plastic-spoons\/#breadcrumb","itemListElement":[{"@type":"ListItem","position":1,"name":"Home","item":"https:\/\/swoer.com\/"},{"@type":"ListItem","position":2,"name":"Shop","item":"https:\/\/swoer.com\/shop\/"},{"@type":"ListItem","position":3,"name":"Hopper Vibratory Feeder for Plastic Spoons"}]},{"@type":"WebSite","@id":"https:\/\/swoer.com\/#website","url":"https:\/\/swoer.com\/","name":"SWOER","description":"Swoer is the top 3 vibratory bowl feeder manufacturer in China","potentialAction":[{"@type":"SearchAction","target":{"@type":"EntryPoint","urlTemplate":"https:\/\/swoer.com\/?s={search_term_string}"},"query-input":"required name=search_term_string"}],"inLanguage":"ro-RO"}]}},"_links":{"self":[{"href":"https:\/\/swoer.com\/ro\/wp-json\/wp\/v2\/product\/2700"}],"collection":[{"href":"https:\/\/swoer.com\/ro\/wp-json\/wp\/v2\/product"}],"about":[{"href":"https:\/\/swoer.com\/ro\/wp-json\/wp\/v2\/types\/product"}],"replies":[{"embeddable":true,"href":"https:\/\/swoer.com\/ro\/wp-json\/wp\/v2\/comments?post=2700"}],"wp:featuredmedia":[{"embeddable":true,"href":"https:\/\/swoer.com\/ro\/wp-json\/wp\/v2\/media\/2701"}],"wp:attachment":[{"href":"https:\/\/swoer.com\/ro\/wp-json\/wp\/v2\/media?parent=2700"}],"wp:term":[{"taxonomy":"product_cat","embeddable":true,"href":"https:\/\/swoer.com\/ro\/wp-json\/wp\/v2\/product_cat?post=2700"},{"taxonomy":"product_tag","embeddable":true,"href":"https:\/\/swoer.com\/ro\/wp-json\/wp\/v2\/product_tag?post=2700"}],"curies":[{"name":"wp","href":"https:\/\/api.w.org\/{rel}","templated":true}]}}