{"id":2630,"date":"2024-09-07T17:30:09","date_gmt":"2024-09-07T09:30:09","guid":{"rendered":"https:\/\/swoer.com\/?post_type=product&#038;p=2630"},"modified":"2024-09-26T13:53:10","modified_gmt":"2024-09-26T05:53:10","slug":"bowl-feeder-with-vision-system-for-precise-parts-sorting","status":"publish","type":"product","link":"https:\/\/swoer.com\/ro\/manufacturer\/bowl-feeder-with-vision-system-for-precise-parts-sorting\/","title":{"rendered":"Alimentator cu bol cu sistem de vizualizare pentru sortarea precis\u0103 a pieselor"},"content":{"rendered":"<h2>Alimentatorul cu bol cu sistem Vision ofer\u0103 mai multe avantaje:<\/h2>\n<ol>\n<li><strong>Precizie ridicat\u0103: <\/strong>Sorteaz\u0103 cu precizie piesele \u00een func\u021bie de orientarea lor, \u00eembun\u0103t\u0103\u021bind calitatea produsului.<\/li>\n<li><strong>Eficien\u021b\u0103 sporit\u0103:<\/strong> Automatizeaz\u0103 sortarea, reduc\u00e2nd munca manual\u0103 \u0219i erorile.<\/li>\n<li><strong>Personalizare:<\/strong> \u00cel pute\u021bi adapta la diferite forme \u0219i dimensiuni ale pieselor.<\/li>\n<li><strong>Feedback \u00een timp real:<\/strong> Sistemul de viziune ofer\u0103 feedback imediat, asigur\u00e2nd performan\u021be consistente.<\/li>\n<li><strong>Eficient din punct de vedere al costurilor:<\/strong> Reduce timpul de nefunc\u021bionare \u0219i costurile opera\u021bionale prin eficientizarea procesului de sortare.<\/li>\n<\/ol>\n<p>Aceast\u0103 combina\u021bie de automatizare \u0219i viziune inteligent\u0103 asigur\u0103 o manipulare precis\u0103, fiabil\u0103 \u0219i eficient\u0103 a pieselor.<\/p>\n\t<div id=\"gap-1463121471\" class=\"gap-element clearfix\" style=\"display:block; height:auto;\">\n\t\t\n<style>\n#gap-1463121471 {\n  padding-top: 30px;\n}\n<\/style>\n\t<\/div>\n\t\n<h2>Specifica\u021bie<\/h2>\n<table width=\"874\">\n<tbody>\n<tr>\n<td width=\"183\">numele produsului<\/td>\n<td width=\"691\">\u00a0Alimentator cu bol cu sistem de vizualizare pentru sortarea precis\u0103 a pieselor<\/td>\n<\/tr>\n<tr>\n<td>Material<\/td>\n<td>\u00a0SUS201\/304<\/td>\n<\/tr>\n<tr>\n<td>Specialitatea materialelor<\/td>\n<td>Aliaj de forjare cu tratament la rece, rezisten\u021b\u0103 ridicat\u0103, duritate ridicat\u0103<\/td>\n<\/tr>\n<tr>\n<td>Voltaj<\/td>\n<td>220V<\/td>\n<\/tr>\n<tr>\n<td>Putere<\/td>\n<td>65 W \/ 150 W \/ 180 W \/ 220 W \/ 350 W<\/td>\n<\/tr>\n<tr>\n<td>Autentificare<\/td>\n<td>CE, ROHS, ISO9001<\/td>\n<\/tr>\n<tr>\n<td>garan\u021bie<\/td>\n<td>1 an garantie<\/td>\n<\/tr>\n<tr>\n<td>MOQ<\/td>\n<td>1 set<\/td>\n<\/tr>\n<tr>\n<td>Perioada de gra\u0163ie<\/td>\n<td>10-14 zile<\/td>\n<\/tr>\n<tr>\n<td>Termen de plata<\/td>\n<td>T\/T 40% Depozit \u0219i sold \u00eenainte de expediere<\/td>\n<\/tr>\n<tr>\n<td>Original de Place<\/td>\n<td>China<\/td>\n<\/tr>\n<\/tbody>\n<\/table>","protected":false},"excerpt":{"rendered":"<p>\u00cembun\u0103t\u0103\u021bi\u021bi precizia cu sistemul nostru de alimentare cu bol \u0219i viziune, conceput pentru sortarea precis\u0103 a pieselor, asigur\u00e2nd eficien\u021ba proceselor de automatizare industrial\u0103.<\/p>","protected":false},"featured_media":2631,"comment_status":"open","ping_status":"closed","template":"","meta":[],"product_cat":[37],"product_tag":[],"yoast_head":"<!-- This site is optimized with the Yoast SEO plugin v22.2 - https:\/\/yoast.com\/wordpress\/plugins\/seo\/ -->\n<title>Bowl Feeder with Vision System for Precise Parts Sorting - SWOER<\/title>\n<meta name=\"description\" content=\"The SWOER Bowl feeder has an integrated vision system for reliable and precise parts sorting in automation.\" \/>\n<meta name=\"robots\" content=\"index, follow, max-snippet:-1, max-image-preview:large, max-video-preview:-1\" \/>\n<link rel=\"canonical\" href=\"https:\/\/swoer.com\/ro\/manufacturer\/bowl-feeder-with-vision-system-for-precise-parts-sorting\/\" \/>\n<meta property=\"og:locale\" content=\"ro_RO\" \/>\n<meta property=\"og:type\" content=\"article\" \/>\n<meta property=\"og:title\" content=\"Bowl Feeder with Vision System for Precise Parts Sorting - SWOER\" \/>\n<meta property=\"og:description\" content=\"The SWOER Bowl feeder has an integrated vision system for reliable and precise parts sorting in automation.\" \/>\n<meta property=\"og:url\" content=\"https:\/\/swoer.com\/ro\/manufacturer\/bowl-feeder-with-vision-system-for-precise-parts-sorting\/\" \/>\n<meta property=\"og:site_name\" content=\"SWOER\" \/>\n<meta property=\"article:modified_time\" content=\"2024-09-26T05:53:10+00:00\" \/>\n<meta property=\"og:image\" content=\"https:\/\/swoer.com\/wp-content\/uploads\/2024\/09\/Bowl-Feeder-with-Vision-System-for-Precise-Parts-Sorting.webp\" \/>\n\t<meta property=\"og:image:width\" content=\"1000\" \/>\n\t<meta property=\"og:image:height\" content=\"1000\" \/>\n\t<meta property=\"og:image:type\" content=\"image\/webp\" \/>\n<meta name=\"twitter:card\" content=\"summary_large_image\" \/>\n<meta name=\"twitter:label1\" content=\"Timp estimat pentru citire\" \/>\n\t<meta name=\"twitter:data1\" content=\"1 minut\" \/>\n<script type=\"application\/ld+json\" class=\"yoast-schema-graph\">{\"@context\":\"https:\/\/schema.org\",\"@graph\":[{\"@type\":\"WebPage\",\"@id\":\"https:\/\/swoer.com\/manufacturer\/bowl-feeder-with-vision-system-for-precise-parts-sorting\/\",\"url\":\"https:\/\/swoer.com\/manufacturer\/bowl-feeder-with-vision-system-for-precise-parts-sorting\/\",\"name\":\"Bowl Feeder with Vision System for Precise Parts Sorting - SWOER\",\"isPartOf\":{\"@id\":\"https:\/\/swoer.com\/#website\"},\"primaryImageOfPage\":{\"@id\":\"https:\/\/swoer.com\/manufacturer\/bowl-feeder-with-vision-system-for-precise-parts-sorting\/#primaryimage\"},\"image\":{\"@id\":\"https:\/\/swoer.com\/manufacturer\/bowl-feeder-with-vision-system-for-precise-parts-sorting\/#primaryimage\"},\"thumbnailUrl\":\"https:\/\/swoer.com\/wp-content\/uploads\/2024\/09\/Bowl-Feeder-with-Vision-System-for-Precise-Parts-Sorting.webp\",\"datePublished\":\"2024-09-07T09:30:09+00:00\",\"dateModified\":\"2024-09-26T05:53:10+00:00\",\"description\":\"The SWOER Bowl feeder has an integrated vision system for reliable and precise parts sorting in automation.\",\"breadcrumb\":{\"@id\":\"https:\/\/swoer.com\/manufacturer\/bowl-feeder-with-vision-system-for-precise-parts-sorting\/#breadcrumb\"},\"inLanguage\":\"ro-RO\",\"potentialAction\":[{\"@type\":\"ReadAction\",\"target\":[\"https:\/\/swoer.com\/manufacturer\/bowl-feeder-with-vision-system-for-precise-parts-sorting\/\"]}]},{\"@type\":\"ImageObject\",\"inLanguage\":\"ro-RO\",\"@id\":\"https:\/\/swoer.com\/manufacturer\/bowl-feeder-with-vision-system-for-precise-parts-sorting\/#primaryimage\",\"url\":\"https:\/\/swoer.com\/wp-content\/uploads\/2024\/09\/Bowl-Feeder-with-Vision-System-for-Precise-Parts-Sorting.webp\",\"contentUrl\":\"https:\/\/swoer.com\/wp-content\/uploads\/2024\/09\/Bowl-Feeder-with-Vision-System-for-Precise-Parts-Sorting.webp\",\"width\":1000,\"height\":1000,\"caption\":\"Bowl Feeder with Vision System for Precise Parts Sorting\"},{\"@type\":\"BreadcrumbList\",\"@id\":\"https:\/\/swoer.com\/manufacturer\/bowl-feeder-with-vision-system-for-precise-parts-sorting\/#breadcrumb\",\"itemListElement\":[{\"@type\":\"ListItem\",\"position\":1,\"name\":\"Home\",\"item\":\"https:\/\/swoer.com\/\"},{\"@type\":\"ListItem\",\"position\":2,\"name\":\"Shop\",\"item\":\"https:\/\/swoer.com\/shop\/\"},{\"@type\":\"ListItem\",\"position\":3,\"name\":\"Bowl Feeder with Vision System for Precise Parts Sorting\"}]},{\"@type\":\"WebSite\",\"@id\":\"https:\/\/swoer.com\/#website\",\"url\":\"https:\/\/swoer.com\/\",\"name\":\"SWOER\",\"description\":\"Swoer is the top 3 vibratory bowl feeder manufacturer in China\",\"potentialAction\":[{\"@type\":\"SearchAction\",\"target\":{\"@type\":\"EntryPoint\",\"urlTemplate\":\"https:\/\/swoer.com\/?s={search_term_string}\"},\"query-input\":\"required name=search_term_string\"}],\"inLanguage\":\"ro-RO\"}]}<\/script>\n<!-- \/ Yoast SEO plugin. -->","yoast_head_json":{"title":"Bowl Feeder with Vision System for Precise Parts Sorting - SWOER","description":"The SWOER Bowl feeder has an integrated vision system for reliable and precise parts sorting in automation.","robots":{"index":"index","follow":"follow","max-snippet":"max-snippet:-1","max-image-preview":"max-image-preview:large","max-video-preview":"max-video-preview:-1"},"canonical":"https:\/\/swoer.com\/ro\/manufacturer\/bowl-feeder-with-vision-system-for-precise-parts-sorting\/","og_locale":"ro_RO","og_type":"article","og_title":"Bowl Feeder with Vision System for Precise Parts Sorting - SWOER","og_description":"The SWOER Bowl feeder has an integrated vision system for reliable and precise parts sorting in automation.","og_url":"https:\/\/swoer.com\/ro\/manufacturer\/bowl-feeder-with-vision-system-for-precise-parts-sorting\/","og_site_name":"SWOER","article_modified_time":"2024-09-26T05:53:10+00:00","og_image":[{"width":1000,"height":1000,"url":"https:\/\/swoer.com\/wp-content\/uploads\/2024\/09\/Bowl-Feeder-with-Vision-System-for-Precise-Parts-Sorting.webp","type":"image\/webp"}],"twitter_card":"summary_large_image","twitter_misc":{"Timp estimat pentru citire":"1 minut"},"schema":{"@context":"https:\/\/schema.org","@graph":[{"@type":"WebPage","@id":"https:\/\/swoer.com\/manufacturer\/bowl-feeder-with-vision-system-for-precise-parts-sorting\/","url":"https:\/\/swoer.com\/manufacturer\/bowl-feeder-with-vision-system-for-precise-parts-sorting\/","name":"Bowl Feeder with Vision System for Precise Parts Sorting - SWOER","isPartOf":{"@id":"https:\/\/swoer.com\/#website"},"primaryImageOfPage":{"@id":"https:\/\/swoer.com\/manufacturer\/bowl-feeder-with-vision-system-for-precise-parts-sorting\/#primaryimage"},"image":{"@id":"https:\/\/swoer.com\/manufacturer\/bowl-feeder-with-vision-system-for-precise-parts-sorting\/#primaryimage"},"thumbnailUrl":"https:\/\/swoer.com\/wp-content\/uploads\/2024\/09\/Bowl-Feeder-with-Vision-System-for-Precise-Parts-Sorting.webp","datePublished":"2024-09-07T09:30:09+00:00","dateModified":"2024-09-26T05:53:10+00:00","description":"The SWOER Bowl feeder has an integrated vision system for reliable and precise parts sorting in automation.","breadcrumb":{"@id":"https:\/\/swoer.com\/manufacturer\/bowl-feeder-with-vision-system-for-precise-parts-sorting\/#breadcrumb"},"inLanguage":"ro-RO","potentialAction":[{"@type":"ReadAction","target":["https:\/\/swoer.com\/manufacturer\/bowl-feeder-with-vision-system-for-precise-parts-sorting\/"]}]},{"@type":"ImageObject","inLanguage":"ro-RO","@id":"https:\/\/swoer.com\/manufacturer\/bowl-feeder-with-vision-system-for-precise-parts-sorting\/#primaryimage","url":"https:\/\/swoer.com\/wp-content\/uploads\/2024\/09\/Bowl-Feeder-with-Vision-System-for-Precise-Parts-Sorting.webp","contentUrl":"https:\/\/swoer.com\/wp-content\/uploads\/2024\/09\/Bowl-Feeder-with-Vision-System-for-Precise-Parts-Sorting.webp","width":1000,"height":1000,"caption":"Bowl Feeder with Vision System for Precise Parts Sorting"},{"@type":"BreadcrumbList","@id":"https:\/\/swoer.com\/manufacturer\/bowl-feeder-with-vision-system-for-precise-parts-sorting\/#breadcrumb","itemListElement":[{"@type":"ListItem","position":1,"name":"Home","item":"https:\/\/swoer.com\/"},{"@type":"ListItem","position":2,"name":"Shop","item":"https:\/\/swoer.com\/shop\/"},{"@type":"ListItem","position":3,"name":"Bowl Feeder with Vision System for Precise Parts Sorting"}]},{"@type":"WebSite","@id":"https:\/\/swoer.com\/#website","url":"https:\/\/swoer.com\/","name":"SWOER","description":"Swoer is the top 3 vibratory bowl feeder manufacturer in China","potentialAction":[{"@type":"SearchAction","target":{"@type":"EntryPoint","urlTemplate":"https:\/\/swoer.com\/?s={search_term_string}"},"query-input":"required name=search_term_string"}],"inLanguage":"ro-RO"}]}},"_links":{"self":[{"href":"https:\/\/swoer.com\/ro\/wp-json\/wp\/v2\/product\/2630"}],"collection":[{"href":"https:\/\/swoer.com\/ro\/wp-json\/wp\/v2\/product"}],"about":[{"href":"https:\/\/swoer.com\/ro\/wp-json\/wp\/v2\/types\/product"}],"replies":[{"embeddable":true,"href":"https:\/\/swoer.com\/ro\/wp-json\/wp\/v2\/comments?post=2630"}],"wp:featuredmedia":[{"embeddable":true,"href":"https:\/\/swoer.com\/ro\/wp-json\/wp\/v2\/media\/2631"}],"wp:attachment":[{"href":"https:\/\/swoer.com\/ro\/wp-json\/wp\/v2\/media?parent=2630"}],"wp:term":[{"taxonomy":"product_cat","embeddable":true,"href":"https:\/\/swoer.com\/ro\/wp-json\/wp\/v2\/product_cat?post=2630"},{"taxonomy":"product_tag","embeddable":true,"href":"https:\/\/swoer.com\/ro\/wp-json\/wp\/v2\/product_tag?post=2630"}],"curies":[{"name":"wp","href":"https:\/\/api.w.org\/{rel}","templated":true}]}}