{"id":2418,"date":"2024-08-06T09:27:58","date_gmt":"2024-08-06T01:27:58","guid":{"rendered":"https:\/\/swoer.com\/?post_type=product&#038;p=2418"},"modified":"2024-08-06T17:16:47","modified_gmt":"2024-08-06T09:16:47","slug":"vibratory-feeder-for-filter","status":"publish","type":"product","link":"https:\/\/swoer.com\/ro\/manufacturer\/vibratory-feeder-for-filter\/","title":{"rendered":"Alimentator vibrator pentru filtru"},"content":{"rendered":"<p>Swoer, un produc\u0103tor de frunte de alimentatoare vibratoare de precizie, ofer\u0103 solu\u021bii personalizate adaptate cerin\u021belor unice ale industriei filtrelor. Modelele noastre avansate de alimentare cu bol vibratoare asigur\u0103 alimentarea lin\u0103, eficient\u0103 \u0219i fiabil\u0103 a unei game largi de componente ale filtrului, de la mici inele O p\u00e2n\u0103 la carcase complexe.<\/p>\n<h2>\u00a0<\/h2>\n<h2>Avantajele cheie ale alegerii Swoer:<\/h2>\n<ol>\n<li><strong>Inginerie de precizie:<\/strong> Alimentatoarele noastre sunt proiectate cu o aten\u021bie meticuloas\u0103 la detalii, garant\u00e2nd orientarea \u0219i plasarea exact\u0103 a componentelor.<\/li>\n<li><strong>Design personalizat:<\/strong> Beneficia\u021bi de experien\u021ba noastr\u0103 \u00een proiectarea alimentatoarelor care se potrivesc perfect cu nevoile \u0219i constr\u00e2ngerile dumneavoastr\u0103 specifice de produc\u021bie.<\/li>\n<li><strong>Construc\u021bie durabil\u0103:<\/strong> Construite pentru a rezista \u00een medii industriale solicitante, alimentatoarele Swoer ofer\u0103 performan\u021b\u0103 \u0219i fiabilitate de lung\u0103 durat\u0103.<\/li>\n<li><strong>Eficien\u021b\u0103 sporit\u0103:<\/strong> Alimentatoarele noastre optimizeaz\u0103 procesele de produc\u021bie prin reducerea timpilor de nefunc\u021bionare \u0219i \u00eembun\u0103t\u0103\u021birea produc\u021biei generale.<\/li>\n<li><strong>Suport global:<\/strong> Cu o re\u021bea mondial\u0103 de clien\u021bi, Swoer ofer\u0103 asisten\u021b\u0103 \u0219i servicii complete.<\/li>\n<\/ol>\n<h2>Alimentator vibrator pentru specificarea filtrului<\/h2>\n<table width=\"874\">\n<tbody>\n<tr>\n<td width=\"183\">numele produsului<\/td>\n<td width=\"691\">Alimentator vibrator pentru filtru<\/td>\n<\/tr>\n<tr>\n<td>Material<\/td>\n<td>\u00a0SUS201\/304<\/td>\n<\/tr>\n<tr>\n<td>Specialitatea materialelor<\/td>\n<td>Aliaj de forjare cu tratament la rece, rezisten\u021b\u0103 ridicat\u0103, duritate ridicat\u0103<\/td>\n<\/tr>\n<tr>\n<td>Voltaj<\/td>\n<td>220V<\/td>\n<\/tr>\n<tr>\n<td>Putere<\/td>\n<td>65 W \/ 150 W \/ 180 W \/ 220 W \/ 350 W<\/td>\n<\/tr>\n<tr>\n<td>Autentificare<\/td>\n<td>CE, ROHS, ISO9001<\/td>\n<\/tr>\n<tr>\n<td>garan\u021bie<\/td>\n<td>1 an garantie<\/td>\n<\/tr>\n<tr>\n<td>MOQ<\/td>\n<td>1 set<\/td>\n<\/tr>\n<tr>\n<td>Perioada de gra\u0163ie<\/td>\n<td>10-14 zile<\/td>\n<\/tr>\n<tr>\n<td>Termen de plata<\/td>\n<td>T\/T 40% Depozit \u0219i sold \u00eenainte de expediere<\/td>\n<\/tr>\n<tr>\n<td>Original de Place<\/td>\n<td>China<\/td>\n<\/tr>\n<\/tbody>\n<\/table>\n\t<div id=\"gap-1614488604\" class=\"gap-element clearfix\" style=\"display:block; height:auto;\">\n\t\t\n<style>\n#gap-1614488604 {\n  padding-top: 30px;\n}\n<\/style>\n\t<\/div>\n\t\n<h2>Filtru Vibratory Feeder Video<\/h2>\n<div class=\"video video-fit mb\" style=\"padding-top:56.25%;\"><p><iframe loading=\"lazy\" title=\"Produc\u0103tori de alimentare cu bol vibrante cu filtru - Swoer\" width=\"1020\" height=\"574\" src=\"https:\/\/www.youtube.com\/embed\/MgrX5lwqkaY?feature=oembed\" frameborder=\"0\" allow=\"accelerometer; autoplay; clipboard-write; encrypted-media; gyroscope; picture-in-picture; web-share\" referrerpolicy=\"strict-origin-when-cross-origin\" allowfullscreen><\/iframe><\/p>\n<\/div>\n<h2>Alimentatoare vibratorii personalizate pentru filtre<\/h2>\n<p>SWOER ofer\u0103 solu\u021bii personalizate de alimentare vibratoare concepute pentru a satisface nevoile dumneavoastr\u0103 specifice de filtrare. Inginerii no\u0219tri vor lucra \u00eendeaproape cu dvs. pentru a crea un sistem care v\u0103 optimizeaz\u0103 procesul \u0219i \u00eembun\u0103t\u0103\u021be\u0219te calitatea produsului.<\/p>\n<p><strong>V\u0103 rug\u0103m s\u0103 face\u021bi clic \u00een partea dreapt\u0103: <span style=\"color: #0000ff;\">Chat live<\/span> Consulta\u021bi-ne<\/strong><\/p>\n<p>Experimenteaz\u0103 diferen\u021ba Swoer. Contacta\u021bi-ne ast\u0103zi pentru a discuta cerin\u021bele dvs. de alimentare prin filtrare.<\/p>\n\n<div class=\"wpcf7 no-js\" id=\"wpcf7-f5-o1\" lang=\"en-US\" dir=\"ltr\">\n<div class=\"screen-reader-response\"><p role=\"status\" aria-live=\"polite\" aria-atomic=\"true\"><\/p> <ul><\/ul><\/div>\n<form action=\"\/ro\/wp-json\/wp\/v2\/product\/2418#wpcf7-f5-o1\" method=\"post\" class=\"wpcf7-form init\" aria-label=\"Formular de contact\" novalidate=\"novalidate\" data-status=\"init\" data-trp-original-action=\"\/ro\/wp-json\/wp\/v2\/product\/2418#wpcf7-f5-o1\">\n<div style=\"display: none;\">\n<input type=\"hidden\" name=\"_wpcf7\" value=\"5\" \/>\n<input type=\"hidden\" name=\"_wpcf7_version\" value=\"5.9.2\" \/>\n<input type=\"hidden\" name=\"_wpcf7_locale\" value=\"en_US\" \/>\n<input type=\"hidden\" name=\"_wpcf7_unit_tag\" value=\"wpcf7-f5-o1\" \/>\n<input type=\"hidden\" name=\"_wpcf7_container_post\" value=\"0\" \/>\n<input type=\"hidden\" name=\"_wpcf7_posted_data_hash\" value=\"\" \/>\n<\/div>\n<div class='custom_contact_style'>\n\t<p><label> Numele dumneavoastr\u0103<br \/>\n<span class=\"wpcf7-form-control-wrap\" data-name=\"your-name\"><input size=\"40\" class=\"wpcf7-form-control wpcf7-text wpcf7-validates-as-required\" autocomplete=\"name\" aria-required=\"true\" aria-invalid=\"false\" value=\"\" type=\"text\" name=\"your-name\" \/><\/span> <\/label>\n\t<\/p>\n\t<p><label> Email-ul tau<br \/>\n<span class=\"wpcf7-form-control-wrap\" data-name=\"your-email\"><input size=\"40\" class=\"wpcf7-form-control wpcf7-email wpcf7-validates-as-required wpcf7-text wpcf7-validates-as-email\" autocomplete=\"email\" aria-required=\"true\" aria-invalid=\"false\" value=\"\" type=\"email\" name=\"your-email\" \/><\/span> <\/label>\n\t<\/p>\n\t<p><label> Mesajul dvs. (op\u021bional)<br \/>\n<span class=\"wpcf7-form-control-wrap\" data-name=\"your-message\"><textarea cols=\"40\" rows=\"10\" class=\"wpcf7-form-control wpcf7-textarea\" aria-invalid=\"false\" name=\"your-message\"><\/textarea><\/span> <\/label>\n\t<\/p>\n\t<div style=\"margin-bottom:10px;\">\n\t\t<p><span class=\"wpcf7-form-control-wrap kc_captcha cf7ic-toggle\" data-name=\"kc_captcha\"><span class=\"wpcf7-form-control wpcf7-radio\"><span class=\"captcha-image\" style=\"display: none;\"><span class=\"cf7ic_instructions\">V\u0103 rug\u0103m s\u0103 dovedi\u021bi c\u0103 sunte\u021bi uman select\u00e2nd<span> plane<\/span>.<\/span><label><input aria-label=\"1\" type=\"radio\" name=\"kc_captcha\" value=\"bot\" \/><svg aria-hidden=\"true\" role=\"img\" xmlns=\"http:\/\/www.w3.org\/2000\/svg\" viewbox=\"0 0 512 512\"><path fill=\"currentColor\" d=\"M500 168h-55l-8-21a127 127 0 00-120-83H195a127 127 0 00-120 83l-8 21H12c-8 0-14 8-11 16l8 24a12 12 0 0011 8h29a64 64 0 00-33 56v48c0 16 6 31 16 42v62c0 13 11 24 24 24h48c13 0 24-11 24-24v-40h256v40c0 13 11 24 24 24h48c13 0 24-11 24-24v-62c10-11 16-26 16-42v-48c0-24-13-45-33-56h29a12 12 0 0011-8l8-24c3-8-3-16-11-16zm-365 2c9-25 33-42 60-42h122c27 0 51 17 60 42l15 38H120l15-38zM88 328a32 32 0 010-64c18 0 48 30 48 48s-30 16-48 16zm336 0c-18 0-48 2-48-16s30-48 48-48 32 14 32 32-14 32-32 32z\"\/><\/svg><\/label><label><input aria-label=\"2\" type=\"radio\" name=\"kc_captcha\" value=\"bot\" \/><svg aria-hidden=\"true\" role=\"img\" xmlns=\"http:\/\/www.w3.org\/2000\/svg\" viewbox=\"0 0 512 512\"><path fill=\"currentColor\" d=\"M512 176a176 176 0 01-209 173l-24 27a24 24 0 01-18 8h-37v40c0 13-11 24-24 24h-40v40c0 13-11 24-24 24H24c-13 0-24-11-24-24v-78c0-6 3-13 7-17l162-162a176 176 0 11343-55zm-176-48a48 48 0 1096 0 48 48 0 00-96 0z\"\/><\/svg><\/label><label><input aria-label=\"3\" type=\"radio\" name=\"kc_captcha\" value=\"kc_human\" \/><svg aria-hidden=\"true\" role=\"img\" xmlns=\"http:\/\/www.w3.org\/2000\/svg\" viewbox=\"0 0 576 512\"><path fill=\"currentColor\" d=\"M472 200H360L256 6a12 12 0 00-10-6h-58c-8 0-14 7-12 15l34 185H100l-35-58a12 12 0 00-10-6H12c-8 0-13 7-12 14l21 106L0 362c-1 7 4 14 12 14h43c4 0 8-2 10-6l35-58h110l-34 185c-2 8 4 15 12 15h58a12 12 0 0010-6l104-194h112c57 0 104-25 104-56s-47-56-104-56z\"\/><\/svg><\/label>\r\n    <\/span>\r\n    <span style=\"display:none\">\r\n        <input type=\"text\" name=\"kc_honeypot\">\r\n    <\/span><\/span><\/span>\n\t\t<\/p>\n\t<\/div>\n\t<p><input class=\"wpcf7-form-control wpcf7-submit has-spinner\" type=\"submit\" value=\"Trimite\" \/>\n\t<\/p>\n<\/div><div class=\"wpcf7-response-output\" aria-hidden=\"true\"><\/div>\n<input type=\"hidden\" name=\"trp-form-language\" value=\"ro\"\/><\/form>\n<\/div>","protected":false},"excerpt":{"rendered":"<p>Alimentatorul vibrator al lui Swoer este optimizat pentru sistemele de filtrare, oferind un flux de material precis \u0219i constant. \u00cembun\u0103t\u0103\u021bi\u021bi-v\u0103 procesul de filtrare cu solu\u021bia noastr\u0103 robust\u0103 \u0219i eficient\u0103.<\/p>","protected":false},"featured_media":2419,"comment_status":"open","ping_status":"closed","template":"","meta":[],"product_cat":[37],"product_tag":[],"yoast_head":"<!-- This site is optimized with the Yoast SEO plugin v22.2 - https:\/\/yoast.com\/wordpress\/plugins\/seo\/ -->\n<title>Vibratory Feeder for Filter | Vibratory Bowl Feeder Design for Filter<\/title>\n<meta name=\"description\" content=\"Swoer offers custom-made high-quality Vibratory feeders for Filter applications. Improve material flow and filtration efficiency.\" \/>\n<meta name=\"robots\" content=\"index, follow, max-snippet:-1, max-image-preview:large, max-video-preview:-1\" \/>\n<link rel=\"canonical\" href=\"https:\/\/swoer.com\/ro\/manufacturer\/vibratory-feeder-for-filter\/\" \/>\n<meta property=\"og:locale\" content=\"ro_RO\" \/>\n<meta property=\"og:type\" content=\"article\" \/>\n<meta property=\"og:title\" content=\"Vibratory Feeder for Filter | Vibratory Bowl Feeder Design for Filter\" \/>\n<meta property=\"og:description\" content=\"Swoer offers custom-made high-quality Vibratory feeders for Filter applications. Improve material flow and filtration efficiency.\" \/>\n<meta property=\"og:url\" content=\"https:\/\/swoer.com\/ro\/manufacturer\/vibratory-feeder-for-filter\/\" \/>\n<meta property=\"og:site_name\" content=\"SWOER\" \/>\n<meta property=\"article:modified_time\" content=\"2024-08-06T09:16:47+00:00\" \/>\n<meta property=\"og:image\" content=\"https:\/\/swoer.com\/wp-content\/uploads\/2024\/08\/Vibratory-Feeder-for-Filter.webp\" \/>\n\t<meta property=\"og:image:width\" content=\"1000\" \/>\n\t<meta property=\"og:image:height\" content=\"1000\" \/>\n\t<meta property=\"og:image:type\" content=\"image\/webp\" \/>\n<meta name=\"twitter:card\" content=\"summary_large_image\" \/>\n<meta name=\"twitter:label1\" content=\"Timp estimat pentru citire\" \/>\n\t<meta name=\"twitter:data1\" content=\"2 minute\" \/>\n<script type=\"application\/ld+json\" class=\"yoast-schema-graph\">{\"@context\":\"https:\/\/schema.org\",\"@graph\":[{\"@type\":\"WebPage\",\"@id\":\"https:\/\/swoer.com\/manufacturer\/vibratory-feeder-for-filter\/\",\"url\":\"https:\/\/swoer.com\/manufacturer\/vibratory-feeder-for-filter\/\",\"name\":\"Vibratory Feeder for Filter | Vibratory Bowl Feeder Design for Filter\",\"isPartOf\":{\"@id\":\"https:\/\/swoer.com\/#website\"},\"primaryImageOfPage\":{\"@id\":\"https:\/\/swoer.com\/manufacturer\/vibratory-feeder-for-filter\/#primaryimage\"},\"image\":{\"@id\":\"https:\/\/swoer.com\/manufacturer\/vibratory-feeder-for-filter\/#primaryimage\"},\"thumbnailUrl\":\"https:\/\/swoer.com\/wp-content\/uploads\/2024\/08\/Vibratory-Feeder-for-Filter.webp\",\"datePublished\":\"2024-08-06T01:27:58+00:00\",\"dateModified\":\"2024-08-06T09:16:47+00:00\",\"description\":\"Swoer offers custom-made high-quality Vibratory feeders for Filter applications. Improve material flow and filtration efficiency.\",\"breadcrumb\":{\"@id\":\"https:\/\/swoer.com\/manufacturer\/vibratory-feeder-for-filter\/#breadcrumb\"},\"inLanguage\":\"ro-RO\",\"potentialAction\":[{\"@type\":\"ReadAction\",\"target\":[\"https:\/\/swoer.com\/manufacturer\/vibratory-feeder-for-filter\/\"]}]},{\"@type\":\"ImageObject\",\"inLanguage\":\"ro-RO\",\"@id\":\"https:\/\/swoer.com\/manufacturer\/vibratory-feeder-for-filter\/#primaryimage\",\"url\":\"https:\/\/swoer.com\/wp-content\/uploads\/2024\/08\/Vibratory-Feeder-for-Filter.webp\",\"contentUrl\":\"https:\/\/swoer.com\/wp-content\/uploads\/2024\/08\/Vibratory-Feeder-for-Filter.webp\",\"width\":1000,\"height\":1000,\"caption\":\"Vibratory Feeder for Filter\"},{\"@type\":\"BreadcrumbList\",\"@id\":\"https:\/\/swoer.com\/manufacturer\/vibratory-feeder-for-filter\/#breadcrumb\",\"itemListElement\":[{\"@type\":\"ListItem\",\"position\":1,\"name\":\"Home\",\"item\":\"https:\/\/swoer.com\/\"},{\"@type\":\"ListItem\",\"position\":2,\"name\":\"Shop\",\"item\":\"https:\/\/swoer.com\/shop\/\"},{\"@type\":\"ListItem\",\"position\":3,\"name\":\"Vibratory Feeder for Filter\"}]},{\"@type\":\"WebSite\",\"@id\":\"https:\/\/swoer.com\/#website\",\"url\":\"https:\/\/swoer.com\/\",\"name\":\"SWOER\",\"description\":\"Swoer is the top 3 vibratory bowl feeder manufacturer in China\",\"potentialAction\":[{\"@type\":\"SearchAction\",\"target\":{\"@type\":\"EntryPoint\",\"urlTemplate\":\"https:\/\/swoer.com\/?s={search_term_string}\"},\"query-input\":\"required name=search_term_string\"}],\"inLanguage\":\"ro-RO\"}]}<\/script>\n<!-- \/ Yoast SEO plugin. -->","yoast_head_json":{"title":"Vibratory Feeder for Filter | Vibratory Bowl Feeder Design for Filter","description":"Swoer offers custom-made high-quality Vibratory feeders for Filter applications. Improve material flow and filtration efficiency.","robots":{"index":"index","follow":"follow","max-snippet":"max-snippet:-1","max-image-preview":"max-image-preview:large","max-video-preview":"max-video-preview:-1"},"canonical":"https:\/\/swoer.com\/ro\/manufacturer\/vibratory-feeder-for-filter\/","og_locale":"ro_RO","og_type":"article","og_title":"Vibratory Feeder for Filter | Vibratory Bowl Feeder Design for Filter","og_description":"Swoer offers custom-made high-quality Vibratory feeders for Filter applications. Improve material flow and filtration efficiency.","og_url":"https:\/\/swoer.com\/ro\/manufacturer\/vibratory-feeder-for-filter\/","og_site_name":"SWOER","article_modified_time":"2024-08-06T09:16:47+00:00","og_image":[{"width":1000,"height":1000,"url":"https:\/\/swoer.com\/wp-content\/uploads\/2024\/08\/Vibratory-Feeder-for-Filter.webp","type":"image\/webp"}],"twitter_card":"summary_large_image","twitter_misc":{"Timp estimat pentru citire":"2 minute"},"schema":{"@context":"https:\/\/schema.org","@graph":[{"@type":"WebPage","@id":"https:\/\/swoer.com\/manufacturer\/vibratory-feeder-for-filter\/","url":"https:\/\/swoer.com\/manufacturer\/vibratory-feeder-for-filter\/","name":"Vibratory Feeder for Filter | Vibratory Bowl Feeder Design for Filter","isPartOf":{"@id":"https:\/\/swoer.com\/#website"},"primaryImageOfPage":{"@id":"https:\/\/swoer.com\/manufacturer\/vibratory-feeder-for-filter\/#primaryimage"},"image":{"@id":"https:\/\/swoer.com\/manufacturer\/vibratory-feeder-for-filter\/#primaryimage"},"thumbnailUrl":"https:\/\/swoer.com\/wp-content\/uploads\/2024\/08\/Vibratory-Feeder-for-Filter.webp","datePublished":"2024-08-06T01:27:58+00:00","dateModified":"2024-08-06T09:16:47+00:00","description":"Swoer offers custom-made high-quality Vibratory feeders for Filter applications. Improve material flow and filtration efficiency.","breadcrumb":{"@id":"https:\/\/swoer.com\/manufacturer\/vibratory-feeder-for-filter\/#breadcrumb"},"inLanguage":"ro-RO","potentialAction":[{"@type":"ReadAction","target":["https:\/\/swoer.com\/manufacturer\/vibratory-feeder-for-filter\/"]}]},{"@type":"ImageObject","inLanguage":"ro-RO","@id":"https:\/\/swoer.com\/manufacturer\/vibratory-feeder-for-filter\/#primaryimage","url":"https:\/\/swoer.com\/wp-content\/uploads\/2024\/08\/Vibratory-Feeder-for-Filter.webp","contentUrl":"https:\/\/swoer.com\/wp-content\/uploads\/2024\/08\/Vibratory-Feeder-for-Filter.webp","width":1000,"height":1000,"caption":"Vibratory Feeder for Filter"},{"@type":"BreadcrumbList","@id":"https:\/\/swoer.com\/manufacturer\/vibratory-feeder-for-filter\/#breadcrumb","itemListElement":[{"@type":"ListItem","position":1,"name":"Home","item":"https:\/\/swoer.com\/"},{"@type":"ListItem","position":2,"name":"Shop","item":"https:\/\/swoer.com\/shop\/"},{"@type":"ListItem","position":3,"name":"Vibratory Feeder for Filter"}]},{"@type":"WebSite","@id":"https:\/\/swoer.com\/#website","url":"https:\/\/swoer.com\/","name":"SWOER","description":"Swoer is the top 3 vibratory bowl feeder manufacturer in China","potentialAction":[{"@type":"SearchAction","target":{"@type":"EntryPoint","urlTemplate":"https:\/\/swoer.com\/?s={search_term_string}"},"query-input":"required name=search_term_string"}],"inLanguage":"ro-RO"}]}},"_links":{"self":[{"href":"https:\/\/swoer.com\/ro\/wp-json\/wp\/v2\/product\/2418"}],"collection":[{"href":"https:\/\/swoer.com\/ro\/wp-json\/wp\/v2\/product"}],"about":[{"href":"https:\/\/swoer.com\/ro\/wp-json\/wp\/v2\/types\/product"}],"replies":[{"embeddable":true,"href":"https:\/\/swoer.com\/ro\/wp-json\/wp\/v2\/comments?post=2418"}],"wp:featuredmedia":[{"embeddable":true,"href":"https:\/\/swoer.com\/ro\/wp-json\/wp\/v2\/media\/2419"}],"wp:attachment":[{"href":"https:\/\/swoer.com\/ro\/wp-json\/wp\/v2\/media?parent=2418"}],"wp:term":[{"taxonomy":"product_cat","embeddable":true,"href":"https:\/\/swoer.com\/ro\/wp-json\/wp\/v2\/product_cat?post=2418"},{"taxonomy":"product_tag","embeddable":true,"href":"https:\/\/swoer.com\/ro\/wp-json\/wp\/v2\/product_tag?post=2418"}],"curies":[{"name":"wp","href":"https:\/\/api.w.org\/{rel}","templated":true}]}}