{"id":2371,"date":"2024-07-29T09:55:57","date_gmt":"2024-07-29T01:55:57","guid":{"rendered":"https:\/\/swoer.com\/?post_type=product&#038;p=2371"},"modified":"2024-07-29T11:15:40","modified_gmt":"2024-07-29T03:15:40","slug":"rotary-bowl-feeder-for-grapa","status":"publish","type":"product","link":"https:\/\/swoer.com\/ro\/manufacturer\/rotary-bowl-feeder-for-grapa\/","title":{"rendered":"Alimentator rotativ cu bol pentru Grapa"},"content":{"rendered":"<h2>Informatiile produsului<\/h2>\n<table width=\"566\">\n<tbody>\n<tr>\n<td width=\"144\">\u00a0numele produsului<\/td>\n<td width=\"422\">Alimentator rotativ cu bol pentru Grapa<\/td>\n<\/tr>\n<tr>\n<td>\u00a0Material<\/td>\n<td>\u00a0SUS201\/304<\/td>\n<\/tr>\n<tr>\n<td>\u00a0Specialitatea materialelor<\/td>\n<td>\u00a0Aliaj de forjare cu tratament la rece, rezisten\u021b\u0103 ridicat\u0103, duritate ridicat\u0103<\/td>\n<\/tr>\n<tr>\n<td>\u00a0Voltaj<\/td>\n<td>\u00a0220V<\/td>\n<\/tr>\n<tr>\n<td>\u00a0Putere<\/td>\n<td>\u00a065 W \/ 150 W \/ 180 W \/ 220 W \/ 350 W<\/td>\n<\/tr>\n<tr>\n<td>\u00a0Autentificare<\/td>\n<td>\u00a0CE, ROHS, ISO9001<\/td>\n<\/tr>\n<tr>\n<td>\u00a0garan\u021bie<\/td>\n<td>\u00a01 an<\/td>\n<\/tr>\n<tr>\n<td>\u00a0MOQ<\/td>\n<td>\u00a01 set<\/td>\n<\/tr>\n<tr>\n<td>\u00a0Perioada de gra\u0163ie<\/td>\n<td>\u00a010-14 zile<\/td>\n<\/tr>\n<tr>\n<td>\u00a0Termen de plata<\/td>\n<td>\u00a0T\/T 40% Depozit \u0219i sold \u00eenainte de expediere<\/td>\n<\/tr>\n<tr>\n<td>\u00a0Original de Place<\/td>\n<td>\u00a0China<\/td>\n<\/tr>\n<\/tbody>\n<\/table>\n\t<div id=\"gap-503699148\" class=\"gap-element clearfix\" style=\"display:block; height:auto;\">\n\t\t\n<style>\n#gap-503699148 {\n  padding-top: 30px;\n}\n<\/style>\n\t<\/div>\n\t\n<h2>Test video<\/h2>\n<div class=\"video video-fit mb\" style=\"padding-top:56.25%;\"><p><iframe loading=\"lazy\" title=\"Grapa Rotary Bowl Feeder - Alimentator vibrator cu bol pentru Grapa\" width=\"1020\" height=\"574\" src=\"https:\/\/www.youtube.com\/embed\/aZtwcK-m9lQ?feature=oembed\" frameborder=\"0\" allow=\"accelerometer; autoplay; clipboard-write; encrypted-media; gyroscope; picture-in-picture; web-share\" referrerpolicy=\"strict-origin-when-cross-origin\" allowfullscreen><\/iframe><\/p>\n<\/div>\n\t<div id=\"gap-1647467009\" class=\"gap-element clearfix\" style=\"display:block; height:auto;\">\n\t\t\n<style>\n#gap-1647467009 {\n  padding-top: 30px;\n}\n<\/style>\n\t<\/div>\n\t\n<h2>Informa\u021bii importante<\/h2>\n<p>Dac\u0103 sunte\u021bi interesat de alimentatoarele noastre vibratoare cu bol, am aprecia dac\u0103 ne-a\u021bi oferi urm\u0103toarele informa\u021bii despre cerin\u021bele dumneavoastr\u0103:<\/p>\n<ul>\n<li><b><\/b><strong><b>Detalii piese: <\/b><\/strong>Imagini, dimensiuni \u0219i, dac\u0103 este posibil, desene 3D ale pieselor pe care inten\u021biona\u021bi s\u0103 le utiliza\u021bi.<\/li>\n<li><b><\/b><strong><b>Viteza necesar\u0103: <\/b><\/strong>Num\u0103rul de buc\u0103\u021bi pe minut (de exemplu, 30 buc\/min).<\/li>\n<li><b><\/b><strong><b>Orientare de rotire: <\/b><\/strong>Ave\u021bi nevoie ca alimentatorul s\u0103 se roteasc\u0103 \u00een sensul acelor de ceasornic sau \u00een sens invers acelor de ceasornic?<\/li>\n<li><b><\/b><strong><b>Orientarea hranei: <\/b><\/strong>Orientarea dorit\u0103 a componentelor atunci c\u00e2nd sunt alimentate.<\/li>\n<li><b><\/b><strong><b>Echipament adi\u021bional: <\/b><\/strong>Ave\u021bi nevoie de un alimentator liniar, plint\u0103 sau bunc\u0103r?<\/li>\n<\/ul>\n<p><strong>Odat\u0103 ce vom avea aceste informa\u021bii, v\u0103 vom evalua prompt cerin\u021bele \u0219i v\u0103 vom oferi o cota\u021bie personalizat\u0103.<\/strong><\/p>\n\t<div id=\"gap-1206096195\" class=\"gap-element clearfix\" style=\"display:block; height:auto;\">\n\t\t\n<style>\n#gap-1206096195 {\n  padding-top: 30px;\n}\n<\/style>\n\t<\/div>\n\t\n<h2 style=\"text-align: center;\">Contacta\u0163i-ne<\/h2>\n\n<div class=\"wpcf7 no-js\" id=\"wpcf7-f5-o1\" lang=\"en-US\" dir=\"ltr\">\n<div class=\"screen-reader-response\"><p role=\"status\" aria-live=\"polite\" aria-atomic=\"true\"><\/p> <ul><\/ul><\/div>\n<form action=\"\/ro\/wp-json\/wp\/v2\/product\/2371#wpcf7-f5-o1\" method=\"post\" class=\"wpcf7-form init\" aria-label=\"Formular de contact\" novalidate=\"novalidate\" data-status=\"init\" data-trp-original-action=\"\/ro\/wp-json\/wp\/v2\/product\/2371#wpcf7-f5-o1\">\n<div style=\"display: none;\">\n<input type=\"hidden\" name=\"_wpcf7\" value=\"5\" \/>\n<input type=\"hidden\" name=\"_wpcf7_version\" value=\"5.9.2\" \/>\n<input type=\"hidden\" name=\"_wpcf7_locale\" value=\"en_US\" \/>\n<input type=\"hidden\" name=\"_wpcf7_unit_tag\" value=\"wpcf7-f5-o1\" \/>\n<input type=\"hidden\" name=\"_wpcf7_container_post\" value=\"0\" \/>\n<input type=\"hidden\" name=\"_wpcf7_posted_data_hash\" value=\"\" \/>\n<\/div>\n<div class='custom_contact_style'>\n\t<p><label> Numele dumneavoastr\u0103<br \/>\n<span class=\"wpcf7-form-control-wrap\" data-name=\"your-name\"><input size=\"40\" class=\"wpcf7-form-control wpcf7-text wpcf7-validates-as-required\" autocomplete=\"name\" aria-required=\"true\" aria-invalid=\"false\" value=\"\" type=\"text\" name=\"your-name\" \/><\/span> <\/label>\n\t<\/p>\n\t<p><label> Email-ul tau<br \/>\n<span class=\"wpcf7-form-control-wrap\" data-name=\"your-email\"><input size=\"40\" class=\"wpcf7-form-control wpcf7-email wpcf7-validates-as-required wpcf7-text wpcf7-validates-as-email\" autocomplete=\"email\" aria-required=\"true\" aria-invalid=\"false\" value=\"\" type=\"email\" name=\"your-email\" \/><\/span> <\/label>\n\t<\/p>\n\t<p><label> Mesajul dvs. (op\u021bional)<br \/>\n<span class=\"wpcf7-form-control-wrap\" data-name=\"your-message\"><textarea cols=\"40\" rows=\"10\" class=\"wpcf7-form-control wpcf7-textarea\" aria-invalid=\"false\" name=\"your-message\"><\/textarea><\/span> <\/label>\n\t<\/p>\n\t<div style=\"margin-bottom:10px;\">\n\t\t<p><span class=\"wpcf7-form-control-wrap kc_captcha cf7ic-toggle\" data-name=\"kc_captcha\"><span class=\"wpcf7-form-control wpcf7-radio\"><span class=\"captcha-image\" style=\"display: none;\"><span class=\"cf7ic_instructions\">V\u0103 rug\u0103m s\u0103 dovedi\u021bi c\u0103 sunte\u021bi uman select\u00e2nd<span> truck<\/span>.<\/span><label><input aria-label=\"1\" type=\"radio\" name=\"kc_captcha\" value=\"kc_human\" \/><svg aria-hidden=\"true\" role=\"img\" xmlns=\"http:\/\/www.w3.org\/2000\/svg\" viewbox=\"0 0 640 512\"><path fill=\"currentColor\" d=\"M624 352h-16V244c0-13-5-25-14-34L494 110c-9-9-21-14-34-14h-44V48c0-26-21-48-48-48H48C22 0 0 22 0 48v320c0 27 22 48 48 48h16a96 96 0 00192 0h128a96 96 0 00192 0h48c9 0 16-7 16-16v-32c0-9-7-16-16-16zM160 464a48 48 0 110-96 48 48 0 010 96zm320 0a48 48 0 110-96 48 48 0 010 96zm80-208H416V144h44l100 100v12z\"\/><\/svg><\/label><label><input aria-label=\"2\" type=\"radio\" name=\"kc_captcha\" value=\"bot\" \/><svg aria-hidden=\"true\" role=\"img\" xmlns=\"http:\/\/www.w3.org\/2000\/svg\" viewbox=\"0 0 384 512\"><path fill=\"currentColor\" d=\"M377 375l-83-87h34c21 0 32-25 17-40l-82-88h33c21 0 32-25 18-40L210 8c-10-11-26-11-36 0L70 120c-14 15-3 40 18 40h33l-82 88c-15 15-4 40 17 40h34L7 375c-15 16-4 41 17 41h120c0 33-11 49-34 68-12 9-5 28 10 28h144c15 0 22-19 10-28-20-16-34-32-34-68h120c21 0 32-25 17-41z\"\/><\/svg><\/label><label><input aria-label=\"3\" type=\"radio\" name=\"kc_captcha\" value=\"bot\" \/><svg aria-hidden=\"true\" role=\"img\" xmlns=\"http:\/\/www.w3.org\/2000\/svg\" viewbox=\"0 0 576 512\"><path fill=\"currentColor\" d=\"M472 200H360L256 6a12 12 0 00-10-6h-58c-8 0-14 7-12 15l34 185H100l-35-58a12 12 0 00-10-6H12c-8 0-13 7-12 14l21 106L0 362c-1 7 4 14 12 14h43c4 0 8-2 10-6l35-58h110l-34 185c-2 8 4 15 12 15h58a12 12 0 0010-6l104-194h112c57 0 104-25 104-56s-47-56-104-56z\"\/><\/svg><\/label>\r\n    <\/span>\r\n    <span style=\"display:none\">\r\n        <input type=\"text\" name=\"kc_honeypot\">\r\n    <\/span><\/span><\/span>\n\t\t<\/p>\n\t<\/div>\n\t<p><input class=\"wpcf7-form-control wpcf7-submit has-spinner\" type=\"submit\" value=\"Trimite\" \/>\n\t<\/p>\n<\/div><div class=\"wpcf7-response-output\" aria-hidden=\"true\"><\/div>\n<input type=\"hidden\" name=\"trp-form-language\" value=\"ro\"\/><\/form>\n<\/div>","protected":false},"excerpt":{"rendered":"<p>Alimentatorul nostru rotativ cu bol este conceput special pentru fabricarea grapa. Utilizeaz\u0103 tehnologia vibra\u021biilor pentru a orienta \u0219i alimenta piesele grapa la viteze mari, asigur\u00e2nd o automatizare consistent\u0103 \u0219i fiabil\u0103. Cre\u0219te\u021bi-v\u0103 eficien\u021ba produc\u021biei \u0219i reduce\u021bi costurile cu for\u021ba de munc\u0103 cu solu\u021bia noastr\u0103 avansat\u0103 de alimentare.<\/p>","protected":false},"featured_media":2372,"comment_status":"open","ping_status":"closed","template":"","meta":[],"product_cat":[37],"product_tag":[],"yoast_head":"<!-- This site is optimized with the Yoast SEO plugin v22.2 - https:\/\/yoast.com\/wordpress\/plugins\/seo\/ -->\n<title>Rotary Bowl Feeder for Grapa | Grapa Vibratory Bowl Feeder<\/title>\n<meta name=\"description\" content=\"Enhance grapa production with our efficient rotary bowl feeder, designed to precisely orient and feed grapa parts, boosting automation and reducing downtime.\" \/>\n<meta name=\"robots\" content=\"index, follow, max-snippet:-1, max-image-preview:large, max-video-preview:-1\" \/>\n<link rel=\"canonical\" href=\"https:\/\/swoer.com\/ro\/manufacturer\/rotary-bowl-feeder-for-grapa\/\" \/>\n<meta property=\"og:locale\" content=\"ro_RO\" \/>\n<meta property=\"og:type\" content=\"article\" \/>\n<meta property=\"og:title\" content=\"Rotary Bowl Feeder for Grapa | Grapa Vibratory Bowl Feeder\" \/>\n<meta property=\"og:description\" content=\"Enhance grapa production with our efficient rotary bowl feeder, designed to precisely orient and feed grapa parts, boosting automation and reducing downtime.\" \/>\n<meta property=\"og:url\" content=\"https:\/\/swoer.com\/ro\/manufacturer\/rotary-bowl-feeder-for-grapa\/\" \/>\n<meta property=\"og:site_name\" content=\"SWOER\" \/>\n<meta property=\"article:modified_time\" content=\"2024-07-29T03:15:40+00:00\" \/>\n<meta property=\"og:image\" content=\"https:\/\/swoer.com\/wp-content\/uploads\/2024\/07\/rotary-bowl-feeder-for-grapa.webp\" \/>\n\t<meta property=\"og:image:width\" content=\"1000\" \/>\n\t<meta property=\"og:image:height\" content=\"1000\" \/>\n\t<meta property=\"og:image:type\" content=\"image\/webp\" \/>\n<meta name=\"twitter:card\" content=\"summary_large_image\" \/>\n<meta name=\"twitter:label1\" content=\"Timp estimat pentru citire\" \/>\n\t<meta name=\"twitter:data1\" content=\"1 minut\" \/>\n<script type=\"application\/ld+json\" class=\"yoast-schema-graph\">{\"@context\":\"https:\/\/schema.org\",\"@graph\":[{\"@type\":\"WebPage\",\"@id\":\"https:\/\/swoer.com\/manufacturer\/rotary-bowl-feeder-for-grapa\/\",\"url\":\"https:\/\/swoer.com\/manufacturer\/rotary-bowl-feeder-for-grapa\/\",\"name\":\"Rotary Bowl Feeder for Grapa | Grapa Vibratory Bowl Feeder\",\"isPartOf\":{\"@id\":\"https:\/\/swoer.com\/#website\"},\"primaryImageOfPage\":{\"@id\":\"https:\/\/swoer.com\/manufacturer\/rotary-bowl-feeder-for-grapa\/#primaryimage\"},\"image\":{\"@id\":\"https:\/\/swoer.com\/manufacturer\/rotary-bowl-feeder-for-grapa\/#primaryimage\"},\"thumbnailUrl\":\"https:\/\/swoer.com\/wp-content\/uploads\/2024\/07\/rotary-bowl-feeder-for-grapa.webp\",\"datePublished\":\"2024-07-29T01:55:57+00:00\",\"dateModified\":\"2024-07-29T03:15:40+00:00\",\"description\":\"Enhance grapa production with our efficient rotary bowl feeder, designed to precisely orient and feed grapa parts, boosting automation and reducing downtime.\",\"breadcrumb\":{\"@id\":\"https:\/\/swoer.com\/manufacturer\/rotary-bowl-feeder-for-grapa\/#breadcrumb\"},\"inLanguage\":\"ro-RO\",\"potentialAction\":[{\"@type\":\"ReadAction\",\"target\":[\"https:\/\/swoer.com\/manufacturer\/rotary-bowl-feeder-for-grapa\/\"]}]},{\"@type\":\"ImageObject\",\"inLanguage\":\"ro-RO\",\"@id\":\"https:\/\/swoer.com\/manufacturer\/rotary-bowl-feeder-for-grapa\/#primaryimage\",\"url\":\"https:\/\/swoer.com\/wp-content\/uploads\/2024\/07\/rotary-bowl-feeder-for-grapa.webp\",\"contentUrl\":\"https:\/\/swoer.com\/wp-content\/uploads\/2024\/07\/rotary-bowl-feeder-for-grapa.webp\",\"width\":1000,\"height\":1000,\"caption\":\"rotary bowl feeder for grapa\"},{\"@type\":\"BreadcrumbList\",\"@id\":\"https:\/\/swoer.com\/manufacturer\/rotary-bowl-feeder-for-grapa\/#breadcrumb\",\"itemListElement\":[{\"@type\":\"ListItem\",\"position\":1,\"name\":\"Home\",\"item\":\"https:\/\/swoer.com\/\"},{\"@type\":\"ListItem\",\"position\":2,\"name\":\"Shop\",\"item\":\"https:\/\/swoer.com\/shop\/\"},{\"@type\":\"ListItem\",\"position\":3,\"name\":\"Rotary Bowl Feeder for Grapa\"}]},{\"@type\":\"WebSite\",\"@id\":\"https:\/\/swoer.com\/#website\",\"url\":\"https:\/\/swoer.com\/\",\"name\":\"SWOER\",\"description\":\"Swoer is the top 3 vibratory bowl feeder manufacturer in China\",\"potentialAction\":[{\"@type\":\"SearchAction\",\"target\":{\"@type\":\"EntryPoint\",\"urlTemplate\":\"https:\/\/swoer.com\/?s={search_term_string}\"},\"query-input\":\"required name=search_term_string\"}],\"inLanguage\":\"ro-RO\"}]}<\/script>\n<!-- \/ Yoast SEO plugin. -->","yoast_head_json":{"title":"Rotary Bowl Feeder for Grapa | Grapa Vibratory Bowl Feeder","description":"Enhance grapa production with our efficient rotary bowl feeder, designed to precisely orient and feed grapa parts, boosting automation and reducing downtime.","robots":{"index":"index","follow":"follow","max-snippet":"max-snippet:-1","max-image-preview":"max-image-preview:large","max-video-preview":"max-video-preview:-1"},"canonical":"https:\/\/swoer.com\/ro\/manufacturer\/rotary-bowl-feeder-for-grapa\/","og_locale":"ro_RO","og_type":"article","og_title":"Rotary Bowl Feeder for Grapa | Grapa Vibratory Bowl Feeder","og_description":"Enhance grapa production with our efficient rotary bowl feeder, designed to precisely orient and feed grapa parts, boosting automation and reducing downtime.","og_url":"https:\/\/swoer.com\/ro\/manufacturer\/rotary-bowl-feeder-for-grapa\/","og_site_name":"SWOER","article_modified_time":"2024-07-29T03:15:40+00:00","og_image":[{"width":1000,"height":1000,"url":"https:\/\/swoer.com\/wp-content\/uploads\/2024\/07\/rotary-bowl-feeder-for-grapa.webp","type":"image\/webp"}],"twitter_card":"summary_large_image","twitter_misc":{"Timp estimat pentru citire":"1 minut"},"schema":{"@context":"https:\/\/schema.org","@graph":[{"@type":"WebPage","@id":"https:\/\/swoer.com\/manufacturer\/rotary-bowl-feeder-for-grapa\/","url":"https:\/\/swoer.com\/manufacturer\/rotary-bowl-feeder-for-grapa\/","name":"Rotary Bowl Feeder for Grapa | Grapa Vibratory Bowl Feeder","isPartOf":{"@id":"https:\/\/swoer.com\/#website"},"primaryImageOfPage":{"@id":"https:\/\/swoer.com\/manufacturer\/rotary-bowl-feeder-for-grapa\/#primaryimage"},"image":{"@id":"https:\/\/swoer.com\/manufacturer\/rotary-bowl-feeder-for-grapa\/#primaryimage"},"thumbnailUrl":"https:\/\/swoer.com\/wp-content\/uploads\/2024\/07\/rotary-bowl-feeder-for-grapa.webp","datePublished":"2024-07-29T01:55:57+00:00","dateModified":"2024-07-29T03:15:40+00:00","description":"Enhance grapa production with our efficient rotary bowl feeder, designed to precisely orient and feed grapa parts, boosting automation and reducing downtime.","breadcrumb":{"@id":"https:\/\/swoer.com\/manufacturer\/rotary-bowl-feeder-for-grapa\/#breadcrumb"},"inLanguage":"ro-RO","potentialAction":[{"@type":"ReadAction","target":["https:\/\/swoer.com\/manufacturer\/rotary-bowl-feeder-for-grapa\/"]}]},{"@type":"ImageObject","inLanguage":"ro-RO","@id":"https:\/\/swoer.com\/manufacturer\/rotary-bowl-feeder-for-grapa\/#primaryimage","url":"https:\/\/swoer.com\/wp-content\/uploads\/2024\/07\/rotary-bowl-feeder-for-grapa.webp","contentUrl":"https:\/\/swoer.com\/wp-content\/uploads\/2024\/07\/rotary-bowl-feeder-for-grapa.webp","width":1000,"height":1000,"caption":"rotary bowl feeder for grapa"},{"@type":"BreadcrumbList","@id":"https:\/\/swoer.com\/manufacturer\/rotary-bowl-feeder-for-grapa\/#breadcrumb","itemListElement":[{"@type":"ListItem","position":1,"name":"Home","item":"https:\/\/swoer.com\/"},{"@type":"ListItem","position":2,"name":"Shop","item":"https:\/\/swoer.com\/shop\/"},{"@type":"ListItem","position":3,"name":"Rotary Bowl Feeder for Grapa"}]},{"@type":"WebSite","@id":"https:\/\/swoer.com\/#website","url":"https:\/\/swoer.com\/","name":"SWOER","description":"Swoer is the top 3 vibratory bowl feeder manufacturer in China","potentialAction":[{"@type":"SearchAction","target":{"@type":"EntryPoint","urlTemplate":"https:\/\/swoer.com\/?s={search_term_string}"},"query-input":"required name=search_term_string"}],"inLanguage":"ro-RO"}]}},"_links":{"self":[{"href":"https:\/\/swoer.com\/ro\/wp-json\/wp\/v2\/product\/2371"}],"collection":[{"href":"https:\/\/swoer.com\/ro\/wp-json\/wp\/v2\/product"}],"about":[{"href":"https:\/\/swoer.com\/ro\/wp-json\/wp\/v2\/types\/product"}],"replies":[{"embeddable":true,"href":"https:\/\/swoer.com\/ro\/wp-json\/wp\/v2\/comments?post=2371"}],"wp:featuredmedia":[{"embeddable":true,"href":"https:\/\/swoer.com\/ro\/wp-json\/wp\/v2\/media\/2372"}],"wp:attachment":[{"href":"https:\/\/swoer.com\/ro\/wp-json\/wp\/v2\/media?parent=2371"}],"wp:term":[{"taxonomy":"product_cat","embeddable":true,"href":"https:\/\/swoer.com\/ro\/wp-json\/wp\/v2\/product_cat?post=2371"},{"taxonomy":"product_tag","embeddable":true,"href":"https:\/\/swoer.com\/ro\/wp-json\/wp\/v2\/product_tag?post=2371"}],"curies":[{"name":"wp","href":"https:\/\/api.w.org\/{rel}","templated":true}]}}