{"id":2332,"date":"2024-07-11T02:33:28","date_gmt":"2024-07-11T02:33:28","guid":{"rendered":"https:\/\/swoer.com\/?post_type=product&#038;p=2332"},"modified":"2024-08-16T12:01:29","modified_gmt":"2024-08-16T04:01:29","slug":"vibratory-hopper-controller-sdvc311-m","status":"publish","type":"product","link":"https:\/\/swoer.com\/ro\/manufacturer\/vibratory-hopper-controller-sdvc311-m\/","title":{"rendered":"Controler vibrator pentru bunc\u0103r SDVC311-M"},"content":{"rendered":"<h2>caracteristicile produsului<\/h2>\n<p>Controlerul de alimentare cu vibra\u021bii cu modula\u021bie de frecven\u021b\u0103 digital\u0103 seria SDVC311 este un controler de ie\u0219ire compact, universal, care ofer\u0103 performan\u021be unice cu cea mai recent\u0103 tehnologie electronic\u0103 \u0219i design atent. Caracteristicile cheie includ:<\/p>\n<ul>\n<li><strong>Gama de frecven\u021b\u0103 de ie\u0219ire:<\/strong> 5,0 Hz p\u00e2n\u0103 la 400,0 Hz cu precizie de 0,1 Hz.<\/li>\n<li><strong>Func\u021bia de fr\u00e2nare:<\/strong> Opre\u0219te rapid placa de vibra\u021bie prin deplasarea curentului cu 180\u00b0 \u00een timpul procesului de \u00eenchidere lent\u0103.<\/li>\n<li>Portul fotoelectric inteligent accept\u0103 senzori fotoelectrici, senzori de comutare NPN sau PNP.<\/li>\n<li>Portul de oprire complet al materialului accept\u0103 tipurile de adaptare NPN, PNP sau automate.<\/li>\n<li>Portul de ie\u0219ire de control accept\u0103 modul de ie\u0219ire NPN, PNP sau push-pull.<\/li>\n<li><strong>Func\u021bii de protec\u021bie cuprinz\u0103toare:<\/strong> protec\u021bie la scurtcircuit pentru ie\u0219irea principal\u0103, protec\u021bie la supracurent, protec\u021bie la supra\u00eenc\u0103lzire, protec\u021bie la subtensiune\/supratensiune a sursei de alimentare, protec\u021bie la scurtcircuit la ie\u0219ire de control, protec\u021bie la scurtcircuit la ie\u0219ire de 24 V, protec\u021bie la scurtcircuit la ie\u0219ire de 24 V, control la vitez\u0103 de protec\u021bie la scurtcircuit la ie\u0219ire.<\/li>\n<\/ul>\n<p><strong>\u00cen compara\u021bie cu controlerul SDVC31-M, acest produs prezint\u0103 \u00eembun\u0103t\u0103\u021biri semnificative ale performan\u021bei:<\/strong><\/p>\n<ol>\n<li>Frecven\u021ba de ie\u0219ire a crescut de la 40.0-400.0Hz.<\/li>\n<li>\u00cent\u00e2rzierea maxim\u0103 de pornire\/oprire pentru porturile fotoelectrice inteligente \u0219i oprirea complet\u0103 a materialului a crescut de la 20,0 secunde la 99,9 secunde.<\/li>\n<li>Noua func\u021bie de \u00eenchidere lent\u0103: 0,0 ~ 10,0 secunde pentru a opri \u00eencet placa de vibra\u021bie.<\/li>\n<li>Noua functie de franare: 0~100 cicluri de franare pentru a opri rapid placa de vibratie.<\/li>\n<li>S-a ad\u0103ugat suport pentru senzor PNP la portul fotoelectric inteligent.<\/li>\n<li>Portul de oprire complet al materialului modernizat de la selec\u021bia NPN \u0219i PNP la setarea software, inclusiv modul automat.<\/li>\n<li>Portul de ie\u0219ire de control a fost actualizat de la ie\u0219irea NPN la modurile NPN, PNP \u0219i push-pull.<\/li>\n<li>Noul port de ie\u0219ire de control \u00eent\u00e2rziere pornire\/oprire: 0,0 ~ 99,9 secunde.<\/li>\n<li>Nou mod de ie\u0219ire de control: modul de \u00eent\u00e2rziere \u0219i modul de men\u021binere.<\/li>\n<li>Nou\u0103 func\u021bie de m\u0103surare pentru a monitoriza temperatura, tensiunea magistralei, curentul de ie\u0219ire, tensiunea analogic\u0103 a portului A de control al vitezei, tensiunea semnalului portului B, tensiunea semnalului portului C, tensiunea de ie\u0219ire portul D \u0219i tensiunea de ie\u0219ire 24V.<\/li>\n<\/ol>\n\t<div id=\"gap-1574900881\" class=\"gap-element clearfix\" style=\"display:block; height:auto;\">\n\t\t\n<style>\n#gap-1574900881 {\n  padding-top: 30px;\n}\n<\/style>\n\t<\/div>\n\t\n<h2>Specifica\u021bie tehnic\u0103<\/h2>\n<table width=\"767\">\n<tbody>\n<tr>\n<td rowspan=\"2\" width=\"225\">Articol<\/td>\n<td colspan=\"3\" width=\"216\">Gam\u0103<\/td>\n<td rowspan=\"2\" width=\"72\">Unitate<\/td>\n<td rowspan=\"2\" width=\"254\">Descriere<\/td>\n<\/tr>\n<tr>\n<td>Minim<\/td>\n<td>Tipic<\/td>\n<td>Maxim<\/td>\n<\/tr>\n<tr>\n<td>Tensiune de intrare<\/td>\n<td>85<\/td>\n<td>220<\/td>\n<td>260<\/td>\n<td>V<\/td>\n<td>Valoarea efectiv\u0103 AC<\/td>\n<\/tr>\n<tr>\n<td>Gama de reglare a tensiunii de ie\u0219ire<\/td>\n<td>0<\/td>\n<td><\/td>\n<td>260<\/td>\n<td>V<\/td>\n<td>Mai pu\u021bin de 150% de tensiune de intrare<\/td>\n<\/tr>\n<tr>\n<td>Precizia de reglare a tensiunii<\/td>\n<td colspan=\"3\">1<\/td>\n<td>V<\/td>\n<td><\/td>\n<\/tr>\n<tr>\n<td>Precizia reglarii tensiunii<\/td>\n<td>0<\/td>\n<td><\/td>\n<td>10<\/td>\n<td><\/td>\n<td>Vout\/Vin<\/td>\n<\/tr>\n<tr>\n<td rowspan=\"2\">Interval de reglare a curentului de ie\u0219ire<\/td>\n<td>0<\/td>\n<td><\/td>\n<td>1.5<\/td>\n<td>A<\/td>\n<td>SDVC311-LS<\/td>\n<\/tr>\n<tr>\n<td>0<\/td>\n<td><\/td>\n<td>3<\/td>\n<td>VA<\/td>\n<td>SDVC311-LM<\/td>\n<\/tr>\n<tr>\n<td rowspan=\"2\">Putere de iesire<\/td>\n<td>0<\/td>\n<td><\/td>\n<td>330<\/td>\n<td>VA<\/td>\n<td>SDVC311-LS<\/td>\n<\/tr>\n<tr>\n<td>0<\/td>\n<td><\/td>\n<td>660<\/td>\n<td>VA<\/td>\n<td>SDVC311-LM<\/td>\n<\/tr>\n<tr>\n<td>Frecven\u021ba de ie\u0219ire<\/td>\n<td>40\/5.0<\/td>\n<td><\/td>\n<td>400<\/td>\n<td>Hz<\/td>\n<td><\/td>\n<\/tr>\n<tr>\n<td>Precizia de reglare a frecven\u021bei<\/td>\n<td colspan=\"3\">0.1<\/td>\n<td>Hz<\/td>\n<td><\/td>\n<\/tr>\n<tr>\n<td>Forma de und\u0103 de ie\u0219ire<\/td>\n<td colspan=\"3\">sinus<\/td>\n<td><\/td>\n<td><\/td>\n<\/tr>\n<tr>\n<td>Ora de pornire lent<\/td>\n<td>0<\/td>\n<td><\/td>\n<td>10<\/td>\n<td>s<\/td>\n<td>Implicit din fabric\u0103 0,5<\/td>\n<\/tr>\n<tr>\n<td>Interval de timp de \u00eent\u00e2rziere<\/td>\n<td>0<\/td>\n<td><\/td>\n<td>20\/99.9<\/td>\n<td>s<\/td>\n<td>Implicit din fabric\u0103 0.2<\/td>\n<\/tr>\n<tr>\n<td>Precizia timpului de \u00eent\u00e2rziere<\/td>\n<td colspan=\"3\">0.1<\/td>\n<td>s<\/td>\n<td><\/td>\n<\/tr>\n<tr>\n<td>Temperatura de protec\u021bie \u00eempotriva supra\u00eenc\u0103lzirii<\/td>\n<td>58<\/td>\n<td>60<\/td>\n<td>66<\/td>\n<td>\u2103<\/td>\n<td><\/td>\n<\/tr>\n<tr>\n<td>Tensiunea de ie\u0219ire de control DC<\/td>\n<td>0<\/td>\n<td><\/td>\n<td>400<\/td>\n<td>V<\/td>\n<td><\/td>\n<\/tr>\n<tr>\n<td>Curent de ie\u0219ire de control CC<\/td>\n<td>22<\/td>\n<td>24<\/td>\n<td>26<\/td>\n<td>mA<\/td>\n<td><\/td>\n<\/tr>\n<tr>\n<td>Model de control analogic<\/td>\n<td colspan=\"3\">1 &#8211; 5<\/td>\n<td>V<\/td>\n<td>Tensiunea de control al vitezei de la distan\u021b\u0103<\/td>\n<\/tr>\n<tr>\n<td>Semnal de control digital<\/td>\n<td colspan=\"3\">24<\/td>\n<td>V<\/td>\n<td>Comutator de control al semnalului<\/td>\n<\/tr>\n<tr>\n<td>Metoda de ajustare<\/td>\n<td colspan=\"3\">6<\/td>\n<td>cheie<\/td>\n<td><\/td>\n<\/tr>\n<tr>\n<td>Consumul de energie f\u0103r\u0103 sarcin\u0103<\/td>\n<td><\/td>\n<td>3<\/td>\n<td><\/td>\n<td>W<\/td>\n<td><\/td>\n<\/tr>\n<tr>\n<td>Modul de afi\u0219are<\/td>\n<td colspan=\"3\">5<\/td>\n<td>cifr\u0103<\/td>\n<td>Tub digital LED<\/td>\n<\/tr>\n<tr>\n<td>Temperatura mediului salarial<\/td>\n<td>0<\/td>\n<td>25<\/td>\n<td>40<\/td>\n<td>\u2103<\/td>\n<td rowspan=\"3\">Fara condens<\/td>\n<\/tr>\n<tr>\n<td>Umiditatea mediului salarial<\/td>\n<td>10<\/td>\n<td>60<\/td>\n<td>85<\/td>\n<td>%<\/td>\n<\/tr>\n<tr>\n<td>Temperatura de depozitare<\/td>\n<td>-20<\/td>\n<td>25<\/td>\n<td>85<\/td>\n<td>\u2103<\/td>\n<\/tr>\n<\/tbody>\n<\/table>\n\t<div id=\"gap-1134078213\" class=\"gap-element clearfix\" style=\"display:block; height:auto;\">\n\t\t\n<style>\n#gap-1134078213 {\n  padding-top: 30px;\n}\n<\/style>\n\t<\/div>\n\t\n<p><strong><b>dimensiuni:<\/b><\/strong>\u00a0Lungime 94,5 mm \u00d7 L\u0103\u021bime 53,6 mm \u00d7 \u00cen\u0103l\u021bime 190 mm<\/p>\n\t<div class=\"img has-hover x md-x lg-x y md-y lg-y\" id=\"image_1995388969\">\n\t\t\t\t\t\t\t\t<div class=\"img-inner dark\" >\n\t\t\t<img loading=\"lazy\" decoding=\"async\" width=\"770\" height=\"829\" src=\"https:\/\/swoer.com\/wp-content\/uploads\/2024\/07\/Product-Dimensions.webp\" class=\"attachment-original size-original\" alt=\"dimensiunile produsului\" srcset=\"https:\/\/swoer.com\/wp-content\/uploads\/2024\/07\/Product-Dimensions.webp 770w, https:\/\/swoer.com\/wp-content\/uploads\/2024\/07\/Product-Dimensions-279x300.webp 279w, https:\/\/swoer.com\/wp-content\/uploads\/2024\/07\/Product-Dimensions-768x827.webp 768w, https:\/\/swoer.com\/wp-content\/uploads\/2024\/07\/Product-Dimensions-11x12.webp 11w, https:\/\/swoer.com\/wp-content\/uploads\/2024\/07\/Product-Dimensions-600x646.webp 600w\" sizes=\"(max-width: 770px) 100vw, 770px\" \/>\t\t\t\t\t\t\n\t\t\t\t\t<\/div>\n\t\t\t\t\t\t\t\t\n<style>\n#image_1995388969 {\n  width: 58%;\n}\n<\/style>\n\t<\/div>","protected":false},"excerpt":{"rendered":"<p>Controlerul pentru bunc\u0103r vibrator SDVC311-M este proiectat pentru alimentarea precis\u0103 \u0219i eficient\u0103 a materialului \u00een diverse aplica\u021bii de automatizare. Cu gama sa larg\u0103 de frecven\u021b\u0103 (5,0 Hz p\u00e2n\u0103 la 400,0 Hz), precizie ridicat\u0103 (0,1 Hz) \u0219i suport inteligent pentru senzori, SDVC311-M asigur\u0103 o manipulare optim\u0103 a materialului.<\/p>","protected":false},"featured_media":2489,"comment_status":"open","ping_status":"closed","template":"","meta":[],"product_cat":[45],"product_tag":[],"yoast_head":"<!-- This site is optimized with the Yoast SEO plugin v22.2 - https:\/\/yoast.com\/wordpress\/plugins\/seo\/ -->\n<title>Vibratory Hopper Controller SDVC311-M - SWOER<\/title>\n<meta name=\"description\" content=\"SDVC311-M vibratory hopper controller features introduction.\" \/>\n<meta name=\"robots\" content=\"index, follow, max-snippet:-1, max-image-preview:large, max-video-preview:-1\" \/>\n<link rel=\"canonical\" href=\"https:\/\/swoer.com\/ro\/manufacturer\/vibratory-hopper-controller-sdvc311-m\/\" \/>\n<meta property=\"og:locale\" content=\"ro_RO\" \/>\n<meta property=\"og:type\" content=\"article\" \/>\n<meta property=\"og:title\" content=\"Vibratory Hopper Controller SDVC311-M - SWOER\" \/>\n<meta property=\"og:description\" content=\"SDVC311-M vibratory hopper controller features introduction.\" \/>\n<meta property=\"og:url\" content=\"https:\/\/swoer.com\/ro\/manufacturer\/vibratory-hopper-controller-sdvc311-m\/\" \/>\n<meta property=\"og:site_name\" content=\"SWOER\" \/>\n<meta property=\"article:modified_time\" content=\"2024-08-16T04:01:29+00:00\" \/>\n<meta property=\"og:image\" content=\"https:\/\/swoer.com\/wp-content\/uploads\/2024\/07\/Vibratory-Hopper-Controller-SDVC311-M-1.webp\" \/>\n\t<meta property=\"og:image:width\" content=\"1000\" \/>\n\t<meta property=\"og:image:height\" content=\"1000\" \/>\n\t<meta property=\"og:image:type\" content=\"image\/webp\" \/>\n<meta name=\"twitter:card\" content=\"summary_large_image\" \/>\n<meta name=\"twitter:label1\" content=\"Timp estimat pentru citire\" \/>\n\t<meta name=\"twitter:data1\" content=\"3 minute\" \/>\n<script type=\"application\/ld+json\" class=\"yoast-schema-graph\">{\"@context\":\"https:\/\/schema.org\",\"@graph\":[{\"@type\":\"WebPage\",\"@id\":\"https:\/\/swoer.com\/manufacturer\/vibratory-hopper-controller-sdvc311-m\/\",\"url\":\"https:\/\/swoer.com\/manufacturer\/vibratory-hopper-controller-sdvc311-m\/\",\"name\":\"Vibratory Hopper Controller SDVC311-M - SWOER\",\"isPartOf\":{\"@id\":\"https:\/\/swoer.com\/#website\"},\"primaryImageOfPage\":{\"@id\":\"https:\/\/swoer.com\/manufacturer\/vibratory-hopper-controller-sdvc311-m\/#primaryimage\"},\"image\":{\"@id\":\"https:\/\/swoer.com\/manufacturer\/vibratory-hopper-controller-sdvc311-m\/#primaryimage\"},\"thumbnailUrl\":\"https:\/\/swoer.com\/wp-content\/uploads\/2024\/07\/Vibratory-Hopper-Controller-SDVC311-M-1.webp\",\"datePublished\":\"2024-07-11T02:33:28+00:00\",\"dateModified\":\"2024-08-16T04:01:29+00:00\",\"description\":\"SDVC311-M vibratory hopper controller features introduction.\",\"breadcrumb\":{\"@id\":\"https:\/\/swoer.com\/manufacturer\/vibratory-hopper-controller-sdvc311-m\/#breadcrumb\"},\"inLanguage\":\"ro-RO\",\"potentialAction\":[{\"@type\":\"ReadAction\",\"target\":[\"https:\/\/swoer.com\/manufacturer\/vibratory-hopper-controller-sdvc311-m\/\"]}]},{\"@type\":\"ImageObject\",\"inLanguage\":\"ro-RO\",\"@id\":\"https:\/\/swoer.com\/manufacturer\/vibratory-hopper-controller-sdvc311-m\/#primaryimage\",\"url\":\"https:\/\/swoer.com\/wp-content\/uploads\/2024\/07\/Vibratory-Hopper-Controller-SDVC311-M-1.webp\",\"contentUrl\":\"https:\/\/swoer.com\/wp-content\/uploads\/2024\/07\/Vibratory-Hopper-Controller-SDVC311-M-1.webp\",\"width\":1000,\"height\":1000,\"caption\":\"Vibratory Hopper Controller SDVC311-M\"},{\"@type\":\"BreadcrumbList\",\"@id\":\"https:\/\/swoer.com\/manufacturer\/vibratory-hopper-controller-sdvc311-m\/#breadcrumb\",\"itemListElement\":[{\"@type\":\"ListItem\",\"position\":1,\"name\":\"Home\",\"item\":\"https:\/\/swoer.com\/\"},{\"@type\":\"ListItem\",\"position\":2,\"name\":\"Shop\",\"item\":\"https:\/\/swoer.com\/shop\/\"},{\"@type\":\"ListItem\",\"position\":3,\"name\":\"Vibratory Hopper Controller SDVC311-M\"}]},{\"@type\":\"WebSite\",\"@id\":\"https:\/\/swoer.com\/#website\",\"url\":\"https:\/\/swoer.com\/\",\"name\":\"SWOER\",\"description\":\"Swoer is the top 3 vibratory bowl feeder manufacturer in China\",\"potentialAction\":[{\"@type\":\"SearchAction\",\"target\":{\"@type\":\"EntryPoint\",\"urlTemplate\":\"https:\/\/swoer.com\/?s={search_term_string}\"},\"query-input\":\"required name=search_term_string\"}],\"inLanguage\":\"ro-RO\"}]}<\/script>\n<!-- \/ Yoast SEO plugin. -->","yoast_head_json":{"title":"Vibratory Hopper Controller SDVC311-M - SWOER","description":"SDVC311-M vibratory hopper controller features introduction.","robots":{"index":"index","follow":"follow","max-snippet":"max-snippet:-1","max-image-preview":"max-image-preview:large","max-video-preview":"max-video-preview:-1"},"canonical":"https:\/\/swoer.com\/ro\/manufacturer\/vibratory-hopper-controller-sdvc311-m\/","og_locale":"ro_RO","og_type":"article","og_title":"Vibratory Hopper Controller SDVC311-M - SWOER","og_description":"SDVC311-M vibratory hopper controller features introduction.","og_url":"https:\/\/swoer.com\/ro\/manufacturer\/vibratory-hopper-controller-sdvc311-m\/","og_site_name":"SWOER","article_modified_time":"2024-08-16T04:01:29+00:00","og_image":[{"width":1000,"height":1000,"url":"https:\/\/swoer.com\/wp-content\/uploads\/2024\/07\/Vibratory-Hopper-Controller-SDVC311-M-1.webp","type":"image\/webp"}],"twitter_card":"summary_large_image","twitter_misc":{"Timp estimat pentru citire":"3 minute"},"schema":{"@context":"https:\/\/schema.org","@graph":[{"@type":"WebPage","@id":"https:\/\/swoer.com\/manufacturer\/vibratory-hopper-controller-sdvc311-m\/","url":"https:\/\/swoer.com\/manufacturer\/vibratory-hopper-controller-sdvc311-m\/","name":"Vibratory Hopper Controller SDVC311-M - SWOER","isPartOf":{"@id":"https:\/\/swoer.com\/#website"},"primaryImageOfPage":{"@id":"https:\/\/swoer.com\/manufacturer\/vibratory-hopper-controller-sdvc311-m\/#primaryimage"},"image":{"@id":"https:\/\/swoer.com\/manufacturer\/vibratory-hopper-controller-sdvc311-m\/#primaryimage"},"thumbnailUrl":"https:\/\/swoer.com\/wp-content\/uploads\/2024\/07\/Vibratory-Hopper-Controller-SDVC311-M-1.webp","datePublished":"2024-07-11T02:33:28+00:00","dateModified":"2024-08-16T04:01:29+00:00","description":"SDVC311-M vibratory hopper controller features introduction.","breadcrumb":{"@id":"https:\/\/swoer.com\/manufacturer\/vibratory-hopper-controller-sdvc311-m\/#breadcrumb"},"inLanguage":"ro-RO","potentialAction":[{"@type":"ReadAction","target":["https:\/\/swoer.com\/manufacturer\/vibratory-hopper-controller-sdvc311-m\/"]}]},{"@type":"ImageObject","inLanguage":"ro-RO","@id":"https:\/\/swoer.com\/manufacturer\/vibratory-hopper-controller-sdvc311-m\/#primaryimage","url":"https:\/\/swoer.com\/wp-content\/uploads\/2024\/07\/Vibratory-Hopper-Controller-SDVC311-M-1.webp","contentUrl":"https:\/\/swoer.com\/wp-content\/uploads\/2024\/07\/Vibratory-Hopper-Controller-SDVC311-M-1.webp","width":1000,"height":1000,"caption":"Vibratory Hopper Controller SDVC311-M"},{"@type":"BreadcrumbList","@id":"https:\/\/swoer.com\/manufacturer\/vibratory-hopper-controller-sdvc311-m\/#breadcrumb","itemListElement":[{"@type":"ListItem","position":1,"name":"Home","item":"https:\/\/swoer.com\/"},{"@type":"ListItem","position":2,"name":"Shop","item":"https:\/\/swoer.com\/shop\/"},{"@type":"ListItem","position":3,"name":"Vibratory Hopper Controller SDVC311-M"}]},{"@type":"WebSite","@id":"https:\/\/swoer.com\/#website","url":"https:\/\/swoer.com\/","name":"SWOER","description":"Swoer is the top 3 vibratory bowl feeder manufacturer in China","potentialAction":[{"@type":"SearchAction","target":{"@type":"EntryPoint","urlTemplate":"https:\/\/swoer.com\/?s={search_term_string}"},"query-input":"required name=search_term_string"}],"inLanguage":"ro-RO"}]}},"_links":{"self":[{"href":"https:\/\/swoer.com\/ro\/wp-json\/wp\/v2\/product\/2332"}],"collection":[{"href":"https:\/\/swoer.com\/ro\/wp-json\/wp\/v2\/product"}],"about":[{"href":"https:\/\/swoer.com\/ro\/wp-json\/wp\/v2\/types\/product"}],"replies":[{"embeddable":true,"href":"https:\/\/swoer.com\/ro\/wp-json\/wp\/v2\/comments?post=2332"}],"wp:featuredmedia":[{"embeddable":true,"href":"https:\/\/swoer.com\/ro\/wp-json\/wp\/v2\/media\/2489"}],"wp:attachment":[{"href":"https:\/\/swoer.com\/ro\/wp-json\/wp\/v2\/media?parent=2332"}],"wp:term":[{"taxonomy":"product_cat","embeddable":true,"href":"https:\/\/swoer.com\/ro\/wp-json\/wp\/v2\/product_cat?post=2332"},{"taxonomy":"product_tag","embeddable":true,"href":"https:\/\/swoer.com\/ro\/wp-json\/wp\/v2\/product_tag?post=2332"}],"curies":[{"name":"wp","href":"https:\/\/api.w.org\/{rel}","templated":true}]}}