{"id":2326,"date":"2024-07-10T02:07:49","date_gmt":"2024-07-10T02:07:49","guid":{"rendered":"https:\/\/swoer.com\/?post_type=product&#038;p=2326"},"modified":"2024-08-16T14:01:56","modified_gmt":"2024-08-16T06:01:56","slug":"vibratory-bowl-feeder-speed-controller-dvc34-xlr","status":"publish","type":"product","link":"https:\/\/swoer.com\/ro\/manufacturer\/vibratory-bowl-feeder-speed-controller-dvc34-xlr\/","title":{"rendered":"Regulator de vitez\u0103 al alimentatorului bolului vibrator DVC34-XLR"},"content":{"rendered":"<h2><strong><b>Caracteristici DVC34-XLR<\/b><\/strong><\/h2>\n<ul>\n<li>Stabilizare automat\u0103 a vitezei<\/li>\n<li>Reglare automat\u0103 a frecven\u021bei<\/li>\n<li>C\u0103utare automat\u0103 de frecven\u021b\u0103<\/li>\n<li>Ie\u0219ire sincron\u0103<\/li>\n<li>Viteza presetata<\/li>\n<li>Stabilizare automat\u0103 a tensiunii de \u00eenalt\u0103 precizie<\/li>\n<li>Protec\u021bie digital\u0103 la supra\u00eenc\u0103lzire<\/li>\n<li>Autoadaptarea senzorului<\/li>\n<li>Controlul vitezei de la distan\u021b\u0103<\/li>\n<li>Ie\u0219ire de control DC<\/li>\n<li>Blocarea tastaturii<\/li>\n<li>Setarea tensiunii maxime de ie\u0219ire<\/li>\n<li>Materialul senzorului cu comutator dublu oprire plin\/gol<\/li>\n<li>Func\u021bia de num\u0103rare<\/li>\n<li>485 comunicare<\/li>\n<\/ul>\n\t<div id=\"gap-1173972528\" class=\"gap-element clearfix\" style=\"display:block; height:auto;\">\n\t\t\n<style>\n#gap-1173972528 {\n  padding-top: 30px;\n}\n<\/style>\n\t<\/div>\n\t\n<h2><strong><b>DVC34-XLR<\/b><\/strong><strong><b>\u00a0<\/b><\/strong><strong><b>Func\u0163ie<\/b><\/strong><\/h2>\n<p>Aceast\u0103 serie de controlere, concepute pentru alimentarea cu vibra\u021bii \u00een automatizare, integreaz\u0103 tehnologie electronic\u0103 avansat\u0103. Ofer\u0103 func\u021bii practice, u\u0219or de utilizat:<\/p>\n<ol>\n<li><strong>Modularea automat\u0103 a frecven\u021bei:<\/strong> Controlerul regleaz\u0103 frecven\u021ba \u00een timp real, asigur\u00e2ndu-se c\u0103 alimentatorul func\u021bioneaz\u0103 optim.<\/li>\n<li><strong>Stabilizare automat\u0103 a vitezei:<\/strong> Deoarece controlerul regleaz\u0103 tensiunea \u00een timp real, acesta asigur\u0103 c\u0103 viteza de alimentare r\u0103m\u00e2ne constant\u0103. Indiferent dac\u0103 cantitatea de piese de prelucrat cre\u0219te sau scade, aceast\u0103 caracteristic\u0103 men\u021bine performan\u021ba constant\u0103, sporind astfel eficien\u021ba general\u0103.<\/li>\n<li><strong>C\u0103utare automat\u0103 de frecven\u021b\u0103:<\/strong> Caracteristica sigur\u0103 identific\u0103 rapid frecven\u021ba optim\u0103 \u0219i parametrii aferenti, sporind confortul utilizatorului.<\/li>\n<li><strong>Stabilizare automat\u0103 a tensiunii:<\/strong> F\u0103r\u0103 stabilizarea vitezei activat\u0103, controlerul elimin\u0103 fluctua\u021biile de vitez\u0103 din schimb\u0103rile sursei de alimentare, prevenind efectele frecven\u021bei b\u0103t\u0103ilor.<\/li>\n<li><strong>Ie\u0219ire sincron\u0103:<\/strong> Mai multe controlere \u00ee\u0219i sincronizeaz\u0103 ie\u0219irile \u00een frecven\u021b\u0103 \u0219i faz\u0103, evit\u00e2nd frecven\u021ba b\u0103t\u0103ilor \u0219i problemele conexe.<\/li>\n<li><strong>Oprire material complet\/gol:<\/strong> Intrarea senzorului permite controlerului s\u0103 gestioneze oprirea \u00een func\u021bie de nivelurile de material, oferind timp de pornire, \u00eent\u00e2rzieri \u0219i set\u0103ri logice personalizabile.<\/li>\n<li><strong>Adaptarea senzorului:<\/strong> \u00cen plus fa\u021b\u0103 de celelalte caracteristici ale sale, controlerul se adapteaz\u0103 perfect at\u00e2t la senzorii comutatorului NPN, c\u00e2t \u0219i la PNP. Aceast\u0103 reglare automat\u0103 asigur\u0103 compatibilitatea \u0219i fiabilitatea, indiferent de tipul de senzor utilizat.<\/li>\n<li><strong>Pornire lent:<\/strong> La pornire, controlerul cre\u0219te treptat tensiunea, prevenind deteriorarea din cauza \u0219ocurilor bru\u0219te.<\/li>\n<li><strong>Viteza presetata:<\/strong> Utilizatorii pot selecta dintre patru tensiuni de ie\u0219ire prestabilite prin semnale de control externe.<\/li>\n<li><strong>Func\u021bia de accelerare:<\/strong> Aceast\u0103 caracteristic\u0103 m\u0103re\u0219te tensiunea de ie\u0219ire p\u00e2n\u0103 la 150% din tensiunea de intrare.<\/li>\n<li><strong>Setarea tensiunii maxime de ie\u0219ire:<\/strong> Utilizatorii pot seta o limit\u0103 de tensiune, prevenind deteriorarea accidental\u0103 din cauza tensiunii excesive.<\/li>\n<li><strong>Indexul formei de unda:<\/strong> Acest parametru echilibreaz\u0103 eficien\u021ba controlerului cu puterea maxim\u0103 de ie\u0219ire.<\/li>\n<li><strong>Controlul vitezei de la distan\u021b\u0103:<\/strong> Utilizatorii pot controla tensiunea sau viteza extern printr-un poten\u021biometru, PLC sau semnal de alimentare.<\/li>\n<li><strong>Ie\u0219ire de control 24V DC:<\/strong> Semnalul de control iese printr-un tranzistor, permi\u021b\u00e2nd controlul direct al dispozitivelor precum supapele solenoide.<\/li>\n<li><strong>Comutator de ie\u0219ire:<\/strong> Un buton tactil de pe panou permite pornirea\/oprirea instantanee a ma\u0219inii, simplific\u00e2nd depanarea echipamentului.<\/li>\n<li><strong>Blocarea tastaturii:<\/strong> \u021ain\u00e2nd ap\u0103sat butonul de pornire\/oprire, toate func\u021biile sunt blocate, prevenind opera\u021biunile accidentale.<\/li>\n<li><strong>Parola parametru:<\/strong> Utilizatorii pot seta o parol\u0103 pentru a bloca parametrii, protej\u00e2ndu-se \u00eempotriva modific\u0103rilor neautorizate.<\/li>\n<li><strong>Restabili\u021bi set\u0103rile din fabric\u0103:<\/strong> Aceast\u0103 func\u021bie revine rapid parametrii la valorile implicite din fabric\u0103, reset\u00e2nd controlerul.<\/li>\n<li><strong>485 comunicare:<\/strong> Utilizatorii pot regla de la distan\u021b\u0103 set\u0103rile controlerului prin comunicarea 485.<\/li>\n<\/ol>\n\t<div id=\"gap-1516306853\" class=\"gap-element clearfix\" style=\"display:block; height:auto;\">\n\t\t\n<style>\n#gap-1516306853 {\n  padding-top: 30px;\n}\n<\/style>\n\t<\/div>\n\t\n<h2>Specifica\u021bie tehnic\u0103<\/h2>\n<table width=\"767\">\n<tbody>\n<tr>\n<td rowspan=\"2\" width=\"225\">Articol<\/td>\n<td colspan=\"3\" width=\"216\">Gam\u0103<\/td>\n<td rowspan=\"2\" width=\"72\">Unitate<\/td>\n<td rowspan=\"2\" width=\"254\">Descriere<\/td>\n<\/tr>\n<tr>\n<td>Minim<\/td>\n<td>Tipic<\/td>\n<td>Maxim<\/td>\n<\/tr>\n<tr>\n<td>Tensiune de intrare<\/td>\n<td>85<\/td>\n<td>220<\/td>\n<td>260<\/td>\n<td>V<\/td>\n<td>Valoarea efectiv\u0103 AC<\/td>\n<\/tr>\n<tr>\n<td>Gama de reglare a tensiunii de ie\u0219ire<\/td>\n<td>0<\/td>\n<td><\/td>\n<td>260<\/td>\n<td>V<\/td>\n<td>Mai pu\u021bin de 150% de tensiune de intrare<\/td>\n<\/tr>\n<tr>\n<td>Precizia de reglare a tensiunii<\/td>\n<td colspan=\"3\">1<\/td>\n<td>V<\/td>\n<td><\/td>\n<\/tr>\n<tr>\n<td>Precizia reglarii tensiunii<\/td>\n<td>0<\/td>\n<td><\/td>\n<td>10<\/td>\n<td><\/td>\n<td>Vout\/Vin<\/td>\n<\/tr>\n<tr>\n<td>Timp de r\u0103spuns la reglarea tensiunii<\/td>\n<td>0.0025<\/td>\n<td><\/td>\n<td>0.04<\/td>\n<td>s<\/td>\n<td>O zecime din ciclul tensiunii de ie\u0219ire<\/td>\n<\/tr>\n<tr>\n<td rowspan=\"2\">Interval de reglare a curentului de ie\u0219ire<\/td>\n<td rowspan=\"2\">0<\/td>\n<td rowspan=\"2\"><\/td>\n<td rowspan=\"2\">6<\/td>\n<td rowspan=\"2\">A<\/td>\n<td rowspan=\"2\" width=\"254\">SDVC34-XLR<br \/>\nSDVC34-XLRJ<\/td>\n<\/tr>\n<tr>\n<td rowspan=\"2\"><\/td>\n<td rowspan=\"2\"><\/td>\n<td rowspan=\"2\"><\/td>\n<td rowspan=\"2\"><\/td>\n<td rowspan=\"2\"><\/td>\n<td rowspan=\"2\" width=\"254\"><\/td>\n<\/tr>\n<tr>\n<td>Frecven\u021ba de ie\u0219ire<\/td>\n<td>25<\/td>\n<td><\/td>\n<td>400<\/td>\n<td>Hz<\/td>\n<td><\/td>\n<\/tr>\n<tr>\n<td>Precizia de reglare a frecven\u021bei<\/td>\n<td colspan=\"3\">0.1<\/td>\n<td>Hz<\/td>\n<td><\/td>\n<\/tr>\n<tr>\n<td>Forma de und\u0103 de ie\u0219ire<\/td>\n<td colspan=\"3\">sinus<\/td>\n<td><\/td>\n<td><\/td>\n<\/tr>\n<tr>\n<td>Ora de pornire lent<\/td>\n<td>0<\/td>\n<td><\/td>\n<td>10<\/td>\n<td>s<\/td>\n<td>Implicit din fabric\u0103 0,5<\/td>\n<\/tr>\n<tr>\n<td>Interval de timp de \u00eent\u00e2rziere<\/td>\n<td>0<\/td>\n<td><\/td>\n<td>20<\/td>\n<td>s<\/td>\n<td>Implicit din fabric\u0103 0.2<\/td>\n<\/tr>\n<tr>\n<td>Precizia timpului de \u00eent\u00e2rziere<\/td>\n<td colspan=\"3\">0.1<\/td>\n<td>s<\/td>\n<td><\/td>\n<\/tr>\n<tr>\n<td>Temperatura de protec\u021bie \u00eempotriva supra\u00eenc\u0103lzirii<\/td>\n<td>60<\/td>\n<td>65<\/td>\n<td>65<\/td>\n<td>\u2103<\/td>\n<td><\/td>\n<\/tr>\n<tr>\n<td>Tensiunea de ie\u0219ire de control DC<\/td>\n<td>22<\/td>\n<td>24<\/td>\n<td>26<\/td>\n<td>V<\/td>\n<td><\/td>\n<\/tr>\n<tr>\n<td>Curent de ie\u0219ire de control CC<\/td>\n<td>0<\/td>\n<td><\/td>\n<td>200<\/td>\n<td>mA<\/td>\n<td><\/td>\n<\/tr>\n<tr>\n<td>Model de control analogic<\/td>\n<td colspan=\"3\">1- 5<\/td>\n<td>V<\/td>\n<td>Tensiunea de control al vitezei de la distan\u021b\u0103<\/td>\n<\/tr>\n<tr>\n<td>Semnal de control digital<\/td>\n<td colspan=\"3\">24<\/td>\n<td>V<\/td>\n<td>Comutator de control al semnalului<\/td>\n<\/tr>\n<tr>\n<td>Metoda de ajustare<\/td>\n<td colspan=\"3\">6<\/td>\n<td>cheie<\/td>\n<td><\/td>\n<\/tr>\n<tr>\n<td>Consumul de energie f\u0103r\u0103 sarcin\u0103<\/td>\n<td><\/td>\n<td>7<\/td>\n<td><\/td>\n<td>W<\/td>\n<td><\/td>\n<\/tr>\n<tr>\n<td>Modul de afi\u0219are<\/td>\n<td colspan=\"3\">5<\/td>\n<td>cifr\u0103<\/td>\n<td>Tub digital LED<\/td>\n<\/tr>\n<tr>\n<td>Temperatura mediului salarial<\/td>\n<td>0<\/td>\n<td>25<\/td>\n<td>40<\/td>\n<td>\u2103<\/td>\n<td rowspan=\"2\">Fara condens<\/td>\n<\/tr>\n<tr>\n<td>Umiditatea mediului salarial<\/td>\n<td>10<\/td>\n<td>60<\/td>\n<td>85<\/td>\n<td>%<\/td>\n<\/tr>\n<\/tbody>\n<\/table>\n\t<div id=\"gap-765421059\" class=\"gap-element clearfix\" style=\"display:block; height:auto;\">\n\t\t\n<style>\n#gap-765421059 {\n  padding-top: 30px;\n}\n<\/style>\n\t<\/div>\n\t\n\t<div class=\"img has-hover x md-x lg-x y md-y lg-y\" id=\"image_1370913675\">\n\t\t\t\t\t\t\t\t<div class=\"img-inner dark\" >\n\t\t\t<img loading=\"lazy\" decoding=\"async\" width=\"814\" height=\"575\" src=\"https:\/\/swoer.com\/wp-content\/uploads\/2024\/07\/DVC34-XLRDimensions.webp\" class=\"attachment-original size-original\" alt=\"DVC34-XLRDimensiuni\" srcset=\"https:\/\/swoer.com\/wp-content\/uploads\/2024\/07\/DVC34-XLRDimensions.webp 814w, https:\/\/swoer.com\/wp-content\/uploads\/2024\/07\/DVC34-XLRDimensions-300x212.webp 300w, https:\/\/swoer.com\/wp-content\/uploads\/2024\/07\/DVC34-XLRDimensions-768x543.webp 768w, https:\/\/swoer.com\/wp-content\/uploads\/2024\/07\/DVC34-XLRDimensions-18x12.webp 18w, https:\/\/swoer.com\/wp-content\/uploads\/2024\/07\/DVC34-XLRDimensions-600x424.webp 600w\" sizes=\"(max-width: 814px) 100vw, 814px\" \/>\t\t\t\t\t\t\n\t\t\t\t\t<\/div>\n\t\t\t\t\t\t\t\t\n<style>\n#image_1370913675 {\n  width: 60%;\n}\n<\/style>\n\t<\/div>","protected":false},"excerpt":{"rendered":"<p>Controlerul de vitez\u0103 al alimentatorului cu bol vibratoare DVC34-XLR este un controler puternic \u0219i versatil care poate fi utilizat cu o mare varietate de alimentatoare cu bol vibratoare. Este dotat cu func\u021bii care \u00eel fac u\u0219or de utilizat \u0219i asigur\u0103 controlul precis al alimentatorului.<\/p>","protected":false},"featured_media":2493,"comment_status":"open","ping_status":"closed","template":"","meta":[],"product_cat":[45],"product_tag":[],"yoast_head":"<!-- This site is optimized with the Yoast SEO plugin v22.2 - https:\/\/yoast.com\/wordpress\/plugins\/seo\/ -->\n<title>Vibratory Bowl Feeder Speed Controller DVC34-XLR - SWOER<\/title>\n<meta name=\"description\" content=\"The DVC34-XLR Speed Controller offers precise control with features like automatic speed stabilization, frequency adjustment, sensor self-adaptation, remote control, and 485 communication for reliable performance.\" \/>\n<meta name=\"robots\" content=\"index, follow, max-snippet:-1, max-image-preview:large, max-video-preview:-1\" \/>\n<link rel=\"canonical\" href=\"https:\/\/swoer.com\/ro\/manufacturer\/vibratory-bowl-feeder-speed-controller-dvc34-xlr\/\" \/>\n<meta property=\"og:locale\" content=\"ro_RO\" \/>\n<meta property=\"og:type\" content=\"article\" \/>\n<meta property=\"og:title\" content=\"Vibratory Bowl Feeder Speed Controller DVC34-XLR - SWOER\" \/>\n<meta property=\"og:description\" content=\"The DVC34-XLR Speed Controller offers precise control with features like automatic speed stabilization, frequency adjustment, sensor self-adaptation, remote control, and 485 communication for reliable performance.\" \/>\n<meta property=\"og:url\" content=\"https:\/\/swoer.com\/ro\/manufacturer\/vibratory-bowl-feeder-speed-controller-dvc34-xlr\/\" \/>\n<meta property=\"og:site_name\" content=\"SWOER\" \/>\n<meta property=\"article:modified_time\" content=\"2024-08-16T06:01:56+00:00\" \/>\n<meta property=\"og:image\" content=\"https:\/\/swoer.com\/wp-content\/uploads\/2024\/07\/Vibratory-Feeder-Controller-SDVC34-XLR.webp\" \/>\n\t<meta property=\"og:image:width\" content=\"1000\" \/>\n\t<meta property=\"og:image:height\" content=\"1000\" \/>\n\t<meta property=\"og:image:type\" content=\"image\/webp\" \/>\n<meta name=\"twitter:card\" content=\"summary_large_image\" \/>\n<meta name=\"twitter:label1\" content=\"Timp estimat pentru citire\" \/>\n\t<meta name=\"twitter:data1\" content=\"3 minute\" \/>\n<script type=\"application\/ld+json\" class=\"yoast-schema-graph\">{\"@context\":\"https:\/\/schema.org\",\"@graph\":[{\"@type\":\"WebPage\",\"@id\":\"https:\/\/swoer.com\/manufacturer\/vibratory-bowl-feeder-speed-controller-dvc34-xlr\/\",\"url\":\"https:\/\/swoer.com\/manufacturer\/vibratory-bowl-feeder-speed-controller-dvc34-xlr\/\",\"name\":\"Vibratory Bowl Feeder Speed Controller DVC34-XLR - SWOER\",\"isPartOf\":{\"@id\":\"https:\/\/swoer.com\/#website\"},\"primaryImageOfPage\":{\"@id\":\"https:\/\/swoer.com\/manufacturer\/vibratory-bowl-feeder-speed-controller-dvc34-xlr\/#primaryimage\"},\"image\":{\"@id\":\"https:\/\/swoer.com\/manufacturer\/vibratory-bowl-feeder-speed-controller-dvc34-xlr\/#primaryimage\"},\"thumbnailUrl\":\"https:\/\/swoer.com\/wp-content\/uploads\/2024\/07\/Vibratory-Feeder-Controller-SDVC34-XLR.webp\",\"datePublished\":\"2024-07-10T02:07:49+00:00\",\"dateModified\":\"2024-08-16T06:01:56+00:00\",\"description\":\"The DVC34-XLR Speed Controller offers precise control with features like automatic speed stabilization, frequency adjustment, sensor self-adaptation, remote control, and 485 communication for reliable performance.\",\"breadcrumb\":{\"@id\":\"https:\/\/swoer.com\/manufacturer\/vibratory-bowl-feeder-speed-controller-dvc34-xlr\/#breadcrumb\"},\"inLanguage\":\"ro-RO\",\"potentialAction\":[{\"@type\":\"ReadAction\",\"target\":[\"https:\/\/swoer.com\/manufacturer\/vibratory-bowl-feeder-speed-controller-dvc34-xlr\/\"]}]},{\"@type\":\"ImageObject\",\"inLanguage\":\"ro-RO\",\"@id\":\"https:\/\/swoer.com\/manufacturer\/vibratory-bowl-feeder-speed-controller-dvc34-xlr\/#primaryimage\",\"url\":\"https:\/\/swoer.com\/wp-content\/uploads\/2024\/07\/Vibratory-Feeder-Controller-SDVC34-XLR.webp\",\"contentUrl\":\"https:\/\/swoer.com\/wp-content\/uploads\/2024\/07\/Vibratory-Feeder-Controller-SDVC34-XLR.webp\",\"width\":1000,\"height\":1000,\"caption\":\"Vibratory Feeder Controller SDVC34-XLR\"},{\"@type\":\"BreadcrumbList\",\"@id\":\"https:\/\/swoer.com\/manufacturer\/vibratory-bowl-feeder-speed-controller-dvc34-xlr\/#breadcrumb\",\"itemListElement\":[{\"@type\":\"ListItem\",\"position\":1,\"name\":\"Home\",\"item\":\"https:\/\/swoer.com\/\"},{\"@type\":\"ListItem\",\"position\":2,\"name\":\"Shop\",\"item\":\"https:\/\/swoer.com\/shop\/\"},{\"@type\":\"ListItem\",\"position\":3,\"name\":\"Vibratory Bowl Feeder Speed Controller DVC34-XLR\"}]},{\"@type\":\"WebSite\",\"@id\":\"https:\/\/swoer.com\/#website\",\"url\":\"https:\/\/swoer.com\/\",\"name\":\"SWOER\",\"description\":\"Swoer is the top 3 vibratory bowl feeder manufacturer in China\",\"potentialAction\":[{\"@type\":\"SearchAction\",\"target\":{\"@type\":\"EntryPoint\",\"urlTemplate\":\"https:\/\/swoer.com\/?s={search_term_string}\"},\"query-input\":\"required name=search_term_string\"}],\"inLanguage\":\"ro-RO\"}]}<\/script>\n<!-- \/ Yoast SEO plugin. -->","yoast_head_json":{"title":"Vibratory Bowl Feeder Speed Controller DVC34-XLR - SWOER","description":"The DVC34-XLR Speed Controller offers precise control with features like automatic speed stabilization, frequency adjustment, sensor self-adaptation, remote control, and 485 communication for reliable performance.","robots":{"index":"index","follow":"follow","max-snippet":"max-snippet:-1","max-image-preview":"max-image-preview:large","max-video-preview":"max-video-preview:-1"},"canonical":"https:\/\/swoer.com\/ro\/manufacturer\/vibratory-bowl-feeder-speed-controller-dvc34-xlr\/","og_locale":"ro_RO","og_type":"article","og_title":"Vibratory Bowl Feeder Speed Controller DVC34-XLR - SWOER","og_description":"The DVC34-XLR Speed Controller offers precise control with features like automatic speed stabilization, frequency adjustment, sensor self-adaptation, remote control, and 485 communication for reliable performance.","og_url":"https:\/\/swoer.com\/ro\/manufacturer\/vibratory-bowl-feeder-speed-controller-dvc34-xlr\/","og_site_name":"SWOER","article_modified_time":"2024-08-16T06:01:56+00:00","og_image":[{"width":1000,"height":1000,"url":"https:\/\/swoer.com\/wp-content\/uploads\/2024\/07\/Vibratory-Feeder-Controller-SDVC34-XLR.webp","type":"image\/webp"}],"twitter_card":"summary_large_image","twitter_misc":{"Timp estimat pentru citire":"3 minute"},"schema":{"@context":"https:\/\/schema.org","@graph":[{"@type":"WebPage","@id":"https:\/\/swoer.com\/manufacturer\/vibratory-bowl-feeder-speed-controller-dvc34-xlr\/","url":"https:\/\/swoer.com\/manufacturer\/vibratory-bowl-feeder-speed-controller-dvc34-xlr\/","name":"Vibratory Bowl Feeder Speed Controller DVC34-XLR - SWOER","isPartOf":{"@id":"https:\/\/swoer.com\/#website"},"primaryImageOfPage":{"@id":"https:\/\/swoer.com\/manufacturer\/vibratory-bowl-feeder-speed-controller-dvc34-xlr\/#primaryimage"},"image":{"@id":"https:\/\/swoer.com\/manufacturer\/vibratory-bowl-feeder-speed-controller-dvc34-xlr\/#primaryimage"},"thumbnailUrl":"https:\/\/swoer.com\/wp-content\/uploads\/2024\/07\/Vibratory-Feeder-Controller-SDVC34-XLR.webp","datePublished":"2024-07-10T02:07:49+00:00","dateModified":"2024-08-16T06:01:56+00:00","description":"The DVC34-XLR Speed Controller offers precise control with features like automatic speed stabilization, frequency adjustment, sensor self-adaptation, remote control, and 485 communication for reliable performance.","breadcrumb":{"@id":"https:\/\/swoer.com\/manufacturer\/vibratory-bowl-feeder-speed-controller-dvc34-xlr\/#breadcrumb"},"inLanguage":"ro-RO","potentialAction":[{"@type":"ReadAction","target":["https:\/\/swoer.com\/manufacturer\/vibratory-bowl-feeder-speed-controller-dvc34-xlr\/"]}]},{"@type":"ImageObject","inLanguage":"ro-RO","@id":"https:\/\/swoer.com\/manufacturer\/vibratory-bowl-feeder-speed-controller-dvc34-xlr\/#primaryimage","url":"https:\/\/swoer.com\/wp-content\/uploads\/2024\/07\/Vibratory-Feeder-Controller-SDVC34-XLR.webp","contentUrl":"https:\/\/swoer.com\/wp-content\/uploads\/2024\/07\/Vibratory-Feeder-Controller-SDVC34-XLR.webp","width":1000,"height":1000,"caption":"Vibratory Feeder Controller SDVC34-XLR"},{"@type":"BreadcrumbList","@id":"https:\/\/swoer.com\/manufacturer\/vibratory-bowl-feeder-speed-controller-dvc34-xlr\/#breadcrumb","itemListElement":[{"@type":"ListItem","position":1,"name":"Home","item":"https:\/\/swoer.com\/"},{"@type":"ListItem","position":2,"name":"Shop","item":"https:\/\/swoer.com\/shop\/"},{"@type":"ListItem","position":3,"name":"Vibratory Bowl Feeder Speed Controller DVC34-XLR"}]},{"@type":"WebSite","@id":"https:\/\/swoer.com\/#website","url":"https:\/\/swoer.com\/","name":"SWOER","description":"Swoer is the top 3 vibratory bowl feeder manufacturer in China","potentialAction":[{"@type":"SearchAction","target":{"@type":"EntryPoint","urlTemplate":"https:\/\/swoer.com\/?s={search_term_string}"},"query-input":"required name=search_term_string"}],"inLanguage":"ro-RO"}]}},"_links":{"self":[{"href":"https:\/\/swoer.com\/ro\/wp-json\/wp\/v2\/product\/2326"}],"collection":[{"href":"https:\/\/swoer.com\/ro\/wp-json\/wp\/v2\/product"}],"about":[{"href":"https:\/\/swoer.com\/ro\/wp-json\/wp\/v2\/types\/product"}],"replies":[{"embeddable":true,"href":"https:\/\/swoer.com\/ro\/wp-json\/wp\/v2\/comments?post=2326"}],"wp:featuredmedia":[{"embeddable":true,"href":"https:\/\/swoer.com\/ro\/wp-json\/wp\/v2\/media\/2493"}],"wp:attachment":[{"href":"https:\/\/swoer.com\/ro\/wp-json\/wp\/v2\/media?parent=2326"}],"wp:term":[{"taxonomy":"product_cat","embeddable":true,"href":"https:\/\/swoer.com\/ro\/wp-json\/wp\/v2\/product_cat?post=2326"},{"taxonomy":"product_tag","embeddable":true,"href":"https:\/\/swoer.com\/ro\/wp-json\/wp\/v2\/product_tag?post=2326"}],"curies":[{"name":"wp","href":"https:\/\/api.w.org\/{rel}","templated":true}]}}