{"id":2278,"date":"2024-07-05T03:34:25","date_gmt":"2024-07-05T03:34:25","guid":{"rendered":"https:\/\/swoer.com\/?post_type=product&#038;p=2278"},"modified":"2024-08-16T14:15:24","modified_gmt":"2024-08-16T06:15:24","slug":"automated-feeder-controller-sdvc31-xl-6a","status":"publish","type":"product","link":"https:\/\/swoer.com\/ro\/manufacturer\/automated-feeder-controller-sdvc31-xl-6a\/","title":{"rendered":"Controler automat de alimentare SDVC31-XL 6A"},"content":{"rendered":"<h2><strong><b>Caracteristici<\/b><\/strong><\/h2>\n<ul>\n<li>Stabilizare automat\u0103 a tensiunii de \u00eenalt\u0103 precizie<\/li>\n<li>Pornire lent\u0103 reglabil\u0103<\/li>\n<li>Comuta\u021bi senzorul de oprire plin\/gol<\/li>\n<li>Oprire senzor fotoelectric plin\/gol<\/li>\n<li>Controlul vitezei de la distan\u021b\u0103<\/li>\n<li>Ie\u0219ire de control DC<\/li>\n<\/ul>\n<h2><strong><b>Functie de baz\u0103<\/b><\/strong><\/h2>\n<ol>\n<li><strong>Ajustarea frecventei:<\/strong> Utilizatorii ajusteaz\u0103 frecven\u021ba de ie\u0219ire a controlerului pentru un efect de hr\u0103nire mai lin, mai silen\u021bios \u0219i de economisire a energiei.<\/li>\n<li><strong>Stabilizare automat\u0103 a tensiunii de \u00eenalt\u0103 precizie:<\/strong> Prin utilizarea unui circuit digital \u00eencorporat, sistemul stabilizeaz\u0103 tensiunea, elimin\u00e2nd astfel modific\u0103rile vitezei de alimentare care apar din cauza fluctua\u021biilor sursei de alimentare.<\/li>\n<li><strong>Pornire lent\u0103 reglabil\u0103:<\/strong> Tensiunea de ie\u0219ire cre\u0219te treptat de la zero la nivelul prestabilit pentru a minimiza impactul asupra pl\u0103cii de vibra\u021bii. Utilizatorii pot preseta digital ora de pornire lent\u0103.<\/li>\n<li><strong>Comutator senzor plin\/gol oprire:<\/strong> Suport\u0103 senzor de tip NPN sau control la distan\u021b\u0103 de oprire complet\/gol PLC.<\/li>\n<li><strong>Senzor fotoelectric Oprire plin\u0103\/gol:<\/strong> Sprijin\u0103 controlul opririi plin\/gol cu senzor fotoelectric al contorului.<\/li>\n<li><strong>Controlul vitezei de la distan\u021b\u0103:<\/strong> Utilizatorii pot controla tensiunea de ie\u0219ire de la distan\u021b\u0103 folosind un poten\u021biometru extern, un PLC sau un semnal de tensiune de 1-5V.<\/li>\n<li><strong>Ie\u0219ire de control DC:<\/strong> Controlerul emite un semnal de control CC de joas\u0103 tensiune pentru a ac\u021biona dispozitive precum supapele solenoide.<\/li>\n<li><strong>Blocarea tastaturii:<\/strong> Ap\u0103sa\u021bi lung tasta pornit\/oprit pentru a bloca toate tastele \u0219i pentru a preveni operarea gre\u0219it\u0103.<\/li>\n<li><strong>Setarea tensiunii maxime de ie\u0219ire:<\/strong> Utilizatorii seteaz\u0103 tensiunea maxim\u0103 reglabil\u0103 pentru a preveni deteriorarea cauzat\u0103 de supratensiune.<\/li>\n<li><strong>Protec\u021bie la supra\u00eenc\u0103lzire:<\/strong> Pentru a se proteja, controlerul opre\u0219te ie\u0219irea ori de c\u00e2te ori temperatura de lucru devine prea mare.<\/li>\n<li><strong>Protec\u021bie la supracurent:<\/strong> Pentru a proteja controlerul \u0219i echipamentul de vibra\u021bii, sistemul opre\u0219te ie\u0219irea ori de c\u00e2te ori curentul de lucru dep\u0103\u0219e\u0219te curentul nominal.<\/li>\n<li><strong>Protec\u021bie la scurtcircuit recuperabil\u0103:<\/strong> Sistemul opre\u0219te ie\u0219irea \u00een timpul unui scurtcircuit pentru a proteja at\u00e2t controlerul, c\u00e2t \u0219i echipamentul. Dup\u0103 eliminarea scurtcircuitului, sistemul poate fi reactivat pentru a func\u021biona normal.<\/li>\n<\/ol>\n\t<div id=\"gap-1375894898\" class=\"gap-element clearfix\" style=\"display:block; height:auto;\">\n\t\t\n<style>\n#gap-1375894898 {\n  padding-top: 30px;\n}\n<\/style>\n\t<\/div>\n\t\n<h2><strong>Specifica\u021bie tehnic\u0103<\/strong><\/h2>\n<table width=\"767\">\n<tbody>\n<tr>\n<td rowspan=\"2\" width=\"225\">Articol<\/td>\n<td colspan=\"3\" width=\"216\">Gam\u0103<\/td>\n<td rowspan=\"2\" width=\"72\">Unitate<\/td>\n<td rowspan=\"2\" width=\"254\">Descriere<\/td>\n<\/tr>\n<tr>\n<td>Minim<\/td>\n<td>Tipic<\/td>\n<td>Maxim<\/td>\n<\/tr>\n<tr>\n<td>Tensiune de intrare<\/td>\n<td>85<\/td>\n<td>220<\/td>\n<td>260<\/td>\n<td>V<\/td>\n<td>Valoarea efectiv\u0103 AC<\/td>\n<\/tr>\n<tr>\n<td>Gama de reglare a tensiunii de ie\u0219ire<\/td>\n<td>0<\/td>\n<td><\/td>\n<td>260<\/td>\n<td>V<\/td>\n<td>Mai pu\u021bin de 150% de tensiune de intrare<\/td>\n<\/tr>\n<tr>\n<td>Precizia de reglare a tensiunii<\/td>\n<td colspan=\"3\">1<\/td>\n<td>V<\/td>\n<td><\/td>\n<\/tr>\n<tr>\n<td>Precizia reglarii tensiunii<\/td>\n<td>0<\/td>\n<td><\/td>\n<td>10<\/td>\n<td><\/td>\n<td>Vout\/Vin<\/td>\n<\/tr>\n<tr>\n<td>Timp de r\u0103spuns la reglarea tensiunii<\/td>\n<td>0.0025<\/td>\n<td><\/td>\n<td>0.025<\/td>\n<td>s<\/td>\n<td>O zecime din ciclul tensiunii de ie\u0219ire<\/td>\n<\/tr>\n<tr>\n<td rowspan=\"2\">Interval de reglare a curentului de ie\u0219ire<\/td>\n<td rowspan=\"2\">0<\/td>\n<td rowspan=\"2\"><\/td>\n<td rowspan=\"2\">10<\/td>\n<td rowspan=\"2\">A<\/td>\n<td rowspan=\"2\">SDVC31-U-Putere foarte mare<\/td>\n<\/tr>\n<tr>\n<td rowspan=\"2\"><\/td>\n<td rowspan=\"2\"><\/td>\n<td rowspan=\"2\"><\/td>\n<td rowspan=\"2\"><\/td>\n<td rowspan=\"2\"><\/td>\n<td rowspan=\"2\"><\/td>\n<\/tr>\n<tr>\n<td>Frecven\u021ba de ie\u0219ire<\/td>\n<td>40<\/td>\n<td><\/td>\n<td>400<\/td>\n<td>Hz<\/td>\n<td><\/td>\n<\/tr>\n<tr>\n<td>Precizia de reglare a frecven\u021bei<\/td>\n<td colspan=\"3\">0.1<\/td>\n<td>Hz<\/td>\n<td><\/td>\n<\/tr>\n<tr>\n<td>Forma de und\u0103 de ie\u0219ire<\/td>\n<td colspan=\"3\">sinus<\/td>\n<td><\/td>\n<td><\/td>\n<\/tr>\n<tr>\n<td>Ora de pornire lent<\/td>\n<td>0<\/td>\n<td><\/td>\n<td>10<\/td>\n<td>s<\/td>\n<td>Implicit din fabric\u0103 0,5<\/td>\n<\/tr>\n<tr>\n<td>Interval de timp de \u00eent\u00e2rziere<\/td>\n<td>0<\/td>\n<td><\/td>\n<td>20<\/td>\n<td>s<\/td>\n<td>Implicit din fabric\u0103 0.2<\/td>\n<\/tr>\n<tr>\n<td>Precizia timpului de \u00eent\u00e2rziere<\/td>\n<td colspan=\"3\">0.1<\/td>\n<td>s<\/td>\n<td><\/td>\n<\/tr>\n<tr>\n<td>Temperatura de protec\u021bie \u00eempotriva supra\u00eenc\u0103lzirii<\/td>\n<td>60<\/td>\n<td>65<\/td>\n<td>65<\/td>\n<td>\u2103<\/td>\n<td><\/td>\n<\/tr>\n<tr>\n<td>Tensiunea de ie\u0219ire de control DC<\/td>\n<td>22<\/td>\n<td>24<\/td>\n<td>26<\/td>\n<td>V<\/td>\n<td><\/td>\n<\/tr>\n<tr>\n<td>Curent de ie\u0219ire de control CC<\/td>\n<td>0<\/td>\n<td><\/td>\n<td>200<\/td>\n<td>mA<\/td>\n<td><\/td>\n<\/tr>\n<tr>\n<td>Model de control analogic<\/td>\n<td colspan=\"3\">1\u67085\u65e5<\/td>\n<td>V<\/td>\n<td>Tensiunea de control al vitezei de la distan\u021b\u0103<\/td>\n<\/tr>\n<tr>\n<td>Semnal de control digital<\/td>\n<td colspan=\"3\">24<\/td>\n<td>V<\/td>\n<td>Comutator de control al semnalului<\/td>\n<\/tr>\n<tr>\n<td>Metoda de ajustare<\/td>\n<td colspan=\"3\">6<\/td>\n<td>cheie<\/td>\n<td><\/td>\n<\/tr>\n<tr>\n<td>Consumul de energie f\u0103r\u0103 sarcin\u0103<\/td>\n<td><\/td>\n<td>3<\/td>\n<td><\/td>\n<td>W<\/td>\n<td><\/td>\n<\/tr>\n<tr>\n<td>Modul de afi\u0219are<\/td>\n<td colspan=\"3\">5<\/td>\n<td>cifr\u0103<\/td>\n<td>Tub digital LED<\/td>\n<\/tr>\n<tr>\n<td>Temperatura mediului salarial<\/td>\n<td>0<\/td>\n<td>25<\/td>\n<td>40<\/td>\n<td>\u2103<\/td>\n<td rowspan=\"2\">Fara condens<\/td>\n<\/tr>\n<tr>\n<td>Umiditatea mediului salarial<\/td>\n<td>10<\/td>\n<td>60<\/td>\n<td>85<\/td>\n<td>%<\/td>\n<\/tr>\n<\/tbody>\n<\/table>\n\t<div id=\"gap-1080177009\" class=\"gap-element clearfix\" style=\"display:block; height:auto;\">\n\t\t\n<style>\n#gap-1080177009 {\n  padding-top: 30px;\n}\n<\/style>\n\t<\/div>\n\t\n<h2><strong><b>Dimensiuni si Greutate<\/b><\/strong><\/h2>\n<ul>\n<li>Dimensiuni: L190mm x L242mm x H94.5mm<\/li>\n<li>Greutate: 2670g (fara accesorii)<\/li>\n<\/ul>\n\t<div class=\"img has-hover x md-x lg-x y md-y lg-y\" id=\"image_622063345\">\n\t\t\t\t\t\t\t\t<div class=\"img-inner dark\" >\n\t\t\t<img loading=\"lazy\" decoding=\"async\" width=\"775\" height=\"574\" src=\"https:\/\/swoer.com\/wp-content\/uploads\/2024\/07\/dimension-drawing-2.webp\" class=\"attachment-original size-original\" alt=\"desen cu cote\" srcset=\"https:\/\/swoer.com\/wp-content\/uploads\/2024\/07\/dimension-drawing-2.webp 775w, https:\/\/swoer.com\/wp-content\/uploads\/2024\/07\/dimension-drawing-2-300x222.webp 300w, https:\/\/swoer.com\/wp-content\/uploads\/2024\/07\/dimension-drawing-2-768x569.webp 768w, https:\/\/swoer.com\/wp-content\/uploads\/2024\/07\/dimension-drawing-2-16x12.webp 16w, https:\/\/swoer.com\/wp-content\/uploads\/2024\/07\/dimension-drawing-2-600x444.webp 600w\" sizes=\"(max-width: 775px) 100vw, 775px\" \/>\t\t\t\t\t\t\n\t\t\t\t\t<\/div>\n\t\t\t\t\t\t\t\t\n<style>\n#image_622063345 {\n  width: 62%;\n}\n<\/style>\n\t<\/div>","protected":false},"excerpt":{"rendered":"<p>Controlerul automat de alimentare SDVC31-XL 6A ofer\u0103 stabilizare automat\u0103 a tensiunii de \u00eenalt\u0103 precizie, pornire lent\u0103 reglabil\u0103 \u0219i op\u021biuni de control versatile, inclusiv un senzor de comutare \u0219i un senzor fotoelectric de oprire complet\/gol. Perfect pentru \u00eembun\u0103t\u0103\u021birea performan\u021bei \u0219i eficien\u021bei sistemului de alimentare.<\/p>","protected":false},"featured_media":2505,"comment_status":"open","ping_status":"closed","template":"","meta":[],"product_cat":[45],"product_tag":[],"yoast_head":"<!-- This site is optimized with the Yoast SEO plugin v22.2 - https:\/\/yoast.com\/wordpress\/plugins\/seo\/ -->\n<title>Automated Feeder Controller SDVC31-XL 6A - SWOER<\/title>\n<meta name=\"description\" content=\"The Automated Feeder Controller SDVC31-XL 6A has high precision voltage stabilization, adjustable slow start, and remote speed control. It is ideal for efficient and reliable feeding operations.\" \/>\n<meta name=\"robots\" content=\"index, follow, max-snippet:-1, max-image-preview:large, max-video-preview:-1\" \/>\n<link rel=\"canonical\" href=\"https:\/\/swoer.com\/ro\/manufacturer\/automated-feeder-controller-sdvc31-xl-6a\/\" \/>\n<meta property=\"og:locale\" content=\"ro_RO\" \/>\n<meta property=\"og:type\" content=\"article\" \/>\n<meta property=\"og:title\" content=\"Automated Feeder Controller SDVC31-XL 6A - SWOER\" \/>\n<meta property=\"og:description\" content=\"The Automated Feeder Controller SDVC31-XL 6A has high precision voltage stabilization, adjustable slow start, and remote speed control. It is ideal for efficient and reliable feeding operations.\" \/>\n<meta property=\"og:url\" content=\"https:\/\/swoer.com\/ro\/manufacturer\/automated-feeder-controller-sdvc31-xl-6a\/\" \/>\n<meta property=\"og:site_name\" content=\"SWOER\" \/>\n<meta property=\"article:modified_time\" content=\"2024-08-16T06:15:24+00:00\" \/>\n<meta property=\"og:image\" content=\"https:\/\/swoer.com\/wp-content\/uploads\/2024\/07\/Automated-Feeder-Controller-SDVC31-XL-6A-1.webp\" \/>\n\t<meta property=\"og:image:width\" content=\"1000\" \/>\n\t<meta property=\"og:image:height\" content=\"1000\" \/>\n\t<meta property=\"og:image:type\" content=\"image\/webp\" \/>\n<meta name=\"twitter:card\" content=\"summary_large_image\" \/>\n<meta name=\"twitter:label1\" content=\"Timp estimat pentru citire\" \/>\n\t<meta name=\"twitter:data1\" content=\"3 minute\" \/>\n<script type=\"application\/ld+json\" class=\"yoast-schema-graph\">{\"@context\":\"https:\/\/schema.org\",\"@graph\":[{\"@type\":\"WebPage\",\"@id\":\"https:\/\/swoer.com\/manufacturer\/automated-feeder-controller-sdvc31-xl-6a\/\",\"url\":\"https:\/\/swoer.com\/manufacturer\/automated-feeder-controller-sdvc31-xl-6a\/\",\"name\":\"Automated Feeder Controller SDVC31-XL 6A - SWOER\",\"isPartOf\":{\"@id\":\"https:\/\/swoer.com\/#website\"},\"primaryImageOfPage\":{\"@id\":\"https:\/\/swoer.com\/manufacturer\/automated-feeder-controller-sdvc31-xl-6a\/#primaryimage\"},\"image\":{\"@id\":\"https:\/\/swoer.com\/manufacturer\/automated-feeder-controller-sdvc31-xl-6a\/#primaryimage\"},\"thumbnailUrl\":\"https:\/\/swoer.com\/wp-content\/uploads\/2024\/07\/Automated-Feeder-Controller-SDVC31-XL-6A-1.webp\",\"datePublished\":\"2024-07-05T03:34:25+00:00\",\"dateModified\":\"2024-08-16T06:15:24+00:00\",\"description\":\"The Automated Feeder Controller SDVC31-XL 6A has high precision voltage stabilization, adjustable slow start, and remote speed control. It is ideal for efficient and reliable feeding operations.\",\"breadcrumb\":{\"@id\":\"https:\/\/swoer.com\/manufacturer\/automated-feeder-controller-sdvc31-xl-6a\/#breadcrumb\"},\"inLanguage\":\"ro-RO\",\"potentialAction\":[{\"@type\":\"ReadAction\",\"target\":[\"https:\/\/swoer.com\/manufacturer\/automated-feeder-controller-sdvc31-xl-6a\/\"]}]},{\"@type\":\"ImageObject\",\"inLanguage\":\"ro-RO\",\"@id\":\"https:\/\/swoer.com\/manufacturer\/automated-feeder-controller-sdvc31-xl-6a\/#primaryimage\",\"url\":\"https:\/\/swoer.com\/wp-content\/uploads\/2024\/07\/Automated-Feeder-Controller-SDVC31-XL-6A-1.webp\",\"contentUrl\":\"https:\/\/swoer.com\/wp-content\/uploads\/2024\/07\/Automated-Feeder-Controller-SDVC31-XL-6A-1.webp\",\"width\":1000,\"height\":1000,\"caption\":\"Automated Feeder Controller SDVC31-XL 6A\"},{\"@type\":\"BreadcrumbList\",\"@id\":\"https:\/\/swoer.com\/manufacturer\/automated-feeder-controller-sdvc31-xl-6a\/#breadcrumb\",\"itemListElement\":[{\"@type\":\"ListItem\",\"position\":1,\"name\":\"Home\",\"item\":\"https:\/\/swoer.com\/\"},{\"@type\":\"ListItem\",\"position\":2,\"name\":\"Shop\",\"item\":\"https:\/\/swoer.com\/shop\/\"},{\"@type\":\"ListItem\",\"position\":3,\"name\":\"Automated Feeder Controller SDVC31-XL 6A\"}]},{\"@type\":\"WebSite\",\"@id\":\"https:\/\/swoer.com\/#website\",\"url\":\"https:\/\/swoer.com\/\",\"name\":\"SWOER\",\"description\":\"Swoer is the top 3 vibratory bowl feeder manufacturer in China\",\"potentialAction\":[{\"@type\":\"SearchAction\",\"target\":{\"@type\":\"EntryPoint\",\"urlTemplate\":\"https:\/\/swoer.com\/?s={search_term_string}\"},\"query-input\":\"required name=search_term_string\"}],\"inLanguage\":\"ro-RO\"}]}<\/script>\n<!-- \/ Yoast SEO plugin. -->","yoast_head_json":{"title":"Automated Feeder Controller SDVC31-XL 6A - SWOER","description":"The Automated Feeder Controller SDVC31-XL 6A has high precision voltage stabilization, adjustable slow start, and remote speed control. It is ideal for efficient and reliable feeding operations.","robots":{"index":"index","follow":"follow","max-snippet":"max-snippet:-1","max-image-preview":"max-image-preview:large","max-video-preview":"max-video-preview:-1"},"canonical":"https:\/\/swoer.com\/ro\/manufacturer\/automated-feeder-controller-sdvc31-xl-6a\/","og_locale":"ro_RO","og_type":"article","og_title":"Automated Feeder Controller SDVC31-XL 6A - SWOER","og_description":"The Automated Feeder Controller SDVC31-XL 6A has high precision voltage stabilization, adjustable slow start, and remote speed control. It is ideal for efficient and reliable feeding operations.","og_url":"https:\/\/swoer.com\/ro\/manufacturer\/automated-feeder-controller-sdvc31-xl-6a\/","og_site_name":"SWOER","article_modified_time":"2024-08-16T06:15:24+00:00","og_image":[{"width":1000,"height":1000,"url":"https:\/\/swoer.com\/wp-content\/uploads\/2024\/07\/Automated-Feeder-Controller-SDVC31-XL-6A-1.webp","type":"image\/webp"}],"twitter_card":"summary_large_image","twitter_misc":{"Timp estimat pentru citire":"3 minute"},"schema":{"@context":"https:\/\/schema.org","@graph":[{"@type":"WebPage","@id":"https:\/\/swoer.com\/manufacturer\/automated-feeder-controller-sdvc31-xl-6a\/","url":"https:\/\/swoer.com\/manufacturer\/automated-feeder-controller-sdvc31-xl-6a\/","name":"Automated Feeder Controller SDVC31-XL 6A - SWOER","isPartOf":{"@id":"https:\/\/swoer.com\/#website"},"primaryImageOfPage":{"@id":"https:\/\/swoer.com\/manufacturer\/automated-feeder-controller-sdvc31-xl-6a\/#primaryimage"},"image":{"@id":"https:\/\/swoer.com\/manufacturer\/automated-feeder-controller-sdvc31-xl-6a\/#primaryimage"},"thumbnailUrl":"https:\/\/swoer.com\/wp-content\/uploads\/2024\/07\/Automated-Feeder-Controller-SDVC31-XL-6A-1.webp","datePublished":"2024-07-05T03:34:25+00:00","dateModified":"2024-08-16T06:15:24+00:00","description":"The Automated Feeder Controller SDVC31-XL 6A has high precision voltage stabilization, adjustable slow start, and remote speed control. It is ideal for efficient and reliable feeding operations.","breadcrumb":{"@id":"https:\/\/swoer.com\/manufacturer\/automated-feeder-controller-sdvc31-xl-6a\/#breadcrumb"},"inLanguage":"ro-RO","potentialAction":[{"@type":"ReadAction","target":["https:\/\/swoer.com\/manufacturer\/automated-feeder-controller-sdvc31-xl-6a\/"]}]},{"@type":"ImageObject","inLanguage":"ro-RO","@id":"https:\/\/swoer.com\/manufacturer\/automated-feeder-controller-sdvc31-xl-6a\/#primaryimage","url":"https:\/\/swoer.com\/wp-content\/uploads\/2024\/07\/Automated-Feeder-Controller-SDVC31-XL-6A-1.webp","contentUrl":"https:\/\/swoer.com\/wp-content\/uploads\/2024\/07\/Automated-Feeder-Controller-SDVC31-XL-6A-1.webp","width":1000,"height":1000,"caption":"Automated Feeder Controller SDVC31-XL 6A"},{"@type":"BreadcrumbList","@id":"https:\/\/swoer.com\/manufacturer\/automated-feeder-controller-sdvc31-xl-6a\/#breadcrumb","itemListElement":[{"@type":"ListItem","position":1,"name":"Home","item":"https:\/\/swoer.com\/"},{"@type":"ListItem","position":2,"name":"Shop","item":"https:\/\/swoer.com\/shop\/"},{"@type":"ListItem","position":3,"name":"Automated Feeder Controller SDVC31-XL 6A"}]},{"@type":"WebSite","@id":"https:\/\/swoer.com\/#website","url":"https:\/\/swoer.com\/","name":"SWOER","description":"Swoer is the top 3 vibratory bowl feeder manufacturer in China","potentialAction":[{"@type":"SearchAction","target":{"@type":"EntryPoint","urlTemplate":"https:\/\/swoer.com\/?s={search_term_string}"},"query-input":"required name=search_term_string"}],"inLanguage":"ro-RO"}]}},"_links":{"self":[{"href":"https:\/\/swoer.com\/ro\/wp-json\/wp\/v2\/product\/2278"}],"collection":[{"href":"https:\/\/swoer.com\/ro\/wp-json\/wp\/v2\/product"}],"about":[{"href":"https:\/\/swoer.com\/ro\/wp-json\/wp\/v2\/types\/product"}],"replies":[{"embeddable":true,"href":"https:\/\/swoer.com\/ro\/wp-json\/wp\/v2\/comments?post=2278"}],"wp:featuredmedia":[{"embeddable":true,"href":"https:\/\/swoer.com\/ro\/wp-json\/wp\/v2\/media\/2505"}],"wp:attachment":[{"href":"https:\/\/swoer.com\/ro\/wp-json\/wp\/v2\/media?parent=2278"}],"wp:term":[{"taxonomy":"product_cat","embeddable":true,"href":"https:\/\/swoer.com\/ro\/wp-json\/wp\/v2\/product_cat?post=2278"},{"taxonomy":"product_tag","embeddable":true,"href":"https:\/\/swoer.com\/ro\/wp-json\/wp\/v2\/product_tag?post=2278"}],"curies":[{"name":"wp","href":"https:\/\/api.w.org\/{rel}","templated":true}]}}