{"id":2272,"date":"2024-07-04T01:57:14","date_gmt":"2024-07-04T01:57:14","guid":{"rendered":"https:\/\/swoer.com\/?post_type=product&#038;p=2272"},"modified":"2024-08-16T14:17:52","modified_gmt":"2024-08-16T06:17:52","slug":"bowl-feeder-controller-sdvc31-u-10a","status":"publish","type":"product","link":"https:\/\/swoer.com\/ro\/manufacturer\/bowl-feeder-controller-sdvc31-u-10a\/","title":{"rendered":"Controler alimentator bol SDVC31-U 10A"},"content":{"rendered":"<h2><strong><b>Caracteristici<\/b><\/strong><\/h2>\n<ul>\n<li>Stabilizare automat\u0103 a tensiunii de frecven\u021b\u0103 \u0219i de \u00eenalt\u0103 precizie<\/li>\n<li>Pornire lent\u0103 reglabil\u0103<\/li>\n<li>Comuta\u021bi senzorul de oprire plin\/gol<\/li>\n<li>Oprire senzor fotoelectric plin\/gol<\/li>\n<li>Controlul vitezei de la distan\u021b\u0103<\/li>\n<li>Ie\u0219ire de control DC<\/li>\n<li>Blocarea tastaturii<\/li>\n<\/ul>\n\t<div id=\"gap-1888225062\" class=\"gap-element clearfix\" style=\"display:block; height:auto;\">\n\t\t\n<style>\n#gap-1888225062 {\n  padding-top: 30px;\n}\n<\/style>\n\t<\/div>\n\t\n<p>Specifica\u021bie tehnic\u0103<\/p>\n<table width=\"767\">\n<tbody>\n<tr>\n<td rowspan=\"2\" width=\"225\">Articol<\/td>\n<td colspan=\"3\" width=\"216\">Gam\u0103<\/td>\n<td rowspan=\"2\" width=\"72\">Unitate<\/td>\n<td rowspan=\"2\" width=\"254\">Descriere<\/td>\n<\/tr>\n<tr>\n<td>Minim<\/td>\n<td>Tipic<\/td>\n<td>Maxim<\/td>\n<\/tr>\n<tr>\n<td>Tensiune de intrare<\/td>\n<td>85<\/td>\n<td>220<\/td>\n<td>260<\/td>\n<td>V<\/td>\n<td>Valoarea efectiv\u0103 AC<\/td>\n<\/tr>\n<tr>\n<td>Gama de reglare a tensiunii de ie\u0219ire<\/td>\n<td>0<\/td>\n<td><\/td>\n<td>260<\/td>\n<td>V<\/td>\n<td>Mai pu\u021bin de 150% de tensiune de intrare<\/td>\n<\/tr>\n<tr>\n<td>Precizia de reglare a tensiunii<\/td>\n<td colspan=\"3\">1<\/td>\n<td>V<\/td>\n<td><\/td>\n<\/tr>\n<tr>\n<td>Precizia reglarii tensiunii<\/td>\n<td>0<\/td>\n<td><\/td>\n<td>10<\/td>\n<td><\/td>\n<td>Vout\/Vin<\/td>\n<\/tr>\n<tr>\n<td>Timp de r\u0103spuns la reglarea tensiunii<\/td>\n<td>0.0025<\/td>\n<td><\/td>\n<td>0.025<\/td>\n<td>s<\/td>\n<td>O zecime din ciclul tensiunii de ie\u0219ire<\/td>\n<\/tr>\n<tr>\n<td rowspan=\"2\">Interval de reglare a curentului de ie\u0219ire<\/td>\n<td rowspan=\"2\">0<\/td>\n<td rowspan=\"2\"><\/td>\n<td rowspan=\"2\">10<\/td>\n<td rowspan=\"2\">A<\/td>\n<td rowspan=\"2\">SDVC31-U-Putere foarte mare<\/td>\n<\/tr>\n<tr>\n<td rowspan=\"2\"><\/td>\n<td rowspan=\"2\"><\/td>\n<td rowspan=\"2\"><\/td>\n<td rowspan=\"2\"><\/td>\n<td rowspan=\"2\"><\/td>\n<td rowspan=\"2\"><\/td>\n<\/tr>\n<tr>\n<td>Frecven\u021ba de ie\u0219ire<\/td>\n<td>40<\/td>\n<td><\/td>\n<td>400<\/td>\n<td>Hz<\/td>\n<td><\/td>\n<\/tr>\n<tr>\n<td>Precizia de reglare a frecven\u021bei<\/td>\n<td colspan=\"3\">0.1<\/td>\n<td>Hz<\/td>\n<td><\/td>\n<\/tr>\n<tr>\n<td>Forma de und\u0103 de ie\u0219ire<\/td>\n<td colspan=\"3\">sinus<\/td>\n<td><\/td>\n<td><\/td>\n<\/tr>\n<tr>\n<td>Ora de pornire lent<\/td>\n<td>0<\/td>\n<td><\/td>\n<td>10<\/td>\n<td>s<\/td>\n<td>Implicit din fabric\u0103 0,5<\/td>\n<\/tr>\n<tr>\n<td>Interval de timp de \u00eent\u00e2rziere<\/td>\n<td>0<\/td>\n<td><\/td>\n<td>20<\/td>\n<td>s<\/td>\n<td>Implicit din fabric\u0103 0.2<\/td>\n<\/tr>\n<tr>\n<td>Precizia timpului de \u00eent\u00e2rziere<\/td>\n<td colspan=\"3\">0.1<\/td>\n<td>s<\/td>\n<td><\/td>\n<\/tr>\n<tr>\n<td>Temperatura de protec\u021bie \u00eempotriva supra\u00eenc\u0103lzirii<\/td>\n<td>60<\/td>\n<td>65<\/td>\n<td>65<\/td>\n<td>\u2103<\/td>\n<td><\/td>\n<\/tr>\n<tr>\n<td>Tensiunea de ie\u0219ire de control DC<\/td>\n<td>22<\/td>\n<td>24<\/td>\n<td>26<\/td>\n<td>V<\/td>\n<td><\/td>\n<\/tr>\n<tr>\n<td>Curent de ie\u0219ire de control CC<\/td>\n<td>0<\/td>\n<td><\/td>\n<td>200<\/td>\n<td>mA<\/td>\n<td><\/td>\n<\/tr>\n<tr>\n<td>Model de control analogic<\/td>\n<td colspan=\"3\">1-5<\/td>\n<td>V<\/td>\n<td>Tensiunea de control al vitezei de la distan\u021b\u0103<\/td>\n<\/tr>\n<tr>\n<td>Semnal de control digital<\/td>\n<td colspan=\"3\">24<\/td>\n<td>V<\/td>\n<td>Comutator de control al semnalului<\/td>\n<\/tr>\n<tr>\n<td>Metoda de ajustare<\/td>\n<td colspan=\"3\">6<\/td>\n<td>cheie<\/td>\n<td><\/td>\n<\/tr>\n<tr>\n<td>Consumul de energie f\u0103r\u0103 sarcin\u0103<\/td>\n<td><\/td>\n<td>3<\/td>\n<td><\/td>\n<td>W<\/td>\n<td><\/td>\n<\/tr>\n<tr>\n<td>Modul de afi\u0219are<\/td>\n<td colspan=\"3\">5<\/td>\n<td>cifr\u0103<\/td>\n<td>Tub digital LED<\/td>\n<\/tr>\n<tr>\n<td>Temperatura mediului salarial<\/td>\n<td>0<\/td>\n<td>25<\/td>\n<td>40<\/td>\n<td>\u2103<\/td>\n<td rowspan=\"2\">Fara condens<\/td>\n<\/tr>\n<tr>\n<td>Umiditatea mediului salarial<\/td>\n<td>10<\/td>\n<td>60<\/td>\n<td>85<\/td>\n<td>%<\/td>\n<\/tr>\n<\/tbody>\n<\/table>\n\t<div id=\"gap-737803921\" class=\"gap-element clearfix\" style=\"display:block; height:auto;\">\n\t\t\n<style>\n#gap-737803921 {\n  padding-top: 30px;\n}\n<\/style>\n\t<\/div>\n\t\n<h2><strong><b>Dimensiuni si Greutate<\/b><\/strong><\/h2>\n<ul>\n<li>Dimensiuni: L190mm x L242mm x H94.5mm<\/li>\n<li>Greutate: 2670g (fara accesorii)<\/li>\n<\/ul>\n\t<div id=\"gap-713944363\" class=\"gap-element clearfix\" style=\"display:block; height:auto;\">\n\t\t\n<style>\n#gap-713944363 {\n  padding-top: 30px;\n}\n<\/style>\n\t<\/div>\n\t\n\t<div class=\"img has-hover x md-x lg-x y md-y lg-y\" id=\"image_1774799472\">\n\t\t\t\t\t\t\t\t<div class=\"img-inner dark\" >\n\t\t\t<img loading=\"lazy\" decoding=\"async\" width=\"840\" height=\"538\" src=\"https:\/\/swoer.com\/wp-content\/uploads\/2024\/07\/dimension-drawing-1.webp\" class=\"attachment-original size-original\" alt=\"desen cu cote\" srcset=\"https:\/\/swoer.com\/wp-content\/uploads\/2024\/07\/dimension-drawing-1.webp 840w, https:\/\/swoer.com\/wp-content\/uploads\/2024\/07\/dimension-drawing-1-300x192.webp 300w, https:\/\/swoer.com\/wp-content\/uploads\/2024\/07\/dimension-drawing-1-768x492.webp 768w, https:\/\/swoer.com\/wp-content\/uploads\/2024\/07\/dimension-drawing-1-18x12.webp 18w, https:\/\/swoer.com\/wp-content\/uploads\/2024\/07\/dimension-drawing-1-600x384.webp 600w\" sizes=\"(max-width: 840px) 100vw, 840px\" \/>\t\t\t\t\t\t\n\t\t\t\t\t<\/div>\n\t\t\t\t\t\t\t\t\n<style>\n#image_1774799472 {\n  width: 68%;\n}\n<\/style>\n\t<\/div>","protected":false},"excerpt":{"rendered":"<p>Controlerul de alimentare cu bol SDVC31-U 10A este proiectat pentru performan\u021b\u0103 \u0219i fiabilitate optime. Se m\u00e2ndre\u0219te cu caracteristici precum stabilizarea automat\u0103 a tensiunii de \u00eenalt\u0103 precizie, pornire lent\u0103 reglabil\u0103, oprire complet\u0103\/golic\u0103 bazat\u0103 pe senzor, controlul vitezei de la distan\u021b\u0103 \u0219i o ie\u0219ire de control CC. Controlerul include, de asemenea, o blocare a tastaturii pentru o func\u021bionare sigur\u0103, ceea ce \u00eel face o component\u0103 esen\u021bial\u0103 pentru sistemele moderne de alimentare.<\/p>","protected":false},"featured_media":2509,"comment_status":"open","ping_status":"closed","template":"","meta":[],"product_cat":[45],"product_tag":[],"yoast_head":"<!-- This site is optimized with the Yoast SEO plugin v22.2 - https:\/\/yoast.com\/wordpress\/plugins\/seo\/ -->\n<title>Bowl Feeder Controller SDVC31-U 10A - SWOER<\/title>\n<meta name=\"description\" content=\"Unleash the power of Bowl Feeder Controller SDVC31-U 10A, featuring high precision automatic voltage stabilization, adjustable slow start, sensor-based full\/empty stop, remote speed control, and more. Enhance your feeding systems with top-notch reliability and performance.\" \/>\n<meta name=\"robots\" content=\"index, follow, max-snippet:-1, max-image-preview:large, max-video-preview:-1\" \/>\n<link rel=\"canonical\" href=\"https:\/\/swoer.com\/ro\/manufacturer\/bowl-feeder-controller-sdvc31-u-10a\/\" \/>\n<meta property=\"og:locale\" content=\"ro_RO\" \/>\n<meta property=\"og:type\" content=\"article\" \/>\n<meta property=\"og:title\" content=\"Bowl Feeder Controller SDVC31-U 10A - SWOER\" \/>\n<meta property=\"og:description\" content=\"Unleash the power of Bowl Feeder Controller SDVC31-U 10A, featuring high precision automatic voltage stabilization, adjustable slow start, sensor-based full\/empty stop, remote speed control, and more. Enhance your feeding systems with top-notch reliability and performance.\" \/>\n<meta property=\"og:url\" content=\"https:\/\/swoer.com\/ro\/manufacturer\/bowl-feeder-controller-sdvc31-u-10a\/\" \/>\n<meta property=\"og:site_name\" content=\"SWOER\" \/>\n<meta property=\"article:modified_time\" content=\"2024-08-16T06:17:52+00:00\" \/>\n<meta property=\"og:image\" content=\"https:\/\/swoer.com\/wp-content\/uploads\/2024\/07\/Bowl-Feeder-Controller-SDVC31-U-10A-1.webp\" \/>\n\t<meta property=\"og:image:width\" content=\"1000\" \/>\n\t<meta property=\"og:image:height\" content=\"1000\" \/>\n\t<meta property=\"og:image:type\" content=\"image\/webp\" \/>\n<meta name=\"twitter:card\" content=\"summary_large_image\" \/>\n<meta name=\"twitter:label1\" content=\"Timp estimat pentru citire\" \/>\n\t<meta name=\"twitter:data1\" content=\"2 minute\" \/>\n<script type=\"application\/ld+json\" class=\"yoast-schema-graph\">{\"@context\":\"https:\/\/schema.org\",\"@graph\":[{\"@type\":\"WebPage\",\"@id\":\"https:\/\/swoer.com\/manufacturer\/bowl-feeder-controller-sdvc31-u-10a\/\",\"url\":\"https:\/\/swoer.com\/manufacturer\/bowl-feeder-controller-sdvc31-u-10a\/\",\"name\":\"Bowl Feeder Controller SDVC31-U 10A - SWOER\",\"isPartOf\":{\"@id\":\"https:\/\/swoer.com\/#website\"},\"primaryImageOfPage\":{\"@id\":\"https:\/\/swoer.com\/manufacturer\/bowl-feeder-controller-sdvc31-u-10a\/#primaryimage\"},\"image\":{\"@id\":\"https:\/\/swoer.com\/manufacturer\/bowl-feeder-controller-sdvc31-u-10a\/#primaryimage\"},\"thumbnailUrl\":\"https:\/\/swoer.com\/wp-content\/uploads\/2024\/07\/Bowl-Feeder-Controller-SDVC31-U-10A-1.webp\",\"datePublished\":\"2024-07-04T01:57:14+00:00\",\"dateModified\":\"2024-08-16T06:17:52+00:00\",\"description\":\"Unleash the power of Bowl Feeder Controller SDVC31-U 10A, featuring high precision automatic voltage stabilization, adjustable slow start, sensor-based full\/empty stop, remote speed control, and more. Enhance your feeding systems with top-notch reliability and performance.\",\"breadcrumb\":{\"@id\":\"https:\/\/swoer.com\/manufacturer\/bowl-feeder-controller-sdvc31-u-10a\/#breadcrumb\"},\"inLanguage\":\"ro-RO\",\"potentialAction\":[{\"@type\":\"ReadAction\",\"target\":[\"https:\/\/swoer.com\/manufacturer\/bowl-feeder-controller-sdvc31-u-10a\/\"]}]},{\"@type\":\"ImageObject\",\"inLanguage\":\"ro-RO\",\"@id\":\"https:\/\/swoer.com\/manufacturer\/bowl-feeder-controller-sdvc31-u-10a\/#primaryimage\",\"url\":\"https:\/\/swoer.com\/wp-content\/uploads\/2024\/07\/Bowl-Feeder-Controller-SDVC31-U-10A-1.webp\",\"contentUrl\":\"https:\/\/swoer.com\/wp-content\/uploads\/2024\/07\/Bowl-Feeder-Controller-SDVC31-U-10A-1.webp\",\"width\":1000,\"height\":1000,\"caption\":\"Bowl Feeder Controller SDVC31-U 10A\"},{\"@type\":\"BreadcrumbList\",\"@id\":\"https:\/\/swoer.com\/manufacturer\/bowl-feeder-controller-sdvc31-u-10a\/#breadcrumb\",\"itemListElement\":[{\"@type\":\"ListItem\",\"position\":1,\"name\":\"Home\",\"item\":\"https:\/\/swoer.com\/\"},{\"@type\":\"ListItem\",\"position\":2,\"name\":\"Shop\",\"item\":\"https:\/\/swoer.com\/shop\/\"},{\"@type\":\"ListItem\",\"position\":3,\"name\":\"Bowl Feeder Controller SDVC31-U 10A\"}]},{\"@type\":\"WebSite\",\"@id\":\"https:\/\/swoer.com\/#website\",\"url\":\"https:\/\/swoer.com\/\",\"name\":\"SWOER\",\"description\":\"Swoer is the top 3 vibratory bowl feeder manufacturer in China\",\"potentialAction\":[{\"@type\":\"SearchAction\",\"target\":{\"@type\":\"EntryPoint\",\"urlTemplate\":\"https:\/\/swoer.com\/?s={search_term_string}\"},\"query-input\":\"required name=search_term_string\"}],\"inLanguage\":\"ro-RO\"}]}<\/script>\n<!-- \/ Yoast SEO plugin. -->","yoast_head_json":{"title":"Bowl Feeder Controller SDVC31-U 10A - SWOER","description":"Unleash the power of Bowl Feeder Controller SDVC31-U 10A, featuring high precision automatic voltage stabilization, adjustable slow start, sensor-based full\/empty stop, remote speed control, and more. Enhance your feeding systems with top-notch reliability and performance.","robots":{"index":"index","follow":"follow","max-snippet":"max-snippet:-1","max-image-preview":"max-image-preview:large","max-video-preview":"max-video-preview:-1"},"canonical":"https:\/\/swoer.com\/ro\/manufacturer\/bowl-feeder-controller-sdvc31-u-10a\/","og_locale":"ro_RO","og_type":"article","og_title":"Bowl Feeder Controller SDVC31-U 10A - SWOER","og_description":"Unleash the power of Bowl Feeder Controller SDVC31-U 10A, featuring high precision automatic voltage stabilization, adjustable slow start, sensor-based full\/empty stop, remote speed control, and more. Enhance your feeding systems with top-notch reliability and performance.","og_url":"https:\/\/swoer.com\/ro\/manufacturer\/bowl-feeder-controller-sdvc31-u-10a\/","og_site_name":"SWOER","article_modified_time":"2024-08-16T06:17:52+00:00","og_image":[{"width":1000,"height":1000,"url":"https:\/\/swoer.com\/wp-content\/uploads\/2024\/07\/Bowl-Feeder-Controller-SDVC31-U-10A-1.webp","type":"image\/webp"}],"twitter_card":"summary_large_image","twitter_misc":{"Timp estimat pentru citire":"2 minute"},"schema":{"@context":"https:\/\/schema.org","@graph":[{"@type":"WebPage","@id":"https:\/\/swoer.com\/manufacturer\/bowl-feeder-controller-sdvc31-u-10a\/","url":"https:\/\/swoer.com\/manufacturer\/bowl-feeder-controller-sdvc31-u-10a\/","name":"Bowl Feeder Controller SDVC31-U 10A - SWOER","isPartOf":{"@id":"https:\/\/swoer.com\/#website"},"primaryImageOfPage":{"@id":"https:\/\/swoer.com\/manufacturer\/bowl-feeder-controller-sdvc31-u-10a\/#primaryimage"},"image":{"@id":"https:\/\/swoer.com\/manufacturer\/bowl-feeder-controller-sdvc31-u-10a\/#primaryimage"},"thumbnailUrl":"https:\/\/swoer.com\/wp-content\/uploads\/2024\/07\/Bowl-Feeder-Controller-SDVC31-U-10A-1.webp","datePublished":"2024-07-04T01:57:14+00:00","dateModified":"2024-08-16T06:17:52+00:00","description":"Unleash the power of Bowl Feeder Controller SDVC31-U 10A, featuring high precision automatic voltage stabilization, adjustable slow start, sensor-based full\/empty stop, remote speed control, and more. Enhance your feeding systems with top-notch reliability and performance.","breadcrumb":{"@id":"https:\/\/swoer.com\/manufacturer\/bowl-feeder-controller-sdvc31-u-10a\/#breadcrumb"},"inLanguage":"ro-RO","potentialAction":[{"@type":"ReadAction","target":["https:\/\/swoer.com\/manufacturer\/bowl-feeder-controller-sdvc31-u-10a\/"]}]},{"@type":"ImageObject","inLanguage":"ro-RO","@id":"https:\/\/swoer.com\/manufacturer\/bowl-feeder-controller-sdvc31-u-10a\/#primaryimage","url":"https:\/\/swoer.com\/wp-content\/uploads\/2024\/07\/Bowl-Feeder-Controller-SDVC31-U-10A-1.webp","contentUrl":"https:\/\/swoer.com\/wp-content\/uploads\/2024\/07\/Bowl-Feeder-Controller-SDVC31-U-10A-1.webp","width":1000,"height":1000,"caption":"Bowl Feeder Controller SDVC31-U 10A"},{"@type":"BreadcrumbList","@id":"https:\/\/swoer.com\/manufacturer\/bowl-feeder-controller-sdvc31-u-10a\/#breadcrumb","itemListElement":[{"@type":"ListItem","position":1,"name":"Home","item":"https:\/\/swoer.com\/"},{"@type":"ListItem","position":2,"name":"Shop","item":"https:\/\/swoer.com\/shop\/"},{"@type":"ListItem","position":3,"name":"Bowl Feeder Controller SDVC31-U 10A"}]},{"@type":"WebSite","@id":"https:\/\/swoer.com\/#website","url":"https:\/\/swoer.com\/","name":"SWOER","description":"Swoer is the top 3 vibratory bowl feeder manufacturer in China","potentialAction":[{"@type":"SearchAction","target":{"@type":"EntryPoint","urlTemplate":"https:\/\/swoer.com\/?s={search_term_string}"},"query-input":"required name=search_term_string"}],"inLanguage":"ro-RO"}]}},"_links":{"self":[{"href":"https:\/\/swoer.com\/ro\/wp-json\/wp\/v2\/product\/2272"}],"collection":[{"href":"https:\/\/swoer.com\/ro\/wp-json\/wp\/v2\/product"}],"about":[{"href":"https:\/\/swoer.com\/ro\/wp-json\/wp\/v2\/types\/product"}],"replies":[{"embeddable":true,"href":"https:\/\/swoer.com\/ro\/wp-json\/wp\/v2\/comments?post=2272"}],"wp:featuredmedia":[{"embeddable":true,"href":"https:\/\/swoer.com\/ro\/wp-json\/wp\/v2\/media\/2509"}],"wp:attachment":[{"href":"https:\/\/swoer.com\/ro\/wp-json\/wp\/v2\/media?parent=2272"}],"wp:term":[{"taxonomy":"product_cat","embeddable":true,"href":"https:\/\/swoer.com\/ro\/wp-json\/wp\/v2\/product_cat?post=2272"},{"taxonomy":"product_tag","embeddable":true,"href":"https:\/\/swoer.com\/ro\/wp-json\/wp\/v2\/product_tag?post=2272"}],"curies":[{"name":"wp","href":"https:\/\/api.w.org\/{rel}","templated":true}]}}