{"id":2266,"date":"2024-07-03T03:21:39","date_gmt":"2024-07-03T03:21:39","guid":{"rendered":"https:\/\/swoer.com\/?post_type=product&#038;p=2266"},"modified":"2024-08-16T14:20:18","modified_gmt":"2024-08-16T06:20:18","slug":"bowl-feeder-controller-sdvc31-m-3-0a","status":"publish","type":"product","link":"https:\/\/swoer.com\/ro\/manufacturer\/bowl-feeder-controller-sdvc31-m-3-0a\/","title":{"rendered":"Controler alimentator bol SDVC31-M 3.0A"},"content":{"rendered":"<h2><strong><b>Caracteristici<\/b><\/strong><\/h2>\n<ul>\n<li>Stabilizare automat\u0103 a tensiunii de \u00eenalt\u0103 precizie<\/li>\n<li>Pornire lent\u0103 reglabil\u0103<\/li>\n<li>Comuta\u021bi senzorul de oprire plin\/gol<\/li>\n<li>Oprire senzor fotoelectric plin\/gol<\/li>\n<li>Controlul vitezei de la distan\u021b\u0103<\/li>\n<li>Ie\u0219ire de control DC<\/li>\n<\/ul>\n\t<div id=\"gap-48533748\" class=\"gap-element clearfix\" style=\"display:block; height:auto;\">\n\t\t\n<style>\n#gap-48533748 {\n  padding-top: 30px;\n}\n<\/style>\n\t<\/div>\n\t\n<h2><strong><b>Functie de baz\u0103<\/b><\/strong><\/h2>\n<ol>\n<li><strong>Reglarea frecventei<\/strong>: Utilizatorii ajusteaz\u0103 frecven\u021ba controlerului pentru a optimiza corpul vibrant pentru o hr\u0103nire mai lin\u0103, mai silen\u021bioas\u0103 \u0219i cu economie de energie.<\/li>\n<li><strong>Stabilizare automat\u0103 a tensiunii de \u00eenalt\u0103 precizie:<\/strong> Circuitul digital stabilizeaz\u0103 tensiunea, corect\u00e2nd automat modific\u0103rile vitezei de alimentare din cauza fluctua\u021biilor sursei de alimentare.<\/li>\n<li><strong>Pornire lent\u0103 reglabil\u0103:<\/strong> Tensiunea de ie\u0219ire cre\u0219te treptat de la zero la presetat pentru a minimiza impactul asupra pl\u0103cii de vibra\u021bii la pornire. Utilizatorii pot preseta digital timpul de pornire lent\u0103. Suport\u0103 senzori de tip NPN sau controlul de oprire complet\/gol de la distan\u021b\u0103 PLC.<\/li>\n<li><strong>Comutator senzor de oprire plin\/gol:<\/strong> Suport\u0103 senzor de tip NPN sau control la distan\u021b\u0103 de oprire complet\/gol PLC.<\/li>\n<li><strong>Senzor fotoelectric oprire plin\/gol:<\/strong> suport\u0103 controlul opririi plin\/gol cu senzor fotoelectric.<\/li>\n<li><strong>Controlul vitezei de la distan\u021b\u0103:<\/strong> Controlerul poate folosi direct poten\u021biometrul extern, PLC sau semnalul de tensiune 1-5V pentru a controla tensiunea de ie\u0219ire de la distan\u021b\u0103.<\/li>\n<li><strong>Ie\u0219ire de control DC:<\/strong> Controlerul poate scoate un semnal de control DC de joas\u0103 tensiune pentru a conduce supapa solenoidal\u0103 \u0219i alte dispozitive pentru a lucra cu controlerul.<\/li>\n<li><strong>Blocarea tastaturii:<\/strong> Ap\u0103sa\u021bi lung tasta pornit\/oprit pentru a bloca toate tastele pentru a preveni operarea gre\u0219it\u0103 a utilizatorilor.<\/li>\n<li><strong>Setarea tensiunii maxime de ie\u0219ire:<\/strong> Seta\u021bi tensiunea maxim\u0103 reglabil\u0103 pentru a preveni func\u021bionarea gre\u0219it\u0103 a utilizatorului \u0219i ie\u0219irea de prea mult\u0103 tensiune pentru a deteriora echipamentul de vibra\u021bii.<\/li>\n<li><strong>Protectie la supraincalzire:<\/strong> C\u00e2nd temperatura de lucru a controlerului este prea mare, acesta va opri ie\u0219irea pentru a se proteja.<\/li>\n<li><strong>Protec\u021bie la supracurent<\/strong>: C\u00e2nd curentul de lucru al controlerului dep\u0103\u0219e\u0219te curentul nominal, sistemul opre\u0219te ie\u0219irea pentru a proteja controlerul \u0219i echipamentul de vibra\u021bii.<\/li>\n<li><strong>Protec\u021bie la scurtcircuit recuperabil\u0103<\/strong>: C\u00e2nd apare un scurtcircuit la ie\u0219ire, sistemul opre\u0219te ie\u0219irea \u0219i nu arde siguran\u021ba pentru a proteja controlerul \u0219i echipamentul de vibra\u021bii. Dup\u0103 ce scurtcircuitul este eliminat, sistemul poate fi reactivat pentru a func\u021biona din nou normal.<\/li>\n<\/ol>\n\t<div id=\"gap-1492530252\" class=\"gap-element clearfix\" style=\"display:block; height:auto;\">\n\t\t\n<style>\n#gap-1492530252 {\n  padding-top: 30px;\n}\n<\/style>\n\t<\/div>\n\t\n<h2>Specifica\u021bie tehnic\u0103<\/h2>\n<table width=\"767\">\n<tbody>\n<tr>\n<td rowspan=\"2\" width=\"225\">Articol<\/td>\n<td colspan=\"3\" width=\"216\">Gam\u0103<\/td>\n<td rowspan=\"2\" width=\"72\">Unitate<\/td>\n<td rowspan=\"2\" width=\"254\">Descriere<\/td>\n<\/tr>\n<tr>\n<td>Minim<\/td>\n<td>Tipic<\/td>\n<td>Maxim<\/td>\n<\/tr>\n<tr>\n<td>Tensiune de intrare<\/td>\n<td>85<\/td>\n<td>220<\/td>\n<td>260<\/td>\n<td>V<\/td>\n<td>Valoarea efectiv\u0103 AC<\/td>\n<\/tr>\n<tr>\n<td>Gama de reglare a tensiunii de ie\u0219ire<\/td>\n<td>0<\/td>\n<td><\/td>\n<td>260<\/td>\n<td>V<\/td>\n<td>Mai pu\u021bin de 150% de tensiune de intrare<\/td>\n<\/tr>\n<tr>\n<td>Precizia de reglare a tensiunii<\/td>\n<td colspan=\"3\">1<\/td>\n<td>V<\/td>\n<td><\/td>\n<\/tr>\n<tr>\n<td>Precizia reglarii tensiunii<\/td>\n<td>0<\/td>\n<td><\/td>\n<td>10<\/td>\n<td><\/td>\n<td>Vout\/Vin<\/td>\n<\/tr>\n<tr>\n<td>Timp de r\u0103spuns la reglarea tensiunii<\/td>\n<td>0.0025<\/td>\n<td><\/td>\n<td>0.025<\/td>\n<td>s<\/td>\n<td>O zecime din ciclul tensiunii de ie\u0219ire<\/td>\n<\/tr>\n<tr>\n<td rowspan=\"2\">Interval de reglare a curentului de ie\u0219ire<\/td>\n<td>0<\/td>\n<td><\/td>\n<td>1.5<\/td>\n<td>A<\/td>\n<td>SDVC31-S-Putere mic\u0103<\/td>\n<\/tr>\n<tr>\n<td>0<\/td>\n<td><\/td>\n<td>3<\/td>\n<td>VA<\/td>\n<td>SDVC31-M-Putere medie<\/td>\n<\/tr>\n<tr>\n<td rowspan=\"2\">Putere de iesire<\/td>\n<td>0<\/td>\n<td><\/td>\n<td>330<\/td>\n<td>VA<\/td>\n<td>SDVC31-S-Putere mic\u0103<\/td>\n<\/tr>\n<tr>\n<td>0<\/td>\n<td><\/td>\n<td>660<\/td>\n<td>VA<\/td>\n<td>SDVC31-M-Putere de mijloc<\/td>\n<\/tr>\n<tr>\n<td>Frecven\u021ba de ie\u0219ire<\/td>\n<td>40<\/td>\n<td><\/td>\n<td>400<\/td>\n<td>Hz<\/td>\n<td><\/td>\n<\/tr>\n<tr>\n<td>Precizia de reglare a frecven\u021bei<\/td>\n<td colspan=\"3\">0.1<\/td>\n<td>Hz<\/td>\n<td><\/td>\n<\/tr>\n<tr>\n<td>Forma de und\u0103 de ie\u0219ire<\/td>\n<td colspan=\"3\">sinus<\/td>\n<td><\/td>\n<td><\/td>\n<\/tr>\n<tr>\n<td>Ora de pornire lent<\/td>\n<td>0<\/td>\n<td><\/td>\n<td>10<\/td>\n<td>s<\/td>\n<td>Implicit din fabric\u0103 0,5<\/td>\n<\/tr>\n<tr>\n<td>Interval de timp de \u00eent\u00e2rziere<\/td>\n<td>0<\/td>\n<td><\/td>\n<td>20<\/td>\n<td>s<\/td>\n<td>Implicit din fabric\u0103 0.2<\/td>\n<\/tr>\n<tr>\n<td>Precizia timpului de \u00eent\u00e2rziere<\/td>\n<td colspan=\"3\">0.1<\/td>\n<td>s<\/td>\n<td><\/td>\n<\/tr>\n<tr>\n<td>Temperatura de protec\u021bie \u00eempotriva supra\u00eenc\u0103lzirii<\/td>\n<td>60<\/td>\n<td>65<\/td>\n<td>65<\/td>\n<td>\u2103<\/td>\n<td><\/td>\n<\/tr>\n<tr>\n<td>Tensiunea de ie\u0219ire de control DC<\/td>\n<td>22<\/td>\n<td>24<\/td>\n<td>26<\/td>\n<td>V<\/td>\n<td><\/td>\n<\/tr>\n<tr>\n<td>Curent de ie\u0219ire de control CC<\/td>\n<td>0<\/td>\n<td><\/td>\n<td>200<\/td>\n<td>mA<\/td>\n<td><\/td>\n<\/tr>\n<tr>\n<td>Model de control analogic<\/td>\n<td colspan=\"3\">1-5<\/td>\n<td>V<\/td>\n<td>Tensiunea de control al vitezei de la distan\u021b\u0103<\/td>\n<\/tr>\n<tr>\n<td>Semnal de control digital<\/td>\n<td colspan=\"3\">24<\/td>\n<td>V<\/td>\n<td>Comutator de control al semnalului<\/td>\n<\/tr>\n<tr>\n<td>Metoda de ajustare<\/td>\n<td colspan=\"3\">6<\/td>\n<td>cheie<\/td>\n<td><\/td>\n<\/tr>\n<tr>\n<td>Consumul de energie f\u0103r\u0103 sarcin\u0103<\/td>\n<td><\/td>\n<td>3<\/td>\n<td><\/td>\n<td>W<\/td>\n<td><\/td>\n<\/tr>\n<tr>\n<td>Modul de afi\u0219are<\/td>\n<td colspan=\"3\">5<\/td>\n<td>cifr\u0103<\/td>\n<td>Tub digital LED<\/td>\n<\/tr>\n<tr>\n<td>Temperatura mediului salarial<\/td>\n<td>0<\/td>\n<td>25<\/td>\n<td>40<\/td>\n<td>\u2103<\/td>\n<td rowspan=\"2\">Fara condens<\/td>\n<\/tr>\n<tr>\n<td>Umiditatea mediului salarial<\/td>\n<td>10<\/td>\n<td>60<\/td>\n<td>85<\/td>\n<td>%<\/td>\n<\/tr>\n<\/tbody>\n<\/table>\n<h2>Dimensiuni si greutate<\/h2>\n<ul>\n<li><strong>dimensiuni:<\/strong> 190 mm lungime x 53,6 mm l\u0103\u021bime x 94,5 mm \u00een\u0103l\u021bime<\/li>\n<li><strong>Greutate:<\/strong> 610 g (excluz\u00e2nd accesoriile)<\/li>\n<\/ul>\n\t<div id=\"gap-1205801372\" class=\"gap-element clearfix\" style=\"display:block; height:auto;\">\n\t\t\n<style>\n#gap-1205801372 {\n  padding-top: 30px;\n}\n<\/style>\n\t<\/div>\n\t\n<h2>Desen de dimensiune<\/h2>\n\t<div class=\"img has-hover x md-x lg-x y md-y lg-y\" id=\"image_621237822\">\n\t\t\t\t\t\t\t\t<div class=\"img-inner dark\" >\n\t\t\t<img loading=\"lazy\" decoding=\"async\" width=\"646\" height=\"554\" src=\"https:\/\/swoer.com\/wp-content\/uploads\/2024\/07\/dimension-drawing.webp\" class=\"attachment-original size-original\" alt=\"desen cu cote\" srcset=\"https:\/\/swoer.com\/wp-content\/uploads\/2024\/07\/dimension-drawing.webp 646w, https:\/\/swoer.com\/wp-content\/uploads\/2024\/07\/dimension-drawing-300x257.webp 300w, https:\/\/swoer.com\/wp-content\/uploads\/2024\/07\/dimension-drawing-14x12.webp 14w, https:\/\/swoer.com\/wp-content\/uploads\/2024\/07\/dimension-drawing-600x515.webp 600w\" sizes=\"(max-width: 646px) 100vw, 646px\" \/>\t\t\t\t\t\t\n\t\t\t\t\t<\/div>\n\t\t\t\t\t\t\t\t\n<style>\n#image_621237822 {\n  width: 58%;\n}\n<\/style>\n\t<\/div>","protected":false},"excerpt":{"rendered":"<p>Controlerul de alimentare cu bol SDVC31-M 3.0A este o solu\u021bie fiabil\u0103 pentru controlul alimentatoarelor vibratoare cu bol \u00een set\u0103ri industriale. Dispune de stabilizare de \u00eenalt\u0103 precizie a tensiunii, pornire lent\u0103 reglabil\u0103, oprire complet\u0103\/gol, control de la distan\u021b\u0103 a vitezei \u0219i ie\u0219ire de control CC pentru o manipulare eficient\u0103 a materialelor.<\/p>","protected":false},"featured_media":2513,"comment_status":"open","ping_status":"closed","template":"","meta":[],"product_cat":[45],"product_tag":[],"yoast_head":"<!-- This site is optimized with the Yoast SEO plugin v22.2 - https:\/\/yoast.com\/wordpress\/plugins\/seo\/ -->\n<title>Bowl Feeder Controller SDVC31-M 3.0A - SWOER<\/title>\n<meta name=\"description\" content=\"Improve your material handling operations with the Bowl Feeder Controller SDVC31-M 3.0A. This industrial-grade controller ensures accurate material flow, prevents jams, and optimizes production efficiency.\" \/>\n<meta name=\"robots\" content=\"index, follow, max-snippet:-1, max-image-preview:large, max-video-preview:-1\" \/>\n<link rel=\"canonical\" href=\"https:\/\/swoer.com\/ro\/manufacturer\/bowl-feeder-controller-sdvc31-m-3-0a\/\" \/>\n<meta property=\"og:locale\" content=\"ro_RO\" \/>\n<meta property=\"og:type\" content=\"article\" \/>\n<meta property=\"og:title\" content=\"Bowl Feeder Controller SDVC31-M 3.0A - SWOER\" \/>\n<meta property=\"og:description\" content=\"Improve your material handling operations with the Bowl Feeder Controller SDVC31-M 3.0A. This industrial-grade controller ensures accurate material flow, prevents jams, and optimizes production efficiency.\" \/>\n<meta property=\"og:url\" content=\"https:\/\/swoer.com\/ro\/manufacturer\/bowl-feeder-controller-sdvc31-m-3-0a\/\" \/>\n<meta property=\"og:site_name\" content=\"SWOER\" \/>\n<meta property=\"article:modified_time\" content=\"2024-08-16T06:20:18+00:00\" \/>\n<meta property=\"og:image\" content=\"https:\/\/swoer.com\/wp-content\/uploads\/2024\/07\/Bowl-Feeder-Controller-SDVC31-M-3.0A-1.webp\" \/>\n\t<meta property=\"og:image:width\" content=\"1000\" \/>\n\t<meta property=\"og:image:height\" content=\"1000\" \/>\n\t<meta property=\"og:image:type\" content=\"image\/webp\" \/>\n<meta name=\"twitter:card\" content=\"summary_large_image\" \/>\n<meta name=\"twitter:label1\" content=\"Timp estimat pentru citire\" \/>\n\t<meta name=\"twitter:data1\" content=\"3 minute\" \/>\n<script type=\"application\/ld+json\" class=\"yoast-schema-graph\">{\"@context\":\"https:\/\/schema.org\",\"@graph\":[{\"@type\":\"WebPage\",\"@id\":\"https:\/\/swoer.com\/manufacturer\/bowl-feeder-controller-sdvc31-m-3-0a\/\",\"url\":\"https:\/\/swoer.com\/manufacturer\/bowl-feeder-controller-sdvc31-m-3-0a\/\",\"name\":\"Bowl Feeder Controller SDVC31-M 3.0A - SWOER\",\"isPartOf\":{\"@id\":\"https:\/\/swoer.com\/#website\"},\"primaryImageOfPage\":{\"@id\":\"https:\/\/swoer.com\/manufacturer\/bowl-feeder-controller-sdvc31-m-3-0a\/#primaryimage\"},\"image\":{\"@id\":\"https:\/\/swoer.com\/manufacturer\/bowl-feeder-controller-sdvc31-m-3-0a\/#primaryimage\"},\"thumbnailUrl\":\"https:\/\/swoer.com\/wp-content\/uploads\/2024\/07\/Bowl-Feeder-Controller-SDVC31-M-3.0A-1.webp\",\"datePublished\":\"2024-07-03T03:21:39+00:00\",\"dateModified\":\"2024-08-16T06:20:18+00:00\",\"description\":\"Improve your material handling operations with the Bowl Feeder Controller SDVC31-M 3.0A. This industrial-grade controller ensures accurate material flow, prevents jams, and optimizes production efficiency.\",\"breadcrumb\":{\"@id\":\"https:\/\/swoer.com\/manufacturer\/bowl-feeder-controller-sdvc31-m-3-0a\/#breadcrumb\"},\"inLanguage\":\"ro-RO\",\"potentialAction\":[{\"@type\":\"ReadAction\",\"target\":[\"https:\/\/swoer.com\/manufacturer\/bowl-feeder-controller-sdvc31-m-3-0a\/\"]}]},{\"@type\":\"ImageObject\",\"inLanguage\":\"ro-RO\",\"@id\":\"https:\/\/swoer.com\/manufacturer\/bowl-feeder-controller-sdvc31-m-3-0a\/#primaryimage\",\"url\":\"https:\/\/swoer.com\/wp-content\/uploads\/2024\/07\/Bowl-Feeder-Controller-SDVC31-M-3.0A-1.webp\",\"contentUrl\":\"https:\/\/swoer.com\/wp-content\/uploads\/2024\/07\/Bowl-Feeder-Controller-SDVC31-M-3.0A-1.webp\",\"width\":1000,\"height\":1000,\"caption\":\"Bowl Feeder Controller SDVC31-M 3.0A\"},{\"@type\":\"BreadcrumbList\",\"@id\":\"https:\/\/swoer.com\/manufacturer\/bowl-feeder-controller-sdvc31-m-3-0a\/#breadcrumb\",\"itemListElement\":[{\"@type\":\"ListItem\",\"position\":1,\"name\":\"Home\",\"item\":\"https:\/\/swoer.com\/\"},{\"@type\":\"ListItem\",\"position\":2,\"name\":\"Shop\",\"item\":\"https:\/\/swoer.com\/shop\/\"},{\"@type\":\"ListItem\",\"position\":3,\"name\":\"Bowl Feeder Controller SDVC31-M 3.0A\"}]},{\"@type\":\"WebSite\",\"@id\":\"https:\/\/swoer.com\/#website\",\"url\":\"https:\/\/swoer.com\/\",\"name\":\"SWOER\",\"description\":\"Swoer is the top 3 vibratory bowl feeder manufacturer in China\",\"potentialAction\":[{\"@type\":\"SearchAction\",\"target\":{\"@type\":\"EntryPoint\",\"urlTemplate\":\"https:\/\/swoer.com\/?s={search_term_string}\"},\"query-input\":\"required name=search_term_string\"}],\"inLanguage\":\"ro-RO\"}]}<\/script>\n<!-- \/ Yoast SEO plugin. -->","yoast_head_json":{"title":"Bowl Feeder Controller SDVC31-M 3.0A - SWOER","description":"Improve your material handling operations with the Bowl Feeder Controller SDVC31-M 3.0A. This industrial-grade controller ensures accurate material flow, prevents jams, and optimizes production efficiency.","robots":{"index":"index","follow":"follow","max-snippet":"max-snippet:-1","max-image-preview":"max-image-preview:large","max-video-preview":"max-video-preview:-1"},"canonical":"https:\/\/swoer.com\/ro\/manufacturer\/bowl-feeder-controller-sdvc31-m-3-0a\/","og_locale":"ro_RO","og_type":"article","og_title":"Bowl Feeder Controller SDVC31-M 3.0A - SWOER","og_description":"Improve your material handling operations with the Bowl Feeder Controller SDVC31-M 3.0A. This industrial-grade controller ensures accurate material flow, prevents jams, and optimizes production efficiency.","og_url":"https:\/\/swoer.com\/ro\/manufacturer\/bowl-feeder-controller-sdvc31-m-3-0a\/","og_site_name":"SWOER","article_modified_time":"2024-08-16T06:20:18+00:00","og_image":[{"width":1000,"height":1000,"url":"https:\/\/swoer.com\/wp-content\/uploads\/2024\/07\/Bowl-Feeder-Controller-SDVC31-M-3.0A-1.webp","type":"image\/webp"}],"twitter_card":"summary_large_image","twitter_misc":{"Timp estimat pentru citire":"3 minute"},"schema":{"@context":"https:\/\/schema.org","@graph":[{"@type":"WebPage","@id":"https:\/\/swoer.com\/manufacturer\/bowl-feeder-controller-sdvc31-m-3-0a\/","url":"https:\/\/swoer.com\/manufacturer\/bowl-feeder-controller-sdvc31-m-3-0a\/","name":"Bowl Feeder Controller SDVC31-M 3.0A - SWOER","isPartOf":{"@id":"https:\/\/swoer.com\/#website"},"primaryImageOfPage":{"@id":"https:\/\/swoer.com\/manufacturer\/bowl-feeder-controller-sdvc31-m-3-0a\/#primaryimage"},"image":{"@id":"https:\/\/swoer.com\/manufacturer\/bowl-feeder-controller-sdvc31-m-3-0a\/#primaryimage"},"thumbnailUrl":"https:\/\/swoer.com\/wp-content\/uploads\/2024\/07\/Bowl-Feeder-Controller-SDVC31-M-3.0A-1.webp","datePublished":"2024-07-03T03:21:39+00:00","dateModified":"2024-08-16T06:20:18+00:00","description":"Improve your material handling operations with the Bowl Feeder Controller SDVC31-M 3.0A. This industrial-grade controller ensures accurate material flow, prevents jams, and optimizes production efficiency.","breadcrumb":{"@id":"https:\/\/swoer.com\/manufacturer\/bowl-feeder-controller-sdvc31-m-3-0a\/#breadcrumb"},"inLanguage":"ro-RO","potentialAction":[{"@type":"ReadAction","target":["https:\/\/swoer.com\/manufacturer\/bowl-feeder-controller-sdvc31-m-3-0a\/"]}]},{"@type":"ImageObject","inLanguage":"ro-RO","@id":"https:\/\/swoer.com\/manufacturer\/bowl-feeder-controller-sdvc31-m-3-0a\/#primaryimage","url":"https:\/\/swoer.com\/wp-content\/uploads\/2024\/07\/Bowl-Feeder-Controller-SDVC31-M-3.0A-1.webp","contentUrl":"https:\/\/swoer.com\/wp-content\/uploads\/2024\/07\/Bowl-Feeder-Controller-SDVC31-M-3.0A-1.webp","width":1000,"height":1000,"caption":"Bowl Feeder Controller SDVC31-M 3.0A"},{"@type":"BreadcrumbList","@id":"https:\/\/swoer.com\/manufacturer\/bowl-feeder-controller-sdvc31-m-3-0a\/#breadcrumb","itemListElement":[{"@type":"ListItem","position":1,"name":"Home","item":"https:\/\/swoer.com\/"},{"@type":"ListItem","position":2,"name":"Shop","item":"https:\/\/swoer.com\/shop\/"},{"@type":"ListItem","position":3,"name":"Bowl Feeder Controller SDVC31-M 3.0A"}]},{"@type":"WebSite","@id":"https:\/\/swoer.com\/#website","url":"https:\/\/swoer.com\/","name":"SWOER","description":"Swoer is the top 3 vibratory bowl feeder manufacturer in China","potentialAction":[{"@type":"SearchAction","target":{"@type":"EntryPoint","urlTemplate":"https:\/\/swoer.com\/?s={search_term_string}"},"query-input":"required name=search_term_string"}],"inLanguage":"ro-RO"}]}},"_links":{"self":[{"href":"https:\/\/swoer.com\/ro\/wp-json\/wp\/v2\/product\/2266"}],"collection":[{"href":"https:\/\/swoer.com\/ro\/wp-json\/wp\/v2\/product"}],"about":[{"href":"https:\/\/swoer.com\/ro\/wp-json\/wp\/v2\/types\/product"}],"replies":[{"embeddable":true,"href":"https:\/\/swoer.com\/ro\/wp-json\/wp\/v2\/comments?post=2266"}],"wp:featuredmedia":[{"embeddable":true,"href":"https:\/\/swoer.com\/ro\/wp-json\/wp\/v2\/media\/2513"}],"wp:attachment":[{"href":"https:\/\/swoer.com\/ro\/wp-json\/wp\/v2\/media?parent=2266"}],"wp:term":[{"taxonomy":"product_cat","embeddable":true,"href":"https:\/\/swoer.com\/ro\/wp-json\/wp\/v2\/product_cat?post=2266"},{"taxonomy":"product_tag","embeddable":true,"href":"https:\/\/swoer.com\/ro\/wp-json\/wp\/v2\/product_tag?post=2266"}],"curies":[{"name":"wp","href":"https:\/\/api.w.org\/{rel}","templated":true}]}}