{"id":2232,"date":"2024-06-17T07:01:40","date_gmt":"2024-06-17T07:01:40","guid":{"rendered":"https:\/\/swoer.com\/?post_type=product&#038;p=2232"},"modified":"2024-06-22T05:43:45","modified_gmt":"2024-06-22T05:43:45","slug":"ccd-visual-inspection","status":"publish","type":"product","link":"https:\/\/swoer.com\/ro\/manufacturer\/ccd-visual-inspection\/","title":{"rendered":"Inspec\u021bie vizual\u0103 CCD"},"content":{"rendered":"<h2><strong><b>Produs <\/b><\/strong><strong><b>eu<\/b><\/strong><strong><b>informa\u021bie<\/b><\/strong><\/h2>\n<table>\n<tbody>\n<tr>\n<td width=\"224\">\u00a0Numele produsului<\/td>\n<td width=\"377\">Inspec\u021bie vizual\u0103 CCD<\/td>\n<\/tr>\n<tr>\n<td width=\"224\">\u00a0Model<\/td>\n<td width=\"377\">SW-80305<\/td>\n<\/tr>\n<tr>\n<td width=\"224\">\u00a0Marca<\/td>\n<td width=\"377\">JUMAT\u0102<\/td>\n<\/tr>\n<tr>\n<td width=\"224\">\u00a0Voltaj<\/td>\n<td width=\"377\">\u00a0220V<\/td>\n<\/tr>\n<tr>\n<td width=\"224\">\u00a0Putere<\/td>\n<td width=\"377\">\u00a065 W \/ 150 W \/ 180 W \/ 220 W \/ 350 W<\/td>\n<\/tr>\n<tr>\n<td width=\"224\">\u00a0Autentificare<\/td>\n<td width=\"377\">\u00a0CE, ROHS, ISO9001<\/td>\n<\/tr>\n<tr>\n<td width=\"224\">\u00a0garan\u021bie<\/td>\n<td width=\"377\">\u00a01 an garantie<\/td>\n<\/tr>\n<tr>\n<td width=\"224\">\u00a0MOQ<\/td>\n<td width=\"377\">\u00a01 set<\/td>\n<\/tr>\n<tr>\n<td width=\"224\">\u00a0Perioada de gra\u0163ie<\/td>\n<td width=\"377\">\u00a010-14 zile<\/td>\n<\/tr>\n<tr>\n<td width=\"224\">\u00a0Termen de plata<\/td>\n<td width=\"377\">\u00a0T\/T 40% Depozit \u0219i sold \u00eenainte de expediere<\/td>\n<\/tr>\n<tr>\n<td width=\"224\">\u00a0Original de Place<\/td>\n<td width=\"377\">\u00a0China<\/td>\n<\/tr>\n<\/tbody>\n<\/table>\n\t<div id=\"gap-185652654\" class=\"gap-element clearfix\" style=\"display:block; height:auto;\">\n\t\t\n<style>\n#gap-185652654 {\n  padding-top: 30px;\n}\n<\/style>\n\t<\/div>\n\t\n<h2><strong><b>Liste de produse<\/b><\/strong><\/h2>\n<table>\n<tbody>\n<tr>\n<td width=\"276\"><strong><b>Calculator industrial<\/b><\/strong><\/td>\n<td width=\"276\">1 set<\/td>\n<\/tr>\n<tr>\n<td width=\"276\"><strong><b>Display de 8 inchi<\/b><\/strong><\/td>\n<td width=\"276\">1 set<\/td>\n<\/tr>\n<tr>\n<td width=\"276\"><strong><b>C<\/b><\/strong><strong><b>amera<\/b><\/strong><\/td>\n<td width=\"276\">1 set<\/td>\n<\/tr>\n<tr>\n<td width=\"276\"><strong><b>Obiectiv<\/b><\/strong><\/td>\n<td width=\"276\">1 set<\/td>\n<\/tr>\n<tr>\n<td width=\"276\"><strong><b>L<\/b><\/strong><strong><b>sursa de lumina<\/b><\/strong><\/td>\n<td width=\"276\">1 set<\/td>\n<\/tr>\n<tr>\n<td width=\"276\"><strong><b>Suport de fixare a sursei de lumin\u0103 a camerei<\/b><\/strong><\/td>\n<td width=\"276\">1 set<\/td>\n<\/tr>\n<\/tbody>\n<\/table>\n\t<div id=\"gap-2303063\" class=\"gap-element clearfix\" style=\"display:block; height:auto;\">\n\t\t\n<style>\n#gap-2303063 {\n  padding-top: 30px;\n}\n<\/style>\n\t<\/div>\n\t\n<h3 data-sourcepos=\"11:1-11:17\"><strong>Caracteristici cheie:<\/strong><\/h3>\n<ul data-sourcepos=\"13:1-21:31\">\n<li data-sourcepos=\"13:1-14:0\">\n<p data-sourcepos=\"13:3-13:143\"><strong>Mecanism de declan\u0219are intern:<\/strong> Utilizeaz\u0103 un declan\u0219ator intern pentru captur\u0103 precis\u0103 \u0219i sincronizat\u0103 a imaginii, asigur\u00e2nd un timp optim de inspec\u021bie.<\/p>\n<\/li>\n<li data-sourcepos=\"15:1-16:0\">\n<p data-sourcepos=\"15:3-15:165\"><strong>Identificare cu mai multe piste:<\/strong> Identific\u0103 \u0219i urm\u0103re\u0219te simultan p\u00e2n\u0103 la 4 obiecte, maximiz\u00e2nd debitul de inspec\u021bie \u0219i gestion\u00e2nd configura\u021bii complexe ale produselor.<\/p>\n<\/li>\n<li data-sourcepos=\"17:1-18:0\">\n<p data-sourcepos=\"17:3-17:149\"><strong>Vitez\u0103 de recunoa\u0219tere fulger\u0103toare:<\/strong> Prelucreaz\u0103 un impresionant de 900-1200 de buc\u0103\u021bi pe minut, \u021bin\u00e2nd pasul chiar \u0219i cu cele mai exigente linii de produc\u021bie.<\/p>\n<\/li>\n<li data-sourcepos=\"19:1-20:0\">\n<p data-sourcepos=\"19:3-19:152\"><strong>Acurate\u021be excep\u021bional\u0103 de recunoa\u0219tere:<\/strong> Realizeaz\u0103 o rat\u0103 de recunoa\u0219tere remarcabil\u0103 de 99.99%, minimiz\u00e2nd falsele pozitive \u0219i garant\u00e2nd integritatea produsului.<\/p>\n<\/li>\n<li data-sourcepos=\"21:1-21:31\">\n<p data-sourcepos=\"21:3-21:31\"><strong>Raport material invers neglijabil:<\/strong> Men\u021bine un raport de material invers excep\u021bional de sc\u0103zut, sub 0,0001%, reduc\u00e2nd de\u0219eurile \u0219i optimiz\u00e2nd utilizarea resurselor.<\/p>\n<\/li>\n<li data-sourcepos=\"23:1-24:0\">\n<p data-sourcepos=\"23:3-23:146\"><strong>Func\u021bia de asisten\u021b\u0103 de la distan\u021b\u0103:<\/strong> Ofer\u0103 asisten\u021b\u0103 la distan\u021b\u0103 \u00een timp real pentru depanarea \u0219i \u00eentre\u021binerea, asigur\u00e2nd rezolvarea prompt\u0103 a oric\u0103ror probleme.<\/p>\n<\/li>\n<li data-sourcepos=\"25:1-26:0\">\n<p data-sourcepos=\"25:3-25:165\"><strong>Schimbarea produsului cu un singur clic:<\/strong> Comuta\u021bi f\u0103r\u0103 efort \u00eentre diferitele sarcini de inspec\u021bie a produsului cu un singur clic, minimiz\u00e2nd timpul de nefunc\u021bionare \u0219i maximiz\u00e2nd eficien\u021ba.<\/p>\n<\/li>\n<li data-sourcepos=\"27:1-28:0\">\n<p data-sourcepos=\"27:3-27:135\"><strong>Instalare plug-and-play:<\/strong> Elimin\u0103 necesitatea depan\u0103rii complexe, asigur\u00e2nd un proces de configurare f\u0103r\u0103 \u00eentreruperi \u0219i minimiz\u00e2nd timpul de nefunc\u021bionare.<\/p>\n<\/li>\n<\/ul>\n<p data-sourcepos=\"29:1-29:118\"><strong>Sistemul nostru de inspec\u021bie vizual\u0103 CCD se integreaz\u0103 perfect \u00een liniile dvs. de produc\u021bie existente, d\u00e2ndu-v\u0103 puterea s\u0103 ob\u021bine\u021bi:<\/strong><\/p>\n<ul data-sourcepos=\"31:1-36:0\">\n<li data-sourcepos=\"31:1-32:0\">\n<p data-sourcepos=\"31:3-31:150\"><strong>Calitate \u00eembun\u0103t\u0103\u021bit\u0103 a produsului:<\/strong> Detecta\u021bi \u0219i elimina\u021bi defectele cu o acurate\u021be excep\u021bional\u0103, asigur\u00e2nd calitatea constant\u0103 a produsului \u0219i satisfac\u021bia clien\u021bilor.<\/p>\n<\/li>\n<li data-sourcepos=\"33:1-34:0\">\n<p data-sourcepos=\"33:3-33:158\"><strong>Cre\u0219terea eficien\u021bei produc\u021biei:<\/strong> Eficientiza\u021bi procesele de inspec\u021bie \u0219i minimiza\u021bi timpul de nefunc\u021bionare, sporind produc\u021bia general\u0103 \u0219i satisfac\u00e2nd cerin\u021bele clien\u021bilor.<\/p>\n<\/li>\n<li data-sourcepos=\"35:1-36:0\">\n<p data-sourcepos=\"35:3-35:115\"><strong>Costuri opera\u021bionale reduse:<\/strong> Minimiza\u021bi risipa \u0219i reprelucrarea, sc\u0103z\u00e2nd costurile de produc\u021bie \u0219i maximiz\u00e2nd profitabilitatea.<\/p>\n<\/li>\n<\/ul>\n<p data-sourcepos=\"37:1-37:218\">Dac\u0103 dori\u021bi s\u0103 v\u0103 cre\u0219te\u021bi capacit\u0103\u021bile de inspec\u021bie a produselor \u0219i s\u0103 v\u0103 revolu\u021biona\u021bi procesele de control al calit\u0103\u021bii, sistemul nostru de inspec\u021bie vizual\u0103 CCD este solu\u021bia pe care o a\u0219tepta\u021bi. Contacta\u021bi-ne ast\u0103zi pentru a experimenta puterea de transformare a preciziei \u0219i eficien\u021bei.<\/p>","protected":false},"excerpt":{"rendered":"<p>Revolu\u021biona\u021bi-v\u0103 linia de produc\u021bie cu sistemul nostru de inspec\u021bie vizual\u0103 CCD de ultim\u0103 genera\u021bie, conceput pentru a eficientiza procesele de inspec\u021bie, pentru a asigura calitatea produsului \u0219i pentru a maximiza eficien\u021ba. Aceast\u0103 solu\u021bie sofisticat\u0103 are o gam\u0103 cuprinz\u0103toare de caracteristici care v\u0103 permit s\u0103 ob\u021bine\u021bi rezultate superioare.<\/p>","protected":false},"featured_media":2233,"comment_status":"open","ping_status":"closed","template":"","meta":[],"product_cat":[58],"product_tag":[],"yoast_head":"<!-- This site is optimized with the Yoast SEO plugin v22.2 - https:\/\/yoast.com\/wordpress\/plugins\/seo\/ -->\n<title>CCD Visual Inspection - SWOER<\/title>\n<meta name=\"description\" content=\"Elevate your product quality control with our cutting-edge CCD Visual Inspection system, featuring high-speed recognition, exceptional accuracy, and seamless integration for unparalleled efficiency and product integrity.\" \/>\n<meta name=\"robots\" content=\"index, follow, max-snippet:-1, max-image-preview:large, max-video-preview:-1\" \/>\n<link rel=\"canonical\" href=\"https:\/\/swoer.com\/ro\/manufacturer\/ccd-visual-inspection\/\" \/>\n<meta property=\"og:locale\" content=\"ro_RO\" \/>\n<meta property=\"og:type\" content=\"article\" \/>\n<meta property=\"og:title\" content=\"CCD Visual Inspection - SWOER\" \/>\n<meta property=\"og:description\" content=\"Elevate your product quality control with our cutting-edge CCD Visual Inspection system, featuring high-speed recognition, exceptional accuracy, and seamless integration for unparalleled efficiency and product integrity.\" \/>\n<meta property=\"og:url\" content=\"https:\/\/swoer.com\/ro\/manufacturer\/ccd-visual-inspection\/\" \/>\n<meta property=\"og:site_name\" content=\"SWOER\" \/>\n<meta property=\"article:modified_time\" content=\"2024-06-22T05:43:45+00:00\" \/>\n<meta property=\"og:image\" content=\"https:\/\/swoer.com\/wp-content\/uploads\/2024\/06\/CCD-Visual-Inspection.jpg\" \/>\n\t<meta property=\"og:image:width\" content=\"1000\" \/>\n\t<meta property=\"og:image:height\" content=\"1000\" \/>\n\t<meta property=\"og:image:type\" content=\"image\/jpeg\" \/>\n<meta name=\"twitter:card\" content=\"summary_large_image\" \/>\n<meta name=\"twitter:label1\" content=\"Timp estimat pentru citire\" \/>\n\t<meta name=\"twitter:data1\" content=\"2 minute\" \/>\n<script type=\"application\/ld+json\" class=\"yoast-schema-graph\">{\"@context\":\"https:\/\/schema.org\",\"@graph\":[{\"@type\":\"WebPage\",\"@id\":\"https:\/\/swoer.com\/manufacturer\/ccd-visual-inspection\/\",\"url\":\"https:\/\/swoer.com\/manufacturer\/ccd-visual-inspection\/\",\"name\":\"CCD Visual Inspection - SWOER\",\"isPartOf\":{\"@id\":\"https:\/\/swoer.com\/#website\"},\"primaryImageOfPage\":{\"@id\":\"https:\/\/swoer.com\/manufacturer\/ccd-visual-inspection\/#primaryimage\"},\"image\":{\"@id\":\"https:\/\/swoer.com\/manufacturer\/ccd-visual-inspection\/#primaryimage\"},\"thumbnailUrl\":\"https:\/\/swoer.com\/wp-content\/uploads\/2024\/06\/CCD-Visual-Inspection.jpg\",\"datePublished\":\"2024-06-17T07:01:40+00:00\",\"dateModified\":\"2024-06-22T05:43:45+00:00\",\"description\":\"Elevate your product quality control with our cutting-edge CCD Visual Inspection system, featuring high-speed recognition, exceptional accuracy, and seamless integration for unparalleled efficiency and product integrity.\",\"breadcrumb\":{\"@id\":\"https:\/\/swoer.com\/manufacturer\/ccd-visual-inspection\/#breadcrumb\"},\"inLanguage\":\"ro-RO\",\"potentialAction\":[{\"@type\":\"ReadAction\",\"target\":[\"https:\/\/swoer.com\/manufacturer\/ccd-visual-inspection\/\"]}]},{\"@type\":\"ImageObject\",\"inLanguage\":\"ro-RO\",\"@id\":\"https:\/\/swoer.com\/manufacturer\/ccd-visual-inspection\/#primaryimage\",\"url\":\"https:\/\/swoer.com\/wp-content\/uploads\/2024\/06\/CCD-Visual-Inspection.jpg\",\"contentUrl\":\"https:\/\/swoer.com\/wp-content\/uploads\/2024\/06\/CCD-Visual-Inspection.jpg\",\"width\":1000,\"height\":1000,\"caption\":\"CCD Visual Inspection\"},{\"@type\":\"BreadcrumbList\",\"@id\":\"https:\/\/swoer.com\/manufacturer\/ccd-visual-inspection\/#breadcrumb\",\"itemListElement\":[{\"@type\":\"ListItem\",\"position\":1,\"name\":\"Home\",\"item\":\"https:\/\/swoer.com\/\"},{\"@type\":\"ListItem\",\"position\":2,\"name\":\"Shop\",\"item\":\"https:\/\/swoer.com\/shop\/\"},{\"@type\":\"ListItem\",\"position\":3,\"name\":\"CCD Visual Inspection\"}]},{\"@type\":\"WebSite\",\"@id\":\"https:\/\/swoer.com\/#website\",\"url\":\"https:\/\/swoer.com\/\",\"name\":\"SWOER\",\"description\":\"Swoer is the top 3 vibratory bowl feeder manufacturer in China\",\"potentialAction\":[{\"@type\":\"SearchAction\",\"target\":{\"@type\":\"EntryPoint\",\"urlTemplate\":\"https:\/\/swoer.com\/?s={search_term_string}\"},\"query-input\":\"required name=search_term_string\"}],\"inLanguage\":\"ro-RO\"}]}<\/script>\n<!-- \/ Yoast SEO plugin. -->","yoast_head_json":{"title":"CCD Visual Inspection - SWOER","description":"Elevate your product quality control with our cutting-edge CCD Visual Inspection system, featuring high-speed recognition, exceptional accuracy, and seamless integration for unparalleled efficiency and product integrity.","robots":{"index":"index","follow":"follow","max-snippet":"max-snippet:-1","max-image-preview":"max-image-preview:large","max-video-preview":"max-video-preview:-1"},"canonical":"https:\/\/swoer.com\/ro\/manufacturer\/ccd-visual-inspection\/","og_locale":"ro_RO","og_type":"article","og_title":"CCD Visual Inspection - SWOER","og_description":"Elevate your product quality control with our cutting-edge CCD Visual Inspection system, featuring high-speed recognition, exceptional accuracy, and seamless integration for unparalleled efficiency and product integrity.","og_url":"https:\/\/swoer.com\/ro\/manufacturer\/ccd-visual-inspection\/","og_site_name":"SWOER","article_modified_time":"2024-06-22T05:43:45+00:00","og_image":[{"width":1000,"height":1000,"url":"https:\/\/swoer.com\/wp-content\/uploads\/2024\/06\/CCD-Visual-Inspection.jpg","type":"image\/jpeg"}],"twitter_card":"summary_large_image","twitter_misc":{"Timp estimat pentru citire":"2 minute"},"schema":{"@context":"https:\/\/schema.org","@graph":[{"@type":"WebPage","@id":"https:\/\/swoer.com\/manufacturer\/ccd-visual-inspection\/","url":"https:\/\/swoer.com\/manufacturer\/ccd-visual-inspection\/","name":"CCD Visual Inspection - SWOER","isPartOf":{"@id":"https:\/\/swoer.com\/#website"},"primaryImageOfPage":{"@id":"https:\/\/swoer.com\/manufacturer\/ccd-visual-inspection\/#primaryimage"},"image":{"@id":"https:\/\/swoer.com\/manufacturer\/ccd-visual-inspection\/#primaryimage"},"thumbnailUrl":"https:\/\/swoer.com\/wp-content\/uploads\/2024\/06\/CCD-Visual-Inspection.jpg","datePublished":"2024-06-17T07:01:40+00:00","dateModified":"2024-06-22T05:43:45+00:00","description":"Elevate your product quality control with our cutting-edge CCD Visual Inspection system, featuring high-speed recognition, exceptional accuracy, and seamless integration for unparalleled efficiency and product integrity.","breadcrumb":{"@id":"https:\/\/swoer.com\/manufacturer\/ccd-visual-inspection\/#breadcrumb"},"inLanguage":"ro-RO","potentialAction":[{"@type":"ReadAction","target":["https:\/\/swoer.com\/manufacturer\/ccd-visual-inspection\/"]}]},{"@type":"ImageObject","inLanguage":"ro-RO","@id":"https:\/\/swoer.com\/manufacturer\/ccd-visual-inspection\/#primaryimage","url":"https:\/\/swoer.com\/wp-content\/uploads\/2024\/06\/CCD-Visual-Inspection.jpg","contentUrl":"https:\/\/swoer.com\/wp-content\/uploads\/2024\/06\/CCD-Visual-Inspection.jpg","width":1000,"height":1000,"caption":"CCD Visual Inspection"},{"@type":"BreadcrumbList","@id":"https:\/\/swoer.com\/manufacturer\/ccd-visual-inspection\/#breadcrumb","itemListElement":[{"@type":"ListItem","position":1,"name":"Home","item":"https:\/\/swoer.com\/"},{"@type":"ListItem","position":2,"name":"Shop","item":"https:\/\/swoer.com\/shop\/"},{"@type":"ListItem","position":3,"name":"CCD Visual Inspection"}]},{"@type":"WebSite","@id":"https:\/\/swoer.com\/#website","url":"https:\/\/swoer.com\/","name":"SWOER","description":"Swoer is the top 3 vibratory bowl feeder manufacturer in China","potentialAction":[{"@type":"SearchAction","target":{"@type":"EntryPoint","urlTemplate":"https:\/\/swoer.com\/?s={search_term_string}"},"query-input":"required name=search_term_string"}],"inLanguage":"ro-RO"}]}},"_links":{"self":[{"href":"https:\/\/swoer.com\/ro\/wp-json\/wp\/v2\/product\/2232"}],"collection":[{"href":"https:\/\/swoer.com\/ro\/wp-json\/wp\/v2\/product"}],"about":[{"href":"https:\/\/swoer.com\/ro\/wp-json\/wp\/v2\/types\/product"}],"replies":[{"embeddable":true,"href":"https:\/\/swoer.com\/ro\/wp-json\/wp\/v2\/comments?post=2232"}],"wp:featuredmedia":[{"embeddable":true,"href":"https:\/\/swoer.com\/ro\/wp-json\/wp\/v2\/media\/2233"}],"wp:attachment":[{"href":"https:\/\/swoer.com\/ro\/wp-json\/wp\/v2\/media?parent=2232"}],"wp:term":[{"taxonomy":"product_cat","embeddable":true,"href":"https:\/\/swoer.com\/ro\/wp-json\/wp\/v2\/product_cat?post=2232"},{"taxonomy":"product_tag","embeddable":true,"href":"https:\/\/swoer.com\/ro\/wp-json\/wp\/v2\/product_tag?post=2232"}],"curies":[{"name":"wp","href":"https:\/\/api.w.org\/{rel}","templated":true}]}}