{"id":1989,"date":"2024-04-16T06:05:57","date_gmt":"2024-04-16T06:05:57","guid":{"rendered":"https:\/\/swoer.com\/?post_type=product&#038;p=1989"},"modified":"2024-04-16T06:17:14","modified_gmt":"2024-04-16T06:17:14","slug":"digital-stabilized-voltage-vibratory-bowl-feeder-controller-sw-10","status":"publish","type":"product","link":"https:\/\/swoer.com\/ro\/manufacturer\/digital-stabilized-voltage-vibratory-bowl-feeder-controller-sw-10\/","title":{"rendered":"Controler de alimentare cu bol vibratoare cu tensiune stabilizat\u0103 digital\u0103 SW-10"},"content":{"rendered":"<h2><strong><b>Caracteristici<\/b><\/strong><\/h2>\n<p><strong>Dimensiuni:<\/strong>L128mm*L50mm*H53mm<\/p>\n<p><strong>Dimensiunea orificiului de instalare:<\/strong>\u00a0119mm 1 an garantie<\/p>\n<ol>\n<li>Prin atingerea u\u0219oar\u0103 a tastei pentru a porni \u0219i opri func\u021bionarea, convenabil \u0219i fiabil.<\/li>\n<li>Patru seturi de indicator luminos de stare de lucru, interfa\u021b\u0103 de operare simpl\u0103 \u0219i intuitiv\u0103.<\/li>\n<li>Programul inteligent de pornire lent\u0103 \u0219i oprire lent\u0103 \u00eencorporat, asigur\u0103 alimentarea f\u0103r\u0103 probleme a momentului de pornire \u0219i oprire.<\/li>\n<li>Utiliza\u021bi poten\u021biometru cu durat\u0103 lung\u0103 de via\u021b\u0103 complet sigilat, stabil \u0219i durabil.<\/li>\n<li>Performan\u021b\u0103 bun\u0103 de reglare, \u00cen cazul fluctua\u021biilor de tensiune re\u021belei electrice, asigura\u021bi o vitez\u0103 stabil\u0103 de alimentare.<\/li>\n<li>Sistem foarte integrat, dimensiuni optimizate, greutate redus\u0103, amprent\u0103 mic\u0103, instalare u\u0219oar\u0103.<\/li>\n<li>Carcas\u0103 complet \u00eenchis\u0103, adaptat\u0103 la mediul de lucru ostil.<\/li>\n<li>Cu supra\u00eenc\u0103lzire, suprasarcin\u0103, protec\u021bie la scurtcircuit la ie\u0219ire.<\/li>\n<\/ol>\n<h2><strong>Specifica\u021bie tehnic\u0103<\/strong><\/h2>\n<table style=\"border-collapse: collapse; width: 622.52pt;\" border=\"0\" width=\"830\" cellspacing=\"0\" cellpadding=\"0\">\n<tbody>\n<tr style=\"height: 17.25pt;\">\n<td class=\"et2\" style=\"height: 33.75pt; width: 147.75pt;\" rowspan=\"2\" width=\"197\" height=\"45\">Articol<\/td>\n<td class=\"et3\" style=\"width: 204.75pt;\" colspan=\"2\" width=\"273\">Valoarea intervalului<\/td>\n<td class=\"et4\" style=\"width: 54.00pt; border-bottom: 1.0pt solid #DDDDDD;\" rowspan=\"2\" width=\"72\">Unitate<\/td>\n<td class=\"et5\" style=\"width: 216.00pt;\" rowspan=\"2\" width=\"288\">Observa\u021bie<\/td>\n<\/tr>\n<tr style=\"height: 16.50pt;\">\n<td class=\"et7\" style=\"width: 122.25pt;\" width=\"163\">Min.<\/td>\n<td class=\"et7\" style=\"width: 82.50pt;\" width=\"110\">Max.<\/td>\n<\/tr>\n<tr style=\"height: 16.50pt;\">\n<td class=\"et6\" style=\"height: 16.50pt; width: 147.75pt;\" width=\"197\" height=\"22\">Tensiune de intrare<\/td>\n<td class=\"et10\" style=\"width: 122.25pt;\" width=\"163\">85<\/td>\n<td class=\"et10\" style=\"width: 82.50pt;\" width=\"110\">265<\/td>\n<td class=\"et10\" style=\"width: 54.00pt;\" width=\"72\">V<\/td>\n<td class=\"et11\" style=\"width: 216.00pt;\" width=\"288\">Unda sinusoidala 50\/60Hz<\/td>\n<\/tr>\n<tr style=\"height: 54.00pt;\">\n<td class=\"et6\" style=\"height: 54.00pt; width: 147.75pt;\" width=\"197\" height=\"72\">Tensiune de ie\u0219ire<\/td>\n<td class=\"et10\" style=\"width: 122.25pt;\" width=\"163\">0<\/td>\n<td class=\"et10\" style=\"width: 82.50pt;\" width=\"110\">250<\/td>\n<td class=\"et10\" style=\"width: 54.00pt;\" width=\"72\">V<\/td>\n<td class=\"et11\" style=\"width: 216.00pt;\" width=\"288\">Precizia reglarii tensiunii: 1v<\/td>\n<\/tr>\n<tr style=\"height: 30.00pt;\">\n<td class=\"et6\" style=\"height: 30.00pt; width: 147.75pt;\" width=\"197\" height=\"40\">Curent de ie\u0219ire<\/td>\n<td class=\"et10\" style=\"width: 122.25pt;\" width=\"163\">0<\/td>\n<td class=\"et10\" style=\"width: 82.50pt;\" width=\"110\">4.5<\/td>\n<td class=\"et10\" style=\"width: 54.00pt;\" width=\"72\">A<\/td>\n<td class=\"et11\" style=\"width: 216.00pt;\" width=\"288\">Putere nominal\u0103: 1.5A\/3a\/4.5A<\/td>\n<\/tr>\n<tr style=\"height: 42.00pt;\">\n<td class=\"et6\" style=\"height: 42.00pt; width: 147.75pt;\" width=\"197\" height=\"56\">Frecven\u021ba de ie\u0219ire<\/td>\n<td class=\"et10\" style=\"width: 122.25pt;\" width=\"163\">40<\/td>\n<td class=\"et10\" style=\"width: 82.50pt;\" width=\"110\">400<\/td>\n<td class=\"et10\" style=\"width: 54.00pt;\" width=\"72\">Hz<\/td>\n<td class=\"et11\" style=\"width: 216.00pt;\" width=\"288\">Precizia intervalului de frecven\u021b\u0103: 0,1 Hz<\/td>\n<\/tr>\n<tr style=\"height: 33.00pt;\">\n<td class=\"et6\" style=\"height: 33.00pt; width: 147.75pt;\" width=\"197\" height=\"44\">Val de ie\u0219ire<\/td>\n<td class=\"et10\" style=\"width: 474.75pt;\" colspan=\"4\" width=\"633\">Und\u0103 sinusoidal\u0103<\/td>\n<\/tr>\n<tr style=\"height: 16.50pt;\">\n<td class=\"et6\" style=\"height: 16.50pt; width: 147.75pt;\" width=\"197\" height=\"22\">Pornirea intervalului de timp de \u00eent\u00e2rziere<\/td>\n<td class=\"et10\" style=\"width: 122.25pt;\" width=\"163\">0<\/td>\n<td class=\"et10\" style=\"width: 82.50pt;\" width=\"110\">30<\/td>\n<td class=\"et10\" style=\"width: 54.00pt;\" width=\"72\">S<\/td>\n<td class=\"et11\" style=\"width: 216.00pt;\" width=\"288\">Precizia timpului de \u00eent\u00e2rziere: 15<\/td>\n<\/tr>\n<tr style=\"height: 28.00pt;\">\n<td class=\"et6\" style=\"height: 28.00pt; width: 147.75pt;\" width=\"197\" height=\"37\">Interval de timp de \u00eent\u00e2rziere la oprire<\/td>\n<td class=\"et10\" style=\"width: 122.25pt;\" width=\"163\">0<\/td>\n<td class=\"et10\" style=\"width: 82.50pt;\" width=\"110\">30<\/td>\n<td class=\"et10\" style=\"width: 54.00pt;\" width=\"72\">S<\/td>\n<td class=\"et11\" style=\"width: 216.00pt;\" width=\"288\">Precizia timpului de \u00eent\u00e2rziere: 15<\/td>\n<\/tr>\n<tr style=\"height: 52.00pt;\">\n<td class=\"et6\" style=\"height: 52.00pt; width: 147.75pt;\" width=\"197\" height=\"69\">Ora de pornire lent<\/td>\n<td class=\"et10\" style=\"width: 122.25pt;\" width=\"163\">0.1<\/td>\n<td class=\"et10\" style=\"width: 82.50pt;\" width=\"110\">9.9<\/td>\n<td class=\"et10\" style=\"width: 54.00pt;\" width=\"72\">S<\/td>\n<td class=\"et11\" style=\"width: 216.00pt;\" width=\"288\">Timp de pornire lent: 0,15<\/td>\n<\/tr>\n<tr style=\"height: 16.50pt;\">\n<td class=\"et6\" style=\"height: 16.50pt; width: 147.75pt;\" width=\"197\" height=\"22\">Timp de oprire lent<\/td>\n<td class=\"et10\" style=\"width: 122.25pt;\" width=\"163\">0.1<\/td>\n<td class=\"et10\" style=\"width: 82.50pt;\" width=\"110\">0.3<\/td>\n<td class=\"et10\" style=\"width: 54.00pt;\" width=\"72\">S<\/td>\n<td class=\"et11\" style=\"width: 216.00pt;\" width=\"288\">Program control automat<\/td>\n<\/tr>\n<tr style=\"height: 72.00pt;\">\n<td class=\"et6\" style=\"height: 72.00pt; width: 147.75pt;\" width=\"197\" height=\"96\">Sensibilitatea fotoelectric\u0103<\/td>\n<td class=\"et10\" style=\"width: 122.25pt;\" width=\"163\">0<\/td>\n<td class=\"et10\" style=\"width: 82.50pt;\" width=\"110\">99<\/td>\n<td class=\"et12\" style=\"width: 54.00pt;\" width=\"72\">\u00a0<\/td>\n<td class=\"et11\" style=\"width: 216.00pt;\" width=\"288\">Cu c\u00e2t valoarea este mai mare. Cu c\u00e2t sensibilitatea este mai mare<\/td>\n<\/tr>\n<tr style=\"height: 84.00pt;\">\n<td class=\"et6\" style=\"height: 84.00pt; width: 147.75pt;\" width=\"197\" height=\"112\">Ie\u0219ire de control DC<\/td>\n<td class=\"et10\" style=\"width: 204.75pt;\" colspan=\"2\" width=\"273\">24V 200mA<\/td>\n<td class=\"et12\" style=\"width: 54.00pt;\" width=\"72\">\u00a0<\/td>\n<td class=\"et11\" style=\"width: 216.00pt;\" width=\"288\">Ac\u021bioneaz\u0103 senzori externi \u0219i electrovalve de putere redus\u0103 pentru alimentarea cu energie<\/td>\n<\/tr>\n<tr style=\"height: 64.50pt;\">\n<td class=\"et6\" style=\"height: 64.50pt; width: 147.75pt;\" width=\"197\" height=\"86\">Consumul de energie f\u0103r\u0103 sarcin\u0103<\/td>\n<td class=\"et10\" style=\"width: 204.75pt;\" colspan=\"2\" width=\"273\">\uff1c3W<\/td>\n<td class=\"et10\" style=\"width: 54.00pt;\" width=\"72\">W<\/td>\n<td class=\"et11\" style=\"width: 216.00pt;\" width=\"288\">Tensiune de intrare: 220V 50Hz<\/td>\n<\/tr>\n<tr style=\"height: 33.00pt;\">\n<td class=\"et6\" style=\"height: 33.00pt; width: 147.75pt;\" width=\"197\" height=\"44\">Modul de afi\u0219are<\/td>\n<td class=\"et10\" style=\"width: 204.75pt;\" colspan=\"2\" width=\"273\">LED+indicator luminos 5<\/td>\n<td class=\"et12\" style=\"width: 54.00pt;\" width=\"72\">\u00a0<\/td>\n<td class=\"et13\" style=\"width: 216.00pt;\" width=\"288\">\u00a0<\/td>\n<\/tr>\n<tr style=\"height: 91.50pt;\">\n<td class=\"et6\" style=\"height: 91.50pt; width: 147.75pt;\" width=\"197\" height=\"122\">Mod de operare<\/td>\n<td class=\"et10\" style=\"width: 204.75pt;\" colspan=\"2\" width=\"273\">Chei + comutator de codare<\/td>\n<td class=\"et12\" style=\"width: 54.00pt;\" width=\"72\">\u00a0<\/td>\n<td class=\"et11\" style=\"width: 216.00pt;\" width=\"288\">Func\u021bionare cu navet\u0103 rapid\u0103, design patentat<\/td>\n<\/tr>\n<tr style=\"height: 76.50pt;\">\n<td class=\"et6\" style=\"height: 169.50pt; width: 147.75pt;\" rowspan=\"2\" width=\"197\" height=\"226\">Modul de control<\/td>\n<td class=\"et10\" style=\"width: 122.25pt;\" width=\"163\">Cu senzor fotoelctric infrarosu<\/td>\n<td class=\"et12\" style=\"width: 82.50pt;\" width=\"110\">\u00a0<\/td>\n<td class=\"et12\" style=\"width: 54.00pt;\" width=\"72\">\u00a0<\/td>\n<td class=\"et11\" style=\"width: 216.00pt;\" rowspan=\"2\" width=\"288\">Controlul opririi materialelor pline\/gol<\/td>\n<\/tr>\n<tr style=\"height: 93.00pt;\">\n<td class=\"et10\" style=\"width: 122.25pt;\" width=\"163\">Semnal de nivel sc\u0103zut (senzor NPN de uz general sau PLC)<\/td>\n<td class=\"et12\" style=\"width: 82.50pt;\" width=\"110\">\u00a0<\/td>\n<td class=\"et12\" style=\"width: 54.00pt;\" width=\"72\">\u00a0<\/td>\n<\/tr>\n<tr style=\"height: 29.00pt;\">\n<td class=\"et6\" style=\"height: 29.00pt; width: 147.75pt;\" width=\"197\" height=\"38\">Temperatura de lucru<\/td>\n<td class=\"et10\" style=\"width: 122.25pt;\" width=\"163\">-20<\/td>\n<td class=\"et10\" style=\"width: 82.50pt;\" width=\"110\">40<\/td>\n<td class=\"et10\" style=\"width: 54.00pt;\" width=\"72\">\u2103<\/td>\n<td class=\"et11\" style=\"width: 216.00pt;\" width=\"288\">Protec\u021bie la supra\u00eenc\u0103lzire: 58\u2103<\/td>\n<\/tr>\n<tr style=\"height: 32.25pt;\">\n<td class=\"et6\" style=\"height: 32.25pt; width: 147.75pt;\" width=\"197\" height=\"43\">Umiditatea relativ\u0103 de lucru<\/td>\n<td class=\"et10\" style=\"width: 122.25pt;\" width=\"163\">0<\/td>\n<td class=\"et10\" style=\"width: 82.50pt;\" width=\"110\">90<\/td>\n<td class=\"et10\" style=\"width: 54.00pt;\" width=\"72\">%<\/td>\n<td class=\"et11\" style=\"width: 216.00pt;\" width=\"288\">Fara condens<\/td>\n<\/tr>\n<tr style=\"height: 64.50pt;\">\n<td class=\"et6\" style=\"height: 64.50pt; width: 147.75pt;\" width=\"197\" height=\"86\">M\u0103suri de protec\u021bie<\/td>\n<td class=\"et10\" style=\"width: 474.75pt;\" colspan=\"4\" width=\"633\">Supra\u00eenc\u0103lzire, supracurent, protec\u021bie la scurtcircuit la ie\u0219ire<\/td>\n<\/tr>\n<tr style=\"height: 31.50pt;\">\n<td class=\"et14\" style=\"height: 31.50pt; width: 147.75pt;\" width=\"197\" height=\"42\">Aplica\u021bie<\/td>\n<td class=\"et15\" style=\"width: 474.75pt;\" colspan=\"4\" width=\"633\">Electromagnetic<\/td>\n<\/tr>\n<\/tbody>\n<\/table>","protected":false},"excerpt":{"rendered":"<p>Controler vibrator SW-10 pentru alimentator cu bol, controler vibrator pentru alimentator, controler digital cu frecven\u021b\u0103 variabil\u0103 pentru alimentator liniar pentru piese vibratoare.<\/p>","protected":false},"featured_media":1990,"comment_status":"open","ping_status":"closed","template":"","meta":[],"product_cat":[45],"product_tag":[],"yoast_head":"<!-- This site is optimized with the Yoast SEO plugin v22.2 - https:\/\/yoast.com\/wordpress\/plugins\/seo\/ -->\n<title>Digital Stabilized Voltage Vibratory Bowl Feeder Controller SW-10 - SWOER<\/title>\n<meta name=\"robots\" content=\"index, follow, max-snippet:-1, max-image-preview:large, max-video-preview:-1\" \/>\n<link rel=\"canonical\" href=\"https:\/\/swoer.com\/ro\/manufacturer\/digital-stabilized-voltage-vibratory-bowl-feeder-controller-sw-10\/\" \/>\n<meta property=\"og:locale\" content=\"ro_RO\" \/>\n<meta property=\"og:type\" content=\"article\" \/>\n<meta property=\"og:title\" content=\"Digital Stabilized Voltage Vibratory Bowl Feeder Controller SW-10 - SWOER\" \/>\n<meta property=\"og:description\" content=\"SW-10 vibratory bowl feeder controller,vibratory bowl feeder controller, variable frequency digital controller for vibratory bowl parts linear feeder.\" \/>\n<meta property=\"og:url\" content=\"https:\/\/swoer.com\/ro\/manufacturer\/digital-stabilized-voltage-vibratory-bowl-feeder-controller-sw-10\/\" \/>\n<meta property=\"og:site_name\" content=\"SWOER\" \/>\n<meta property=\"article:modified_time\" content=\"2024-04-16T06:17:14+00:00\" \/>\n<meta property=\"og:image\" content=\"https:\/\/swoer.com\/wp-content\/uploads\/2024\/04\/Digital-Stabilized-Voltage-Bowl-Feeder-Controller-SW-10.webp\" \/>\n\t<meta property=\"og:image:width\" content=\"1000\" \/>\n\t<meta property=\"og:image:height\" content=\"1000\" \/>\n\t<meta property=\"og:image:type\" content=\"image\/webp\" \/>\n<meta name=\"twitter:card\" content=\"summary_large_image\" \/>\n<meta name=\"twitter:label1\" content=\"Timp estimat pentru citire\" \/>\n\t<meta name=\"twitter:data1\" content=\"1 minut\" \/>\n<script type=\"application\/ld+json\" class=\"yoast-schema-graph\">{\"@context\":\"https:\/\/schema.org\",\"@graph\":[{\"@type\":\"WebPage\",\"@id\":\"https:\/\/swoer.com\/manufacturer\/digital-stabilized-voltage-vibratory-bowl-feeder-controller-sw-10\/\",\"url\":\"https:\/\/swoer.com\/manufacturer\/digital-stabilized-voltage-vibratory-bowl-feeder-controller-sw-10\/\",\"name\":\"Digital Stabilized Voltage Vibratory Bowl Feeder Controller SW-10 - SWOER\",\"isPartOf\":{\"@id\":\"https:\/\/swoer.com\/#website\"},\"primaryImageOfPage\":{\"@id\":\"https:\/\/swoer.com\/manufacturer\/digital-stabilized-voltage-vibratory-bowl-feeder-controller-sw-10\/#primaryimage\"},\"image\":{\"@id\":\"https:\/\/swoer.com\/manufacturer\/digital-stabilized-voltage-vibratory-bowl-feeder-controller-sw-10\/#primaryimage\"},\"thumbnailUrl\":\"https:\/\/swoer.com\/wp-content\/uploads\/2024\/04\/Digital-Stabilized-Voltage-Bowl-Feeder-Controller-SW-10.webp\",\"datePublished\":\"2024-04-16T06:05:57+00:00\",\"dateModified\":\"2024-04-16T06:17:14+00:00\",\"breadcrumb\":{\"@id\":\"https:\/\/swoer.com\/manufacturer\/digital-stabilized-voltage-vibratory-bowl-feeder-controller-sw-10\/#breadcrumb\"},\"inLanguage\":\"ro-RO\",\"potentialAction\":[{\"@type\":\"ReadAction\",\"target\":[\"https:\/\/swoer.com\/manufacturer\/digital-stabilized-voltage-vibratory-bowl-feeder-controller-sw-10\/\"]}]},{\"@type\":\"ImageObject\",\"inLanguage\":\"ro-RO\",\"@id\":\"https:\/\/swoer.com\/manufacturer\/digital-stabilized-voltage-vibratory-bowl-feeder-controller-sw-10\/#primaryimage\",\"url\":\"https:\/\/swoer.com\/wp-content\/uploads\/2024\/04\/Digital-Stabilized-Voltage-Bowl-Feeder-Controller-SW-10.webp\",\"contentUrl\":\"https:\/\/swoer.com\/wp-content\/uploads\/2024\/04\/Digital-Stabilized-Voltage-Bowl-Feeder-Controller-SW-10.webp\",\"width\":1000,\"height\":1000,\"caption\":\"Digital Stabilized Voltage Vibratory Bowl Feeder Controller SW-10\"},{\"@type\":\"BreadcrumbList\",\"@id\":\"https:\/\/swoer.com\/manufacturer\/digital-stabilized-voltage-vibratory-bowl-feeder-controller-sw-10\/#breadcrumb\",\"itemListElement\":[{\"@type\":\"ListItem\",\"position\":1,\"name\":\"Home\",\"item\":\"https:\/\/swoer.com\/\"},{\"@type\":\"ListItem\",\"position\":2,\"name\":\"Shop\",\"item\":\"https:\/\/swoer.com\/shop\/\"},{\"@type\":\"ListItem\",\"position\":3,\"name\":\"Digital Stabilized Voltage Vibratory Bowl Feeder Controller SW-10\"}]},{\"@type\":\"WebSite\",\"@id\":\"https:\/\/swoer.com\/#website\",\"url\":\"https:\/\/swoer.com\/\",\"name\":\"SWOER\",\"description\":\"Swoer is the top 3 vibratory bowl feeder manufacturer in China\",\"potentialAction\":[{\"@type\":\"SearchAction\",\"target\":{\"@type\":\"EntryPoint\",\"urlTemplate\":\"https:\/\/swoer.com\/?s={search_term_string}\"},\"query-input\":\"required name=search_term_string\"}],\"inLanguage\":\"ro-RO\"}]}<\/script>\n<!-- \/ Yoast SEO plugin. -->","yoast_head_json":{"title":"Digital Stabilized Voltage Vibratory Bowl Feeder Controller SW-10 - SWOER","robots":{"index":"index","follow":"follow","max-snippet":"max-snippet:-1","max-image-preview":"max-image-preview:large","max-video-preview":"max-video-preview:-1"},"canonical":"https:\/\/swoer.com\/ro\/manufacturer\/digital-stabilized-voltage-vibratory-bowl-feeder-controller-sw-10\/","og_locale":"ro_RO","og_type":"article","og_title":"Digital Stabilized Voltage Vibratory Bowl Feeder Controller SW-10 - SWOER","og_description":"SW-10 vibratory bowl feeder controller,vibratory bowl feeder controller, variable frequency digital controller for vibratory bowl parts linear feeder.","og_url":"https:\/\/swoer.com\/ro\/manufacturer\/digital-stabilized-voltage-vibratory-bowl-feeder-controller-sw-10\/","og_site_name":"SWOER","article_modified_time":"2024-04-16T06:17:14+00:00","og_image":[{"width":1000,"height":1000,"url":"https:\/\/swoer.com\/wp-content\/uploads\/2024\/04\/Digital-Stabilized-Voltage-Bowl-Feeder-Controller-SW-10.webp","type":"image\/webp"}],"twitter_card":"summary_large_image","twitter_misc":{"Timp estimat pentru citire":"1 minut"},"schema":{"@context":"https:\/\/schema.org","@graph":[{"@type":"WebPage","@id":"https:\/\/swoer.com\/manufacturer\/digital-stabilized-voltage-vibratory-bowl-feeder-controller-sw-10\/","url":"https:\/\/swoer.com\/manufacturer\/digital-stabilized-voltage-vibratory-bowl-feeder-controller-sw-10\/","name":"Digital Stabilized Voltage Vibratory Bowl Feeder Controller SW-10 - SWOER","isPartOf":{"@id":"https:\/\/swoer.com\/#website"},"primaryImageOfPage":{"@id":"https:\/\/swoer.com\/manufacturer\/digital-stabilized-voltage-vibratory-bowl-feeder-controller-sw-10\/#primaryimage"},"image":{"@id":"https:\/\/swoer.com\/manufacturer\/digital-stabilized-voltage-vibratory-bowl-feeder-controller-sw-10\/#primaryimage"},"thumbnailUrl":"https:\/\/swoer.com\/wp-content\/uploads\/2024\/04\/Digital-Stabilized-Voltage-Bowl-Feeder-Controller-SW-10.webp","datePublished":"2024-04-16T06:05:57+00:00","dateModified":"2024-04-16T06:17:14+00:00","breadcrumb":{"@id":"https:\/\/swoer.com\/manufacturer\/digital-stabilized-voltage-vibratory-bowl-feeder-controller-sw-10\/#breadcrumb"},"inLanguage":"ro-RO","potentialAction":[{"@type":"ReadAction","target":["https:\/\/swoer.com\/manufacturer\/digital-stabilized-voltage-vibratory-bowl-feeder-controller-sw-10\/"]}]},{"@type":"ImageObject","inLanguage":"ro-RO","@id":"https:\/\/swoer.com\/manufacturer\/digital-stabilized-voltage-vibratory-bowl-feeder-controller-sw-10\/#primaryimage","url":"https:\/\/swoer.com\/wp-content\/uploads\/2024\/04\/Digital-Stabilized-Voltage-Bowl-Feeder-Controller-SW-10.webp","contentUrl":"https:\/\/swoer.com\/wp-content\/uploads\/2024\/04\/Digital-Stabilized-Voltage-Bowl-Feeder-Controller-SW-10.webp","width":1000,"height":1000,"caption":"Digital Stabilized Voltage Vibratory Bowl Feeder Controller SW-10"},{"@type":"BreadcrumbList","@id":"https:\/\/swoer.com\/manufacturer\/digital-stabilized-voltage-vibratory-bowl-feeder-controller-sw-10\/#breadcrumb","itemListElement":[{"@type":"ListItem","position":1,"name":"Home","item":"https:\/\/swoer.com\/"},{"@type":"ListItem","position":2,"name":"Shop","item":"https:\/\/swoer.com\/shop\/"},{"@type":"ListItem","position":3,"name":"Digital Stabilized Voltage Vibratory Bowl Feeder Controller SW-10"}]},{"@type":"WebSite","@id":"https:\/\/swoer.com\/#website","url":"https:\/\/swoer.com\/","name":"SWOER","description":"Swoer is the top 3 vibratory bowl feeder manufacturer in China","potentialAction":[{"@type":"SearchAction","target":{"@type":"EntryPoint","urlTemplate":"https:\/\/swoer.com\/?s={search_term_string}"},"query-input":"required name=search_term_string"}],"inLanguage":"ro-RO"}]}},"_links":{"self":[{"href":"https:\/\/swoer.com\/ro\/wp-json\/wp\/v2\/product\/1989"}],"collection":[{"href":"https:\/\/swoer.com\/ro\/wp-json\/wp\/v2\/product"}],"about":[{"href":"https:\/\/swoer.com\/ro\/wp-json\/wp\/v2\/types\/product"}],"replies":[{"embeddable":true,"href":"https:\/\/swoer.com\/ro\/wp-json\/wp\/v2\/comments?post=1989"}],"wp:featuredmedia":[{"embeddable":true,"href":"https:\/\/swoer.com\/ro\/wp-json\/wp\/v2\/media\/1990"}],"wp:attachment":[{"href":"https:\/\/swoer.com\/ro\/wp-json\/wp\/v2\/media?parent=1989"}],"wp:term":[{"taxonomy":"product_cat","embeddable":true,"href":"https:\/\/swoer.com\/ro\/wp-json\/wp\/v2\/product_cat?post=1989"},{"taxonomy":"product_tag","embeddable":true,"href":"https:\/\/swoer.com\/ro\/wp-json\/wp\/v2\/product_tag?post=1989"}],"curies":[{"name":"wp","href":"https:\/\/api.w.org\/{rel}","templated":true}]}}