{"id":1983,"date":"2024-04-13T08:53:42","date_gmt":"2024-04-13T08:53:42","guid":{"rendered":"https:\/\/swoer.com\/?post_type=product&#038;p=1983"},"modified":"2024-04-13T08:56:56","modified_gmt":"2024-04-13T08:56:56","slug":"digital-stabilized-voltage-bowl-feeder-controller-sw-10","status":"publish","type":"product","link":"https:\/\/swoer.com\/ro\/manufacturer\/digital-stabilized-voltage-bowl-feeder-controller-sw-10\/","title":{"rendered":"Controler de alimentare cu bol cu tensiune stabilizat\u0103 digital SW-10"},"content":{"rendered":"<h2>Caracteristici:<\/h2>\n<p><strong>Dimensiuni:<\/strong> L128mm*L50mm*H53mm<\/p>\n<p><strong>Dimensiunea orificiului de instalare:<\/strong> 119mm 1 an garantie<\/p>\n<p><strong>1.<\/strong> Prin atingerea u\u0219oar\u0103 a tastei pentru a porni \u0219i opri func\u021bionarea, convenabil \u0219i fiabil.<\/p>\n<p><strong>2.<\/strong> Patru seturi de lumini indicatoare de stare de lucru, interfa\u021b\u0103 de operare simpl\u0103 \u0219i intuitiv\u0103.<\/p>\n<p><strong>3.<\/strong> Programul inteligent de pornire lent\u0103 \u0219i oprire lent\u0103 \u00eencorporat, asigur\u0103 alimentarea f\u0103r\u0103 probleme a momentului de pornire \u0219i oprire.<\/p>\n<p><strong>4.<\/strong> Utiliza\u021bi un poten\u021biometru cu durat\u0103 lung\u0103 de via\u021b\u0103 complet sigilat, stabil \u0219i durabil.<\/p>\n<p><strong>5.<\/strong> Performan\u021b\u0103 bun\u0103 de reglare, \u00cen cazul fluctua\u021biilor de tensiune re\u021belei electrice, asigura\u021bi o vitez\u0103 stabil\u0103 de alimentare.<\/p>\n<p><strong>6.<\/strong> Sistem foarte integrat, dimensiuni optimizate, greutate redus\u0103, amprent\u0103 redus\u0103, instalare u\u0219oar\u0103.<\/p>\n<p><strong>7.<\/strong> Locuin\u021b\u0103 complet \u00eenchis\u0103, adaptat\u0103 mediului de lucru ostil.<\/p>\n<p><strong>8.<\/strong> Cu supra\u00eenc\u0103lzire, suprasarcin\u0103, protec\u021bie la scurtcircuit la ie\u0219ire.<\/p>\n\t<div id=\"gap-1291499302\" class=\"gap-element clearfix\" style=\"display:block; height:auto;\">\n\t\t\n<style>\n#gap-1291499302 {\n  padding-top: 30px;\n}\n<\/style>\n\t<\/div>\n\t\n<h2><strong>Specifica\u021bie tehnic\u0103:<\/strong><\/h2>\n<table style=\"border-collapse: collapse; width: 552.77pt;\" border=\"0\" width=\"737\" cellspacing=\"0\" cellpadding=\"0\">\n<tbody>\n<tr style=\"height: 17.25pt;\">\n<td class=\"et2\" style=\"height: 33.75pt; width: 122.25pt;\" rowspan=\"2\" width=\"163\" height=\"45\"><span class=\"font1\">Articol<\/span><\/td>\n<td class=\"et3\" style=\"width: 159.00pt;\" colspan=\"2\" width=\"212\"><span class=\"font1\">Valoarea intervalului<\/span><\/td>\n<td class=\"et4\" style=\"width: 54.00pt; border-bottom: 1.0pt solid #DDDDDD;\" rowspan=\"2\" width=\"72\"><span class=\"font1\">Unitate<\/span><\/td>\n<td class=\"et5\" style=\"width: 217.50pt;\" rowspan=\"2\" width=\"290\"><span class=\"font1\">Observa\u021bie<\/span><\/td>\n<\/tr>\n<tr style=\"height: 16.50pt;\">\n<td class=\"et7\" style=\"width: 54.00pt;\" width=\"72\"><span class=\"font1\">Min.<\/span><\/td>\n<td class=\"et7\" style=\"width: 105.00pt;\" width=\"140\"><span class=\"font1\">Max.<\/span><\/td>\n<\/tr>\n<tr style=\"height: 45.75pt;\">\n<td class=\"et6\" style=\"height: 45.75pt; width: 122.25pt;\" width=\"163\" height=\"61\"><span class=\"font1\">Tensiune de intrare<\/span><\/td>\n<td class=\"et10\" style=\"width: 54.00pt;\" width=\"72\">85<\/td>\n<td class=\"et10\" style=\"width: 105.00pt;\" width=\"140\">265<\/td>\n<td class=\"et10\" style=\"width: 54.00pt;\" width=\"72\"><span class=\"font2\">V<\/span><\/td>\n<td class=\"et11\" style=\"width: 217.50pt;\" width=\"290\"><span class=\"font2\">Unda sinusoidala 50\/60Hz<\/span><\/td>\n<\/tr>\n<tr style=\"height: 75.75pt;\">\n<td class=\"et6\" style=\"height: 75.75pt; width: 122.25pt;\" width=\"163\" height=\"101\"><span class=\"font1\">Tensiune de ie\u0219ire<\/span><\/td>\n<td class=\"et10\" style=\"width: 54.00pt;\" width=\"72\">0<\/td>\n<td class=\"et10\" style=\"width: 105.00pt;\" width=\"140\">250<\/td>\n<td class=\"et10\" style=\"width: 54.00pt;\" width=\"72\"><span class=\"font2\">V<\/span><\/td>\n<td class=\"et11\" style=\"width: 217.50pt;\" width=\"290\"><span class=\"font2\">Precizia reglarii tensiunii: 1v<\/span><\/td>\n<\/tr>\n<tr style=\"height: 60.75pt;\">\n<td class=\"et6\" style=\"height: 60.75pt; width: 122.25pt;\" width=\"163\" height=\"81\"><span class=\"font1\">Curent de ie\u0219ire<\/span><\/td>\n<td class=\"et10\" style=\"width: 54.00pt;\" width=\"72\">0<\/td>\n<td class=\"et10\" style=\"width: 105.00pt;\" width=\"140\">4.5<\/td>\n<td class=\"et10\" style=\"width: 54.00pt;\" width=\"72\"><span class=\"font2\">A<\/span><\/td>\n<td class=\"et11\" style=\"width: 217.50pt;\" width=\"290\"><span class=\"font2\">Putere nominal\u0103: 1.5A\/3a\/4.5A<\/span><\/td>\n<\/tr>\n<tr style=\"height: 60.75pt;\">\n<td class=\"et6\" style=\"height: 60.75pt; width: 122.25pt;\" width=\"163\" height=\"81\"><span class=\"font1\">Frecven\u021ba de ie\u0219ire<\/span><\/td>\n<td class=\"et10\" style=\"width: 54.00pt;\" width=\"72\">40<\/td>\n<td class=\"et10\" style=\"width: 105.00pt;\" width=\"140\">400<\/td>\n<td class=\"et10\" style=\"width: 54.00pt;\" width=\"72\"><span class=\"font2\">Hz<\/span><\/td>\n<td class=\"et11\" style=\"width: 217.50pt;\" width=\"290\"><span class=\"font2\">Precizia intervalului de frecven\u021b\u0103: 0,1 Hz<\/span><\/td>\n<\/tr>\n<tr style=\"height: 33.00pt;\">\n<td class=\"et6\" style=\"height: 33.00pt; width: 122.25pt;\" width=\"163\" height=\"44\"><span class=\"font1\">Val de ie\u0219ire<\/span><\/td>\n<td class=\"et10\" style=\"width: 430.50pt;\" colspan=\"4\" width=\"574\"><span class=\"font2\">Und\u0103 sinusoidal\u0103<\/span><\/td>\n<\/tr>\n<tr style=\"height: 63.75pt;\">\n<td class=\"et6\" style=\"height: 63.75pt; width: 122.25pt;\" width=\"163\" height=\"85\"><span class=\"font1\">Pornirea intervalului de timp de \u00eent\u00e2rziere<\/span><\/td>\n<td class=\"et10\" style=\"width: 54.00pt;\" width=\"72\">0<\/td>\n<td class=\"et10\" style=\"width: 105.00pt;\" width=\"140\">30<\/td>\n<td class=\"et10\" style=\"width: 54.00pt;\" width=\"72\"><span class=\"font2\">S<\/span><\/td>\n<td class=\"et11\" style=\"width: 217.50pt;\" width=\"290\"><span class=\"font2\">Precizia timpului de \u00eent\u00e2rziere: 15<\/span><\/td>\n<\/tr>\n<tr style=\"height: 60.75pt;\">\n<td class=\"et6\" style=\"height: 60.75pt; width: 122.25pt;\" width=\"163\" height=\"81\"><span class=\"font1\">Interval de timp de \u00eent\u00e2rziere la oprire<\/span><\/td>\n<td class=\"et10\" style=\"width: 54.00pt;\" width=\"72\">0<\/td>\n<td class=\"et10\" style=\"width: 105.00pt;\" width=\"140\">30<\/td>\n<td class=\"et10\" style=\"width: 54.00pt;\" width=\"72\"><span class=\"font2\">S<\/span><\/td>\n<td class=\"et11\" style=\"width: 217.50pt;\" width=\"290\"><span class=\"font2\">Precizia timpului de \u00eent\u00e2rziere: 15<\/span><\/td>\n<\/tr>\n<tr style=\"height: 60.75pt;\">\n<td class=\"et6\" style=\"height: 60.75pt; width: 122.25pt;\" width=\"163\" height=\"81\"><span class=\"font1\">Ora de pornire lent<\/span><\/td>\n<td class=\"et10\" style=\"width: 54.00pt;\" width=\"72\">0.1<\/td>\n<td class=\"et10\" style=\"width: 105.00pt;\" width=\"140\">9.9<\/td>\n<td class=\"et10\" style=\"width: 54.00pt;\" width=\"72\"><span class=\"font2\">S<\/span><\/td>\n<td class=\"et11\" style=\"width: 217.50pt;\" width=\"290\"><span class=\"font2\">Timp de pornire lent: 0,15<\/span><\/td>\n<\/tr>\n<tr style=\"height: 48.00pt;\">\n<td class=\"et6\" style=\"height: 48.00pt; width: 122.25pt;\" width=\"163\" height=\"64\"><span class=\"font1\">Timp de oprire lent<\/span><\/td>\n<td class=\"et10\" style=\"width: 54.00pt;\" width=\"72\">0.1<\/td>\n<td class=\"et10\" style=\"width: 105.00pt;\" width=\"140\">0.3<\/td>\n<td class=\"et10\" style=\"width: 54.00pt;\" width=\"72\"><span class=\"font2\">S<\/span><\/td>\n<td class=\"et11\" style=\"width: 217.50pt;\" width=\"290\"><span class=\"font2\">Program control automat<\/span><\/td>\n<\/tr>\n<tr style=\"height: 120.75pt;\">\n<td class=\"et6\" style=\"height: 120.75pt; width: 122.25pt;\" width=\"163\" height=\"161\"><span class=\"font1\">Sensibilitatea fotoelectric\u0103<\/span><\/td>\n<td class=\"et10\" style=\"width: 54.00pt;\" width=\"72\">0<\/td>\n<td class=\"et10\" style=\"width: 105.00pt;\" width=\"140\">99<\/td>\n<td class=\"et12\" style=\"width: 54.00pt;\" width=\"72\">\u00a0<\/td>\n<td class=\"et11\" style=\"width: 217.50pt;\" width=\"290\"><span class=\"font2\">Cu c\u00e2t valoarea este mai mare. Cu c\u00e2t sensibilitatea este mai mare<\/span><\/td>\n<\/tr>\n<tr style=\"height: 136.50pt;\">\n<td class=\"et6\" style=\"height: 136.50pt; width: 122.25pt;\" width=\"163\" height=\"182\"><span class=\"font1\">Ie\u0219ire de control DC<\/span><\/td>\n<td class=\"et10\" style=\"width: 159.00pt;\" colspan=\"2\" width=\"212\"><span class=\"font2\">24V 200mA<\/span><\/td>\n<td class=\"et12\" style=\"width: 54.00pt;\" width=\"72\">\u00a0<\/td>\n<td class=\"et11\" style=\"width: 217.50pt;\" width=\"290\"><span class=\"font2\">Ac\u021bioneaz\u0103 senzori externi \u0219i electrovalve de putere redus\u0103 pentru alimentarea cu energie<\/span><\/td>\n<\/tr>\n<tr style=\"height: 64.50pt;\">\n<td class=\"et6\" style=\"height: 64.50pt; width: 122.25pt;\" width=\"163\" height=\"86\"><span class=\"font1\">Consumul de energie f\u0103r\u0103 sarcin\u0103<\/span><\/td>\n<td class=\"et10\" style=\"width: 159.00pt;\" colspan=\"2\" width=\"212\"><span class=\"font2\">\uff1c3W<\/span><\/td>\n<td class=\"et10\" style=\"width: 54.00pt;\" width=\"72\"><span class=\"font2\">W<\/span><\/td>\n<td class=\"et11\" style=\"width: 217.50pt;\" width=\"290\"><span class=\"font2\">Tensiune de intrare: 220V 50Hz<\/span><\/td>\n<\/tr>\n<tr style=\"height: 33.00pt;\">\n<td class=\"et6\" style=\"height: 33.00pt; width: 122.25pt;\" width=\"163\" height=\"44\"><span class=\"font1\">Modul de afi\u0219are<\/span><\/td>\n<td class=\"et10\" style=\"width: 159.00pt;\" colspan=\"2\" width=\"212\"><span class=\"font2\">LED+indicator luminos 5<\/span><\/td>\n<td class=\"et12\" style=\"width: 54.00pt;\" width=\"72\">\u00a0<\/td>\n<td class=\"et13\" style=\"width: 217.50pt;\" width=\"290\">\u00a0<\/td>\n<\/tr>\n<tr style=\"height: 91.50pt;\">\n<td class=\"et6\" style=\"height: 91.50pt; width: 122.25pt;\" width=\"163\" height=\"122\"><span class=\"font1\">Mod de operare<\/span><\/td>\n<td class=\"et10\" style=\"width: 159.00pt;\" colspan=\"2\" width=\"212\"><span class=\"font2\">Chei + comutator de codare<\/span><\/td>\n<td class=\"et12\" style=\"width: 54.00pt;\" width=\"72\">\u00a0<\/td>\n<td class=\"et11\" style=\"width: 217.50pt;\" width=\"290\"><span class=\"font2\">Func\u021bionare cu navet\u0103 rapid\u0103, design patentat<\/span><\/td>\n<\/tr>\n<tr style=\"height: 76.50pt;\">\n<td class=\"et6\" style=\"height: 182.25pt; width: 122.25pt;\" rowspan=\"2\" width=\"163\" height=\"243\"><span class=\"font1\">Modul de control<\/span><\/td>\n<td class=\"et10\" style=\"width: 54.00pt;\" width=\"72\"><span class=\"font2\">Cu senzor fotoelctric infrarosu<\/span><\/td>\n<td class=\"et12\" style=\"width: 105.00pt;\" width=\"140\">\u00a0<\/td>\n<td class=\"et12\" style=\"width: 54.00pt;\" width=\"72\">\u00a0<\/td>\n<td class=\"et11\" style=\"width: 217.50pt;\" rowspan=\"2\" width=\"290\"><span class=\"font2\">Controlul opririi materialelor pline\/gol<\/span><\/td>\n<\/tr>\n<tr style=\"height: 105.75pt;\">\n<td class=\"et10\" style=\"width: 54.00pt;\" width=\"72\"><span class=\"font2\">Semnal de nivel sc\u0103zut (senzor NPN de uz general sau PLC)<\/span><\/td>\n<td class=\"et12\" style=\"width: 105.00pt;\" width=\"140\">\u00a0<\/td>\n<td class=\"et12\" style=\"width: 54.00pt;\" width=\"72\">\u00a0<\/td>\n<\/tr>\n<tr style=\"height: 60.75pt;\">\n<td class=\"et6\" style=\"height: 60.75pt; width: 122.25pt;\" width=\"163\" height=\"81\"><span class=\"font1\">Temperatura de lucru<\/span><\/td>\n<td class=\"et10\" style=\"width: 54.00pt;\" width=\"72\">-20<\/td>\n<td class=\"et10\" style=\"width: 105.00pt;\" width=\"140\">40<\/td>\n<td class=\"et10\" style=\"width: 54.00pt;\" width=\"72\"><span class=\"font2\">\u2103<\/span><\/td>\n<td class=\"et11\" style=\"width: 217.50pt;\" width=\"290\"><span class=\"font2\">Protec\u021bie la supra\u00eenc\u0103lzire: 58\u2103<\/span><\/td>\n<\/tr>\n<tr style=\"height: 48.00pt;\">\n<td class=\"et6\" style=\"height: 48.00pt; width: 122.25pt;\" width=\"163\" height=\"64\"><span class=\"font1\">Umiditatea relativ\u0103 de lucru<\/span><\/td>\n<td class=\"et10\" style=\"width: 54.00pt;\" width=\"72\">0<\/td>\n<td class=\"et10\" style=\"width: 105.00pt;\" width=\"140\">90<\/td>\n<td class=\"et10\" style=\"width: 54.00pt;\" width=\"72\"><span class=\"font2\">%<\/span><\/td>\n<td class=\"et11\" style=\"width: 217.50pt;\" width=\"290\"><span class=\"font2\">Fara condens<\/span><\/td>\n<\/tr>\n<tr style=\"height: 64.50pt;\">\n<td class=\"et6\" style=\"height: 64.50pt; width: 122.25pt;\" width=\"163\" height=\"86\"><span class=\"font1\">M\u0103suri de protec\u021bie<\/span><\/td>\n<td class=\"et10\" style=\"width: 430.50pt;\" colspan=\"4\" width=\"574\"><span class=\"font2\">Supra\u00eenc\u0103lzire, supracurent, protec\u021bie la scurtcircuit la ie\u0219ire<\/span><\/td>\n<\/tr>\n<tr style=\"height: 31.50pt;\">\n<td class=\"et14\" style=\"height: 31.50pt; width: 122.25pt;\" width=\"163\" height=\"42\"><span class=\"font1\">Aplica\u021bie<\/span><\/td>\n<td class=\"et15\" style=\"width: 430.50pt;\" colspan=\"4\" width=\"574\"><span class=\"font2\">Electromagnetic<\/span><\/td>\n<\/tr>\n<\/tbody>\n<\/table>","protected":false},"excerpt":{"rendered":"<p>V\u0103 prezent\u0103m controlerul de alimentare cu bol cu tensiune stabilizat\u0103 digital SW-10: Compact la L128 mmW50 mmH53 mm, cu o garan\u021bie de un an. Dispune de o tast\u0103 tactil\u0103 u\u0219oar\u0103, patru lumini indicatoare pentru o operare u\u0219oar\u0103 \u0219i o pornire\/oprire lent\u0103 \u00eencorporat\u0103 pentru o hr\u0103nire lin\u0103. Un poten\u021biometru durabil asigur\u0103 stabilitate \u00een timpul fluctua\u021biilor de putere. Compact \u0219i u\u0219or pentru o instalare u\u0219oar\u0103, cu o carcas\u0103 complet \u00eenchis\u0103 pentru durabilitate \u00een condi\u021bii dificile. Include protectii impotriva supraincalzirii si suprasarcinii. Experimenta\u021bi hr\u0103nirea eficient\u0103 cu SW-10.<\/p>","protected":false},"featured_media":1984,"comment_status":"open","ping_status":"closed","template":"","meta":[],"product_cat":[45],"product_tag":[],"yoast_head":"<!-- This site is optimized with the Yoast SEO plugin v22.2 - https:\/\/yoast.com\/wordpress\/plugins\/seo\/ -->\n<title>Digital Stabilized Voltage Bowl Feeder Controller SW-10 - SWOER<\/title>\n<meta name=\"robots\" content=\"index, follow, max-snippet:-1, max-image-preview:large, max-video-preview:-1\" \/>\n<link rel=\"canonical\" href=\"https:\/\/swoer.com\/ro\/manufacturer\/digital-stabilized-voltage-bowl-feeder-controller-sw-10\/\" \/>\n<meta property=\"og:locale\" content=\"ro_RO\" \/>\n<meta property=\"og:type\" content=\"article\" \/>\n<meta property=\"og:title\" content=\"Digital Stabilized Voltage Bowl Feeder Controller SW-10 - SWOER\" \/>\n<meta property=\"og:description\" content=\"Introducing the Digital Stabilized Voltage Bowl Feeder Controller SW-10: Compact at L128 mmW50 mmH53 mm, with a one-year warranty. Features a light-touch key, four indicator lights for easy operation, and a built-in slow start\/stop for smooth feeding. A durable potentiometer ensures stability during power fluctuations. Compact and lightweight for easy installation, with a fully enclosed casing for durability in tough conditions. Includes protections against overheating and overload. Experience efficient feeding with SW-10.\" \/>\n<meta property=\"og:url\" content=\"https:\/\/swoer.com\/ro\/manufacturer\/digital-stabilized-voltage-bowl-feeder-controller-sw-10\/\" \/>\n<meta property=\"og:site_name\" content=\"SWOER\" \/>\n<meta property=\"article:modified_time\" content=\"2024-04-13T08:56:56+00:00\" \/>\n<meta property=\"og:image\" content=\"https:\/\/swoer.com\/wp-content\/uploads\/2024\/04\/Digital-Stabilized-Voltage-Bowl-Feeder-Controller-SW-10.jpg\" \/>\n\t<meta property=\"og:image:width\" content=\"1000\" \/>\n\t<meta property=\"og:image:height\" content=\"1000\" \/>\n\t<meta property=\"og:image:type\" content=\"image\/jpeg\" \/>\n<meta name=\"twitter:card\" content=\"summary_large_image\" \/>\n<meta name=\"twitter:label1\" content=\"Timp estimat pentru citire\" \/>\n\t<meta name=\"twitter:data1\" content=\"1 minut\" \/>\n<script type=\"application\/ld+json\" class=\"yoast-schema-graph\">{\"@context\":\"https:\/\/schema.org\",\"@graph\":[{\"@type\":\"WebPage\",\"@id\":\"https:\/\/swoer.com\/manufacturer\/digital-stabilized-voltage-bowl-feeder-controller-sw-10\/\",\"url\":\"https:\/\/swoer.com\/manufacturer\/digital-stabilized-voltage-bowl-feeder-controller-sw-10\/\",\"name\":\"Digital Stabilized Voltage Bowl Feeder Controller SW-10 - SWOER\",\"isPartOf\":{\"@id\":\"https:\/\/swoer.com\/#website\"},\"primaryImageOfPage\":{\"@id\":\"https:\/\/swoer.com\/manufacturer\/digital-stabilized-voltage-bowl-feeder-controller-sw-10\/#primaryimage\"},\"image\":{\"@id\":\"https:\/\/swoer.com\/manufacturer\/digital-stabilized-voltage-bowl-feeder-controller-sw-10\/#primaryimage\"},\"thumbnailUrl\":\"https:\/\/swoer.com\/wp-content\/uploads\/2024\/04\/Digital-Stabilized-Voltage-Bowl-Feeder-Controller-SW-10.jpg\",\"datePublished\":\"2024-04-13T08:53:42+00:00\",\"dateModified\":\"2024-04-13T08:56:56+00:00\",\"breadcrumb\":{\"@id\":\"https:\/\/swoer.com\/manufacturer\/digital-stabilized-voltage-bowl-feeder-controller-sw-10\/#breadcrumb\"},\"inLanguage\":\"ro-RO\",\"potentialAction\":[{\"@type\":\"ReadAction\",\"target\":[\"https:\/\/swoer.com\/manufacturer\/digital-stabilized-voltage-bowl-feeder-controller-sw-10\/\"]}]},{\"@type\":\"ImageObject\",\"inLanguage\":\"ro-RO\",\"@id\":\"https:\/\/swoer.com\/manufacturer\/digital-stabilized-voltage-bowl-feeder-controller-sw-10\/#primaryimage\",\"url\":\"https:\/\/swoer.com\/wp-content\/uploads\/2024\/04\/Digital-Stabilized-Voltage-Bowl-Feeder-Controller-SW-10.jpg\",\"contentUrl\":\"https:\/\/swoer.com\/wp-content\/uploads\/2024\/04\/Digital-Stabilized-Voltage-Bowl-Feeder-Controller-SW-10.jpg\",\"width\":1000,\"height\":1000,\"caption\":\"Digital Stabilized Voltage Bowl Feeder Controller SW-10\"},{\"@type\":\"BreadcrumbList\",\"@id\":\"https:\/\/swoer.com\/manufacturer\/digital-stabilized-voltage-bowl-feeder-controller-sw-10\/#breadcrumb\",\"itemListElement\":[{\"@type\":\"ListItem\",\"position\":1,\"name\":\"Home\",\"item\":\"https:\/\/swoer.com\/\"},{\"@type\":\"ListItem\",\"position\":2,\"name\":\"Shop\",\"item\":\"https:\/\/swoer.com\/shop\/\"},{\"@type\":\"ListItem\",\"position\":3,\"name\":\"Digital Stabilized Voltage Bowl Feeder Controller SW-10\"}]},{\"@type\":\"WebSite\",\"@id\":\"https:\/\/swoer.com\/#website\",\"url\":\"https:\/\/swoer.com\/\",\"name\":\"SWOER\",\"description\":\"Swoer is the top 3 vibratory bowl feeder manufacturer in China\",\"potentialAction\":[{\"@type\":\"SearchAction\",\"target\":{\"@type\":\"EntryPoint\",\"urlTemplate\":\"https:\/\/swoer.com\/?s={search_term_string}\"},\"query-input\":\"required name=search_term_string\"}],\"inLanguage\":\"ro-RO\"}]}<\/script>\n<!-- \/ Yoast SEO plugin. -->","yoast_head_json":{"title":"Digital Stabilized Voltage Bowl Feeder Controller SW-10 - SWOER","robots":{"index":"index","follow":"follow","max-snippet":"max-snippet:-1","max-image-preview":"max-image-preview:large","max-video-preview":"max-video-preview:-1"},"canonical":"https:\/\/swoer.com\/ro\/manufacturer\/digital-stabilized-voltage-bowl-feeder-controller-sw-10\/","og_locale":"ro_RO","og_type":"article","og_title":"Digital Stabilized Voltage Bowl Feeder Controller SW-10 - SWOER","og_description":"Introducing the Digital Stabilized Voltage Bowl Feeder Controller SW-10: Compact at L128 mmW50 mmH53 mm, with a one-year warranty. Features a light-touch key, four indicator lights for easy operation, and a built-in slow start\/stop for smooth feeding. A durable potentiometer ensures stability during power fluctuations. Compact and lightweight for easy installation, with a fully enclosed casing for durability in tough conditions. Includes protections against overheating and overload. Experience efficient feeding with SW-10.","og_url":"https:\/\/swoer.com\/ro\/manufacturer\/digital-stabilized-voltage-bowl-feeder-controller-sw-10\/","og_site_name":"SWOER","article_modified_time":"2024-04-13T08:56:56+00:00","og_image":[{"width":1000,"height":1000,"url":"https:\/\/swoer.com\/wp-content\/uploads\/2024\/04\/Digital-Stabilized-Voltage-Bowl-Feeder-Controller-SW-10.jpg","type":"image\/jpeg"}],"twitter_card":"summary_large_image","twitter_misc":{"Timp estimat pentru citire":"1 minut"},"schema":{"@context":"https:\/\/schema.org","@graph":[{"@type":"WebPage","@id":"https:\/\/swoer.com\/manufacturer\/digital-stabilized-voltage-bowl-feeder-controller-sw-10\/","url":"https:\/\/swoer.com\/manufacturer\/digital-stabilized-voltage-bowl-feeder-controller-sw-10\/","name":"Digital Stabilized Voltage Bowl Feeder Controller SW-10 - SWOER","isPartOf":{"@id":"https:\/\/swoer.com\/#website"},"primaryImageOfPage":{"@id":"https:\/\/swoer.com\/manufacturer\/digital-stabilized-voltage-bowl-feeder-controller-sw-10\/#primaryimage"},"image":{"@id":"https:\/\/swoer.com\/manufacturer\/digital-stabilized-voltage-bowl-feeder-controller-sw-10\/#primaryimage"},"thumbnailUrl":"https:\/\/swoer.com\/wp-content\/uploads\/2024\/04\/Digital-Stabilized-Voltage-Bowl-Feeder-Controller-SW-10.jpg","datePublished":"2024-04-13T08:53:42+00:00","dateModified":"2024-04-13T08:56:56+00:00","breadcrumb":{"@id":"https:\/\/swoer.com\/manufacturer\/digital-stabilized-voltage-bowl-feeder-controller-sw-10\/#breadcrumb"},"inLanguage":"ro-RO","potentialAction":[{"@type":"ReadAction","target":["https:\/\/swoer.com\/manufacturer\/digital-stabilized-voltage-bowl-feeder-controller-sw-10\/"]}]},{"@type":"ImageObject","inLanguage":"ro-RO","@id":"https:\/\/swoer.com\/manufacturer\/digital-stabilized-voltage-bowl-feeder-controller-sw-10\/#primaryimage","url":"https:\/\/swoer.com\/wp-content\/uploads\/2024\/04\/Digital-Stabilized-Voltage-Bowl-Feeder-Controller-SW-10.jpg","contentUrl":"https:\/\/swoer.com\/wp-content\/uploads\/2024\/04\/Digital-Stabilized-Voltage-Bowl-Feeder-Controller-SW-10.jpg","width":1000,"height":1000,"caption":"Digital Stabilized Voltage Bowl Feeder Controller SW-10"},{"@type":"BreadcrumbList","@id":"https:\/\/swoer.com\/manufacturer\/digital-stabilized-voltage-bowl-feeder-controller-sw-10\/#breadcrumb","itemListElement":[{"@type":"ListItem","position":1,"name":"Home","item":"https:\/\/swoer.com\/"},{"@type":"ListItem","position":2,"name":"Shop","item":"https:\/\/swoer.com\/shop\/"},{"@type":"ListItem","position":3,"name":"Digital Stabilized Voltage Bowl Feeder Controller SW-10"}]},{"@type":"WebSite","@id":"https:\/\/swoer.com\/#website","url":"https:\/\/swoer.com\/","name":"SWOER","description":"Swoer is the top 3 vibratory bowl feeder manufacturer in China","potentialAction":[{"@type":"SearchAction","target":{"@type":"EntryPoint","urlTemplate":"https:\/\/swoer.com\/?s={search_term_string}"},"query-input":"required name=search_term_string"}],"inLanguage":"ro-RO"}]}},"_links":{"self":[{"href":"https:\/\/swoer.com\/ro\/wp-json\/wp\/v2\/product\/1983"}],"collection":[{"href":"https:\/\/swoer.com\/ro\/wp-json\/wp\/v2\/product"}],"about":[{"href":"https:\/\/swoer.com\/ro\/wp-json\/wp\/v2\/types\/product"}],"replies":[{"embeddable":true,"href":"https:\/\/swoer.com\/ro\/wp-json\/wp\/v2\/comments?post=1983"}],"wp:featuredmedia":[{"embeddable":true,"href":"https:\/\/swoer.com\/ro\/wp-json\/wp\/v2\/media\/1984"}],"wp:attachment":[{"href":"https:\/\/swoer.com\/ro\/wp-json\/wp\/v2\/media?parent=1983"}],"wp:term":[{"taxonomy":"product_cat","embeddable":true,"href":"https:\/\/swoer.com\/ro\/wp-json\/wp\/v2\/product_cat?post=1983"},{"taxonomy":"product_tag","embeddable":true,"href":"https:\/\/swoer.com\/ro\/wp-json\/wp\/v2\/product_tag?post=1983"}],"curies":[{"name":"wp","href":"https:\/\/api.w.org\/{rel}","templated":true}]}}