{"id":1979,"date":"2024-04-13T07:33:22","date_gmt":"2024-04-13T07:33:22","guid":{"rendered":"https:\/\/swoer.com\/?post_type=product&#038;p=1979"},"modified":"2024-04-13T09:01:56","modified_gmt":"2024-04-13T09:01:56","slug":"vibratory-bowl-feeder-controller-sdvc31-xlr","status":"publish","type":"product","link":"https:\/\/swoer.com\/ro\/manufacturer\/vibratory-bowl-feeder-controller-sdvc31-xlr\/","title":{"rendered":"Controler vibrator pentru alimentator cu bol SDVC31-XLR"},"content":{"rendered":"<h2><strong><b>Caracteristici:<\/b><\/strong><\/h2>\n<p><strong><b>Certificat CE<\/b><\/strong><strong><b>, <\/b><\/strong><strong><b>Conform RoHS.<\/b><\/strong><\/p>\n<p><strong><b>Ajustarea frecventei:\u00a0<\/b><\/strong>Frecven\u021ba de ie\u0219ire a controlerului poate fi ajustat\u0103 manual la frecven\u021ba de rezonan\u021b\u0103 a alimentatorului vibrator pentru a ob\u021bine un efect de alimentare lin\u0103, silen\u021bios \u0219i de economisire a energiei.<\/p>\n<p><strong><b>Reglare automat\u0103 a tensiunii de \u00eenalt\u0103 precizie:<\/b><\/strong>\u00a0Circuitul digital intern de reglare a tensiunii poate elimina varia\u021bia vitezei de alimentare cauzate de fluctua\u021bia tensiunii de la re\u021bea.<\/p>\n<p><strong><b>Pornire soft reglabil\u0103 \u00een timp:<\/b><\/strong>\u00a0Controlerul va cre\u0219te u\u0219or tensiunea de ie\u0219ire de la 0 la valoarea presetat\u0103 la pornire, pentru a evita tremuratul brusc. Ora de pornire soft poate fi presetata digital.<\/p>\n<p><strong><b>Comuta\u021bi senzorul ON\/OFF control:\u00a0<\/b><\/strong>1 senzor NPN comutator sau PLC poate fi conectat pentru a porni\/opri controlerul.<\/p>\n<p><strong><b>Control ON\/OFF senzor fotoelectric:<\/b><\/strong>\u00a0Senzorul fotoelectric inteligent CUH poate fi conectat pentru a porni\/opri controlerul.<\/p>\n<p><strong><b>Controlul vitezei de la distan\u021b\u0103:<\/b><\/strong>\u00a0Tensiunea de ie\u0219ire a controlerului poate fi reglat\u0103 de la distan\u021b\u0103 printr-un poten\u021biometru extern, un PLC sau un semnal de 1-5V DC.<\/p>\n<p><strong><b>Ie\u0219ire de control DC:<\/b><\/strong>\u00a0Controlerul poate scoate o putere CC de joas\u0103 tensiune asociat\u0103 cu controlul ON\/OFF al controlerului pentru a conduce un solenoid sau alte dispozitive externe.<\/p>\n<p><strong><b>Blocarea tastaturii:<\/b><\/strong>\u00a0Bloca\u021bi toate butoanele de pe tastatur\u0103 pentru a preveni operarea gre\u0219it\u0103, ap\u0103s\u00e2nd butonul ON\/OFF \u0219i men\u021bine\u021bi ap\u0103sat timp de 2 secunde.<\/p>\n<p><strong><b>Protec\u021bie la supra\u00eenc\u0103lzire:\u00a0<\/b><\/strong>Dac\u0103 temperatura intern\u0103 a controlerului devine prea mare, controlerul \u00ee\u0219i va opri ie\u0219irea pentru a se proteja.<\/p>\n<p><strong><b>Protec\u021bie la supracurent:<\/b><\/strong>\u00a0Dac\u0103 curentul de ie\u0219ire dep\u0103\u0219e\u0219te valoarea sa nominal\u0103, controlerul \u00ee\u0219i va opri ie\u0219irea pentru a se proteja pe sine \u0219i sarcina.<\/p>\n<p><strong><b>Protec\u021bie la scurtcircuit restaurabil\u0103:<\/b><\/strong>\u00a0Dac\u0103 ie\u0219irea controlerului este scurtcircuitat\u0103, controlerul \u00ee\u0219i va opri ie\u0219irea pentru a se proteja pe sine \u0219i sarcina. Dar siguran\u021ba din interior nu va fi ars\u0103. Deci, atunci c\u00e2nd nu exist\u0103 un scurtcircuit la ie\u0219ire, controlerul va func\u021biona din nou dup\u0103 pornire.<\/p>\n<p><strong><b>Tensiune maxim\u0103 de ie\u0219ire reglabil\u0103:<\/b><\/strong>\u00a0Tensiunea maxim\u0103 de ie\u0219ire reglabil\u0103 poate fi presetat\u0103 pentru a proteja sarcina de daune cauzate de tensiune prea mare.<\/p>\n<h2><strong><b>Accesorii standard:<\/b><\/strong><\/h2>\n<p>Cablu de alimentare de intrare (1,5 m) *1<\/p>\n<p>Cablu de alimentare de ie\u0219ire (1,5 m) *1<\/p>\n<p>Observa\u021bie: Cablul de alimentare de intrare poate fi personalizat pentru a se potrivi cu priza din \u021bara dumneavoastr\u0103.<\/p>\n<h2><strong><b>Accesorii optionale:<\/b><\/strong><\/h2>\n<p>Senzor fotoelectric inteligent (1,5 m)<\/p>\n<h2 class=\"p\"><strong><span class=\"15\">Dimensiuni \u0219i greutate:<\/span><\/strong><\/h2>\n<p class=\"p\">Dimensiuni: 190*53.6*94.5(L*W*H, mm)<\/p>\n<p class=\"p\">Greutate: SDVC31-S: 610g (f\u0103r\u0103 accesorii)<\/p>\n<h2><strong><b>Specifica\u021bie tehnic\u0103<\/b><\/strong><\/h2>\n<table width=\"710\">\n<tbody>\n<tr>\n<td rowspan=\"2\" width=\"242\">Articol<\/td>\n<td colspan=\"3\" width=\"216\">Gam\u0103<\/td>\n<td rowspan=\"2\" width=\"72\">Unitate<\/td>\n<td rowspan=\"2\" width=\"180\">Descriere<\/td>\n<\/tr>\n<tr>\n<td width=\"72\">Min<\/td>\n<td width=\"72\">Tipic<\/td>\n<td width=\"72\">Max<\/td>\n<\/tr>\n<tr>\n<td width=\"242\">Tensiune de intrare<\/td>\n<td width=\"72\">85<\/td>\n<td width=\"72\">220<\/td>\n<td width=\"72\">260<\/td>\n<td width=\"72\">V<\/td>\n<td width=\"180\">AV RMS<\/td>\n<\/tr>\n<tr>\n<td width=\"242\">Interval reglabil de tensiune de ie\u0219ire<\/td>\n<td width=\"72\">0<\/td>\n<td width=\"72\">&#8212;<\/td>\n<td width=\"72\">260<\/td>\n<td width=\"72\">V<\/td>\n<td width=\"180\">Tensiune de intrare mai mic\u0103 de 150%<\/td>\n<\/tr>\n<tr>\n<td width=\"242\">Precizia de reglare a tensiunii<\/td>\n<td colspan=\"3\" width=\"216\">1<\/td>\n<td width=\"72\">V<\/td>\n<td width=\"180\"><\/td>\n<\/tr>\n<tr>\n<td width=\"242\">Precizia reglarii tensiunii<\/td>\n<td width=\"72\">0<\/td>\n<td width=\"72\">&#8212;<\/td>\n<td width=\"72\">10<\/td>\n<td width=\"72\">%<\/td>\n<td width=\"180\">\u25b3Vout\/\u25b3Vin<\/td>\n<\/tr>\n<tr>\n<td width=\"242\">Timpul de r\u0103spuns la reglarea tensiunii<\/td>\n<td width=\"72\">0.0025<\/td>\n<td width=\"72\">&#8212;<\/td>\n<td width=\"72\">0.025<\/td>\n<td width=\"72\">s<\/td>\n<td width=\"180\">perioada tensiunii de ie\u0219ire<\/td>\n<\/tr>\n<tr>\n<td rowspan=\"2\" width=\"242\">Interval de curent de ie\u0219ire reglabil<\/td>\n<td width=\"72\">0<\/td>\n<td width=\"72\">&#8212;<\/td>\n<td width=\"72\">1.5<\/td>\n<td width=\"72\">A<\/td>\n<td width=\"180\">Putere redus\u0103<\/td>\n<\/tr>\n<tr>\n<td width=\"72\">0<\/td>\n<td width=\"72\">&#8212;<\/td>\n<td width=\"72\">3<\/td>\n<td width=\"72\">A<\/td>\n<td width=\"180\">Putere medie<\/td>\n<\/tr>\n<tr>\n<td rowspan=\"2\" width=\"242\">Putere de iesire<\/td>\n<td width=\"72\">0<\/td>\n<td width=\"72\">&#8212;<\/td>\n<td width=\"72\">330<\/td>\n<td width=\"72\">VA<\/td>\n<td width=\"180\">Putere redus\u0103<\/td>\n<\/tr>\n<tr>\n<td width=\"72\">0<\/td>\n<td width=\"72\">&#8212;<\/td>\n<td width=\"72\">660<\/td>\n<td width=\"72\">VA<\/td>\n<td width=\"180\">Putere medie<\/td>\n<\/tr>\n<tr>\n<td width=\"242\">Frecven\u021ba de ie\u0219ire<\/td>\n<td width=\"72\">40<\/td>\n<td width=\"72\">&#8212;<\/td>\n<td width=\"72\">400<\/td>\n<td width=\"72\">Hz<\/td>\n<td width=\"180\"><\/td>\n<\/tr>\n<tr>\n<td width=\"242\">Precizia ajust\u0103rii frecven\u021bei<\/td>\n<td colspan=\"3\" width=\"216\">0.1<\/td>\n<td width=\"72\">Hz<\/td>\n<td width=\"180\"><\/td>\n<\/tr>\n<tr>\n<td width=\"242\">Ie\u0219ireForm\u0103 de und\u0103<\/td>\n<td colspan=\"3\" width=\"216\">sinus<\/td>\n<td width=\"72\"><\/td>\n<td width=\"180\"><\/td>\n<\/tr>\n<tr>\n<td width=\"242\">Ora de pornire u\u0219oar\u0103<\/td>\n<td width=\"72\">0<\/td>\n<td width=\"72\">&#8212;<\/td>\n<td width=\"72\">10<\/td>\n<td width=\"72\">s<\/td>\n<td width=\"180\">Valoare implicit\u0103 din fabric\u0103: 0,5<\/td>\n<\/tr>\n<tr>\n<td width=\"242\">Interval de timp de \u00eent\u00e2rziere pornit\/oprit<\/td>\n<td width=\"72\">0<\/td>\n<td width=\"72\">&#8212;<\/td>\n<td width=\"72\">20<\/td>\n<td width=\"72\">s<\/td>\n<td width=\"180\">Valoare implicit\u0103 din fabric\u0103: 0,2<\/td>\n<\/tr>\n<tr>\n<td width=\"242\">Precizia timpului de \u00eent\u00e2rziere pornit\/oprit<\/td>\n<td colspan=\"3\" width=\"216\">0.1<\/td>\n<td width=\"72\">s<\/td>\n<td width=\"180\"><\/td>\n<\/tr>\n<tr>\n<td width=\"242\">Temperatura de declan\u0219are a protec\u021biei la supra\u00eenc\u0103lzire<\/td>\n<td width=\"72\">58<\/td>\n<td width=\"72\">60<\/td>\n<td width=\"72\">66<\/td>\n<td width=\"72\">\u2103<\/td>\n<td width=\"180\"><\/td>\n<\/tr>\n<tr>\n<td width=\"242\">Curent de ie\u0219ire de control CC<\/td>\n<td width=\"72\">0<\/td>\n<td width=\"72\">&#8212;<\/td>\n<td width=\"72\">200<\/td>\n<td width=\"72\">mA<\/td>\n<td width=\"180\"><\/td>\n<\/tr>\n<tr>\n<td width=\"242\">Semnal de control analogic<\/td>\n<td colspan=\"3\" width=\"216\">1-5<\/td>\n<td width=\"72\">V<\/td>\n<td width=\"180\">Tensiune de control Renctespeed<\/td>\n<\/tr>\n<tr>\n<td width=\"242\">Semnal de control digital<\/td>\n<td colspan=\"3\" width=\"216\">24<\/td>\n<td width=\"72\">V<\/td>\n<td width=\"180\">Semnal de comutare<\/td>\n<\/tr>\n<tr>\n<td width=\"242\">Metoda de ajustare<\/td>\n<td colspan=\"3\" width=\"216\">6<\/td>\n<td width=\"72\">Buton<\/td>\n<td width=\"180\"><\/td>\n<\/tr>\n<tr>\n<td width=\"242\">Consumul de energie \u00een standby<\/td>\n<td width=\"72\">&#8212;<\/td>\n<td width=\"72\">3<\/td>\n<td width=\"72\"><\/td>\n<td width=\"72\">W<\/td>\n<td width=\"180\"><\/td>\n<\/tr>\n<tr>\n<td width=\"242\">Metoda de afi\u0219are<\/td>\n<td colspan=\"3\" width=\"216\">5<\/td>\n<td width=\"72\">Cifr\u0103<\/td>\n<td width=\"180\">Tuburi digitale LED<\/td>\n<\/tr>\n<tr>\n<td width=\"242\">Temperatura ambientala<\/td>\n<td width=\"72\">0<\/td>\n<td width=\"72\">25<\/td>\n<td width=\"72\">40<\/td>\n<td width=\"72\">\u2103<\/td>\n<td rowspan=\"2\" width=\"180\">F\u0103r\u0103 Condens<\/td>\n<\/tr>\n<tr>\n<td width=\"242\">Umiditatea mediului ambiant<\/td>\n<td width=\"72\">10<\/td>\n<td width=\"72\">60<\/td>\n<td width=\"72\">85<\/td>\n<td width=\"72\">%<\/td>\n<\/tr>\n<\/tbody>\n<\/table>","protected":false},"excerpt":{"rendered":"<p>Controlerul vibratorului alimentator cu bol SDVC31-XLR: certificat CE, ofer\u0103 reglare manual\u0103 a frecven\u021bei pentru alimentare lin\u0103 \u0219i reglare automat\u0103 a tensiunii pentru stabilitate.<\/p>\n<p>Dispune de pornire u\u0219oar\u0103, comenzi cu senzor \u0219i protec\u021bii de siguran\u021b\u0103. Include cabluri standard.<\/p>\n<p>Dimensiuni: 190<em>53.6<\/em>94,5 mm; Greutate: 610g (fara accesorii).<\/p>","protected":false},"featured_media":1980,"comment_status":"open","ping_status":"closed","template":"","meta":[],"product_cat":[45],"product_tag":[],"yoast_head":"<!-- This site is optimized with the Yoast SEO plugin v22.2 - https:\/\/yoast.com\/wordpress\/plugins\/seo\/ -->\n<title>Vibratory Bowl Feeder Controller SDVC31-XLR - SWOER<\/title>\n<meta name=\"robots\" content=\"index, follow, max-snippet:-1, max-image-preview:large, max-video-preview:-1\" \/>\n<link rel=\"canonical\" href=\"https:\/\/swoer.com\/ro\/manufacturer\/vibratory-bowl-feeder-controller-sdvc31-xlr\/\" \/>\n<meta property=\"og:locale\" content=\"ro_RO\" \/>\n<meta property=\"og:type\" content=\"article\" \/>\n<meta property=\"og:title\" content=\"Vibratory Bowl Feeder Controller SDVC31-XLR - SWOER\" \/>\n<meta property=\"og:description\" content=\"The vibratory bowl feeder controller SDVC31-XLR: CE-certified, it offers manual frequency adjustment for smooth feeding and automatic voltage regulation for stability.  Features soft start, sensor controls, and safety protections. Includes standard cables.  Dimensions: 19053.694.5mm; Weight: 610g (without accessories).\" \/>\n<meta property=\"og:url\" content=\"https:\/\/swoer.com\/ro\/manufacturer\/vibratory-bowl-feeder-controller-sdvc31-xlr\/\" \/>\n<meta property=\"og:site_name\" content=\"SWOER\" \/>\n<meta property=\"article:modified_time\" content=\"2024-04-13T09:01:56+00:00\" \/>\n<meta property=\"og:image\" content=\"https:\/\/swoer.com\/wp-content\/uploads\/2024\/04\/vibratory-bowl-feeder-controller-SDVC31-XLR.webp\" \/>\n\t<meta property=\"og:image:width\" content=\"1000\" \/>\n\t<meta property=\"og:image:height\" content=\"1000\" \/>\n\t<meta property=\"og:image:type\" content=\"image\/webp\" \/>\n<meta name=\"twitter:card\" content=\"summary_large_image\" \/>\n<meta name=\"twitter:label1\" content=\"Timp estimat pentru citire\" \/>\n\t<meta name=\"twitter:data1\" content=\"3 minute\" \/>\n<script type=\"application\/ld+json\" class=\"yoast-schema-graph\">{\"@context\":\"https:\/\/schema.org\",\"@graph\":[{\"@type\":\"WebPage\",\"@id\":\"https:\/\/swoer.com\/manufacturer\/vibratory-bowl-feeder-controller-sdvc31-xlr\/\",\"url\":\"https:\/\/swoer.com\/manufacturer\/vibratory-bowl-feeder-controller-sdvc31-xlr\/\",\"name\":\"Vibratory Bowl Feeder Controller SDVC31-XLR - SWOER\",\"isPartOf\":{\"@id\":\"https:\/\/swoer.com\/#website\"},\"primaryImageOfPage\":{\"@id\":\"https:\/\/swoer.com\/manufacturer\/vibratory-bowl-feeder-controller-sdvc31-xlr\/#primaryimage\"},\"image\":{\"@id\":\"https:\/\/swoer.com\/manufacturer\/vibratory-bowl-feeder-controller-sdvc31-xlr\/#primaryimage\"},\"thumbnailUrl\":\"https:\/\/swoer.com\/wp-content\/uploads\/2024\/04\/vibratory-bowl-feeder-controller-SDVC31-XLR.webp\",\"datePublished\":\"2024-04-13T07:33:22+00:00\",\"dateModified\":\"2024-04-13T09:01:56+00:00\",\"breadcrumb\":{\"@id\":\"https:\/\/swoer.com\/manufacturer\/vibratory-bowl-feeder-controller-sdvc31-xlr\/#breadcrumb\"},\"inLanguage\":\"ro-RO\",\"potentialAction\":[{\"@type\":\"ReadAction\",\"target\":[\"https:\/\/swoer.com\/manufacturer\/vibratory-bowl-feeder-controller-sdvc31-xlr\/\"]}]},{\"@type\":\"ImageObject\",\"inLanguage\":\"ro-RO\",\"@id\":\"https:\/\/swoer.com\/manufacturer\/vibratory-bowl-feeder-controller-sdvc31-xlr\/#primaryimage\",\"url\":\"https:\/\/swoer.com\/wp-content\/uploads\/2024\/04\/vibratory-bowl-feeder-controller-SDVC31-XLR.webp\",\"contentUrl\":\"https:\/\/swoer.com\/wp-content\/uploads\/2024\/04\/vibratory-bowl-feeder-controller-SDVC31-XLR.webp\",\"width\":1000,\"height\":1000,\"caption\":\"vibratory bowl feeder controller SDVC31-XLR\"},{\"@type\":\"BreadcrumbList\",\"@id\":\"https:\/\/swoer.com\/manufacturer\/vibratory-bowl-feeder-controller-sdvc31-xlr\/#breadcrumb\",\"itemListElement\":[{\"@type\":\"ListItem\",\"position\":1,\"name\":\"Home\",\"item\":\"https:\/\/swoer.com\/\"},{\"@type\":\"ListItem\",\"position\":2,\"name\":\"Shop\",\"item\":\"https:\/\/swoer.com\/shop\/\"},{\"@type\":\"ListItem\",\"position\":3,\"name\":\"Vibratory Bowl Feeder Controller SDVC31-XLR\"}]},{\"@type\":\"WebSite\",\"@id\":\"https:\/\/swoer.com\/#website\",\"url\":\"https:\/\/swoer.com\/\",\"name\":\"SWOER\",\"description\":\"Swoer is the top 3 vibratory bowl feeder manufacturer in China\",\"potentialAction\":[{\"@type\":\"SearchAction\",\"target\":{\"@type\":\"EntryPoint\",\"urlTemplate\":\"https:\/\/swoer.com\/?s={search_term_string}\"},\"query-input\":\"required name=search_term_string\"}],\"inLanguage\":\"ro-RO\"}]}<\/script>\n<!-- \/ Yoast SEO plugin. -->","yoast_head_json":{"title":"Vibratory Bowl Feeder Controller SDVC31-XLR - SWOER","robots":{"index":"index","follow":"follow","max-snippet":"max-snippet:-1","max-image-preview":"max-image-preview:large","max-video-preview":"max-video-preview:-1"},"canonical":"https:\/\/swoer.com\/ro\/manufacturer\/vibratory-bowl-feeder-controller-sdvc31-xlr\/","og_locale":"ro_RO","og_type":"article","og_title":"Vibratory Bowl Feeder Controller SDVC31-XLR - SWOER","og_description":"The vibratory bowl feeder controller SDVC31-XLR: CE-certified, it offers manual frequency adjustment for smooth feeding and automatic voltage regulation for stability.  Features soft start, sensor controls, and safety protections. Includes standard cables.  Dimensions: 19053.694.5mm; Weight: 610g (without accessories).","og_url":"https:\/\/swoer.com\/ro\/manufacturer\/vibratory-bowl-feeder-controller-sdvc31-xlr\/","og_site_name":"SWOER","article_modified_time":"2024-04-13T09:01:56+00:00","og_image":[{"width":1000,"height":1000,"url":"https:\/\/swoer.com\/wp-content\/uploads\/2024\/04\/vibratory-bowl-feeder-controller-SDVC31-XLR.webp","type":"image\/webp"}],"twitter_card":"summary_large_image","twitter_misc":{"Timp estimat pentru citire":"3 minute"},"schema":{"@context":"https:\/\/schema.org","@graph":[{"@type":"WebPage","@id":"https:\/\/swoer.com\/manufacturer\/vibratory-bowl-feeder-controller-sdvc31-xlr\/","url":"https:\/\/swoer.com\/manufacturer\/vibratory-bowl-feeder-controller-sdvc31-xlr\/","name":"Vibratory Bowl Feeder Controller SDVC31-XLR - SWOER","isPartOf":{"@id":"https:\/\/swoer.com\/#website"},"primaryImageOfPage":{"@id":"https:\/\/swoer.com\/manufacturer\/vibratory-bowl-feeder-controller-sdvc31-xlr\/#primaryimage"},"image":{"@id":"https:\/\/swoer.com\/manufacturer\/vibratory-bowl-feeder-controller-sdvc31-xlr\/#primaryimage"},"thumbnailUrl":"https:\/\/swoer.com\/wp-content\/uploads\/2024\/04\/vibratory-bowl-feeder-controller-SDVC31-XLR.webp","datePublished":"2024-04-13T07:33:22+00:00","dateModified":"2024-04-13T09:01:56+00:00","breadcrumb":{"@id":"https:\/\/swoer.com\/manufacturer\/vibratory-bowl-feeder-controller-sdvc31-xlr\/#breadcrumb"},"inLanguage":"ro-RO","potentialAction":[{"@type":"ReadAction","target":["https:\/\/swoer.com\/manufacturer\/vibratory-bowl-feeder-controller-sdvc31-xlr\/"]}]},{"@type":"ImageObject","inLanguage":"ro-RO","@id":"https:\/\/swoer.com\/manufacturer\/vibratory-bowl-feeder-controller-sdvc31-xlr\/#primaryimage","url":"https:\/\/swoer.com\/wp-content\/uploads\/2024\/04\/vibratory-bowl-feeder-controller-SDVC31-XLR.webp","contentUrl":"https:\/\/swoer.com\/wp-content\/uploads\/2024\/04\/vibratory-bowl-feeder-controller-SDVC31-XLR.webp","width":1000,"height":1000,"caption":"vibratory bowl feeder controller SDVC31-XLR"},{"@type":"BreadcrumbList","@id":"https:\/\/swoer.com\/manufacturer\/vibratory-bowl-feeder-controller-sdvc31-xlr\/#breadcrumb","itemListElement":[{"@type":"ListItem","position":1,"name":"Home","item":"https:\/\/swoer.com\/"},{"@type":"ListItem","position":2,"name":"Shop","item":"https:\/\/swoer.com\/shop\/"},{"@type":"ListItem","position":3,"name":"Vibratory Bowl Feeder Controller SDVC31-XLR"}]},{"@type":"WebSite","@id":"https:\/\/swoer.com\/#website","url":"https:\/\/swoer.com\/","name":"SWOER","description":"Swoer is the top 3 vibratory bowl feeder manufacturer in China","potentialAction":[{"@type":"SearchAction","target":{"@type":"EntryPoint","urlTemplate":"https:\/\/swoer.com\/?s={search_term_string}"},"query-input":"required name=search_term_string"}],"inLanguage":"ro-RO"}]}},"_links":{"self":[{"href":"https:\/\/swoer.com\/ro\/wp-json\/wp\/v2\/product\/1979"}],"collection":[{"href":"https:\/\/swoer.com\/ro\/wp-json\/wp\/v2\/product"}],"about":[{"href":"https:\/\/swoer.com\/ro\/wp-json\/wp\/v2\/types\/product"}],"replies":[{"embeddable":true,"href":"https:\/\/swoer.com\/ro\/wp-json\/wp\/v2\/comments?post=1979"}],"wp:featuredmedia":[{"embeddable":true,"href":"https:\/\/swoer.com\/ro\/wp-json\/wp\/v2\/media\/1980"}],"wp:attachment":[{"href":"https:\/\/swoer.com\/ro\/wp-json\/wp\/v2\/media?parent=1979"}],"wp:term":[{"taxonomy":"product_cat","embeddable":true,"href":"https:\/\/swoer.com\/ro\/wp-json\/wp\/v2\/product_cat?post=1979"},{"taxonomy":"product_tag","embeddable":true,"href":"https:\/\/swoer.com\/ro\/wp-json\/wp\/v2\/product_tag?post=1979"}],"curies":[{"name":"wp","href":"https:\/\/api.w.org\/{rel}","templated":true}]}}