{"id":1855,"date":"2024-04-03T06:07:37","date_gmt":"2024-04-03T06:07:37","guid":{"rendered":"https:\/\/lightgrey-porpoise-816575.hostingersite.com\/?post_type=product&#038;p=1855"},"modified":"2024-08-01T14:30:00","modified_gmt":"2024-08-01T06:30:00","slug":"two-tracks-small-vibratory-bowl-feeder-for-hardware","status":"publish","type":"product","link":"https:\/\/swoer.com\/ro\/manufacturer\/two-tracks-small-vibratory-bowl-feeder-for-hardware\/","title":{"rendered":"Alimentator vibrator mic cu dou\u0103 piste pentru feronerie"},"content":{"rendered":"<section class=\"section\" id=\"section_1581194262\">\n\t\t<div class=\"bg section-bg fill bg-fill  bg-loaded\" >\n\n\t\t\t\n\t\t\t\n\t\t\t\n\n\t\t<\/div>\n\n\t\t\n\n\t\t<div class=\"section-content relative\">\n\t\t\t\n<p>Descoperi\u021bi solu\u021bii de hr\u0103nire personalizate pentru nevoile dvs. de hardware cu alimentatorul nostru vibrator mic cu dou\u0103 c\u0103i. Proiectate pentru precizie \u0219i fiabilitate, alimentatoarele noastre personalizate gestioneaz\u0103 f\u0103r\u0103 probleme diverse componente hardware. Beneficia\u021bi de pre\u021buri directe din fabric\u0103 f\u0103r\u0103 a compromite calitatea. \u00cembun\u0103t\u0103\u021bi\u021bi-v\u0103 eficien\u021ba de produc\u021bie cu solu\u021bia noastr\u0103 de alimentare compact\u0103 \u0219i versatil\u0103. Cre\u0219te\u021bi-v\u0103 produc\u021bia de hardware ast\u0103zi!<\/p>\n\t<div id=\"gap-6446717\" class=\"gap-element clearfix\" style=\"display:block; height:auto;\">\n\t\t\n<style>\n#gap-6446717 {\n  padding-top: 30px;\n}\n<\/style>\n\t<\/div>\n\t\n<h2>specifica\u021bie:<\/h2>\n\t<div id=\"text-2111719054\" class=\"text\">\n\t\t\n<table width=\"684\">\n<tbody>\n<tr>\n<td width=\"183\">numele produsului<\/td>\n<td width=\"501\">Alimentator vibrator mic cu dou\u0103 piste pentru feronerie<\/td>\n<\/tr>\n<tr>\n<td>Material<\/td>\n<td>\u00a0SUS201\/304<\/td>\n<\/tr>\n<tr>\n<td>Specialitatea materialelor<\/td>\n<td>Aliaj de forjare cu tratament la rece, rezisten\u021b\u0103 ridicat\u0103, duritate ridicat\u0103<\/td>\n<\/tr>\n<tr>\n<td>Voltaj<\/td>\n<td>220V<\/td>\n<\/tr>\n<tr>\n<td>Putere<\/td>\n<td>65 W \/ 150 W \/ 180 W \/ 220 W \/ 350 W<\/td>\n<\/tr>\n<tr>\n<td>Autentificare<\/td>\n<td>CE, ROHS, ISO9001<\/td>\n<\/tr>\n<tr>\n<td>garan\u021bie<\/td>\n<td>1 an garantie<\/td>\n<\/tr>\n<tr>\n<td>MOQ<\/td>\n<td>1 set<\/td>\n<\/tr>\n<tr>\n<td>Perioada de gra\u0163ie<\/td>\n<td>10-14 zile<\/td>\n<\/tr>\n<tr>\n<td>Termen de plata<\/td>\n<td>T\/T 40% Depozit \u0219i sold \u00eenainte de expediere<\/td>\n<\/tr>\n<tr>\n<td>Original de Place<\/td>\n<td>China<\/td>\n<\/tr>\n<\/tbody>\n<\/table>\n\t\t\n<style>\n#text-2111719054 {\n  font-size: 1.2rem;\n}\n<\/style>\n\t<\/div>\n\t\n\t\t<\/div>\n\n\t\t\n<style>\n#section_1581194262 {\n  padding-top: 30px;\n  padding-bottom: 30px;\n}\n#section_1581194262 .ux-shape-divider--top svg {\n  height: 150px;\n  --divider-top-width: 100%;\n}\n#section_1581194262 .ux-shape-divider--bottom svg {\n  height: 150px;\n  --divider-width: 100%;\n}\n<\/style>\n\t<\/section>\n\t\n<p>Cre\u0219te\u021bi-v\u0103 manevrabilitatea hardware-ului cu alimentatorul nostru vibrator mic cu dou\u0103 c\u0103i. Proiectat pentru precizie \u0219i eficien\u021b\u0103, acest alimentator ofer\u0103 o solu\u021bie personalizat\u0103 adaptat\u0103 nevoilor dumneavoastr\u0103 specifice. Dispune de livrare rapid\u0103 \u0219i vine cu certificare CE\/UL pentru asigurarea calit\u0103\u021bii \u0219i siguran\u021bei.<\/p>\n<p>La SWOER, \u00een\u021belegem importan\u021ba solu\u021biilor de hr\u0103nire fiabile \u0219i eficiente. Echipa noastr\u0103 cu experien\u021b\u0103 va lucra \u00eendeaproape cu dumneavoastr\u0103 pentru a se asigura c\u0103 alimentatorul nostru vibrator se integreaz\u0103 perfect \u00een procesul dumneavoastr\u0103 de produc\u021bie. Cu pre\u021burile noastre competitive de fabric\u0103 \u0219i angajamentul fa\u021b\u0103 de calitate, v\u0103 pute\u021bi \u00eembun\u0103t\u0103\u021bi opera\u021biunile f\u0103r\u0103 a pierde banca.<\/p>\n<p><strong>Sunte\u021bi gata s\u0103 v\u0103 \u00eembun\u0103t\u0103\u021bi\u021bi procesul de alimentare cu hardware?<\/strong><\/p>\n<p>Contacta\u021bi-ne ast\u0103zi pentru a discuta cerin\u021bele dvs. \u0219i pentru a ob\u021bine o ofert\u0103 personalizat\u0103. L\u0103sa\u021bi SWOER s\u0103 fie partenerul dvs. pentru a ob\u021bine o mai mare eficien\u021b\u0103 \u0219i precizie a produc\u021biei.<\/p>\n\n<div class=\"wpcf7 no-js\" id=\"wpcf7-f5-o1\" lang=\"en-US\" dir=\"ltr\">\n<div class=\"screen-reader-response\"><p role=\"status\" aria-live=\"polite\" aria-atomic=\"true\"><\/p> <ul><\/ul><\/div>\n<form action=\"\/ro\/wp-json\/wp\/v2\/product\/1855#wpcf7-f5-o1\" method=\"post\" class=\"wpcf7-form init\" aria-label=\"Formular de contact\" novalidate=\"novalidate\" data-status=\"init\" data-trp-original-action=\"\/ro\/wp-json\/wp\/v2\/product\/1855#wpcf7-f5-o1\">\n<div style=\"display: none;\">\n<input type=\"hidden\" name=\"_wpcf7\" value=\"5\" \/>\n<input type=\"hidden\" name=\"_wpcf7_version\" value=\"5.9.2\" \/>\n<input type=\"hidden\" name=\"_wpcf7_locale\" value=\"en_US\" \/>\n<input type=\"hidden\" name=\"_wpcf7_unit_tag\" value=\"wpcf7-f5-o1\" \/>\n<input type=\"hidden\" name=\"_wpcf7_container_post\" value=\"0\" \/>\n<input type=\"hidden\" name=\"_wpcf7_posted_data_hash\" value=\"\" \/>\n<\/div>\n<div class='custom_contact_style'>\n\t<p><label> Numele dumneavoastr\u0103<br \/>\n<span class=\"wpcf7-form-control-wrap\" data-name=\"your-name\"><input size=\"40\" class=\"wpcf7-form-control wpcf7-text wpcf7-validates-as-required\" autocomplete=\"name\" aria-required=\"true\" aria-invalid=\"false\" value=\"\" type=\"text\" name=\"your-name\" \/><\/span> <\/label>\n\t<\/p>\n\t<p><label> Email-ul tau<br \/>\n<span class=\"wpcf7-form-control-wrap\" data-name=\"your-email\"><input size=\"40\" class=\"wpcf7-form-control wpcf7-email wpcf7-validates-as-required wpcf7-text wpcf7-validates-as-email\" autocomplete=\"email\" aria-required=\"true\" aria-invalid=\"false\" value=\"\" type=\"email\" name=\"your-email\" \/><\/span> <\/label>\n\t<\/p>\n\t<p><label> Mesajul dvs. (op\u021bional)<br \/>\n<span class=\"wpcf7-form-control-wrap\" data-name=\"your-message\"><textarea cols=\"40\" rows=\"10\" class=\"wpcf7-form-control wpcf7-textarea\" aria-invalid=\"false\" name=\"your-message\"><\/textarea><\/span> <\/label>\n\t<\/p>\n\t<div style=\"margin-bottom:10px;\">\n\t\t<p><span class=\"wpcf7-form-control-wrap kc_captcha cf7ic-toggle\" data-name=\"kc_captcha\"><span class=\"wpcf7-form-control wpcf7-radio\"><span class=\"captcha-image\" style=\"display: none;\"><span class=\"cf7ic_instructions\">V\u0103 rug\u0103m s\u0103 dovedi\u021bi c\u0103 sunte\u021bi uman select\u00e2nd<span> flag<\/span>.<\/span><label><input aria-label=\"1\" type=\"radio\" name=\"kc_captcha\" value=\"bot\" \/><svg aria-hidden=\"true\" role=\"img\" xmlns=\"http:\/\/www.w3.org\/2000\/svg\" viewbox=\"0 0 576 512\"><path fill=\"currentColor\" d=\"M415 24c-53 0-103 42-127 65-24-23-74-65-127-65C70 24 16 77 16 166c0 72 67 133 69 135l187 181c9 8 23 8 32 0l187-180c2-3 69-64 69-136 0-89-54-142-145-142z\"\/><\/svg><\/label><label><input aria-label=\"2\" type=\"radio\" name=\"kc_captcha\" value=\"bot\" \/><svg aria-hidden=\"true\" role=\"img\" xmlns=\"http:\/\/www.w3.org\/2000\/svg\" viewbox=\"0 0 640 512\"><path fill=\"currentColor\" d=\"M192 384h192c53 0 96-43 96-96h32a128 128 0 000-256H120c-13 0-24 11-24 24v232c0 53 43 96 96 96zM512 96a64 64 0 010 128h-32V96h32zm48 384H48c-47 0-61-64-36-64h584c25 0 11 64-36 64z\"\/><\/svg><\/label><label><input aria-label=\"3\" type=\"radio\" name=\"kc_captcha\" value=\"kc_human\" \/><svg aria-hidden=\"true\" role=\"img\" xmlns=\"http:\/\/www.w3.org\/2000\/svg\" viewbox=\"0 0 512 512\"><path fill=\"currentColor\" d=\"M350 99c-54 0-98-35-166-35-25 0-47 4-68 12a56 56 0 004-24C118 24 95 1 66 0a56 56 0 00-34 102v386c0 13 11 24 24 24h16c13 0 24-11 24-24v-94c28-12 64-23 114-23 54 0 98 35 166 35 48 0 86-16 122-41 9-6 14-15 14-26V96c0-23-24-39-45-29-35 16-77 32-117 32z\"\/><\/svg><\/label>\r\n    <\/span>\r\n    <span style=\"display:none\">\r\n        <input type=\"text\" name=\"kc_honeypot\">\r\n    <\/span><\/span><\/span>\n\t\t<\/p>\n\t<\/div>\n\t<p><input class=\"wpcf7-form-control wpcf7-submit has-spinner\" type=\"submit\" value=\"Trimite\" \/>\n\t<\/p>\n<\/div><div class=\"wpcf7-response-output\" aria-hidden=\"true\"><\/div>\n<input type=\"hidden\" name=\"trp-form-language\" value=\"ro\"\/><\/form>\n<\/div>","protected":false},"excerpt":{"rendered":"<p>Alimentatorul nostru vibrator mic cu dou\u0103 c\u0103i pentru hardware ofer\u0103 solu\u021bii personalizate, livrare rapid\u0103 \u0219i certificare CE\/UL. Perfect pentru optimizarea opera\u021biunilor.<\/p>","protected":false},"featured_media":1856,"comment_status":"open","ping_status":"closed","template":"","meta":[],"product_cat":[37],"product_tag":[],"yoast_head":"<!-- This site is optimized with the Yoast SEO plugin v22.2 - https:\/\/yoast.com\/wordpress\/plugins\/seo\/ -->\n<title>Two Tracks Small Vibratory Bowl Feeder for Hardware - SWOER<\/title>\n<meta name=\"description\" content=\"Boost efficiency with our Two Tracks Small Vibratory Bowl Feeder for hardware. Custom solutions, CE\/UL certified. Contact SWOER for your needs!\" \/>\n<meta name=\"robots\" content=\"index, follow, max-snippet:-1, max-image-preview:large, max-video-preview:-1\" \/>\n<link rel=\"canonical\" href=\"https:\/\/swoer.com\/ro\/manufacturer\/two-tracks-small-vibratory-bowl-feeder-for-hardware\/\" \/>\n<meta property=\"og:locale\" content=\"ro_RO\" \/>\n<meta property=\"og:type\" content=\"article\" \/>\n<meta property=\"og:title\" content=\"Two Tracks Small Vibratory Bowl Feeder for Hardware - SWOER\" \/>\n<meta property=\"og:description\" content=\"Boost efficiency with our Two Tracks Small Vibratory Bowl Feeder for hardware. Custom solutions, CE\/UL certified. Contact SWOER for your needs!\" \/>\n<meta property=\"og:url\" content=\"https:\/\/swoer.com\/ro\/manufacturer\/two-tracks-small-vibratory-bowl-feeder-for-hardware\/\" \/>\n<meta property=\"og:site_name\" content=\"SWOER\" \/>\n<meta property=\"article:modified_time\" content=\"2024-08-01T06:30:00+00:00\" \/>\n<meta property=\"og:image\" content=\"https:\/\/swoer.com\/wp-content\/uploads\/2024\/04\/two-tracks-small-vibratory-bowl-feeder-for-hardware-.jpg\" \/>\n\t<meta property=\"og:image:width\" content=\"1000\" \/>\n\t<meta property=\"og:image:height\" content=\"1000\" \/>\n\t<meta property=\"og:image:type\" content=\"image\/jpeg\" \/>\n<meta name=\"twitter:card\" content=\"summary_large_image\" \/>\n<meta name=\"twitter:label1\" content=\"Timp estimat pentru citire\" \/>\n\t<meta name=\"twitter:data1\" content=\"2 minute\" \/>\n<script type=\"application\/ld+json\" class=\"yoast-schema-graph\">{\"@context\":\"https:\/\/schema.org\",\"@graph\":[{\"@type\":\"WebPage\",\"@id\":\"https:\/\/swoer.com\/manufacturer\/two-tracks-small-vibratory-bowl-feeder-for-hardware\/\",\"url\":\"https:\/\/swoer.com\/manufacturer\/two-tracks-small-vibratory-bowl-feeder-for-hardware\/\",\"name\":\"Two Tracks Small Vibratory Bowl Feeder for Hardware - SWOER\",\"isPartOf\":{\"@id\":\"https:\/\/swoer.com\/#website\"},\"primaryImageOfPage\":{\"@id\":\"https:\/\/swoer.com\/manufacturer\/two-tracks-small-vibratory-bowl-feeder-for-hardware\/#primaryimage\"},\"image\":{\"@id\":\"https:\/\/swoer.com\/manufacturer\/two-tracks-small-vibratory-bowl-feeder-for-hardware\/#primaryimage\"},\"thumbnailUrl\":\"https:\/\/swoer.com\/wp-content\/uploads\/2024\/04\/two-tracks-small-vibratory-bowl-feeder-for-hardware-.jpg\",\"datePublished\":\"2024-04-03T06:07:37+00:00\",\"dateModified\":\"2024-08-01T06:30:00+00:00\",\"description\":\"Boost efficiency with our Two Tracks Small Vibratory Bowl Feeder for hardware. Custom solutions, CE\/UL certified. Contact SWOER for your needs!\",\"breadcrumb\":{\"@id\":\"https:\/\/swoer.com\/manufacturer\/two-tracks-small-vibratory-bowl-feeder-for-hardware\/#breadcrumb\"},\"inLanguage\":\"ro-RO\",\"potentialAction\":[{\"@type\":\"ReadAction\",\"target\":[\"https:\/\/swoer.com\/manufacturer\/two-tracks-small-vibratory-bowl-feeder-for-hardware\/\"]}]},{\"@type\":\"ImageObject\",\"inLanguage\":\"ro-RO\",\"@id\":\"https:\/\/swoer.com\/manufacturer\/two-tracks-small-vibratory-bowl-feeder-for-hardware\/#primaryimage\",\"url\":\"https:\/\/swoer.com\/wp-content\/uploads\/2024\/04\/two-tracks-small-vibratory-bowl-feeder-for-hardware-.jpg\",\"contentUrl\":\"https:\/\/swoer.com\/wp-content\/uploads\/2024\/04\/two-tracks-small-vibratory-bowl-feeder-for-hardware-.jpg\",\"width\":1000,\"height\":1000,\"caption\":\"two tracks small vibratory bowl feeder for hardware\"},{\"@type\":\"BreadcrumbList\",\"@id\":\"https:\/\/swoer.com\/manufacturer\/two-tracks-small-vibratory-bowl-feeder-for-hardware\/#breadcrumb\",\"itemListElement\":[{\"@type\":\"ListItem\",\"position\":1,\"name\":\"Home\",\"item\":\"https:\/\/swoer.com\/\"},{\"@type\":\"ListItem\",\"position\":2,\"name\":\"Shop\",\"item\":\"https:\/\/swoer.com\/shop\/\"},{\"@type\":\"ListItem\",\"position\":3,\"name\":\"Two Tracks Small Vibratory Bowl Feeder for Hardware\"}]},{\"@type\":\"WebSite\",\"@id\":\"https:\/\/swoer.com\/#website\",\"url\":\"https:\/\/swoer.com\/\",\"name\":\"SWOER\",\"description\":\"Swoer is the top 3 vibratory bowl feeder manufacturer in China\",\"potentialAction\":[{\"@type\":\"SearchAction\",\"target\":{\"@type\":\"EntryPoint\",\"urlTemplate\":\"https:\/\/swoer.com\/?s={search_term_string}\"},\"query-input\":\"required name=search_term_string\"}],\"inLanguage\":\"ro-RO\"}]}<\/script>\n<!-- \/ Yoast SEO plugin. -->","yoast_head_json":{"title":"Two Tracks Small Vibratory Bowl Feeder for Hardware - SWOER","description":"Boost efficiency with our Two Tracks Small Vibratory Bowl Feeder for hardware. Custom solutions, CE\/UL certified. Contact SWOER for your needs!","robots":{"index":"index","follow":"follow","max-snippet":"max-snippet:-1","max-image-preview":"max-image-preview:large","max-video-preview":"max-video-preview:-1"},"canonical":"https:\/\/swoer.com\/ro\/manufacturer\/two-tracks-small-vibratory-bowl-feeder-for-hardware\/","og_locale":"ro_RO","og_type":"article","og_title":"Two Tracks Small Vibratory Bowl Feeder for Hardware - SWOER","og_description":"Boost efficiency with our Two Tracks Small Vibratory Bowl Feeder for hardware. Custom solutions, CE\/UL certified. Contact SWOER for your needs!","og_url":"https:\/\/swoer.com\/ro\/manufacturer\/two-tracks-small-vibratory-bowl-feeder-for-hardware\/","og_site_name":"SWOER","article_modified_time":"2024-08-01T06:30:00+00:00","og_image":[{"width":1000,"height":1000,"url":"https:\/\/swoer.com\/wp-content\/uploads\/2024\/04\/two-tracks-small-vibratory-bowl-feeder-for-hardware-.jpg","type":"image\/jpeg"}],"twitter_card":"summary_large_image","twitter_misc":{"Timp estimat pentru citire":"2 minute"},"schema":{"@context":"https:\/\/schema.org","@graph":[{"@type":"WebPage","@id":"https:\/\/swoer.com\/manufacturer\/two-tracks-small-vibratory-bowl-feeder-for-hardware\/","url":"https:\/\/swoer.com\/manufacturer\/two-tracks-small-vibratory-bowl-feeder-for-hardware\/","name":"Two Tracks Small Vibratory Bowl Feeder for Hardware - SWOER","isPartOf":{"@id":"https:\/\/swoer.com\/#website"},"primaryImageOfPage":{"@id":"https:\/\/swoer.com\/manufacturer\/two-tracks-small-vibratory-bowl-feeder-for-hardware\/#primaryimage"},"image":{"@id":"https:\/\/swoer.com\/manufacturer\/two-tracks-small-vibratory-bowl-feeder-for-hardware\/#primaryimage"},"thumbnailUrl":"https:\/\/swoer.com\/wp-content\/uploads\/2024\/04\/two-tracks-small-vibratory-bowl-feeder-for-hardware-.jpg","datePublished":"2024-04-03T06:07:37+00:00","dateModified":"2024-08-01T06:30:00+00:00","description":"Boost efficiency with our Two Tracks Small Vibratory Bowl Feeder for hardware. Custom solutions, CE\/UL certified. Contact SWOER for your needs!","breadcrumb":{"@id":"https:\/\/swoer.com\/manufacturer\/two-tracks-small-vibratory-bowl-feeder-for-hardware\/#breadcrumb"},"inLanguage":"ro-RO","potentialAction":[{"@type":"ReadAction","target":["https:\/\/swoer.com\/manufacturer\/two-tracks-small-vibratory-bowl-feeder-for-hardware\/"]}]},{"@type":"ImageObject","inLanguage":"ro-RO","@id":"https:\/\/swoer.com\/manufacturer\/two-tracks-small-vibratory-bowl-feeder-for-hardware\/#primaryimage","url":"https:\/\/swoer.com\/wp-content\/uploads\/2024\/04\/two-tracks-small-vibratory-bowl-feeder-for-hardware-.jpg","contentUrl":"https:\/\/swoer.com\/wp-content\/uploads\/2024\/04\/two-tracks-small-vibratory-bowl-feeder-for-hardware-.jpg","width":1000,"height":1000,"caption":"two tracks small vibratory bowl feeder for hardware"},{"@type":"BreadcrumbList","@id":"https:\/\/swoer.com\/manufacturer\/two-tracks-small-vibratory-bowl-feeder-for-hardware\/#breadcrumb","itemListElement":[{"@type":"ListItem","position":1,"name":"Home","item":"https:\/\/swoer.com\/"},{"@type":"ListItem","position":2,"name":"Shop","item":"https:\/\/swoer.com\/shop\/"},{"@type":"ListItem","position":3,"name":"Two Tracks Small Vibratory Bowl Feeder for Hardware"}]},{"@type":"WebSite","@id":"https:\/\/swoer.com\/#website","url":"https:\/\/swoer.com\/","name":"SWOER","description":"Swoer is the top 3 vibratory bowl feeder manufacturer in China","potentialAction":[{"@type":"SearchAction","target":{"@type":"EntryPoint","urlTemplate":"https:\/\/swoer.com\/?s={search_term_string}"},"query-input":"required name=search_term_string"}],"inLanguage":"ro-RO"}]}},"_links":{"self":[{"href":"https:\/\/swoer.com\/ro\/wp-json\/wp\/v2\/product\/1855"}],"collection":[{"href":"https:\/\/swoer.com\/ro\/wp-json\/wp\/v2\/product"}],"about":[{"href":"https:\/\/swoer.com\/ro\/wp-json\/wp\/v2\/types\/product"}],"replies":[{"embeddable":true,"href":"https:\/\/swoer.com\/ro\/wp-json\/wp\/v2\/comments?post=1855"}],"wp:featuredmedia":[{"embeddable":true,"href":"https:\/\/swoer.com\/ro\/wp-json\/wp\/v2\/media\/1856"}],"wp:attachment":[{"href":"https:\/\/swoer.com\/ro\/wp-json\/wp\/v2\/media?parent=1855"}],"wp:term":[{"taxonomy":"product_cat","embeddable":true,"href":"https:\/\/swoer.com\/ro\/wp-json\/wp\/v2\/product_cat?post=1855"},{"taxonomy":"product_tag","embeddable":true,"href":"https:\/\/swoer.com\/ro\/wp-json\/wp\/v2\/product_tag?post=1855"}],"curies":[{"name":"wp","href":"https:\/\/api.w.org\/{rel}","templated":true}]}}