{"id":1839,"date":"2024-04-02T08:27:07","date_gmt":"2024-04-02T08:27:07","guid":{"rendered":"https:\/\/lightgrey-porpoise-816575.hostingersite.com\/?post_type=product&#038;p=1839"},"modified":"2024-07-31T09:05:56","modified_gmt":"2024-07-31T01:05:56","slug":"automatic-riveting-machine","status":"publish","type":"product","link":"https:\/\/swoer.com\/ro\/manufacturer\/automatic-riveting-machine\/","title":{"rendered":"Ma\u0219in\u0103 automat\u0103 de nituit"},"content":{"rendered":"<p data-sourcepos=\"3:1-3:9\">Ma\u0219ina automat\u0103 de nituit SWOER este un sistem avansat care transfer\u0103 automat niturile \u00een botul care trage unghiile. Am proiectat aceast\u0103 ma\u0219in\u0103 pentru a umple golurile critice din industria chinez\u0103 \u0219i a c\u00e2\u0219tigat numeroase brevete. Utilizarea acestei ma\u0219ini poate economisi \u00eentreprinderea dvs. peste 30% \u00een costurile for\u021bei de munc\u0103.<\/p>\n<p data-sourcepos=\"5:1-5:135\">Spre deosebire de alte ma\u0219ini automate de nituit, modelul SWOER func\u021bioneaz\u0103 \u00eentr-un mod distinct. \u00cen timp ce ma\u0219inile conven\u021bionale necesit\u0103 plasarea manual\u0103 a niturilor \u0219i controlul botului, baz\u00e2ndu-se pe presiunea negativ\u0103 pentru admisia niturilor, ma\u0219ina automat\u0103 de nituit SWOER, \u00een schimb, ofer\u0103 o abordare automat\u0103. Ma\u0219ina noastr\u0103 folose\u0219te aer comprimat pentru a transporta niturile direct la botul pistolului de cuie prin nitul automat. aranjare si separare. Prin adoptarea ma\u0219inii automate de nituit SWOER, pute\u021bi transforma opera\u021biunile manuale intensive ale unghiilor \u00een procese automate sau f\u0103r\u0103 personal, marc\u00e2nd un progres tehnologic semnificativ \u00een industria unghiilor.<\/p>\n\t<div id=\"gap-112267844\" class=\"gap-element clearfix\" style=\"display:block; height:auto;\">\n\t\t\n<style>\n#gap-112267844 {\n  padding-top: 30px;\n}\n<\/style>\n\t<\/div>\n\t\n<h2><strong>Specifica\u021bie:<\/strong><\/h2>\n\t<div id=\"text-2918276956\" class=\"text\">\n\t\t\n<table style=\"border-collapse: collapse; width: 432.77pt;\" border=\"0\" width=\"577\" cellspacing=\"0\" cellpadding=\"0\">\n<tbody>\n<tr style=\"height: 15.00pt;\">\n<td class=\"et2\" style=\"height: 15.00pt; width: 206.25pt;\" width=\"275\" height=\"20\">Articol<\/td>\n<td class=\"et2\" style=\"width: 226.50pt;\" width=\"302\">Valoare<\/td>\n<\/tr>\n<tr style=\"height: 15.00pt;\">\n<td class=\"et2\" style=\"height: 15.00pt; width: 206.25pt;\" width=\"275\" height=\"20\">Num\u0103r de model<\/td>\n<td class=\"et2\" style=\"width: 226.50pt;\" width=\"302\">SW-1000A<\/td>\n<\/tr>\n<tr style=\"height: 15.00pt;\">\n<td class=\"et2\" style=\"height: 15.00pt; width: 206.25pt;\" width=\"275\" height=\"20\">garan\u021bie<\/td>\n<td class=\"et2\" style=\"width: 226.50pt;\" width=\"302\">1 an<\/td>\n<\/tr>\n<tr style=\"height: 15.00pt;\">\n<td class=\"et2\" style=\"height: 15.00pt; width: 206.25pt;\" width=\"275\" height=\"20\">Nici-o viteza de incarcare<\/td>\n<td class=\"et3\" style=\"width: 226.50pt;\" width=\"302\">0<\/td>\n<\/tr>\n<tr style=\"height: 15.00pt;\">\n<td class=\"et2\" style=\"height: 15.00pt; width: 206.25pt;\" width=\"275\" height=\"20\">Suport personalizat<\/td>\n<td class=\"et2\" style=\"width: 226.50pt;\" width=\"302\">OEM<\/td>\n<\/tr>\n<tr style=\"height: 15.00pt;\">\n<td class=\"et2\" style=\"height: 15.00pt; width: 206.25pt;\" width=\"275\" height=\"20\">Locul de origine<\/td>\n<td class=\"et2\" style=\"width: 226.50pt;\" width=\"302\">China<\/td>\n<\/tr>\n<tr style=\"height: 15.00pt;\">\n<td class=\"et2\" style=\"height: 15.00pt; width: 206.25pt;\" width=\"275\" height=\"20\">Nume<\/td>\n<td class=\"et2\" style=\"width: 226.50pt;\" width=\"302\">Ma\u0219in\u0103 automat\u0103 de nituit<\/td>\n<\/tr>\n<tr style=\"height: 15.00pt;\">\n<td class=\"et2\" style=\"height: 15.00pt; width: 206.25pt;\" width=\"275\" height=\"20\">Culoare<\/td>\n<td class=\"et2\" style=\"width: 226.50pt;\" width=\"302\">Palid<\/td>\n<\/tr>\n<tr style=\"height: 15.00pt;\">\n<td class=\"et2\" style=\"height: 15.00pt; width: 206.25pt;\" width=\"275\" height=\"20\">Greutate<\/td>\n<td class=\"et2\" style=\"width: 226.50pt;\" width=\"302\">50 kg<\/td>\n<\/tr>\n<tr style=\"height: 15.00pt;\">\n<td class=\"et2\" style=\"height: 15.00pt; width: 206.25pt;\" width=\"275\" height=\"20\">Viteza de alimentare a unghiilor<\/td>\n<td class=\"et2\" style=\"width: 226.50pt;\" width=\"302\">60~120buc\/min<\/td>\n<\/tr>\n<tr style=\"height: 15.00pt;\">\n<td class=\"et2\" style=\"height: 15.00pt; width: 206.25pt;\" width=\"275\" height=\"20\">Presiune<\/td>\n<td class=\"et2\" style=\"width: 226.50pt;\" width=\"302\">5,5 ~ 6,5 bar<\/td>\n<\/tr>\n<tr style=\"height: 15.00pt;\">\n<td class=\"et2\" style=\"height: 15.00pt; width: 206.25pt;\" width=\"275\" height=\"20\">Dimensiunea \u0219asiului<\/td>\n<td class=\"et2\" style=\"width: 226.50pt;\" width=\"302\">530*360*380mm<\/td>\n<\/tr>\n<\/tbody>\n<\/table>\n\t\t\n<style>\n#text-2918276956 {\n  font-size: 1.15rem;\n  line-height: 3;\n}\n<\/style>\n\t<\/div>\n\t\n\t<div id=\"gap-214116474\" class=\"gap-element clearfix\" style=\"display:block; height:auto;\">\n\t\t\n<style>\n#gap-214116474 {\n  padding-top: 30px;\n}\n<\/style>\n\t<\/div>\n\t\n<h3><strong>Ma\u0219ina automat\u0103 de nituit SWOER const\u0103 din dou\u0103 componente principale: motorul principal \u0219i componentele pistolului de cuie.<\/strong><\/h3>\n<ol>\n<li>Motorul principal cuprinde sistemul de mi\u0219care a ma\u0219inii, sistemul de control al ma\u0219inii \u0219i sistemul de detectare. Rolul sistemului de mi\u0219care a ma\u0219inii este de a separa ordonat niturile \u0219i de a le transporta la duza pistolului \u00eentr-o direc\u021bie specific\u0103. \u00centre timp, sistemul de control al ma\u0219inii guverneaz\u0103 ac\u021biunile diferitelor p\u0103r\u021bi conform instruc\u021biunilor prestabilite. \u00cen acela\u0219i timp, sistemul de detectare asigur\u0103 func\u021bionarea stabil\u0103 a ma\u0219inii \u00een func\u021bie de parametrii programa\u021bi.<\/li>\n<\/ol>\n<p>2. Componenta pistolului de cuie include pistolul de cuie, mecanismul de primire a niturilor \u0219i mecanismul de colectare \u0219i ie\u0219ire a semnalului. \u00cen plus, pistolul de cuie, un pistol automat de cuie standard disponibil pe pia\u021b\u0103, serve\u0219te ca instrument principal pentru opera\u021biunile cu cuiele, fie c\u0103 sunt manuale sau automate. Mecanismul de primire a niturilor capteaz\u0103 \u0219i \u00eencarc\u0103 niturile transportate de motorul principal prin conduct\u0103 \u00een componenta duzei de nit, reprezent\u00e2nd tehnologia de baz\u0103 a ma\u0219inii de nituit automate. \u00cen cele din urm\u0103, mecanismul de colectare \u0219i ie\u0219ire a semnalului, a\u0219a cum sugereaz\u0103 \u0219i numele s\u0103u, colecteaz\u0103 \u0219i emite semnale pentru a ini\u021bia func\u021bionarea ma\u0219inii \u0219i pentru a finaliza sarcinile.<\/p>\n<h3><strong>Instruc\u021biuni de cur\u0103\u021bare \u0219i \u00eentre\u021binere pentru ma\u0219ina de nituit automat\u0103:<\/strong><\/h3>\n<p><strong>1.<\/strong> Cur\u0103\u021ba\u021bi \u00een mod regulat recipientul pentru unghii pentru a men\u021bine cur\u0103\u021benia, utiliz\u00e2nd gaz de \u00eenalt\u0103 presiune pentru a elimina orice reziduu acumulat \u00een interior.<\/p>\n<p><strong>2.<\/strong> Cur\u0103\u021ba\u021bi \u0219inele ma\u0219inii dvs. de nituit \u00een mod regulat pentru a asigura o func\u021bionare f\u0103r\u0103 probleme.<\/p>\n<p><strong>3.<\/strong> Cur\u0103\u021ba\u021bi periodic sistemul de livrare a unghiilor pentru a-\u0219i men\u021bine func\u021bionalitatea \u0219i lua\u021bi \u00een considerare aplicarea de unsoare pentru a lubrifia piesele \u00een mi\u0219care pentru o performan\u021b\u0103 optim\u0103.<\/p>\n<p><strong>4.<\/strong> Men\u021bine\u021bi cur\u0103\u021benia suprafe\u021bei exterioare a carcasei ma\u0219inii prin rutine regulate de cur\u0103\u021bare.<\/p>\n<p><strong>5.<\/strong> Evita\u021bi utilizarea botului pistolului de cuie pentru a lovi piese de prelucrat sau alte obiecte. \u00cen plus, nu uita\u021bi s\u0103 opri\u021bi ma\u0219ina atunci c\u00e2nd nu este utilizat\u0103 pentru a preveni accidentele.<\/p>","protected":false},"excerpt":{"rendered":"<p>Produc\u0103tor \u0219i furnizor de ma\u0219ini de nituit automate personalizate SWOER \u00een China.<\/p>\n<p>-MOQ: 1 buc<\/p>\n<p>-Serviciul OEM\/ODM oferit<\/p>\n<p>-Accept\u0103 personalizarea<\/p>\n<p>Dac\u0103 dori\u021bi s\u0103 ob\u021bine\u021bi pre\u021buri pentru echipamente de nituire automat\u0103, v\u0103 rug\u0103m s\u0103 ne contacta\u021bi.<\/p>","protected":false},"featured_media":1840,"comment_status":"open","ping_status":"closed","template":"","meta":[],"product_cat":[42],"product_tag":[],"yoast_head":"<!-- This site is optimized with the Yoast SEO plugin v22.2 - https:\/\/yoast.com\/wordpress\/plugins\/seo\/ -->\n<title>Automatic Riveting Machine - SWOER<\/title>\n<meta name=\"description\" content=\"Experience advanced automation with SOWER&#039;s riveting machine. Automate rivet transfer, saving over 30% in labor and boosting efficiency.\" \/>\n<meta name=\"robots\" content=\"index, follow, max-snippet:-1, max-image-preview:large, max-video-preview:-1\" \/>\n<link rel=\"canonical\" href=\"https:\/\/swoer.com\/ro\/manufacturer\/automatic-riveting-machine\/\" \/>\n<meta property=\"og:locale\" content=\"ro_RO\" \/>\n<meta property=\"og:type\" content=\"article\" \/>\n<meta property=\"og:title\" content=\"Automatic Riveting Machine - SWOER\" \/>\n<meta property=\"og:description\" content=\"Experience advanced automation with SOWER&#039;s riveting machine. Automate rivet transfer, saving over 30% in labor and boosting efficiency.\" \/>\n<meta property=\"og:url\" content=\"https:\/\/swoer.com\/ro\/manufacturer\/automatic-riveting-machine\/\" \/>\n<meta property=\"og:site_name\" content=\"SWOER\" \/>\n<meta property=\"article:modified_time\" content=\"2024-07-31T01:05:56+00:00\" \/>\n<meta property=\"og:image\" content=\"https:\/\/swoer.com\/wp-content\/uploads\/2024\/04\/auto-rivet-tools.webp\" \/>\n\t<meta property=\"og:image:width\" content=\"1000\" \/>\n\t<meta property=\"og:image:height\" content=\"1000\" \/>\n\t<meta property=\"og:image:type\" content=\"image\/webp\" \/>\n<meta name=\"twitter:card\" content=\"summary_large_image\" \/>\n<meta name=\"twitter:label1\" content=\"Timp estimat pentru citire\" \/>\n\t<meta name=\"twitter:data1\" content=\"3 minute\" \/>\n<script type=\"application\/ld+json\" class=\"yoast-schema-graph\">{\"@context\":\"https:\/\/schema.org\",\"@graph\":[{\"@type\":\"WebPage\",\"@id\":\"https:\/\/swoer.com\/manufacturer\/automatic-riveting-machine\/\",\"url\":\"https:\/\/swoer.com\/manufacturer\/automatic-riveting-machine\/\",\"name\":\"Automatic Riveting Machine - SWOER\",\"isPartOf\":{\"@id\":\"https:\/\/swoer.com\/#website\"},\"primaryImageOfPage\":{\"@id\":\"https:\/\/swoer.com\/manufacturer\/automatic-riveting-machine\/#primaryimage\"},\"image\":{\"@id\":\"https:\/\/swoer.com\/manufacturer\/automatic-riveting-machine\/#primaryimage\"},\"thumbnailUrl\":\"https:\/\/swoer.com\/wp-content\/uploads\/2024\/04\/auto-rivet-tools.webp\",\"datePublished\":\"2024-04-02T08:27:07+00:00\",\"dateModified\":\"2024-07-31T01:05:56+00:00\",\"description\":\"Experience advanced automation with SOWER's riveting machine. Automate rivet transfer, saving over 30% in labor and boosting efficiency.\",\"breadcrumb\":{\"@id\":\"https:\/\/swoer.com\/manufacturer\/automatic-riveting-machine\/#breadcrumb\"},\"inLanguage\":\"ro-RO\",\"potentialAction\":[{\"@type\":\"ReadAction\",\"target\":[\"https:\/\/swoer.com\/manufacturer\/automatic-riveting-machine\/\"]}]},{\"@type\":\"ImageObject\",\"inLanguage\":\"ro-RO\",\"@id\":\"https:\/\/swoer.com\/manufacturer\/automatic-riveting-machine\/#primaryimage\",\"url\":\"https:\/\/swoer.com\/wp-content\/uploads\/2024\/04\/auto-rivet-tools.webp\",\"contentUrl\":\"https:\/\/swoer.com\/wp-content\/uploads\/2024\/04\/auto-rivet-tools.webp\",\"width\":1000,\"height\":1000,\"caption\":\"auto rivet tools\"},{\"@type\":\"BreadcrumbList\",\"@id\":\"https:\/\/swoer.com\/manufacturer\/automatic-riveting-machine\/#breadcrumb\",\"itemListElement\":[{\"@type\":\"ListItem\",\"position\":1,\"name\":\"Home\",\"item\":\"https:\/\/swoer.com\/\"},{\"@type\":\"ListItem\",\"position\":2,\"name\":\"Shop\",\"item\":\"https:\/\/swoer.com\/shop\/\"},{\"@type\":\"ListItem\",\"position\":3,\"name\":\"Automatic Riveting Machine\"}]},{\"@type\":\"WebSite\",\"@id\":\"https:\/\/swoer.com\/#website\",\"url\":\"https:\/\/swoer.com\/\",\"name\":\"SWOER\",\"description\":\"Swoer is the top 3 vibratory bowl feeder manufacturer in China\",\"potentialAction\":[{\"@type\":\"SearchAction\",\"target\":{\"@type\":\"EntryPoint\",\"urlTemplate\":\"https:\/\/swoer.com\/?s={search_term_string}\"},\"query-input\":\"required name=search_term_string\"}],\"inLanguage\":\"ro-RO\"}]}<\/script>\n<!-- \/ Yoast SEO plugin. -->","yoast_head_json":{"title":"Automatic Riveting Machine - SWOER","description":"Experience advanced automation with SOWER's riveting machine. Automate rivet transfer, saving over 30% in labor and boosting efficiency.","robots":{"index":"index","follow":"follow","max-snippet":"max-snippet:-1","max-image-preview":"max-image-preview:large","max-video-preview":"max-video-preview:-1"},"canonical":"https:\/\/swoer.com\/ro\/manufacturer\/automatic-riveting-machine\/","og_locale":"ro_RO","og_type":"article","og_title":"Automatic Riveting Machine - SWOER","og_description":"Experience advanced automation with SOWER's riveting machine. Automate rivet transfer, saving over 30% in labor and boosting efficiency.","og_url":"https:\/\/swoer.com\/ro\/manufacturer\/automatic-riveting-machine\/","og_site_name":"SWOER","article_modified_time":"2024-07-31T01:05:56+00:00","og_image":[{"width":1000,"height":1000,"url":"https:\/\/swoer.com\/wp-content\/uploads\/2024\/04\/auto-rivet-tools.webp","type":"image\/webp"}],"twitter_card":"summary_large_image","twitter_misc":{"Timp estimat pentru citire":"3 minute"},"schema":{"@context":"https:\/\/schema.org","@graph":[{"@type":"WebPage","@id":"https:\/\/swoer.com\/manufacturer\/automatic-riveting-machine\/","url":"https:\/\/swoer.com\/manufacturer\/automatic-riveting-machine\/","name":"Automatic Riveting Machine - SWOER","isPartOf":{"@id":"https:\/\/swoer.com\/#website"},"primaryImageOfPage":{"@id":"https:\/\/swoer.com\/manufacturer\/automatic-riveting-machine\/#primaryimage"},"image":{"@id":"https:\/\/swoer.com\/manufacturer\/automatic-riveting-machine\/#primaryimage"},"thumbnailUrl":"https:\/\/swoer.com\/wp-content\/uploads\/2024\/04\/auto-rivet-tools.webp","datePublished":"2024-04-02T08:27:07+00:00","dateModified":"2024-07-31T01:05:56+00:00","description":"Experience advanced automation with SOWER's riveting machine. Automate rivet transfer, saving over 30% in labor and boosting efficiency.","breadcrumb":{"@id":"https:\/\/swoer.com\/manufacturer\/automatic-riveting-machine\/#breadcrumb"},"inLanguage":"ro-RO","potentialAction":[{"@type":"ReadAction","target":["https:\/\/swoer.com\/manufacturer\/automatic-riveting-machine\/"]}]},{"@type":"ImageObject","inLanguage":"ro-RO","@id":"https:\/\/swoer.com\/manufacturer\/automatic-riveting-machine\/#primaryimage","url":"https:\/\/swoer.com\/wp-content\/uploads\/2024\/04\/auto-rivet-tools.webp","contentUrl":"https:\/\/swoer.com\/wp-content\/uploads\/2024\/04\/auto-rivet-tools.webp","width":1000,"height":1000,"caption":"auto rivet tools"},{"@type":"BreadcrumbList","@id":"https:\/\/swoer.com\/manufacturer\/automatic-riveting-machine\/#breadcrumb","itemListElement":[{"@type":"ListItem","position":1,"name":"Home","item":"https:\/\/swoer.com\/"},{"@type":"ListItem","position":2,"name":"Shop","item":"https:\/\/swoer.com\/shop\/"},{"@type":"ListItem","position":3,"name":"Automatic Riveting Machine"}]},{"@type":"WebSite","@id":"https:\/\/swoer.com\/#website","url":"https:\/\/swoer.com\/","name":"SWOER","description":"Swoer is the top 3 vibratory bowl feeder manufacturer in China","potentialAction":[{"@type":"SearchAction","target":{"@type":"EntryPoint","urlTemplate":"https:\/\/swoer.com\/?s={search_term_string}"},"query-input":"required name=search_term_string"}],"inLanguage":"ro-RO"}]}},"_links":{"self":[{"href":"https:\/\/swoer.com\/ro\/wp-json\/wp\/v2\/product\/1839"}],"collection":[{"href":"https:\/\/swoer.com\/ro\/wp-json\/wp\/v2\/product"}],"about":[{"href":"https:\/\/swoer.com\/ro\/wp-json\/wp\/v2\/types\/product"}],"replies":[{"embeddable":true,"href":"https:\/\/swoer.com\/ro\/wp-json\/wp\/v2\/comments?post=1839"}],"wp:featuredmedia":[{"embeddable":true,"href":"https:\/\/swoer.com\/ro\/wp-json\/wp\/v2\/media\/1840"}],"wp:attachment":[{"href":"https:\/\/swoer.com\/ro\/wp-json\/wp\/v2\/media?parent=1839"}],"wp:term":[{"taxonomy":"product_cat","embeddable":true,"href":"https:\/\/swoer.com\/ro\/wp-json\/wp\/v2\/product_cat?post=1839"},{"taxonomy":"product_tag","embeddable":true,"href":"https:\/\/swoer.com\/ro\/wp-json\/wp\/v2\/product_tag?post=1839"}],"curies":[{"name":"wp","href":"https:\/\/api.w.org\/{rel}","templated":true}]}}