{"id":1820,"date":"2024-04-02T03:12:36","date_gmt":"2024-04-02T03:12:36","guid":{"rendered":"https:\/\/lightgrey-porpoise-816575.hostingersite.com\/?post_type=product&#038;p=1820"},"modified":"2024-04-02T03:18:29","modified_gmt":"2024-04-02T03:18:29","slug":"plastic-connector-pneumatic-stepped-feeding-device","status":"publish","type":"product","link":"https:\/\/swoer.com\/ro\/manufacturer\/plastic-connector-pneumatic-stepped-feeding-device\/","title":{"rendered":"Conector din plastic Dispozitiv de alimentare \u00een trepte pneumatic"},"content":{"rendered":"<p><strong>1.<\/strong> Cre\u0219te\u021bi eficien\u021ba liniei de asamblare cu dispozitivul nostru de alimentare \u00een trepte cu conector din plastic. Proiectat pentru precizie, asigur\u0103 o manipulare f\u0103r\u0103 \u00eentreruperi a materialelor pentru fluxuri de lucru optimizate de produc\u021bie<\/p>\n<p><strong>2.<\/strong> Eficientiza\u021bi-v\u0103 procesele de produc\u021bie cu dispozitivul nostru de alimentare \u00een trepte cu conector din plastic. Fiabil \u0219i eficient, ofer\u0103 o hr\u0103nire constant\u0103, maximiz\u00e2nd productivitatea.<\/p>\n\t<div id=\"gap-1286200858\" class=\"gap-element clearfix\" style=\"display:block; height:auto;\">\n\t\t\n<style>\n#gap-1286200858 {\n  padding-top: 30px;\n}\n<\/style>\n\t<\/div>\n\t\n<h2>Descriere:<\/h2>\n<table width=\"727\">\n<tbody>\n<tr>\n<td width=\"205\">numele produsului<\/td>\n<td width=\"522\">Conector din plastic Dispozitiv de alimentare \u00een trepte pneumatic\u00a0<\/td>\n<\/tr>\n<tr>\n<td>Material<\/td>\n<td>AL7075 \/ SUS304<\/td>\n<\/tr>\n<tr>\n<td>Specialitatea materialelor<\/td>\n<td>Aliaj de forjare cu tratament la rece, rezisten\u021b\u0103 ridicat\u0103, duritate ridicat\u0103<\/td>\n<\/tr>\n<tr>\n<td>Voltaj<\/td>\n<td>220V<\/td>\n<\/tr>\n<tr>\n<td>Putere<\/td>\n<td>65 W \/ 150 W \/ 180 W \/ 220 W \/ 350 W<\/td>\n<\/tr>\n<tr>\n<td>Autentificare<\/td>\n<td>CE, ROHS, ISO9001<\/td>\n<\/tr>\n<tr>\n<td>garan\u021bie<\/td>\n<td>1 an garantie<\/td>\n<\/tr>\n<tr>\n<td>MOQ<\/td>\n<td>1 set<\/td>\n<\/tr>\n<tr>\n<td>Perioada de gra\u0163ie<\/td>\n<td>28 de zile<\/td>\n<\/tr>\n<tr>\n<td>Termen de plata<\/td>\n<td>T\/T 30% Depozit \u0219i sold \u00eenainte de expediere<\/td>\n<\/tr>\n<tr>\n<td>Original de Place<\/td>\n<td>China<\/td>\n<\/tr>\n<\/tbody>\n<\/table>\n\t<div id=\"gap-1459501377\" class=\"gap-element clearfix\" style=\"display:block; height:auto;\">\n\t\t\n<style>\n#gap-1459501377 {\n  padding-top: 30px;\n}\n<\/style>\n\t<\/div>\n\t\n<h2>FAQ:<\/h2>\n<p><strong>1. Cum va \u00eembun\u0103t\u0103\u021bi eficien\u021ba liniei mele de asamblare dispozitivul pneumatic de alimentare \u00een trepte cu conector din plastic?<\/strong><\/p>\n<p>Dispozitivul nostru de alimentare \u00een trepte cu conector din plastic este proiectat pentru a optimiza manipularea materialelor, asigur\u00e2nd alimentarea f\u0103r\u0103 sudur\u0103 \u0219i eficient\u0103 a conectorilor din plastic. Prin automatizarea acestui proces, se reduce munca manual\u0103 \u0219i se reduce la minimum timpul de oprire a produc\u021biei, sporind \u00een cele din urm\u0103 eficien\u021ba general\u0103 a liniei de asamblare.<\/p>\n<p><strong>2. Poate acest dispozitiv de alimentare s\u0103 gestioneze diferite dimensiuni \u0219i forme ale conectorilor din plastic?<\/strong><\/p>\n<p>Absolut. Dispozitivul nostru este versatil \u0219i reglabil, capabil s\u0103 g\u0103zduiasc\u0103 o gam\u0103 larg\u0103 de dimensiuni \u0219i forme de conector din plastic. Indiferent dac\u0103 lucra\u021bi cu conectori mici sau mari, dispozitivul nostru de alimentare ofer\u0103 performan\u021be consistente \u0219i fiabile, asigur\u00e2nd o integrare perfect\u0103 \u00een linia dvs. de asamblare.<\/p>\n<p><strong>3. C\u00e2t de u\u0219or este s\u0103 instalez \u0219i s\u0103 integrez acest dispozitiv de alimentare \u00een configura\u021bia mea de produc\u021bie existent\u0103?<\/strong><\/p>\n<p>Instalarea \u0219i integrarea sunt procese simple. Echipa noastr\u0103 ofer\u0103 asisten\u021b\u0103 cuprinz\u0103toare pentru a asigura o instalare \u0219i integrare f\u0103r\u0103 probleme a dispozitivului de alimentare \u00een trepte cu conector din plastic \u00een configura\u021bia dvs. de produc\u021bie existent\u0103. Prioritizeaz\u0103 \u00eentreruperile minime ale opera\u021biunilor dumneavoastr\u0103, permi\u021b\u00e2ndu-v\u0103 s\u0103 beneficia\u021bi rapid de o eficien\u021b\u0103 \u00eembun\u0103t\u0103\u021bit\u0103.<\/p>\n<p><strong>4. Cum contribuie acest dispozitiv de alimentare la calitatea \u0219i consisten\u021ba produsului?<\/strong><\/p>\n<p>Prin furnizarea de alimentare precis\u0103 \u0219i controlat\u0103 a conectorilor din plastic, dispozitivul nostru ajut\u0103 la men\u021binerea calit\u0103\u021bii \u0219i consecven\u021bei produsului pe tot parcursul procesului de asamblare. Func\u021bionarea sa pneumatic\u0103 asigur\u0103 plasarea \u0219i alinierea precis\u0103, minimiz\u00e2nd erorile \u0219i defectele \u0219i asigur\u00e2nd rezultate de \u00eenalt\u0103 calitate.<\/p>\n<p><strong>5. Ce fel de suport oferi\u021bi pentru \u00eentre\u021binerea \u0219i depanarea acestui dispozitiv de alimentare?<\/strong><\/p>\n<p>Oferim asisten\u021b\u0103 continu\u0103 pentru nevoile de \u00eentre\u021binere \u0219i depanare. Echipa noastr\u0103 ofer\u0103 instruire cuprinz\u0103toare, programe de \u00eentre\u021binere \u0219i asisten\u021b\u0103 tehnic\u0103 pentru a asigura fiabilitatea \u0219i performan\u021ba continu\u0103 a dispozitivului de alimentare \u00een trepte cu conector din plastic. Ne angaj\u0103m s\u0103 v\u0103 ajut\u0103m s\u0103 maximiza\u021bi eficien\u021ba \u0219i eficacitatea opera\u021biunilor pe linia de asamblare.<\/p>","protected":false},"excerpt":{"rendered":"<p>Optimiza\u021bi-v\u0103 linia de asamblare cu dispozitivul nostru de alimentare \u00een trepte cu conector din plastic. Proiectat cu precizie pentru manipularea f\u0103r\u0103 sudur\u0103 a materialelor, asigur\u0103 o alimentare eficient\u0103 \u0219i fiabil\u0103, \u00eembun\u0103t\u0103\u021bind procesele dumneavoastr\u0103 de produc\u021bie.<\/p>","protected":false},"featured_media":1821,"comment_status":"open","ping_status":"closed","template":"","meta":[],"product_cat":[39],"product_tag":[],"yoast_head":"<!-- This site is optimized with the Yoast SEO plugin v22.2 - https:\/\/yoast.com\/wordpress\/plugins\/seo\/ -->\n<title>Plastic Connector Pneumatic Stepped Feeding Device - SWOER<\/title>\n<meta name=\"robots\" content=\"index, follow, max-snippet:-1, max-image-preview:large, max-video-preview:-1\" \/>\n<link rel=\"canonical\" href=\"https:\/\/swoer.com\/ro\/manufacturer\/plastic-connector-pneumatic-stepped-feeding-device\/\" \/>\n<meta property=\"og:locale\" content=\"ro_RO\" \/>\n<meta property=\"og:type\" content=\"article\" \/>\n<meta property=\"og:title\" content=\"Plastic Connector Pneumatic Stepped Feeding Device - SWOER\" \/>\n<meta property=\"og:description\" content=\"Optimize your assembly line with our Plastic Connector Pneumatic Stepped Feeding Device. Precision-engineered for seamless material handling, it ensures efficient and reliable feeding, enhancing your production processes.\" \/>\n<meta property=\"og:url\" content=\"https:\/\/swoer.com\/ro\/manufacturer\/plastic-connector-pneumatic-stepped-feeding-device\/\" \/>\n<meta property=\"og:site_name\" content=\"SWOER\" \/>\n<meta property=\"article:modified_time\" content=\"2024-04-02T03:18:29+00:00\" \/>\n<meta property=\"og:image\" content=\"https:\/\/swoer.com\/wp-content\/uploads\/2024\/04\/Plastic-Connector-Pneumatic-Stepped-Feeding-Device-.jpg\" \/>\n\t<meta property=\"og:image:width\" content=\"1000\" \/>\n\t<meta property=\"og:image:height\" content=\"1000\" \/>\n\t<meta property=\"og:image:type\" content=\"image\/jpeg\" \/>\n<meta name=\"twitter:card\" content=\"summary_large_image\" \/>\n<meta name=\"twitter:label1\" content=\"Timp estimat pentru citire\" \/>\n\t<meta name=\"twitter:data1\" content=\"1 minut\" \/>\n<script type=\"application\/ld+json\" class=\"yoast-schema-graph\">{\"@context\":\"https:\/\/schema.org\",\"@graph\":[{\"@type\":\"WebPage\",\"@id\":\"https:\/\/swoer.com\/manufacturer\/plastic-connector-pneumatic-stepped-feeding-device\/\",\"url\":\"https:\/\/swoer.com\/manufacturer\/plastic-connector-pneumatic-stepped-feeding-device\/\",\"name\":\"Plastic Connector Pneumatic Stepped Feeding Device - SWOER\",\"isPartOf\":{\"@id\":\"https:\/\/swoer.com\/#website\"},\"primaryImageOfPage\":{\"@id\":\"https:\/\/swoer.com\/manufacturer\/plastic-connector-pneumatic-stepped-feeding-device\/#primaryimage\"},\"image\":{\"@id\":\"https:\/\/swoer.com\/manufacturer\/plastic-connector-pneumatic-stepped-feeding-device\/#primaryimage\"},\"thumbnailUrl\":\"https:\/\/swoer.com\/wp-content\/uploads\/2024\/04\/Plastic-Connector-Pneumatic-Stepped-Feeding-Device-.jpg\",\"datePublished\":\"2024-04-02T03:12:36+00:00\",\"dateModified\":\"2024-04-02T03:18:29+00:00\",\"breadcrumb\":{\"@id\":\"https:\/\/swoer.com\/manufacturer\/plastic-connector-pneumatic-stepped-feeding-device\/#breadcrumb\"},\"inLanguage\":\"ro-RO\",\"potentialAction\":[{\"@type\":\"ReadAction\",\"target\":[\"https:\/\/swoer.com\/manufacturer\/plastic-connector-pneumatic-stepped-feeding-device\/\"]}]},{\"@type\":\"ImageObject\",\"inLanguage\":\"ro-RO\",\"@id\":\"https:\/\/swoer.com\/manufacturer\/plastic-connector-pneumatic-stepped-feeding-device\/#primaryimage\",\"url\":\"https:\/\/swoer.com\/wp-content\/uploads\/2024\/04\/Plastic-Connector-Pneumatic-Stepped-Feeding-Device-.jpg\",\"contentUrl\":\"https:\/\/swoer.com\/wp-content\/uploads\/2024\/04\/Plastic-Connector-Pneumatic-Stepped-Feeding-Device-.jpg\",\"width\":1000,\"height\":1000,\"caption\":\"Plastic Connector Pneumatic Stepped Feeding Device\"},{\"@type\":\"BreadcrumbList\",\"@id\":\"https:\/\/swoer.com\/manufacturer\/plastic-connector-pneumatic-stepped-feeding-device\/#breadcrumb\",\"itemListElement\":[{\"@type\":\"ListItem\",\"position\":1,\"name\":\"Home\",\"item\":\"https:\/\/swoer.com\/\"},{\"@type\":\"ListItem\",\"position\":2,\"name\":\"Shop\",\"item\":\"https:\/\/swoer.com\/shop\/\"},{\"@type\":\"ListItem\",\"position\":3,\"name\":\"Plastic Connector Pneumatic Stepped Feeding Device\"}]},{\"@type\":\"WebSite\",\"@id\":\"https:\/\/swoer.com\/#website\",\"url\":\"https:\/\/swoer.com\/\",\"name\":\"SWOER\",\"description\":\"Swoer is the top 3 vibratory bowl feeder manufacturer in China\",\"potentialAction\":[{\"@type\":\"SearchAction\",\"target\":{\"@type\":\"EntryPoint\",\"urlTemplate\":\"https:\/\/swoer.com\/?s={search_term_string}\"},\"query-input\":\"required name=search_term_string\"}],\"inLanguage\":\"ro-RO\"}]}<\/script>\n<!-- \/ Yoast SEO plugin. -->","yoast_head_json":{"title":"Plastic Connector Pneumatic Stepped Feeding Device - SWOER","robots":{"index":"index","follow":"follow","max-snippet":"max-snippet:-1","max-image-preview":"max-image-preview:large","max-video-preview":"max-video-preview:-1"},"canonical":"https:\/\/swoer.com\/ro\/manufacturer\/plastic-connector-pneumatic-stepped-feeding-device\/","og_locale":"ro_RO","og_type":"article","og_title":"Plastic Connector Pneumatic Stepped Feeding Device - SWOER","og_description":"Optimize your assembly line with our Plastic Connector Pneumatic Stepped Feeding Device. Precision-engineered for seamless material handling, it ensures efficient and reliable feeding, enhancing your production processes.","og_url":"https:\/\/swoer.com\/ro\/manufacturer\/plastic-connector-pneumatic-stepped-feeding-device\/","og_site_name":"SWOER","article_modified_time":"2024-04-02T03:18:29+00:00","og_image":[{"width":1000,"height":1000,"url":"https:\/\/swoer.com\/wp-content\/uploads\/2024\/04\/Plastic-Connector-Pneumatic-Stepped-Feeding-Device-.jpg","type":"image\/jpeg"}],"twitter_card":"summary_large_image","twitter_misc":{"Timp estimat pentru citire":"1 minut"},"schema":{"@context":"https:\/\/schema.org","@graph":[{"@type":"WebPage","@id":"https:\/\/swoer.com\/manufacturer\/plastic-connector-pneumatic-stepped-feeding-device\/","url":"https:\/\/swoer.com\/manufacturer\/plastic-connector-pneumatic-stepped-feeding-device\/","name":"Plastic Connector Pneumatic Stepped Feeding Device - SWOER","isPartOf":{"@id":"https:\/\/swoer.com\/#website"},"primaryImageOfPage":{"@id":"https:\/\/swoer.com\/manufacturer\/plastic-connector-pneumatic-stepped-feeding-device\/#primaryimage"},"image":{"@id":"https:\/\/swoer.com\/manufacturer\/plastic-connector-pneumatic-stepped-feeding-device\/#primaryimage"},"thumbnailUrl":"https:\/\/swoer.com\/wp-content\/uploads\/2024\/04\/Plastic-Connector-Pneumatic-Stepped-Feeding-Device-.jpg","datePublished":"2024-04-02T03:12:36+00:00","dateModified":"2024-04-02T03:18:29+00:00","breadcrumb":{"@id":"https:\/\/swoer.com\/manufacturer\/plastic-connector-pneumatic-stepped-feeding-device\/#breadcrumb"},"inLanguage":"ro-RO","potentialAction":[{"@type":"ReadAction","target":["https:\/\/swoer.com\/manufacturer\/plastic-connector-pneumatic-stepped-feeding-device\/"]}]},{"@type":"ImageObject","inLanguage":"ro-RO","@id":"https:\/\/swoer.com\/manufacturer\/plastic-connector-pneumatic-stepped-feeding-device\/#primaryimage","url":"https:\/\/swoer.com\/wp-content\/uploads\/2024\/04\/Plastic-Connector-Pneumatic-Stepped-Feeding-Device-.jpg","contentUrl":"https:\/\/swoer.com\/wp-content\/uploads\/2024\/04\/Plastic-Connector-Pneumatic-Stepped-Feeding-Device-.jpg","width":1000,"height":1000,"caption":"Plastic Connector Pneumatic Stepped Feeding Device"},{"@type":"BreadcrumbList","@id":"https:\/\/swoer.com\/manufacturer\/plastic-connector-pneumatic-stepped-feeding-device\/#breadcrumb","itemListElement":[{"@type":"ListItem","position":1,"name":"Home","item":"https:\/\/swoer.com\/"},{"@type":"ListItem","position":2,"name":"Shop","item":"https:\/\/swoer.com\/shop\/"},{"@type":"ListItem","position":3,"name":"Plastic Connector Pneumatic Stepped Feeding Device"}]},{"@type":"WebSite","@id":"https:\/\/swoer.com\/#website","url":"https:\/\/swoer.com\/","name":"SWOER","description":"Swoer is the top 3 vibratory bowl feeder manufacturer in China","potentialAction":[{"@type":"SearchAction","target":{"@type":"EntryPoint","urlTemplate":"https:\/\/swoer.com\/?s={search_term_string}"},"query-input":"required name=search_term_string"}],"inLanguage":"ro-RO"}]}},"_links":{"self":[{"href":"https:\/\/swoer.com\/ro\/wp-json\/wp\/v2\/product\/1820"}],"collection":[{"href":"https:\/\/swoer.com\/ro\/wp-json\/wp\/v2\/product"}],"about":[{"href":"https:\/\/swoer.com\/ro\/wp-json\/wp\/v2\/types\/product"}],"replies":[{"embeddable":true,"href":"https:\/\/swoer.com\/ro\/wp-json\/wp\/v2\/comments?post=1820"}],"wp:featuredmedia":[{"embeddable":true,"href":"https:\/\/swoer.com\/ro\/wp-json\/wp\/v2\/media\/1821"}],"wp:attachment":[{"href":"https:\/\/swoer.com\/ro\/wp-json\/wp\/v2\/media?parent=1820"}],"wp:term":[{"taxonomy":"product_cat","embeddable":true,"href":"https:\/\/swoer.com\/ro\/wp-json\/wp\/v2\/product_cat?post=1820"},{"taxonomy":"product_tag","embeddable":true,"href":"https:\/\/swoer.com\/ro\/wp-json\/wp\/v2\/product_tag?post=1820"}],"curies":[{"name":"wp","href":"https:\/\/api.w.org\/{rel}","templated":true}]}}