{"id":1817,"date":"2024-04-02T03:02:08","date_gmt":"2024-04-02T03:02:08","guid":{"rendered":"https:\/\/lightgrey-porpoise-816575.hostingersite.com\/?post_type=product&#038;p=1817"},"modified":"2024-04-02T03:10:00","modified_gmt":"2024-04-02T03:10:00","slug":"screw-pneumatic-step-feeder-system","status":"publish","type":"product","link":"https:\/\/swoer.com\/ro\/manufacturer\/screw-pneumatic-step-feeder-system\/","title":{"rendered":"Sistem de alimentare cu pas pneumatic cu \u0219urub"},"content":{"rendered":"<ol>\n<li>\n<p>Maximiza\u021bi productivitatea cu sistemul nostru de alimentare cu trepte pneumatice cu \u0219urub. Proiectat pentru precizie, eficientizeaz\u0103 manipularea materialelor pentru fluxuri de produc\u021bie f\u0103r\u0103 \u00eentreruperi.<\/p>\n<\/li>\n<li>\n<p>Manipula\u021bi f\u0103r\u0103 efort materialele cu sistemul nostru de alimentare cu pas pneumatic cu \u0219urub. Fiabil \u0219i eficient, asigur\u0103 o hr\u0103nire consistent\u0103, optimiz\u00e2nd procesele dumneavoastr\u0103 de produc\u021bie.<\/p>\n<\/li>\n<\/ol>\n\t<div id=\"gap-768033759\" class=\"gap-element clearfix\" style=\"display:block; height:auto;\">\n\t\t\n<style>\n#gap-768033759 {\n  padding-top: 30px;\n}\n<\/style>\n\t<\/div>\n\t\n<h2>Descriere:<\/h2>\n<table style=\"border-collapse: collapse; width: 545.27pt;\" border=\"0\" width=\"727\" cellspacing=\"0\" cellpadding=\"0\">\n<tbody>\n<tr style=\"height: 29.00pt;\">\n<td class=\"et2\" style=\"height: 29.00pt; width: 153.75pt;\" width=\"205\" height=\"38\">numele produsului<\/td>\n<td class=\"et2\" style=\"width: 391.50pt;\" width=\"522\">Sistem de alimentare cu pas pneumatic cu \u0219urub<\/td>\n<\/tr>\n<tr style=\"height: 29.00pt;\">\n<td class=\"et2\" style=\"height: 29.00pt;\" height=\"38\">Material<\/td>\n<td class=\"et2\">AL7075 \/ SUS304<\/td>\n<\/tr>\n<tr style=\"height: 29.00pt;\">\n<td class=\"et2\" style=\"height: 29.00pt;\" height=\"38\">Specialitatea materialelor<\/td>\n<td class=\"et2\">Aliaj de forjare cu tratament la rece, rezisten\u021b\u0103 ridicat\u0103, duritate ridicat\u0103<\/td>\n<\/tr>\n<tr style=\"height: 29.00pt;\">\n<td class=\"et2\" style=\"height: 29.00pt;\" height=\"38\">Voltaj<\/td>\n<td class=\"et2\">220V<\/td>\n<\/tr>\n<tr style=\"height: 29.00pt;\">\n<td class=\"et2\" style=\"height: 29.00pt;\" height=\"38\">Putere<\/td>\n<td class=\"et2\">65 W \/ 150 W \/ 180 W \/ 220 W \/ 350 W<\/td>\n<\/tr>\n<tr style=\"height: 29.00pt;\">\n<td class=\"et2\" style=\"height: 29.00pt;\" height=\"38\">Autentificare<\/td>\n<td class=\"et2\">CE, ROHS, ISO9001<\/td>\n<\/tr>\n<tr style=\"height: 29.00pt;\">\n<td class=\"et2\" style=\"height: 29.00pt;\" height=\"38\">garan\u021bie<\/td>\n<td class=\"et2\">1 an garantie<\/td>\n<\/tr>\n<tr style=\"height: 29.00pt;\">\n<td class=\"et2\" style=\"height: 29.00pt;\" height=\"38\">MOQ<\/td>\n<td class=\"et2\">1 set<\/td>\n<\/tr>\n<tr style=\"height: 29.00pt;\">\n<td class=\"et2\" style=\"height: 29.00pt;\" height=\"38\">Perioada de gra\u0163ie<\/td>\n<td class=\"et2\">28 de zile<\/td>\n<\/tr>\n<tr style=\"height: 29.00pt;\">\n<td class=\"et2\" style=\"height: 29.00pt;\" height=\"38\">Termen de plata<\/td>\n<td class=\"et2\">T\/T 30% Depozit \u0219i sold \u00eenainte de expediere<\/td>\n<\/tr>\n<tr style=\"height: 29.00pt;\">\n<td class=\"et2\" style=\"height: 29.00pt;\" height=\"38\">Original de Place<\/td>\n<td class=\"et2\">China<\/td>\n<\/tr>\n<\/tbody>\n<\/table>\n\t<div id=\"gap-632936121\" class=\"gap-element clearfix\" style=\"display:block; height:auto;\">\n\t\t\n<style>\n#gap-632936121 {\n  padding-top: 30px;\n}\n<\/style>\n\t<\/div>\n\t\n<h2>FAQ:<\/h2>\n<p><strong>1. Cum \u00eemi \u00eembun\u0103t\u0103\u021be\u0219te sistemul de alimentare cu pas pneumatic cu \u0219urub procesul meu de produc\u021bie?<\/strong><\/p>\n<p>Sistemul nostru de alimentare cu pas pneumatic cu \u0219urub asigur\u0103 alimentarea precis\u0103 \u0219i fiabil\u0103 a materialului, minimiz\u00e2nd timpul de nefunc\u021bionare \u0219i optimiz\u00e2nd eficien\u021ba fluxului de lucru. Designul s\u0103u avansat eficientizeaz\u0103 manipularea materialelor, rezult\u00e2nd procese de produc\u021bie mai fluide \u0219i productivitate crescut\u0103.<\/p>\n<p><strong>2. Poate acest sistem de alimentare s\u0103 gestioneze eficient diferite tipuri de materiale?<\/strong><\/p>\n<p>Absolut. Sistemul nostru este versatil \u0219i capabil s\u0103 manipuleze o gam\u0103 larg\u0103 de materiale, de la pulberi fine la granule \u0219i componente mici. Indiferent dac\u0103 lucra\u021bi cu produse farmaceutice, produse alimentare sau materiale industriale, sistemul nostru de alimentare ofer\u0103 performan\u021be consistente \u00een diverse aplica\u021bii.<\/p>\n<p><strong>3. Procesul de instalare este complex?<\/strong><\/p>\n<p>Deloc. Oferim asisten\u021b\u0103 cuprinz\u0103toare pentru a asigura instalarea \u0219i integrarea u\u0219oar\u0103 a Sistemului de alimentare cu pas pneumatic cu \u0219urub \u00een linia dvs. de produc\u021bie existent\u0103. Echipa noastr\u0103 v\u0103 ghideaz\u0103 de-a lungul procesului, minimiz\u00e2nd \u00eentreruperile opera\u021biunilor dumneavoastr\u0103 \u0219i asigur\u00e2nd o tranzi\u021bie lin\u0103 la o manipulare \u00eembun\u0103t\u0103\u021bit\u0103 a materialelor.<\/p>\n<p><strong>4. Cum contribuie acest sistem de alimentare la eficien\u021ba opera\u021bional\u0103?<\/strong><\/p>\n<p>Prin automatizarea sarcinilor de alimentare cu materiale, sistemul nostru de alimentare \u00een trepte cu \u0219urub reduce munca manual\u0103 \u0219i eficientizeaz\u0103 procesele de produc\u021bie. Func\u021bionarea sa pneumatic\u0103 precis\u0103 asigur\u0103 o alimentare precis\u0103, minimiz\u00e2nd risipa \u0219i optimiz\u00e2nd utilizarea resurselor pentru o eficien\u021b\u0103 opera\u021bional\u0103 \u00eembun\u0103t\u0103\u021bit\u0103.<\/p>\n<p><strong>5. Ce fel de suport oferi\u021bi pentru \u00eentre\u021binere \u0219i depanare?<\/strong><\/p>\n<p>Prioritizeaz\u0103 satisfac\u021bia clien\u021bilor \u0219i oferim suport continuu pentru nevoile de \u00eentre\u021binere \u0219i depanare. Echipa noastr\u0103 ofer\u0103 instruire cuprinz\u0103toare, programe de \u00eentre\u021binere \u0219i asisten\u021b\u0103 tehnic\u0103 pentru a asigura fiabilitatea \u0219i performan\u021ba continu\u0103 a sistemului dumneavoastr\u0103 de alimentare cu pas pneumatic cu \u0219urub.<\/p>","protected":false},"excerpt":{"rendered":"<p>\u00cembun\u0103t\u0103\u021bi\u021bi-v\u0103 eficien\u021ba liniei de produc\u021bie cu sistemul nostru de alimentare cu pas pneumatic cu \u0219urub. Proiectat cu precizie pentru o manipulare f\u0103r\u0103 sudur\u0103 a materialelor, asigur\u0103 o alimentare consecvent\u0103 \u0219i fiabil\u0103 pentru un flux de lucru optim.<\/p>","protected":false},"featured_media":1818,"comment_status":"open","ping_status":"closed","template":"","meta":[],"product_cat":[39],"product_tag":[],"yoast_head":"<!-- This site is optimized with the Yoast SEO plugin v22.2 - https:\/\/yoast.com\/wordpress\/plugins\/seo\/ -->\n<title>Screw Pneumatic Step Feeder System - SWOER<\/title>\n<meta name=\"robots\" content=\"index, follow, max-snippet:-1, max-image-preview:large, max-video-preview:-1\" \/>\n<link rel=\"canonical\" href=\"https:\/\/swoer.com\/ro\/manufacturer\/screw-pneumatic-step-feeder-system\/\" \/>\n<meta property=\"og:locale\" content=\"ro_RO\" \/>\n<meta property=\"og:type\" content=\"article\" \/>\n<meta property=\"og:title\" content=\"Screw Pneumatic Step Feeder System - SWOER\" \/>\n<meta property=\"og:description\" content=\"Enhance your production line efficiency with our Screw Pneumatic Step Feeder System. Precisely engineered for seamless material handling, it ensures consistent and reliable feeding for optimal workflow.\" \/>\n<meta property=\"og:url\" content=\"https:\/\/swoer.com\/ro\/manufacturer\/screw-pneumatic-step-feeder-system\/\" \/>\n<meta property=\"og:site_name\" content=\"SWOER\" \/>\n<meta property=\"article:modified_time\" content=\"2024-04-02T03:10:00+00:00\" \/>\n<meta property=\"og:image\" content=\"https:\/\/swoer.com\/wp-content\/uploads\/2024\/04\/Screw-Pneumatic-Step-Feeder-System.jpg\" \/>\n\t<meta property=\"og:image:width\" content=\"1000\" \/>\n\t<meta property=\"og:image:height\" content=\"1000\" \/>\n\t<meta property=\"og:image:type\" content=\"image\/jpeg\" \/>\n<meta name=\"twitter:card\" content=\"summary_large_image\" \/>\n<meta name=\"twitter:label1\" content=\"Timp estimat pentru citire\" \/>\n\t<meta name=\"twitter:data1\" content=\"1 minut\" \/>\n<script type=\"application\/ld+json\" class=\"yoast-schema-graph\">{\"@context\":\"https:\/\/schema.org\",\"@graph\":[{\"@type\":\"WebPage\",\"@id\":\"https:\/\/swoer.com\/manufacturer\/screw-pneumatic-step-feeder-system\/\",\"url\":\"https:\/\/swoer.com\/manufacturer\/screw-pneumatic-step-feeder-system\/\",\"name\":\"Screw Pneumatic Step Feeder System - SWOER\",\"isPartOf\":{\"@id\":\"https:\/\/swoer.com\/#website\"},\"primaryImageOfPage\":{\"@id\":\"https:\/\/swoer.com\/manufacturer\/screw-pneumatic-step-feeder-system\/#primaryimage\"},\"image\":{\"@id\":\"https:\/\/swoer.com\/manufacturer\/screw-pneumatic-step-feeder-system\/#primaryimage\"},\"thumbnailUrl\":\"https:\/\/swoer.com\/wp-content\/uploads\/2024\/04\/Screw-Pneumatic-Step-Feeder-System.jpg\",\"datePublished\":\"2024-04-02T03:02:08+00:00\",\"dateModified\":\"2024-04-02T03:10:00+00:00\",\"breadcrumb\":{\"@id\":\"https:\/\/swoer.com\/manufacturer\/screw-pneumatic-step-feeder-system\/#breadcrumb\"},\"inLanguage\":\"ro-RO\",\"potentialAction\":[{\"@type\":\"ReadAction\",\"target\":[\"https:\/\/swoer.com\/manufacturer\/screw-pneumatic-step-feeder-system\/\"]}]},{\"@type\":\"ImageObject\",\"inLanguage\":\"ro-RO\",\"@id\":\"https:\/\/swoer.com\/manufacturer\/screw-pneumatic-step-feeder-system\/#primaryimage\",\"url\":\"https:\/\/swoer.com\/wp-content\/uploads\/2024\/04\/Screw-Pneumatic-Step-Feeder-System.jpg\",\"contentUrl\":\"https:\/\/swoer.com\/wp-content\/uploads\/2024\/04\/Screw-Pneumatic-Step-Feeder-System.jpg\",\"width\":1000,\"height\":1000,\"caption\":\"Screw Pneumatic Step Feeder System\"},{\"@type\":\"BreadcrumbList\",\"@id\":\"https:\/\/swoer.com\/manufacturer\/screw-pneumatic-step-feeder-system\/#breadcrumb\",\"itemListElement\":[{\"@type\":\"ListItem\",\"position\":1,\"name\":\"Home\",\"item\":\"https:\/\/swoer.com\/\"},{\"@type\":\"ListItem\",\"position\":2,\"name\":\"Shop\",\"item\":\"https:\/\/swoer.com\/shop\/\"},{\"@type\":\"ListItem\",\"position\":3,\"name\":\"Screw Pneumatic Step Feeder System\"}]},{\"@type\":\"WebSite\",\"@id\":\"https:\/\/swoer.com\/#website\",\"url\":\"https:\/\/swoer.com\/\",\"name\":\"SWOER\",\"description\":\"Swoer is the top 3 vibratory bowl feeder manufacturer in China\",\"potentialAction\":[{\"@type\":\"SearchAction\",\"target\":{\"@type\":\"EntryPoint\",\"urlTemplate\":\"https:\/\/swoer.com\/?s={search_term_string}\"},\"query-input\":\"required name=search_term_string\"}],\"inLanguage\":\"ro-RO\"}]}<\/script>\n<!-- \/ Yoast SEO plugin. -->","yoast_head_json":{"title":"Screw Pneumatic Step Feeder System - SWOER","robots":{"index":"index","follow":"follow","max-snippet":"max-snippet:-1","max-image-preview":"max-image-preview:large","max-video-preview":"max-video-preview:-1"},"canonical":"https:\/\/swoer.com\/ro\/manufacturer\/screw-pneumatic-step-feeder-system\/","og_locale":"ro_RO","og_type":"article","og_title":"Screw Pneumatic Step Feeder System - SWOER","og_description":"Enhance your production line efficiency with our Screw Pneumatic Step Feeder System. Precisely engineered for seamless material handling, it ensures consistent and reliable feeding for optimal workflow.","og_url":"https:\/\/swoer.com\/ro\/manufacturer\/screw-pneumatic-step-feeder-system\/","og_site_name":"SWOER","article_modified_time":"2024-04-02T03:10:00+00:00","og_image":[{"width":1000,"height":1000,"url":"https:\/\/swoer.com\/wp-content\/uploads\/2024\/04\/Screw-Pneumatic-Step-Feeder-System.jpg","type":"image\/jpeg"}],"twitter_card":"summary_large_image","twitter_misc":{"Timp estimat pentru citire":"1 minut"},"schema":{"@context":"https:\/\/schema.org","@graph":[{"@type":"WebPage","@id":"https:\/\/swoer.com\/manufacturer\/screw-pneumatic-step-feeder-system\/","url":"https:\/\/swoer.com\/manufacturer\/screw-pneumatic-step-feeder-system\/","name":"Screw Pneumatic Step Feeder System - SWOER","isPartOf":{"@id":"https:\/\/swoer.com\/#website"},"primaryImageOfPage":{"@id":"https:\/\/swoer.com\/manufacturer\/screw-pneumatic-step-feeder-system\/#primaryimage"},"image":{"@id":"https:\/\/swoer.com\/manufacturer\/screw-pneumatic-step-feeder-system\/#primaryimage"},"thumbnailUrl":"https:\/\/swoer.com\/wp-content\/uploads\/2024\/04\/Screw-Pneumatic-Step-Feeder-System.jpg","datePublished":"2024-04-02T03:02:08+00:00","dateModified":"2024-04-02T03:10:00+00:00","breadcrumb":{"@id":"https:\/\/swoer.com\/manufacturer\/screw-pneumatic-step-feeder-system\/#breadcrumb"},"inLanguage":"ro-RO","potentialAction":[{"@type":"ReadAction","target":["https:\/\/swoer.com\/manufacturer\/screw-pneumatic-step-feeder-system\/"]}]},{"@type":"ImageObject","inLanguage":"ro-RO","@id":"https:\/\/swoer.com\/manufacturer\/screw-pneumatic-step-feeder-system\/#primaryimage","url":"https:\/\/swoer.com\/wp-content\/uploads\/2024\/04\/Screw-Pneumatic-Step-Feeder-System.jpg","contentUrl":"https:\/\/swoer.com\/wp-content\/uploads\/2024\/04\/Screw-Pneumatic-Step-Feeder-System.jpg","width":1000,"height":1000,"caption":"Screw Pneumatic Step Feeder System"},{"@type":"BreadcrumbList","@id":"https:\/\/swoer.com\/manufacturer\/screw-pneumatic-step-feeder-system\/#breadcrumb","itemListElement":[{"@type":"ListItem","position":1,"name":"Home","item":"https:\/\/swoer.com\/"},{"@type":"ListItem","position":2,"name":"Shop","item":"https:\/\/swoer.com\/shop\/"},{"@type":"ListItem","position":3,"name":"Screw Pneumatic Step Feeder System"}]},{"@type":"WebSite","@id":"https:\/\/swoer.com\/#website","url":"https:\/\/swoer.com\/","name":"SWOER","description":"Swoer is the top 3 vibratory bowl feeder manufacturer in China","potentialAction":[{"@type":"SearchAction","target":{"@type":"EntryPoint","urlTemplate":"https:\/\/swoer.com\/?s={search_term_string}"},"query-input":"required name=search_term_string"}],"inLanguage":"ro-RO"}]}},"_links":{"self":[{"href":"https:\/\/swoer.com\/ro\/wp-json\/wp\/v2\/product\/1817"}],"collection":[{"href":"https:\/\/swoer.com\/ro\/wp-json\/wp\/v2\/product"}],"about":[{"href":"https:\/\/swoer.com\/ro\/wp-json\/wp\/v2\/types\/product"}],"replies":[{"embeddable":true,"href":"https:\/\/swoer.com\/ro\/wp-json\/wp\/v2\/comments?post=1817"}],"wp:featuredmedia":[{"embeddable":true,"href":"https:\/\/swoer.com\/ro\/wp-json\/wp\/v2\/media\/1818"}],"wp:attachment":[{"href":"https:\/\/swoer.com\/ro\/wp-json\/wp\/v2\/media?parent=1817"}],"wp:term":[{"taxonomy":"product_cat","embeddable":true,"href":"https:\/\/swoer.com\/ro\/wp-json\/wp\/v2\/product_cat?post=1817"},{"taxonomy":"product_tag","embeddable":true,"href":"https:\/\/swoer.com\/ro\/wp-json\/wp\/v2\/product_tag?post=1817"}],"curies":[{"name":"wp","href":"https:\/\/api.w.org\/{rel}","templated":true}]}}