{"id":1815,"date":"2024-04-02T02:41:23","date_gmt":"2024-04-02T02:41:23","guid":{"rendered":"https:\/\/lightgrey-porpoise-816575.hostingersite.com\/?post_type=product&#038;p=1815"},"modified":"2024-04-02T02:57:02","modified_gmt":"2024-04-02T02:57:02","slug":"electromagnetic-vibrating-magnetic-feeder","status":"publish","type":"product","link":"https:\/\/swoer.com\/ro\/manufacturer\/electromagnetic-vibrating-magnetic-feeder\/","title":{"rendered":"Alimentator magnetic vibrator electromagnetic"},"content":{"rendered":"<p>Experimenta\u021bi manipularea de precizie a materialelor cu alimentatorul nostru magnetic vibrator electromagnetic. Proiectat pentru fiabilitate, asigur\u0103 fluxul controlat de material pentru procese de produc\u021bie f\u0103r\u0103 \u00eentreruperi.<\/p>\n<p>Cre\u0219te\u021bi eficien\u021ba cu alimentatorul nostru magnetic vibrator electromagnetic. Proiectat pentru o func\u021bionare f\u0103r\u0103 probleme, optimizeaz\u0103 manipularea materialelor \u00een diverse aplica\u021bii industriale.<\/p>\n\t<div id=\"gap-1107072942\" class=\"gap-element clearfix\" style=\"display:block; height:auto;\">\n\t\t\n<style>\n#gap-1107072942 {\n  padding-top: 30px;\n}\n<\/style>\n\t<\/div>\n\t\n<h2>Descriere:<\/h2>\n<table style=\"border-collapse: collapse; width: 585.77pt;\" border=\"0\" width=\"781\" cellspacing=\"0\" cellpadding=\"0\">\n<tbody>\n<tr style=\"height: 32.00pt;\">\n<td class=\"et3\" style=\"height: 32.00pt; width: 145.50pt;\" width=\"194\" height=\"42\">Numele produsului<\/td>\n<td class=\"et4\" style=\"width: 440.25pt;\" width=\"587\">Alimentator magnetic vibrator electromagnetic<\/td>\n<\/tr>\n<tr style=\"height: 32.00pt;\">\n<td class=\"et3\" style=\"height: 32.00pt;\" height=\"42\">Nume de marc\u0103<\/td>\n<td class=\"et4\">JUMAT\u0102<\/td>\n<\/tr>\n<tr style=\"height: 32.00pt;\">\n<td class=\"et3\" style=\"height: 32.00pt;\" height=\"42\">Dimensiune (L*W*H)<\/td>\n<td class=\"et4\">La comanda<\/td>\n<\/tr>\n<tr style=\"height: 32.00pt;\">\n<td class=\"et3\" style=\"height: 32.00pt;\" height=\"42\">Greutate<\/td>\n<td class=\"et4\">La comanda<\/td>\n<\/tr>\n<tr style=\"height: 32.00pt;\">\n<td class=\"et3\" style=\"height: 32.00pt;\" height=\"42\">Culoare<\/td>\n<td class=\"et4\">Cerintele clientului<\/td>\n<\/tr>\n<tr style=\"height: 32.00pt;\">\n<td class=\"et3\" style=\"height: 32.00pt;\" height=\"42\">Capacitate (t\/h)<\/td>\n<td class=\"et4\">0,1-6t\/h<\/td>\n<\/tr>\n<tr style=\"height: 32.00pt;\">\n<td class=\"et3\" style=\"height: 32.00pt;\" height=\"42\">Voltaj<\/td>\n<td class=\"et4\">85-260V<\/td>\n<\/tr>\n<tr style=\"height: 32.00pt;\">\n<td class=\"et3\" style=\"height: 32.00pt;\" height=\"42\">Frecven\u021b\u0103<\/td>\n<td class=\"et4\">40-400Hz<\/td>\n<\/tr>\n<tr style=\"height: 32.00pt;\">\n<td class=\"et3\" style=\"height: 32.00pt;\" height=\"42\">garan\u021bie<\/td>\n<td class=\"et4\">1 an<\/td>\n<\/tr>\n<tr style=\"height: 32.00pt;\">\n<td class=\"et3\" style=\"height: 32.00pt;\" height=\"42\">MOQ<\/td>\n<td class=\"et4\">1 set<\/td>\n<\/tr>\n<tr style=\"height: 32.00pt;\">\n<td class=\"et3\" style=\"height: 32.00pt;\" height=\"42\">Perioada de gra\u0163ie<\/td>\n<td class=\"et4\">7-10 zile<\/td>\n<\/tr>\n<tr style=\"height: 32.00pt;\">\n<td class=\"et3\" style=\"height: 32.00pt;\" height=\"42\">7-10 zile<\/td>\n<td class=\"et4\">Cutie de placaj<\/td>\n<\/tr>\n<tr style=\"height: 32.00pt;\">\n<td class=\"et3\" style=\"height: 32.00pt;\" height=\"42\">Termen de plata<\/td>\n<td class=\"et4\">T\/T 40% Depozit \u0219i sold \u00eenainte de expediere<\/td>\n<\/tr>\n<tr style=\"height: 32.00pt;\">\n<td class=\"et3\" style=\"height: 32.00pt;\" height=\"42\">Locul de origine<\/td>\n<td class=\"et4\">Guangdong, China<\/td>\n<\/tr>\n<\/tbody>\n<\/table>\n\t<div id=\"gap-1034520580\" class=\"gap-element clearfix\" style=\"display:block; height:auto;\">\n\t\t\n<style>\n#gap-1034520580 {\n  padding-top: 30px;\n}\n<\/style>\n\t<\/div>\n\t\n<h2>FAQ:<\/h2>\n<p><strong>1. Cum \u00eembun\u0103t\u0103\u021be\u0219te alimentatorul magnetic cu vibra\u021bii electromagnetice manipularea materialului?<\/strong><\/p>\n<p>Alimentatorul nostru magnetic cu vibra\u021bii electromagnetice asigur\u0103 o alimentare lin\u0103 \u0219i precis\u0103 a materialului, reduc\u00e2nd riscul de \u00eenfundare \u0219i blocaje. Vibra\u021biile sale controlate asigur\u0103 un flux constant, sporind eficien\u021ba general\u0103 \u00een procesele de manipulare a materialelor.<\/p>\n<p><strong>2. Acest alimentator poate g\u0103zdui diferite tipuri de materiale?<\/strong><\/p>\n<p>Da, alimentatorul nostru este versatil \u0219i capabil s\u0103 manipuleze o gam\u0103 larg\u0103 de materiale, de la pulberi fine la granule grosiere. Indiferent dac\u0103 procesa\u021bi minerale, substan\u021be chimice sau produse alimentare, alimentatorul nostru ofer\u0103 performan\u021be de \u00eencredere \u00een diverse industrii.<\/p>\n<p><strong>3. Procesul de instalare este complex?<\/strong><\/p>\n<p>Deloc. Alimentatorul nostru magnetic vibrator electromagnetic este proiectat pentru instalare \u0219i integrare u\u0219oar\u0103 \u00een linia dvs. de produc\u021bie existent\u0103. Echipa noastr\u0103 ofer\u0103 asisten\u021b\u0103 cuprinz\u0103toare pentru a asigura un proces de configurare f\u0103r\u0103 probleme, minimiz\u00e2nd timpul de nefunc\u021bionare \u0219i \u00eentreruperile opera\u021biunilor dumneavoastr\u0103.<\/p>\n<p><strong>4. Cum contribuie acest alimentator la eficien\u021ba produc\u021biei?<\/strong><\/p>\n<p>Asigur\u00e2nd o alimentare precis\u0103 \u0219i controlat\u0103 cu material, alimentatorul nostru minimizeaz\u0103 risipa \u0219i \u00eembun\u0103t\u0103\u021be\u0219te eficien\u021ba global\u0103 a produc\u021biei. Tehnologia sa electromagnetic\u0103 permite viteze de alimentare personalizabile, permi\u021b\u00e2ndu-v\u0103 s\u0103 optimiza\u021bi debitul \u00een func\u021bie de cerin\u021bele dumneavoastr\u0103 specifice de produc\u021bie.<\/p>\n<p><strong>5. Ce fel de \u00eentre\u021binere este necesar\u0103 pentru acest alimentator?<\/strong><\/p>\n<p>Alimentatorul nostru magnetic vibrator electromagnetic este proiectat pentru func\u021bionare cu \u00eentre\u021binere redus\u0103. Se recomand\u0103 inspec\u021bii \u0219i cur\u0103\u021bare regulate pentru a asigura performan\u021be optime. Echipa noastr\u0103 ofer\u0103 \u00eendrum\u0103ri cu privire la cele mai bune practici de \u00eentre\u021binere pentru a v\u0103 ajuta s\u0103 maximiza\u021bi durata de via\u021b\u0103 a alimentatorului.<\/p>","protected":false},"excerpt":{"rendered":"<p>Cre\u0219te\u021bi-v\u0103 eficien\u021ba \u00een manipularea materialelor cu alimentatorul nostru magnetic vibrator electromagnetic. Proiectat cu precizie pentru o func\u021bionare f\u0103r\u0103 \u00eentreruperi, asigur\u0103 fluxul de material constant \u0219i controlat, optimiz\u00e2nd f\u0103r\u0103 efort procesele de produc\u021bie.<\/p>","protected":false},"featured_media":1816,"comment_status":"open","ping_status":"closed","template":"","meta":[],"product_cat":[38],"product_tag":[],"yoast_head":"<!-- This site is optimized with the Yoast SEO plugin v22.2 - https:\/\/yoast.com\/wordpress\/plugins\/seo\/ -->\n<title>Electromagnetic Vibrating Magnetic Feeder - SWOER<\/title>\n<meta name=\"robots\" content=\"index, follow, max-snippet:-1, max-image-preview:large, max-video-preview:-1\" \/>\n<link rel=\"canonical\" href=\"https:\/\/swoer.com\/ro\/manufacturer\/electromagnetic-vibrating-magnetic-feeder\/\" \/>\n<meta property=\"og:locale\" content=\"ro_RO\" \/>\n<meta property=\"og:type\" content=\"article\" \/>\n<meta property=\"og:title\" content=\"Electromagnetic Vibrating Magnetic Feeder - SWOER\" \/>\n<meta property=\"og:description\" content=\"Elevate your material handling efficiency with our Electromagnetic Vibrating Magnetic Feeder. Precisely engineered for seamless operation, it ensures consistent and controlled material flow, optimizing your production processes effortlessly.\" \/>\n<meta property=\"og:url\" content=\"https:\/\/swoer.com\/ro\/manufacturer\/electromagnetic-vibrating-magnetic-feeder\/\" \/>\n<meta property=\"og:site_name\" content=\"SWOER\" \/>\n<meta property=\"article:modified_time\" content=\"2024-04-02T02:57:02+00:00\" \/>\n<meta property=\"og:image\" content=\"https:\/\/swoer.com\/wp-content\/uploads\/2024\/04\/Electromagnetic-Vibrating-Magnetic-Feeder.webp\" \/>\n\t<meta property=\"og:image:width\" content=\"1000\" \/>\n\t<meta property=\"og:image:height\" content=\"1000\" \/>\n\t<meta property=\"og:image:type\" content=\"image\/webp\" \/>\n<meta name=\"twitter:card\" content=\"summary_large_image\" \/>\n<script type=\"application\/ld+json\" class=\"yoast-schema-graph\">{\"@context\":\"https:\/\/schema.org\",\"@graph\":[{\"@type\":\"WebPage\",\"@id\":\"https:\/\/swoer.com\/manufacturer\/electromagnetic-vibrating-magnetic-feeder\/\",\"url\":\"https:\/\/swoer.com\/manufacturer\/electromagnetic-vibrating-magnetic-feeder\/\",\"name\":\"Electromagnetic Vibrating Magnetic Feeder - SWOER\",\"isPartOf\":{\"@id\":\"https:\/\/swoer.com\/#website\"},\"primaryImageOfPage\":{\"@id\":\"https:\/\/swoer.com\/manufacturer\/electromagnetic-vibrating-magnetic-feeder\/#primaryimage\"},\"image\":{\"@id\":\"https:\/\/swoer.com\/manufacturer\/electromagnetic-vibrating-magnetic-feeder\/#primaryimage\"},\"thumbnailUrl\":\"https:\/\/swoer.com\/wp-content\/uploads\/2024\/04\/Electromagnetic-Vibrating-Magnetic-Feeder.webp\",\"datePublished\":\"2024-04-02T02:41:23+00:00\",\"dateModified\":\"2024-04-02T02:57:02+00:00\",\"breadcrumb\":{\"@id\":\"https:\/\/swoer.com\/manufacturer\/electromagnetic-vibrating-magnetic-feeder\/#breadcrumb\"},\"inLanguage\":\"ro-RO\",\"potentialAction\":[{\"@type\":\"ReadAction\",\"target\":[\"https:\/\/swoer.com\/manufacturer\/electromagnetic-vibrating-magnetic-feeder\/\"]}]},{\"@type\":\"ImageObject\",\"inLanguage\":\"ro-RO\",\"@id\":\"https:\/\/swoer.com\/manufacturer\/electromagnetic-vibrating-magnetic-feeder\/#primaryimage\",\"url\":\"https:\/\/swoer.com\/wp-content\/uploads\/2024\/04\/Electromagnetic-Vibrating-Magnetic-Feeder.webp\",\"contentUrl\":\"https:\/\/swoer.com\/wp-content\/uploads\/2024\/04\/Electromagnetic-Vibrating-Magnetic-Feeder.webp\",\"width\":1000,\"height\":1000,\"caption\":\"Electromagnetic Vibrating Magnetic Feeder\"},{\"@type\":\"BreadcrumbList\",\"@id\":\"https:\/\/swoer.com\/manufacturer\/electromagnetic-vibrating-magnetic-feeder\/#breadcrumb\",\"itemListElement\":[{\"@type\":\"ListItem\",\"position\":1,\"name\":\"Home\",\"item\":\"https:\/\/swoer.com\/\"},{\"@type\":\"ListItem\",\"position\":2,\"name\":\"Shop\",\"item\":\"https:\/\/swoer.com\/shop\/\"},{\"@type\":\"ListItem\",\"position\":3,\"name\":\"Electromagnetic Vibrating Magnetic Feeder\"}]},{\"@type\":\"WebSite\",\"@id\":\"https:\/\/swoer.com\/#website\",\"url\":\"https:\/\/swoer.com\/\",\"name\":\"SWOER\",\"description\":\"Swoer is the top 3 vibratory bowl feeder manufacturer in China\",\"potentialAction\":[{\"@type\":\"SearchAction\",\"target\":{\"@type\":\"EntryPoint\",\"urlTemplate\":\"https:\/\/swoer.com\/?s={search_term_string}\"},\"query-input\":\"required name=search_term_string\"}],\"inLanguage\":\"ro-RO\"}]}<\/script>\n<!-- \/ Yoast SEO plugin. -->","yoast_head_json":{"title":"Electromagnetic Vibrating Magnetic Feeder - SWOER","robots":{"index":"index","follow":"follow","max-snippet":"max-snippet:-1","max-image-preview":"max-image-preview:large","max-video-preview":"max-video-preview:-1"},"canonical":"https:\/\/swoer.com\/ro\/manufacturer\/electromagnetic-vibrating-magnetic-feeder\/","og_locale":"ro_RO","og_type":"article","og_title":"Electromagnetic Vibrating Magnetic Feeder - SWOER","og_description":"Elevate your material handling efficiency with our Electromagnetic Vibrating Magnetic Feeder. Precisely engineered for seamless operation, it ensures consistent and controlled material flow, optimizing your production processes effortlessly.","og_url":"https:\/\/swoer.com\/ro\/manufacturer\/electromagnetic-vibrating-magnetic-feeder\/","og_site_name":"SWOER","article_modified_time":"2024-04-02T02:57:02+00:00","og_image":[{"width":1000,"height":1000,"url":"https:\/\/swoer.com\/wp-content\/uploads\/2024\/04\/Electromagnetic-Vibrating-Magnetic-Feeder.webp","type":"image\/webp"}],"twitter_card":"summary_large_image","schema":{"@context":"https:\/\/schema.org","@graph":[{"@type":"WebPage","@id":"https:\/\/swoer.com\/manufacturer\/electromagnetic-vibrating-magnetic-feeder\/","url":"https:\/\/swoer.com\/manufacturer\/electromagnetic-vibrating-magnetic-feeder\/","name":"Electromagnetic Vibrating Magnetic Feeder - SWOER","isPartOf":{"@id":"https:\/\/swoer.com\/#website"},"primaryImageOfPage":{"@id":"https:\/\/swoer.com\/manufacturer\/electromagnetic-vibrating-magnetic-feeder\/#primaryimage"},"image":{"@id":"https:\/\/swoer.com\/manufacturer\/electromagnetic-vibrating-magnetic-feeder\/#primaryimage"},"thumbnailUrl":"https:\/\/swoer.com\/wp-content\/uploads\/2024\/04\/Electromagnetic-Vibrating-Magnetic-Feeder.webp","datePublished":"2024-04-02T02:41:23+00:00","dateModified":"2024-04-02T02:57:02+00:00","breadcrumb":{"@id":"https:\/\/swoer.com\/manufacturer\/electromagnetic-vibrating-magnetic-feeder\/#breadcrumb"},"inLanguage":"ro-RO","potentialAction":[{"@type":"ReadAction","target":["https:\/\/swoer.com\/manufacturer\/electromagnetic-vibrating-magnetic-feeder\/"]}]},{"@type":"ImageObject","inLanguage":"ro-RO","@id":"https:\/\/swoer.com\/manufacturer\/electromagnetic-vibrating-magnetic-feeder\/#primaryimage","url":"https:\/\/swoer.com\/wp-content\/uploads\/2024\/04\/Electromagnetic-Vibrating-Magnetic-Feeder.webp","contentUrl":"https:\/\/swoer.com\/wp-content\/uploads\/2024\/04\/Electromagnetic-Vibrating-Magnetic-Feeder.webp","width":1000,"height":1000,"caption":"Electromagnetic Vibrating Magnetic Feeder"},{"@type":"BreadcrumbList","@id":"https:\/\/swoer.com\/manufacturer\/electromagnetic-vibrating-magnetic-feeder\/#breadcrumb","itemListElement":[{"@type":"ListItem","position":1,"name":"Home","item":"https:\/\/swoer.com\/"},{"@type":"ListItem","position":2,"name":"Shop","item":"https:\/\/swoer.com\/shop\/"},{"@type":"ListItem","position":3,"name":"Electromagnetic Vibrating Magnetic Feeder"}]},{"@type":"WebSite","@id":"https:\/\/swoer.com\/#website","url":"https:\/\/swoer.com\/","name":"SWOER","description":"Swoer is the top 3 vibratory bowl feeder manufacturer in China","potentialAction":[{"@type":"SearchAction","target":{"@type":"EntryPoint","urlTemplate":"https:\/\/swoer.com\/?s={search_term_string}"},"query-input":"required name=search_term_string"}],"inLanguage":"ro-RO"}]}},"_links":{"self":[{"href":"https:\/\/swoer.com\/ro\/wp-json\/wp\/v2\/product\/1815"}],"collection":[{"href":"https:\/\/swoer.com\/ro\/wp-json\/wp\/v2\/product"}],"about":[{"href":"https:\/\/swoer.com\/ro\/wp-json\/wp\/v2\/types\/product"}],"replies":[{"embeddable":true,"href":"https:\/\/swoer.com\/ro\/wp-json\/wp\/v2\/comments?post=1815"}],"wp:featuredmedia":[{"embeddable":true,"href":"https:\/\/swoer.com\/ro\/wp-json\/wp\/v2\/media\/1816"}],"wp:attachment":[{"href":"https:\/\/swoer.com\/ro\/wp-json\/wp\/v2\/media?parent=1815"}],"wp:term":[{"taxonomy":"product_cat","embeddable":true,"href":"https:\/\/swoer.com\/ro\/wp-json\/wp\/v2\/product_cat?post=1815"},{"taxonomy":"product_tag","embeddable":true,"href":"https:\/\/swoer.com\/ro\/wp-json\/wp\/v2\/product_tag?post=1815"}],"curies":[{"name":"wp","href":"https:\/\/api.w.org\/{rel}","templated":true}]}}