{"id":1813,"date":"2024-04-02T02:28:40","date_gmt":"2024-04-02T02:28:40","guid":{"rendered":"https:\/\/lightgrey-porpoise-816575.hostingersite.com\/?post_type=product&#038;p=1813"},"modified":"2024-04-02T02:34:38","modified_gmt":"2024-04-02T02:34:38","slug":"powder-elevator-hopper-conveyor","status":"publish","type":"product","link":"https:\/\/swoer.com\/ro\/manufacturer\/powder-elevator-hopper-conveyor\/","title":{"rendered":"Transportor bunc\u0103r pentru liftul de pulbere"},"content":{"rendered":"<p>Experimenta\u021bi manipularea f\u0103r\u0103 sudur\u0103 a materialelor cu transportorul nostru cu bunc\u0103r pentru liftul de pulbere. Conceput pentru eficien\u021b\u0103 \u0219i fiabilitate, sistemul nostru eficientizeaz\u0103 transferul materialelor sub form\u0103 de pulbere, asigur\u00e2nd un flux de lucru fluid \u0219i procese de produc\u021bie optimizate. Cre\u0219te\u021bi-v\u0103 opera\u021biunile cu solu\u021bia noastr\u0103 de ultim\u0103 or\u0103.<\/p>\n\t<div id=\"gap-754709594\" class=\"gap-element clearfix\" style=\"display:block; height:auto;\">\n\t\t\n<style>\n#gap-754709594 {\n  padding-top: 30px;\n}\n<\/style>\n\t<\/div>\n\t\n<h2>Descriere:<\/h2>\n<table style=\"border-collapse: collapse; width: 585.77pt;\" border=\"0\" width=\"781\" cellspacing=\"0\" cellpadding=\"0\">\n<tbody>\n<tr style=\"height: 32.00pt;\">\n<td class=\"et3\" style=\"height: 32.00pt; width: 145.50pt;\" width=\"194\" height=\"42\">Numele produsului<\/td>\n<td class=\"et4\" style=\"width: 440.25pt;\" width=\"587\">Transportor bunc\u0103r pentru liftul de pulbere<\/td>\n<\/tr>\n<tr style=\"height: 32.00pt;\">\n<td class=\"et3\" style=\"height: 32.00pt;\" height=\"42\">Nume de marc\u0103<\/td>\n<td class=\"et4\">JUMAT\u0102<\/td>\n<\/tr>\n<tr style=\"height: 32.00pt;\">\n<td class=\"et3\" style=\"height: 32.00pt;\" height=\"42\">Dimensiune (L*W*H)<\/td>\n<td class=\"et4\">La comanda<\/td>\n<\/tr>\n<tr style=\"height: 32.00pt;\">\n<td class=\"et3\" style=\"height: 32.00pt;\" height=\"42\">Greutate<\/td>\n<td class=\"et4\">La comanda<\/td>\n<\/tr>\n<tr style=\"height: 32.00pt;\">\n<td class=\"et3\" style=\"height: 32.00pt;\" height=\"42\">Culoare<\/td>\n<td class=\"et4\">Cerintele clientului<\/td>\n<\/tr>\n<tr style=\"height: 32.00pt;\">\n<td class=\"et3\" style=\"height: 32.00pt;\" height=\"42\">Capacitate (t\/h)<\/td>\n<td class=\"et4\">0,1-6t\/h<\/td>\n<\/tr>\n<tr style=\"height: 32.00pt;\">\n<td class=\"et3\" style=\"height: 32.00pt;\" height=\"42\">Voltaj<\/td>\n<td class=\"et4\">85-260V<\/td>\n<\/tr>\n<tr style=\"height: 32.00pt;\">\n<td class=\"et3\" style=\"height: 32.00pt;\" height=\"42\">Frecven\u021b\u0103<\/td>\n<td class=\"et4\">40-400Hz<\/td>\n<\/tr>\n<tr style=\"height: 32.00pt;\">\n<td class=\"et3\" style=\"height: 32.00pt;\" height=\"42\">garan\u021bie<\/td>\n<td class=\"et4\">1 an<\/td>\n<\/tr>\n<tr style=\"height: 32.00pt;\">\n<td class=\"et3\" style=\"height: 32.00pt;\" height=\"42\">MOQ<\/td>\n<td class=\"et4\">1 set<\/td>\n<\/tr>\n<tr style=\"height: 32.00pt;\">\n<td class=\"et3\" style=\"height: 32.00pt;\" height=\"42\">Perioada de gra\u0163ie<\/td>\n<td class=\"et4\">7-10 zile<\/td>\n<\/tr>\n<tr style=\"height: 32.00pt;\">\n<td class=\"et3\" style=\"height: 32.00pt;\" height=\"42\">7-10 zile<\/td>\n<td class=\"et4\">Cutie de placaj<\/td>\n<\/tr>\n<tr style=\"height: 32.00pt;\">\n<td class=\"et3\" style=\"height: 32.00pt;\" height=\"42\">Termen de plata<\/td>\n<td class=\"et4\">T\/T 40% Depozit \u0219i sold \u00eenainte de expediere<\/td>\n<\/tr>\n<tr style=\"height: 32.00pt;\">\n<td class=\"et3\" style=\"height: 32.00pt;\" height=\"42\">Locul de origine<\/td>\n<td class=\"et4\">Guangdong, China<\/td>\n<\/tr>\n<\/tbody>\n<\/table>\n\t<div id=\"gap-1317869166\" class=\"gap-element clearfix\" style=\"display:block; height:auto;\">\n\t\t\n<style>\n#gap-1317869166 {\n  padding-top: 30px;\n}\n<\/style>\n\t<\/div>\n\t\n<h2>FAQ:<\/h2>\n<p><strong>1. Cum \u00eemi \u00eembun\u0103t\u0103\u021be\u0219te transportorul cu bunc\u0103r pentru liftul de pulbere procesul meu de manipulare a materialelor?<\/strong><\/p>\n<p>Transportorul nostru cu bunc\u0103r pentru liftul de pulbere faciliteaz\u0103 transferul f\u0103r\u0103 sudur\u0103 \u0219i eficient al materialelor sub form\u0103 de pulbere, minimiz\u00e2nd manipularea manual\u0103 \u0219i optimiz\u00e2nd fluxul de lucru. Acesta asigur\u0103 un transport consistent \u0219i fiabil, reduc\u00e2nd timpul de nefunc\u021bionare \u0219i sporind productivitatea general\u0103 \u00een opera\u021biunile dumneavoastr\u0103.<\/p>\n<p><strong>2. Acest sistem de transport poate g\u0103zdui diferite tipuri de materiale pulbere?<\/strong><\/p>\n<p>Absolut. Transportorul nostru cu bunc\u0103r pentru liftul de pulbere este versatil \u0219i proiectat pentru a manipula o gam\u0103 larg\u0103 de materiale pulbere, inclusiv, dar f\u0103r\u0103 a se limita la, f\u0103in\u0103, zah\u0103r, condimente \u0219i pulberi farmaceutice. Designul s\u0103u adaptabil asigur\u0103 performan\u021be optime \u00een diverse industrii \u0219i aplica\u021bii.<\/p>\n<p><strong>3. Este sistemul de transport u\u0219or de instalat \u0219i integrat \u00een configura\u021bia mea existent\u0103?<\/strong><\/p>\n<p>Da, instalarea \u0219i integrarea sunt procese simple. Echipa noastr\u0103 ofer\u0103 asisten\u021b\u0103 cuprinz\u0103toare pentru a asigura instalarea \u0219i integrarea perfect\u0103 a transportorului bunc\u0103r pentru liftul de pulbere \u00een linia dvs. de produc\u021bie existent\u0103. Prioritizeaz\u0103 \u00eentreruperile minime ale opera\u021biunilor dumneavoastr\u0103, permi\u021b\u00e2ndu-v\u0103 s\u0103 beneficia\u021bi rapid de avantajele unei eficien\u021be \u00eembun\u0103t\u0103\u021bite de manipulare a materialelor.<\/p>\n<p><strong>4. Cum contribuie acest sistem de transport la siguran\u021ba la locul de munc\u0103?<\/strong><\/p>\n<p>Transportorul cu bunc\u0103r pentru liftul de pulbere minimizeaz\u0103 manipularea manual\u0103 a materialelor sub form\u0103 de pulbere, reduc\u00e2nd riscul de accidente la locul de munc\u0103 \u0219i r\u0103niri asociate cu ridicarea \u0219i transportul de \u00eenc\u0103rc\u0103turi grele. Func\u021bionarea sa automatizat\u0103 asigur\u0103 un transfer controlat \u0219i sigur de materiale, promov\u00e2nd un mediu de lucru mai sigur pentru angaja\u021bii dumneavoastr\u0103.<\/p>\n<p><strong>5. Ce fel de \u00eentre\u021binere este necesar\u0103 pentru acest sistem de transport?<\/strong><\/p>\n<p>Transportorul nostru cu bunc\u0103r pentru liftul de pulbere este proiectat pentru fiabilitate \u0219i cerin\u021be minime de \u00eentre\u021binere. Se recomand\u0103 inspec\u021bii regulate \u0219i \u00eentre\u021binere preventiv\u0103 pentru a asigura performan\u021b\u0103 \u0219i longevitate optime. Echipa noastr\u0103 ofer\u0103 asisten\u021b\u0103 \u0219i asisten\u021b\u0103 continu\u0103 pentru a v\u0103 ajuta s\u0103 v\u0103 men\u021bine\u021bi sistemul de transport \u00een stare optim\u0103.<\/p>","protected":false},"excerpt":{"rendered":"<p>Optimiza\u021bi manipularea materialelor cu transportorul nostru cu bunc\u0103r pentru liftul de pulbere. Ra\u021bionalizat \u0219i fiabil pentru o produc\u021bie eficient\u0103.<\/p>","protected":false},"featured_media":1814,"comment_status":"open","ping_status":"closed","template":"","meta":[],"product_cat":[38],"product_tag":[],"yoast_head":"<!-- This site is optimized with the Yoast SEO plugin v22.2 - https:\/\/yoast.com\/wordpress\/plugins\/seo\/ -->\n<title>Powder Elevator Hopper Conveyor - SWOER<\/title>\n<meta name=\"robots\" content=\"index, follow, max-snippet:-1, max-image-preview:large, max-video-preview:-1\" \/>\n<link rel=\"canonical\" href=\"https:\/\/swoer.com\/ro\/manufacturer\/powder-elevator-hopper-conveyor\/\" \/>\n<meta property=\"og:locale\" content=\"ro_RO\" \/>\n<meta property=\"og:type\" content=\"article\" \/>\n<meta property=\"og:title\" content=\"Powder Elevator Hopper Conveyor - SWOER\" \/>\n<meta property=\"og:description\" content=\"Optimize material handling with our Powder Elevator Hopper Conveyor. Streamlined and reliable for efficient production.\" \/>\n<meta property=\"og:url\" content=\"https:\/\/swoer.com\/ro\/manufacturer\/powder-elevator-hopper-conveyor\/\" \/>\n<meta property=\"og:site_name\" content=\"SWOER\" \/>\n<meta property=\"article:modified_time\" content=\"2024-04-02T02:34:38+00:00\" \/>\n<meta property=\"og:image\" content=\"https:\/\/swoer.com\/wp-content\/uploads\/2024\/04\/Powder-elevator-hopper-conveyor-Flour-screw-conveyor.webp\" \/>\n\t<meta property=\"og:image:width\" content=\"1000\" \/>\n\t<meta property=\"og:image:height\" content=\"1000\" \/>\n\t<meta property=\"og:image:type\" content=\"image\/webp\" \/>\n<meta name=\"twitter:card\" content=\"summary_large_image\" \/>\n<meta name=\"twitter:label1\" content=\"Timp estimat pentru citire\" \/>\n\t<meta name=\"twitter:data1\" content=\"1 minut\" \/>\n<script type=\"application\/ld+json\" class=\"yoast-schema-graph\">{\"@context\":\"https:\/\/schema.org\",\"@graph\":[{\"@type\":\"WebPage\",\"@id\":\"https:\/\/swoer.com\/manufacturer\/powder-elevator-hopper-conveyor\/\",\"url\":\"https:\/\/swoer.com\/manufacturer\/powder-elevator-hopper-conveyor\/\",\"name\":\"Powder Elevator Hopper Conveyor - SWOER\",\"isPartOf\":{\"@id\":\"https:\/\/swoer.com\/#website\"},\"primaryImageOfPage\":{\"@id\":\"https:\/\/swoer.com\/manufacturer\/powder-elevator-hopper-conveyor\/#primaryimage\"},\"image\":{\"@id\":\"https:\/\/swoer.com\/manufacturer\/powder-elevator-hopper-conveyor\/#primaryimage\"},\"thumbnailUrl\":\"https:\/\/swoer.com\/wp-content\/uploads\/2024\/04\/Powder-elevator-hopper-conveyor-Flour-screw-conveyor.webp\",\"datePublished\":\"2024-04-02T02:28:40+00:00\",\"dateModified\":\"2024-04-02T02:34:38+00:00\",\"breadcrumb\":{\"@id\":\"https:\/\/swoer.com\/manufacturer\/powder-elevator-hopper-conveyor\/#breadcrumb\"},\"inLanguage\":\"ro-RO\",\"potentialAction\":[{\"@type\":\"ReadAction\",\"target\":[\"https:\/\/swoer.com\/manufacturer\/powder-elevator-hopper-conveyor\/\"]}]},{\"@type\":\"ImageObject\",\"inLanguage\":\"ro-RO\",\"@id\":\"https:\/\/swoer.com\/manufacturer\/powder-elevator-hopper-conveyor\/#primaryimage\",\"url\":\"https:\/\/swoer.com\/wp-content\/uploads\/2024\/04\/Powder-elevator-hopper-conveyor-Flour-screw-conveyor.webp\",\"contentUrl\":\"https:\/\/swoer.com\/wp-content\/uploads\/2024\/04\/Powder-elevator-hopper-conveyor-Flour-screw-conveyor.webp\",\"width\":1000,\"height\":1000,\"caption\":\"Powder elevator hopper conveyor - Flour screw conveyor\"},{\"@type\":\"BreadcrumbList\",\"@id\":\"https:\/\/swoer.com\/manufacturer\/powder-elevator-hopper-conveyor\/#breadcrumb\",\"itemListElement\":[{\"@type\":\"ListItem\",\"position\":1,\"name\":\"Home\",\"item\":\"https:\/\/swoer.com\/\"},{\"@type\":\"ListItem\",\"position\":2,\"name\":\"Shop\",\"item\":\"https:\/\/swoer.com\/shop\/\"},{\"@type\":\"ListItem\",\"position\":3,\"name\":\"Powder Elevator Hopper Conveyor\"}]},{\"@type\":\"WebSite\",\"@id\":\"https:\/\/swoer.com\/#website\",\"url\":\"https:\/\/swoer.com\/\",\"name\":\"SWOER\",\"description\":\"Swoer is the top 3 vibratory bowl feeder manufacturer in China\",\"potentialAction\":[{\"@type\":\"SearchAction\",\"target\":{\"@type\":\"EntryPoint\",\"urlTemplate\":\"https:\/\/swoer.com\/?s={search_term_string}\"},\"query-input\":\"required name=search_term_string\"}],\"inLanguage\":\"ro-RO\"}]}<\/script>\n<!-- \/ Yoast SEO plugin. -->","yoast_head_json":{"title":"Powder Elevator Hopper Conveyor - SWOER","robots":{"index":"index","follow":"follow","max-snippet":"max-snippet:-1","max-image-preview":"max-image-preview:large","max-video-preview":"max-video-preview:-1"},"canonical":"https:\/\/swoer.com\/ro\/manufacturer\/powder-elevator-hopper-conveyor\/","og_locale":"ro_RO","og_type":"article","og_title":"Powder Elevator Hopper Conveyor - SWOER","og_description":"Optimize material handling with our Powder Elevator Hopper Conveyor. Streamlined and reliable for efficient production.","og_url":"https:\/\/swoer.com\/ro\/manufacturer\/powder-elevator-hopper-conveyor\/","og_site_name":"SWOER","article_modified_time":"2024-04-02T02:34:38+00:00","og_image":[{"width":1000,"height":1000,"url":"https:\/\/swoer.com\/wp-content\/uploads\/2024\/04\/Powder-elevator-hopper-conveyor-Flour-screw-conveyor.webp","type":"image\/webp"}],"twitter_card":"summary_large_image","twitter_misc":{"Timp estimat pentru citire":"1 minut"},"schema":{"@context":"https:\/\/schema.org","@graph":[{"@type":"WebPage","@id":"https:\/\/swoer.com\/manufacturer\/powder-elevator-hopper-conveyor\/","url":"https:\/\/swoer.com\/manufacturer\/powder-elevator-hopper-conveyor\/","name":"Powder Elevator Hopper Conveyor - SWOER","isPartOf":{"@id":"https:\/\/swoer.com\/#website"},"primaryImageOfPage":{"@id":"https:\/\/swoer.com\/manufacturer\/powder-elevator-hopper-conveyor\/#primaryimage"},"image":{"@id":"https:\/\/swoer.com\/manufacturer\/powder-elevator-hopper-conveyor\/#primaryimage"},"thumbnailUrl":"https:\/\/swoer.com\/wp-content\/uploads\/2024\/04\/Powder-elevator-hopper-conveyor-Flour-screw-conveyor.webp","datePublished":"2024-04-02T02:28:40+00:00","dateModified":"2024-04-02T02:34:38+00:00","breadcrumb":{"@id":"https:\/\/swoer.com\/manufacturer\/powder-elevator-hopper-conveyor\/#breadcrumb"},"inLanguage":"ro-RO","potentialAction":[{"@type":"ReadAction","target":["https:\/\/swoer.com\/manufacturer\/powder-elevator-hopper-conveyor\/"]}]},{"@type":"ImageObject","inLanguage":"ro-RO","@id":"https:\/\/swoer.com\/manufacturer\/powder-elevator-hopper-conveyor\/#primaryimage","url":"https:\/\/swoer.com\/wp-content\/uploads\/2024\/04\/Powder-elevator-hopper-conveyor-Flour-screw-conveyor.webp","contentUrl":"https:\/\/swoer.com\/wp-content\/uploads\/2024\/04\/Powder-elevator-hopper-conveyor-Flour-screw-conveyor.webp","width":1000,"height":1000,"caption":"Powder elevator hopper conveyor - Flour screw conveyor"},{"@type":"BreadcrumbList","@id":"https:\/\/swoer.com\/manufacturer\/powder-elevator-hopper-conveyor\/#breadcrumb","itemListElement":[{"@type":"ListItem","position":1,"name":"Home","item":"https:\/\/swoer.com\/"},{"@type":"ListItem","position":2,"name":"Shop","item":"https:\/\/swoer.com\/shop\/"},{"@type":"ListItem","position":3,"name":"Powder Elevator Hopper Conveyor"}]},{"@type":"WebSite","@id":"https:\/\/swoer.com\/#website","url":"https:\/\/swoer.com\/","name":"SWOER","description":"Swoer is the top 3 vibratory bowl feeder manufacturer in China","potentialAction":[{"@type":"SearchAction","target":{"@type":"EntryPoint","urlTemplate":"https:\/\/swoer.com\/?s={search_term_string}"},"query-input":"required name=search_term_string"}],"inLanguage":"ro-RO"}]}},"_links":{"self":[{"href":"https:\/\/swoer.com\/ro\/wp-json\/wp\/v2\/product\/1813"}],"collection":[{"href":"https:\/\/swoer.com\/ro\/wp-json\/wp\/v2\/product"}],"about":[{"href":"https:\/\/swoer.com\/ro\/wp-json\/wp\/v2\/types\/product"}],"replies":[{"embeddable":true,"href":"https:\/\/swoer.com\/ro\/wp-json\/wp\/v2\/comments?post=1813"}],"wp:featuredmedia":[{"embeddable":true,"href":"https:\/\/swoer.com\/ro\/wp-json\/wp\/v2\/media\/1814"}],"wp:attachment":[{"href":"https:\/\/swoer.com\/ro\/wp-json\/wp\/v2\/media?parent=1813"}],"wp:term":[{"taxonomy":"product_cat","embeddable":true,"href":"https:\/\/swoer.com\/ro\/wp-json\/wp\/v2\/product_cat?post=1813"},{"taxonomy":"product_tag","embeddable":true,"href":"https:\/\/swoer.com\/ro\/wp-json\/wp\/v2\/product_tag?post=1813"}],"curies":[{"name":"wp","href":"https:\/\/api.w.org\/{rel}","templated":true}]}}