{"id":1811,"date":"2024-04-02T02:11:28","date_gmt":"2024-04-02T02:11:28","guid":{"rendered":"https:\/\/lightgrey-porpoise-816575.hostingersite.com\/?post_type=product&#038;p=1811"},"modified":"2024-04-02T02:24:04","modified_gmt":"2024-04-02T02:24:04","slug":"bucket-hopper-elevator-fully-automatic-lifting-hopper-feeder","status":"publish","type":"product","link":"https:\/\/swoer.com\/ro\/manufacturer\/bucket-hopper-elevator-fully-automatic-lifting-hopper-feeder\/","title":{"rendered":"Elevator bunc\u0103r cu g\u0103le\u021bi Alimentator cu bunc\u0103r de ridicare complet automat"},"content":{"rendered":"<h2>Descriere:<\/h2>\n<table style=\"border-collapse: collapse; width: 585.77pt;\" border=\"0\" width=\"781\" cellspacing=\"0\" cellpadding=\"0\">\n<tbody>\n<tr style=\"height: 32.00pt;\">\n<td class=\"et3\" style=\"height: 32.00pt; width: 145.50pt;\" width=\"194\" height=\"42\">Numele produsului<\/td>\n<td class=\"et4\" style=\"width: 440.25pt;\" width=\"587\">Elevator bunc\u0103r cu g\u0103le\u021bi Alimentator cu bunc\u0103r de ridicare complet automat<\/td>\n<\/tr>\n<tr style=\"height: 32.00pt;\">\n<td class=\"et3\" style=\"height: 32.00pt;\" height=\"42\">Nume de marc\u0103<\/td>\n<td class=\"et4\">JUMAT\u0102<\/td>\n<\/tr>\n<tr style=\"height: 32.00pt;\">\n<td class=\"et3\" style=\"height: 32.00pt;\" height=\"42\">Dimensiune (L*W*H)<\/td>\n<td class=\"et4\">La comanda<\/td>\n<\/tr>\n<tr style=\"height: 32.00pt;\">\n<td class=\"et3\" style=\"height: 32.00pt;\" height=\"42\">Greutate<\/td>\n<td class=\"et4\">La comanda<\/td>\n<\/tr>\n<tr style=\"height: 32.00pt;\">\n<td class=\"et3\" style=\"height: 32.00pt;\" height=\"42\">Culoare<\/td>\n<td class=\"et4\">Cerintele clientului<\/td>\n<\/tr>\n<tr style=\"height: 32.00pt;\">\n<td class=\"et3\" style=\"height: 32.00pt;\" height=\"42\">Capacitate (t\/h)<\/td>\n<td class=\"et4\">0,1-6t\/h<\/td>\n<\/tr>\n<tr style=\"height: 32.00pt;\">\n<td class=\"et3\" style=\"height: 32.00pt;\" height=\"42\">Voltaj<\/td>\n<td class=\"et4\">85-260V<\/td>\n<\/tr>\n<tr style=\"height: 32.00pt;\">\n<td class=\"et3\" style=\"height: 32.00pt;\" height=\"42\">Frecven\u021b\u0103<\/td>\n<td class=\"et4\">40-400Hz<\/td>\n<\/tr>\n<tr style=\"height: 32.00pt;\">\n<td class=\"et3\" style=\"height: 32.00pt;\" height=\"42\">garan\u021bie<\/td>\n<td class=\"et4\">1 an<\/td>\n<\/tr>\n<tr style=\"height: 32.00pt;\">\n<td class=\"et3\" style=\"height: 32.00pt;\" height=\"42\">MOQ<\/td>\n<td class=\"et4\">1 set<\/td>\n<\/tr>\n<tr style=\"height: 32.00pt;\">\n<td class=\"et3\" style=\"height: 32.00pt;\" height=\"42\">Perioada de gra\u0163ie<\/td>\n<td class=\"et4\">7-10 zile<\/td>\n<\/tr>\n<tr style=\"height: 32.00pt;\">\n<td class=\"et3\" style=\"height: 32.00pt;\" height=\"42\">7-10 zile<\/td>\n<td class=\"et4\">Cutie de placaj<\/td>\n<\/tr>\n<tr style=\"height: 32.00pt;\">\n<td class=\"et3\" style=\"height: 32.00pt;\" height=\"42\">Termen de plata<\/td>\n<td class=\"et4\">T\/T 40% Depozit \u0219i sold \u00eenainte de expediere<\/td>\n<\/tr>\n<tr style=\"height: 32.00pt;\">\n<td class=\"et3\" style=\"height: 32.00pt;\" height=\"42\">Locul de origine<\/td>\n<td class=\"et4\">Guangdong, China<\/td>\n<\/tr>\n<\/tbody>\n<\/table>\n\t<div id=\"gap-1400052393\" class=\"gap-element clearfix\" style=\"display:block; height:auto;\">\n\t\t\n<style>\n#gap-1400052393 {\n  padding-top: 30px;\n}\n<\/style>\n\t<\/div>\n\t\n<h2>FAQ:<\/h2>\n<p><strong>1. Cum avantajeaz\u0103 func\u021bia complet automat\u0103 procesul meu de produc\u021bie?<\/strong><\/p>\n<p>Alimentatorul cu bunc\u0103r cu ridicare complet automat\u0103 a elevatorului cu g\u0103le\u021bi elimin\u0103 necesitatea interven\u021biei manuale, asigur\u00e2nd alimentarea continu\u0103 cu material f\u0103r\u0103 \u00eentreruperi. Aceast\u0103 caracteristic\u0103 optimizeaz\u0103 eficien\u021ba produc\u021biei prin reducerea timpilor de nefunc\u021bionare \u0219i a costurilor cu for\u021ba de munc\u0103, sporind \u00een acela\u0219i timp consisten\u021ba general\u0103 a fluxului de lucru.<\/p>\n<p><strong>2. Poate acest sistem s\u0103 gestioneze eficient diferite tipuri de materiale?<\/strong><\/p>\n<p>Absolut. Sistemul nostru este conceput pentru a g\u0103zdui o gam\u0103 larg\u0103 de materiale, de la granule la pulberi, cu precizie \u0219i fiabilitate. Indiferent dac\u0103 lucra\u021bi cu substan\u021be delicate sau abrazive, alimentatorul nostru cu g\u0103leat\u0103 cu bunc\u0103r ofer\u0103 performan\u021be consistente, minimiz\u00e2nd risipa de materiale \u0219i maximiz\u00e2nd produc\u021bia.<\/p>\n<p><strong>3. Cum \u00eembun\u0103t\u0103\u021be\u0219te alimentatorul bunc\u0103rului de ridicare flexibilitatea opera\u021bional\u0103?<\/strong><\/p>\n<p>Componenta de alimentare cu bunc\u0103r de ridicare a sistemului nostru permite integrarea perfect\u0103 \u00een diferite configura\u021bii de produc\u021bie. Versatilitatea sa permite o ajustare u\u0219oar\u0103 pentru a se adapta la diferite debite de material, asigur\u00e2nd condi\u021bii optime de alimentare pentru diverse cerin\u021be de produc\u021bie. Aceast\u0103 flexibilitate v\u0103 permite s\u0103 v\u0103 adapta\u021bi rapid la cerin\u021bele de produc\u021bie \u00een schimbare, maximiz\u00e2nd utilizarea resurselor \u0219i eficien\u021ba.<\/p>\n<p><strong>4. Ce fel de \u00eentre\u021binere este necesar\u0103 pentru acest sistem?<\/strong><\/p>\n<p>Alimentatorul cu bunc\u0103r cu ridicare complet automat\u0103 a elevatorului cu g\u0103le\u021bi este proiectat pentru fiabilitate \u0219i cerin\u021be minime de \u00eentre\u021binere. Inspec\u021biile de rutin\u0103 \u0219i \u00eentre\u021binerea preventiv\u0103 sunt recomandate pentru a asigura performan\u021b\u0103 constant\u0103 \u0219i longevitate. Echipa noastr\u0103 ofer\u0103 asisten\u021b\u0103 cuprinz\u0103toare, inclusiv programe de \u00eentre\u021binere \u0219i asisten\u021b\u0103 tehnic\u0103, pentru a men\u021bine sistemul dumneavoastr\u0103 s\u0103 func\u021bioneze la eficien\u021b\u0103 maxim\u0103.<\/p>\n<p><strong>5. Cum contribuie acest sistem la siguran\u021ba la locul de munc\u0103?<\/strong><\/p>\n<p>Prin automatizarea proceselor de manipulare a materialelor, sistemul nostru reduce nevoia de munc\u0103 manual\u0103, minimiz\u00e2nd riscul accidentelor \u0219i r\u0103nilor la locul de munc\u0103. \u00cen plus, func\u021bionarea sa complet automat\u0103 asigur\u0103 alimentarea lin\u0103 \u0219i controlat\u0103 a materialului, sporind siguran\u021ba operatorului \u0219i promov\u00e2nd un mediu de lucru sigur.<\/p>","protected":false},"excerpt":{"rendered":"<p>\u00cembun\u0103t\u0103\u021bi\u021bi eficien\u021ba cu alimentatorul nostru complet automat pentru lift cu bunc\u0103r. Simplifica\u021bi manipularea materialelor pentru fluxuri de lucru de produc\u021bie f\u0103r\u0103 \u00eentreruperi. Maximiza\u021bi productivitatea f\u0103r\u0103 efort.<\/p>","protected":false},"featured_media":1812,"comment_status":"open","ping_status":"closed","template":"","meta":[],"product_cat":[38],"product_tag":[],"yoast_head":"<!-- This site is optimized with the Yoast SEO plugin v22.2 - https:\/\/yoast.com\/wordpress\/plugins\/seo\/ -->\n<title>Bucket Hopper Elevator Fully Automatic Lifting Hopper Feeder - SWOER<\/title>\n<meta name=\"robots\" content=\"index, follow, max-snippet:-1, max-image-preview:large, max-video-preview:-1\" \/>\n<link rel=\"canonical\" href=\"https:\/\/swoer.com\/ro\/manufacturer\/bucket-hopper-elevator-fully-automatic-lifting-hopper-feeder\/\" \/>\n<meta property=\"og:locale\" content=\"ro_RO\" \/>\n<meta property=\"og:type\" content=\"article\" \/>\n<meta property=\"og:title\" content=\"Bucket Hopper Elevator Fully Automatic Lifting Hopper Feeder - SWOER\" \/>\n<meta property=\"og:description\" content=\"Bolster efficiency with our fully automatic Bucket Hopper Elevator Feeder. Streamline material handling for seamless production workflows. Maximize productivity effortlessly.\" \/>\n<meta property=\"og:url\" content=\"https:\/\/swoer.com\/ro\/manufacturer\/bucket-hopper-elevator-fully-automatic-lifting-hopper-feeder\/\" \/>\n<meta property=\"og:site_name\" content=\"SWOER\" \/>\n<meta property=\"article:modified_time\" content=\"2024-04-02T02:24:04+00:00\" \/>\n<meta property=\"og:image\" content=\"https:\/\/swoer.com\/wp-content\/uploads\/2024\/04\/Bucket-Hopper-Elevator-Fully-Automatic-Lifting-Hopper-Feeder.webp\" \/>\n\t<meta property=\"og:image:width\" content=\"1000\" \/>\n\t<meta property=\"og:image:height\" content=\"1000\" \/>\n\t<meta property=\"og:image:type\" content=\"image\/webp\" \/>\n<meta name=\"twitter:card\" content=\"summary_large_image\" \/>\n<meta name=\"twitter:label1\" content=\"Timp estimat pentru citire\" \/>\n\t<meta name=\"twitter:data1\" content=\"1 minut\" \/>\n<script type=\"application\/ld+json\" class=\"yoast-schema-graph\">{\"@context\":\"https:\/\/schema.org\",\"@graph\":[{\"@type\":\"WebPage\",\"@id\":\"https:\/\/swoer.com\/manufacturer\/bucket-hopper-elevator-fully-automatic-lifting-hopper-feeder\/\",\"url\":\"https:\/\/swoer.com\/manufacturer\/bucket-hopper-elevator-fully-automatic-lifting-hopper-feeder\/\",\"name\":\"Bucket Hopper Elevator Fully Automatic Lifting Hopper Feeder - SWOER\",\"isPartOf\":{\"@id\":\"https:\/\/swoer.com\/#website\"},\"primaryImageOfPage\":{\"@id\":\"https:\/\/swoer.com\/manufacturer\/bucket-hopper-elevator-fully-automatic-lifting-hopper-feeder\/#primaryimage\"},\"image\":{\"@id\":\"https:\/\/swoer.com\/manufacturer\/bucket-hopper-elevator-fully-automatic-lifting-hopper-feeder\/#primaryimage\"},\"thumbnailUrl\":\"https:\/\/swoer.com\/wp-content\/uploads\/2024\/04\/Bucket-Hopper-Elevator-Fully-Automatic-Lifting-Hopper-Feeder.webp\",\"datePublished\":\"2024-04-02T02:11:28+00:00\",\"dateModified\":\"2024-04-02T02:24:04+00:00\",\"breadcrumb\":{\"@id\":\"https:\/\/swoer.com\/manufacturer\/bucket-hopper-elevator-fully-automatic-lifting-hopper-feeder\/#breadcrumb\"},\"inLanguage\":\"ro-RO\",\"potentialAction\":[{\"@type\":\"ReadAction\",\"target\":[\"https:\/\/swoer.com\/manufacturer\/bucket-hopper-elevator-fully-automatic-lifting-hopper-feeder\/\"]}]},{\"@type\":\"ImageObject\",\"inLanguage\":\"ro-RO\",\"@id\":\"https:\/\/swoer.com\/manufacturer\/bucket-hopper-elevator-fully-automatic-lifting-hopper-feeder\/#primaryimage\",\"url\":\"https:\/\/swoer.com\/wp-content\/uploads\/2024\/04\/Bucket-Hopper-Elevator-Fully-Automatic-Lifting-Hopper-Feeder.webp\",\"contentUrl\":\"https:\/\/swoer.com\/wp-content\/uploads\/2024\/04\/Bucket-Hopper-Elevator-Fully-Automatic-Lifting-Hopper-Feeder.webp\",\"width\":1000,\"height\":1000,\"caption\":\"Bucket Hopper Elevator Fully Automatic Lifting Hopper Feeder\"},{\"@type\":\"BreadcrumbList\",\"@id\":\"https:\/\/swoer.com\/manufacturer\/bucket-hopper-elevator-fully-automatic-lifting-hopper-feeder\/#breadcrumb\",\"itemListElement\":[{\"@type\":\"ListItem\",\"position\":1,\"name\":\"Home\",\"item\":\"https:\/\/swoer.com\/\"},{\"@type\":\"ListItem\",\"position\":2,\"name\":\"Shop\",\"item\":\"https:\/\/swoer.com\/shop\/\"},{\"@type\":\"ListItem\",\"position\":3,\"name\":\"Bucket Hopper Elevator Fully Automatic Lifting Hopper Feeder\"}]},{\"@type\":\"WebSite\",\"@id\":\"https:\/\/swoer.com\/#website\",\"url\":\"https:\/\/swoer.com\/\",\"name\":\"SWOER\",\"description\":\"Swoer is the top 3 vibratory bowl feeder manufacturer in China\",\"potentialAction\":[{\"@type\":\"SearchAction\",\"target\":{\"@type\":\"EntryPoint\",\"urlTemplate\":\"https:\/\/swoer.com\/?s={search_term_string}\"},\"query-input\":\"required name=search_term_string\"}],\"inLanguage\":\"ro-RO\"}]}<\/script>\n<!-- \/ Yoast SEO plugin. -->","yoast_head_json":{"title":"Bucket Hopper Elevator Fully Automatic Lifting Hopper Feeder - SWOER","robots":{"index":"index","follow":"follow","max-snippet":"max-snippet:-1","max-image-preview":"max-image-preview:large","max-video-preview":"max-video-preview:-1"},"canonical":"https:\/\/swoer.com\/ro\/manufacturer\/bucket-hopper-elevator-fully-automatic-lifting-hopper-feeder\/","og_locale":"ro_RO","og_type":"article","og_title":"Bucket Hopper Elevator Fully Automatic Lifting Hopper Feeder - SWOER","og_description":"Bolster efficiency with our fully automatic Bucket Hopper Elevator Feeder. Streamline material handling for seamless production workflows. Maximize productivity effortlessly.","og_url":"https:\/\/swoer.com\/ro\/manufacturer\/bucket-hopper-elevator-fully-automatic-lifting-hopper-feeder\/","og_site_name":"SWOER","article_modified_time":"2024-04-02T02:24:04+00:00","og_image":[{"width":1000,"height":1000,"url":"https:\/\/swoer.com\/wp-content\/uploads\/2024\/04\/Bucket-Hopper-Elevator-Fully-Automatic-Lifting-Hopper-Feeder.webp","type":"image\/webp"}],"twitter_card":"summary_large_image","twitter_misc":{"Timp estimat pentru citire":"1 minut"},"schema":{"@context":"https:\/\/schema.org","@graph":[{"@type":"WebPage","@id":"https:\/\/swoer.com\/manufacturer\/bucket-hopper-elevator-fully-automatic-lifting-hopper-feeder\/","url":"https:\/\/swoer.com\/manufacturer\/bucket-hopper-elevator-fully-automatic-lifting-hopper-feeder\/","name":"Bucket Hopper Elevator Fully Automatic Lifting Hopper Feeder - SWOER","isPartOf":{"@id":"https:\/\/swoer.com\/#website"},"primaryImageOfPage":{"@id":"https:\/\/swoer.com\/manufacturer\/bucket-hopper-elevator-fully-automatic-lifting-hopper-feeder\/#primaryimage"},"image":{"@id":"https:\/\/swoer.com\/manufacturer\/bucket-hopper-elevator-fully-automatic-lifting-hopper-feeder\/#primaryimage"},"thumbnailUrl":"https:\/\/swoer.com\/wp-content\/uploads\/2024\/04\/Bucket-Hopper-Elevator-Fully-Automatic-Lifting-Hopper-Feeder.webp","datePublished":"2024-04-02T02:11:28+00:00","dateModified":"2024-04-02T02:24:04+00:00","breadcrumb":{"@id":"https:\/\/swoer.com\/manufacturer\/bucket-hopper-elevator-fully-automatic-lifting-hopper-feeder\/#breadcrumb"},"inLanguage":"ro-RO","potentialAction":[{"@type":"ReadAction","target":["https:\/\/swoer.com\/manufacturer\/bucket-hopper-elevator-fully-automatic-lifting-hopper-feeder\/"]}]},{"@type":"ImageObject","inLanguage":"ro-RO","@id":"https:\/\/swoer.com\/manufacturer\/bucket-hopper-elevator-fully-automatic-lifting-hopper-feeder\/#primaryimage","url":"https:\/\/swoer.com\/wp-content\/uploads\/2024\/04\/Bucket-Hopper-Elevator-Fully-Automatic-Lifting-Hopper-Feeder.webp","contentUrl":"https:\/\/swoer.com\/wp-content\/uploads\/2024\/04\/Bucket-Hopper-Elevator-Fully-Automatic-Lifting-Hopper-Feeder.webp","width":1000,"height":1000,"caption":"Bucket Hopper Elevator Fully Automatic Lifting Hopper Feeder"},{"@type":"BreadcrumbList","@id":"https:\/\/swoer.com\/manufacturer\/bucket-hopper-elevator-fully-automatic-lifting-hopper-feeder\/#breadcrumb","itemListElement":[{"@type":"ListItem","position":1,"name":"Home","item":"https:\/\/swoer.com\/"},{"@type":"ListItem","position":2,"name":"Shop","item":"https:\/\/swoer.com\/shop\/"},{"@type":"ListItem","position":3,"name":"Bucket Hopper Elevator Fully Automatic Lifting Hopper Feeder"}]},{"@type":"WebSite","@id":"https:\/\/swoer.com\/#website","url":"https:\/\/swoer.com\/","name":"SWOER","description":"Swoer is the top 3 vibratory bowl feeder manufacturer in China","potentialAction":[{"@type":"SearchAction","target":{"@type":"EntryPoint","urlTemplate":"https:\/\/swoer.com\/?s={search_term_string}"},"query-input":"required name=search_term_string"}],"inLanguage":"ro-RO"}]}},"_links":{"self":[{"href":"https:\/\/swoer.com\/ro\/wp-json\/wp\/v2\/product\/1811"}],"collection":[{"href":"https:\/\/swoer.com\/ro\/wp-json\/wp\/v2\/product"}],"about":[{"href":"https:\/\/swoer.com\/ro\/wp-json\/wp\/v2\/types\/product"}],"replies":[{"embeddable":true,"href":"https:\/\/swoer.com\/ro\/wp-json\/wp\/v2\/comments?post=1811"}],"wp:featuredmedia":[{"embeddable":true,"href":"https:\/\/swoer.com\/ro\/wp-json\/wp\/v2\/media\/1812"}],"wp:attachment":[{"href":"https:\/\/swoer.com\/ro\/wp-json\/wp\/v2\/media?parent=1811"}],"wp:term":[{"taxonomy":"product_cat","embeddable":true,"href":"https:\/\/swoer.com\/ro\/wp-json\/wp\/v2\/product_cat?post=1811"},{"taxonomy":"product_tag","embeddable":true,"href":"https:\/\/swoer.com\/ro\/wp-json\/wp\/v2\/product_tag?post=1811"}],"curies":[{"name":"wp","href":"https:\/\/api.w.org\/{rel}","templated":true}]}}