{"id":1806,"date":"2024-04-02T01:56:57","date_gmt":"2024-04-02T01:56:57","guid":{"rendered":"https:\/\/lightgrey-porpoise-816575.hostingersite.com\/?post_type=product&#038;p=1806"},"modified":"2024-04-02T02:06:28","modified_gmt":"2024-04-02T02:06:28","slug":"hopper-elevator-conveyor-automation","status":"publish","type":"product","link":"https:\/\/swoer.com\/ro\/manufacturer\/hopper-elevator-conveyor-automation\/","title":{"rendered":"Automatizare transportoare a liftului cu bunc\u0103r"},"content":{"rendered":"<p>Experimenta\u021bi eficien\u021ba perfect\u0103 de manipulare a materialelor cu solu\u021bia noastr\u0103 de ultim\u0103 or\u0103 de automatizare a transportoarelor cu ascensoare cu bunc\u0103r. Proiectat pentru fiabilitate \u0219i precizie, sistemul nostru optimizeaz\u0103 fluxul de lucru prin transferul f\u0103r\u0103 probleme a materialelor \u00eentre diferitele etape de produc\u021bie. Proiectat cu tehnologie pneumatic\u0103 avansat\u0103, asigur\u0103 o mi\u0219care vertical\u0103 lin\u0103 \u0219i eficient\u0103, sporind productivitatea \u0219i minimiz\u00e2nd timpul de nefunc\u021bionare. Ave\u021bi \u00eencredere \u00een expertiza noastr\u0103 pentru a v\u0103 eficientiza opera\u021biunile \u0219i a v\u0103 cre\u0219te capacit\u0103\u021bile de produc\u021bie.<\/p>\n<h2>Descriere:<\/h2>\n<table style=\"border-collapse: collapse; width: 464.27pt;\" border=\"0\" width=\"619\" cellspacing=\"0\" cellpadding=\"0\">\n<tbody>\n<tr style=\"height: 32.00pt;\">\n<td class=\"et3\" style=\"height: 32.00pt; width: 145.50pt;\" width=\"194\" height=\"42\">Numele produsului<\/td>\n<td class=\"et4\" style=\"width: 318.75pt;\" width=\"425\">Automatizare transportoare a liftului cu bunc\u0103r<\/td>\n<\/tr>\n<tr style=\"height: 32.00pt;\">\n<td class=\"et3\" style=\"height: 32.00pt;\" height=\"42\">Nume de marc\u0103<\/td>\n<td class=\"et4\">JUMAT\u0102<\/td>\n<\/tr>\n<tr style=\"height: 32.00pt;\">\n<td class=\"et3\" style=\"height: 32.00pt;\" height=\"42\">Dimensiune (L*W*H)<\/td>\n<td class=\"et4\">2200*1000*1500mm<\/td>\n<\/tr>\n<tr style=\"height: 32.00pt;\">\n<td class=\"et3\" style=\"height: 32.00pt;\" height=\"42\">Greutate<\/td>\n<td class=\"et4\">120 kg<\/td>\n<\/tr>\n<tr style=\"height: 32.00pt;\">\n<td class=\"et3\" style=\"height: 32.00pt;\" height=\"42\">Culoare<\/td>\n<td class=\"et4\">Cerintele clientului<\/td>\n<\/tr>\n<tr style=\"height: 32.00pt;\">\n<td class=\"et3\" style=\"height: 32.00pt;\" height=\"42\">Capacitate (t\/h)<\/td>\n<td class=\"et4\">0,1-6t\/h<\/td>\n<\/tr>\n<tr style=\"height: 32.00pt;\">\n<td class=\"et3\" style=\"height: 32.00pt;\" height=\"42\">Voltaj<\/td>\n<td class=\"et4\">85-260V<\/td>\n<\/tr>\n<tr style=\"height: 32.00pt;\">\n<td class=\"et3\" style=\"height: 32.00pt;\" height=\"42\">Frecven\u021b\u0103<\/td>\n<td class=\"et4\">40-400Hz<\/td>\n<\/tr>\n<tr style=\"height: 32.00pt;\">\n<td class=\"et3\" style=\"height: 32.00pt;\" height=\"42\">garan\u021bie<\/td>\n<td class=\"et4\">1 an<\/td>\n<\/tr>\n<tr style=\"height: 32.00pt;\">\n<td class=\"et3\" style=\"height: 32.00pt;\" height=\"42\">MOQ<\/td>\n<td class=\"et4\">1 set<\/td>\n<\/tr>\n<tr style=\"height: 32.00pt;\">\n<td class=\"et3\" style=\"height: 32.00pt;\" height=\"42\">Perioada de gra\u0163ie<\/td>\n<td class=\"et4\">7-10 zile<\/td>\n<\/tr>\n<tr style=\"height: 32.00pt;\">\n<td class=\"et3\" style=\"height: 32.00pt;\" height=\"42\">7-10 zile<\/td>\n<td class=\"et4\">Cutie de placaj<\/td>\n<\/tr>\n<tr style=\"height: 32.00pt;\">\n<td class=\"et3\" style=\"height: 32.00pt;\" height=\"42\">Termen de plata<\/td>\n<td class=\"et4\">T\/T 40% Depozit \u0219i sold \u00eenainte de expediere<\/td>\n<\/tr>\n<tr style=\"height: 32.00pt;\">\n<td class=\"et3\" style=\"height: 32.00pt;\" height=\"42\">Locul de origine<\/td>\n<td class=\"et4\">Guangdong, China<\/td>\n<\/tr>\n<\/tbody>\n<\/table>\n<h2>FAQ:<\/h2>\n\t<div id=\"gap-475790871\" class=\"gap-element clearfix\" style=\"display:block; height:auto;\">\n\t\t\n<style>\n#gap-475790871 {\n  padding-top: 30px;\n}\n<\/style>\n\t<\/div>\n\t\n<p><strong>1. Cum \u00eembun\u0103t\u0103\u021be\u0219te automatizarea benzii transportoare a elevatorului bunc\u0103rului productivitatea?<\/strong><\/p>\n<p>Automatizarea benzii transportoare a liftului cu bunc\u0103r eficientizeaz\u0103 procesele de manipulare a materialelor, asigur\u00e2nd un transfer f\u0103r\u0103 probleme \u00eentre etapele de produc\u021bie. Prin automatizarea acestor sarcini, elimin\u0103 blocajele, reduce munca manual\u0103 \u0219i optimizeaz\u0103 eficien\u021ba fluxului de lucru, cresc\u00e2nd \u00een cele din urm\u0103 productivitatea general\u0103.<\/p>\n<p><strong>2. Este sistemul fiabil \u0219i durabil pentru func\u021bionare continu\u0103?<\/strong><\/p>\n<p>Absolut. Proiectat cu componente robuste \u0219i tehnologie avansat\u0103 de automatizare, sistemul nostru de transporturi cu lift Hopper este construit pentru a rezista \u00een medii industriale riguroase. De la produc\u021bia de mare volum p\u00e2n\u0103 la operarea 24\/7, fiabilitatea se afl\u0103 \u00een centrul designului nostru, asigur\u00e2nd performan\u021b\u0103 ne\u00eentrerupt\u0103.<\/p>\n<p><strong>3. Poate fi personalizat sistemul pentru a se potrivi cerin\u021belor specifice de produc\u021bie?<\/strong><\/p>\n<p>Da, flexibilitatea este cheia. \u00cen\u021belegem c\u0103 fiecare unitate de produc\u021bie are nevoi unice. Automatizarea benzii transportoare a liftului cu bunc\u0103r poate fi adaptat\u0103 pentru a se adapta diferitelor tipuri de materiale, structuri de produc\u021bie \u0219i cerin\u021be de debit. Indiferent dac\u0103 ave\u021bi nevoie de dimensiuni specifice, ajust\u0103ri de vitez\u0103 sau integrare cu sistemele existente, v\u0103 oferim solu\u021bii personalizabile pentru a satisface cerin\u021bele dumneavoastr\u0103 exacte.<\/p>\n<p><strong>4. Cum contribuie sistemul de automatizare la siguran\u021ba lucr\u0103torilor?<\/strong><\/p>\n<p>Siguran\u021ba este primordial\u0103 \u00een orice mediu de produc\u021bie. Automatizarea benzii transportoare a liftului cu bunc\u0103r reduce nevoia de sarcini manuale de manipulare a materialelor, minimiz\u00e2nd riscul accidentelor la locul de munc\u0103 \u0219i a leziunilor prin efort repetitiv. Prin automatizarea acestor procese, se creeaz\u0103 un mediu de lucru mai sigur pentru echipa dvs., permi\u021b\u00e2ndu-le s\u0103 se concentreze pe sarcini mai calificate \u0219i cu valoare ad\u0103ugat\u0103.<\/p>\n<p><strong>5. Ce fel de asisten\u021b\u0103 tehnic\u0103 \u0219i servicii de \u00eentre\u021binere oferi\u021bi?<\/strong><\/p>\n<p>Prioritizeaz\u0103 satisfac\u021bia clien\u021bilor \u0219i succesul pe termen lung. Echipa noastr\u0103 de exper\u021bi ofer\u0103 asisten\u021b\u0103 tehnic\u0103 cuprinz\u0103toare \u0219i servicii de \u00eentre\u021binere pentru a asigura func\u021bionarea f\u0103r\u0103 probleme a sistemului dvs. de transport cu lift cu bunc\u0103r. De la instalarea \u0219i instruirea ini\u021bial\u0103 p\u00e2n\u0103 la \u00eentre\u021binerea continu\u0103 \u0219i depanarea, ne angaj\u0103m s\u0103 oferim asisten\u021b\u0103 prompt\u0103 \u0219i s\u0103 maximiz\u0103m timpul de func\u021bionare al echipamentului dumneavoastr\u0103.<\/p>","protected":false},"excerpt":{"rendered":"<p>Optimiza\u021bi produc\u021bia cu automatizarea benzii transportoare a liftului cu bunc\u0103r. Manipulare eficient\u0103 a materialelor \u0219i flux de lucru f\u0103r\u0103 \u00eentreruperi. Ave\u021bi \u00eencredere \u00een expertiza noastr\u0103 pentru a cre\u0219te productivitatea.<\/p>","protected":false},"featured_media":1807,"comment_status":"open","ping_status":"closed","template":"","meta":[],"product_cat":[38],"product_tag":[],"yoast_head":"<!-- This site is optimized with the Yoast SEO plugin v22.2 - https:\/\/yoast.com\/wordpress\/plugins\/seo\/ -->\n<title>Hopper Elevator Conveyor Automation - SWOER<\/title>\n<meta name=\"robots\" content=\"index, follow, max-snippet:-1, max-image-preview:large, max-video-preview:-1\" \/>\n<link rel=\"canonical\" href=\"https:\/\/swoer.com\/ro\/manufacturer\/hopper-elevator-conveyor-automation\/\" \/>\n<meta property=\"og:locale\" content=\"ro_RO\" \/>\n<meta property=\"og:type\" content=\"article\" \/>\n<meta property=\"og:title\" content=\"Hopper Elevator Conveyor Automation - SWOER\" \/>\n<meta property=\"og:description\" content=\"Optimize production with our Hopper Elevator Conveyor Automation. Efficient material handling, and seamless workflow. Trust our expertise to boost productivity.\" \/>\n<meta property=\"og:url\" content=\"https:\/\/swoer.com\/ro\/manufacturer\/hopper-elevator-conveyor-automation\/\" \/>\n<meta property=\"og:site_name\" content=\"SWOER\" \/>\n<meta property=\"article:modified_time\" content=\"2024-04-02T02:06:28+00:00\" \/>\n<meta property=\"og:image\" content=\"https:\/\/swoer.com\/wp-content\/uploads\/2024\/04\/Hopper-Elevator-Conveyor-Automation.webp\" \/>\n\t<meta property=\"og:image:width\" content=\"1000\" \/>\n\t<meta property=\"og:image:height\" content=\"1000\" \/>\n\t<meta property=\"og:image:type\" content=\"image\/webp\" \/>\n<meta name=\"twitter:card\" content=\"summary_large_image\" \/>\n<meta name=\"twitter:label1\" content=\"Timp estimat pentru citire\" \/>\n\t<meta name=\"twitter:data1\" content=\"1 minut\" \/>\n<script type=\"application\/ld+json\" class=\"yoast-schema-graph\">{\"@context\":\"https:\/\/schema.org\",\"@graph\":[{\"@type\":\"WebPage\",\"@id\":\"https:\/\/swoer.com\/manufacturer\/hopper-elevator-conveyor-automation\/\",\"url\":\"https:\/\/swoer.com\/manufacturer\/hopper-elevator-conveyor-automation\/\",\"name\":\"Hopper Elevator Conveyor Automation - SWOER\",\"isPartOf\":{\"@id\":\"https:\/\/swoer.com\/#website\"},\"primaryImageOfPage\":{\"@id\":\"https:\/\/swoer.com\/manufacturer\/hopper-elevator-conveyor-automation\/#primaryimage\"},\"image\":{\"@id\":\"https:\/\/swoer.com\/manufacturer\/hopper-elevator-conveyor-automation\/#primaryimage\"},\"thumbnailUrl\":\"https:\/\/swoer.com\/wp-content\/uploads\/2024\/04\/Hopper-Elevator-Conveyor-Automation.webp\",\"datePublished\":\"2024-04-02T01:56:57+00:00\",\"dateModified\":\"2024-04-02T02:06:28+00:00\",\"breadcrumb\":{\"@id\":\"https:\/\/swoer.com\/manufacturer\/hopper-elevator-conveyor-automation\/#breadcrumb\"},\"inLanguage\":\"ro-RO\",\"potentialAction\":[{\"@type\":\"ReadAction\",\"target\":[\"https:\/\/swoer.com\/manufacturer\/hopper-elevator-conveyor-automation\/\"]}]},{\"@type\":\"ImageObject\",\"inLanguage\":\"ro-RO\",\"@id\":\"https:\/\/swoer.com\/manufacturer\/hopper-elevator-conveyor-automation\/#primaryimage\",\"url\":\"https:\/\/swoer.com\/wp-content\/uploads\/2024\/04\/Hopper-Elevator-Conveyor-Automation.webp\",\"contentUrl\":\"https:\/\/swoer.com\/wp-content\/uploads\/2024\/04\/Hopper-Elevator-Conveyor-Automation.webp\",\"width\":1000,\"height\":1000,\"caption\":\"Hopper Elevator Conveyor Automation\"},{\"@type\":\"BreadcrumbList\",\"@id\":\"https:\/\/swoer.com\/manufacturer\/hopper-elevator-conveyor-automation\/#breadcrumb\",\"itemListElement\":[{\"@type\":\"ListItem\",\"position\":1,\"name\":\"Home\",\"item\":\"https:\/\/swoer.com\/\"},{\"@type\":\"ListItem\",\"position\":2,\"name\":\"Shop\",\"item\":\"https:\/\/swoer.com\/shop\/\"},{\"@type\":\"ListItem\",\"position\":3,\"name\":\"Hopper Elevator Conveyor Automation\"}]},{\"@type\":\"WebSite\",\"@id\":\"https:\/\/swoer.com\/#website\",\"url\":\"https:\/\/swoer.com\/\",\"name\":\"SWOER\",\"description\":\"Swoer is the top 3 vibratory bowl feeder manufacturer in China\",\"potentialAction\":[{\"@type\":\"SearchAction\",\"target\":{\"@type\":\"EntryPoint\",\"urlTemplate\":\"https:\/\/swoer.com\/?s={search_term_string}\"},\"query-input\":\"required name=search_term_string\"}],\"inLanguage\":\"ro-RO\"}]}<\/script>\n<!-- \/ Yoast SEO plugin. -->","yoast_head_json":{"title":"Hopper Elevator Conveyor Automation - SWOER","robots":{"index":"index","follow":"follow","max-snippet":"max-snippet:-1","max-image-preview":"max-image-preview:large","max-video-preview":"max-video-preview:-1"},"canonical":"https:\/\/swoer.com\/ro\/manufacturer\/hopper-elevator-conveyor-automation\/","og_locale":"ro_RO","og_type":"article","og_title":"Hopper Elevator Conveyor Automation - SWOER","og_description":"Optimize production with our Hopper Elevator Conveyor Automation. Efficient material handling, and seamless workflow. Trust our expertise to boost productivity.","og_url":"https:\/\/swoer.com\/ro\/manufacturer\/hopper-elevator-conveyor-automation\/","og_site_name":"SWOER","article_modified_time":"2024-04-02T02:06:28+00:00","og_image":[{"width":1000,"height":1000,"url":"https:\/\/swoer.com\/wp-content\/uploads\/2024\/04\/Hopper-Elevator-Conveyor-Automation.webp","type":"image\/webp"}],"twitter_card":"summary_large_image","twitter_misc":{"Timp estimat pentru citire":"1 minut"},"schema":{"@context":"https:\/\/schema.org","@graph":[{"@type":"WebPage","@id":"https:\/\/swoer.com\/manufacturer\/hopper-elevator-conveyor-automation\/","url":"https:\/\/swoer.com\/manufacturer\/hopper-elevator-conveyor-automation\/","name":"Hopper Elevator Conveyor Automation - SWOER","isPartOf":{"@id":"https:\/\/swoer.com\/#website"},"primaryImageOfPage":{"@id":"https:\/\/swoer.com\/manufacturer\/hopper-elevator-conveyor-automation\/#primaryimage"},"image":{"@id":"https:\/\/swoer.com\/manufacturer\/hopper-elevator-conveyor-automation\/#primaryimage"},"thumbnailUrl":"https:\/\/swoer.com\/wp-content\/uploads\/2024\/04\/Hopper-Elevator-Conveyor-Automation.webp","datePublished":"2024-04-02T01:56:57+00:00","dateModified":"2024-04-02T02:06:28+00:00","breadcrumb":{"@id":"https:\/\/swoer.com\/manufacturer\/hopper-elevator-conveyor-automation\/#breadcrumb"},"inLanguage":"ro-RO","potentialAction":[{"@type":"ReadAction","target":["https:\/\/swoer.com\/manufacturer\/hopper-elevator-conveyor-automation\/"]}]},{"@type":"ImageObject","inLanguage":"ro-RO","@id":"https:\/\/swoer.com\/manufacturer\/hopper-elevator-conveyor-automation\/#primaryimage","url":"https:\/\/swoer.com\/wp-content\/uploads\/2024\/04\/Hopper-Elevator-Conveyor-Automation.webp","contentUrl":"https:\/\/swoer.com\/wp-content\/uploads\/2024\/04\/Hopper-Elevator-Conveyor-Automation.webp","width":1000,"height":1000,"caption":"Hopper Elevator Conveyor Automation"},{"@type":"BreadcrumbList","@id":"https:\/\/swoer.com\/manufacturer\/hopper-elevator-conveyor-automation\/#breadcrumb","itemListElement":[{"@type":"ListItem","position":1,"name":"Home","item":"https:\/\/swoer.com\/"},{"@type":"ListItem","position":2,"name":"Shop","item":"https:\/\/swoer.com\/shop\/"},{"@type":"ListItem","position":3,"name":"Hopper Elevator Conveyor Automation"}]},{"@type":"WebSite","@id":"https:\/\/swoer.com\/#website","url":"https:\/\/swoer.com\/","name":"SWOER","description":"Swoer is the top 3 vibratory bowl feeder manufacturer in China","potentialAction":[{"@type":"SearchAction","target":{"@type":"EntryPoint","urlTemplate":"https:\/\/swoer.com\/?s={search_term_string}"},"query-input":"required name=search_term_string"}],"inLanguage":"ro-RO"}]}},"_links":{"self":[{"href":"https:\/\/swoer.com\/ro\/wp-json\/wp\/v2\/product\/1806"}],"collection":[{"href":"https:\/\/swoer.com\/ro\/wp-json\/wp\/v2\/product"}],"about":[{"href":"https:\/\/swoer.com\/ro\/wp-json\/wp\/v2\/types\/product"}],"replies":[{"embeddable":true,"href":"https:\/\/swoer.com\/ro\/wp-json\/wp\/v2\/comments?post=1806"}],"wp:featuredmedia":[{"embeddable":true,"href":"https:\/\/swoer.com\/ro\/wp-json\/wp\/v2\/media\/1807"}],"wp:attachment":[{"href":"https:\/\/swoer.com\/ro\/wp-json\/wp\/v2\/media?parent=1806"}],"wp:term":[{"taxonomy":"product_cat","embeddable":true,"href":"https:\/\/swoer.com\/ro\/wp-json\/wp\/v2\/product_cat?post=1806"},{"taxonomy":"product_tag","embeddable":true,"href":"https:\/\/swoer.com\/ro\/wp-json\/wp\/v2\/product_tag?post=1806"}],"curies":[{"name":"wp","href":"https:\/\/api.w.org\/{rel}","templated":true}]}}