{"id":1758,"date":"2024-03-30T06:54:42","date_gmt":"2024-03-30T06:54:42","guid":{"rendered":"https:\/\/lightgrey-porpoise-816575.hostingersite.com\/?post_type=product&#038;p=1758"},"modified":"2025-02-07T16:48:14","modified_gmt":"2025-02-07T08:48:14","slug":"flexible-feeders-sw-420","status":"publish","type":"product","link":"https:\/\/swoer.com\/ro\/manufacturer\/flexible-feeders-sw-420\/","title":{"rendered":"Alimentatoare flexibile SW-420"},"content":{"rendered":"<p>La SWOER, excel\u0103m \u00een producerea de alimentatoare flexibile cu solu\u021bii personalizate care se potrivesc cu caracteristicile pieselor \u0219i cerin\u021bele clien\u021bilor. Sistemele noastre la pre\u021buri competitive se integreaz\u0103 cu robo\u021bi \u0219i viziune CCD, asigur\u00e2nd eficien\u021b\u0103 \u0219i precizie optime a produc\u021biei. Ave\u021bi \u00eencredere \u00een SWOER pentru a personaliza solu\u021bii de \u00eencredere care se potrivesc nevoilor \u0219i bugetului dumneavoastr\u0103 cu profesionalism \u0219i fiabilitate.<\/p>\n<p>SW-42 potrivit pentru ecranarea materialelor mari neregulate, cum ar fi blocuri de juc\u0103rie, echipamente medicale, piese auto, piese metalice cu forme speciale etc.<\/p>\n<p>SW-420 Flex Feeder combinat cu Spider Gripper Robot, pentru mai multe informa\u021bii, face\u021bi clic pe:<\/p>\n<ul>\n<li><a href=\"https:\/\/swoer.com\/ro\/manufacturer\/flex-feeding-and-conveying-machines-with-spider-robot\/\">Ma\u0219ini automate de alimentare \u0219i transport cu piese flexibile cu robot Spider<\/a><\/li>\n<\/ul>\n\t<div id=\"gap-1011612901\" class=\"gap-element clearfix\" style=\"display:block; height:auto;\">\n\t\t\n<style>\n#gap-1011612901 {\n  padding-top: 30px;\n}\n<\/style>\n\t<\/div>\n\t\n<h2>Specifica\u021bii:<\/h2>\n<table style=\"border-collapse: collapse; width: 596.27pt;\" border=\"0\" width=\"795\" cellspacing=\"0\" cellpadding=\"0\">\n<tbody>\n<tr style=\"height: 27.00pt;\">\n<td class=\"et3\" style=\"height: 27.00pt; width: 237.00pt;\" width=\"316\" height=\"36\">Model<\/td>\n<td class=\"et4\" style=\"width: 359.25pt;\" width=\"479\">SW-420<\/td>\n<\/tr>\n<tr style=\"height: 27.00pt;\">\n<td class=\"et3\" style=\"height: 27.00pt;\" height=\"36\">Dimensiune (mm)<\/td>\n<td class=\"et4\">600*393*211<\/td>\n<\/tr>\n<tr style=\"height: 27.00pt;\">\n<td class=\"et3\" style=\"height: 27.00pt;\" height=\"36\">Dimensiunea alimentatorului (mm)<\/td>\n<td class=\"et4\">440*390*60<\/td>\n<\/tr>\n<tr style=\"height: 27.00pt;\">\n<td class=\"et3\" style=\"height: 27.00pt;\" height=\"36\">Greutate<\/td>\n<td class=\"et4\">Aproximativ 44,0 kg<\/td>\n<\/tr>\n<tr style=\"height: 27.00pt;\">\n<td class=\"et3\" style=\"height: 27.00pt;\" height=\"36\">Voltaj<\/td>\n<td class=\"et4\">DC20-30V (recomandat 24V)<\/td>\n<\/tr>\n<tr style=\"height: 27.00pt;\">\n<td class=\"et3\" style=\"height: 27.00pt;\" height=\"36\">Curent maxim<\/td>\n<td class=\"et4\">6A<\/td>\n<\/tr>\n<tr style=\"height: 81.00pt;\">\n<td class=\"et3\" style=\"height: 81.00pt;\" height=\"108\">Formular de operare<\/td>\n<td class=\"et5\" style=\"width: 359.25pt;\" width=\"479\">Deplasa\u021bi-v\u0103 \u00een sus, \u00een jos, la st\u00e2nga, la dreapta, \u00een st\u00e2nga sus, \u00een st\u00e2nga jos, \u00een dreapta sus \u0219i \u00een dreapta jos, \u00een centru \u00een sus \u0219i \u00een jos, \u00een centru \u00een st\u00e2nga \u0219i \u00een dreapta, scutura\u021bi \u0219i r\u0103sturna\u021bi \u0219i vibreaz\u0103 direct pentru a alimenta<\/td>\n<\/tr>\n<tr style=\"height: 27.00pt;\">\n<td class=\"et3\" style=\"height: 27.00pt;\" height=\"36\">Frecven\u021b\u0103<\/td>\n<td class=\"et4\">10-62 Hz<\/td>\n<\/tr>\n<tr style=\"height: 27.00pt;\">\n<td class=\"et3\" style=\"height: 27.00pt;\" height=\"36\">Zgomot de operare<\/td>\n<td class=\"et6\"><span class=\"font4\">\uff1c<\/span><span class=\"font3\">50dB<\/span><\/td>\n<\/tr>\n<tr style=\"height: 27.00pt;\">\n<td class=\"et3\" style=\"height: 27.00pt;\" height=\"36\">Capacitate maxim\u0103<\/td>\n<td class=\"et4\">1,5 kg<\/td>\n<\/tr>\n<tr style=\"height: 27.00pt;\">\n<td class=\"et3\" style=\"height: 27.00pt;\" height=\"36\">Greutatea unui singur material r\u0103sturnat<\/td>\n<td class=\"et6\">\uff1c<span class=\"font3\">150 g<\/span><\/td>\n<\/tr>\n<tr style=\"height: 27.00pt;\">\n<td class=\"et3\" style=\"height: 54.00pt;\" rowspan=\"2\" height=\"72\">Interac\u021biunea semnalului<\/td>\n<td class=\"et4\">Comunicare TCP\/IP<\/td>\n<\/tr>\n<tr style=\"height: 27.00pt;\">\n<td class=\"et4\">Interfa\u021b\u0103 I\/O<\/td>\n<\/tr>\n<\/tbody>\n<\/table>\n\t<div id=\"gap-765844693\" class=\"gap-element clearfix\" style=\"display:block; height:auto;\">\n\t\t\n<style>\n#gap-765844693 {\n  padding-top: 30px;\n}\n<\/style>\n\t<\/div>\n\t\n<h2>Desen cote:<\/h2>\n\t<div class=\"img has-hover x md-x lg-x y md-y lg-y\" id=\"image_1497255921\">\n\t\t\t\t\t\t\t\t<div class=\"img-inner dark\" >\n\t\t\t<img loading=\"lazy\" decoding=\"async\" width=\"681\" height=\"600\" src=\"https:\/\/swoer.com\/wp-content\/uploads\/2024\/03\/flex-feeder-system-SW-420-dimension-drawing.webp\" class=\"attachment-original size-original\" alt=\"Sistemul de alimentare flex SW-420 desen cote\" srcset=\"https:\/\/swoer.com\/wp-content\/uploads\/2024\/03\/flex-feeder-system-SW-420-dimension-drawing.webp 681w, https:\/\/swoer.com\/wp-content\/uploads\/2024\/03\/flex-feeder-system-SW-420-dimension-drawing-300x264.webp 300w, https:\/\/swoer.com\/wp-content\/uploads\/2024\/03\/flex-feeder-system-SW-420-dimension-drawing-600x529.webp 600w\" sizes=\"(max-width: 681px) 100vw, 681px\" \/>\t\t\t\t\t\t\n\t\t\t\t\t<\/div>\n\t\t\t\t\t\t\t\t\n<style>\n#image_1497255921 {\n  width: 70%;\n}\n<\/style>\n\t<\/div>\n\t\n\t<div id=\"gap-2144851362\" class=\"gap-element clearfix\" style=\"display:block; height:auto;\">\n\t\t\n<style>\n#gap-2144851362 {\n  padding-top: 30px;\n}\n<\/style>\n\t<\/div>\n\t\n<h2>Alimentatoare flexibile, alimentatoare flexibile, t\u0103vi flexibile \u0219i ma\u0219ini integrate cu robot<\/h2>\n\n  \n    <div class=\"row large-columns-4 medium-columns-3 small-columns-2 row-small slider row-slider slider-nav-reveal slider-nav-push\"  data-flickity-options='{\"imagesLoaded\": true, \"groupCells\": \"100%\", \"dragThreshold\" : 5, \"cellAlign\": \"left\",\"wrapAround\": true,\"prevNextButtons\": true,\"percentPosition\": true,\"pageDots\": false, \"rightToLeft\": false, \"autoPlay\" : false}'>\n\n  \t\n\t     <div class=\"product-small col has-hover product type-product post-3900 status-publish first instock product_cat-delta-robots has-post-thumbnail shipping-taxable product-type-simple\">\n\t<div class=\"col-inner\">\n\t\n<div class=\"badge-container absolute left top z-1\">\n\n<\/div>\n\t<div class=\"product-small box\">\n\t\t<div class=\"box-image\">\n\t\t\t<div class=\"image-zoom_in\">\n\t\t\t\t<a href=\"https:\/\/swoer.com\/ro\/manufacturer\/delta-robot-pick-and-place-manufacturer-sw-hrd6t-ss-m\/\" aria-label=\"Delta Robot Pick and Place Manufacturer SW-HRD6T-SS-M\">\n\t\t\t\t\t<img loading=\"lazy\" decoding=\"async\" width=\"300\" height=\"300\" src=\"https:\/\/swoer.com\/wp-content\/uploads\/2026\/04\/Delta-Robot-Pick-and-Place-Manufacturer-SW-HRD6T-SS-M-300x300.webp\" class=\"attachment-woocommerce_thumbnail size-woocommerce_thumbnail\" alt=\"Delta Robot Pick and Place Manufacturer SW-HRD6T-SS-M\" srcset=\"https:\/\/swoer.com\/wp-content\/uploads\/2026\/04\/Delta-Robot-Pick-and-Place-Manufacturer-SW-HRD6T-SS-M-300x300.webp 300w, https:\/\/swoer.com\/wp-content\/uploads\/2026\/04\/Delta-Robot-Pick-and-Place-Manufacturer-SW-HRD6T-SS-M-150x150.webp 150w, https:\/\/swoer.com\/wp-content\/uploads\/2026\/04\/Delta-Robot-Pick-and-Place-Manufacturer-SW-HRD6T-SS-M-768x768.webp 768w, https:\/\/swoer.com\/wp-content\/uploads\/2026\/04\/Delta-Robot-Pick-and-Place-Manufacturer-SW-HRD6T-SS-M-12x12.webp 12w, https:\/\/swoer.com\/wp-content\/uploads\/2026\/04\/Delta-Robot-Pick-and-Place-Manufacturer-SW-HRD6T-SS-M-600x600.webp 600w, https:\/\/swoer.com\/wp-content\/uploads\/2026\/04\/Delta-Robot-Pick-and-Place-Manufacturer-SW-HRD6T-SS-M-100x100.webp 100w, https:\/\/swoer.com\/wp-content\/uploads\/2026\/04\/Delta-Robot-Pick-and-Place-Manufacturer-SW-HRD6T-SS-M.webp 800w\" sizes=\"(max-width: 300px) 100vw, 300px\" \/><img loading=\"lazy\" decoding=\"async\" width=\"300\" height=\"300\" src=\"https:\/\/swoer.com\/wp-content\/uploads\/2026\/04\/Delta-Robot-Pick-and-Place-Manufacturer-SW-HRD6T-SS-M-300x300.webp\" class=\"show-on-hover absolute fill hide-for-small back-imageshow-on-hover absolute fill hide-for-small back-image hover-zoom\" alt=\"Delta Robot Pick and Place Manufacturer SW-HRD6T-SS-M\" srcset=\"https:\/\/swoer.com\/wp-content\/uploads\/2026\/04\/Delta-Robot-Pick-and-Place-Manufacturer-SW-HRD6T-SS-M-300x300.webp 300w, https:\/\/swoer.com\/wp-content\/uploads\/2026\/04\/Delta-Robot-Pick-and-Place-Manufacturer-SW-HRD6T-SS-M-150x150.webp 150w, https:\/\/swoer.com\/wp-content\/uploads\/2026\/04\/Delta-Robot-Pick-and-Place-Manufacturer-SW-HRD6T-SS-M-768x768.webp 768w, https:\/\/swoer.com\/wp-content\/uploads\/2026\/04\/Delta-Robot-Pick-and-Place-Manufacturer-SW-HRD6T-SS-M-12x12.webp 12w, https:\/\/swoer.com\/wp-content\/uploads\/2026\/04\/Delta-Robot-Pick-and-Place-Manufacturer-SW-HRD6T-SS-M-600x600.webp 600w, https:\/\/swoer.com\/wp-content\/uploads\/2026\/04\/Delta-Robot-Pick-and-Place-Manufacturer-SW-HRD6T-SS-M-100x100.webp 100w, https:\/\/swoer.com\/wp-content\/uploads\/2026\/04\/Delta-Robot-Pick-and-Place-Manufacturer-SW-HRD6T-SS-M.webp 800w\" sizes=\"(max-width: 300px) 100vw, 300px\" \/>\t\t\t\t<\/a>\n\t\t\t<\/div>\n\t\t\t<div class=\"image-tools is-small top right show-on-hover\">\n\t\t\t\t\t\t\t<\/div>\n\t\t\t<div class=\"image-tools is-small hide-for-small bottom left show-on-hover\">\n\t\t\t\t\t\t\t<\/div>\n\t\t\t<div class=\"image-tools grid-tools text-center hide-for-small bottom hover-slide-in show-on-hover\">\n\t\t\t\t  <a class=\"quick-view\" data-prod=\"3900\" href=\"#quick-view\">Vizualizare rapid\u0103<\/a>\t\t\t<\/div>\n\t\t\t\t\t<\/div>\n\n\t\t<div class=\"box-text box-text-products\">\n\t\t\t<div class=\"title-wrapper\"><p class=\"name product-title woocommerce-loop-product__title\"><a href=\"https:\/\/swoer.com\/ro\/manufacturer\/delta-robot-pick-and-place-manufacturer-sw-hrd6t-ss-m\/\" class=\"woocommerce-LoopProduct-link woocommerce-loop-product__link\">Delta Robot Pick and Place Manufacturer SW-HRD6T-SS-M<\/a><\/p><\/div><div class=\"price-wrapper\">\n<\/div>\t\t<\/div>\n\t<\/div>\n\t\t<\/div>\n<\/div><div class=\"product-small col has-hover product type-product post-3898 status-publish instock product_cat-delta-robots has-post-thumbnail shipping-taxable product-type-simple\">\n\t<div class=\"col-inner\">\n\t\n<div class=\"badge-container absolute left top z-1\">\n\n<\/div>\n\t<div class=\"product-small box\">\n\t\t<div class=\"box-image\">\n\t\t\t<div class=\"image-zoom_in\">\n\t\t\t\t<a href=\"https:\/\/swoer.com\/ro\/manufacturer\/delta-robot-pick-and-place-supplier-sw-hrd5s-dt-f-bd\/\" aria-label=\"Delta Robot Pick and Place Supplier SW-HRD5S-DT-F-BD\">\n\t\t\t\t\t<img loading=\"lazy\" decoding=\"async\" width=\"300\" height=\"300\" src=\"https:\/\/swoer.com\/wp-content\/uploads\/2026\/04\/Delta-Robot-Pick-and-Place-Supplier-SW-HRD5S-DT-F-BD-300x300.webp\" class=\"attachment-woocommerce_thumbnail size-woocommerce_thumbnail\" alt=\"Delta Robot Pick and Place Supplier SW-HRD5S-DT-F-BD\" srcset=\"https:\/\/swoer.com\/wp-content\/uploads\/2026\/04\/Delta-Robot-Pick-and-Place-Supplier-SW-HRD5S-DT-F-BD-300x300.webp 300w, https:\/\/swoer.com\/wp-content\/uploads\/2026\/04\/Delta-Robot-Pick-and-Place-Supplier-SW-HRD5S-DT-F-BD-150x150.webp 150w, https:\/\/swoer.com\/wp-content\/uploads\/2026\/04\/Delta-Robot-Pick-and-Place-Supplier-SW-HRD5S-DT-F-BD-768x768.webp 768w, https:\/\/swoer.com\/wp-content\/uploads\/2026\/04\/Delta-Robot-Pick-and-Place-Supplier-SW-HRD5S-DT-F-BD-12x12.webp 12w, https:\/\/swoer.com\/wp-content\/uploads\/2026\/04\/Delta-Robot-Pick-and-Place-Supplier-SW-HRD5S-DT-F-BD-600x600.webp 600w, https:\/\/swoer.com\/wp-content\/uploads\/2026\/04\/Delta-Robot-Pick-and-Place-Supplier-SW-HRD5S-DT-F-BD-100x100.webp 100w, https:\/\/swoer.com\/wp-content\/uploads\/2026\/04\/Delta-Robot-Pick-and-Place-Supplier-SW-HRD5S-DT-F-BD.webp 800w\" sizes=\"(max-width: 300px) 100vw, 300px\" \/><img loading=\"lazy\" decoding=\"async\" width=\"300\" height=\"300\" src=\"https:\/\/swoer.com\/wp-content\/uploads\/2026\/04\/Delta-Robot-Pick-and-Place-Supplier-SW-HRD5S-DT-F-BD-300x300.webp\" class=\"show-on-hover absolute fill hide-for-small back-imageshow-on-hover absolute fill hide-for-small back-image hover-zoom\" alt=\"Delta Robot Pick and Place Supplier SW-HRD5S-DT-F-BD\" srcset=\"https:\/\/swoer.com\/wp-content\/uploads\/2026\/04\/Delta-Robot-Pick-and-Place-Supplier-SW-HRD5S-DT-F-BD-300x300.webp 300w, https:\/\/swoer.com\/wp-content\/uploads\/2026\/04\/Delta-Robot-Pick-and-Place-Supplier-SW-HRD5S-DT-F-BD-150x150.webp 150w, https:\/\/swoer.com\/wp-content\/uploads\/2026\/04\/Delta-Robot-Pick-and-Place-Supplier-SW-HRD5S-DT-F-BD-768x768.webp 768w, https:\/\/swoer.com\/wp-content\/uploads\/2026\/04\/Delta-Robot-Pick-and-Place-Supplier-SW-HRD5S-DT-F-BD-12x12.webp 12w, https:\/\/swoer.com\/wp-content\/uploads\/2026\/04\/Delta-Robot-Pick-and-Place-Supplier-SW-HRD5S-DT-F-BD-600x600.webp 600w, https:\/\/swoer.com\/wp-content\/uploads\/2026\/04\/Delta-Robot-Pick-and-Place-Supplier-SW-HRD5S-DT-F-BD-100x100.webp 100w, https:\/\/swoer.com\/wp-content\/uploads\/2026\/04\/Delta-Robot-Pick-and-Place-Supplier-SW-HRD5S-DT-F-BD.webp 800w\" sizes=\"(max-width: 300px) 100vw, 300px\" \/>\t\t\t\t<\/a>\n\t\t\t<\/div>\n\t\t\t<div class=\"image-tools is-small top right show-on-hover\">\n\t\t\t\t\t\t\t<\/div>\n\t\t\t<div class=\"image-tools is-small hide-for-small bottom left show-on-hover\">\n\t\t\t\t\t\t\t<\/div>\n\t\t\t<div class=\"image-tools grid-tools text-center hide-for-small bottom hover-slide-in show-on-hover\">\n\t\t\t\t  <a class=\"quick-view\" data-prod=\"3898\" href=\"#quick-view\">Vizualizare rapid\u0103<\/a>\t\t\t<\/div>\n\t\t\t\t\t<\/div>\n\n\t\t<div class=\"box-text box-text-products\">\n\t\t\t<div class=\"title-wrapper\"><p class=\"name product-title woocommerce-loop-product__title\"><a href=\"https:\/\/swoer.com\/ro\/manufacturer\/delta-robot-pick-and-place-supplier-sw-hrd5s-dt-f-bd\/\" class=\"woocommerce-LoopProduct-link woocommerce-loop-product__link\">Delta Robot Pick and Place Supplier SW-HRD5S-DT-F-BD<\/a><\/p><\/div><div class=\"price-wrapper\">\n<\/div>\t\t<\/div>\n\t<\/div>\n\t\t<\/div>\n<\/div><\/div>","protected":false},"excerpt":{"rendered":"<p>SWOER creeaz\u0103 alimentatoare flexibile pentru a se potrivi cu specificul piesei \u0219i nevoile clien\u021bilor. Cu pre\u021buri competitive, sistemele noastre se integreaz\u0103 perfect cu robo\u021bii \u0219i viziunea CCD pentru o eficien\u021b\u0103 sporit\u0103. Ave\u021bi \u00eencredere \u00een SWOER pentru solu\u021bii care se potrivesc cerin\u021belor \u0219i bugetului dumneavoastr\u0103.<\/p>\n<p>Dac\u0103 dori\u021bi s\u0103 ob\u021bine\u021bi pre\u021buri pentru sistemele de alimentare flexibile, v\u0103 rug\u0103m s\u0103 ne contacta\u021bi.<\/p>","protected":false},"featured_media":1759,"comment_status":"open","ping_status":"closed","template":"","meta":[],"product_cat":[15],"product_tag":[],"yoast_head":"<!-- This site is optimized with the Yoast SEO plugin v22.2 - https:\/\/yoast.com\/wordpress\/plugins\/seo\/ -->\n<title>Flexible Feeders SW-420 - SWOER<\/title>\n<meta name=\"description\" content=\"SW-420 Flexible Feeder, for sorting large, irregular materials like toy blocks, medical equipment, automotive parts, and special-shaped metal components.\" \/>\n<meta name=\"robots\" content=\"index, follow, max-snippet:-1, max-image-preview:large, max-video-preview:-1\" \/>\n<link rel=\"canonical\" href=\"https:\/\/swoer.com\/ro\/manufacturer\/flexible-feeders-sw-420\/\" \/>\n<meta property=\"og:locale\" content=\"ro_RO\" \/>\n<meta property=\"og:type\" content=\"article\" \/>\n<meta property=\"og:title\" content=\"Flexible Feeders SW-420 - SWOER\" \/>\n<meta property=\"og:description\" content=\"SW-420 Flexible Feeder, for sorting large, irregular materials like toy blocks, medical equipment, automotive parts, and special-shaped metal components.\" \/>\n<meta property=\"og:url\" content=\"https:\/\/swoer.com\/ro\/manufacturer\/flexible-feeders-sw-420\/\" \/>\n<meta property=\"og:site_name\" content=\"SWOER\" \/>\n<meta property=\"article:modified_time\" content=\"2025-02-07T08:48:14+00:00\" \/>\n<meta property=\"og:image\" content=\"https:\/\/swoer.com\/wp-content\/uploads\/2024\/03\/flexible-feeders-SW-420.webp\" \/>\n\t<meta property=\"og:image:width\" content=\"1000\" \/>\n\t<meta property=\"og:image:height\" content=\"1000\" \/>\n\t<meta property=\"og:image:type\" content=\"image\/webp\" \/>\n<meta name=\"twitter:card\" content=\"summary_large_image\" \/>\n<meta name=\"twitter:label1\" content=\"Timp estimat pentru citire\" \/>\n\t<meta name=\"twitter:data1\" content=\"1 minut\" \/>\n<script type=\"application\/ld+json\" class=\"yoast-schema-graph\">{\"@context\":\"https:\/\/schema.org\",\"@graph\":[{\"@type\":\"WebPage\",\"@id\":\"https:\/\/swoer.com\/manufacturer\/flexible-feeders-sw-420\/\",\"url\":\"https:\/\/swoer.com\/manufacturer\/flexible-feeders-sw-420\/\",\"name\":\"Flexible Feeders SW-420 - SWOER\",\"isPartOf\":{\"@id\":\"https:\/\/swoer.com\/#website\"},\"primaryImageOfPage\":{\"@id\":\"https:\/\/swoer.com\/manufacturer\/flexible-feeders-sw-420\/#primaryimage\"},\"image\":{\"@id\":\"https:\/\/swoer.com\/manufacturer\/flexible-feeders-sw-420\/#primaryimage\"},\"thumbnailUrl\":\"https:\/\/swoer.com\/wp-content\/uploads\/2024\/03\/flexible-feeders-SW-420.webp\",\"datePublished\":\"2024-03-30T06:54:42+00:00\",\"dateModified\":\"2025-02-07T08:48:14+00:00\",\"description\":\"SW-420 Flexible Feeder, for sorting large, irregular materials like toy blocks, medical equipment, automotive parts, and special-shaped metal components.\",\"breadcrumb\":{\"@id\":\"https:\/\/swoer.com\/manufacturer\/flexible-feeders-sw-420\/#breadcrumb\"},\"inLanguage\":\"ro-RO\",\"potentialAction\":[{\"@type\":\"ReadAction\",\"target\":[\"https:\/\/swoer.com\/manufacturer\/flexible-feeders-sw-420\/\"]}]},{\"@type\":\"ImageObject\",\"inLanguage\":\"ro-RO\",\"@id\":\"https:\/\/swoer.com\/manufacturer\/flexible-feeders-sw-420\/#primaryimage\",\"url\":\"https:\/\/swoer.com\/wp-content\/uploads\/2024\/03\/flexible-feeders-SW-420.webp\",\"contentUrl\":\"https:\/\/swoer.com\/wp-content\/uploads\/2024\/03\/flexible-feeders-SW-420.webp\",\"width\":1000,\"height\":1000,\"caption\":\"flexible feeders SW-420\"},{\"@type\":\"BreadcrumbList\",\"@id\":\"https:\/\/swoer.com\/manufacturer\/flexible-feeders-sw-420\/#breadcrumb\",\"itemListElement\":[{\"@type\":\"ListItem\",\"position\":1,\"name\":\"Home\",\"item\":\"https:\/\/swoer.com\/\"},{\"@type\":\"ListItem\",\"position\":2,\"name\":\"Shop\",\"item\":\"https:\/\/swoer.com\/shop\/\"},{\"@type\":\"ListItem\",\"position\":3,\"name\":\"Flexible Feeders SW-420\"}]},{\"@type\":\"WebSite\",\"@id\":\"https:\/\/swoer.com\/#website\",\"url\":\"https:\/\/swoer.com\/\",\"name\":\"SWOER\",\"description\":\"Swoer is the top 3 vibratory bowl feeder manufacturer in China\",\"potentialAction\":[{\"@type\":\"SearchAction\",\"target\":{\"@type\":\"EntryPoint\",\"urlTemplate\":\"https:\/\/swoer.com\/?s={search_term_string}\"},\"query-input\":\"required name=search_term_string\"}],\"inLanguage\":\"ro-RO\"}]}<\/script>\n<!-- \/ Yoast SEO plugin. -->","yoast_head_json":{"title":"Flexible Feeders SW-420 - SWOER","description":"SW-420 Flexible Feeder, for sorting large, irregular materials like toy blocks, medical equipment, automotive parts, and special-shaped metal components.","robots":{"index":"index","follow":"follow","max-snippet":"max-snippet:-1","max-image-preview":"max-image-preview:large","max-video-preview":"max-video-preview:-1"},"canonical":"https:\/\/swoer.com\/ro\/manufacturer\/flexible-feeders-sw-420\/","og_locale":"ro_RO","og_type":"article","og_title":"Flexible Feeders SW-420 - SWOER","og_description":"SW-420 Flexible Feeder, for sorting large, irregular materials like toy blocks, medical equipment, automotive parts, and special-shaped metal components.","og_url":"https:\/\/swoer.com\/ro\/manufacturer\/flexible-feeders-sw-420\/","og_site_name":"SWOER","article_modified_time":"2025-02-07T08:48:14+00:00","og_image":[{"width":1000,"height":1000,"url":"https:\/\/swoer.com\/wp-content\/uploads\/2024\/03\/flexible-feeders-SW-420.webp","type":"image\/webp"}],"twitter_card":"summary_large_image","twitter_misc":{"Timp estimat pentru citire":"1 minut"},"schema":{"@context":"https:\/\/schema.org","@graph":[{"@type":"WebPage","@id":"https:\/\/swoer.com\/manufacturer\/flexible-feeders-sw-420\/","url":"https:\/\/swoer.com\/manufacturer\/flexible-feeders-sw-420\/","name":"Flexible Feeders SW-420 - SWOER","isPartOf":{"@id":"https:\/\/swoer.com\/#website"},"primaryImageOfPage":{"@id":"https:\/\/swoer.com\/manufacturer\/flexible-feeders-sw-420\/#primaryimage"},"image":{"@id":"https:\/\/swoer.com\/manufacturer\/flexible-feeders-sw-420\/#primaryimage"},"thumbnailUrl":"https:\/\/swoer.com\/wp-content\/uploads\/2024\/03\/flexible-feeders-SW-420.webp","datePublished":"2024-03-30T06:54:42+00:00","dateModified":"2025-02-07T08:48:14+00:00","description":"SW-420 Flexible Feeder, for sorting large, irregular materials like toy blocks, medical equipment, automotive parts, and special-shaped metal components.","breadcrumb":{"@id":"https:\/\/swoer.com\/manufacturer\/flexible-feeders-sw-420\/#breadcrumb"},"inLanguage":"ro-RO","potentialAction":[{"@type":"ReadAction","target":["https:\/\/swoer.com\/manufacturer\/flexible-feeders-sw-420\/"]}]},{"@type":"ImageObject","inLanguage":"ro-RO","@id":"https:\/\/swoer.com\/manufacturer\/flexible-feeders-sw-420\/#primaryimage","url":"https:\/\/swoer.com\/wp-content\/uploads\/2024\/03\/flexible-feeders-SW-420.webp","contentUrl":"https:\/\/swoer.com\/wp-content\/uploads\/2024\/03\/flexible-feeders-SW-420.webp","width":1000,"height":1000,"caption":"flexible feeders SW-420"},{"@type":"BreadcrumbList","@id":"https:\/\/swoer.com\/manufacturer\/flexible-feeders-sw-420\/#breadcrumb","itemListElement":[{"@type":"ListItem","position":1,"name":"Home","item":"https:\/\/swoer.com\/"},{"@type":"ListItem","position":2,"name":"Shop","item":"https:\/\/swoer.com\/shop\/"},{"@type":"ListItem","position":3,"name":"Flexible Feeders SW-420"}]},{"@type":"WebSite","@id":"https:\/\/swoer.com\/#website","url":"https:\/\/swoer.com\/","name":"SWOER","description":"Swoer is the top 3 vibratory bowl feeder manufacturer in China","potentialAction":[{"@type":"SearchAction","target":{"@type":"EntryPoint","urlTemplate":"https:\/\/swoer.com\/?s={search_term_string}"},"query-input":"required name=search_term_string"}],"inLanguage":"ro-RO"}]}},"_links":{"self":[{"href":"https:\/\/swoer.com\/ro\/wp-json\/wp\/v2\/product\/1758"}],"collection":[{"href":"https:\/\/swoer.com\/ro\/wp-json\/wp\/v2\/product"}],"about":[{"href":"https:\/\/swoer.com\/ro\/wp-json\/wp\/v2\/types\/product"}],"replies":[{"embeddable":true,"href":"https:\/\/swoer.com\/ro\/wp-json\/wp\/v2\/comments?post=1758"}],"wp:featuredmedia":[{"embeddable":true,"href":"https:\/\/swoer.com\/ro\/wp-json\/wp\/v2\/media\/1759"}],"wp:attachment":[{"href":"https:\/\/swoer.com\/ro\/wp-json\/wp\/v2\/media?parent=1758"}],"wp:term":[{"taxonomy":"product_cat","embeddable":true,"href":"https:\/\/swoer.com\/ro\/wp-json\/wp\/v2\/product_cat?post=1758"},{"taxonomy":"product_tag","embeddable":true,"href":"https:\/\/swoer.com\/ro\/wp-json\/wp\/v2\/product_tag?post=1758"}],"curies":[{"name":"wp","href":"https:\/\/api.w.org\/{rel}","templated":true}]}}