{"id":1734,"date":"2024-03-30T03:41:31","date_gmt":"2024-03-30T03:41:31","guid":{"rendered":"https:\/\/lightgrey-porpoise-816575.hostingersite.com\/?post_type=product&#038;p=1734"},"modified":"2024-08-01T14:04:40","modified_gmt":"2024-08-01T06:04:40","slug":"washer-bowl-feeder-automation","status":"publish","type":"product","link":"https:\/\/swoer.com\/ro\/manufacturer\/washer-bowl-feeder-automation\/","title":{"rendered":"Alimentator cu bol vibrator pentru sp\u0103l\u0103torie"},"content":{"rendered":"<p>La SWOER, excel\u0103m \u00een producerea sistemelor de automatizare a alimentatorului de bol. Ne adapt\u0103m sistemele pentru a se potrivi cu caracteristicile unice ale pieselor \u0219i cerin\u021bele specifice ale clien\u021bilor. Cream solu\u021bii personalizate care se integreaz\u0103 perfect \u00een procesele dumneavoastr\u0103 de produc\u021bie. Solu\u021biile noastre asigur\u0103 performan\u021b\u0103 \u0219i eficien\u021b\u0103 optime.<\/p>\n<p>Prioritizeaz\u0103 personalizarea pentru toate componentele, inclusiv pentru \u0219aibe. V\u0103 satisfacem exact nevoile, garant\u00e2nd precizie \u0219i fiabilitate.<\/p>\n<p>\u00cen plus, SWOER ofer\u0103 pre\u021buri competitive de fabric\u0103 f\u0103r\u0103 a face compromisuri la calitate. Solu\u021biile noastre rentabile v\u0103 \u00eembun\u0103t\u0103\u021besc capacit\u0103\u021bile de produc\u021bie. Av\u00e2nd SWOER ca partener, a\u0219tepta\u021bi-v\u0103 la sisteme personalizate care ofer\u0103 valoare, fiabilitate \u0219i eficien\u021b\u0103 la pre\u021buri accesibile bugetului.<\/p>\n\t<div id=\"gap-1315951454\" class=\"gap-element clearfix\" style=\"display:block; height:auto;\">\n\t\t\n<style>\n#gap-1315951454 {\n  padding-top: 30px;\n}\n<\/style>\n\t<\/div>\n\t\n<h2>Parametrul de alimentare cu bol:<\/h2>\n<table width=\"684\">\n<tbody>\n<tr>\n<td width=\"183\">numele produsului<\/td>\n<td width=\"501\">Alimentator cu bol vibrator pentru sp\u0103l\u0103torie<\/td>\n<\/tr>\n<tr>\n<td>Material<\/td>\n<td>\u00a0SUS201\/304<\/td>\n<\/tr>\n<tr>\n<td>Specialitatea materialelor<\/td>\n<td>Aliaj de forjare cu tratament la rece, rezisten\u021b\u0103 ridicat\u0103, duritate ridicat\u0103<\/td>\n<\/tr>\n<tr>\n<td>Voltaj<\/td>\n<td>220V<\/td>\n<\/tr>\n<tr>\n<td>Putere<\/td>\n<td>65 W \/ 150 W \/ 180 W \/ 220 W \/ 350 W<\/td>\n<\/tr>\n<tr>\n<td>Autentificare<\/td>\n<td>CE, ROHS, ISO9001<\/td>\n<\/tr>\n<tr>\n<td>garan\u021bie<\/td>\n<td>1 an garantie<\/td>\n<\/tr>\n<tr>\n<td>MOQ<\/td>\n<td>1 set<\/td>\n<\/tr>\n<tr>\n<td>Perioada de gra\u0163ie<\/td>\n<td>10-14 zile<\/td>\n<\/tr>\n<tr>\n<td>Termen de plata<\/td>\n<td>T\/T 40% Depozit \u0219i sold \u00eenainte de expediere<\/td>\n<\/tr>\n<tr>\n<td>Original de Place<\/td>\n<td>China<\/td>\n<\/tr>\n<\/tbody>\n<\/table>\n\t<div id=\"gap-1190614987\" class=\"gap-element clearfix\" style=\"display:block; height:auto;\">\n\t\t\n<style>\n#gap-1190614987 {\n  padding-top: 30px;\n}\n<\/style>\n\t<\/div>\n\t\n<h3>Detalii ma\u0219in\u0103 de sp\u0103lat:<\/h3>\n\t<div class=\"img has-hover x md-x lg-x y md-y lg-y\" id=\"image_1507569391\">\n\t\t\t\t\t\t\t\t<div class=\"img-inner dark\" >\n\t\t\t<img loading=\"lazy\" decoding=\"async\" width=\"800\" height=\"278\" src=\"https:\/\/swoer.com\/wp-content\/uploads\/2024\/03\/washer-detail.webp\" class=\"attachment-original size-original\" alt=\"detaliu \u0219aib\u0103\" srcset=\"https:\/\/swoer.com\/wp-content\/uploads\/2024\/03\/washer-detail.webp 800w, https:\/\/swoer.com\/wp-content\/uploads\/2024\/03\/washer-detail-300x104.webp 300w, https:\/\/swoer.com\/wp-content\/uploads\/2024\/03\/washer-detail-768x267.webp 768w, https:\/\/swoer.com\/wp-content\/uploads\/2024\/03\/washer-detail-600x209.webp 600w\" sizes=\"(max-width: 800px) 100vw, 800px\" \/>\t\t\t\t\t\t\n\t\t\t\t\t<\/div>\n\t\t\t\t\t\t\t\t\n<style>\n#image_1507569391 {\n  width: 62%;\n}\n<\/style>\n\t<\/div>\n\t\n\t<div id=\"gap-1676706133\" class=\"gap-element clearfix\" style=\"display:block; height:auto;\">\n\t\t\n<style>\n#gap-1676706133 {\n  padding-top: 30px;\n}\n<\/style>\n\t<\/div>\n\t\n<h3><strong>Beneficiile alimentatoarelor noastre cu bol de sp\u0103lat:<\/strong><\/h3>\n<ul>\n<li><strong>Eficien\u021b\u0103 crescut\u0103: <\/strong>Hr\u0103ni\u021bi mii de p\u0103r\u021bi pe or\u0103<\/li>\n<li><strong>Personalizat: <\/strong>Adaptat pentru piesele \u0219i linia dvs. de produc\u021bie specifice<\/li>\n<li><strong>De \u00eencredere:<\/strong>\u00a0Construit pentru a rezista \u0219i pentru a men\u021bine performan\u021ba constant\u0103<\/li>\n<li><strong>Livrare rapid\u0103:<\/strong>\u00a0Ob\u021bine\u021bi rapid ma\u0219ina dvs<\/li>\n<li><strong>Siguranta certificata: <\/strong>Certificat CE \u0219i UL pentru lini\u0219tea dumneavoastr\u0103<\/li>\n<\/ul>\n<p><strong>\u00a0<\/strong><\/p>\n<h3><strong>C\u0103uta\u021bi un alimentator de sp\u0103lat de \u00eencredere? <\/strong><\/h3>\n<p>SWOER ofer\u0103 alimentatoare cu boluri proiectate la comand\u0103 pentru a satisface nevoile dumneavoastr\u0103 exacte. Ma\u0219inile noastre sunt certificate CE \u0219i UL, asigur\u00e2nd siguran\u021b\u0103 \u0219i calitate.<\/p>\n<p>Echipa noastr\u0103 de ingineri cu experien\u021b\u0103 va lucra cu dumneavoastr\u0103 pentru a proiecta o solu\u021bie care s\u0103 corespund\u0103 cerin\u021belor dumneavoastr\u0103 specifice. Indiferent dac\u0103 ave\u021bi nevoie s\u0103 alimenta\u021bi ma\u0219ini de sp\u0103lat mici sau mari, avem experien\u021ba necesar\u0103 pentru a v\u0103 gestiona proiectul.<\/p>\n<p><strong>Nu a\u0219tepta\u021bi! Contacta\u021bi-ne ast\u0103zi pentru a solicita o ofert\u0103 \u0219i pentru a afla mai multe despre modul \u00een care alimentatoarele noastre cu bol de sp\u0103lat v\u0103 pot aduce beneficii afacerii.<\/strong><\/p>\n\n<div class=\"wpcf7 no-js\" id=\"wpcf7-f5-o1\" lang=\"en-US\" dir=\"ltr\">\n<div class=\"screen-reader-response\"><p role=\"status\" aria-live=\"polite\" aria-atomic=\"true\"><\/p> <ul><\/ul><\/div>\n<form action=\"\/ro\/wp-json\/wp\/v2\/product\/1734#wpcf7-f5-o1\" method=\"post\" class=\"wpcf7-form init\" aria-label=\"Formular de contact\" novalidate=\"novalidate\" data-status=\"init\" data-trp-original-action=\"\/ro\/wp-json\/wp\/v2\/product\/1734#wpcf7-f5-o1\">\n<div style=\"display: none;\">\n<input type=\"hidden\" name=\"_wpcf7\" value=\"5\" \/>\n<input type=\"hidden\" name=\"_wpcf7_version\" value=\"5.9.2\" \/>\n<input type=\"hidden\" name=\"_wpcf7_locale\" value=\"en_US\" \/>\n<input type=\"hidden\" name=\"_wpcf7_unit_tag\" value=\"wpcf7-f5-o1\" \/>\n<input type=\"hidden\" name=\"_wpcf7_container_post\" value=\"0\" \/>\n<input type=\"hidden\" name=\"_wpcf7_posted_data_hash\" value=\"\" \/>\n<\/div>\n<div class='custom_contact_style'>\n\t<p><label> Numele dumneavoastr\u0103<br \/>\n<span class=\"wpcf7-form-control-wrap\" data-name=\"your-name\"><input size=\"40\" class=\"wpcf7-form-control wpcf7-text wpcf7-validates-as-required\" autocomplete=\"name\" aria-required=\"true\" aria-invalid=\"false\" value=\"\" type=\"text\" name=\"your-name\" \/><\/span> <\/label>\n\t<\/p>\n\t<p><label> Email-ul tau<br \/>\n<span class=\"wpcf7-form-control-wrap\" data-name=\"your-email\"><input size=\"40\" class=\"wpcf7-form-control wpcf7-email wpcf7-validates-as-required wpcf7-text wpcf7-validates-as-email\" autocomplete=\"email\" aria-required=\"true\" aria-invalid=\"false\" value=\"\" type=\"email\" name=\"your-email\" \/><\/span> <\/label>\n\t<\/p>\n\t<p><label> Mesajul dvs. (op\u021bional)<br \/>\n<span class=\"wpcf7-form-control-wrap\" data-name=\"your-message\"><textarea cols=\"40\" rows=\"10\" class=\"wpcf7-form-control wpcf7-textarea\" aria-invalid=\"false\" name=\"your-message\"><\/textarea><\/span> <\/label>\n\t<\/p>\n\t<div style=\"margin-bottom:10px;\">\n\t\t<p><span class=\"wpcf7-form-control-wrap kc_captcha cf7ic-toggle\" data-name=\"kc_captcha\"><span class=\"wpcf7-form-control wpcf7-radio\"><span class=\"captcha-image\" style=\"display: none;\"><span class=\"cf7ic_instructions\">V\u0103 rug\u0103m s\u0103 dovedi\u021bi c\u0103 sunte\u021bi uman select\u00e2nd<span> tree<\/span>.<\/span><label><input aria-label=\"1\" type=\"radio\" name=\"kc_captcha\" value=\"bot\" \/><svg aria-hidden=\"true\" role=\"img\" xmlns=\"http:\/\/www.w3.org\/2000\/svg\" viewbox=\"0 0 512 512\"><path fill=\"currentColor\" d=\"M500 168h-55l-8-21a127 127 0 00-120-83H195a127 127 0 00-120 83l-8 21H12c-8 0-14 8-11 16l8 24a12 12 0 0011 8h29a64 64 0 00-33 56v48c0 16 6 31 16 42v62c0 13 11 24 24 24h48c13 0 24-11 24-24v-40h256v40c0 13 11 24 24 24h48c13 0 24-11 24-24v-62c10-11 16-26 16-42v-48c0-24-13-45-33-56h29a12 12 0 0011-8l8-24c3-8-3-16-11-16zm-365 2c9-25 33-42 60-42h122c27 0 51 17 60 42l15 38H120l15-38zM88 328a32 32 0 010-64c18 0 48 30 48 48s-30 16-48 16zm336 0c-18 0-48 2-48-16s30-48 48-48 32 14 32 32-14 32-32 32z\"\/><\/svg><\/label><label><input aria-label=\"2\" type=\"radio\" name=\"kc_captcha\" value=\"bot\" \/><svg aria-hidden=\"true\" role=\"img\" xmlns=\"http:\/\/www.w3.org\/2000\/svg\" viewbox=\"0 0 512 512\"><path fill=\"currentColor\" d=\"M512 176a176 176 0 01-209 173l-24 27a24 24 0 01-18 8h-37v40c0 13-11 24-24 24h-40v40c0 13-11 24-24 24H24c-13 0-24-11-24-24v-78c0-6 3-13 7-17l162-162a176 176 0 11343-55zm-176-48a48 48 0 1096 0 48 48 0 00-96 0z\"\/><\/svg><\/label><label><input aria-label=\"3\" type=\"radio\" name=\"kc_captcha\" value=\"kc_human\" \/><svg aria-hidden=\"true\" role=\"img\" xmlns=\"http:\/\/www.w3.org\/2000\/svg\" viewbox=\"0 0 384 512\"><path fill=\"currentColor\" d=\"M377 375l-83-87h34c21 0 32-25 17-40l-82-88h33c21 0 32-25 18-40L210 8c-10-11-26-11-36 0L70 120c-14 15-3 40 18 40h33l-82 88c-15 15-4 40 17 40h34L7 375c-15 16-4 41 17 41h120c0 33-11 49-34 68-12 9-5 28 10 28h144c15 0 22-19 10-28-20-16-34-32-34-68h120c21 0 32-25 17-41z\"\/><\/svg><\/label>\r\n    <\/span>\r\n    <span style=\"display:none\">\r\n        <input type=\"text\" name=\"kc_honeypot\">\r\n    <\/span><\/span><\/span>\n\t\t<\/p>\n\t<\/div>\n\t<p><input class=\"wpcf7-form-control wpcf7-submit has-spinner\" type=\"submit\" value=\"Trimite\" \/>\n\t<\/p>\n<\/div><div class=\"wpcf7-response-output\" aria-hidden=\"true\"><\/div>\n<input type=\"hidden\" name=\"trp-form-language\" value=\"ro\"\/><\/form>\n<\/div>","protected":false},"excerpt":{"rendered":"<p><strong>Alimenta\u021bi eficient ma\u0219inile de sp\u0103lat cu alimentatorul nostru personalizat pentru boluri.<\/strong> \u00cembun\u0103t\u0103\u021bi\u021bi-v\u0103 linia de asamblare cu solu\u021biile noastre fiabile \u0219i rapide.<\/p>\n<p>Dac\u0103 dori\u021bi s\u0103 ob\u021bine\u021bi pre\u021buri pentru alimentarea cu bol, v\u0103 rug\u0103m s\u0103 ne contacta\u021bi.<\/p>","protected":false},"featured_media":1735,"comment_status":"open","ping_status":"closed","template":"","meta":[],"product_cat":[37],"product_tag":[],"yoast_head":"<!-- This site is optimized with the Yoast SEO plugin v22.2 - https:\/\/yoast.com\/wordpress\/plugins\/seo\/ -->\n<title>Washer Vibratory Bowl Feeder | Vibro Feeder Parts for Washer<\/title>\n<meta name=\"description\" content=\"Custom high-speed vibratory bowl feeder for washer. CE &amp; UL certified for safety. Tailored solutions by our experienced team. Fast delivery guaranteed.\" \/>\n<meta name=\"robots\" content=\"index, follow, max-snippet:-1, max-image-preview:large, max-video-preview:-1\" \/>\n<link rel=\"canonical\" href=\"https:\/\/swoer.com\/ro\/manufacturer\/washer-bowl-feeder-automation\/\" \/>\n<meta property=\"og:locale\" content=\"ro_RO\" \/>\n<meta property=\"og:type\" content=\"article\" \/>\n<meta property=\"og:title\" content=\"Washer Vibratory Bowl Feeder | Vibro Feeder Parts for Washer\" \/>\n<meta property=\"og:description\" content=\"Custom high-speed vibratory bowl feeder for washer. CE &amp; UL certified for safety. Tailored solutions by our experienced team. Fast delivery guaranteed.\" \/>\n<meta property=\"og:url\" content=\"https:\/\/swoer.com\/ro\/manufacturer\/washer-bowl-feeder-automation\/\" \/>\n<meta property=\"og:site_name\" content=\"SWOER\" \/>\n<meta property=\"article:modified_time\" content=\"2024-08-01T06:04:40+00:00\" \/>\n<meta property=\"og:image\" content=\"https:\/\/swoer.com\/wp-content\/uploads\/2024\/03\/washer-bowl-feeder-automation.webp\" \/>\n\t<meta property=\"og:image:width\" content=\"1000\" \/>\n\t<meta property=\"og:image:height\" content=\"1000\" \/>\n\t<meta property=\"og:image:type\" content=\"image\/webp\" \/>\n<meta name=\"twitter:card\" content=\"summary_large_image\" \/>\n<meta name=\"twitter:label1\" content=\"Timp estimat pentru citire\" \/>\n\t<meta name=\"twitter:data1\" content=\"2 minute\" \/>\n<script type=\"application\/ld+json\" class=\"yoast-schema-graph\">{\"@context\":\"https:\/\/schema.org\",\"@graph\":[{\"@type\":\"WebPage\",\"@id\":\"https:\/\/swoer.com\/manufacturer\/washer-bowl-feeder-automation\/\",\"url\":\"https:\/\/swoer.com\/manufacturer\/washer-bowl-feeder-automation\/\",\"name\":\"Washer Vibratory Bowl Feeder | Vibro Feeder Parts for Washer\",\"isPartOf\":{\"@id\":\"https:\/\/swoer.com\/#website\"},\"primaryImageOfPage\":{\"@id\":\"https:\/\/swoer.com\/manufacturer\/washer-bowl-feeder-automation\/#primaryimage\"},\"image\":{\"@id\":\"https:\/\/swoer.com\/manufacturer\/washer-bowl-feeder-automation\/#primaryimage\"},\"thumbnailUrl\":\"https:\/\/swoer.com\/wp-content\/uploads\/2024\/03\/washer-bowl-feeder-automation.webp\",\"datePublished\":\"2024-03-30T03:41:31+00:00\",\"dateModified\":\"2024-08-01T06:04:40+00:00\",\"description\":\"Custom high-speed vibratory bowl feeder for washer. CE & UL certified for safety. Tailored solutions by our experienced team. Fast delivery guaranteed.\",\"breadcrumb\":{\"@id\":\"https:\/\/swoer.com\/manufacturer\/washer-bowl-feeder-automation\/#breadcrumb\"},\"inLanguage\":\"ro-RO\",\"potentialAction\":[{\"@type\":\"ReadAction\",\"target\":[\"https:\/\/swoer.com\/manufacturer\/washer-bowl-feeder-automation\/\"]}]},{\"@type\":\"ImageObject\",\"inLanguage\":\"ro-RO\",\"@id\":\"https:\/\/swoer.com\/manufacturer\/washer-bowl-feeder-automation\/#primaryimage\",\"url\":\"https:\/\/swoer.com\/wp-content\/uploads\/2024\/03\/washer-bowl-feeder-automation.webp\",\"contentUrl\":\"https:\/\/swoer.com\/wp-content\/uploads\/2024\/03\/washer-bowl-feeder-automation.webp\",\"width\":1000,\"height\":1000,\"caption\":\"washer bowl feeder automation\"},{\"@type\":\"BreadcrumbList\",\"@id\":\"https:\/\/swoer.com\/manufacturer\/washer-bowl-feeder-automation\/#breadcrumb\",\"itemListElement\":[{\"@type\":\"ListItem\",\"position\":1,\"name\":\"Home\",\"item\":\"https:\/\/swoer.com\/\"},{\"@type\":\"ListItem\",\"position\":2,\"name\":\"Shop\",\"item\":\"https:\/\/swoer.com\/shop\/\"},{\"@type\":\"ListItem\",\"position\":3,\"name\":\"Washer Vibratory Bowl Feeder\"}]},{\"@type\":\"WebSite\",\"@id\":\"https:\/\/swoer.com\/#website\",\"url\":\"https:\/\/swoer.com\/\",\"name\":\"SWOER\",\"description\":\"Swoer is the top 3 vibratory bowl feeder manufacturer in China\",\"potentialAction\":[{\"@type\":\"SearchAction\",\"target\":{\"@type\":\"EntryPoint\",\"urlTemplate\":\"https:\/\/swoer.com\/?s={search_term_string}\"},\"query-input\":\"required name=search_term_string\"}],\"inLanguage\":\"ro-RO\"}]}<\/script>\n<!-- \/ Yoast SEO plugin. -->","yoast_head_json":{"title":"Washer Vibratory Bowl Feeder | Vibro Feeder Parts for Washer","description":"Custom high-speed vibratory bowl feeder for washer. CE & UL certified for safety. Tailored solutions by our experienced team. Fast delivery guaranteed.","robots":{"index":"index","follow":"follow","max-snippet":"max-snippet:-1","max-image-preview":"max-image-preview:large","max-video-preview":"max-video-preview:-1"},"canonical":"https:\/\/swoer.com\/ro\/manufacturer\/washer-bowl-feeder-automation\/","og_locale":"ro_RO","og_type":"article","og_title":"Washer Vibratory Bowl Feeder | Vibro Feeder Parts for Washer","og_description":"Custom high-speed vibratory bowl feeder for washer. CE & UL certified for safety. Tailored solutions by our experienced team. Fast delivery guaranteed.","og_url":"https:\/\/swoer.com\/ro\/manufacturer\/washer-bowl-feeder-automation\/","og_site_name":"SWOER","article_modified_time":"2024-08-01T06:04:40+00:00","og_image":[{"width":1000,"height":1000,"url":"https:\/\/swoer.com\/wp-content\/uploads\/2024\/03\/washer-bowl-feeder-automation.webp","type":"image\/webp"}],"twitter_card":"summary_large_image","twitter_misc":{"Timp estimat pentru citire":"2 minute"},"schema":{"@context":"https:\/\/schema.org","@graph":[{"@type":"WebPage","@id":"https:\/\/swoer.com\/manufacturer\/washer-bowl-feeder-automation\/","url":"https:\/\/swoer.com\/manufacturer\/washer-bowl-feeder-automation\/","name":"Washer Vibratory Bowl Feeder | Vibro Feeder Parts for Washer","isPartOf":{"@id":"https:\/\/swoer.com\/#website"},"primaryImageOfPage":{"@id":"https:\/\/swoer.com\/manufacturer\/washer-bowl-feeder-automation\/#primaryimage"},"image":{"@id":"https:\/\/swoer.com\/manufacturer\/washer-bowl-feeder-automation\/#primaryimage"},"thumbnailUrl":"https:\/\/swoer.com\/wp-content\/uploads\/2024\/03\/washer-bowl-feeder-automation.webp","datePublished":"2024-03-30T03:41:31+00:00","dateModified":"2024-08-01T06:04:40+00:00","description":"Custom high-speed vibratory bowl feeder for washer. CE & UL certified for safety. Tailored solutions by our experienced team. Fast delivery guaranteed.","breadcrumb":{"@id":"https:\/\/swoer.com\/manufacturer\/washer-bowl-feeder-automation\/#breadcrumb"},"inLanguage":"ro-RO","potentialAction":[{"@type":"ReadAction","target":["https:\/\/swoer.com\/manufacturer\/washer-bowl-feeder-automation\/"]}]},{"@type":"ImageObject","inLanguage":"ro-RO","@id":"https:\/\/swoer.com\/manufacturer\/washer-bowl-feeder-automation\/#primaryimage","url":"https:\/\/swoer.com\/wp-content\/uploads\/2024\/03\/washer-bowl-feeder-automation.webp","contentUrl":"https:\/\/swoer.com\/wp-content\/uploads\/2024\/03\/washer-bowl-feeder-automation.webp","width":1000,"height":1000,"caption":"washer bowl feeder automation"},{"@type":"BreadcrumbList","@id":"https:\/\/swoer.com\/manufacturer\/washer-bowl-feeder-automation\/#breadcrumb","itemListElement":[{"@type":"ListItem","position":1,"name":"Home","item":"https:\/\/swoer.com\/"},{"@type":"ListItem","position":2,"name":"Shop","item":"https:\/\/swoer.com\/shop\/"},{"@type":"ListItem","position":3,"name":"Washer Vibratory Bowl Feeder"}]},{"@type":"WebSite","@id":"https:\/\/swoer.com\/#website","url":"https:\/\/swoer.com\/","name":"SWOER","description":"Swoer is the top 3 vibratory bowl feeder manufacturer in China","potentialAction":[{"@type":"SearchAction","target":{"@type":"EntryPoint","urlTemplate":"https:\/\/swoer.com\/?s={search_term_string}"},"query-input":"required name=search_term_string"}],"inLanguage":"ro-RO"}]}},"_links":{"self":[{"href":"https:\/\/swoer.com\/ro\/wp-json\/wp\/v2\/product\/1734"}],"collection":[{"href":"https:\/\/swoer.com\/ro\/wp-json\/wp\/v2\/product"}],"about":[{"href":"https:\/\/swoer.com\/ro\/wp-json\/wp\/v2\/types\/product"}],"replies":[{"embeddable":true,"href":"https:\/\/swoer.com\/ro\/wp-json\/wp\/v2\/comments?post=1734"}],"wp:featuredmedia":[{"embeddable":true,"href":"https:\/\/swoer.com\/ro\/wp-json\/wp\/v2\/media\/1735"}],"wp:attachment":[{"href":"https:\/\/swoer.com\/ro\/wp-json\/wp\/v2\/media?parent=1734"}],"wp:term":[{"taxonomy":"product_cat","embeddable":true,"href":"https:\/\/swoer.com\/ro\/wp-json\/wp\/v2\/product_cat?post=1734"},{"taxonomy":"product_tag","embeddable":true,"href":"https:\/\/swoer.com\/ro\/wp-json\/wp\/v2\/product_tag?post=1734"}],"curies":[{"name":"wp","href":"https:\/\/api.w.org\/{rel}","templated":true}]}}