{"id":1823,"date":"2024-04-02T07:05:58","date_gmt":"2024-04-02T07:05:58","guid":{"rendered":"https:\/\/lightgrey-porpoise-816575.hostingersite.com\/?page_id=1823"},"modified":"2024-12-02T17:21:30","modified_gmt":"2024-12-02T09:21:30","slug":"automatic-rivet-machine","status":"publish","type":"page","link":"https:\/\/swoer.com\/ro\/automatic-rivet-machine\/","title":{"rendered":"Ma\u0219in\u0103 de alimentare automat\u0103 cu \u0219urub"},"content":{"rendered":"<section class=\"section\" id=\"section_1686178388\">\n\t\t<div class=\"bg section-bg fill bg-fill  bg-loaded\" >\n\n\t\t\t\n\t\t\t\n\t\t\t\n\t<div class=\"is-border\"\n\t\tstyle=\"border-color:rgb(235, 235, 235);border-width:1px 0px 0px 0px;\">\n\t<\/div>\n\n\t\t<\/div>\n\n\t\t\n\n\t\t<div class=\"section-content relative\">\n\t\t\t\n<div class=\"row row-large align-middle align-center\"  id=\"row-1298169148\">\n\n\t<div id=\"col-747843237\" class=\"col medium-6 small-12 large-6\"  >\n\t\t\t\t<div class=\"col-inner text-center\"  >\n\t\t\t\n\t\t\t\n<h2><strong><b>Producator de alimentatoare automate cu surub<\/b><\/strong><\/h2>\n<p style=\"text-align: left;\">Specializat\u0103 \u00een industria de nituire \u0219i fixare de peste un deceniu, SWOER este un nume de \u00eencredere \u00een solu\u021biile de prindere automat\u0103.<\/p>\n<p style=\"text-align: left;\">Alimentatoarele automate cu \u0219urub SWOER, proiectate de CN SWOER CO., LTD, au revolu\u021bionat procesul de nituire prin manipularea automat\u0103 a niturilor. Folosirea acestei tehnologii poate economisi costurile cu for\u021ba de munc\u0103 ale companiei cu mai mult de 30%.<\/p>\n<p style=\"text-align: left;\">Disting\u00e2ndu-se de pistoalele de nituri automate standard, ma\u0219ina SWOER ofer\u0103 o solu\u021bie complet automatizat\u0103. S-au dus vremurile \u00eenc\u0103rc\u0103rii manuale a niturilor sau control\u00e2nd pozi\u021bia duzei; ma\u0219ina noastr\u0103 se ocup\u0103 de toate. Folosind aer comprimat, transport\u0103 f\u0103r\u0103 efort niturile la duz\u0103 printr-o conduct\u0103. Cu ma\u0219ina automat\u0103 de nituri SWOER, tragerea manual\u0103 a niturilor devine un lucru din trecut, inaugur\u00e2nd o nou\u0103 er\u0103 a automatiz\u0103rii \u00een industria de fixare.<\/p>\n\t\t<\/div>\n\t\t\t\t\t<\/div>\n\n\t\n\n\t<div id=\"col-898492344\" class=\"col medium-6 small-12 large-6\"  >\n\t\t\t\t<div class=\"col-inner box-shadow-2 box-shadow-5-hover\" style=\"background-color:rgb(255, 255, 255);\" >\n\t\t\t\n\t\t\t\n\t<div class=\"img has-hover x md-x lg-x y md-y lg-y\" id=\"image_636304606\">\n\t\t\t\t\t\t\t\t<div class=\"img-inner image-cover dark\" style=\"padding-top:75%;\">\n\t\t\t<img loading=\"lazy\" decoding=\"async\" width=\"554\" height=\"412\" src=\"https:\/\/swoer.com\/wp-content\/uploads\/2024\/04\/automatic-rivet-guns.webp\" class=\"attachment-original size-original\" alt=\"pistoale automate cu nituri\" srcset=\"https:\/\/swoer.com\/wp-content\/uploads\/2024\/04\/automatic-rivet-guns.webp 554w, https:\/\/swoer.com\/wp-content\/uploads\/2024\/04\/automatic-rivet-guns-300x223.webp 300w\" sizes=\"(max-width: 554px) 100vw, 554px\" \/>\t\t\t\t\t\t\n\t\t\t\t\t<\/div>\n\t\t\t\t\t\t\t\t\n<style>\n#image_636304606 {\n  width: 100%;\n}\n<\/style>\n\t<\/div>\n\t\n<a href=\"https:\/\/swoer.com\/ro\/contact\/\" target=\"_self\" class=\"button primary\"  style=\"border-radius:99px;\">\n    <span>Contacta\u0163i-ne<\/span>\n  <\/a>\n\n\t\t<\/div>\n\t\t\t\t\n<style>\n#col-898492344 > .col-inner {\n  padding: 15px 15px 15px 15px;\n}\n<\/style>\n\t<\/div>\n\n\t\n<\/div>\n\t\t<\/div>\n\n\t\t\n<style>\n#section_1686178388 {\n  padding-top: 59px;\n  padding-bottom: 59px;\n  min-height: 300px;\n  background-color: rgb(228, 228, 228);\n}\n#section_1686178388 .ux-shape-divider--top svg {\n  height: 150px;\n  --divider-top-width: 100%;\n}\n#section_1686178388 .ux-shape-divider--bottom svg {\n  height: 150px;\n  --divider-width: 100%;\n}\n<\/style>\n\t<\/section>\n\t\n\t<section class=\"section\" id=\"section_343077469\">\n\t\t<div class=\"bg section-bg fill bg-fill  bg-loaded\" >\n\n\t\t\t\n\t\t\t\n\t\t\t\n\n\t\t<\/div>\n\n\t\t\n\n\t\t<div class=\"section-content relative\">\n\t\t\t\n<h2 style=\"text-align: center;\"><strong><b>Ma\u0219in\u0103 de alimentare automat\u0103 cu \u0219urub <\/b><\/strong><strong><b>P<\/b><\/strong><strong><b>duct <\/b><\/strong><strong><b>C<\/b><\/strong><strong><b>opozi\u021bie<\/b><\/strong><\/h2>\n<p style=\"text-align: center;\">Ma\u0219ina de alimentare cu \u0219urub automat SWOER este compus\u0103 dintr-o ma\u0219in\u0103 gazd\u0103 \u0219i un ansamblu de mitralier\u0103 de nituit.<\/p>\n<div class=\"row\"  id=\"row-1497483020\">\n\n\t<div id=\"col-1392925867\" class=\"col medium-6 small-12 large-6\"  >\n\t\t\t\t<div class=\"col-inner\"  >\n\t\t\t\n\t\t\t\n\t<div class=\"img has-hover x md-x lg-x y md-y lg-y\" id=\"image_1588369143\">\n\t\t\t\t\t\t\t\t<div class=\"img-inner dark\" >\n\t\t\t<img loading=\"lazy\" decoding=\"async\" width=\"554\" height=\"275\" src=\"https:\/\/swoer.com\/wp-content\/uploads\/2024\/04\/automatic-rivet-machine.webp\" class=\"attachment-original size-original\" alt=\"ma\u0219in\u0103 automat\u0103 de nituri\" srcset=\"https:\/\/swoer.com\/wp-content\/uploads\/2024\/04\/automatic-rivet-machine.webp 554w, https:\/\/swoer.com\/wp-content\/uploads\/2024\/04\/automatic-rivet-machine-300x149.webp 300w\" sizes=\"(max-width: 554px) 100vw, 554px\" \/>\t\t\t\t\t\t\n\t\t\t\t\t<\/div>\n\t\t\t\t\t\t\t\t\n<style>\n#image_1588369143 {\n  width: 98%;\n}\n<\/style>\n\t<\/div>\n\t\n<p><strong>Calculatorul gazd\u0103 include sistemul de mi\u0219care a ma\u0219inii, sistemul de control al ma\u0219inii \u0219i sistemul de detectare.<\/strong><\/p>\n<p>Func\u021bia sistemului de mi\u0219care a ma\u0219inii este de a organiza niturile de la aranjarea dezordonat\u0103 p\u00e2n\u0103 la separarea \u00een succesiune \u0219i de a livra niturile la duza pistolului de nituri unul c\u00e2te unul \u00eentr-o anumit\u0103 direc\u021bie; sistemul de control al ma\u0219inii este de a controla ac\u021biunile setate ale fiec\u0103rei componente a ma\u0219inii. Opera\u021biune; sistemul de detectare este s\u0103 detecteze dac\u0103 ma\u0219ina func\u021bioneaz\u0103 stabil conform programului setat.<\/p>\n\t\t<\/div>\n\t\t\t\t\t<\/div>\n\n\t\n\n\t<div id=\"col-521849830\" class=\"col medium-6 small-12 large-6\"  >\n\t\t\t\t<div class=\"col-inner\"  >\n\t\t\t\n\t\t\t\n\t<div class=\"img has-hover x md-x lg-x y md-y lg-y\" id=\"image_1501663071\">\n\t\t\t\t\t\t\t\t<div class=\"img-inner dark\" >\n\t\t\t<img loading=\"lazy\" decoding=\"async\" width=\"554\" height=\"275\" src=\"https:\/\/swoer.com\/wp-content\/uploads\/2024\/04\/Automatic-nail-pulling-machine-factory-line.webp\" class=\"attachment-original size-original\" alt=\"Linie de fabric\u0103 de ma\u0219ini automate de smuls unghiilor\" srcset=\"https:\/\/swoer.com\/wp-content\/uploads\/2024\/04\/Automatic-nail-pulling-machine-factory-line.webp 554w, https:\/\/swoer.com\/wp-content\/uploads\/2024\/04\/Automatic-nail-pulling-machine-factory-line-300x149.webp 300w\" sizes=\"(max-width: 554px) 100vw, 554px\" \/>\t\t\t\t\t\t\n\t\t\t\t\t<\/div>\n\t\t\t\t\t\t\t\t\n<style>\n#image_1501663071 {\n  width: 100%;\n}\n<\/style>\n\t<\/div>\n\t\n<p><strong>Ansamblul pistolului cu nituri este compus dintr-un pistol cu nituri, un mecanism de primire a niturilor \u0219i un mecanism de colectare \u0219i ie\u0219ire a semnalului.<\/strong><\/p>\n<p>Pistolul de nituire este crucial pentru nituire, fie manuala sau automata. Controlat de computerul gazd\u0103, mecanismul de primire a niturilor \u00eencarc\u0103 niturile din conduct\u0103 \u00een duza de nituri, o tehnologie de baz\u0103 a ma\u0219inii automate de nituri. \u00cen plus, mecanismul de colectare \u0219i ie\u0219ire a semnalului porne\u0219te func\u021bionarea ma\u0219inii prin colectarea \u0219i emiterea semnalelor.<\/p>\n\t\t<\/div>\n\t\t\t\t\t<\/div>\n\n\t\n<\/div>\n\t\t<\/div>\n\n\t\t\n<style>\n#section_343077469 {\n  padding-top: 30px;\n  padding-bottom: 30px;\n}\n#section_343077469 .ux-shape-divider--top svg {\n  height: 150px;\n  --divider-top-width: 100%;\n}\n#section_343077469 .ux-shape-divider--bottom svg {\n  height: 150px;\n  --divider-width: 100%;\n}\n<\/style>\n\t<\/section>\n\t\n\t<section class=\"section\" id=\"section_359702858\">\n\t\t<div class=\"bg section-bg fill bg-fill  bg-loaded\" >\n\n\t\t\t\n\t\t\t\n\t\t\t\n\n\t\t<\/div>\n\n\t\t\n\n\t\t<div class=\"section-content relative\">\n\t\t\t\n<h2 style=\"text-align: center;\"><strong><b>Auto <\/b><\/strong><strong><b>Nituire <\/b><\/strong><strong><b>M<\/b><\/strong><strong><b>achine<\/b><\/strong><strong><b>\u00a0S<\/b><\/strong><strong><b>specificatii<\/b><\/strong><\/h2>\n<table>\n<tbody>\n<tr>\n<td width=\"85\">Specifica\u021bie<\/td>\n<td width=\"89\">Dimensiune<\/p>\n<p>(mm)<\/td>\n<td width=\"67\">Voltaj<\/td>\n<td width=\"62\">Presiunea aerului de lucru<\/td>\n<td width=\"54\">Greutate<\/td>\n<td width=\"77\">Viteza de alimentare cu unghii (granule\/min)<\/td>\n<td width=\"85\">Specifica\u021bia maxim\u0103 a unghiilor<\/td>\n<td width=\"45\">Zgomot (dB)<\/td>\n<\/tr>\n<tr>\n<td width=\"85\">SW-MDJ-240<\/td>\n<td width=\"89\">440*350*420<\/td>\n<td width=\"67\">220<\/td>\n<td width=\"62\">3.2<\/td>\n<td width=\"54\">40<\/td>\n<td width=\"77\">40-60<\/td>\n<td width=\"85\">3,4\u2264d\uff1c3<\/td>\n<td width=\"45\">40<\/td>\n<\/tr>\n<tr>\n<td width=\"85\">SW-MDJ-300<\/td>\n<td width=\"89\">440*350*420<\/td>\n<td width=\"67\">220<\/td>\n<td width=\"62\">3.4<\/td>\n<td width=\"54\">46<\/td>\n<td width=\"77\">40-55<\/td>\n<td width=\"85\">3\u2264d\u22643,2<\/td>\n<td width=\"45\">40<\/td>\n<\/tr>\n<tr>\n<td width=\"85\">SW-MDJ-320<\/td>\n<td width=\"89\">440*350*420<\/td>\n<td width=\"67\">220<\/td>\n<td width=\"62\">3.6<\/td>\n<td width=\"54\">50<\/td>\n<td width=\"77\">40-50<\/td>\n<td width=\"85\">3,2\u2264d\uff1c3,7<\/td>\n<td width=\"45\">40<\/td>\n<\/tr>\n<tr>\n<td width=\"85\">SW-MDJ-400<\/td>\n<td width=\"89\">440*350*420<\/td>\n<td width=\"67\">220<\/td>\n<td width=\"62\">3.8<\/td>\n<td width=\"54\">56<\/td>\n<td width=\"77\">40<\/td>\n<td width=\"85\">3,7\u2264d\u22644,4<\/td>\n<td width=\"45\">40<\/td>\n<\/tr>\n<tr>\n<td width=\"85\">SW-MDJ-480<\/td>\n<td width=\"89\">440*350*420<\/td>\n<td width=\"67\">220<\/td>\n<td width=\"62\">4<\/td>\n<td width=\"54\">58<\/td>\n<td width=\"77\">35-40<\/td>\n<td width=\"85\">4,5\u2264d\u22645,0<\/td>\n<td width=\"45\">40<\/td>\n<\/tr>\n<\/tbody>\n<\/table>\n<p><strong><b>Not\u0103:<\/b><\/strong>\u00a0Modelul specific trebuie determinat \u00een func\u021bie de specifica\u021biile actuale ale niturilor. Acest tabel este doar pentru referin\u021b\u0103.<\/p>\n\t\t<\/div>\n\n\t\t\n<style>\n#section_359702858 {\n  padding-top: 30px;\n  padding-bottom: 30px;\n}\n#section_359702858 .ux-shape-divider--top svg {\n  height: 150px;\n  --divider-top-width: 100%;\n}\n#section_359702858 .ux-shape-divider--bottom svg {\n  height: 150px;\n  --divider-width: 100%;\n}\n<\/style>\n\t<\/section>\n\t\n\t<section class=\"section\" id=\"section_1406112996\">\n\t\t<div class=\"bg section-bg fill bg-fill  bg-loaded\" >\n\n\t\t\t\n\t\t\t\n\t\t\t\n\n\t\t<\/div>\n\n\t\t\n\n\t\t<div class=\"section-content relative\">\n\t\t\t\n<h2 style=\"text-align: center;\"><strong><b>JUMAT\u0102 <\/b><\/strong><strong><b>R<\/b><\/strong><strong><b>ivet<\/b><\/strong><strong><b>ing<\/b><\/strong><strong><b>\u00a0<\/b><\/strong><strong><b>M<\/b><\/strong><strong><b>achine <\/b><\/strong><strong><b>W<\/b><\/strong><strong><b>orking <\/b><\/strong><strong><b>P<\/b><\/strong><strong><b>principiul \u015fi <\/b><\/strong><strong><b>F<\/b><\/strong><strong><b>ungere<\/b><\/strong><\/h2>\n<h3><strong><b>Principiu:<\/b><\/strong><\/h3>\n<p>Niturile sunt aspirate \u00een duza pistolului de nituri baz\u00e2ndu-se pe presiunea negativ\u0103 din duza pistolului de nituri; ma\u0219ina automat\u0103 de nituri SWOER este o versiune automat\u0103 a pistolului de nituri automat.<\/p>\n<p>Se bazeaz\u0103 pe o ma\u0219in\u0103 pentru a aranja \u0219i separa automat niturile \u0219i folose\u0219te aer comprimat ca putere pentru a transporta automat niturile la duza pistolului de nituri prin \u021bevi.<\/p>\n<h3><strong><b>Func\u0163ie:<\/b><\/strong><\/h3>\n<p>Cu ma\u0219ina automat\u0103 de smuls unghiile SWOER, pot fi realizate sarcini dificile care se bazeaz\u0103 \u00een mare m\u0103sur\u0103 pe m\u00e2inile muncitorilor califica\u021bi<\/p>\n<p>Opera\u021biunile manuale de tragere a cuielor pot fi actualizate la opera\u021biuni automate sau f\u0103r\u0103 echipaj.<\/p>\n<h3><strong><b>Efect:<\/b><\/strong><\/h3>\n<ol>\n<li><strong><b> Salva\u021bi lucr\u0103torii \u0219i u\u0219ura\u021bi gestionarea<\/b><\/strong><\/li>\n<\/ol>\n<p>Viteza de trage de unghii este rapid\u0103, o persoan\u0103 poate face treaba a dou\u0103 persoane \u0219i sunt mai pu\u021bini lucr\u0103tori, ceea ce reduce costurile de management sau salariile.<\/p>\n<ol start=\"2\">\n<li><strong><b> Eficien\u021b\u0103 ridicat\u0103 \u0219i economie de costuri<\/b><\/strong><\/li>\n<\/ol>\n<p>Nu este nevoie s\u0103 scoate\u021bi niturile manual, economisind timp la cuie. Produc\u021bia este crescut\u0103 \u00een compara\u021bie cu originalul, produc\u021bia zilnic\u0103 este finalizat\u0103 \u00eenainte de program \u0219i volumul de produc\u021bie este redus. Nu mai sunt ore suplimentare \u00een timpul orelor de lucru pe termen scurt.<\/p>\n<ol start=\"3\">\n<li><strong><b> Super curat \u0219i de bun\u0103 calitate<\/b><\/strong><\/li>\n<\/ol>\n<p>Nitul este trimis automat la duza pistolului, nu este nevoie s\u0103-l lua\u021bi manual, reduc\u00e2nd poluarea secundar\u0103; \u021aine\u021bi produsul cu m\u00e2na st\u00e2ng\u0103, nu trebuie s\u0103 v\u0103 face\u021bi griji. Pozi\u021biile g\u0103urilor sunt inegale, ceea ce duce la o produc\u021bie redus\u0103 sau o reluare secundar\u0103.<\/p>\n<ol start=\"4\">\n<li><strong><b> Nu este nevoie s\u0103-l iei cu m\u00e2na, mai u\u0219or<\/b><\/strong><\/li>\n<\/ol>\n<p>M\u00e2na st\u00e2ng\u0103 nu trebuie s\u0103 lucreze \u0219i poate \u021bine produsul, ceea ce reduce foarte mult intensitatea muncii lucr\u0103torilor.<\/p>\n<ol start=\"5\">\n<li><strong><b> Nu trebuie s\u0103 fii experimentat, u\u0219or de \u00eenv\u0103\u021bat<\/b><\/strong><\/li>\n<\/ol>\n<p>Poate fi operat at\u00e2t de c\u0103tre m\u00e2ini cu experien\u021b\u0103, c\u00e2t \u0219i cu experien\u021b\u0103 \u0219i nu este necesar\u0103 preg\u0103tire. Pot \u00eencepe s\u0103 lucreze imediat; nu este nevoie s\u0103 v\u0103 face\u021bi griji cu privire la pierderea produc\u021biei de c\u0103tre m\u00e2inile cu experien\u021b\u0103.<\/p>\n\t\t<\/div>\n\n\t\t\n<style>\n#section_1406112996 {\n  padding-top: 30px;\n  padding-bottom: 30px;\n}\n#section_1406112996 .ux-shape-divider--top svg {\n  height: 150px;\n  --divider-top-width: 100%;\n}\n#section_1406112996 .ux-shape-divider--bottom svg {\n  height: 150px;\n  --divider-width: 100%;\n}\n<\/style>\n\t<\/section>\n\t\n\t<section class=\"section\" id=\"section_1022900362\">\n\t\t<div class=\"bg section-bg fill bg-fill  bg-loaded\" >\n\n\t\t\t\n\t\t\t\n\t\t\t\n\n\t\t<\/div>\n\n\t\t\n\n\t\t<div class=\"section-content relative\">\n\t\t\t\n<h2 style=\"text-align: center;\"><strong><b>Scopul <\/b><\/strong><strong><b>A<\/b><\/strong><strong><b>aplicarea de <\/b><\/strong><strong><b>Unghia<\/b><\/strong><\/h2>\n\t<div class=\"img has-hover x md-x lg-x y md-y lg-y\" id=\"image_1427087103\">\n\t\t\t\t\t\t\t\t<div class=\"img-inner dark\" >\n\t\t\t<img loading=\"lazy\" decoding=\"async\" width=\"553\" height=\"156\" src=\"https:\/\/swoer.com\/wp-content\/uploads\/2024\/04\/Scope-of-Application-of-The-Nail.webp\" class=\"attachment-original size-original\" alt=\"Domeniul de aplicare al cuiului\" srcset=\"https:\/\/swoer.com\/wp-content\/uploads\/2024\/04\/Scope-of-Application-of-The-Nail.webp 553w, https:\/\/swoer.com\/wp-content\/uploads\/2024\/04\/Scope-of-Application-of-The-Nail-300x85.webp 300w\" sizes=\"(max-width: 553px) 100vw, 553px\" \/>\t\t\t\t\t\t\n\t\t\t\t\t<\/div>\n\t\t\t\t\t\t\t\t\n<style>\n#image_1427087103 {\n  width: 100%;\n}\n<\/style>\n\t<\/div>\n\t\n<table>\n<tbody>\n<tr>\n<td colspan=\"3\" width=\"568\">\n<h4 style=\"text-align: center;\"><strong>Domeniu de aplicare a nitului (unitate: mm)<\/strong><\/h4>\n<\/td>\n<\/tr>\n<tr>\n<td width=\"189\">Nume Cod<\/td>\n<td width=\"189\">Dimensiune min<\/td>\n<td width=\"189\">Dimensiune maxim\u0103<\/td>\n<\/tr>\n<tr>\n<td width=\"189\">Diametrul tubului de nit A<\/td>\n<td width=\"189\">2.4<\/td>\n<td width=\"189\">4.8<\/td>\n<\/tr>\n<tr>\n<td width=\"189\">Lungimea tubului cu nit B<\/td>\n<td width=\"189\">2<\/td>\n<td width=\"189\">15<\/td>\n<\/tr>\n<tr>\n<td width=\"189\">Diametrul borului p\u0103l\u0103riei C<\/td>\n<td width=\"189\">4<\/td>\n<td width=\"189\">9.5<\/td>\n<\/tr>\n<tr>\n<td width=\"189\">Trage\u021bi diametrul miezului D<\/td>\n<td width=\"189\">1.4<\/td>\n<td width=\"189\">3<\/td>\n<\/tr>\n<tr>\n<td width=\"189\">Trage\u021bi lungimea miezului E<\/td>\n<td width=\"189\">24<\/td>\n<td width=\"189\">36<\/td>\n<\/tr>\n<tr>\n<td width=\"189\">Lungimea total\u0103 a nitului F<\/td>\n<td width=\"189\">28<\/td>\n<td width=\"189\">48<\/td>\n<\/tr>\n<\/tbody>\n<\/table>\n<p><strong><b>Not\u0103:<\/b><\/strong><\/p>\n<ol>\n<li>Dimensiunile exterioare ale niturilor trebuie s\u0103 \u00eendeplineasc\u0103 acest interval.<\/li>\n<li>C\u00e2teva nituri speciale: c\u00e2nd lungimea tubului de nituire este mai mare de 13 mm, lungimea miezului trebuie s\u0103 fie mai mare de 28 mm; c\u00e2nd lungimea tubului de nituire este egal\u0103 cu 17 mm, lungimea miezului nu trebuie s\u0103 fie mai mic\u0103 de 26 mm.<\/li>\n<li>Cerin\u021be tip nit: Niturile din o\u021bel inoxidabil necesit\u0103 puritate sc\u0103zut\u0103, \u00een timp ce alte nituri, cum ar fi cuiele din fier \u0219i cuiele din o\u021bel, nu au cerin\u021be.<\/li>\n<\/ol>\n\t\t<\/div>\n\n\t\t\n<style>\n#section_1022900362 {\n  padding-top: 30px;\n  padding-bottom: 30px;\n}\n#section_1022900362 .ux-shape-divider--top svg {\n  height: 150px;\n  --divider-top-width: 100%;\n}\n#section_1022900362 .ux-shape-divider--bottom svg {\n  height: 150px;\n  --divider-width: 100%;\n}\n<\/style>\n\t<\/section>\n\t\n\t<section class=\"section\" id=\"section_439500930\">\n\t\t<div class=\"bg section-bg fill bg-fill  bg-loaded\" >\n\n\t\t\t\n\t\t\t\n\t\t\t\n\n\t\t<\/div>\n\n\t\t\n\n\t\t<div class=\"section-content relative\">\n\t\t\t\n<h2 style=\"text-align: center;\"><strong><b>C\u00e2mp de aplicare<\/b><\/strong><\/h2>\n<p>Ma\u0219ina automat\u0103 de nituit SWOER este potrivit\u0103 pentru opera\u021biunile de nituire de conectare a dou\u0103 sau mai multe straturi de panouri de diferite materiale \u0219i grosimi prin nituri. Este utilizat pe scar\u0103 larg\u0103 \u00een \u0219asiu, dulapuri, iluminat, automobile, nave, avioane, aparate electrocasnice mici, opera\u021biuni de tragere a cuielor \u00een servere, cuptoare electrice, cuptoare cu microunde, ambalaje de b\u0103uturi alcoolice \u0219i alte industrii.<\/p>\n\t<div class=\"img has-hover x md-x lg-x y md-y lg-y\" id=\"image_1820230358\">\n\t\t\t\t\t\t\t\t<div class=\"img-inner dark\" >\n\t\t\t<img loading=\"lazy\" decoding=\"async\" width=\"553\" height=\"212\" src=\"https:\/\/swoer.com\/wp-content\/uploads\/2024\/04\/automatic-riveting-machine-application-field.webp\" class=\"attachment-original size-original\" alt=\"domeniul de aplicare al ma\u0219inii de nituit automat\" srcset=\"https:\/\/swoer.com\/wp-content\/uploads\/2024\/04\/automatic-riveting-machine-application-field.webp 553w, https:\/\/swoer.com\/wp-content\/uploads\/2024\/04\/automatic-riveting-machine-application-field-300x115.webp 300w\" sizes=\"(max-width: 553px) 100vw, 553px\" \/>\t\t\t\t\t\t\n\t\t\t\t\t<\/div>\n\t\t\t\t\t\t\t\t\n<style>\n#image_1820230358 {\n  width: 100%;\n}\n<\/style>\n\t<\/div>\n\t\n\t\t<\/div>\n\n\t\t\n<style>\n#section_439500930 {\n  padding-top: 30px;\n  padding-bottom: 30px;\n}\n#section_439500930 .ux-shape-divider--top svg {\n  height: 150px;\n  --divider-top-width: 100%;\n}\n#section_439500930 .ux-shape-divider--bottom svg {\n  height: 150px;\n  --divider-width: 100%;\n}\n<\/style>\n\t<\/section>","protected":false},"excerpt":{"rendered":"","protected":false},"author":1,"featured_media":0,"parent":0,"menu_order":0,"comment_status":"closed","ping_status":"closed","template":"","meta":{"footnotes":""},"yoast_head":"<!-- This site is optimized with the Yoast SEO plugin v22.2 - https:\/\/yoast.com\/wordpress\/plugins\/seo\/ -->\n<title>Auto Screw Feeder Machine - SWOER<\/title>\n<meta name=\"description\" content=\"Swoer is a professional manufacturer of auto screw feeder machine.\" \/>\n<meta name=\"robots\" content=\"index, follow, max-snippet:-1, max-image-preview:large, max-video-preview:-1\" \/>\n<link rel=\"canonical\" href=\"https:\/\/swoer.com\/ro\/automatic-rivet-machine\/\" \/>\n<meta property=\"og:locale\" content=\"ro_RO\" \/>\n<meta property=\"og:type\" content=\"article\" \/>\n<meta property=\"og:title\" content=\"Auto Screw Feeder Machine - SWOER\" \/>\n<meta property=\"og:description\" content=\"Swoer is a professional manufacturer of auto screw feeder machine.\" \/>\n<meta property=\"og:url\" content=\"https:\/\/swoer.com\/ro\/automatic-rivet-machine\/\" \/>\n<meta property=\"og:site_name\" content=\"SWOER\" \/>\n<meta property=\"article:modified_time\" content=\"2024-12-02T09:21:30+00:00\" \/>\n<meta name=\"twitter:card\" content=\"summary_large_image\" \/>\n<meta name=\"twitter:label1\" content=\"Timp estimat pentru citire\" \/>\n\t<meta name=\"twitter:data1\" content=\"5 minute\" \/>\n<script type=\"application\/ld+json\" class=\"yoast-schema-graph\">{\"@context\":\"https:\/\/schema.org\",\"@graph\":[{\"@type\":\"WebPage\",\"@id\":\"https:\/\/swoer.com\/automatic-rivet-machine\/\",\"url\":\"https:\/\/swoer.com\/automatic-rivet-machine\/\",\"name\":\"Auto Screw Feeder Machine - SWOER\",\"isPartOf\":{\"@id\":\"https:\/\/swoer.com\/#website\"},\"datePublished\":\"2024-04-02T07:05:58+00:00\",\"dateModified\":\"2024-12-02T09:21:30+00:00\",\"description\":\"Swoer is a professional manufacturer of auto screw feeder machine.\",\"breadcrumb\":{\"@id\":\"https:\/\/swoer.com\/automatic-rivet-machine\/#breadcrumb\"},\"inLanguage\":\"ro-RO\",\"potentialAction\":[{\"@type\":\"ReadAction\",\"target\":[\"https:\/\/swoer.com\/automatic-rivet-machine\/\"]}]},{\"@type\":\"BreadcrumbList\",\"@id\":\"https:\/\/swoer.com\/automatic-rivet-machine\/#breadcrumb\",\"itemListElement\":[{\"@type\":\"ListItem\",\"position\":1,\"name\":\"Home\",\"item\":\"https:\/\/swoer.com\/\"},{\"@type\":\"ListItem\",\"position\":2,\"name\":\"Auto Screw Feeder Machine\"}]},{\"@type\":\"WebSite\",\"@id\":\"https:\/\/swoer.com\/#website\",\"url\":\"https:\/\/swoer.com\/\",\"name\":\"SWOER\",\"description\":\"Swoer is the top 3 vibratory bowl feeder manufacturer in China\",\"potentialAction\":[{\"@type\":\"SearchAction\",\"target\":{\"@type\":\"EntryPoint\",\"urlTemplate\":\"https:\/\/swoer.com\/?s={search_term_string}\"},\"query-input\":\"required name=search_term_string\"}],\"inLanguage\":\"ro-RO\"}]}<\/script>\n<!-- \/ Yoast SEO plugin. -->","yoast_head_json":{"title":"Auto Screw Feeder Machine - SWOER","description":"Swoer is a professional manufacturer of auto screw feeder machine.","robots":{"index":"index","follow":"follow","max-snippet":"max-snippet:-1","max-image-preview":"max-image-preview:large","max-video-preview":"max-video-preview:-1"},"canonical":"https:\/\/swoer.com\/ro\/automatic-rivet-machine\/","og_locale":"ro_RO","og_type":"article","og_title":"Auto Screw Feeder Machine - SWOER","og_description":"Swoer is a professional manufacturer of auto screw feeder machine.","og_url":"https:\/\/swoer.com\/ro\/automatic-rivet-machine\/","og_site_name":"SWOER","article_modified_time":"2024-12-02T09:21:30+00:00","twitter_card":"summary_large_image","twitter_misc":{"Timp estimat pentru citire":"5 minute"},"schema":{"@context":"https:\/\/schema.org","@graph":[{"@type":"WebPage","@id":"https:\/\/swoer.com\/automatic-rivet-machine\/","url":"https:\/\/swoer.com\/automatic-rivet-machine\/","name":"Auto Screw Feeder Machine - SWOER","isPartOf":{"@id":"https:\/\/swoer.com\/#website"},"datePublished":"2024-04-02T07:05:58+00:00","dateModified":"2024-12-02T09:21:30+00:00","description":"Swoer is a professional manufacturer of auto screw feeder machine.","breadcrumb":{"@id":"https:\/\/swoer.com\/automatic-rivet-machine\/#breadcrumb"},"inLanguage":"ro-RO","potentialAction":[{"@type":"ReadAction","target":["https:\/\/swoer.com\/automatic-rivet-machine\/"]}]},{"@type":"BreadcrumbList","@id":"https:\/\/swoer.com\/automatic-rivet-machine\/#breadcrumb","itemListElement":[{"@type":"ListItem","position":1,"name":"Home","item":"https:\/\/swoer.com\/"},{"@type":"ListItem","position":2,"name":"Auto Screw Feeder Machine"}]},{"@type":"WebSite","@id":"https:\/\/swoer.com\/#website","url":"https:\/\/swoer.com\/","name":"SWOER","description":"Swoer is the top 3 vibratory bowl feeder manufacturer in China","potentialAction":[{"@type":"SearchAction","target":{"@type":"EntryPoint","urlTemplate":"https:\/\/swoer.com\/?s={search_term_string}"},"query-input":"required name=search_term_string"}],"inLanguage":"ro-RO"}]}},"_links":{"self":[{"href":"https:\/\/swoer.com\/ro\/wp-json\/wp\/v2\/pages\/1823"}],"collection":[{"href":"https:\/\/swoer.com\/ro\/wp-json\/wp\/v2\/pages"}],"about":[{"href":"https:\/\/swoer.com\/ro\/wp-json\/wp\/v2\/types\/page"}],"author":[{"embeddable":true,"href":"https:\/\/swoer.com\/ro\/wp-json\/wp\/v2\/users\/1"}],"replies":[{"embeddable":true,"href":"https:\/\/swoer.com\/ro\/wp-json\/wp\/v2\/comments?post=1823"}],"version-history":[{"count":15,"href":"https:\/\/swoer.com\/ro\/wp-json\/wp\/v2\/pages\/1823\/revisions"}],"predecessor-version":[{"id":2952,"href":"https:\/\/swoer.com\/ro\/wp-json\/wp\/v2\/pages\/1823\/revisions\/2952"}],"wp:attachment":[{"href":"https:\/\/swoer.com\/ro\/wp-json\/wp\/v2\/media?parent=1823"}],"curies":[{"name":"wp","href":"https:\/\/api.w.org\/{rel}","templated":true}]}}