{"id":3268,"date":"2025-04-02T10:32:36","date_gmt":"2025-04-02T02:32:36","guid":{"rendered":"https:\/\/swoer.com\/?post_type=product&#038;p=3268"},"modified":"2025-04-11T15:22:03","modified_gmt":"2025-04-11T07:22:03","slug":"vibratory-bowl-feeder-for-dust-seal-bowl-feeder-automation","status":"publish","type":"product","link":"https:\/\/swoer.com\/pt_br\/manufacturer\/vibratory-bowl-feeder-for-dust-seal-bowl-feeder-automation\/","title":{"rendered":"Alimentador de Tigela Vibrat\u00f3rio para Selagem de P\u00f3 | Automa\u00e7\u00e3o de Alimentador de Tigela"},"content":{"rendered":"<h2 data-start=\"0\" data-end=\"59\"><strong data-start=\"0\" data-end=\"57\">Alimentador vibrat\u00f3rio personalizado para automa\u00e7\u00e3o de veda\u00e7\u00e3o de poeira<\/strong><\/h2>\n<p class=\"\" data-start=\"61\" data-end=\"332\">Nosso alimentador vibrat\u00f3rio para veda\u00e7\u00f5es de p\u00f3 foi projetado para alimenta\u00e7\u00e3o precisa, est\u00e1vel e eficiente de pe\u00e7as em linhas de produ\u00e7\u00e3o automatizadas. Este alimentador \u00e9 totalmente personaliz\u00e1vel com base no tamanho, formato e material da sua veda\u00e7\u00e3o de p\u00f3, garantindo um posicionamento suave e consistente.<\/p>\n<h2 data-start=\"334\" data-end=\"378\"><strong data-start=\"338\" data-end=\"376\">Projetado para suas necessidades de produ\u00e7\u00e3o<\/strong><\/h2>\n<p class=\"\" data-start=\"379\" data-end=\"695\">Na SWOER, sabemos que cada processo de produ\u00e7\u00e3o \u00e9 diferente. Por isso, oferecemos projetos personalizados para atender \u00e0s suas necessidades exatas, desde o tamanho do recipiente e o layout da esteira at\u00e9 a escolha do material. Sejam suas veda\u00e7\u00f5es contra poeira fr\u00e1geis, com formato irregular ou que precisem de manuseio cuidadoso, garantimos uma opera\u00e7\u00e3o suave com desgaste m\u00ednimo das pe\u00e7as.<\/p>\n<h2 data-start=\"697\" data-end=\"730\"><strong data-start=\"701\" data-end=\"728\">Alimenta\u00e7\u00e3o r\u00e1pida e confi\u00e1vel<\/strong><\/h2>\n<p class=\"\" data-start=\"731\" data-end=\"1005\">Fabricados em a\u00e7o inoxid\u00e1vel de alta qualidade com revestimentos dur\u00e1veis, nossos alimentadores vibrat\u00f3rios de tigela oferecem desempenho duradouro. O sistema otimizado de controle de vibra\u00e7\u00e3o mant\u00e9m as pe\u00e7as fluindo de forma constante em altas velocidades, aumentando a efici\u00eancia da produ\u00e7\u00e3o e reduzindo o tempo de inatividade.<\/p>\n<h2 data-start=\"1007\" data-end=\"1057\"><strong data-start=\"1011\" data-end=\"1055\">F\u00e1cil integra\u00e7\u00e3o com sistemas de automa\u00e7\u00e3o<\/strong><\/h2>\n<p class=\"\" data-start=\"1058\" data-end=\"1339\">Nossos alimentadores funcionam perfeitamente com sistemas rob\u00f3ticos de coleta e coloca\u00e7\u00e3o, inspe\u00e7\u00e3o de vis\u00e3o e outras configura\u00e7\u00f5es de automa\u00e7\u00e3o, tornando-os ideais para o setor automotivo.<strong data-start=\"1197\" data-end=\"1248\">, <\/strong>ind\u00fastrias eletr\u00f4nicas e de veda\u00e7\u00e3o. Oferecemos<strong data-start=\"1259\" data-end=\"1285\"> personaliza\u00e7\u00e3o completa<\/strong> para se adaptar perfeitamente \u00e0 sua linha de produ\u00e7\u00e3o existente.<\/p>\n<p class=\"\" data-start=\"1341\" data-end=\"1448\">Precisa de um alimentador vibrat\u00f3rio personalizado para veda\u00e7\u00f5es de poeira? Entre em contato com a SWOER hoje mesmo para discutir suas necessidades espec\u00edficas!<\/p>\n\n<div class=\"wpcf7 no-js\" id=\"wpcf7-f280-o1\" lang=\"en-US\" dir=\"ltr\">\n<div class=\"screen-reader-response\"><p role=\"status\" aria-live=\"polite\" aria-atomic=\"true\"><\/p> <ul><\/ul><\/div>\n<form action=\"\/pt_br\/wp-json\/wp\/v2\/product\/3268#wpcf7-f280-o1\" method=\"post\" class=\"wpcf7-form init\" aria-label=\"Formul\u00e1rio de contato\" novalidate=\"novalidate\" data-status=\"init\" data-trp-original-action=\"\/pt_br\/wp-json\/wp\/v2\/product\/3268#wpcf7-f280-o1\">\n<div style=\"display: none;\">\n<input type=\"hidden\" name=\"_wpcf7\" value=\"280\" \/>\n<input type=\"hidden\" name=\"_wpcf7_version\" value=\"5.9.2\" \/>\n<input type=\"hidden\" name=\"_wpcf7_locale\" value=\"en_US\" \/>\n<input type=\"hidden\" name=\"_wpcf7_unit_tag\" value=\"wpcf7-f280-o1\" \/>\n<input type=\"hidden\" name=\"_wpcf7_container_post\" value=\"0\" \/>\n<input type=\"hidden\" name=\"_wpcf7_posted_data_hash\" value=\"\" \/>\n<\/div>\n<div class='custom_contact_style'>\n\t<div class=\"row row-small\">\n\t\t<div class=\"col medium-6 small-12 large-6\">\n\t\t\t<div class=\"col-inner\">\n\t\t\t\t<p><span class=\"wpcf7-form-control-wrap\" data-name=\"your-name\"><input size=\"40\" class=\"wpcf7-form-control wpcf7-text wpcf7-validates-as-required\" aria-required=\"true\" aria-invalid=\"false\" placeholder=\"Nome*\" value=\"\" type=\"text\" name=\"your-name\" \/><\/span>\n\t\t\t\t<\/p>\n\t\t\t<\/div>\n\t\t<\/div>\n\t\t<div class=\"col medium-6 small-12 large-6\">\n\t\t\t<div class=\"col-inner\">\n\t\t\t\t<p><span class=\"wpcf7-form-control-wrap\" data-name=\"your-email\"><input size=\"40\" class=\"wpcf7-form-control wpcf7-email wpcf7-validates-as-required wpcf7-text wpcf7-validates-as-email\" aria-required=\"true\" aria-invalid=\"false\" placeholder=\"E-mail*\" value=\"\" type=\"email\" name=\"your-email\" \/><\/span>\n\t\t\t\t<\/p>\n\t\t\t<\/div>\n\t\t<\/div>\n\t<\/div>\n\t<div class='cus_contact_form_bottom'>\n\t\t<p><span class=\"wpcf7-form-control-wrap\" data-name=\"your-phone\"><input size=\"40\" class=\"wpcf7-form-control wpcf7-text\" aria-invalid=\"false\" placeholder=\"Telefone\" value=\"\" type=\"text\" name=\"your-phone\" \/><\/span>\n\t\t<\/p>\n\t<\/div>\n\t<div class='cus_contact_form_bottom'>\n\t\t<p><span class=\"wpcf7-form-control-wrap\" data-name=\"your-country\"><input size=\"40\" class=\"wpcf7-form-control wpcf7-text\" aria-invalid=\"false\" placeholder=\"Pa\u00eds\" value=\"\" type=\"text\" name=\"your-country\" \/><\/span>\n\t\t<\/p>\n\t<\/div>\n\t<p><span class=\"wpcf7-form-control-wrap\" data-name=\"your-message\"><textarea cols=\"40\" rows=\"10\" class=\"wpcf7-form-control wpcf7-textarea wpcf7-validates-as-required\" aria-required=\"true\" aria-invalid=\"false\" placeholder=\"Sua mensagem *\" name=\"your-message\"><\/textarea><\/span>\n\t<\/p>\n\t<div style=\"margin-bottom:10px;\">\n\t\t<p><span class=\"wpcf7-form-control-wrap kc_captcha cf7ic-toggle\" data-name=\"kc_captcha\"><span class=\"wpcf7-form-control wpcf7-radio\"><span class=\"captcha-image\" style=\"display: none;\"><span class=\"cf7ic_instructions\">Por favor, prove que voc\u00ea \u00e9 humano selecionando<span> truck<\/span>.<\/span><label><input aria-label=\"1\" type=\"radio\" name=\"kc_captcha\" value=\"bot\" \/><svg aria-hidden=\"true\" role=\"img\" xmlns=\"http:\/\/www.w3.org\/2000\/svg\" viewbox=\"0 0 576 512\"><path fill=\"currentColor\" d=\"M415 24c-53 0-103 42-127 65-24-23-74-65-127-65C70 24 16 77 16 166c0 72 67 133 69 135l187 181c9 8 23 8 32 0l187-180c2-3 69-64 69-136 0-89-54-142-145-142z\"\/><\/svg><\/label><label><input aria-label=\"2\" type=\"radio\" name=\"kc_captcha\" value=\"kc_human\" \/><svg aria-hidden=\"true\" role=\"img\" xmlns=\"http:\/\/www.w3.org\/2000\/svg\" viewbox=\"0 0 640 512\"><path fill=\"currentColor\" d=\"M624 352h-16V244c0-13-5-25-14-34L494 110c-9-9-21-14-34-14h-44V48c0-26-21-48-48-48H48C22 0 0 22 0 48v320c0 27 22 48 48 48h16a96 96 0 00192 0h128a96 96 0 00192 0h48c9 0 16-7 16-16v-32c0-9-7-16-16-16zM160 464a48 48 0 110-96 48 48 0 010 96zm320 0a48 48 0 110-96 48 48 0 010 96zm80-208H416V144h44l100 100v12z\"\/><\/svg><\/label><label><input aria-label=\"3\" type=\"radio\" name=\"kc_captcha\" value=\"bot\" \/><svg aria-hidden=\"true\" role=\"img\" xmlns=\"http:\/\/www.w3.org\/2000\/svg\" viewbox=\"0 0 384 512\"><path fill=\"currentColor\" d=\"M377 375l-83-87h34c21 0 32-25 17-40l-82-88h33c21 0 32-25 18-40L210 8c-10-11-26-11-36 0L70 120c-14 15-3 40 18 40h33l-82 88c-15 15-4 40 17 40h34L7 375c-15 16-4 41 17 41h120c0 33-11 49-34 68-12 9-5 28 10 28h144c15 0 22-19 10-28-20-16-34-32-34-68h120c21 0 32-25 17-41z\"\/><\/svg><\/label>\r\n    <\/span>\r\n    <span style=\"display:none\">\r\n        <input type=\"text\" name=\"kc_honeypot\">\r\n    <\/span><\/span><\/span>\n\t\t<\/p>\n\t<\/div>\n\t<p><input class=\"wpcf7-form-control wpcf7-submit has-spinner\" type=\"submit\" value=\"Enviar mensagem\" \/>\n\t<\/p>\n<\/div><div class=\"wpcf7-response-output\" aria-hidden=\"true\"><\/div>\n<input type=\"hidden\" name=\"trp-form-language\" value=\"pt_br\"\/><\/form>\n<\/div>","protected":false},"excerpt":{"rendered":"<p>Alimentador de tigela automatizado para manuseio de selo de poeira.<\/p>\n<p>Alimentador vibrat\u00f3rio de alta efici\u00eancia para veda\u00e7\u00f5es de poeira.<\/p>","protected":false},"featured_media":3269,"comment_status":"open","ping_status":"closed","template":"","meta":[],"product_cat":[37],"product_tag":[],"yoast_head":"<!-- This site is optimized with the Yoast SEO plugin v22.2 - https:\/\/yoast.com\/wordpress\/plugins\/seo\/ -->\n<title>Vibratory Bowl Feeder for Dust Seal | Bowl Feeder Automation - SWOER<\/title>\n<meta name=\"description\" content=\"Precision-engineered vibratory bowl feeder for dust seals. Reliable automation ensures smooth part feeding, enhancing manufacturing process efficiency.\" \/>\n<meta name=\"robots\" content=\"index, follow, max-snippet:-1, max-image-preview:large, max-video-preview:-1\" \/>\n<link rel=\"canonical\" href=\"https:\/\/swoer.com\/pt_br\/manufacturer\/vibratory-bowl-feeder-for-dust-seal-bowl-feeder-automation\/\" \/>\n<meta property=\"og:locale\" content=\"pt_BR\" \/>\n<meta property=\"og:type\" content=\"article\" \/>\n<meta property=\"og:title\" content=\"Vibratory Bowl Feeder for Dust Seal | Bowl Feeder Automation - SWOER\" \/>\n<meta property=\"og:description\" content=\"Precision-engineered vibratory bowl feeder for dust seals. Reliable automation ensures smooth part feeding, enhancing manufacturing process efficiency.\" \/>\n<meta property=\"og:url\" content=\"https:\/\/swoer.com\/pt_br\/manufacturer\/vibratory-bowl-feeder-for-dust-seal-bowl-feeder-automation\/\" \/>\n<meta property=\"og:site_name\" content=\"SWOER\" \/>\n<meta property=\"article:modified_time\" content=\"2025-04-11T07:22:03+00:00\" \/>\n<meta property=\"og:image\" content=\"https:\/\/swoer.com\/wp-content\/uploads\/2025\/04\/vibratory-bowl-feeder-for-dust-seal.webp\" \/>\n\t<meta property=\"og:image:width\" content=\"1000\" \/>\n\t<meta property=\"og:image:height\" content=\"1000\" \/>\n\t<meta property=\"og:image:type\" content=\"image\/webp\" \/>\n<meta name=\"twitter:card\" content=\"summary_large_image\" \/>\n<meta name=\"twitter:label1\" content=\"Est. tempo de leitura\" \/>\n\t<meta name=\"twitter:data1\" content=\"2 minutos\" \/>\n<script type=\"application\/ld+json\" class=\"yoast-schema-graph\">{\"@context\":\"https:\/\/schema.org\",\"@graph\":[{\"@type\":\"WebPage\",\"@id\":\"https:\/\/swoer.com\/manufacturer\/vibratory-bowl-feeder-for-dust-seal-bowl-feeder-automation\/\",\"url\":\"https:\/\/swoer.com\/manufacturer\/vibratory-bowl-feeder-for-dust-seal-bowl-feeder-automation\/\",\"name\":\"Vibratory Bowl Feeder for Dust Seal | Bowl Feeder Automation - SWOER\",\"isPartOf\":{\"@id\":\"https:\/\/swoer.com\/#website\"},\"primaryImageOfPage\":{\"@id\":\"https:\/\/swoer.com\/manufacturer\/vibratory-bowl-feeder-for-dust-seal-bowl-feeder-automation\/#primaryimage\"},\"image\":{\"@id\":\"https:\/\/swoer.com\/manufacturer\/vibratory-bowl-feeder-for-dust-seal-bowl-feeder-automation\/#primaryimage\"},\"thumbnailUrl\":\"https:\/\/swoer.com\/wp-content\/uploads\/2025\/04\/vibratory-bowl-feeder-for-dust-seal.webp\",\"datePublished\":\"2025-04-02T02:32:36+00:00\",\"dateModified\":\"2025-04-11T07:22:03+00:00\",\"description\":\"Precision-engineered vibratory bowl feeder for dust seals. Reliable automation ensures smooth part feeding, enhancing manufacturing process efficiency.\",\"breadcrumb\":{\"@id\":\"https:\/\/swoer.com\/manufacturer\/vibratory-bowl-feeder-for-dust-seal-bowl-feeder-automation\/#breadcrumb\"},\"inLanguage\":\"pt-BR\",\"potentialAction\":[{\"@type\":\"ReadAction\",\"target\":[\"https:\/\/swoer.com\/manufacturer\/vibratory-bowl-feeder-for-dust-seal-bowl-feeder-automation\/\"]}]},{\"@type\":\"ImageObject\",\"inLanguage\":\"pt-BR\",\"@id\":\"https:\/\/swoer.com\/manufacturer\/vibratory-bowl-feeder-for-dust-seal-bowl-feeder-automation\/#primaryimage\",\"url\":\"https:\/\/swoer.com\/wp-content\/uploads\/2025\/04\/vibratory-bowl-feeder-for-dust-seal.webp\",\"contentUrl\":\"https:\/\/swoer.com\/wp-content\/uploads\/2025\/04\/vibratory-bowl-feeder-for-dust-seal.webp\",\"width\":1000,\"height\":1000,\"caption\":\"vibratory bowl feeder for dust seal\"},{\"@type\":\"BreadcrumbList\",\"@id\":\"https:\/\/swoer.com\/manufacturer\/vibratory-bowl-feeder-for-dust-seal-bowl-feeder-automation\/#breadcrumb\",\"itemListElement\":[{\"@type\":\"ListItem\",\"position\":1,\"name\":\"Home\",\"item\":\"https:\/\/swoer.com\/\"},{\"@type\":\"ListItem\",\"position\":2,\"name\":\"Shop\",\"item\":\"https:\/\/swoer.com\/shop\/\"},{\"@type\":\"ListItem\",\"position\":3,\"name\":\"Vibratory Bowl Feeder for Dust Seal | Bowl Feeder Automation\"}]},{\"@type\":\"WebSite\",\"@id\":\"https:\/\/swoer.com\/#website\",\"url\":\"https:\/\/swoer.com\/\",\"name\":\"SWOER\",\"description\":\"Swoer is the top 3 vibratory bowl feeder manufacturer in China\",\"potentialAction\":[{\"@type\":\"SearchAction\",\"target\":{\"@type\":\"EntryPoint\",\"urlTemplate\":\"https:\/\/swoer.com\/?s={search_term_string}\"},\"query-input\":\"required name=search_term_string\"}],\"inLanguage\":\"pt-BR\"}]}<\/script>\n<!-- \/ Yoast SEO plugin. -->","yoast_head_json":{"title":"Vibratory Bowl Feeder for Dust Seal | Bowl Feeder Automation - SWOER","description":"Precision-engineered vibratory bowl feeder for dust seals. Reliable automation ensures smooth part feeding, enhancing manufacturing process efficiency.","robots":{"index":"index","follow":"follow","max-snippet":"max-snippet:-1","max-image-preview":"max-image-preview:large","max-video-preview":"max-video-preview:-1"},"canonical":"https:\/\/swoer.com\/pt_br\/manufacturer\/vibratory-bowl-feeder-for-dust-seal-bowl-feeder-automation\/","og_locale":"pt_BR","og_type":"article","og_title":"Vibratory Bowl Feeder for Dust Seal | Bowl Feeder Automation - SWOER","og_description":"Precision-engineered vibratory bowl feeder for dust seals. Reliable automation ensures smooth part feeding, enhancing manufacturing process efficiency.","og_url":"https:\/\/swoer.com\/pt_br\/manufacturer\/vibratory-bowl-feeder-for-dust-seal-bowl-feeder-automation\/","og_site_name":"SWOER","article_modified_time":"2025-04-11T07:22:03+00:00","og_image":[{"width":1000,"height":1000,"url":"https:\/\/swoer.com\/wp-content\/uploads\/2025\/04\/vibratory-bowl-feeder-for-dust-seal.webp","type":"image\/webp"}],"twitter_card":"summary_large_image","twitter_misc":{"Est. tempo de leitura":"2 minutos"},"schema":{"@context":"https:\/\/schema.org","@graph":[{"@type":"WebPage","@id":"https:\/\/swoer.com\/manufacturer\/vibratory-bowl-feeder-for-dust-seal-bowl-feeder-automation\/","url":"https:\/\/swoer.com\/manufacturer\/vibratory-bowl-feeder-for-dust-seal-bowl-feeder-automation\/","name":"Vibratory Bowl Feeder for Dust Seal | Bowl Feeder Automation - SWOER","isPartOf":{"@id":"https:\/\/swoer.com\/#website"},"primaryImageOfPage":{"@id":"https:\/\/swoer.com\/manufacturer\/vibratory-bowl-feeder-for-dust-seal-bowl-feeder-automation\/#primaryimage"},"image":{"@id":"https:\/\/swoer.com\/manufacturer\/vibratory-bowl-feeder-for-dust-seal-bowl-feeder-automation\/#primaryimage"},"thumbnailUrl":"https:\/\/swoer.com\/wp-content\/uploads\/2025\/04\/vibratory-bowl-feeder-for-dust-seal.webp","datePublished":"2025-04-02T02:32:36+00:00","dateModified":"2025-04-11T07:22:03+00:00","description":"Precision-engineered vibratory bowl feeder for dust seals. Reliable automation ensures smooth part feeding, enhancing manufacturing process efficiency.","breadcrumb":{"@id":"https:\/\/swoer.com\/manufacturer\/vibratory-bowl-feeder-for-dust-seal-bowl-feeder-automation\/#breadcrumb"},"inLanguage":"pt-BR","potentialAction":[{"@type":"ReadAction","target":["https:\/\/swoer.com\/manufacturer\/vibratory-bowl-feeder-for-dust-seal-bowl-feeder-automation\/"]}]},{"@type":"ImageObject","inLanguage":"pt-BR","@id":"https:\/\/swoer.com\/manufacturer\/vibratory-bowl-feeder-for-dust-seal-bowl-feeder-automation\/#primaryimage","url":"https:\/\/swoer.com\/wp-content\/uploads\/2025\/04\/vibratory-bowl-feeder-for-dust-seal.webp","contentUrl":"https:\/\/swoer.com\/wp-content\/uploads\/2025\/04\/vibratory-bowl-feeder-for-dust-seal.webp","width":1000,"height":1000,"caption":"vibratory bowl feeder for dust seal"},{"@type":"BreadcrumbList","@id":"https:\/\/swoer.com\/manufacturer\/vibratory-bowl-feeder-for-dust-seal-bowl-feeder-automation\/#breadcrumb","itemListElement":[{"@type":"ListItem","position":1,"name":"Home","item":"https:\/\/swoer.com\/"},{"@type":"ListItem","position":2,"name":"Shop","item":"https:\/\/swoer.com\/shop\/"},{"@type":"ListItem","position":3,"name":"Vibratory Bowl Feeder for Dust Seal | Bowl Feeder Automation"}]},{"@type":"WebSite","@id":"https:\/\/swoer.com\/#website","url":"https:\/\/swoer.com\/","name":"SWOER","description":"Swoer is the top 3 vibratory bowl feeder manufacturer in China","potentialAction":[{"@type":"SearchAction","target":{"@type":"EntryPoint","urlTemplate":"https:\/\/swoer.com\/?s={search_term_string}"},"query-input":"required name=search_term_string"}],"inLanguage":"pt-BR"}]}},"_links":{"self":[{"href":"https:\/\/swoer.com\/pt_br\/wp-json\/wp\/v2\/product\/3268"}],"collection":[{"href":"https:\/\/swoer.com\/pt_br\/wp-json\/wp\/v2\/product"}],"about":[{"href":"https:\/\/swoer.com\/pt_br\/wp-json\/wp\/v2\/types\/product"}],"replies":[{"embeddable":true,"href":"https:\/\/swoer.com\/pt_br\/wp-json\/wp\/v2\/comments?post=3268"}],"wp:featuredmedia":[{"embeddable":true,"href":"https:\/\/swoer.com\/pt_br\/wp-json\/wp\/v2\/media\/3269"}],"wp:attachment":[{"href":"https:\/\/swoer.com\/pt_br\/wp-json\/wp\/v2\/media?parent=3268"}],"wp:term":[{"taxonomy":"product_cat","embeddable":true,"href":"https:\/\/swoer.com\/pt_br\/wp-json\/wp\/v2\/product_cat?post=3268"},{"taxonomy":"product_tag","embeddable":true,"href":"https:\/\/swoer.com\/pt_br\/wp-json\/wp\/v2\/product_tag?post=3268"}],"curies":[{"name":"wp","href":"https:\/\/api.w.org\/{rel}","templated":true}]}}